{"id":17364,"date":"2022-11-04T15:41:30","date_gmt":"2022-11-04T14:41:30","guid":{"rendered":"https:\/\/sagaciresearch.com\/notre-presence\/etudes-de-marche-en-afrique-du-sud\/"},"modified":"2024-02-15T11:21:55","modified_gmt":"2024-02-15T10:21:55","slug":"etudes-de-marche-en-afrique-du-sud","status":"publish","type":"page","link":"https:\/\/sagaciresearch.com\/fr\/notre-presence\/etudes-de-marche-en-afrique-du-sud\/","title":{"rendered":"\u00c9tudes de march\u00e9 en Afrique du Sud."},"content":{"rendered":"<p>[vc_row][vc_column width=\u00a0\u00bb1\/2&Prime; css=\u00a0\u00bb.vc_custom_1614249031381{padding-top: 30px !important;padding-right: 30px !important;padding-bottom: 30px !important;padding-left: 30px !important;}\u00a0\u00bb][vc_column_text]<\/p>\n<h2><strong>\u00c9tudes de march\u00e9 en Afrique du Sud.<\/strong><\/h2>\n<p><span style=\"font-weight: 400;\">L&rsquo;\u00e9conomie sud-africaine se remet lentement de l&rsquo;impact de la pand\u00e9mie de COVID-19 et a progress\u00e9 pour atteindre 1,9 % en 2022. Autre bonne nouvelle : au premier semestre 2022, la croissance de l&#8217;emploi a augment\u00e9. D\u00e9couvrez d\u00e8s maintenant comment votre entreprise peut tirer profit de la r\u00e9alisation d&rsquo;\u00e9tudes de march\u00e9 en Afrique du Sud.<\/span>[\/vc_column_text][vc_btn title=\u00a0\u00bbNous contacter\u00a0\u00bb color=\u00a0\u00bborange\u00a0\u00bb link=\u00a0\u00bburl:%2Fcontact%2F%3Fshow%3Dcontact%26source%3DSagaBrand%2520Contact|title:Contact%20us\u00a0\u00bb el_class=\u00a0\u00bbmarketresearchbutton\u00a0\u00bb][\/vc_column][vc_column width=\u00a0\u00bb1\/2&Prime; css=\u00a0\u00bb.vc_custom_1655804674483{padding-top: 20px !important;padding-right: 20px !important;padding-left: 20px !important;}\u00a0\u00bb][vc_single_image image=\u00a0\u00bb13852&Prime; img_size=\u00a0\u00bb400&#215;400&Prime; alignment=\u00a0\u00bbcenter\u00a0\u00bb css_animation=\u00a0\u00bbfadeIn\u00a0\u00bb][\/vc_column][\/vc_row][vc_row full_width=\u00a0\u00bbstretch_row\u00a0\u00bb css=\u00a0\u00bb.vc_custom_1655372764432{border-bottom-width: 20px !important;padding-top: 20px !important;background-color: #ededa1 !important;}\u00a0\u00bb el_class=\u00a0\u00bbgradient\u00a0\u00bb][vc_column width=\u00a0\u00bb1\/2&Prime; css=\u00a0\u00bb.vc_custom_1614249031381{padding-top: 30px !important;padding-right: 30px !important;padding-bottom: 30px !important;padding-left: 30px !important;}\u00a0\u00bb][vc_single_image image=\u00a0\u00bb14946&Prime; img_size=\u00a0\u00bb400&#215;400&Prime; alignment=\u00a0\u00bbcenter\u00a0\u00bb style=\u00a0\u00bbvc_box_circle_2&Prime;][\/vc_column][vc_column width=\u00a0\u00bb1\/2&Prime;][vc_empty_space][vc_column_text]<\/p>\n<h2><strong>A propos de l&rsquo;Afrique du Sud.<\/strong><\/h2>\n<p><span style=\"font-weight: 400;\">L&rsquo;Afrique du Sud est situ\u00e9e \u00e0 l&rsquo;extr\u00e9mit\u00e9 sud du continent africain et poss\u00e8de un petit archipel subatlantique, les \u00eeles Prince Edwards. Le pays a une \u00e9conomie mixte, ce qui signifie qu&rsquo;il existe une libert\u00e9 priv\u00e9e, une planification \u00e9conomique centralis\u00e9e et une r\u00e9glementation gouvernementale. En outre, l&rsquo;Afrique du Sud est connue pour sa topographie vari\u00e9e, sa beaut\u00e9 naturelle \u00e0 couper le souffle et sa diversit\u00e9 culturelle, ce qui en fait une destination id\u00e9ale pour les voyageurs. La population du pays a augment\u00e9 en 2022 pour atteindre environ 60,6 millions d&rsquo;habitants. <\/span><\/p>\n<p><span style=\"font-weight: 400;\">En outre, la population est h\u00e9t\u00e9rog\u00e8ne puisqu&rsquo;elle se compose d&rsquo;Africains noirs et blancs et, par cons\u00e9quent, les citoyens parlent plusieurs langues en fonction de leur r\u00e9gion et de leur descendance. Ces langues sont l&rsquo;afrikaans, l&rsquo;anglais, le pedi, le ndebele, le sotho, le swati, le tsonga, le venda, le xhosa, le tswana et le zoulou. L&rsquo;acc\u00e8s de la population \u00e0 l&rsquo;internet via les t\u00e9l\u00e9phones mobiles a augment\u00e9 depuis 2021 pour atteindre 78,6 % en 2022. <\/span>[\/vc_column_text][\/vc_column][\/vc_row][vc_row css=\u00a0\u00bb.vc_custom_1655278436857{background-position: center !important;background-repeat: no-repeat !important;background-size: cover !important;}\u00a0\u00bb el_class=\u00a0\u00bbdownloadpdf\u00a0\u00bb][vc_column css=\u00a0\u00bb.vc_custom_1655278397607{background-color: #ffffff !important;}\u00a0\u00bb][vc_empty_space][vc_column_text]<\/p>\n<h2><strong>Pourquoi r\u00e9aliser une \u00e9tude de march\u00e9 en Afrique du Sud.<\/strong><\/h2>\n<p><span style=\"font-weight: 400;\"> L&rsquo;Afrique du Sud occupe une position forte en Afrique, car elle est membre du G20, ce qui lui offre des possibilit\u00e9s de d\u00e9veloppement commercial et lui permet d&rsquo;avoir un impact sur le commerce au-del\u00e0 de ses fronti\u00e8res. Cependant, l&rsquo;Afrique du Sud est toujours confront\u00e9e \u00e0 certains d\u00e9fis, notamment l&rsquo;inflation qui a atteint son niveau le plus \u00e9lev\u00e9 depuis 13 ans, ce qui a eu pour effet d&rsquo;accro\u00eetre la pauvret\u00e9 \u00e0 des niveaux que le pays n&rsquo;avait jamais connus auparavant.<\/span>[\/vc_column_text][vc_empty_space][\/vc_column][\/vc_row][vc_row full_width=\u00a0\u00bbstretch_row\u00a0\u00bb css=\u00a0\u00bb.vc_custom_1667572688176{background-image: url(https:\/\/sagaciresearch.com\/wp-content\/uploads\/2022\/11\/market-research-in-south-africa-1-scaled.jpg?id=14947) !important;background-position: center !important;background-repeat: no-repeat !important;background-size: cover !important;}\u00a0\u00bb][vc_column][vc_empty_space height=\u00a0\u00bb400px\u00a0\u00bb][\/vc_column][\/vc_row][vc_row css=\u00a0\u00bb.vc_custom_1655278436857{background-position: center !important;background-repeat: no-repeat !important;background-size: cover !important;}\u00a0\u00bb el_class=\u00a0\u00bbdownloadpdf\u00a0\u00bb][vc_column css=\u00a0\u00bb.vc_custom_1655278397607{background-color: #ffffff !important;}\u00a0\u00bb][vc_empty_space][vc_column_text]<\/p>\n<h2><strong>Donn\u00e9es repr\u00e9sentatives du march\u00e9<\/strong><\/h2>\n<p><span style=\"font-weight: 400;\">Si vous cherchez \u00e0 d\u00e9velopper votre entreprise en Afrique du Sud, nous pouvons vous aider \u00e0 tirer le meilleur parti de votre projet de recherche. Nous pouvons vous fournir les outils n\u00e9cessaires pour exploiter vos id\u00e9es et maximiser votre potentiel gr\u00e2ce \u00e0 nos m\u00e9thodes d&rsquo;\u00e9tude de march\u00e9. De plus, chez Sagaci Research, nous pouvons vous donner acc\u00e8s \u00e0 notre panel sur le terrain pour r\u00e9pondre \u00e0 vos questions et obtenir des informations pr\u00e9cieuses sur votre march\u00e9 cible. Voici quelques-unes des fa\u00e7ons dont nous pouvons vous aider \u00e0 r\u00e9aliser votre potentiel en Afrique du Sud. <\/span>[\/vc_column_text][vc_empty_space][\/vc_column][\/vc_row][vc_row full_width=\u00a0\u00bbstretch_row\u00a0\u00bb css=\u00a0\u00bb.vc_custom_1655372755822{padding-top: 47px !important;padding-bottom: 60px !important;background-color: #ededa1 !important;}\u00a0\u00bb el_class=\u00a0\u00bbgradient\u00a0\u00bb][vc_column][vc_custom_heading stm_title_font_weight=\u00a0\u00bb400&Prime; text=\u00a0\u00bbM\u00e9thodes d&rsquo;\u00e9tude de march\u00e9 en Afrique du Sud.\u00a0\u00bb font_container=\u00a0\u00bbtag:h2|text_align:center\u00a0\u00bb use_theme_fonts=\u00a0\u00bbyes\u00a0\u00bb][vc_row_inner equal_height=\u00a0\u00bbyes\u00a0\u00bb content_placement=\u00a0\u00bbmiddle\u00a0\u00bb gap=\u00a0\u00bb20&Prime; el_class=\u00a0\u00bbsquare\u00a0\u00bb][vc_column_inner width=\u00a0\u00bb1\/2&Prime; css=\u00a0\u00bb.vc_custom_1620309789350{background-color: #ffffff !important;}\u00a0\u00bb][stm_info_box align_center=\u00a0\u00bbyes\u00a0\u00bb style=\u00a0\u00bbstyle_2&Prime; title=\u00a0\u00bbPanel en ligne\u00a0\u00bb css=\u00a0\u00bb.vc_custom_1667572760422{padding-top: 10px !important;padding-right: 50px !important;padding-bottom: 10px !important;padding-left: 50px !important;}\u00a0\u00bb]<span style=\"font-weight: 400;\">Acc\u00e9dez \u00e0 votre march\u00e9 cible et obtenez les informations dont vous avez besoin dans un d\u00e9lai tr\u00e8s court gr\u00e2ce \u00e0 nos repr\u00e9sentants mobiles. <\/span><a href=\"https:\/\/sagaciresearch.com\/online-panel-south-africa\" target=\"_blank\" rel=\"noopener\"><span style=\"font-weight: 400;\">Cliquez ici pour plus d&rsquo;informations<\/span><\/a><span style=\"font-weight: 400;\">. <\/span> [\/stm_info_box][\/vc_column_inner][vc_column_inner width=\u00a0\u00bb1\/2&Prime; css=\u00a0\u00bb.vc_custom_1620309810456{background-color: #ffffff !important;}\u00a0\u00bb][stm_info_box align_center=\u00a0\u00bbyes\u00a0\u00bb style=\u00a0\u00bbstyle_2&Prime; title=\u00a0\u00bbSagaBrand\u00a0\u00bb css=\u00a0\u00bb.vc_custom_1655279582146{padding-top: 10px !important;padding-right: 50px !important;padding-bottom: 10px !important;padding-left: 50px !important;}\u00a0\u00bb]<span style=\"font-weight: 400;\">Suivez les performances de votre marque et transformez des informations pr\u00e9cieuses en r\u00e9sultats. Nous fournissons des rapports mensuels, trimestriels ou semestriels. Choisissez l&rsquo;option qui convient le mieux \u00e0 votre entreprise et commencez \u00e0 surveiller la sant\u00e9 de votre marque. <\/span><a href=\"https:\/\/sagaciresearch.com\/products\/sagabrand\/\" target=\"_blank\" rel=\"noopener\"><span style=\"font-weight: 400;\">D\u00e9couvrez les outils qui s&rsquo;offrent \u00e0 vous ici<\/span><\/a><span style=\"font-weight: 400;\">.<\/span>[\/stm_info_box][\/vc_column_inner][\/vc_row_inner][vc_row_inner equal_height=\u00a0\u00bbyes\u00a0\u00bb gap=\u00a0\u00bb20&Prime; el_class=\u00a0\u00bbsquare\u00a0\u00bb][vc_column_inner width=\u00a0\u00bb1\/2&Prime; css=\u00a0\u00bb.vc_custom_1620309927520{background-color: #ffffff !important;}\u00a0\u00bb][stm_info_box align_center=\u00a0\u00bbyes\u00a0\u00bb style=\u00a0\u00bbstyle_2&Prime; title=\u00a0\u00bbSagaCube\u00a0\u00bb css=\u00a0\u00bb.vc_custom_1655279551634{padding-top: 10px !important;padding-right: 50px !important;padding-bottom: 10px !important;padding-left: 50px !important;}\u00a0\u00bb]<span style=\"font-weight: 400;\">Acc\u00e9dez \u00e0 un rapport unique et approfondi sur les habitudes de consommation de vos consommateurs cibles. Choisissez parmi une liste de plus de 140 \u00e9l\u00e9ments dans le pays qui vous int\u00e9resse et t\u00e9l\u00e9chargez votre rapport d\u00e8s aujourd&rsquo;hui ! <\/span><a href=\"https:\/\/sagaciresearch.com\/products\/sagacube\/\" target=\"_blank\" rel=\"noopener\"><span style=\"font-weight: 400;\">Acc\u00e9der ici. <\/span><\/a>[\/stm_info_box][\/vc_column_inner][vc_column_inner width=\u00a0\u00bb1\/2&Prime; css=\u00a0\u00bb.vc_custom_1620309998812{background-color: #ffffff !important;}\u00a0\u00bb][stm_info_box align_center=\u00a0\u00bbyes\u00a0\u00bb style=\u00a0\u00bbstyle_2&Prime; title=\u00a0\u00bbSagaTracker\u00a0\u00bb css=\u00a0\u00bb.vc_custom_1655279542045{padding-top: 10px !important;padding-right: 50px !important;padding-bottom: 10px !important;padding-left: 50px !important;}\u00a0\u00bb]<span style=\"font-weight: 400;\">Obtenez des informations cl\u00e9s sur les canaux de distribution les plus efficaces pour vos produits. Acc\u00e9dez \u00e0 des mesures directes en fonction de vos besoins. <\/span><a href=\"https:\/\/sagaciresearch.com\/products\/sagatracker\/\" target=\"_blank\" rel=\"noopener\"><span style=\"font-weight: 400;\">Contactez nous ici<\/span><\/a><span style=\"font-weight: 400;\">.<\/span> [\/stm_info_box][\/vc_column_inner][\/vc_row_inner][\/vc_column][\/vc_row][vc_row][vc_column][vc_empty_space height=\u00a0\u00bb60px\u00a0\u00bb][\/vc_column][\/vc_row][vc_row][vc_column][vc_custom_heading stm_title_font_weight=\u00a0\u00bb400&Prime; text=\u00a0\u00bbEn savoir plus sur les \u00e9tudes syndiqu\u00e9es en Afrique du Sud\u00a0\u00bb font_container=\u00a0\u00bbtag:h3|text_align:center\u00a0\u00bb use_theme_fonts=\u00a0\u00bbyes\u00a0\u00bb][stm_news loop=\u00a0\u00bbsize:4|post_type:post|categories:145&Prime; posts_per_row=\u00a0\u00bb4&Prime;][\/vc_column][\/vc_row][vc_row][vc_column][vc_column_text][\/vc_column_text][\/vc_column][\/vc_row]<\/p>\n","protected":false},"excerpt":{"rendered":"<p>[vc_row][vc_column width=\u00a0\u00bb1\/2&Prime; css=\u00a0\u00bb.vc_custom_1614249031381{padding-top: 30px !important;padding-right: 30px !important;padding-bottom: 30px !important;padding-left: 30px !important;}\u00a0\u00bb][vc_column_text] \u00c9tudes de march\u00e9 en Afrique du Sud. L&rsquo;\u00e9conomie sud-africaine se remet lentement de l&rsquo;impact de la pand\u00e9mie de COVID-19 et a progress\u00e9 pour atteindre 1,9 % en 2022. Autre bonne nouvelle : au premier semestre 2022, la croissance de l&#8217;emploi a augment\u00e9. D\u00e9couvrez d\u00e8s<\/p>\n","protected":false},"author":6,"featured_media":0,"parent":16105,"menu_order":0,"comment_status":"closed","ping_status":"closed","template":"","meta":{"_acf_changed":false,"footnotes":""},"class_list":["post-17364","page","type-page","status-publish","hentry"],"acf":[],"yoast_head":"<!-- This site is optimized with the Yoast SEO plugin v27.2 - https:\/\/yoast.com\/product\/yoast-seo-wordpress\/ -->\n<title>\u00c9tudes de march\u00e9 en Afrique du Sud. - Sagaci Research<\/title>\n<meta name=\"description\" content=\"Avec Sagaci Research, vous aurez les cl\u00e9s pour comprendre la d\u00e9mographie lors de vos \u00e9tudes de march\u00e9 en Afrique du Sud.\" \/>\n<meta name=\"robots\" content=\"index, follow, max-snippet:-1, max-image-preview:large, max-video-preview:-1\" \/>\n<link rel=\"canonical\" href=\"https:\/\/sagaciresearch.com\/fr\/notre-presence\/etudes-de-marche-en-afrique-du-sud\/\" \/>\n<meta property=\"og:locale\" content=\"fr_FR\" \/>\n<meta property=\"og:type\" content=\"article\" \/>\n<meta property=\"og:title\" content=\"\u00c9tudes de march\u00e9 en Afrique du Sud. - Sagaci Research\" \/>\n<meta property=\"og:description\" content=\"Avec Sagaci Research, vous aurez les cl\u00e9s pour comprendre la d\u00e9mographie lors de vos \u00e9tudes de march\u00e9 en Afrique du Sud.\" \/>\n<meta property=\"og:url\" content=\"https:\/\/sagaciresearch.com\/fr\/notre-presence\/etudes-de-marche-en-afrique-du-sud\/\" \/>\n<meta property=\"og:site_name\" content=\"Sagaci Research\" \/>\n<meta property=\"article:modified_time\" content=\"2024-02-15T10:21:55+00:00\" \/>\n<meta name=\"twitter:card\" content=\"summary_large_image\" \/>\n<meta name=\"twitter:label1\" content=\"Dur\u00e9e de lecture estim\u00e9e\" \/>\n\t<meta name=\"twitter:data1\" content=\"4 minutes\" \/>\n<script type=\"application\/ld+json\" class=\"yoast-schema-graph\">{\"@context\":\"https:\/\/schema.org\",\"@graph\":[{\"@type\":\"WebPage\",\"@id\":\"https:\/\/sagaciresearch.com\/fr\/notre-presence\/etudes-de-marche-en-afrique-du-sud\/\",\"url\":\"https:\/\/sagaciresearch.com\/fr\/notre-presence\/etudes-de-marche-en-afrique-du-sud\/\",\"name\":\"\u00c9tudes de march\u00e9 en Afrique du Sud. - Sagaci Research\",\"isPartOf\":{\"@id\":\"https:\/\/sagaciresearch.com\/#website\"},\"datePublished\":\"2022-11-04T14:41:30+00:00\",\"dateModified\":\"2024-02-15T10:21:55+00:00\",\"description\":\"Avec Sagaci Research, vous aurez les cl\u00e9s pour comprendre la d\u00e9mographie lors de vos \u00e9tudes de march\u00e9 en Afrique du Sud.\",\"breadcrumb\":{\"@id\":\"https:\/\/sagaciresearch.com\/fr\/notre-presence\/etudes-de-marche-en-afrique-du-sud\/#breadcrumb\"},\"inLanguage\":\"fr-FR\",\"potentialAction\":[{\"@type\":\"ReadAction\",\"target\":[\"https:\/\/sagaciresearch.com\/fr\/notre-presence\/etudes-de-marche-en-afrique-du-sud\/\"]}]},{\"@type\":\"BreadcrumbList\",\"@id\":\"https:\/\/sagaciresearch.com\/fr\/notre-presence\/etudes-de-marche-en-afrique-du-sud\/#breadcrumb\",\"itemListElement\":[{\"@type\":\"ListItem\",\"position\":1,\"name\":\"Home\",\"item\":\"https:\/\/sagaciresearch.com\/fr\/\"},{\"@type\":\"ListItem\",\"position\":2,\"name\":\"Notre pr\u00e9sence\",\"item\":\"https:\/\/sagaciresearch.com\/fr\/notre-presence\/\"},{\"@type\":\"ListItem\",\"position\":3,\"name\":\"\u00c9tudes de march\u00e9 en Afrique du Sud.\"}]},{\"@type\":\"WebSite\",\"@id\":\"https:\/\/sagaciresearch.com\/#website\",\"url\":\"https:\/\/sagaciresearch.com\/\",\"name\":\"Sagaci Research\",\"description\":\"We provide data and insights you can trust to fuel your growth\",\"publisher\":{\"@id\":\"https:\/\/sagaciresearch.com\/#organization\"},\"potentialAction\":[{\"@type\":\"SearchAction\",\"target\":{\"@type\":\"EntryPoint\",\"urlTemplate\":\"https:\/\/sagaciresearch.com\/?s={search_term_string}\"},\"query-input\":{\"@type\":\"PropertyValueSpecification\",\"valueRequired\":true,\"valueName\":\"search_term_string\"}}],\"inLanguage\":\"fr-FR\"},{\"@type\":\"Organization\",\"@id\":\"https:\/\/sagaciresearch.com\/#organization\",\"name\":\"Sagaci Research\",\"url\":\"https:\/\/sagaciresearch.com\/\",\"logo\":{\"@type\":\"ImageObject\",\"inLanguage\":\"fr-FR\",\"@id\":\"https:\/\/sagaciresearch.com\/#\/schema\/logo\/image\/\",\"url\":\"https:\/\/sagaciresearch.com\/wp-content\/uploads\/2019\/09\/SR2.jpg\",\"contentUrl\":\"https:\/\/sagaciresearch.com\/wp-content\/uploads\/2019\/09\/SR2.jpg\",\"width\":960,\"height\":960,\"caption\":\"Sagaci Research\"},\"image\":{\"@id\":\"https:\/\/sagaciresearch.com\/#\/schema\/logo\/image\/\"}}]}<\/script>\n<!-- \/ Yoast SEO plugin. -->","yoast_head_json":{"title":"\u00c9tudes de march\u00e9 en Afrique du Sud. - Sagaci Research","description":"Avec Sagaci Research, vous aurez les cl\u00e9s pour comprendre la d\u00e9mographie lors de vos \u00e9tudes de march\u00e9 en Afrique du Sud.","robots":{"index":"index","follow":"follow","max-snippet":"max-snippet:-1","max-image-preview":"max-image-preview:large","max-video-preview":"max-video-preview:-1"},"canonical":"https:\/\/sagaciresearch.com\/fr\/notre-presence\/etudes-de-marche-en-afrique-du-sud\/","og_locale":"fr_FR","og_type":"article","og_title":"\u00c9tudes de march\u00e9 en Afrique du Sud. - Sagaci Research","og_description":"Avec Sagaci Research, vous aurez les cl\u00e9s pour comprendre la d\u00e9mographie lors de vos \u00e9tudes de march\u00e9 en Afrique du Sud.","og_url":"https:\/\/sagaciresearch.com\/fr\/notre-presence\/etudes-de-marche-en-afrique-du-sud\/","og_site_name":"Sagaci Research","article_modified_time":"2024-02-15T10:21:55+00:00","twitter_card":"summary_large_image","twitter_misc":{"Dur\u00e9e de lecture estim\u00e9e":"4 minutes"},"schema":{"@context":"https:\/\/schema.org","@graph":[{"@type":"WebPage","@id":"https:\/\/sagaciresearch.com\/fr\/notre-presence\/etudes-de-marche-en-afrique-du-sud\/","url":"https:\/\/sagaciresearch.com\/fr\/notre-presence\/etudes-de-marche-en-afrique-du-sud\/","name":"\u00c9tudes de march\u00e9 en Afrique du Sud. - Sagaci Research","isPartOf":{"@id":"https:\/\/sagaciresearch.com\/#website"},"datePublished":"2022-11-04T14:41:30+00:00","dateModified":"2024-02-15T10:21:55+00:00","description":"Avec Sagaci Research, vous aurez les cl\u00e9s pour comprendre la d\u00e9mographie lors de vos \u00e9tudes de march\u00e9 en Afrique du Sud.","breadcrumb":{"@id":"https:\/\/sagaciresearch.com\/fr\/notre-presence\/etudes-de-marche-en-afrique-du-sud\/#breadcrumb"},"inLanguage":"fr-FR","potentialAction":[{"@type":"ReadAction","target":["https:\/\/sagaciresearch.com\/fr\/notre-presence\/etudes-de-marche-en-afrique-du-sud\/"]}]},{"@type":"BreadcrumbList","@id":"https:\/\/sagaciresearch.com\/fr\/notre-presence\/etudes-de-marche-en-afrique-du-sud\/#breadcrumb","itemListElement":[{"@type":"ListItem","position":1,"name":"Home","item":"https:\/\/sagaciresearch.com\/fr\/"},{"@type":"ListItem","position":2,"name":"Notre pr\u00e9sence","item":"https:\/\/sagaciresearch.com\/fr\/notre-presence\/"},{"@type":"ListItem","position":3,"name":"\u00c9tudes de march\u00e9 en Afrique du Sud."}]},{"@type":"WebSite","@id":"https:\/\/sagaciresearch.com\/#website","url":"https:\/\/sagaciresearch.com\/","name":"Sagaci Research","description":"We provide data and insights you can trust to fuel your growth","publisher":{"@id":"https:\/\/sagaciresearch.com\/#organization"},"potentialAction":[{"@type":"SearchAction","target":{"@type":"EntryPoint","urlTemplate":"https:\/\/sagaciresearch.com\/?s={search_term_string}"},"query-input":{"@type":"PropertyValueSpecification","valueRequired":true,"valueName":"search_term_string"}}],"inLanguage":"fr-FR"},{"@type":"Organization","@id":"https:\/\/sagaciresearch.com\/#organization","name":"Sagaci Research","url":"https:\/\/sagaciresearch.com\/","logo":{"@type":"ImageObject","inLanguage":"fr-FR","@id":"https:\/\/sagaciresearch.com\/#\/schema\/logo\/image\/","url":"https:\/\/sagaciresearch.com\/wp-content\/uploads\/2019\/09\/SR2.jpg","contentUrl":"https:\/\/sagaciresearch.com\/wp-content\/uploads\/2019\/09\/SR2.jpg","width":960,"height":960,"caption":"Sagaci Research"},"image":{"@id":"https:\/\/sagaciresearch.com\/#\/schema\/logo\/image\/"}}]}},"_links":{"self":[{"href":"https:\/\/sagaciresearch.com\/fr\/wp-json\/wp\/v2\/pages\/17364","targetHints":{"allow":["GET"]}}],"collection":[{"href":"https:\/\/sagaciresearch.com\/fr\/wp-json\/wp\/v2\/pages"}],"about":[{"href":"https:\/\/sagaciresearch.com\/fr\/wp-json\/wp\/v2\/types\/page"}],"author":[{"embeddable":true,"href":"https:\/\/sagaciresearch.com\/fr\/wp-json\/wp\/v2\/users\/6"}],"replies":[{"embeddable":true,"href":"https:\/\/sagaciresearch.com\/fr\/wp-json\/wp\/v2\/comments?post=17364"}],"version-history":[{"count":3,"href":"https:\/\/sagaciresearch.com\/fr\/wp-json\/wp\/v2\/pages\/17364\/revisions"}],"predecessor-version":[{"id":18561,"href":"https:\/\/sagaciresearch.com\/fr\/wp-json\/wp\/v2\/pages\/17364\/revisions\/18561"}],"up":[{"embeddable":true,"href":"https:\/\/sagaciresearch.com\/fr\/wp-json\/wp\/v2\/pages\/16105"}],"wp:attachment":[{"href":"https:\/\/sagaciresearch.com\/fr\/wp-json\/wp\/v2\/media?parent=17364"}],"curies":[{"name":"wp","href":"https:\/\/api.w.org\/{rel}","templated":true}]}}