{"id":17357,"date":"2022-09-16T15:29:41","date_gmt":"2022-09-16T13:29:41","guid":{"rendered":"https:\/\/sagaciresearch.com\/notre-presence\/etude-de-marche-en-republique-du-congo\/"},"modified":"2024-02-15T11:21:09","modified_gmt":"2024-02-15T10:21:09","slug":"etude-de-marche-en-republique-du-congo","status":"publish","type":"page","link":"https:\/\/sagaciresearch.com\/fr\/notre-presence\/etude-de-marche-en-republique-du-congo\/","title":{"rendered":"\u00c9tude de march\u00e9 en R\u00e9publique du Congo"},"content":{"rendered":"<p>[vc_row][vc_column width=\u00a0\u00bb1\/2&Prime; css=\u00a0\u00bb.vc_custom_1614249031381{padding-top: 30px !important;padding-right: 30px !important;padding-bottom: 30px !important;padding-left: 30px !important;}\u00a0\u00bb][vc_column_text]<\/p>\n<h2>\u00c9tude de march\u00e9 en R\u00e9publique du Congo<\/h2>\n<p><span style=\"font-weight: 400;\">La d\u00e9pendance globale de l&rsquo;\u00e9conomie du pays \u00e0 l&rsquo;\u00e9gard du p\u00e9trole signifie qu&rsquo;il existe un potentiel important dans un certain nombre d&rsquo;industries et de cat\u00e9gories de biens de consommation. Le Congo devrait \u00e9galement \u00eatre consid\u00e9r\u00e9 comme un pays stable avec lequel il est possible de faire des affaires, avec une monnaie stable arrim\u00e9e \u00e0 l&rsquo;euro et un pays beaucoup plus stable et s\u00fbr que les autres pays de la r\u00e9gi Le Congo devrait \u00e9galement \u00eatre consid\u00e9r\u00e9 comme un pays stable avec lequel il est possible de faire des affaires, avec une monnaie stable arrim\u00e9e \u00e0 l&rsquo;euro et un pays beaucoup plus stable et s\u00fbr que les autres pays de la r\u00e9gion. De plus, elle fait partie d&rsquo;organisations et d&rsquo;accords commerciaux importants, tels que l&rsquo;OMC ou la Communaut\u00e9 \u00e9conomique et mon\u00e9taire de l&rsquo;Afrique centrale, pour n&rsquo;en citer que quelques-uns. <\/span>[\/vc_column_text][vc_btn title=\u00a0\u00bbNous contacter\u00a0\u00bb color=\u00a0\u00bborange\u00a0\u00bb link=\u00a0\u00bburl:%2Fcontact%2F%3Fshow%3Dcontact%26source%3DSagaBrand%2520Contact|title:Contact%20us\u00a0\u00bb el_class=\u00a0\u00bbmarketresearchbutton\u00a0\u00bb][\/vc_column][vc_column width=\u00a0\u00bb1\/2&Prime; css=\u00a0\u00bb.vc_custom_1655804674483{padding-top: 20px !important;padding-right: 20px !important;padding-left: 20px !important;}\u00a0\u00bb][vc_single_image image=\u00a0\u00bb13852&Prime; img_size=\u00a0\u00bb400&#215;400&Prime; alignment=\u00a0\u00bbcenter\u00a0\u00bb css_animation=\u00a0\u00bbfadeIn\u00a0\u00bb][\/vc_column][\/vc_row][vc_row full_width=\u00a0\u00bbstretch_row\u00a0\u00bb css=\u00a0\u00bb.vc_custom_1655372764432{border-bottom-width: 20px !important;padding-top: 20px !important;background-color: #ededa1 !important;}\u00a0\u00bb el_class=\u00a0\u00bbgradient\u00a0\u00bb][vc_column width=\u00a0\u00bb1\/2&Prime; css=\u00a0\u00bb.vc_custom_1614249031381{padding-top: 30px !important;padding-right: 30px !important;padding-bottom: 30px !important;padding-left: 30px !important;}\u00a0\u00bb][vc_single_image image=\u00a0\u00bb14752&Prime; img_size=\u00a0\u00bb400&#215;400&Prime; alignment=\u00a0\u00bbcenter\u00a0\u00bb style=\u00a0\u00bbvc_box_circle_2&Prime;][\/vc_column][vc_column width=\u00a0\u00bb1\/2&Prime;][vc_empty_space][vc_column_text]<\/p>\n<h2>\u00c0 propos de la R\u00e9publique du Congo<\/h2>\n<p><span style=\"font-weight: 400;\">La R\u00e9publique du Congo est un pays d&rsquo;Afrique centrale et l&rsquo;un des plus grands pays du continent. Le pays dispose d&rsquo;un sol riche en ressources et d&rsquo;une \u00e9conomie ax\u00e9e sur l&rsquo;exportation. Le p\u00e9trole repr\u00e9sente environ 55 % du PIB et 85 % des exportations en valeur. Afin de r\u00e9duire la d\u00e9pendance du pays \u00e0 l&rsquo;\u00e9gard du secteur p\u00e9trolier, il s&#8217;emploie activement \u00e0 attirer les investisseurs \u00e9trangers dans des secteurs cl\u00e9s tels que l&rsquo;agriculture, la construction et les infrastructures, l&rsquo;exploitation mini\u00e8re, les t\u00e9l\u00e9communications et les technologies. <\/span><\/p>\n<p><span style=\"font-weight: 400;\">En outre, le pays tente d&rsquo;am\u00e9liorer le niveau d&rsquo;int\u00e9r\u00eat pour le secteur de l&rsquo;\u00e9nergie en augmentant l&rsquo;utilisation locale du gaz naturel. La R\u00e9publique du Congo est un site attractif en raison de sa situation g\u00e9ographique, elle peut servir de pont entre l&rsquo;Afrique du Sud, l&rsquo;Afrique de l&rsquo;Ouest et l&rsquo;Afrique de l&rsquo;Est gr\u00e2ce \u00e0 son a\u00e9roport et \u00e0 son port maritime. Le port de Pointe-Noire, qui abrite \u00e9galement un a\u00e9roport international, est reli\u00e9 \u00e0 la capitale Brazzaville par une voie ferr\u00e9e, dans laquelle se trouve le nouvel a\u00e9roport international de la capitale.<\/span>[\/vc_column_text][\/vc_column][\/vc_row][vc_row css=\u00a0\u00bb.vc_custom_1655278436857{background-position: center !important;background-repeat: no-repeat !important;background-size: cover !important;}\u00a0\u00bb el_class=\u00a0\u00bbdownloadpdf\u00a0\u00bb][vc_column css=\u00a0\u00bb.vc_custom_1655278397607{background-color: #ffffff !important;}\u00a0\u00bb][vc_empty_space][vc_column_text]<\/p>\n<h2><strong>Pourquoi r\u00e9aliser une \u00e9tude de march\u00e9 en R\u00e9publique du Congo ?<\/strong><\/h2>\n<p><span style=\"font-weight: 400;\">En raison de plusieurs ann\u00e9es de sp\u00e9cialisation excessive dans les industries extractives, le Congo est m\u00fbr pour la croissance dans un certain nombre d&rsquo;autres secteurs. Du tourisme \u00e0 l&rsquo;\u00e9nergie, le potentiel est extr\u00eamement \u00e9lev\u00e9. Compte tenu du manque de d\u00e9veloppement de ces secteurs, les investissements peuvent \u00eatre tr\u00e8s rentables. En outre, une grande partie du Congo est constitu\u00e9e de terres arables inutilis\u00e9es (environ 4 % des terres arables sont des terres arables), ce qui laisse une marge de man\u0153uvre consid\u00e9rable pour la croissance de l&rsquo;agriculture et de la sylviculture, qui repr\u00e9sentent une part importante de la production du pays. Malgr\u00e9 un pass\u00e9 tumultueux, le Congo est un pays relativement stable qui montre des signes agr\u00e9ables de croissance et d&rsquo;am\u00e9lioration des conditions \u00e9conomiques et commerciales.<\/span>[\/vc_column_text][vc_empty_space][\/vc_column][\/vc_row][vc_row full_width=\u00a0\u00bbstretch_row\u00a0\u00bb css=\u00a0\u00bb.vc_custom_1663334737019{background-image: url(https:\/\/sagaciresearch.com\/wp-content\/uploads\/2022\/09\/Market-research-in-republic-of-congo-2.jpg?id=14754) !important;background-position: center !important;background-repeat: no-repeat !important;background-size: cover !important;}\u00a0\u00bb][vc_column][vc_empty_space height=\u00a0\u00bb400px\u00a0\u00bb][\/vc_column][\/vc_row][vc_row css=\u00a0\u00bb.vc_custom_1655278436857{background-position: center !important;background-repeat: no-repeat !important;background-size: cover !important;}\u00a0\u00bb el_class=\u00a0\u00bbdownloadpdf\u00a0\u00bb][vc_column css=\u00a0\u00bb.vc_custom_1655278397607{background-color: #ffffff !important;}\u00a0\u00bb][vc_empty_space][vc_column_text]<\/p>\n<h2><strong>Donn\u00e9es repr\u00e9sentatives du march\u00e9<\/strong><\/h2>\n<p><span style=\"font-weight: 400;\">Le Congo dispose de meilleures infrastructures que certains pays voisins. Toutefois, en raison de la taille du pays, il peut s&rsquo;av\u00e9rer difficile de saisir l&rsquo;essence du march\u00e9 congolais. Il peut y avoir des diff\u00e9rences notables entre les zones rurales et les zones urbaines. Chez Sagaci Research, nous sommes en mesure de vous fournir les outils n\u00e9cessaires pour comprendre v\u00e9ritablement le march\u00e9 congolais et ses consommateurs gr\u00e2ce \u00e0 une gamme de donn\u00e9es quantitatives et qualitatives. Nos outils comprennent les \u00e9l\u00e9ments suivants :<\/span>[\/vc_column_text][vc_empty_space][\/vc_column][\/vc_row][vc_row full_width=\u00a0\u00bbstretch_row\u00a0\u00bb css=\u00a0\u00bb.vc_custom_1655372755822{padding-top: 47px !important;padding-bottom: 60px !important;background-color: #ededa1 !important;}\u00a0\u00bb el_class=\u00a0\u00bbgradient\u00a0\u00bb][vc_column][vc_custom_heading stm_title_font_weight=\u00a0\u00bb400&Prime; text=\u00a0\u00bb\u00c9tude de march\u00e9 en R\u00e9publique du Congo\u00a0\u00bb font_container=\u00a0\u00bbtag:h2|text_align:center\u00a0\u00bb use_theme_fonts=\u00a0\u00bbyes\u00a0\u00bb][vc_row_inner equal_height=\u00a0\u00bbyes\u00a0\u00bb content_placement=\u00a0\u00bbmiddle\u00a0\u00bb gap=\u00a0\u00bb20&Prime; el_class=\u00a0\u00bbsquare\u00a0\u00bb][vc_column_inner width=\u00a0\u00bb1\/2&Prime; css=\u00a0\u00bb.vc_custom_1620309789350{background-color: #ffffff !important;}\u00a0\u00bb][stm_info_box align_center=\u00a0\u00bbyes\u00a0\u00bb style=\u00a0\u00bbstyle_2&Prime; title=\u00a0\u00bbPanel en ligne\u00a0\u00bb css=\u00a0\u00bb.vc_custom_1663334433755{padding-top: 10px !important;padding-right: 50px !important;padding-bottom: 10px !important;padding-left: 50px !important;}\u00a0\u00bb]<span style=\"font-weight: 400;\">Acc\u00e9dez \u00e0 votre march\u00e9 cible et obtenez les informations dont vous avez besoin dans un d\u00e9lai tr\u00e8s court gr\u00e2ce \u00e0 nos repr\u00e9sentants mobiles. <\/span><a href=\"https:\/\/sagaciresearch.com\/online-panels\" target=\"_blank\" rel=\"noopener\"><span style=\"font-weight: 400;\">Cliquez ici pour plus d&rsquo;informations<\/span><\/a><span style=\"font-weight: 400;\">. <\/span> [\/stm_info_box][\/vc_column_inner][vc_column_inner width=\u00a0\u00bb1\/2&Prime; css=\u00a0\u00bb.vc_custom_1620309810456{background-color: #ffffff !important;}\u00a0\u00bb][stm_info_box align_center=\u00a0\u00bbyes\u00a0\u00bb style=\u00a0\u00bbstyle_2&Prime; title=\u00a0\u00bbSagaBrand\u00a0\u00bb css=\u00a0\u00bb.vc_custom_1663253601420{padding-top: 10px !important;padding-right: 50px !important;padding-bottom: 10px !important;padding-left: 50px !important;}\u00a0\u00bb]<span style=\"font-weight: 400;\">Les informations sur les performances de votre marque peuvent \u00eatre transform\u00e9es en r\u00e9sultats. Nous pouvons vous fournir des rapports mensuels, trimestriels ou semestriels, afin que vous puissiez commencer \u00e0 surveiller la sant\u00e9 de votre marque. <\/span><a href=\"https:\/\/sagaciresearch.com\/products\/sagabrand\/\" target=\"_blank\" rel=\"noopener\"><span style=\"font-weight: 400;\">D\u00e9couvrez les outils qui s&rsquo;offrent \u00e0 vous ici<\/span><\/a><span style=\"font-weight: 400;\">.<\/span>[\/stm_info_box][\/vc_column_inner][\/vc_row_inner][vc_row_inner equal_height=\u00a0\u00bbyes\u00a0\u00bb gap=\u00a0\u00bb20&Prime; el_class=\u00a0\u00bbsquare\u00a0\u00bb][vc_column_inner width=\u00a0\u00bb1\/2&Prime; css=\u00a0\u00bb.vc_custom_1620309927520{background-color: #ffffff !important;}\u00a0\u00bb][stm_info_box align_center=\u00a0\u00bbyes\u00a0\u00bb style=\u00a0\u00bbstyle_2&Prime; title=\u00a0\u00bbSagaCube\u00a0\u00bb css=\u00a0\u00bb.vc_custom_1655279551634{padding-top: 10px !important;padding-right: 50px !important;padding-bottom: 10px !important;padding-left: 50px !important;}\u00a0\u00bb]<span style=\"font-weight: 400;\">Acc\u00e9dez \u00e0 un rapport unique et approfondi sur les habitudes de consommation de vos consommateurs cibles. Choisissez parmi une liste de plus de 140 \u00e9l\u00e9ments dans le pays qui vous int\u00e9resse et t\u00e9l\u00e9chargez votre rapport d\u00e8s aujourd&rsquo;hui ! <\/span><a href=\"https:\/\/sagaciresearch.com\/products\/sagacube\/\" target=\"_blank\" rel=\"noopener\"><span style=\"font-weight: 400;\">Acc\u00e9der ici. <\/span><\/a>[\/stm_info_box][\/vc_column_inner][vc_column_inner width=\u00a0\u00bb1\/2&Prime; css=\u00a0\u00bb.vc_custom_1620309998812{background-color: #ffffff !important;}\u00a0\u00bb][stm_info_box align_center=\u00a0\u00bbyes\u00a0\u00bb style=\u00a0\u00bbstyle_2&Prime; title=\u00a0\u00bbSagaTracker\u00a0\u00bb css=\u00a0\u00bb.vc_custom_1663253617021{padding-top: 10px !important;padding-right: 50px !important;padding-bottom: 10px !important;padding-left: 50px !important;}\u00a0\u00bb]<span style=\"font-weight: 400;\">Vous pouvez obtenir des informations sur les canaux de distribution les plus efficaces pour vos produits. Acc\u00e9dez \u00e0 des mesures directes adapt\u00e9es \u00e0 vos besoins. <\/span><a href=\"https:\/\/sagaciresearch.com\/products\/sagatracker\/\" target=\"_blank\" rel=\"noopener\"><br \/>\n<span style=\"font-weight: 400;\">Contactez nous ici<\/span><br \/>\n<\/a><span style=\"font-weight: 400;\">. <\/span> [\/stm_info_box][\/vc_column_inner][\/vc_row_inner][\/vc_column][\/vc_row][vc_row][vc_column][vc_empty_space height=\u00a0\u00bb60px\u00a0\u00bb][\/vc_column][\/vc_row][vc_row][vc_column][vc_custom_heading stm_title_font_weight=\u00a0\u00bb400&Prime; text=\u00a0\u00bbEn savoir plus sur les \u00e9tudes syndiqu\u00e9es en R\u00e9publique du Congo\u00a0\u00bb font_container=\u00a0\u00bbtag:h3|text_align:center\u00a0\u00bb use_theme_fonts=\u00a0\u00bbyes\u00a0\u00bb][stm_news posts_per_row=\u00a0\u00bb4&Prime;][\/vc_column][\/vc_row][vc_row][vc_column][vc_column_text][\/vc_column_text][\/vc_column][\/vc_row]<\/p>\n","protected":false},"excerpt":{"rendered":"<p>[vc_row][vc_column width=\u00a0\u00bb1\/2&Prime; css=\u00a0\u00bb.vc_custom_1614249031381{padding-top: 30px !important;padding-right: 30px !important;padding-bottom: 30px !important;padding-left: 30px !important;}\u00a0\u00bb][vc_column_text] \u00c9tude de march\u00e9 en R\u00e9publique du Congo La d\u00e9pendance globale de l&rsquo;\u00e9conomie du pays \u00e0 l&rsquo;\u00e9gard du p\u00e9trole signifie qu&rsquo;il existe un potentiel important dans un certain nombre d&rsquo;industries et de cat\u00e9gories de biens de consommation. Le Congo devrait \u00e9galement \u00eatre consid\u00e9r\u00e9 comme un<\/p>\n","protected":false},"author":6,"featured_media":0,"parent":16105,"menu_order":0,"comment_status":"closed","ping_status":"closed","template":"","meta":{"_acf_changed":false,"footnotes":""},"class_list":["post-17357","page","type-page","status-publish","hentry"],"acf":[],"yoast_head":"<!-- This site is optimized with the Yoast SEO plugin v27.2 - https:\/\/yoast.com\/product\/yoast-seo-wordpress\/ -->\n<title>\u00c9tude de march\u00e9 en R\u00e9publique du Congo - Sagaci Research<\/title>\n<meta name=\"description\" content=\"La r\u00e9alisation d&#039;une \u00e9tude de march\u00e9 en R\u00e9publique du Congo est une \u00e9tape n\u00e9cessaire pour garantir votre succ\u00e8s. Cliquez ici pour en savoir plus.\" \/>\n<meta name=\"robots\" content=\"index, follow, max-snippet:-1, max-image-preview:large, max-video-preview:-1\" \/>\n<link rel=\"canonical\" href=\"https:\/\/sagaciresearch.com\/fr\/notre-presence\/etude-de-marche-en-republique-du-congo\/\" \/>\n<meta property=\"og:locale\" content=\"fr_FR\" \/>\n<meta property=\"og:type\" content=\"article\" \/>\n<meta property=\"og:title\" content=\"\u00c9tude de march\u00e9 en R\u00e9publique du Congo - Sagaci Research\" \/>\n<meta property=\"og:description\" content=\"La r\u00e9alisation d&#039;une \u00e9tude de march\u00e9 en R\u00e9publique du Congo est une \u00e9tape n\u00e9cessaire pour garantir votre succ\u00e8s. Cliquez ici pour en savoir plus.\" \/>\n<meta property=\"og:url\" content=\"https:\/\/sagaciresearch.com\/fr\/notre-presence\/etude-de-marche-en-republique-du-congo\/\" \/>\n<meta property=\"og:site_name\" content=\"Sagaci Research\" \/>\n<meta property=\"article:modified_time\" content=\"2024-02-15T10:21:09+00:00\" \/>\n<meta name=\"twitter:card\" content=\"summary_large_image\" \/>\n<meta name=\"twitter:label1\" content=\"Dur\u00e9e de lecture estim\u00e9e\" \/>\n\t<meta name=\"twitter:data1\" content=\"5 minutes\" \/>\n<script type=\"application\/ld+json\" class=\"yoast-schema-graph\">{\"@context\":\"https:\/\/schema.org\",\"@graph\":[{\"@type\":\"WebPage\",\"@id\":\"https:\/\/sagaciresearch.com\/fr\/notre-presence\/etude-de-marche-en-republique-du-congo\/\",\"url\":\"https:\/\/sagaciresearch.com\/fr\/notre-presence\/etude-de-marche-en-republique-du-congo\/\",\"name\":\"\u00c9tude de march\u00e9 en R\u00e9publique du Congo - Sagaci Research\",\"isPartOf\":{\"@id\":\"https:\/\/sagaciresearch.com\/#website\"},\"datePublished\":\"2022-09-16T13:29:41+00:00\",\"dateModified\":\"2024-02-15T10:21:09+00:00\",\"description\":\"La r\u00e9alisation d'une \u00e9tude de march\u00e9 en R\u00e9publique du Congo est une \u00e9tape n\u00e9cessaire pour garantir votre succ\u00e8s. Cliquez ici pour en savoir plus.\",\"breadcrumb\":{\"@id\":\"https:\/\/sagaciresearch.com\/fr\/notre-presence\/etude-de-marche-en-republique-du-congo\/#breadcrumb\"},\"inLanguage\":\"fr-FR\",\"potentialAction\":[{\"@type\":\"ReadAction\",\"target\":[\"https:\/\/sagaciresearch.com\/fr\/notre-presence\/etude-de-marche-en-republique-du-congo\/\"]}]},{\"@type\":\"BreadcrumbList\",\"@id\":\"https:\/\/sagaciresearch.com\/fr\/notre-presence\/etude-de-marche-en-republique-du-congo\/#breadcrumb\",\"itemListElement\":[{\"@type\":\"ListItem\",\"position\":1,\"name\":\"Home\",\"item\":\"https:\/\/sagaciresearch.com\/fr\/\"},{\"@type\":\"ListItem\",\"position\":2,\"name\":\"Notre pr\u00e9sence\",\"item\":\"https:\/\/sagaciresearch.com\/fr\/notre-presence\/\"},{\"@type\":\"ListItem\",\"position\":3,\"name\":\"\u00c9tude de march\u00e9 en R\u00e9publique du Congo\"}]},{\"@type\":\"WebSite\",\"@id\":\"https:\/\/sagaciresearch.com\/#website\",\"url\":\"https:\/\/sagaciresearch.com\/\",\"name\":\"Sagaci Research\",\"description\":\"We provide data and insights you can trust to fuel your growth\",\"publisher\":{\"@id\":\"https:\/\/sagaciresearch.com\/#organization\"},\"potentialAction\":[{\"@type\":\"SearchAction\",\"target\":{\"@type\":\"EntryPoint\",\"urlTemplate\":\"https:\/\/sagaciresearch.com\/?s={search_term_string}\"},\"query-input\":{\"@type\":\"PropertyValueSpecification\",\"valueRequired\":true,\"valueName\":\"search_term_string\"}}],\"inLanguage\":\"fr-FR\"},{\"@type\":\"Organization\",\"@id\":\"https:\/\/sagaciresearch.com\/#organization\",\"name\":\"Sagaci Research\",\"url\":\"https:\/\/sagaciresearch.com\/\",\"logo\":{\"@type\":\"ImageObject\",\"inLanguage\":\"fr-FR\",\"@id\":\"https:\/\/sagaciresearch.com\/#\/schema\/logo\/image\/\",\"url\":\"https:\/\/sagaciresearch.com\/wp-content\/uploads\/2019\/09\/SR2.jpg\",\"contentUrl\":\"https:\/\/sagaciresearch.com\/wp-content\/uploads\/2019\/09\/SR2.jpg\",\"width\":960,\"height\":960,\"caption\":\"Sagaci Research\"},\"image\":{\"@id\":\"https:\/\/sagaciresearch.com\/#\/schema\/logo\/image\/\"}}]}<\/script>\n<!-- \/ Yoast SEO plugin. -->","yoast_head_json":{"title":"\u00c9tude de march\u00e9 en R\u00e9publique du Congo - Sagaci Research","description":"La r\u00e9alisation d'une \u00e9tude de march\u00e9 en R\u00e9publique du Congo est une \u00e9tape n\u00e9cessaire pour garantir votre succ\u00e8s. Cliquez ici pour en savoir plus.","robots":{"index":"index","follow":"follow","max-snippet":"max-snippet:-1","max-image-preview":"max-image-preview:large","max-video-preview":"max-video-preview:-1"},"canonical":"https:\/\/sagaciresearch.com\/fr\/notre-presence\/etude-de-marche-en-republique-du-congo\/","og_locale":"fr_FR","og_type":"article","og_title":"\u00c9tude de march\u00e9 en R\u00e9publique du Congo - Sagaci Research","og_description":"La r\u00e9alisation d'une \u00e9tude de march\u00e9 en R\u00e9publique du Congo est une \u00e9tape n\u00e9cessaire pour garantir votre succ\u00e8s. Cliquez ici pour en savoir plus.","og_url":"https:\/\/sagaciresearch.com\/fr\/notre-presence\/etude-de-marche-en-republique-du-congo\/","og_site_name":"Sagaci Research","article_modified_time":"2024-02-15T10:21:09+00:00","twitter_card":"summary_large_image","twitter_misc":{"Dur\u00e9e de lecture estim\u00e9e":"5 minutes"},"schema":{"@context":"https:\/\/schema.org","@graph":[{"@type":"WebPage","@id":"https:\/\/sagaciresearch.com\/fr\/notre-presence\/etude-de-marche-en-republique-du-congo\/","url":"https:\/\/sagaciresearch.com\/fr\/notre-presence\/etude-de-marche-en-republique-du-congo\/","name":"\u00c9tude de march\u00e9 en R\u00e9publique du Congo - Sagaci Research","isPartOf":{"@id":"https:\/\/sagaciresearch.com\/#website"},"datePublished":"2022-09-16T13:29:41+00:00","dateModified":"2024-02-15T10:21:09+00:00","description":"La r\u00e9alisation d'une \u00e9tude de march\u00e9 en R\u00e9publique du Congo est une \u00e9tape n\u00e9cessaire pour garantir votre succ\u00e8s. Cliquez ici pour en savoir plus.","breadcrumb":{"@id":"https:\/\/sagaciresearch.com\/fr\/notre-presence\/etude-de-marche-en-republique-du-congo\/#breadcrumb"},"inLanguage":"fr-FR","potentialAction":[{"@type":"ReadAction","target":["https:\/\/sagaciresearch.com\/fr\/notre-presence\/etude-de-marche-en-republique-du-congo\/"]}]},{"@type":"BreadcrumbList","@id":"https:\/\/sagaciresearch.com\/fr\/notre-presence\/etude-de-marche-en-republique-du-congo\/#breadcrumb","itemListElement":[{"@type":"ListItem","position":1,"name":"Home","item":"https:\/\/sagaciresearch.com\/fr\/"},{"@type":"ListItem","position":2,"name":"Notre pr\u00e9sence","item":"https:\/\/sagaciresearch.com\/fr\/notre-presence\/"},{"@type":"ListItem","position":3,"name":"\u00c9tude de march\u00e9 en R\u00e9publique du Congo"}]},{"@type":"WebSite","@id":"https:\/\/sagaciresearch.com\/#website","url":"https:\/\/sagaciresearch.com\/","name":"Sagaci Research","description":"We provide data and insights you can trust to fuel your growth","publisher":{"@id":"https:\/\/sagaciresearch.com\/#organization"},"potentialAction":[{"@type":"SearchAction","target":{"@type":"EntryPoint","urlTemplate":"https:\/\/sagaciresearch.com\/?s={search_term_string}"},"query-input":{"@type":"PropertyValueSpecification","valueRequired":true,"valueName":"search_term_string"}}],"inLanguage":"fr-FR"},{"@type":"Organization","@id":"https:\/\/sagaciresearch.com\/#organization","name":"Sagaci Research","url":"https:\/\/sagaciresearch.com\/","logo":{"@type":"ImageObject","inLanguage":"fr-FR","@id":"https:\/\/sagaciresearch.com\/#\/schema\/logo\/image\/","url":"https:\/\/sagaciresearch.com\/wp-content\/uploads\/2019\/09\/SR2.jpg","contentUrl":"https:\/\/sagaciresearch.com\/wp-content\/uploads\/2019\/09\/SR2.jpg","width":960,"height":960,"caption":"Sagaci Research"},"image":{"@id":"https:\/\/sagaciresearch.com\/#\/schema\/logo\/image\/"}}]}},"_links":{"self":[{"href":"https:\/\/sagaciresearch.com\/fr\/wp-json\/wp\/v2\/pages\/17357","targetHints":{"allow":["GET"]}}],"collection":[{"href":"https:\/\/sagaciresearch.com\/fr\/wp-json\/wp\/v2\/pages"}],"about":[{"href":"https:\/\/sagaciresearch.com\/fr\/wp-json\/wp\/v2\/types\/page"}],"author":[{"embeddable":true,"href":"https:\/\/sagaciresearch.com\/fr\/wp-json\/wp\/v2\/users\/6"}],"replies":[{"embeddable":true,"href":"https:\/\/sagaciresearch.com\/fr\/wp-json\/wp\/v2\/comments?post=17357"}],"version-history":[{"count":4,"href":"https:\/\/sagaciresearch.com\/fr\/wp-json\/wp\/v2\/pages\/17357\/revisions"}],"predecessor-version":[{"id":18560,"href":"https:\/\/sagaciresearch.com\/fr\/wp-json\/wp\/v2\/pages\/17357\/revisions\/18560"}],"up":[{"embeddable":true,"href":"https:\/\/sagaciresearch.com\/fr\/wp-json\/wp\/v2\/pages\/16105"}],"wp:attachment":[{"href":"https:\/\/sagaciresearch.com\/fr\/wp-json\/wp\/v2\/media?parent=17357"}],"curies":[{"name":"wp","href":"https:\/\/api.w.org\/{rel}","templated":true}]}}