{"id":17342,"date":"2022-09-15T16:56:30","date_gmt":"2022-09-15T14:56:30","guid":{"rendered":"https:\/\/sagaciresearch.com\/notre-presence\/etudes-de-marche-au-maroc\/"},"modified":"2024-02-15T11:15:05","modified_gmt":"2024-02-15T10:15:05","slug":"etudes-de-marche-au-maroc","status":"publish","type":"page","link":"https:\/\/sagaciresearch.com\/fr\/notre-presence\/etudes-de-marche-au-maroc\/","title":{"rendered":"\u00c9tudes de march\u00e9 au Maroc"},"content":{"rendered":"<p>[vc_row][vc_column width=\u00a0\u00bb1\/2&Prime; css=\u00a0\u00bb.vc_custom_1614249031381{padding-top: 30px !important;padding-right: 30px !important;padding-bottom: 30px !important;padding-left: 30px !important;}\u00a0\u00bb][vc_column_text]<\/p>\n<h2><strong>\u00c9tudes de march\u00e9 au Maroc<\/strong><\/h2>\n<p><span style=\"font-weight: 400;\">L&rsquo;\u00e9conomie marocaine est vaste et diversifi\u00e9e. Le Maroc est le cinqui\u00e8me pays du continent en termes de PIB. Environ la moiti\u00e9 du PIB du pays provient du secteur des services, les autres principaux contributeurs \u00e9tant les t\u00e9l\u00e9communications, le textile et le tourisme. Les services emploient \u00e9galement environ 40 % de la main-d&rsquo;\u0153uvre. Le Maroc, pays tr\u00e8s urbanis\u00e9, poss\u00e8de de grands centres urbains le long de ses c\u00f4tes m\u00e9diterran\u00e9ennes et atlantiques.<\/span>[\/vc_column_text][vc_btn title=\u00a0\u00bbNous contacter\u00a0\u00bb color=\u00a0\u00bborange\u00a0\u00bb link=\u00a0\u00bburl:%2Fcontact%2F%3Fshow%3Dcontact%26source%3DSagaBrand%2520Contact|title:Contact%20us\u00a0\u00bb el_class=\u00a0\u00bbmarketresearchbutton\u00a0\u00bb][\/vc_column][vc_column width=\u00a0\u00bb1\/2&Prime; css=\u00a0\u00bb.vc_custom_1655804674483{padding-top: 20px !important;padding-right: 20px !important;padding-left: 20px !important;}\u00a0\u00bb][vc_single_image image=\u00a0\u00bb13852&Prime; img_size=\u00a0\u00bb400&#215;400&Prime; alignment=\u00a0\u00bbcenter\u00a0\u00bb css_animation=\u00a0\u00bbfadeIn\u00a0\u00bb][\/vc_column][\/vc_row][vc_row full_width=\u00a0\u00bbstretch_row\u00a0\u00bb css=\u00a0\u00bb.vc_custom_1655372764432{border-bottom-width: 20px !important;padding-top: 20px !important;background-color: #ededa1 !important;}\u00a0\u00bb el_class=\u00a0\u00bbgradient\u00a0\u00bb][vc_column width=\u00a0\u00bb1\/2&Prime; css=\u00a0\u00bb.vc_custom_1614249031381{padding-top: 30px !important;padding-right: 30px !important;padding-bottom: 30px !important;padding-left: 30px !important;}\u00a0\u00bb][vc_single_image image=\u00a0\u00bb14704&Prime; img_size=\u00a0\u00bb400&#215;400&Prime; alignment=\u00a0\u00bbcenter\u00a0\u00bb style=\u00a0\u00bbvc_box_circle_2&Prime;][\/vc_column][vc_column width=\u00a0\u00bb1\/2&Prime;][vc_empty_space][vc_column_text]<\/p>\n<h2><strong>\u00c0 propos du Maroc<\/strong><\/h2>\n<p><span style=\"font-weight: 400;\">Le Maroc, pays de plus de 36 millions d&rsquo;habitants, est situ\u00e9 au nord-ouest de l&rsquo;Afrique. Elle a des fronti\u00e8res communes avec l&rsquo;Alg\u00e9rie et la ville de Tanger repr\u00e9sente le d\u00e9but du d\u00e9troit de Gibraltar. La pand\u00e9mie de Covid-19, comme pour de nombreux pays, s&rsquo;est r\u00e9v\u00e9l\u00e9e \u00eatre une p\u00e9riode difficile. Le tourisme s&rsquo;\u00e9tant arr\u00eat\u00e9, le pays a connu une forte baisse de ses recettes. En cons\u00e9quence, le PIB du Maroc s&rsquo;est contract\u00e9 de 7 % en 2020. <\/span><\/p>\n<p><span style=\"font-weight: 400;\">Cependant, la r\u00e9ponse du gouvernement a \u00e9t\u00e9 couronn\u00e9e de succ\u00e8s et la reprise est en bonne voie. La Banque mondiale pr\u00e9voit une croissance du PIB de 4,6 % en 2021. Le Maroc entretient des liens \u00e9troits avec l&rsquo;Espagne, la France et le reste de l&rsquo;UE en raison de sa proximit\u00e9 et de son histoire commune. Les perspectives sont bonnes dans un certain nombre de secteurs, notamment l&rsquo;a\u00e9rospatiale, l&rsquo;\u00e9nergie, la gestion de l&rsquo;eau et des d\u00e9chets, la construction, les soins de sant\u00e9, les t\u00e9l\u00e9communications et les infrastructures. <\/span>[\/vc_column_text][\/vc_column][\/vc_row][vc_row css=\u00a0\u00bb.vc_custom_1655278436857{background-position: center !important;background-repeat: no-repeat !important;background-size: cover !important;}\u00a0\u00bb el_class=\u00a0\u00bbdownloadpdf\u00a0\u00bb][vc_column css=\u00a0\u00bb.vc_custom_1655278397607{background-color: #ffffff !important;}\u00a0\u00bb][vc_empty_space][vc_column_text]<\/p>\n<h2><strong>Pourquoi r\u00e9aliser une \u00e9tude de march\u00e9 ?<\/strong><\/h2>\n<p><span style=\"font-weight: 400;\">La capitale, Rabat, est un centre administratif important avec des monuments historiques. Casablanca est la plus grande ville du pays et est connue pour son port, ses attractions touristiques et comme le principal centre commercial du pays. La richesse de sa culture, sa proximit\u00e9 avec les principaux march\u00e9s, son environnement commercial sain et son ouverture aux investissements \u00e9trangers font du Maroc un choix id\u00e9al pour poursuivre ou continuer votre activit\u00e9 dans le pays. <\/span><\/p>\n<p><span style=\"font-weight: 400;\">Il existe certains obstacles \u00e0 la pratique des affaires au Maroc, principalement sous la forme de probl\u00e8mes de transparence et de lourdeur des r\u00e9glementations et des proc\u00e9dures gouvernementales. Le syst\u00e8me bancaire peut \u00e9galement \u00eatre difficile \u00e0 appr\u00e9hender. Des efforts notables ont toutefois \u00e9t\u00e9 d\u00e9ploy\u00e9s r\u00e9cemment pour s&rsquo;aligner sur les pratiques mondiales. <\/span>[\/vc_column_text][vc_empty_space][\/vc_column][\/vc_row][vc_row full_width=\u00a0\u00bbstretch_row\u00a0\u00bb css=\u00a0\u00bb.vc_custom_1663253470762{background-image: url(https:\/\/sagaciresearch.com\/wp-content\/uploads\/2022\/09\/Market-research-in-Morocco.jpg?id=14705) !important;background-position: center !important;background-repeat: no-repeat !important;background-size: cover !important;}\u00a0\u00bb][vc_column][vc_empty_space height=\u00a0\u00bb400px\u00a0\u00bb][\/vc_column][\/vc_row][vc_row css=\u00a0\u00bb.vc_custom_1655278436857{background-position: center !important;background-repeat: no-repeat !important;background-size: cover !important;}\u00a0\u00bb el_class=\u00a0\u00bbdownloadpdf\u00a0\u00bb][vc_column css=\u00a0\u00bb.vc_custom_1655278397607{background-color: #ffffff !important;}\u00a0\u00bb][vc_empty_space][vc_column_text]<\/p>\n<h2><strong>Donn\u00e9es repr\u00e9sentatives du march\u00e9<\/strong><\/h2>\n<p><span style=\"font-weight: 400;\">Le Maroc est un pays unique. Sa base de consommateurs est essentiellement urbaine et elle partage des coutumes et des traditions similaires dans tout le pays. Cependant, il existe de fortes diff\u00e9rences entre les zones c\u00f4ti\u00e8res et l&rsquo;int\u00e9rieur du Maroc. Il existe \u00e9galement des variations notables entre les villes elles-m\u00eames. Il est donc primordial de mener des recherches efficaces et repr\u00e9sentatives afin de prendre des d\u00e9cisions \u00e9clair\u00e9es dans le pays. C&rsquo;est ce qui garantira votre succ\u00e8s. <\/span><\/p>\n<p><span style=\"font-weight: 400;\">Chez Sagaci Research, nous sommes pr\u00eats \u00e0 vous fournir les outils n\u00e9cessaires pour r\u00e9ussir dans le pays, en vous donnant acc\u00e8s \u00e0 des donn\u00e9es et des analyses in\u00e9gal\u00e9es. Voici quelques-uns de nos outils : <\/span><\/p>\n<p>[\/vc_column_text][vc_empty_space][\/vc_column][\/vc_row][vc_row full_width=\u00a0\u00bbstretch_row\u00a0\u00bb css=\u00a0\u00bb.vc_custom_1655372755822{padding-top: 47px !important;padding-bottom: 60px !important;background-color: #ededa1 !important;}\u00a0\u00bb el_class=\u00a0\u00bbgradient\u00a0\u00bb][vc_column][vc_custom_heading stm_title_font_weight=\u00a0\u00bb400&Prime; text=\u00a0\u00bbM\u00e9thodes d&rsquo;\u00e9tude de march\u00e9 au Maroc\u00a0\u00bb font_container=\u00a0\u00bbtag:h2|text_align:center\u00a0\u00bb use_theme_fonts=\u00a0\u00bbyes\u00a0\u00bb][vc_row_inner equal_height=\u00a0\u00bbyes\u00a0\u00bb content_placement=\u00a0\u00bbmiddle\u00a0\u00bb gap=\u00a0\u00bb20&Prime; el_class=\u00a0\u00bbsquare\u00a0\u00bb][vc_column_inner width=\u00a0\u00bb1\/2&Prime; css=\u00a0\u00bb.vc_custom_1620309789350{background-color: #ffffff !important;}\u00a0\u00bb][stm_info_box align_center=\u00a0\u00bbyes\u00a0\u00bb style=\u00a0\u00bbstyle_2&Prime; title=\u00a0\u00bbPanel en ligne\u00a0\u00bb css=\u00a0\u00bb.vc_custom_1663336177225{padding-top: 10px !important;padding-right: 50px !important;padding-bottom: 10px !important;padding-left: 50px !important;}\u00a0\u00bb]<span style=\"font-weight: 400;\">Acc\u00e9dez \u00e0 votre march\u00e9 cible et obtenez les informations dont vous avez besoin dans un d\u00e9lai tr\u00e8s court gr\u00e2ce \u00e0 nos repr\u00e9sentants mobiles. <\/span><a href=\"https:\/\/sagaciresearch.com\/online-panel-morocco\/\" target=\"_blank\" rel=\"noopener\"><span style=\"font-weight: 400;\">Cliquez ici pour plus d&rsquo;informations<\/span><\/a><span style=\"font-weight: 400;\">. <\/span> [\/stm_info_box][\/vc_column_inner][vc_column_inner width=\u00a0\u00bb1\/2&Prime; css=\u00a0\u00bb.vc_custom_1620309810456{background-color: #ffffff !important;}\u00a0\u00bb][stm_info_box align_center=\u00a0\u00bbyes\u00a0\u00bb style=\u00a0\u00bbstyle_2&Prime; title=\u00a0\u00bbSagaBrand\u00a0\u00bb css=\u00a0\u00bb.vc_custom_1663253601420{padding-top: 10px !important;padding-right: 50px !important;padding-bottom: 10px !important;padding-left: 50px !important;}\u00a0\u00bb]<span style=\"font-weight: 400;\">Les informations sur les performances de votre marque peuvent \u00eatre transform\u00e9es en r\u00e9sultats. Nous pouvons vous fournir des rapports mensuels, trimestriels ou semestriels, afin que vous puissiez commencer \u00e0 surveiller la sant\u00e9 de votre marque. <\/span><a href=\"https:\/\/sagaciresearch.com\/products\/sagabrand\/\" target=\"_blank\" rel=\"noopener\"><span style=\"font-weight: 400;\">D\u00e9couvrez les outils qui s&rsquo;offrent \u00e0 vous ici<\/span><\/a><span style=\"font-weight: 400;\">.<\/span>[\/stm_info_box][\/vc_column_inner][\/vc_row_inner][vc_row_inner equal_height=\u00a0\u00bbyes\u00a0\u00bb gap=\u00a0\u00bb20&Prime; el_class=\u00a0\u00bbsquare\u00a0\u00bb][vc_column_inner width=\u00a0\u00bb1\/2&Prime; css=\u00a0\u00bb.vc_custom_1620309927520{background-color: #ffffff !important;}\u00a0\u00bb][stm_info_box align_center=\u00a0\u00bbyes\u00a0\u00bb style=\u00a0\u00bbstyle_2&Prime; title=\u00a0\u00bbSagaCube\u00a0\u00bb css=\u00a0\u00bb.vc_custom_1655279551634{padding-top: 10px !important;padding-right: 50px !important;padding-bottom: 10px !important;padding-left: 50px !important;}\u00a0\u00bb]<span style=\"font-weight: 400;\">Acc\u00e9dez \u00e0 un rapport unique et approfondi sur les habitudes de consommation de vos consommateurs cibles. Choisissez parmi une liste de plus de 140 \u00e9l\u00e9ments dans le pays qui vous int\u00e9resse et t\u00e9l\u00e9chargez votre rapport d\u00e8s aujourd&rsquo;hui ! <\/span><a href=\"https:\/\/sagaciresearch.com\/products\/sagacube\/\" target=\"_blank\" rel=\"noopener\"><span style=\"font-weight: 400;\">Acc\u00e9der ici. <\/span><\/a>[\/stm_info_box][\/vc_column_inner][vc_column_inner width=\u00a0\u00bb1\/2&Prime; css=\u00a0\u00bb.vc_custom_1620309998812{background-color: #ffffff !important;}\u00a0\u00bb][stm_info_box align_center=\u00a0\u00bbyes\u00a0\u00bb style=\u00a0\u00bbstyle_2&Prime; title=\u00a0\u00bbSagaTracker\u00a0\u00bb css=\u00a0\u00bb.vc_custom_1663253617021{padding-top: 10px !important;padding-right: 50px !important;padding-bottom: 10px !important;padding-left: 50px !important;}\u00a0\u00bb]<span style=\"font-weight: 400;\">Vous pouvez obtenir des informations sur les canaux de distribution les plus efficaces pour vos produits. Acc\u00e9dez \u00e0 des mesures directes adapt\u00e9es \u00e0 vos besoins. <\/span><a href=\"https:\/\/sagaciresearch.com\/products\/sagatracker\/\" target=\"_blank\" rel=\"noopener\"><br \/>\n<span style=\"font-weight: 400;\">Contactez nous ici<\/span><br \/>\n<\/a><span style=\"font-weight: 400;\">. <\/span> [\/stm_info_box][\/vc_column_inner][\/vc_row_inner][\/vc_column][\/vc_row][vc_row][vc_column][vc_empty_space height=\u00a0\u00bb60px\u00a0\u00bb][\/vc_column][\/vc_row][vc_row][vc_column][vc_custom_heading stm_title_font_weight=\u00a0\u00bb400&Prime; text=\u00a0\u00bbEn savoir plus sur les \u00e9tudes syndiqu\u00e9es au Maroc\u00a0\u00bb font_container=\u00a0\u00bbtag:h3|text_align:center\u00a0\u00bb use_theme_fonts=\u00a0\u00bbyes\u00a0\u00bb][stm_news posts_per_row=\u00a0\u00bb4&Prime;][\/vc_column][\/vc_row][vc_row][vc_column][vc_column_text][\/vc_column_text][\/vc_column][\/vc_row]<\/p>\n","protected":false},"excerpt":{"rendered":"<p>[vc_row][vc_column width=\u00a0\u00bb1\/2&Prime; css=\u00a0\u00bb.vc_custom_1614249031381{padding-top: 30px !important;padding-right: 30px !important;padding-bottom: 30px !important;padding-left: 30px !important;}\u00a0\u00bb][vc_column_text] \u00c9tudes de march\u00e9 au Maroc L&rsquo;\u00e9conomie marocaine est vaste et diversifi\u00e9e. Le Maroc est le cinqui\u00e8me pays du continent en termes de PIB. Environ la moiti\u00e9 du PIB du pays provient du secteur des services, les autres principaux contributeurs \u00e9tant les t\u00e9l\u00e9communications, le textile<\/p>\n","protected":false},"author":6,"featured_media":0,"parent":16105,"menu_order":0,"comment_status":"closed","ping_status":"closed","template":"","meta":{"_acf_changed":false,"footnotes":""},"class_list":["post-17342","page","type-page","status-publish","hentry"],"acf":[],"yoast_head":"<!-- This site is optimized with the Yoast SEO plugin v27.2 - https:\/\/yoast.com\/product\/yoast-seo-wordpress\/ -->\n<title>\u00c9tudes de march\u00e9 au Maroc - Sagaci Research<\/title>\n<meta name=\"description\" content=\"La r\u00e9alisation d&#039;une \u00e9tude de march\u00e9 au Maroc est une \u00e9tape n\u00e9cessaire pour assurer votre r\u00e9ussite. Nous pouvons vous fournir les \u00e9l\u00e9ments n\u00e9cessaires \u00e0 l&#039;analyse du march\u00e9 marocain.\" \/>\n<meta name=\"robots\" content=\"index, follow, max-snippet:-1, max-image-preview:large, max-video-preview:-1\" \/>\n<link rel=\"canonical\" href=\"https:\/\/sagaciresearch.com\/fr\/notre-presence\/etudes-de-marche-au-maroc\/\" \/>\n<meta property=\"og:locale\" content=\"fr_FR\" \/>\n<meta property=\"og:type\" content=\"article\" \/>\n<meta property=\"og:title\" content=\"\u00c9tudes de march\u00e9 au Maroc - Sagaci Research\" \/>\n<meta property=\"og:description\" content=\"La r\u00e9alisation d&#039;une \u00e9tude de march\u00e9 au Maroc est une \u00e9tape n\u00e9cessaire pour assurer votre r\u00e9ussite. Nous pouvons vous fournir les \u00e9l\u00e9ments n\u00e9cessaires \u00e0 l&#039;analyse du march\u00e9 marocain.\" \/>\n<meta property=\"og:url\" content=\"https:\/\/sagaciresearch.com\/fr\/notre-presence\/etudes-de-marche-au-maroc\/\" \/>\n<meta property=\"og:site_name\" content=\"Sagaci Research\" \/>\n<meta property=\"article:modified_time\" content=\"2024-02-15T10:15:05+00:00\" \/>\n<meta name=\"twitter:card\" content=\"summary_large_image\" \/>\n<meta name=\"twitter:label1\" content=\"Dur\u00e9e de lecture estim\u00e9e\" \/>\n\t<meta name=\"twitter:data1\" content=\"5 minutes\" \/>\n<script type=\"application\/ld+json\" class=\"yoast-schema-graph\">{\"@context\":\"https:\/\/schema.org\",\"@graph\":[{\"@type\":\"WebPage\",\"@id\":\"https:\/\/sagaciresearch.com\/fr\/notre-presence\/etudes-de-marche-au-maroc\/\",\"url\":\"https:\/\/sagaciresearch.com\/fr\/notre-presence\/etudes-de-marche-au-maroc\/\",\"name\":\"\u00c9tudes de march\u00e9 au Maroc - Sagaci Research\",\"isPartOf\":{\"@id\":\"https:\/\/sagaciresearch.com\/#website\"},\"datePublished\":\"2022-09-15T14:56:30+00:00\",\"dateModified\":\"2024-02-15T10:15:05+00:00\",\"description\":\"La r\u00e9alisation d'une \u00e9tude de march\u00e9 au Maroc est une \u00e9tape n\u00e9cessaire pour assurer votre r\u00e9ussite. Nous pouvons vous fournir les \u00e9l\u00e9ments n\u00e9cessaires \u00e0 l'analyse du march\u00e9 marocain.\",\"breadcrumb\":{\"@id\":\"https:\/\/sagaciresearch.com\/fr\/notre-presence\/etudes-de-marche-au-maroc\/#breadcrumb\"},\"inLanguage\":\"fr-FR\",\"potentialAction\":[{\"@type\":\"ReadAction\",\"target\":[\"https:\/\/sagaciresearch.com\/fr\/notre-presence\/etudes-de-marche-au-maroc\/\"]}]},{\"@type\":\"BreadcrumbList\",\"@id\":\"https:\/\/sagaciresearch.com\/fr\/notre-presence\/etudes-de-marche-au-maroc\/#breadcrumb\",\"itemListElement\":[{\"@type\":\"ListItem\",\"position\":1,\"name\":\"Home\",\"item\":\"https:\/\/sagaciresearch.com\/fr\/\"},{\"@type\":\"ListItem\",\"position\":2,\"name\":\"Notre pr\u00e9sence\",\"item\":\"https:\/\/sagaciresearch.com\/fr\/notre-presence\/\"},{\"@type\":\"ListItem\",\"position\":3,\"name\":\"\u00c9tudes de march\u00e9 au Maroc\"}]},{\"@type\":\"WebSite\",\"@id\":\"https:\/\/sagaciresearch.com\/#website\",\"url\":\"https:\/\/sagaciresearch.com\/\",\"name\":\"Sagaci Research\",\"description\":\"We provide data and insights you can trust to fuel your growth\",\"publisher\":{\"@id\":\"https:\/\/sagaciresearch.com\/#organization\"},\"potentialAction\":[{\"@type\":\"SearchAction\",\"target\":{\"@type\":\"EntryPoint\",\"urlTemplate\":\"https:\/\/sagaciresearch.com\/?s={search_term_string}\"},\"query-input\":{\"@type\":\"PropertyValueSpecification\",\"valueRequired\":true,\"valueName\":\"search_term_string\"}}],\"inLanguage\":\"fr-FR\"},{\"@type\":\"Organization\",\"@id\":\"https:\/\/sagaciresearch.com\/#organization\",\"name\":\"Sagaci Research\",\"url\":\"https:\/\/sagaciresearch.com\/\",\"logo\":{\"@type\":\"ImageObject\",\"inLanguage\":\"fr-FR\",\"@id\":\"https:\/\/sagaciresearch.com\/#\/schema\/logo\/image\/\",\"url\":\"https:\/\/sagaciresearch.com\/wp-content\/uploads\/2019\/09\/SR2.jpg\",\"contentUrl\":\"https:\/\/sagaciresearch.com\/wp-content\/uploads\/2019\/09\/SR2.jpg\",\"width\":960,\"height\":960,\"caption\":\"Sagaci Research\"},\"image\":{\"@id\":\"https:\/\/sagaciresearch.com\/#\/schema\/logo\/image\/\"}}]}<\/script>\n<!-- \/ Yoast SEO plugin. -->","yoast_head_json":{"title":"\u00c9tudes de march\u00e9 au Maroc - Sagaci Research","description":"La r\u00e9alisation d'une \u00e9tude de march\u00e9 au Maroc est une \u00e9tape n\u00e9cessaire pour assurer votre r\u00e9ussite. Nous pouvons vous fournir les \u00e9l\u00e9ments n\u00e9cessaires \u00e0 l'analyse du march\u00e9 marocain.","robots":{"index":"index","follow":"follow","max-snippet":"max-snippet:-1","max-image-preview":"max-image-preview:large","max-video-preview":"max-video-preview:-1"},"canonical":"https:\/\/sagaciresearch.com\/fr\/notre-presence\/etudes-de-marche-au-maroc\/","og_locale":"fr_FR","og_type":"article","og_title":"\u00c9tudes de march\u00e9 au Maroc - Sagaci Research","og_description":"La r\u00e9alisation d'une \u00e9tude de march\u00e9 au Maroc est une \u00e9tape n\u00e9cessaire pour assurer votre r\u00e9ussite. Nous pouvons vous fournir les \u00e9l\u00e9ments n\u00e9cessaires \u00e0 l'analyse du march\u00e9 marocain.","og_url":"https:\/\/sagaciresearch.com\/fr\/notre-presence\/etudes-de-marche-au-maroc\/","og_site_name":"Sagaci Research","article_modified_time":"2024-02-15T10:15:05+00:00","twitter_card":"summary_large_image","twitter_misc":{"Dur\u00e9e de lecture estim\u00e9e":"5 minutes"},"schema":{"@context":"https:\/\/schema.org","@graph":[{"@type":"WebPage","@id":"https:\/\/sagaciresearch.com\/fr\/notre-presence\/etudes-de-marche-au-maroc\/","url":"https:\/\/sagaciresearch.com\/fr\/notre-presence\/etudes-de-marche-au-maroc\/","name":"\u00c9tudes de march\u00e9 au Maroc - Sagaci Research","isPartOf":{"@id":"https:\/\/sagaciresearch.com\/#website"},"datePublished":"2022-09-15T14:56:30+00:00","dateModified":"2024-02-15T10:15:05+00:00","description":"La r\u00e9alisation d'une \u00e9tude de march\u00e9 au Maroc est une \u00e9tape n\u00e9cessaire pour assurer votre r\u00e9ussite. Nous pouvons vous fournir les \u00e9l\u00e9ments n\u00e9cessaires \u00e0 l'analyse du march\u00e9 marocain.","breadcrumb":{"@id":"https:\/\/sagaciresearch.com\/fr\/notre-presence\/etudes-de-marche-au-maroc\/#breadcrumb"},"inLanguage":"fr-FR","potentialAction":[{"@type":"ReadAction","target":["https:\/\/sagaciresearch.com\/fr\/notre-presence\/etudes-de-marche-au-maroc\/"]}]},{"@type":"BreadcrumbList","@id":"https:\/\/sagaciresearch.com\/fr\/notre-presence\/etudes-de-marche-au-maroc\/#breadcrumb","itemListElement":[{"@type":"ListItem","position":1,"name":"Home","item":"https:\/\/sagaciresearch.com\/fr\/"},{"@type":"ListItem","position":2,"name":"Notre pr\u00e9sence","item":"https:\/\/sagaciresearch.com\/fr\/notre-presence\/"},{"@type":"ListItem","position":3,"name":"\u00c9tudes de march\u00e9 au Maroc"}]},{"@type":"WebSite","@id":"https:\/\/sagaciresearch.com\/#website","url":"https:\/\/sagaciresearch.com\/","name":"Sagaci Research","description":"We provide data and insights you can trust to fuel your growth","publisher":{"@id":"https:\/\/sagaciresearch.com\/#organization"},"potentialAction":[{"@type":"SearchAction","target":{"@type":"EntryPoint","urlTemplate":"https:\/\/sagaciresearch.com\/?s={search_term_string}"},"query-input":{"@type":"PropertyValueSpecification","valueRequired":true,"valueName":"search_term_string"}}],"inLanguage":"fr-FR"},{"@type":"Organization","@id":"https:\/\/sagaciresearch.com\/#organization","name":"Sagaci Research","url":"https:\/\/sagaciresearch.com\/","logo":{"@type":"ImageObject","inLanguage":"fr-FR","@id":"https:\/\/sagaciresearch.com\/#\/schema\/logo\/image\/","url":"https:\/\/sagaciresearch.com\/wp-content\/uploads\/2019\/09\/SR2.jpg","contentUrl":"https:\/\/sagaciresearch.com\/wp-content\/uploads\/2019\/09\/SR2.jpg","width":960,"height":960,"caption":"Sagaci Research"},"image":{"@id":"https:\/\/sagaciresearch.com\/#\/schema\/logo\/image\/"}}]}},"_links":{"self":[{"href":"https:\/\/sagaciresearch.com\/fr\/wp-json\/wp\/v2\/pages\/17342","targetHints":{"allow":["GET"]}}],"collection":[{"href":"https:\/\/sagaciresearch.com\/fr\/wp-json\/wp\/v2\/pages"}],"about":[{"href":"https:\/\/sagaciresearch.com\/fr\/wp-json\/wp\/v2\/types\/page"}],"author":[{"embeddable":true,"href":"https:\/\/sagaciresearch.com\/fr\/wp-json\/wp\/v2\/users\/6"}],"replies":[{"embeddable":true,"href":"https:\/\/sagaciresearch.com\/fr\/wp-json\/wp\/v2\/comments?post=17342"}],"version-history":[{"count":2,"href":"https:\/\/sagaciresearch.com\/fr\/wp-json\/wp\/v2\/pages\/17342\/revisions"}],"predecessor-version":[{"id":18554,"href":"https:\/\/sagaciresearch.com\/fr\/wp-json\/wp\/v2\/pages\/17342\/revisions\/18554"}],"up":[{"embeddable":true,"href":"https:\/\/sagaciresearch.com\/fr\/wp-json\/wp\/v2\/pages\/16105"}],"wp:attachment":[{"href":"https:\/\/sagaciresearch.com\/fr\/wp-json\/wp\/v2\/media?parent=17342"}],"curies":[{"name":"wp","href":"https:\/\/api.w.org\/{rel}","templated":true}]}}