{"id":17332,"date":"2022-09-15T15:05:14","date_gmt":"2022-09-15T13:05:14","guid":{"rendered":"https:\/\/sagaciresearch.com\/notre-presence\/etude-de-marche-au-mali\/"},"modified":"2024-02-15T11:11:26","modified_gmt":"2024-02-15T10:11:26","slug":"etude-de-marche-au-mali","status":"publish","type":"page","link":"https:\/\/sagaciresearch.com\/fr\/notre-presence\/etude-de-marche-au-mali\/","title":{"rendered":"\u00c9tude de march\u00e9 au Mali"},"content":{"rendered":"<p>[vc_row][vc_column width=\u00a0\u00bb1\/2&Prime; css=\u00a0\u00bb.vc_custom_1614249031381{padding-top: 30px !important;padding-right: 30px !important;padding-bottom: 30px !important;padding-left: 30px !important;}\u00a0\u00bb][vc_column_text]<\/p>\n<h2><strong>\u00c9tude de march\u00e9 au Mali<\/strong><\/h2>\n<p><span style=\"font-weight: 400;\">La croissance des secteurs minier, agricole et \u00e9nerg\u00e9tique devrait se poursuivre \u00e0 l&rsquo;avenir et tirer la croissance du PIB. Il existe toutefois des opportunit\u00e9s int\u00e9ressantes dans les secteurs des produits chimiques et pharmaceutiques, de la construction, de l&rsquo;extraction mini\u00e8re et de la transformation des aliments. Il est de plus en plus admis que le Mali doit faire des efforts conscients pour am\u00e9liorer la facilit\u00e9 de faire des affaires dans le pays. En investissant dans les domaines appropri\u00e9s, le Mali pourrait lib\u00e9rer son potentiel et devenir un pays tr\u00e8s attractif pour les entreprises.<\/span>[\/vc_column_text][vc_btn title=\u00a0\u00bbNous contacter\u00a0\u00bb color=\u00a0\u00bborange\u00a0\u00bb link=\u00a0\u00bburl:%2Fcontact%2F%3Fshow%3Dcontact%26source%3DSagaBrand%2520Contact|title:Contact%20us\u00a0\u00bb el_class=\u00a0\u00bbmarketresearchbutton\u00a0\u00bb][\/vc_column][vc_column width=\u00a0\u00bb1\/2&Prime; css=\u00a0\u00bb.vc_custom_1655804674483{padding-top: 20px !important;padding-right: 20px !important;padding-left: 20px !important;}\u00a0\u00bb][vc_single_image image=\u00a0\u00bb13852&Prime; img_size=\u00a0\u00bb400&#215;400&Prime; alignment=\u00a0\u00bbcenter\u00a0\u00bb css_animation=\u00a0\u00bbfadeIn\u00a0\u00bb][\/vc_column][\/vc_row][vc_row full_width=\u00a0\u00bbstretch_row\u00a0\u00bb css=\u00a0\u00bb.vc_custom_1655372764432{border-bottom-width: 20px !important;padding-top: 20px !important;background-color: #ededa1 !important;}\u00a0\u00bb el_class=\u00a0\u00bbgradient\u00a0\u00bb][vc_column width=\u00a0\u00bb1\/2&Prime; css=\u00a0\u00bb.vc_custom_1614249031381{padding-top: 30px !important;padding-right: 30px !important;padding-bottom: 30px !important;padding-left: 30px !important;}\u00a0\u00bb][vc_single_image image=\u00a0\u00bb14681&Prime; img_size=\u00a0\u00bb400&#215;400&Prime; alignment=\u00a0\u00bbcenter\u00a0\u00bb style=\u00a0\u00bbvc_box_circle_2&Prime;][\/vc_column][vc_column width=\u00a0\u00bb1\/2&Prime;][vc_empty_space][vc_column_text]<\/p>\n<h2><strong>\u00c0 propos du Mali<\/strong><\/h2>\n<p><span style=\"font-weight: 400;\">Le Mali est un pays enclav\u00e9 situ\u00e9 en Afrique de l&rsquo;Ouest. Le Mali a des fronti\u00e8res communes avec l&rsquo;Alg\u00e9rie, le Niger, le Burkina Faso, la C\u00f4te d&rsquo;Ivoire, la Guin\u00e9e, le S\u00e9n\u00e9gal et la Mauritanie. La majeure partie du pays, environ 65 %, est aride, mais sa partie m\u00e9ridionale est subtropicale. Sa capitale, Bamako, est situ\u00e9e au sud-ouest et repr\u00e9sente le principal centre culturel et urbain du pays. La ville devrait doubler d&rsquo;ici 2035 et est l&rsquo;une de celles qui connaissent la croissance la plus rapide en Afrique. Le Mali, gr\u00e2ce \u00e0 sa structure d&rsquo;\u00e2ge jeune, \u00e0 la baisse de son taux de mortalit\u00e9 et au maintien d&rsquo;un taux de f\u00e9condit\u00e9 \u00e9lev\u00e9, devrait conna\u00eetre une croissance d\u00e9mographique rapide et continue dans un avenir pr\u00e9visible. <\/span><\/p>\n<p><span style=\"font-weight: 400;\">C&rsquo;est l&rsquo;un des pays les plus pauvres d&rsquo;Afrique et il a connu un pass\u00e9 tumultueux. Le conflit en cours dans le nord du pays a entra\u00een\u00e9 des difficult\u00e9s consid\u00e9rables et un nombre important de personnes d\u00e9plac\u00e9es \u00e0 l&rsquo;int\u00e9rieur du pays. <\/span>[\/vc_column_text][\/vc_column][\/vc_row][vc_row css=\u00a0\u00bb.vc_custom_1655278436857{background-position: center !important;background-repeat: no-repeat !important;background-size: cover !important;}\u00a0\u00bb el_class=\u00a0\u00bbdownloadpdf\u00a0\u00bb][vc_column css=\u00a0\u00bb.vc_custom_1655278397607{background-color: #ffffff !important;}\u00a0\u00bb][vc_empty_space][vc_column_text]<\/p>\n<h2><strong>Pourquoi r\u00e9aliser une \u00e9tude de march\u00e9 ?<\/strong><\/h2>\n<p><span style=\"font-weight: 400;\">L&rsquo;\u00e9conomie du Mali est tr\u00e8s d\u00e9pendante de l&rsquo;extraction de l&rsquo;or et des exportations agricoles. Par cons\u00e9quent, sa stabilit\u00e9 \u00e9conomique d\u00e9pend des fluctuations des prix et de la production des mati\u00e8res premi\u00e8res. Le coton repr\u00e9sente \u00e9galement une part importante des exportations. Les deux mati\u00e8res premi\u00e8res combin\u00e9es repr\u00e9sentent 80 % des exportations en valeur mon\u00e9taire. Cependant, l&rsquo;extraction et la production de ces mati\u00e8res premi\u00e8res n&#8217;emploient pas beaucoup de Maliens. Environ 80 % de la population travaille dans l&rsquo;agriculture ou la p\u00eache, et 10 % vit un mode de vie nomade. <\/span><\/p>\n<p><span style=\"font-weight: 400;\">Toutefois, certaines r\u00e9gions pr\u00e9sentent des perspectives positives. Le Mali fait le n\u00e9cessaire pour d\u00e9velopper son industrie d&rsquo;extraction du minerai de fer afin de diversifier son \u00e9conomie. En outre, l&rsquo;\u00e9conomie a r\u00e9ussi \u00e0 rebondir depuis le coup d&rsquo;\u00c9tat de 2012, avec une croissance sup\u00e9rieure \u00e0 5 % la plupart des ann\u00e9es. <\/span>[\/vc_column_text][vc_empty_space][\/vc_column][\/vc_row][vc_row full_width=\u00a0\u00bbstretch_row\u00a0\u00bb css=\u00a0\u00bb.vc_custom_1663247008327{background-image: url(https:\/\/sagaciresearch.com\/wp-content\/uploads\/2022\/09\/Market-research-in-Mali.jpg?id=14679) !important;background-position: center !important;background-repeat: no-repeat !important;background-size: cover !important;}\u00a0\u00bb][vc_column][vc_empty_space height=\u00a0\u00bb400px\u00a0\u00bb][\/vc_column][\/vc_row][vc_row css=\u00a0\u00bb.vc_custom_1655278436857{background-position: center !important;background-repeat: no-repeat !important;background-size: cover !important;}\u00a0\u00bb el_class=\u00a0\u00bbdownloadpdf\u00a0\u00bb][vc_column css=\u00a0\u00bb.vc_custom_1655278397607{background-color: #ffffff !important;}\u00a0\u00bb][vc_empty_space][vc_column_text]<\/p>\n<h2><strong>Donn\u00e9es repr\u00e9sentatives du march\u00e9<\/strong><\/h2>\n<p><span style=\"font-weight: 400;\">Mener des projets de recherche au Mali est une \u00e9tape n\u00e9cessaire pour assurer votre r\u00e9ussite. Toutefois, en raison des niveaux \u00e9lev\u00e9s de corruption et de la faiblesse des infrastructures, ainsi que de la dispersion de la population, il peut s&rsquo;av\u00e9rer difficile de capter efficacement l&rsquo;essence de la base de consommateurs du Mali. Chez Sagaci Research, nous pouvons vous fournir les outils n\u00e9cessaires pour obtenir une analyse in\u00e9gal\u00e9e du march\u00e9 malien. Voici les produits et services que nous proposons :<\/span>[\/vc_column_text][vc_empty_space][\/vc_column][\/vc_row][vc_row full_width=\u00a0\u00bbstretch_row\u00a0\u00bb css=\u00a0\u00bb.vc_custom_1655372755822{padding-top: 47px !important;padding-bottom: 60px !important;background-color: #ededa1 !important;}\u00a0\u00bb el_class=\u00a0\u00bbgradient\u00a0\u00bb][vc_column][vc_custom_heading stm_title_font_weight=\u00a0\u00bb400&Prime; text=\u00a0\u00bbM\u00e9thodes d&rsquo;\u00e9tude de march\u00e9 au Mali\u00a0\u00bb font_container=\u00a0\u00bbtag:h2|text_align:center\u00a0\u00bb use_theme_fonts=\u00a0\u00bbyes\u00a0\u00bb][vc_row_inner equal_height=\u00a0\u00bbyes\u00a0\u00bb content_placement=\u00a0\u00bbmiddle\u00a0\u00bb gap=\u00a0\u00bb20&Prime; el_class=\u00a0\u00bbsquare\u00a0\u00bb][vc_column_inner width=\u00a0\u00bb1\/2&Prime; css=\u00a0\u00bb.vc_custom_1620309789350{background-color: #ffffff !important;}\u00a0\u00bb][stm_info_box align_center=\u00a0\u00bbyes\u00a0\u00bb style=\u00a0\u00bbstyle_2&Prime; title=\u00a0\u00bbPanel en ligne\u00a0\u00bb css=\u00a0\u00bb.vc_custom_1663336327644{padding-top: 10px !important;padding-right: 50px !important;padding-bottom: 10px !important;padding-left: 50px !important;}\u00a0\u00bb]<span style=\"font-weight: 400;\">Acc\u00e9dez \u00e0 votre march\u00e9 cible et obtenez les informations dont vous avez besoin dans un d\u00e9lai tr\u00e8s court gr\u00e2ce \u00e0 nos repr\u00e9sentants mobiles. <\/span><a href=\"https:\/\/sagaciresearch.com\/online-panel-in-mali\" target=\"_blank\" rel=\"noopener\"><span style=\"font-weight: 400;\">Cliquez ici pour plus d&rsquo;informations<\/span><\/a><span style=\"font-weight: 400;\">. <\/span> [\/stm_info_box][\/vc_column_inner][vc_column_inner width=\u00a0\u00bb1\/2&Prime; css=\u00a0\u00bb.vc_custom_1620309810456{background-color: #ffffff !important;}\u00a0\u00bb][stm_info_box align_center=\u00a0\u00bbyes\u00a0\u00bb style=\u00a0\u00bbstyle_2&Prime; title=\u00a0\u00bbSagaBrand\u00a0\u00bb css=\u00a0\u00bb.vc_custom_1655279582146{padding-top: 10px !important;padding-right: 50px !important;padding-bottom: 10px !important;padding-left: 50px !important;}\u00a0\u00bb]<span style=\"font-weight: 400;\">Suivez les performances de votre marque et transformez des informations pr\u00e9cieuses en r\u00e9sultats. Nous fournissons des rapports mensuels, trimestriels ou semestriels. Choisissez l&rsquo;option qui convient le mieux \u00e0 votre entreprise et commencez \u00e0 surveiller la sant\u00e9 de votre marque. <\/span><a href=\"https:\/\/sagaciresearch.com\/products\/sagabrand\/\" target=\"_blank\" rel=\"noopener\"><span style=\"font-weight: 400;\">D\u00e9couvrez les outils qui s&rsquo;offrent \u00e0 vous ici<\/span><\/a><span style=\"font-weight: 400;\">.<\/span>[\/stm_info_box][\/vc_column_inner][\/vc_row_inner][vc_row_inner equal_height=\u00a0\u00bbyes\u00a0\u00bb gap=\u00a0\u00bb20&Prime; el_class=\u00a0\u00bbsquare\u00a0\u00bb][vc_column_inner width=\u00a0\u00bb1\/2&Prime; css=\u00a0\u00bb.vc_custom_1620309927520{background-color: #ffffff !important;}\u00a0\u00bb][stm_info_box align_center=\u00a0\u00bbyes\u00a0\u00bb style=\u00a0\u00bbstyle_2&Prime; title=\u00a0\u00bbSagaCube\u00a0\u00bb css=\u00a0\u00bb.vc_custom_1655279551634{padding-top: 10px !important;padding-right: 50px !important;padding-bottom: 10px !important;padding-left: 50px !important;}\u00a0\u00bb]<span style=\"font-weight: 400;\">Acc\u00e9dez \u00e0 un rapport unique et approfondi sur les habitudes de consommation de vos consommateurs cibles. Choisissez parmi une liste de plus de 140 \u00e9l\u00e9ments dans le pays qui vous int\u00e9resse et t\u00e9l\u00e9chargez votre rapport d\u00e8s aujourd&rsquo;hui ! <\/span><a href=\"https:\/\/sagaciresearch.com\/products\/sagacube\/\" target=\"_blank\" rel=\"noopener\"><span style=\"font-weight: 400;\">Acc\u00e9der ici. <\/span><\/a>[\/stm_info_box][\/vc_column_inner][vc_column_inner width=\u00a0\u00bb1\/2&Prime; css=\u00a0\u00bb.vc_custom_1620309998812{background-color: #ffffff !important;}\u00a0\u00bb][stm_info_box align_center=\u00a0\u00bbyes\u00a0\u00bb style=\u00a0\u00bbstyle_2&Prime; title=\u00a0\u00bbSagaTracker\u00a0\u00bb css=\u00a0\u00bb.vc_custom_1655279542045{padding-top: 10px !important;padding-right: 50px !important;padding-bottom: 10px !important;padding-left: 50px !important;}\u00a0\u00bb]<span style=\"font-weight: 400;\">Obtenez des informations cl\u00e9s sur les canaux de distribution les plus efficaces pour vos produits. Acc\u00e9dez \u00e0 des mesures directes en fonction de vos besoins. <\/span><a href=\"https:\/\/sagaciresearch.com\/products\/sagatracker\/\" target=\"_blank\" rel=\"noopener\"><br \/>\n<span style=\"font-weight: 400;\">Contactez nous ici<\/span><br \/>\n<\/a><span style=\"font-weight: 400;\">. <\/span> [\/stm_info_box][\/vc_column_inner][\/vc_row_inner][\/vc_column][\/vc_row][vc_row][vc_column][vc_empty_space height=\u00a0\u00bb60px\u00a0\u00bb][\/vc_column][\/vc_row][vc_row][vc_column][vc_custom_heading stm_title_font_weight=\u00a0\u00bb400&Prime; text=\u00a0\u00bbEn savoir plus sur les \u00e9tudes syndiqu\u00e9es au Mali\u00a0\u00bb font_container=\u00a0\u00bbtag:h3|text_align:center\u00a0\u00bb use_theme_fonts=\u00a0\u00bbyes\u00a0\u00bb][stm_news loop=\u00a0\u00bbsize:4|post_type:post|categories:98&Prime; posts_per_row=\u00a0\u00bb4&Prime;][\/vc_column][\/vc_row][vc_row][vc_column][vc_column_text][\/vc_column_text][\/vc_column][\/vc_row]<\/p>\n","protected":false},"excerpt":{"rendered":"<p>[vc_row][vc_column width=\u00a0\u00bb1\/2&Prime; css=\u00a0\u00bb.vc_custom_1614249031381{padding-top: 30px !important;padding-right: 30px !important;padding-bottom: 30px !important;padding-left: 30px !important;}\u00a0\u00bb][vc_column_text] \u00c9tude de march\u00e9 au Mali La croissance des secteurs minier, agricole et \u00e9nerg\u00e9tique devrait se poursuivre \u00e0 l&rsquo;avenir et tirer la croissance du PIB. Il existe toutefois des opportunit\u00e9s int\u00e9ressantes dans les secteurs des produits chimiques et pharmaceutiques, de la construction, de l&rsquo;extraction mini\u00e8re<\/p>\n","protected":false},"author":6,"featured_media":0,"parent":16105,"menu_order":0,"comment_status":"closed","ping_status":"closed","template":"","meta":{"_acf_changed":false,"footnotes":""},"class_list":["post-17332","page","type-page","status-publish","hentry"],"acf":[],"yoast_head":"<!-- This site is optimized with the Yoast SEO plugin v27.2 - https:\/\/yoast.com\/product\/yoast-seo-wordpress\/ -->\n<title>\u00c9tude de march\u00e9 au Mali - Sagaci Research<\/title>\n<meta name=\"description\" content=\"La r\u00e9alisation d&#039;une \u00e9tude de march\u00e9 au Mali est une \u00e9tape n\u00e9cessaire pour assurer votre succ\u00e8s. Nous pouvons vous fournir les outils n\u00e9cessaires pour obtenir une analyse in\u00e9gal\u00e9e du march\u00e9 malien.\" \/>\n<meta name=\"robots\" content=\"index, follow, max-snippet:-1, max-image-preview:large, max-video-preview:-1\" \/>\n<link rel=\"canonical\" href=\"https:\/\/sagaciresearch.com\/fr\/notre-presence\/etude-de-marche-au-mali\/\" \/>\n<meta property=\"og:locale\" content=\"fr_FR\" \/>\n<meta property=\"og:type\" content=\"article\" \/>\n<meta property=\"og:title\" content=\"\u00c9tude de march\u00e9 au Mali - Sagaci Research\" \/>\n<meta property=\"og:description\" content=\"La r\u00e9alisation d&#039;une \u00e9tude de march\u00e9 au Mali est une \u00e9tape n\u00e9cessaire pour assurer votre succ\u00e8s. Nous pouvons vous fournir les outils n\u00e9cessaires pour obtenir une analyse in\u00e9gal\u00e9e du march\u00e9 malien.\" \/>\n<meta property=\"og:url\" content=\"https:\/\/sagaciresearch.com\/fr\/notre-presence\/etude-de-marche-au-mali\/\" \/>\n<meta property=\"og:site_name\" content=\"Sagaci Research\" \/>\n<meta property=\"article:modified_time\" content=\"2024-02-15T10:11:26+00:00\" \/>\n<meta name=\"twitter:card\" content=\"summary_large_image\" \/>\n<meta name=\"twitter:label1\" content=\"Dur\u00e9e de lecture estim\u00e9e\" \/>\n\t<meta name=\"twitter:data1\" content=\"4 minutes\" \/>\n<script type=\"application\/ld+json\" class=\"yoast-schema-graph\">{\"@context\":\"https:\/\/schema.org\",\"@graph\":[{\"@type\":\"WebPage\",\"@id\":\"https:\/\/sagaciresearch.com\/fr\/notre-presence\/etude-de-marche-au-mali\/\",\"url\":\"https:\/\/sagaciresearch.com\/fr\/notre-presence\/etude-de-marche-au-mali\/\",\"name\":\"\u00c9tude de march\u00e9 au Mali - Sagaci Research\",\"isPartOf\":{\"@id\":\"https:\/\/sagaciresearch.com\/#website\"},\"datePublished\":\"2022-09-15T13:05:14+00:00\",\"dateModified\":\"2024-02-15T10:11:26+00:00\",\"description\":\"La r\u00e9alisation d'une \u00e9tude de march\u00e9 au Mali est une \u00e9tape n\u00e9cessaire pour assurer votre succ\u00e8s. Nous pouvons vous fournir les outils n\u00e9cessaires pour obtenir une analyse in\u00e9gal\u00e9e du march\u00e9 malien.\",\"breadcrumb\":{\"@id\":\"https:\/\/sagaciresearch.com\/fr\/notre-presence\/etude-de-marche-au-mali\/#breadcrumb\"},\"inLanguage\":\"fr-FR\",\"potentialAction\":[{\"@type\":\"ReadAction\",\"target\":[\"https:\/\/sagaciresearch.com\/fr\/notre-presence\/etude-de-marche-au-mali\/\"]}]},{\"@type\":\"BreadcrumbList\",\"@id\":\"https:\/\/sagaciresearch.com\/fr\/notre-presence\/etude-de-marche-au-mali\/#breadcrumb\",\"itemListElement\":[{\"@type\":\"ListItem\",\"position\":1,\"name\":\"Home\",\"item\":\"https:\/\/sagaciresearch.com\/fr\/\"},{\"@type\":\"ListItem\",\"position\":2,\"name\":\"Notre pr\u00e9sence\",\"item\":\"https:\/\/sagaciresearch.com\/fr\/notre-presence\/\"},{\"@type\":\"ListItem\",\"position\":3,\"name\":\"\u00c9tude de march\u00e9 au Mali\"}]},{\"@type\":\"WebSite\",\"@id\":\"https:\/\/sagaciresearch.com\/#website\",\"url\":\"https:\/\/sagaciresearch.com\/\",\"name\":\"Sagaci Research\",\"description\":\"We provide data and insights you can trust to fuel your growth\",\"publisher\":{\"@id\":\"https:\/\/sagaciresearch.com\/#organization\"},\"potentialAction\":[{\"@type\":\"SearchAction\",\"target\":{\"@type\":\"EntryPoint\",\"urlTemplate\":\"https:\/\/sagaciresearch.com\/?s={search_term_string}\"},\"query-input\":{\"@type\":\"PropertyValueSpecification\",\"valueRequired\":true,\"valueName\":\"search_term_string\"}}],\"inLanguage\":\"fr-FR\"},{\"@type\":\"Organization\",\"@id\":\"https:\/\/sagaciresearch.com\/#organization\",\"name\":\"Sagaci Research\",\"url\":\"https:\/\/sagaciresearch.com\/\",\"logo\":{\"@type\":\"ImageObject\",\"inLanguage\":\"fr-FR\",\"@id\":\"https:\/\/sagaciresearch.com\/#\/schema\/logo\/image\/\",\"url\":\"https:\/\/sagaciresearch.com\/wp-content\/uploads\/2019\/09\/SR2.jpg\",\"contentUrl\":\"https:\/\/sagaciresearch.com\/wp-content\/uploads\/2019\/09\/SR2.jpg\",\"width\":960,\"height\":960,\"caption\":\"Sagaci Research\"},\"image\":{\"@id\":\"https:\/\/sagaciresearch.com\/#\/schema\/logo\/image\/\"}}]}<\/script>\n<!-- \/ Yoast SEO plugin. -->","yoast_head_json":{"title":"\u00c9tude de march\u00e9 au Mali - Sagaci Research","description":"La r\u00e9alisation d'une \u00e9tude de march\u00e9 au Mali est une \u00e9tape n\u00e9cessaire pour assurer votre succ\u00e8s. Nous pouvons vous fournir les outils n\u00e9cessaires pour obtenir une analyse in\u00e9gal\u00e9e du march\u00e9 malien.","robots":{"index":"index","follow":"follow","max-snippet":"max-snippet:-1","max-image-preview":"max-image-preview:large","max-video-preview":"max-video-preview:-1"},"canonical":"https:\/\/sagaciresearch.com\/fr\/notre-presence\/etude-de-marche-au-mali\/","og_locale":"fr_FR","og_type":"article","og_title":"\u00c9tude de march\u00e9 au Mali - Sagaci Research","og_description":"La r\u00e9alisation d'une \u00e9tude de march\u00e9 au Mali est une \u00e9tape n\u00e9cessaire pour assurer votre succ\u00e8s. Nous pouvons vous fournir les outils n\u00e9cessaires pour obtenir une analyse in\u00e9gal\u00e9e du march\u00e9 malien.","og_url":"https:\/\/sagaciresearch.com\/fr\/notre-presence\/etude-de-marche-au-mali\/","og_site_name":"Sagaci Research","article_modified_time":"2024-02-15T10:11:26+00:00","twitter_card":"summary_large_image","twitter_misc":{"Dur\u00e9e de lecture estim\u00e9e":"4 minutes"},"schema":{"@context":"https:\/\/schema.org","@graph":[{"@type":"WebPage","@id":"https:\/\/sagaciresearch.com\/fr\/notre-presence\/etude-de-marche-au-mali\/","url":"https:\/\/sagaciresearch.com\/fr\/notre-presence\/etude-de-marche-au-mali\/","name":"\u00c9tude de march\u00e9 au Mali - Sagaci Research","isPartOf":{"@id":"https:\/\/sagaciresearch.com\/#website"},"datePublished":"2022-09-15T13:05:14+00:00","dateModified":"2024-02-15T10:11:26+00:00","description":"La r\u00e9alisation d'une \u00e9tude de march\u00e9 au Mali est une \u00e9tape n\u00e9cessaire pour assurer votre succ\u00e8s. Nous pouvons vous fournir les outils n\u00e9cessaires pour obtenir une analyse in\u00e9gal\u00e9e du march\u00e9 malien.","breadcrumb":{"@id":"https:\/\/sagaciresearch.com\/fr\/notre-presence\/etude-de-marche-au-mali\/#breadcrumb"},"inLanguage":"fr-FR","potentialAction":[{"@type":"ReadAction","target":["https:\/\/sagaciresearch.com\/fr\/notre-presence\/etude-de-marche-au-mali\/"]}]},{"@type":"BreadcrumbList","@id":"https:\/\/sagaciresearch.com\/fr\/notre-presence\/etude-de-marche-au-mali\/#breadcrumb","itemListElement":[{"@type":"ListItem","position":1,"name":"Home","item":"https:\/\/sagaciresearch.com\/fr\/"},{"@type":"ListItem","position":2,"name":"Notre pr\u00e9sence","item":"https:\/\/sagaciresearch.com\/fr\/notre-presence\/"},{"@type":"ListItem","position":3,"name":"\u00c9tude de march\u00e9 au Mali"}]},{"@type":"WebSite","@id":"https:\/\/sagaciresearch.com\/#website","url":"https:\/\/sagaciresearch.com\/","name":"Sagaci Research","description":"We provide data and insights you can trust to fuel your growth","publisher":{"@id":"https:\/\/sagaciresearch.com\/#organization"},"potentialAction":[{"@type":"SearchAction","target":{"@type":"EntryPoint","urlTemplate":"https:\/\/sagaciresearch.com\/?s={search_term_string}"},"query-input":{"@type":"PropertyValueSpecification","valueRequired":true,"valueName":"search_term_string"}}],"inLanguage":"fr-FR"},{"@type":"Organization","@id":"https:\/\/sagaciresearch.com\/#organization","name":"Sagaci Research","url":"https:\/\/sagaciresearch.com\/","logo":{"@type":"ImageObject","inLanguage":"fr-FR","@id":"https:\/\/sagaciresearch.com\/#\/schema\/logo\/image\/","url":"https:\/\/sagaciresearch.com\/wp-content\/uploads\/2019\/09\/SR2.jpg","contentUrl":"https:\/\/sagaciresearch.com\/wp-content\/uploads\/2019\/09\/SR2.jpg","width":960,"height":960,"caption":"Sagaci Research"},"image":{"@id":"https:\/\/sagaciresearch.com\/#\/schema\/logo\/image\/"}}]}},"_links":{"self":[{"href":"https:\/\/sagaciresearch.com\/fr\/wp-json\/wp\/v2\/pages\/17332","targetHints":{"allow":["GET"]}}],"collection":[{"href":"https:\/\/sagaciresearch.com\/fr\/wp-json\/wp\/v2\/pages"}],"about":[{"href":"https:\/\/sagaciresearch.com\/fr\/wp-json\/wp\/v2\/types\/page"}],"author":[{"embeddable":true,"href":"https:\/\/sagaciresearch.com\/fr\/wp-json\/wp\/v2\/users\/6"}],"replies":[{"embeddable":true,"href":"https:\/\/sagaciresearch.com\/fr\/wp-json\/wp\/v2\/comments?post=17332"}],"version-history":[{"count":2,"href":"https:\/\/sagaciresearch.com\/fr\/wp-json\/wp\/v2\/pages\/17332\/revisions"}],"predecessor-version":[{"id":18550,"href":"https:\/\/sagaciresearch.com\/fr\/wp-json\/wp\/v2\/pages\/17332\/revisions\/18550"}],"up":[{"embeddable":true,"href":"https:\/\/sagaciresearch.com\/fr\/wp-json\/wp\/v2\/pages\/16105"}],"wp:attachment":[{"href":"https:\/\/sagaciresearch.com\/fr\/wp-json\/wp\/v2\/media?parent=17332"}],"curies":[{"name":"wp","href":"https:\/\/api.w.org\/{rel}","templated":true}]}}