{"id":17330,"date":"2022-09-15T14:39:08","date_gmt":"2022-09-15T12:39:08","guid":{"rendered":"https:\/\/sagaciresearch.com\/notre-presence\/etude-de-marche-a-madagascar\/"},"modified":"2024-02-15T11:10:46","modified_gmt":"2024-02-15T10:10:46","slug":"etude-de-marche-a-madagascar","status":"publish","type":"page","link":"https:\/\/sagaciresearch.com\/fr\/notre-presence\/etude-de-marche-a-madagascar\/","title":{"rendered":"\u00c9tude de march\u00e9 \u00e0 Madagascar"},"content":{"rendered":"<p>[vc_row][vc_column width=\u00a0\u00bb1\/2&Prime; css=\u00a0\u00bb.vc_custom_1614249031381{padding-top: 30px !important;padding-right: 30px !important;padding-bottom: 30px !important;padding-left: 30px !important;}\u00a0\u00bb][vc_column_text]<\/p>\n<h2><strong>\u00c9tude de march\u00e9 \u00e0 <b>Madagascar<\/b><\/strong><\/h2>\n<p><span style=\"font-weight: 400;\">Malgr\u00e9 les probl\u00e8mes r\u00e9pandus \u00e0 Madagascar, le pays offre des opportunit\u00e9s notables. Sur le plan d\u00e9mographique, la population du pays reste jeune et les niveaux d&rsquo;\u00e9ducation augmentent. Madagascar a \u00e9galement conclu des accords commerciaux pr\u00e9f\u00e9rentiels avec l&rsquo;UE et les \u00c9tats-Unis, et des accords d&rsquo;importation avec l&rsquo;Afrique de l&rsquo;Est. <\/span>[\/vc_column_text][vc_btn title=\u00a0\u00bbNous contacter\u00a0\u00bb color=\u00a0\u00bborange\u00a0\u00bb link=\u00a0\u00bburl:%2Fcontact%2F%3Fshow%3Dcontact%26source%3DSagaBrand%2520Contact|title:Contact%20us\u00a0\u00bb el_class=\u00a0\u00bbmarketresearchbutton\u00a0\u00bb][\/vc_column][vc_column width=\u00a0\u00bb1\/2&Prime; css=\u00a0\u00bb.vc_custom_1655804674483{padding-top: 20px !important;padding-right: 20px !important;padding-left: 20px !important;}\u00a0\u00bb][vc_single_image image=\u00a0\u00bb13852&Prime; img_size=\u00a0\u00bb400&#215;400&Prime; alignment=\u00a0\u00bbcenter\u00a0\u00bb css_animation=\u00a0\u00bbfadeIn\u00a0\u00bb][\/vc_column][\/vc_row][vc_row full_width=\u00a0\u00bbstretch_row\u00a0\u00bb css=\u00a0\u00bb.vc_custom_1655372764432{border-bottom-width: 20px !important;padding-top: 20px !important;background-color: #ededa1 !important;}\u00a0\u00bb el_class=\u00a0\u00bbgradient\u00a0\u00bb][vc_column width=\u00a0\u00bb1\/2&Prime; css=\u00a0\u00bb.vc_custom_1614249031381{padding-top: 30px !important;padding-right: 30px !important;padding-bottom: 30px !important;padding-left: 30px !important;}\u00a0\u00bb][vc_single_image image=\u00a0\u00bb14672&Prime; img_size=\u00a0\u00bb400&#215;400&Prime; alignment=\u00a0\u00bbcenter\u00a0\u00bb style=\u00a0\u00bbvc_box_circle_2&Prime;][\/vc_column][vc_column width=\u00a0\u00bb1\/2&Prime;][vc_empty_space][vc_column_text]<\/p>\n<h2><strong>\u00c0 propos de <b>Madagascar<\/b><\/strong><\/h2>\n<p><span style=\"font-weight: 400;\">Madagascar est une \u00eele situ\u00e9e \u00e0 plus de 500 km des c\u00f4tes de l&rsquo;Afrique de l&rsquo;Est. Le pays abrite plus de 25 millions d&rsquo;habitants, ainsi que des paysages uniques et d&rsquo;innombrables esp\u00e8ces end\u00e9miques. C&rsquo;est le pays le plus riche en biodiversit\u00e9 de la plan\u00e8te, avec plus de 12 000 plantes uniques et des animaux comme les l\u00e9muriens ou les fossas. Cependant, en raison de l&rsquo;isolement du pays, sa population a incroyablement souffert et reste l&rsquo;un des pays les plus pauvres du monde. La majorit\u00e9 de la population vit encore sous le seuil de pauvret\u00e9. En outre, la corruption et l&rsquo;instabilit\u00e9 politique ont aggrav\u00e9 la situation du pays. <\/span><\/p>\n<p>[\/vc_column_text][\/vc_column][\/vc_row][vc_row css=\u00a0\u00bb.vc_custom_1655278436857{background-position: center !important;background-repeat: no-repeat !important;background-size: cover !important;}\u00a0\u00bb el_class=\u00a0\u00bbdownloadpdf\u00a0\u00bb][vc_column css=\u00a0\u00bb.vc_custom_1655278397607{background-color: #ffffff !important;}\u00a0\u00bb][vc_empty_space][vc_column_text]<\/p>\n<h2><strong>Pourquoi r\u00e9aliser une \u00e9tude de march\u00e9 ?<\/strong><\/h2>\n<p><span style=\"font-weight: 400;\">Plusieurs secteurs sont promis \u00e0 une croissance importante \u00e0 l&rsquo;avenir, comme la production textile et l&rsquo;industrie manufacturi\u00e8re, gr\u00e2ce \u00e0 une main-d&rsquo;\u0153uvre qualifi\u00e9e et \u00e0 des salaires comp\u00e9titifs. Votre entreprise b\u00e9n\u00e9ficiera \u00e9galement de faibles co\u00fbts de d\u00e9marrage et d&rsquo;une bonne infrastructure dans les principales villes du pays. <\/span><\/p>\n<p><span style=\"font-weight: 400;\">Cependant, Madagascar reste une destination attrayante pour les investissements. Elle est \u00e0 l&rsquo;avant-garde de certains produits tr\u00e8s demand\u00e9s au niveau mondial. Elle est par exemple le premier producteur de vanille. Le pays est \u00e9galement un important exportateur de sucre, de caf\u00e9 et de min\u00e9raux tels que les pierres pr\u00e9cieuses. Elle abrite \u00e9galement des industries uniques : c&rsquo;est le seul pays qui produit du caviar en Afrique.<\/span>[\/vc_column_text][vc_empty_space][\/vc_column][\/vc_row][vc_row full_width=\u00a0\u00bbstretch_row\u00a0\u00bb css=\u00a0\u00bb.vc_custom_1663245506653{background-image: url(https:\/\/sagaciresearch.com\/wp-content\/uploads\/2022\/09\/Market-research-in-Madagascar-2.jpg?id=14675) !important;background-position: center !important;background-repeat: no-repeat !important;background-size: cover !important;}\u00a0\u00bb][vc_column][vc_empty_space height=\u00a0\u00bb400px\u00a0\u00bb][\/vc_column][\/vc_row][vc_row css=\u00a0\u00bb.vc_custom_1655278436857{background-position: center !important;background-repeat: no-repeat !important;background-size: cover !important;}\u00a0\u00bb el_class=\u00a0\u00bbdownloadpdf\u00a0\u00bb][vc_column css=\u00a0\u00bb.vc_custom_1655278397607{background-color: #ffffff !important;}\u00a0\u00bb][vc_empty_space][vc_column_text]<\/p>\n<h2><strong>Donn\u00e9es repr\u00e9sentatives du march\u00e9<\/strong><\/h2>\n<p><span style=\"font-weight: 400;\">L&rsquo;acquisition d&rsquo;une solide connaissance de Madagascar devrait contribuer \u00e0 la r\u00e9ussite de votre d\u00e9veloppement dans le pays. Toutefois, il peut s&rsquo;av\u00e9rer difficile de dresser un tableau pr\u00e9cis de sa base de consommateurs, en raison des diff\u00e9rences \u00e9videntes d&rsquo;habitudes et de tendances entre les populations de la c\u00f4te et celles des hauts plateaux. Chez Sagaci Research, nous sommes en mesure de vous fournir les outils n\u00e9cessaires pour prendre des d\u00e9cisions \u00e9clair\u00e9es \u00e0 Madagascar. Voici quelques-uns de nos outils :<\/span>[\/vc_column_text][vc_empty_space][\/vc_column][\/vc_row][vc_row full_width=\u00a0\u00bbstretch_row\u00a0\u00bb css=\u00a0\u00bb.vc_custom_1655372755822{padding-top: 47px !important;padding-bottom: 60px !important;background-color: #ededa1 !important;}\u00a0\u00bb el_class=\u00a0\u00bbgradient\u00a0\u00bb][vc_column][vc_custom_heading stm_title_font_weight=\u00a0\u00bb400&Prime; text=\u00a0\u00bbM\u00e9thodes d&rsquo;\u00e9tude de march\u00e9 \u00e0 Madagascar\u00a0\u00bb font_container=\u00a0\u00bbtag:h2|text_align:center\u00a0\u00bb use_theme_fonts=\u00a0\u00bbyes\u00a0\u00bb][vc_row_inner equal_height=\u00a0\u00bbyes\u00a0\u00bb content_placement=\u00a0\u00bbmiddle\u00a0\u00bb gap=\u00a0\u00bb20&Prime; el_class=\u00a0\u00bbsquare\u00a0\u00bb][vc_column_inner width=\u00a0\u00bb1\/2&Prime; css=\u00a0\u00bb.vc_custom_1620309789350{background-color: #ffffff !important;}\u00a0\u00bb][stm_info_box align_center=\u00a0\u00bbyes\u00a0\u00bb style=\u00a0\u00bbstyle_2&Prime; title=\u00a0\u00bbPanel en ligne\u00a0\u00bb css=\u00a0\u00bb.vc_custom_1663245147596{padding-top: 10px !important;padding-right: 50px !important;padding-bottom: 10px !important;padding-left: 50px !important;}\u00a0\u00bb]<span style=\"font-weight: 400;\">Un panel en ligne pr\u00eat \u00e0 r\u00e9pondre \u00e0 vos questions sur l&rsquo;\u00eele. Obtenez un grand nombre de r\u00e9ponses de votre public cible dans un d\u00e9lai incroyablement court \u00e0 Madagascar. Pour en savoir plus, cliquez ici. <\/span><a href=\"https:\/\/sagaciresearch.com\/online-panel-guinea\" target=\"_blank\" rel=\"noopener\"><br \/>\n<span style=\"font-weight: 400;\">Cliquez ici pour plus d&rsquo;informations<\/span><br \/>\n<\/a><span style=\"font-weight: 400;\">. <\/span> [\/stm_info_box][\/vc_column_inner][vc_column_inner width=\u00a0\u00bb1\/2&Prime; css=\u00a0\u00bb.vc_custom_1620309810456{background-color: #ffffff !important;}\u00a0\u00bb][stm_info_box align_center=\u00a0\u00bbyes\u00a0\u00bb style=\u00a0\u00bbstyle_2&Prime; title=\u00a0\u00bbSagaBrand\u00a0\u00bb css=\u00a0\u00bb.vc_custom_1663245246223{padding-top: 10px !important;padding-right: 50px !important;padding-bottom: 10px !important;padding-left: 50px !important;}\u00a0\u00bb]<span style=\"font-weight: 400;\">SagaBrand vous permet de suivre efficacement la sant\u00e9 de votre marque sur l&rsquo;\u00eele de Madagascar \u00e0 travers un certain nombre de KPI. Prenez des d\u00e9cisions fond\u00e9es sur des donn\u00e9es \u00e0 l&rsquo;aide de nos rapports t\u00e9l\u00e9chargeables. <a href=\"https:\/\/sagaciresearch.com\/products\/sagabrand\/\">D\u00e9couvrez les options qui s&rsquo;offrent \u00e0 vous ici<\/a>.<\/span>[\/stm_info_box][\/vc_column_inner][\/vc_row_inner][vc_row_inner equal_height=\u00a0\u00bbyes\u00a0\u00bb gap=\u00a0\u00bb20&Prime; el_class=\u00a0\u00bbsquare\u00a0\u00bb][vc_column_inner width=\u00a0\u00bb1\/2&Prime; css=\u00a0\u00bb.vc_custom_1620309927520{background-color: #ffffff !important;}\u00a0\u00bb][stm_info_box align_center=\u00a0\u00bbyes\u00a0\u00bb style=\u00a0\u00bbstyle_2&Prime; title=\u00a0\u00bbSagaCube\u00a0\u00bb css=\u00a0\u00bb.vc_custom_1663245215512{padding-top: 10px !important;padding-right: 50px !important;padding-bottom: 10px !important;padding-left: 50px !important;}\u00a0\u00bb]<span style=\"font-weight: 400;\">Choisissez une cat\u00e9gorie parmi une liste de plus de 140, et commencez \u00e0 obtenir des donn\u00e9es sur les consommateurs. D\u00e9couvrez les habitudes et les pr\u00e9f\u00e9rences des consommateurs en fonction des donn\u00e9es d\u00e9mographiques, identifiez les tendances et prenez des d\u00e9cisions fond\u00e9es sur des donn\u00e9es ! <\/span><a href=\"https:\/\/sagaciresearch.com\/products\/sagacube\/\" target=\"_blank\" rel=\"noopener\"><span style=\"font-weight: 400;\">Acc\u00e9der ici. <\/span><\/a>[\/stm_info_box][\/vc_column_inner][vc_column_inner width=\u00a0\u00bb1\/2&Prime; css=\u00a0\u00bb.vc_custom_1620309998812{background-color: #ffffff !important;}\u00a0\u00bb][stm_info_box align_center=\u00a0\u00bbyes\u00a0\u00bb style=\u00a0\u00bbstyle_2&Prime; title=\u00a0\u00bbSagaTracker\u00a0\u00bb css=\u00a0\u00bb.vc_custom_1663245227653{padding-top: 10px !important;padding-right: 50px !important;padding-bottom: 10px !important;padding-left: 50px !important;}\u00a0\u00bb]<span style=\"font-weight: 400;\">D\u00e9couvrez vos performances dans les canaux de distribution de Madagascar. Prenez des d\u00e9cisions \u00e9clair\u00e9es en suivant les performances des diff\u00e9rents canaux de vente au d\u00e9tail. <\/span><a href=\"https:\/\/sagaciresearch.com\/products\/sagatracker\/\" target=\"_blank\" rel=\"noopener\"><br \/>\n<span style=\"font-weight: 400;\">Contactez nous ici<\/span><br \/>\n<\/a><span style=\"font-weight: 400;\">. <\/span> [\/stm_info_box][\/vc_column_inner][\/vc_row_inner][\/vc_column][\/vc_row][vc_row][vc_column][vc_empty_space height=\u00a0\u00bb60px\u00a0\u00bb][\/vc_column][\/vc_row][vc_row][vc_column][vc_custom_heading stm_title_font_weight=\u00a0\u00bb400&Prime; text=\u00a0\u00bbEn savoir plus sur les \u00e9tudes syndiqu\u00e9es \u00e0 Madagascar\u00a0\u00bb font_container=\u00a0\u00bbtag:h3|text_align:center\u00a0\u00bb use_theme_fonts=\u00a0\u00bbyes\u00a0\u00bb][stm_news posts_per_row=\u00a0\u00bb4&Prime;][\/vc_column][\/vc_row][vc_row][vc_column][vc_column_text][\/vc_column_text][\/vc_column][\/vc_row]<\/p>\n","protected":false},"excerpt":{"rendered":"<p>[vc_row][vc_column width=\u00a0\u00bb1\/2&Prime; css=\u00a0\u00bb.vc_custom_1614249031381{padding-top: 30px !important;padding-right: 30px !important;padding-bottom: 30px !important;padding-left: 30px !important;}\u00a0\u00bb][vc_column_text] \u00c9tude de march\u00e9 \u00e0 Madagascar Malgr\u00e9 les probl\u00e8mes r\u00e9pandus \u00e0 Madagascar, le pays offre des opportunit\u00e9s notables. Sur le plan d\u00e9mographique, la population du pays reste jeune et les niveaux d&rsquo;\u00e9ducation augmentent. Madagascar a \u00e9galement conclu des accords commerciaux pr\u00e9f\u00e9rentiels avec l&rsquo;UE et les<\/p>\n","protected":false},"author":6,"featured_media":0,"parent":16105,"menu_order":0,"comment_status":"closed","ping_status":"closed","template":"","meta":{"_acf_changed":false,"footnotes":""},"class_list":["post-17330","page","type-page","status-publish","hentry"],"acf":[],"yoast_head":"<!-- This site is optimized with the Yoast SEO plugin v27.2 - https:\/\/yoast.com\/product\/yoast-seo-wordpress\/ -->\n<title>\u00c9tude de march\u00e9 \u00e0 Madagascar - Sagaci Research<\/title>\n<meta name=\"description\" content=\"Avec Sagaci Research, vous aurez les cl\u00e9s pour comprendre la d\u00e9mographie lors de votre \u00e9tude de march\u00e9 \u00e0 Madagascar.\" \/>\n<meta name=\"robots\" content=\"index, follow, max-snippet:-1, max-image-preview:large, max-video-preview:-1\" \/>\n<link rel=\"canonical\" href=\"https:\/\/sagaciresearch.com\/fr\/notre-presence\/etude-de-marche-a-madagascar\/\" \/>\n<meta property=\"og:locale\" content=\"fr_FR\" \/>\n<meta property=\"og:type\" content=\"article\" \/>\n<meta property=\"og:title\" content=\"\u00c9tude de march\u00e9 \u00e0 Madagascar - Sagaci Research\" \/>\n<meta property=\"og:description\" content=\"Avec Sagaci Research, vous aurez les cl\u00e9s pour comprendre la d\u00e9mographie lors de votre \u00e9tude de march\u00e9 \u00e0 Madagascar.\" \/>\n<meta property=\"og:url\" content=\"https:\/\/sagaciresearch.com\/fr\/notre-presence\/etude-de-marche-a-madagascar\/\" \/>\n<meta property=\"og:site_name\" content=\"Sagaci Research\" \/>\n<meta property=\"article:modified_time\" content=\"2024-02-15T10:10:46+00:00\" \/>\n<meta name=\"twitter:card\" content=\"summary_large_image\" \/>\n<meta name=\"twitter:label1\" content=\"Dur\u00e9e de lecture estim\u00e9e\" \/>\n\t<meta name=\"twitter:data1\" content=\"4 minutes\" \/>\n<script type=\"application\/ld+json\" class=\"yoast-schema-graph\">{\"@context\":\"https:\/\/schema.org\",\"@graph\":[{\"@type\":\"WebPage\",\"@id\":\"https:\/\/sagaciresearch.com\/fr\/notre-presence\/etude-de-marche-a-madagascar\/\",\"url\":\"https:\/\/sagaciresearch.com\/fr\/notre-presence\/etude-de-marche-a-madagascar\/\",\"name\":\"\u00c9tude de march\u00e9 \u00e0 Madagascar - Sagaci Research\",\"isPartOf\":{\"@id\":\"https:\/\/sagaciresearch.com\/#website\"},\"datePublished\":\"2022-09-15T12:39:08+00:00\",\"dateModified\":\"2024-02-15T10:10:46+00:00\",\"description\":\"Avec Sagaci Research, vous aurez les cl\u00e9s pour comprendre la d\u00e9mographie lors de votre \u00e9tude de march\u00e9 \u00e0 Madagascar.\",\"breadcrumb\":{\"@id\":\"https:\/\/sagaciresearch.com\/fr\/notre-presence\/etude-de-marche-a-madagascar\/#breadcrumb\"},\"inLanguage\":\"fr-FR\",\"potentialAction\":[{\"@type\":\"ReadAction\",\"target\":[\"https:\/\/sagaciresearch.com\/fr\/notre-presence\/etude-de-marche-a-madagascar\/\"]}]},{\"@type\":\"BreadcrumbList\",\"@id\":\"https:\/\/sagaciresearch.com\/fr\/notre-presence\/etude-de-marche-a-madagascar\/#breadcrumb\",\"itemListElement\":[{\"@type\":\"ListItem\",\"position\":1,\"name\":\"Home\",\"item\":\"https:\/\/sagaciresearch.com\/fr\/\"},{\"@type\":\"ListItem\",\"position\":2,\"name\":\"Notre pr\u00e9sence\",\"item\":\"https:\/\/sagaciresearch.com\/fr\/notre-presence\/\"},{\"@type\":\"ListItem\",\"position\":3,\"name\":\"\u00c9tude de march\u00e9 \u00e0 Madagascar\"}]},{\"@type\":\"WebSite\",\"@id\":\"https:\/\/sagaciresearch.com\/#website\",\"url\":\"https:\/\/sagaciresearch.com\/\",\"name\":\"Sagaci Research\",\"description\":\"We provide data and insights you can trust to fuel your growth\",\"publisher\":{\"@id\":\"https:\/\/sagaciresearch.com\/#organization\"},\"potentialAction\":[{\"@type\":\"SearchAction\",\"target\":{\"@type\":\"EntryPoint\",\"urlTemplate\":\"https:\/\/sagaciresearch.com\/?s={search_term_string}\"},\"query-input\":{\"@type\":\"PropertyValueSpecification\",\"valueRequired\":true,\"valueName\":\"search_term_string\"}}],\"inLanguage\":\"fr-FR\"},{\"@type\":\"Organization\",\"@id\":\"https:\/\/sagaciresearch.com\/#organization\",\"name\":\"Sagaci Research\",\"url\":\"https:\/\/sagaciresearch.com\/\",\"logo\":{\"@type\":\"ImageObject\",\"inLanguage\":\"fr-FR\",\"@id\":\"https:\/\/sagaciresearch.com\/#\/schema\/logo\/image\/\",\"url\":\"https:\/\/sagaciresearch.com\/wp-content\/uploads\/2019\/09\/SR2.jpg\",\"contentUrl\":\"https:\/\/sagaciresearch.com\/wp-content\/uploads\/2019\/09\/SR2.jpg\",\"width\":960,\"height\":960,\"caption\":\"Sagaci Research\"},\"image\":{\"@id\":\"https:\/\/sagaciresearch.com\/#\/schema\/logo\/image\/\"}}]}<\/script>\n<!-- \/ Yoast SEO plugin. -->","yoast_head_json":{"title":"\u00c9tude de march\u00e9 \u00e0 Madagascar - Sagaci Research","description":"Avec Sagaci Research, vous aurez les cl\u00e9s pour comprendre la d\u00e9mographie lors de votre \u00e9tude de march\u00e9 \u00e0 Madagascar.","robots":{"index":"index","follow":"follow","max-snippet":"max-snippet:-1","max-image-preview":"max-image-preview:large","max-video-preview":"max-video-preview:-1"},"canonical":"https:\/\/sagaciresearch.com\/fr\/notre-presence\/etude-de-marche-a-madagascar\/","og_locale":"fr_FR","og_type":"article","og_title":"\u00c9tude de march\u00e9 \u00e0 Madagascar - Sagaci Research","og_description":"Avec Sagaci Research, vous aurez les cl\u00e9s pour comprendre la d\u00e9mographie lors de votre \u00e9tude de march\u00e9 \u00e0 Madagascar.","og_url":"https:\/\/sagaciresearch.com\/fr\/notre-presence\/etude-de-marche-a-madagascar\/","og_site_name":"Sagaci Research","article_modified_time":"2024-02-15T10:10:46+00:00","twitter_card":"summary_large_image","twitter_misc":{"Dur\u00e9e de lecture estim\u00e9e":"4 minutes"},"schema":{"@context":"https:\/\/schema.org","@graph":[{"@type":"WebPage","@id":"https:\/\/sagaciresearch.com\/fr\/notre-presence\/etude-de-marche-a-madagascar\/","url":"https:\/\/sagaciresearch.com\/fr\/notre-presence\/etude-de-marche-a-madagascar\/","name":"\u00c9tude de march\u00e9 \u00e0 Madagascar - Sagaci Research","isPartOf":{"@id":"https:\/\/sagaciresearch.com\/#website"},"datePublished":"2022-09-15T12:39:08+00:00","dateModified":"2024-02-15T10:10:46+00:00","description":"Avec Sagaci Research, vous aurez les cl\u00e9s pour comprendre la d\u00e9mographie lors de votre \u00e9tude de march\u00e9 \u00e0 Madagascar.","breadcrumb":{"@id":"https:\/\/sagaciresearch.com\/fr\/notre-presence\/etude-de-marche-a-madagascar\/#breadcrumb"},"inLanguage":"fr-FR","potentialAction":[{"@type":"ReadAction","target":["https:\/\/sagaciresearch.com\/fr\/notre-presence\/etude-de-marche-a-madagascar\/"]}]},{"@type":"BreadcrumbList","@id":"https:\/\/sagaciresearch.com\/fr\/notre-presence\/etude-de-marche-a-madagascar\/#breadcrumb","itemListElement":[{"@type":"ListItem","position":1,"name":"Home","item":"https:\/\/sagaciresearch.com\/fr\/"},{"@type":"ListItem","position":2,"name":"Notre pr\u00e9sence","item":"https:\/\/sagaciresearch.com\/fr\/notre-presence\/"},{"@type":"ListItem","position":3,"name":"\u00c9tude de march\u00e9 \u00e0 Madagascar"}]},{"@type":"WebSite","@id":"https:\/\/sagaciresearch.com\/#website","url":"https:\/\/sagaciresearch.com\/","name":"Sagaci Research","description":"We provide data and insights you can trust to fuel your growth","publisher":{"@id":"https:\/\/sagaciresearch.com\/#organization"},"potentialAction":[{"@type":"SearchAction","target":{"@type":"EntryPoint","urlTemplate":"https:\/\/sagaciresearch.com\/?s={search_term_string}"},"query-input":{"@type":"PropertyValueSpecification","valueRequired":true,"valueName":"search_term_string"}}],"inLanguage":"fr-FR"},{"@type":"Organization","@id":"https:\/\/sagaciresearch.com\/#organization","name":"Sagaci Research","url":"https:\/\/sagaciresearch.com\/","logo":{"@type":"ImageObject","inLanguage":"fr-FR","@id":"https:\/\/sagaciresearch.com\/#\/schema\/logo\/image\/","url":"https:\/\/sagaciresearch.com\/wp-content\/uploads\/2019\/09\/SR2.jpg","contentUrl":"https:\/\/sagaciresearch.com\/wp-content\/uploads\/2019\/09\/SR2.jpg","width":960,"height":960,"caption":"Sagaci Research"},"image":{"@id":"https:\/\/sagaciresearch.com\/#\/schema\/logo\/image\/"}}]}},"_links":{"self":[{"href":"https:\/\/sagaciresearch.com\/fr\/wp-json\/wp\/v2\/pages\/17330","targetHints":{"allow":["GET"]}}],"collection":[{"href":"https:\/\/sagaciresearch.com\/fr\/wp-json\/wp\/v2\/pages"}],"about":[{"href":"https:\/\/sagaciresearch.com\/fr\/wp-json\/wp\/v2\/types\/page"}],"author":[{"embeddable":true,"href":"https:\/\/sagaciresearch.com\/fr\/wp-json\/wp\/v2\/users\/6"}],"replies":[{"embeddable":true,"href":"https:\/\/sagaciresearch.com\/fr\/wp-json\/wp\/v2\/comments?post=17330"}],"version-history":[{"count":2,"href":"https:\/\/sagaciresearch.com\/fr\/wp-json\/wp\/v2\/pages\/17330\/revisions"}],"predecessor-version":[{"id":18549,"href":"https:\/\/sagaciresearch.com\/fr\/wp-json\/wp\/v2\/pages\/17330\/revisions\/18549"}],"up":[{"embeddable":true,"href":"https:\/\/sagaciresearch.com\/fr\/wp-json\/wp\/v2\/pages\/16105"}],"wp:attachment":[{"href":"https:\/\/sagaciresearch.com\/fr\/wp-json\/wp\/v2\/media?parent=17330"}],"curies":[{"name":"wp","href":"https:\/\/api.w.org\/{rel}","templated":true}]}}