{"id":17324,"date":"2022-07-29T09:42:00","date_gmt":"2022-07-29T07:42:00","guid":{"rendered":"https:\/\/sagaciresearch.com\/notre-presence\/etude-de-marche-en-guinee-bissau\/"},"modified":"2024-02-15T11:09:02","modified_gmt":"2024-02-15T10:09:02","slug":"etude-de-marche-en-guinee-bissau","status":"publish","type":"page","link":"https:\/\/sagaciresearch.com\/fr\/notre-presence\/etude-de-marche-en-guinee-bissau\/","title":{"rendered":"\u00c9tude de march\u00e9 en Guin\u00e9e-Bissau"},"content":{"rendered":"<p>[vc_row][vc_column width=\u00a0\u00bb1\/2&Prime; css=\u00a0\u00bb.vc_custom_1614249031381{padding-top: 30px !important;padding-right: 30px !important;padding-bottom: 30px !important;padding-left: 30px !important;}\u00a0\u00bb][vc_column_text]<\/p>\n<h2><strong>\u00c9tude de march\u00e9 en <\/strong><b>Guin\u00e9e-Bissau<\/b><\/h2>\n<p><span style=\"font-weight: 400;\">Bissau, la capitale, est un centre \u00e9conomique et culturel majeur. C&rsquo;est la ville la plus peupl\u00e9e du pays. Situ\u00e9e sur la c\u00f4te, ses rives donnent sur l&rsquo;oc\u00e9an Atlantique. Cependant, le pays est confront\u00e9 \u00e0 une hausse du ch\u00f4mage, ce qui rend les conditions \u00e9conomiques difficiles pour de nombreuses personnes. De nombreuses industries ont un avenir prometteur. L&rsquo;industrie alimentaire est l&rsquo;une d&rsquo;entre elles, avec de nombreux investisseurs \u00e9tablissant des usines de transformation du riz et des fruits \u00e0 coque. Plus r\u00e9cemment, une importante raffinerie de sucre a \u00e9t\u00e9 lanc\u00e9e. <\/span>[\/vc_column_text][vc_btn title=\u00a0\u00bbNous contacter\u00a0\u00bb color=\u00a0\u00bborange\u00a0\u00bb link=\u00a0\u00bburl:%2Fcontact%2F%3Fshow%3Dcontact%26source%3DSagaBrand%2520Contact|title:Contact%20us\u00a0\u00bb el_class=\u00a0\u00bbmarketresearchbutton\u00a0\u00bb][\/vc_column][vc_column width=\u00a0\u00bb1\/2&Prime; css=\u00a0\u00bb.vc_custom_1655804674483{padding-top: 20px !important;padding-right: 20px !important;padding-left: 20px !important;}\u00a0\u00bb][vc_single_image image=\u00a0\u00bb13852&Prime; img_size=\u00a0\u00bb400&#215;400&Prime; alignment=\u00a0\u00bbcenter\u00a0\u00bb css_animation=\u00a0\u00bbfadeIn\u00a0\u00bb][\/vc_column][\/vc_row][vc_row full_width=\u00a0\u00bbstretch_row\u00a0\u00bb css=\u00a0\u00bb.vc_custom_1655372764432{border-bottom-width: 20px !important;padding-top: 20px !important;background-color: #ededa1 !important;}\u00a0\u00bb el_class=\u00a0\u00bbgradient\u00a0\u00bb][vc_column width=\u00a0\u00bb1\/2&Prime; css=\u00a0\u00bb.vc_custom_1614249031381{padding-top: 30px !important;padding-right: 30px !important;padding-bottom: 30px !important;padding-left: 30px !important;}\u00a0\u00bb][vc_single_image image=\u00a0\u00bb14370&Prime; img_size=\u00a0\u00bb400&#215;400&Prime; alignment=\u00a0\u00bbcenter\u00a0\u00bb style=\u00a0\u00bbvc_box_circle_2&Prime;][\/vc_column][vc_column width=\u00a0\u00bb1\/2&Prime;][vc_empty_space][vc_column_text]<\/p>\n<h2><strong>A propos de <\/strong><b>Guin\u00e9e-Bissau<\/b><\/h2>\n<p><span style=\"font-weight: 400;\">La Guin\u00e9e-Bissau, situ\u00e9e en Afrique de l&rsquo;Ouest, est voisine de la Guin\u00e9e et du S\u00e9n\u00e9gal. Bien qu&rsquo;elle soit l&rsquo;un des plus petits pays d&rsquo;Afrique, la Guin\u00e9e-Bissau poss\u00e8de une g\u00e9ographie tr\u00e8s diversifi\u00e9e et riche, compos\u00e9e de zones humides, de for\u00eats tropicales et de savanes abritant une faune abondante. La Guin\u00e9e-Bissau est fortement tributaire de l&rsquo;agriculture, tant de subsistance qu&rsquo;\u00e0 plus grande \u00e9chelle. L&rsquo;industrie repr\u00e9sente plus de la moiti\u00e9 du PIB du pays. Il constitue le revenu primaire de plus de \u00be de la population. <\/span><\/p>\n<p><span style=\"font-weight: 400;\">La noix de cajou est la culture la plus importante du pays. Il est utilis\u00e9 pour la consommation locale et l&rsquo;exportation commerciale. Le deuxi\u00e8me secteur le plus important est l&rsquo;industrie manufacturi\u00e8re. La p\u00eache et la sylviculture gagnent aujourd&rsquo;hui en importance et pr\u00e9sentent un potentiel \u00e9lev\u00e9.<\/span><\/p>\n<p>[\/vc_column_text][\/vc_column][\/vc_row][vc_row css=\u00a0\u00bb.vc_custom_1655278436857{background-position: center !important;background-repeat: no-repeat !important;background-size: cover !important;}\u00a0\u00bb el_class=\u00a0\u00bbdownloadpdf\u00a0\u00bb][vc_column css=\u00a0\u00bb.vc_custom_1655278397607{background-color: #ffffff !important;}\u00a0\u00bb][vc_empty_space][vc_column_text]<\/p>\n<h2><strong>Pourquoi r\u00e9aliser une \u00e9tude de march\u00e9 ?<\/strong><\/h2>\n<p><span style=\"font-weight: 400;\">La Guin\u00e9e-Bissau reste l&rsquo;un des pays les plus pauvres et les plus fragiles d&rsquo;Afrique. Son \u00e9conomie est fragile et les consommateurs n&rsquo;ont g\u00e9n\u00e9ralement pas de revenu disponible. Cependant, il existe de nombreuses raisons de s&rsquo;installer ou d&rsquo;\u00e9tendre ses activit\u00e9s en Guin\u00e9e-Bissau. <\/span><\/p>\n<p><span style=\"font-weight: 400;\">La principale raison en est la croissance aliment\u00e9e par l&rsquo;augmentation de la production de noix de cajou. Il a permis \u00e0 de nombreux acteurs du secteur d&rsquo;accro\u00eetre leurs revenus.<\/span>[\/vc_column_text][vc_empty_space][\/vc_column][\/vc_row][vc_row full_width=\u00a0\u00bbstretch_row\u00a0\u00bb css=\u00a0\u00bb.vc_custom_1659080378481{background-image: url(https:\/\/sagaciresearch.com\/wp-content\/uploads\/2022\/07\/Market-research-in-Guinea-Bissau-2-scaled.jpg?id=14371) !important;background-position: center !important;background-repeat: no-repeat !important;background-size: cover !important;}\u00a0\u00bb][vc_column][vc_empty_space height=\u00a0\u00bb400px\u00a0\u00bb][\/vc_column][\/vc_row][vc_row css=\u00a0\u00bb.vc_custom_1655278436857{background-position: center !important;background-repeat: no-repeat !important;background-size: cover !important;}\u00a0\u00bb el_class=\u00a0\u00bbdownloadpdf\u00a0\u00bb][vc_column css=\u00a0\u00bb.vc_custom_1655278397607{background-color: #ffffff !important;}\u00a0\u00bb][vc_empty_space][vc_column_text]<\/p>\n<h2><strong>Donn\u00e9es repr\u00e9sentatives du march\u00e9<\/strong><\/h2>\n<p><span style=\"font-weight: 400;\">Une bonne compr\u00e9hension de la Guin\u00e9e-Bissau et de son march\u00e9 est essentielle pour garantir la mise en \u0153uvre r\u00e9ussie de votre strat\u00e9gie commerciale. Pays riche en ressources, aux sols fertiles et aux \u00e9cosyst\u00e8mes riches, la Guin\u00e9e-Bissau manque encore d&rsquo;infrastructures de qualit\u00e9. Il est donc extr\u00eamement difficile de mener des projets de recherche efficaces dans le pays. <\/span><\/p>\n<p><span style=\"font-weight: 400;\">Cependant, Sagaci Research est en mesure de vous fournir les outils n\u00e9cessaires, \u00e0 travers un ensemble de produits diff\u00e9rents. Acqu\u00e9rir une connaissance approfondie du march\u00e9 et des consommateurs bissau-guin\u00e9ens par le biais d&rsquo;analyses et de recherches qualitatives et quantitatives. Commencez \u00e0 prendre des d\u00e9cisions fond\u00e9es sur des donn\u00e9es \u00e0 l&rsquo;aide de nos outils : <\/span><\/p>\n<div id=\"gtx-trans\" style=\"position: absolute; left: -1px; top: 353.549px;\">\n<div class=\"gtx-trans-icon\"><\/div>\n<\/div>\n<p>[\/vc_column_text][vc_empty_space][\/vc_column][\/vc_row][vc_row full_width=\u00a0\u00bbstretch_row\u00a0\u00bb css=\u00a0\u00bb.vc_custom_1655372755822{padding-top: 47px !important;padding-bottom: 60px !important;background-color: #ededa1 !important;}\u00a0\u00bb el_class=\u00a0\u00bbgradient\u00a0\u00bb][vc_column][vc_custom_heading stm_title_font_weight=\u00a0\u00bb400&Prime; text=\u00a0\u00bbM\u00e9thodes d&rsquo;\u00e9tude de march\u00e9 en Guin\u00e9e-Bissau\u00a0\u00bb font_container=\u00a0\u00bbtag:h2|text_align:center\u00a0\u00bb use_theme_fonts=\u00a0\u00bbyes\u00a0\u00bb][vc_row_inner equal_height=\u00a0\u00bbyes\u00a0\u00bb content_placement=\u00a0\u00bbmiddle\u00a0\u00bb gap=\u00a0\u00bb20&Prime; el_class=\u00a0\u00bbsquare\u00a0\u00bb][vc_column_inner width=\u00a0\u00bb1\/2&Prime; css=\u00a0\u00bb.vc_custom_1620309789350{background-color: #ffffff !important;}\u00a0\u00bb][stm_info_box align_center=\u00a0\u00bbyes\u00a0\u00bb style=\u00a0\u00bbstyle_2&Prime; title=\u00a0\u00bbPanel en ligne\u00a0\u00bb css=\u00a0\u00bb.vc_custom_1659080043503{padding-top: 10px !important;padding-right: 50px !important;padding-bottom: 10px !important;padding-left: 50px !important;}\u00a0\u00bb]<span style=\"font-weight: 400;\">Un panel en ligne en Guin\u00e9e-Bissau pr\u00eat \u00e0 r\u00e9pondre \u00e0 vos questions. Obtenez un grand nombre de r\u00e9ponses de votre public cible dans un d\u00e9lai incroyablement court. <a href=\"https:\/\/sagaciresearch.com\/products\/online-panels\/\">Pour en savoir plus, cliquez ici. <\/a><\/span>[\/stm_info_box][\/vc_column_inner][vc_column_inner width=\u00a0\u00bb1\/2&Prime; css=\u00a0\u00bb.vc_custom_1620309810456{background-color: #ffffff !important;}\u00a0\u00bb][stm_info_box align_center=\u00a0\u00bbyes\u00a0\u00bb style=\u00a0\u00bbstyle_2&Prime; title=\u00a0\u00bbSagaBrand\u00a0\u00bb css=\u00a0\u00bb.vc_custom_1659080066748{padding-top: 10px !important;padding-right: 50px !important;padding-bottom: 10px !important;padding-left: 50px !important;}\u00a0\u00bb]<span style=\"font-weight: 400;\">SagaBrand vous permet de surveiller efficacement la sant\u00e9 de votre marque en Guin\u00e9e-Bissau \u00e0 travers un certain nombre de KPI. Prenez des d\u00e9cisions fond\u00e9es sur des donn\u00e9es \u00e0 l&rsquo;aide de nos rapports t\u00e9l\u00e9chargeables. <\/span><a href=\"https:\/\/sagaciresearch.com\/products\/sagabrand\/\" target=\"_blank\" rel=\"noopener\"><span style=\"font-weight: 400;\">D\u00e9couvrez les outils qui s&rsquo;offrent \u00e0 vous ici<\/span><\/a><span style=\"font-weight: 400;\">.<\/span>[\/stm_info_box][\/vc_column_inner][\/vc_row_inner][vc_row_inner equal_height=\u00a0\u00bbyes\u00a0\u00bb gap=\u00a0\u00bb20&Prime; el_class=\u00a0\u00bbsquare\u00a0\u00bb][vc_column_inner width=\u00a0\u00bb1\/2&Prime; css=\u00a0\u00bb.vc_custom_1620309927520{background-color: #ffffff !important;}\u00a0\u00bb][stm_info_box align_center=\u00a0\u00bbyes\u00a0\u00bb style=\u00a0\u00bbstyle_2&Prime; title=\u00a0\u00bbSagaCube\u00a0\u00bb css=\u00a0\u00bb.vc_custom_1659080405584{padding-top: 10px !important;padding-right: 50px !important;padding-bottom: 10px !important;padding-left: 50px !important;}\u00a0\u00bb]<span style=\"font-weight: 400;\">Choisissez une cat\u00e9gorie parmi une liste de plus de 140, et commencez \u00e0 obtenir des donn\u00e9es sur les consommateurs. D\u00e9couvrez les habitudes et les pr\u00e9f\u00e9rences des consommateurs en fonction des donn\u00e9es d\u00e9mographiques, identifiez les tendances et prenez des d\u00e9cisions fond\u00e9es sur des donn\u00e9es ! <\/span><a href=\"https:\/\/sagaciresearch.com\/products\/sagacube\/\" target=\"_blank\" rel=\"noopener\"><span style=\"font-weight: 400;\">Acc\u00e9der ici. <\/span><\/a>[\/stm_info_box][\/vc_column_inner][vc_column_inner width=\u00a0\u00bb1\/2&Prime; css=\u00a0\u00bb.vc_custom_1620309998812{background-color: #ffffff !important;}\u00a0\u00bb][stm_info_box align_center=\u00a0\u00bbyes\u00a0\u00bb style=\u00a0\u00bbstyle_2&Prime; title=\u00a0\u00bbSagaTracker\u00a0\u00bb css=\u00a0\u00bb.vc_custom_1659080414760{padding-top: 10px !important;padding-right: 50px !important;padding-bottom: 10px !important;padding-left: 50px !important;}\u00a0\u00bb]<span style=\"font-weight: 400;\">D\u00e9couvrez vos performances sur l&rsquo;ensemble des canaux de distribution. Prenez des d\u00e9cisions \u00e9clair\u00e9es en suivant les performances des canaux de vente au d\u00e9tail en Guin\u00e9e-Bissau. <\/span><a href=\"https:\/\/sagaciresearch.com\/products\/sagatracker\/\" target=\"_blank\" rel=\"noopener\"><br \/>\n<span style=\"font-weight: 400;\">Contactez nous ici<\/span><br \/>\n<\/a><span style=\"font-weight: 400;\">. <\/span> [\/stm_info_box][\/vc_column_inner][\/vc_row_inner][\/vc_column][\/vc_row][vc_row][vc_column][vc_empty_space height=\u00a0\u00bb60px\u00a0\u00bb][\/vc_column][\/vc_row][vc_row][vc_column][vc_custom_heading stm_title_font_weight=\u00a0\u00bb400&Prime; text=\u00a0\u00bbEn savoir plus sur les \u00e9tudes syndiqu\u00e9es en Guin\u00e9e-Bissau\u00a0\u00bb font_container=\u00a0\u00bbtag:h3|text_align:center\u00a0\u00bb use_theme_fonts=\u00a0\u00bbyes\u00a0\u00bb][stm_news posts_per_row=\u00a0\u00bb4&Prime;][\/vc_column][\/vc_row][vc_row][vc_column][vc_column_text][\/vc_column_text][\/vc_column][\/vc_row]<\/p>\n","protected":false},"excerpt":{"rendered":"<p>[vc_row][vc_column width=\u00a0\u00bb1\/2&Prime; css=\u00a0\u00bb.vc_custom_1614249031381{padding-top: 30px !important;padding-right: 30px !important;padding-bottom: 30px !important;padding-left: 30px !important;}\u00a0\u00bb][vc_column_text] \u00c9tude de march\u00e9 en Guin\u00e9e-Bissau Bissau, la capitale, est un centre \u00e9conomique et culturel majeur. C&rsquo;est la ville la plus peupl\u00e9e du pays. Situ\u00e9e sur la c\u00f4te, ses rives donnent sur l&rsquo;oc\u00e9an Atlantique. Cependant, le pays est confront\u00e9 \u00e0 une hausse du ch\u00f4mage, ce<\/p>\n","protected":false},"author":6,"featured_media":0,"parent":16105,"menu_order":0,"comment_status":"closed","ping_status":"closed","template":"","meta":{"_acf_changed":false,"footnotes":""},"class_list":["post-17324","page","type-page","status-publish","hentry"],"acf":[],"yoast_head":"<!-- This site is optimized with the Yoast SEO plugin v27.2 - https:\/\/yoast.com\/product\/yoast-seo-wordpress\/ -->\n<title>\u00c9tude de march\u00e9 en Guin\u00e9e-Bissau - Sagaci Research<\/title>\n<meta name=\"description\" content=\"La principale raison de r\u00e9aliser une \u00e9tude de march\u00e9 en Guin\u00e9e-Bissau est la croissance aliment\u00e9e par l&#039;augmentation de la production de noix de cajou. En savoir plus.\" \/>\n<meta name=\"robots\" content=\"index, follow, max-snippet:-1, max-image-preview:large, max-video-preview:-1\" \/>\n<link rel=\"canonical\" href=\"https:\/\/sagaciresearch.com\/fr\/notre-presence\/etude-de-marche-en-guinee-bissau\/\" \/>\n<meta property=\"og:locale\" content=\"fr_FR\" \/>\n<meta property=\"og:type\" content=\"article\" \/>\n<meta property=\"og:title\" content=\"\u00c9tude de march\u00e9 en Guin\u00e9e-Bissau - Sagaci Research\" \/>\n<meta property=\"og:description\" content=\"La principale raison de r\u00e9aliser une \u00e9tude de march\u00e9 en Guin\u00e9e-Bissau est la croissance aliment\u00e9e par l&#039;augmentation de la production de noix de cajou. En savoir plus.\" \/>\n<meta property=\"og:url\" content=\"https:\/\/sagaciresearch.com\/fr\/notre-presence\/etude-de-marche-en-guinee-bissau\/\" \/>\n<meta property=\"og:site_name\" content=\"Sagaci Research\" \/>\n<meta property=\"article:modified_time\" content=\"2024-02-15T10:09:02+00:00\" \/>\n<meta name=\"twitter:card\" content=\"summary_large_image\" \/>\n<meta name=\"twitter:label1\" content=\"Dur\u00e9e de lecture estim\u00e9e\" \/>\n\t<meta name=\"twitter:data1\" content=\"4 minutes\" \/>\n<script type=\"application\/ld+json\" class=\"yoast-schema-graph\">{\"@context\":\"https:\/\/schema.org\",\"@graph\":[{\"@type\":\"WebPage\",\"@id\":\"https:\/\/sagaciresearch.com\/fr\/notre-presence\/etude-de-marche-en-guinee-bissau\/\",\"url\":\"https:\/\/sagaciresearch.com\/fr\/notre-presence\/etude-de-marche-en-guinee-bissau\/\",\"name\":\"\u00c9tude de march\u00e9 en Guin\u00e9e-Bissau - Sagaci Research\",\"isPartOf\":{\"@id\":\"https:\/\/sagaciresearch.com\/#website\"},\"datePublished\":\"2022-07-29T07:42:00+00:00\",\"dateModified\":\"2024-02-15T10:09:02+00:00\",\"description\":\"La principale raison de r\u00e9aliser une \u00e9tude de march\u00e9 en Guin\u00e9e-Bissau est la croissance aliment\u00e9e par l'augmentation de la production de noix de cajou. En savoir plus.\",\"breadcrumb\":{\"@id\":\"https:\/\/sagaciresearch.com\/fr\/notre-presence\/etude-de-marche-en-guinee-bissau\/#breadcrumb\"},\"inLanguage\":\"fr-FR\",\"potentialAction\":[{\"@type\":\"ReadAction\",\"target\":[\"https:\/\/sagaciresearch.com\/fr\/notre-presence\/etude-de-marche-en-guinee-bissau\/\"]}]},{\"@type\":\"BreadcrumbList\",\"@id\":\"https:\/\/sagaciresearch.com\/fr\/notre-presence\/etude-de-marche-en-guinee-bissau\/#breadcrumb\",\"itemListElement\":[{\"@type\":\"ListItem\",\"position\":1,\"name\":\"Home\",\"item\":\"https:\/\/sagaciresearch.com\/fr\/\"},{\"@type\":\"ListItem\",\"position\":2,\"name\":\"Notre pr\u00e9sence\",\"item\":\"https:\/\/sagaciresearch.com\/fr\/notre-presence\/\"},{\"@type\":\"ListItem\",\"position\":3,\"name\":\"\u00c9tude de march\u00e9 en Guin\u00e9e-Bissau\"}]},{\"@type\":\"WebSite\",\"@id\":\"https:\/\/sagaciresearch.com\/#website\",\"url\":\"https:\/\/sagaciresearch.com\/\",\"name\":\"Sagaci Research\",\"description\":\"We provide data and insights you can trust to fuel your growth\",\"publisher\":{\"@id\":\"https:\/\/sagaciresearch.com\/#organization\"},\"potentialAction\":[{\"@type\":\"SearchAction\",\"target\":{\"@type\":\"EntryPoint\",\"urlTemplate\":\"https:\/\/sagaciresearch.com\/?s={search_term_string}\"},\"query-input\":{\"@type\":\"PropertyValueSpecification\",\"valueRequired\":true,\"valueName\":\"search_term_string\"}}],\"inLanguage\":\"fr-FR\"},{\"@type\":\"Organization\",\"@id\":\"https:\/\/sagaciresearch.com\/#organization\",\"name\":\"Sagaci Research\",\"url\":\"https:\/\/sagaciresearch.com\/\",\"logo\":{\"@type\":\"ImageObject\",\"inLanguage\":\"fr-FR\",\"@id\":\"https:\/\/sagaciresearch.com\/#\/schema\/logo\/image\/\",\"url\":\"https:\/\/sagaciresearch.com\/wp-content\/uploads\/2019\/09\/SR2.jpg\",\"contentUrl\":\"https:\/\/sagaciresearch.com\/wp-content\/uploads\/2019\/09\/SR2.jpg\",\"width\":960,\"height\":960,\"caption\":\"Sagaci Research\"},\"image\":{\"@id\":\"https:\/\/sagaciresearch.com\/#\/schema\/logo\/image\/\"}}]}<\/script>\n<!-- \/ Yoast SEO plugin. -->","yoast_head_json":{"title":"\u00c9tude de march\u00e9 en Guin\u00e9e-Bissau - Sagaci Research","description":"La principale raison de r\u00e9aliser une \u00e9tude de march\u00e9 en Guin\u00e9e-Bissau est la croissance aliment\u00e9e par l'augmentation de la production de noix de cajou. En savoir plus.","robots":{"index":"index","follow":"follow","max-snippet":"max-snippet:-1","max-image-preview":"max-image-preview:large","max-video-preview":"max-video-preview:-1"},"canonical":"https:\/\/sagaciresearch.com\/fr\/notre-presence\/etude-de-marche-en-guinee-bissau\/","og_locale":"fr_FR","og_type":"article","og_title":"\u00c9tude de march\u00e9 en Guin\u00e9e-Bissau - Sagaci Research","og_description":"La principale raison de r\u00e9aliser une \u00e9tude de march\u00e9 en Guin\u00e9e-Bissau est la croissance aliment\u00e9e par l'augmentation de la production de noix de cajou. En savoir plus.","og_url":"https:\/\/sagaciresearch.com\/fr\/notre-presence\/etude-de-marche-en-guinee-bissau\/","og_site_name":"Sagaci Research","article_modified_time":"2024-02-15T10:09:02+00:00","twitter_card":"summary_large_image","twitter_misc":{"Dur\u00e9e de lecture estim\u00e9e":"4 minutes"},"schema":{"@context":"https:\/\/schema.org","@graph":[{"@type":"WebPage","@id":"https:\/\/sagaciresearch.com\/fr\/notre-presence\/etude-de-marche-en-guinee-bissau\/","url":"https:\/\/sagaciresearch.com\/fr\/notre-presence\/etude-de-marche-en-guinee-bissau\/","name":"\u00c9tude de march\u00e9 en Guin\u00e9e-Bissau - Sagaci Research","isPartOf":{"@id":"https:\/\/sagaciresearch.com\/#website"},"datePublished":"2022-07-29T07:42:00+00:00","dateModified":"2024-02-15T10:09:02+00:00","description":"La principale raison de r\u00e9aliser une \u00e9tude de march\u00e9 en Guin\u00e9e-Bissau est la croissance aliment\u00e9e par l'augmentation de la production de noix de cajou. En savoir plus.","breadcrumb":{"@id":"https:\/\/sagaciresearch.com\/fr\/notre-presence\/etude-de-marche-en-guinee-bissau\/#breadcrumb"},"inLanguage":"fr-FR","potentialAction":[{"@type":"ReadAction","target":["https:\/\/sagaciresearch.com\/fr\/notre-presence\/etude-de-marche-en-guinee-bissau\/"]}]},{"@type":"BreadcrumbList","@id":"https:\/\/sagaciresearch.com\/fr\/notre-presence\/etude-de-marche-en-guinee-bissau\/#breadcrumb","itemListElement":[{"@type":"ListItem","position":1,"name":"Home","item":"https:\/\/sagaciresearch.com\/fr\/"},{"@type":"ListItem","position":2,"name":"Notre pr\u00e9sence","item":"https:\/\/sagaciresearch.com\/fr\/notre-presence\/"},{"@type":"ListItem","position":3,"name":"\u00c9tude de march\u00e9 en Guin\u00e9e-Bissau"}]},{"@type":"WebSite","@id":"https:\/\/sagaciresearch.com\/#website","url":"https:\/\/sagaciresearch.com\/","name":"Sagaci Research","description":"We provide data and insights you can trust to fuel your growth","publisher":{"@id":"https:\/\/sagaciresearch.com\/#organization"},"potentialAction":[{"@type":"SearchAction","target":{"@type":"EntryPoint","urlTemplate":"https:\/\/sagaciresearch.com\/?s={search_term_string}"},"query-input":{"@type":"PropertyValueSpecification","valueRequired":true,"valueName":"search_term_string"}}],"inLanguage":"fr-FR"},{"@type":"Organization","@id":"https:\/\/sagaciresearch.com\/#organization","name":"Sagaci Research","url":"https:\/\/sagaciresearch.com\/","logo":{"@type":"ImageObject","inLanguage":"fr-FR","@id":"https:\/\/sagaciresearch.com\/#\/schema\/logo\/image\/","url":"https:\/\/sagaciresearch.com\/wp-content\/uploads\/2019\/09\/SR2.jpg","contentUrl":"https:\/\/sagaciresearch.com\/wp-content\/uploads\/2019\/09\/SR2.jpg","width":960,"height":960,"caption":"Sagaci Research"},"image":{"@id":"https:\/\/sagaciresearch.com\/#\/schema\/logo\/image\/"}}]}},"_links":{"self":[{"href":"https:\/\/sagaciresearch.com\/fr\/wp-json\/wp\/v2\/pages\/17324","targetHints":{"allow":["GET"]}}],"collection":[{"href":"https:\/\/sagaciresearch.com\/fr\/wp-json\/wp\/v2\/pages"}],"about":[{"href":"https:\/\/sagaciresearch.com\/fr\/wp-json\/wp\/v2\/types\/page"}],"author":[{"embeddable":true,"href":"https:\/\/sagaciresearch.com\/fr\/wp-json\/wp\/v2\/users\/6"}],"replies":[{"embeddable":true,"href":"https:\/\/sagaciresearch.com\/fr\/wp-json\/wp\/v2\/comments?post=17324"}],"version-history":[{"count":4,"href":"https:\/\/sagaciresearch.com\/fr\/wp-json\/wp\/v2\/pages\/17324\/revisions"}],"predecessor-version":[{"id":18547,"href":"https:\/\/sagaciresearch.com\/fr\/wp-json\/wp\/v2\/pages\/17324\/revisions\/18547"}],"up":[{"embeddable":true,"href":"https:\/\/sagaciresearch.com\/fr\/wp-json\/wp\/v2\/pages\/16105"}],"wp:attachment":[{"href":"https:\/\/sagaciresearch.com\/fr\/wp-json\/wp\/v2\/media?parent=17324"}],"curies":[{"name":"wp","href":"https:\/\/api.w.org\/{rel}","templated":true}]}}