{"id":17322,"date":"2022-07-29T09:29:46","date_gmt":"2022-07-29T07:29:46","guid":{"rendered":"https:\/\/sagaciresearch.com\/notre-presence\/etudes-de-marche-en-guinee\/"},"modified":"2024-02-15T11:08:11","modified_gmt":"2024-02-15T10:08:11","slug":"etudes-de-marche-en-guinee","status":"publish","type":"page","link":"https:\/\/sagaciresearch.com\/fr\/notre-presence\/etudes-de-marche-en-guinee\/","title":{"rendered":"\u00c9tudes de march\u00e9 en Guin\u00e9e"},"content":{"rendered":"<p>[vc_row][vc_column width=\u00a0\u00bb1\/2&Prime; css=\u00a0\u00bb.vc_custom_1614249031381{padding-top: 30px !important;padding-right: 30px !important;padding-bottom: 30px !important;padding-left: 30px !important;}\u00a0\u00bb][vc_column_text]<\/p>\n<h2><strong>\u00c9tudes de march\u00e9 en <b>Guin\u00e9e<\/b><\/strong><\/h2>\n<p><span style=\"font-weight: 400;\">Les vastes gisements de min\u00e9raux et de minerais du pays pr\u00e9sentent un tr\u00e8s grand potentiel et pourraient permettre \u00e0 la Guin\u00e9e de b\u00e9n\u00e9ficier d&rsquo;avantages \u00e9conomiques consid\u00e9rables. Plus pr\u00e9cis\u00e9ment, le pays d\u00e9tient environ 35 % des r\u00e9serves mondiales de bauxite, un minerai \u00e0 tr\u00e8s forte teneur en aluminium. En outre, ses r\u00e9serves contiennent environ 4 milliards de tonnes de minerai de fer, ainsi que de grandes quantit\u00e9s d&rsquo;or et de diamants. <\/span>[\/vc_column_text][vc_btn title=\u00a0\u00bbNous contacter\u00a0\u00bb color=\u00a0\u00bborange\u00a0\u00bb link=\u00a0\u00bburl:%2Fcontact%2F%3Fshow%3Dcontact%26source%3DSagaBrand%2520Contact|title:Contact%20us\u00a0\u00bb el_class=\u00a0\u00bbmarketresearchbutton\u00a0\u00bb][\/vc_column][vc_column width=\u00a0\u00bb1\/2&Prime; css=\u00a0\u00bb.vc_custom_1655804674483{padding-top: 20px !important;padding-right: 20px !important;padding-left: 20px !important;}\u00a0\u00bb][vc_single_image image=\u00a0\u00bb13852&Prime; img_size=\u00a0\u00bb400&#215;400&Prime; alignment=\u00a0\u00bbcenter\u00a0\u00bb css_animation=\u00a0\u00bbfadeIn\u00a0\u00bb][\/vc_column][\/vc_row][vc_row full_width=\u00a0\u00bbstretch_row\u00a0\u00bb css=\u00a0\u00bb.vc_custom_1655372764432{border-bottom-width: 20px !important;padding-top: 20px !important;background-color: #ededa1 !important;}\u00a0\u00bb el_class=\u00a0\u00bbgradient\u00a0\u00bb][vc_column width=\u00a0\u00bb1\/2&Prime; css=\u00a0\u00bb.vc_custom_1614249031381{padding-top: 30px !important;padding-right: 30px !important;padding-bottom: 30px !important;padding-left: 30px !important;}\u00a0\u00bb][vc_single_image image=\u00a0\u00bb14362&Prime; img_size=\u00a0\u00bb400&#215;400&Prime; alignment=\u00a0\u00bbcenter\u00a0\u00bb style=\u00a0\u00bbvc_box_circle_2&Prime;][\/vc_column][vc_column width=\u00a0\u00bb1\/2&Prime;][vc_empty_space][vc_column_text]<\/p>\n<h2><strong>\u00c0 propos de la <b>Guin\u00e9e<\/b><\/strong><\/h2>\n<p><span style=\"font-weight: 400;\">La Guin\u00e9e est situ\u00e9e en Afrique de l&rsquo;Ouest et a des fronti\u00e8res communes avec le S\u00e9n\u00e9gal, la Sierra Leone, le Liberia, la C\u00f4te d&rsquo;Ivoire et le Mali. La Guin\u00e9e est un pays qui occupe une position strat\u00e9gique et dont l&rsquo;histoire est riche. Cependant, le pays a \u00e9t\u00e9 confront\u00e9 \u00e0 des luttes et \u00e0 des difficult\u00e9s consid\u00e9rables au cours du XXe si\u00e8cle, ce qui a entra\u00een\u00e9 une instabilit\u00e9 politique et sociale de longue dur\u00e9e, jusqu&rsquo;aux premi\u00e8res \u00e9lections pr\u00e9sidentielles libres et \u00e9quitables en 2010. Depuis lors, les investissements internationaux et le d\u00e9veloppement ont \u00e9t\u00e9 fortement facilit\u00e9s. <\/span><\/p>\n<p><span style=\"font-weight: 400;\">De nouveaux projets miniers, l&rsquo;expansion des ports, l&rsquo;investissement dans le tourisme et le d\u00e9veloppement des infrastructures ont favoris\u00e9 la croissance et l&rsquo;augmentation de la demande de biens et de services. Cependant, l&rsquo;\u00e9pid\u00e9mie d&rsquo;Ebola en 2014 et la faiblesse des prix des mati\u00e8res premi\u00e8res au niveau mondial ont emp\u00each\u00e9 la Guin\u00e9e d&rsquo;exploiter pleinement le potentiel de ses importants gisements de minerai de fer. <\/span>[\/vc_column_text][\/vc_column][\/vc_row][vc_row css=\u00a0\u00bb.vc_custom_1655278436857{background-position: center !important;background-repeat: no-repeat !important;background-size: cover !important;}\u00a0\u00bb el_class=\u00a0\u00bbdownloadpdf\u00a0\u00bb][vc_column css=\u00a0\u00bb.vc_custom_1655278397607{background-color: #ffffff !important;}\u00a0\u00bb][vc_empty_space][vc_column_text]<\/p>\n<h2><strong>Pourquoi r\u00e9aliser une \u00e9tude de march\u00e9 ?<\/strong><\/h2>\n<p><span style=\"font-weight: 400;\">Les consommateurs guin\u00e9ens ont tendance \u00e0 pr\u00e9f\u00e9rer les importations en provenance d&rsquo;Europe et des \u00c9tats-Unis, mais la baisse des co\u00fbts rend les produits et services d&rsquo;Asie et du Moyen-Orient plus attrayants. Le RNB par habitant est inf\u00e9rieur \u00e0 1 000 USD, ce qui fait que les consommateurs sont attentifs aux prix et que les articles \u00e0 bas prix ont plus de succ\u00e8s. Toutefois, ces indicateurs s&rsquo;am\u00e9liorent r\u00e9guli\u00e8rement gr\u00e2ce au d\u00e9veloppement de l&rsquo;\u00e9conomie, \u00e0 un climat politique plus stable et \u00e0 l&rsquo;augmentation des investissements \u00e9trangers. <\/span><\/p>\n<p><span style=\"font-weight: 400;\">La croissance \u00e9conomique est fortement tir\u00e9e par l&rsquo;\u00e9nergie, l&rsquo;exploitation mini\u00e8re et l&rsquo;agriculture, et pourrait donc b\u00e9n\u00e9ficier d&rsquo;une diversification. Il convient de noter que le gouvernement d\u00e9ploie des efforts soutenus pour accro\u00eetre la diversification en facilitant les investissements \u00e9trangers. <\/span>[\/vc_column_text][vc_empty_space][\/vc_column][\/vc_row][vc_row full_width=\u00a0\u00bbstretch_row\u00a0\u00bb css=\u00a0\u00bb.vc_custom_1659079719582{background-image: url(https:\/\/sagaciresearch.com\/wp-content\/uploads\/2022\/07\/Market-research-in-Guinea-2.jpg?id=14364) !important;background-position: center !important;background-repeat: no-repeat !important;background-size: cover !important;}\u00a0\u00bb][vc_column][vc_empty_space height=\u00a0\u00bb400px\u00a0\u00bb][\/vc_column][\/vc_row][vc_row css=\u00a0\u00bb.vc_custom_1655278436857{background-position: center !important;background-repeat: no-repeat !important;background-size: cover !important;}\u00a0\u00bb el_class=\u00a0\u00bbdownloadpdf\u00a0\u00bb][vc_column css=\u00a0\u00bb.vc_custom_1655278397607{background-color: #ffffff !important;}\u00a0\u00bb][vc_empty_space][vc_column_text]<\/p>\n<h2><strong>Donn\u00e9es repr\u00e9sentatives du march\u00e9<\/strong><\/h2>\n<p><span style=\"font-weight: 400;\">R\u00e9aliser une \u00e9tude de march\u00e9 en Guin\u00e9e peut s&rsquo;av\u00e9rer difficile. Malgr\u00e9 les investissements et les projets r\u00e9cents, les infrastructures restent limit\u00e9es. Cela signifie que la r\u00e9alisation d&rsquo;\u00e9tudes de march\u00e9 efficaces et pr\u00e9cises en Guin\u00e9e est soit co\u00fbteuse, soit incompl\u00e8te. En outre, la corruption constitue un autre obstacle \u00e0 la r\u00e9alisation d&rsquo;une image pr\u00e9cise du march\u00e9 guin\u00e9en. <\/span><\/p>\n<p><span style=\"font-weight: 400;\">Cependant, chez Sagaci Research, nous sommes en mesure de vous fournir les outils n\u00e9cessaires pour r\u00e9ussir et exploiter vos id\u00e9es afin de maximiser votre potentiel. Voici quelques-uns de nos outils :<\/span>[\/vc_column_text][vc_empty_space][\/vc_column][\/vc_row][vc_row full_width=\u00a0\u00bbstretch_row\u00a0\u00bb css=\u00a0\u00bb.vc_custom_1655372755822{padding-top: 47px !important;padding-bottom: 60px !important;background-color: #ededa1 !important;}\u00a0\u00bb el_class=\u00a0\u00bbgradient\u00a0\u00bb][vc_column][vc_custom_heading stm_title_font_weight=\u00a0\u00bb400&Prime; text=\u00a0\u00bbM\u00e9thodes d&rsquo;\u00e9tude de march\u00e9 en Guin\u00e9e\u00a0\u00bb font_container=\u00a0\u00bbtag:h2|text_align:center\u00a0\u00bb use_theme_fonts=\u00a0\u00bbyes\u00a0\u00bb][vc_row_inner equal_height=\u00a0\u00bbyes\u00a0\u00bb content_placement=\u00a0\u00bbmiddle\u00a0\u00bb gap=\u00a0\u00bb20&Prime; el_class=\u00a0\u00bbsquare\u00a0\u00bb][vc_column_inner width=\u00a0\u00bb1\/2&Prime; css=\u00a0\u00bb.vc_custom_1620309789350{background-color: #ffffff !important;}\u00a0\u00bb][stm_info_box align_center=\u00a0\u00bbyes\u00a0\u00bb style=\u00a0\u00bbstyle_2&Prime; title=\u00a0\u00bbPanel en ligne\u00a0\u00bb css=\u00a0\u00bb.vc_custom_1659079424252{padding-top: 10px !important;padding-right: 50px !important;padding-bottom: 10px !important;padding-left: 50px !important;}\u00a0\u00bb]<span style=\"font-weight: 400;\">Vous pouvez recevoir des r\u00e9ponses d\u00e9taill\u00e9es de notre panel en ligne avec un d\u00e9lai d&rsquo;ex\u00e9cution incroyable gr\u00e2ce \u00e0 notre panel guin\u00e9en. Mieux comprendre les consommateurs guin\u00e9ens. <\/span><a href=\"https:\/\/sagaciresearch.com\/online-panel-guinea\" target=\"_blank\" rel=\"noopener\"><br \/>\n<span style=\"font-weight: 400;\">Cliquez ici pour plus d&rsquo;informations<\/span><br \/>\n<\/a><span style=\"font-weight: 400;\">. <\/span> [\/stm_info_box][\/vc_column_inner][vc_column_inner width=\u00a0\u00bb1\/2&Prime; css=\u00a0\u00bb.vc_custom_1620309810456{background-color: #ffffff !important;}\u00a0\u00bb][stm_info_box align_center=\u00a0\u00bbyes\u00a0\u00bb style=\u00a0\u00bbstyle_2&Prime; title=\u00a0\u00bbSagaBrand\u00a0\u00bb css=\u00a0\u00bb.vc_custom_1659079441433{padding-top: 10px !important;padding-right: 50px !important;padding-bottom: 10px !important;padding-left: 50px !important;}\u00a0\u00bb]<span style=\"font-weight: 400;\">Avec SagaBrand, vous pouvez avoir un aper\u00e7u de la sant\u00e9 de votre marque et de sa performance sur le march\u00e9. Des donn\u00e9es collect\u00e9es et mises \u00e0 jour en continu sur votre march\u00e9 en Guin\u00e9e. <a href=\"https:\/\/sagaciresearch.com\/products\/sagabrand\/\">D\u00e9couvrez les options qui s&rsquo;offrent \u00e0 vous ici<\/a>.<\/span>[\/stm_info_box][\/vc_column_inner][\/vc_row_inner][vc_row_inner equal_height=\u00a0\u00bbyes\u00a0\u00bb gap=\u00a0\u00bb20&Prime; el_class=\u00a0\u00bbsquare\u00a0\u00bb][vc_column_inner width=\u00a0\u00bb1\/2&Prime; css=\u00a0\u00bb.vc_custom_1620309927520{background-color: #ffffff !important;}\u00a0\u00bb][stm_info_box align_center=\u00a0\u00bbyes\u00a0\u00bb style=\u00a0\u00bbstyle_2&Prime; title=\u00a0\u00bbSagaCube\u00a0\u00bb css=\u00a0\u00bb.vc_custom_1659079453243{padding-top: 10px !important;padding-right: 50px !important;padding-bottom: 10px !important;padding-left: 50px !important;}\u00a0\u00bb]<span style=\"font-weight: 400;\">Vous aurez acc\u00e8s \u00e0 un rapport unique et approfondi sur les habitudes de consommation de vos consommateurs cibles en Guin\u00e9e. Choisissez parmi une liste de plus de 140 \u00e9l\u00e9ments qui vous int\u00e9ressent et t\u00e9l\u00e9chargez votre rapport d\u00e8s aujourd&rsquo;hui ! <\/span><a href=\"https:\/\/sagaciresearch.com\/products\/sagacube\/\" target=\"_blank\" rel=\"noopener\"><span style=\"font-weight: 400;\">Acc\u00e9der ici. <\/span><\/a>[\/stm_info_box][\/vc_column_inner][vc_column_inner width=\u00a0\u00bb1\/2&Prime; css=\u00a0\u00bb.vc_custom_1620309998812{background-color: #ffffff !important;}\u00a0\u00bb][stm_info_box align_center=\u00a0\u00bbyes\u00a0\u00bb style=\u00a0\u00bbstyle_2&Prime; title=\u00a0\u00bbSagaTracker\u00a0\u00bb css=\u00a0\u00bb.vc_custom_1659079464069{padding-top: 10px !important;padding-right: 50px !important;padding-bottom: 10px !important;padding-left: 50px !important;}\u00a0\u00bb]<span style=\"font-weight: 400;\">SagaTracker mesure la pr\u00e9sence de votre marque dans le canal de distribution guin\u00e9en. Utilisez nos audits de vente au d\u00e9tail syndiqu\u00e9s pour mesurer avec pr\u00e9cision la sant\u00e9 de votre marque. <\/span><a href=\"https:\/\/sagaciresearch.com\/products\/sagatracker\/\" target=\"_blank\" rel=\"noopener\"><br \/>\n<span style=\"font-weight: 400;\">Contactez nous ici<\/span><br \/>\n<\/a><span style=\"font-weight: 400;\">. <\/span> [\/stm_info_box][\/vc_column_inner][\/vc_row_inner][\/vc_column][\/vc_row][vc_row][vc_column][vc_empty_space height=\u00a0\u00bb60px\u00a0\u00bb][\/vc_column][\/vc_row][vc_row][vc_column][vc_custom_heading stm_title_font_weight=\u00a0\u00bb400&Prime; text=\u00a0\u00bbEn savoir plus sur les \u00e9tudes syndiqu\u00e9es en Guin\u00e9e\u00a0\u00bb font_container=\u00a0\u00bbtag:h3|text_align:center\u00a0\u00bb use_theme_fonts=\u00a0\u00bbyes\u00a0\u00bb][stm_news posts_per_row=\u00a0\u00bb4&Prime;][\/vc_column][\/vc_row][vc_row][vc_column][vc_column_text][\/vc_column_text][\/vc_column][\/vc_row]<\/p>\n","protected":false},"excerpt":{"rendered":"<p>[vc_row][vc_column width=\u00a0\u00bb1\/2&Prime; css=\u00a0\u00bb.vc_custom_1614249031381{padding-top: 30px !important;padding-right: 30px !important;padding-bottom: 30px !important;padding-left: 30px !important;}\u00a0\u00bb][vc_column_text] \u00c9tudes de march\u00e9 en Guin\u00e9e Les vastes gisements de min\u00e9raux et de minerais du pays pr\u00e9sentent un tr\u00e8s grand potentiel et pourraient permettre \u00e0 la Guin\u00e9e de b\u00e9n\u00e9ficier d&rsquo;avantages \u00e9conomiques consid\u00e9rables. Plus pr\u00e9cis\u00e9ment, le pays d\u00e9tient environ 35 % des r\u00e9serves mondiales de bauxite,<\/p>\n","protected":false},"author":6,"featured_media":0,"parent":16105,"menu_order":0,"comment_status":"closed","ping_status":"closed","template":"","meta":{"_acf_changed":false,"footnotes":""},"class_list":["post-17322","page","type-page","status-publish","hentry"],"acf":[],"yoast_head":"<!-- This site is optimized with the Yoast SEO plugin v27.2 - https:\/\/yoast.com\/product\/yoast-seo-wordpress\/ -->\n<title>\u00c9tudes de march\u00e9 en Guin\u00e9e - Sagaci Research<\/title>\n<meta name=\"description\" content=\"Avec Sagaci Research, vous aurez les cl\u00e9s pour comprendre la d\u00e9mographie lors de vos \u00e9tudes de march\u00e9 en Guin\u00e9e.\" \/>\n<meta name=\"robots\" content=\"index, follow, max-snippet:-1, max-image-preview:large, max-video-preview:-1\" \/>\n<link rel=\"canonical\" href=\"https:\/\/sagaciresearch.com\/fr\/notre-presence\/etudes-de-marche-en-guinee\/\" \/>\n<meta property=\"og:locale\" content=\"fr_FR\" \/>\n<meta property=\"og:type\" content=\"article\" \/>\n<meta property=\"og:title\" content=\"\u00c9tudes de march\u00e9 en Guin\u00e9e - Sagaci Research\" \/>\n<meta property=\"og:description\" content=\"Avec Sagaci Research, vous aurez les cl\u00e9s pour comprendre la d\u00e9mographie lors de vos \u00e9tudes de march\u00e9 en Guin\u00e9e.\" \/>\n<meta property=\"og:url\" content=\"https:\/\/sagaciresearch.com\/fr\/notre-presence\/etudes-de-marche-en-guinee\/\" \/>\n<meta property=\"og:site_name\" content=\"Sagaci Research\" \/>\n<meta property=\"article:modified_time\" content=\"2024-02-15T10:08:11+00:00\" \/>\n<meta name=\"twitter:card\" content=\"summary_large_image\" \/>\n<meta name=\"twitter:label1\" content=\"Dur\u00e9e de lecture estim\u00e9e\" \/>\n\t<meta name=\"twitter:data1\" content=\"4 minutes\" \/>\n<script type=\"application\/ld+json\" class=\"yoast-schema-graph\">{\"@context\":\"https:\/\/schema.org\",\"@graph\":[{\"@type\":\"WebPage\",\"@id\":\"https:\/\/sagaciresearch.com\/fr\/notre-presence\/etudes-de-marche-en-guinee\/\",\"url\":\"https:\/\/sagaciresearch.com\/fr\/notre-presence\/etudes-de-marche-en-guinee\/\",\"name\":\"\u00c9tudes de march\u00e9 en Guin\u00e9e - Sagaci Research\",\"isPartOf\":{\"@id\":\"https:\/\/sagaciresearch.com\/#website\"},\"datePublished\":\"2022-07-29T07:29:46+00:00\",\"dateModified\":\"2024-02-15T10:08:11+00:00\",\"description\":\"Avec Sagaci Research, vous aurez les cl\u00e9s pour comprendre la d\u00e9mographie lors de vos \u00e9tudes de march\u00e9 en Guin\u00e9e.\",\"breadcrumb\":{\"@id\":\"https:\/\/sagaciresearch.com\/fr\/notre-presence\/etudes-de-marche-en-guinee\/#breadcrumb\"},\"inLanguage\":\"fr-FR\",\"potentialAction\":[{\"@type\":\"ReadAction\",\"target\":[\"https:\/\/sagaciresearch.com\/fr\/notre-presence\/etudes-de-marche-en-guinee\/\"]}]},{\"@type\":\"BreadcrumbList\",\"@id\":\"https:\/\/sagaciresearch.com\/fr\/notre-presence\/etudes-de-marche-en-guinee\/#breadcrumb\",\"itemListElement\":[{\"@type\":\"ListItem\",\"position\":1,\"name\":\"Home\",\"item\":\"https:\/\/sagaciresearch.com\/fr\/\"},{\"@type\":\"ListItem\",\"position\":2,\"name\":\"Notre pr\u00e9sence\",\"item\":\"https:\/\/sagaciresearch.com\/fr\/notre-presence\/\"},{\"@type\":\"ListItem\",\"position\":3,\"name\":\"\u00c9tudes de march\u00e9 en Guin\u00e9e\"}]},{\"@type\":\"WebSite\",\"@id\":\"https:\/\/sagaciresearch.com\/#website\",\"url\":\"https:\/\/sagaciresearch.com\/\",\"name\":\"Sagaci Research\",\"description\":\"We provide data and insights you can trust to fuel your growth\",\"publisher\":{\"@id\":\"https:\/\/sagaciresearch.com\/#organization\"},\"potentialAction\":[{\"@type\":\"SearchAction\",\"target\":{\"@type\":\"EntryPoint\",\"urlTemplate\":\"https:\/\/sagaciresearch.com\/?s={search_term_string}\"},\"query-input\":{\"@type\":\"PropertyValueSpecification\",\"valueRequired\":true,\"valueName\":\"search_term_string\"}}],\"inLanguage\":\"fr-FR\"},{\"@type\":\"Organization\",\"@id\":\"https:\/\/sagaciresearch.com\/#organization\",\"name\":\"Sagaci Research\",\"url\":\"https:\/\/sagaciresearch.com\/\",\"logo\":{\"@type\":\"ImageObject\",\"inLanguage\":\"fr-FR\",\"@id\":\"https:\/\/sagaciresearch.com\/#\/schema\/logo\/image\/\",\"url\":\"https:\/\/sagaciresearch.com\/wp-content\/uploads\/2019\/09\/SR2.jpg\",\"contentUrl\":\"https:\/\/sagaciresearch.com\/wp-content\/uploads\/2019\/09\/SR2.jpg\",\"width\":960,\"height\":960,\"caption\":\"Sagaci Research\"},\"image\":{\"@id\":\"https:\/\/sagaciresearch.com\/#\/schema\/logo\/image\/\"}}]}<\/script>\n<!-- \/ Yoast SEO plugin. -->","yoast_head_json":{"title":"\u00c9tudes de march\u00e9 en Guin\u00e9e - Sagaci Research","description":"Avec Sagaci Research, vous aurez les cl\u00e9s pour comprendre la d\u00e9mographie lors de vos \u00e9tudes de march\u00e9 en Guin\u00e9e.","robots":{"index":"index","follow":"follow","max-snippet":"max-snippet:-1","max-image-preview":"max-image-preview:large","max-video-preview":"max-video-preview:-1"},"canonical":"https:\/\/sagaciresearch.com\/fr\/notre-presence\/etudes-de-marche-en-guinee\/","og_locale":"fr_FR","og_type":"article","og_title":"\u00c9tudes de march\u00e9 en Guin\u00e9e - Sagaci Research","og_description":"Avec Sagaci Research, vous aurez les cl\u00e9s pour comprendre la d\u00e9mographie lors de vos \u00e9tudes de march\u00e9 en Guin\u00e9e.","og_url":"https:\/\/sagaciresearch.com\/fr\/notre-presence\/etudes-de-marche-en-guinee\/","og_site_name":"Sagaci Research","article_modified_time":"2024-02-15T10:08:11+00:00","twitter_card":"summary_large_image","twitter_misc":{"Dur\u00e9e de lecture estim\u00e9e":"4 minutes"},"schema":{"@context":"https:\/\/schema.org","@graph":[{"@type":"WebPage","@id":"https:\/\/sagaciresearch.com\/fr\/notre-presence\/etudes-de-marche-en-guinee\/","url":"https:\/\/sagaciresearch.com\/fr\/notre-presence\/etudes-de-marche-en-guinee\/","name":"\u00c9tudes de march\u00e9 en Guin\u00e9e - Sagaci Research","isPartOf":{"@id":"https:\/\/sagaciresearch.com\/#website"},"datePublished":"2022-07-29T07:29:46+00:00","dateModified":"2024-02-15T10:08:11+00:00","description":"Avec Sagaci Research, vous aurez les cl\u00e9s pour comprendre la d\u00e9mographie lors de vos \u00e9tudes de march\u00e9 en Guin\u00e9e.","breadcrumb":{"@id":"https:\/\/sagaciresearch.com\/fr\/notre-presence\/etudes-de-marche-en-guinee\/#breadcrumb"},"inLanguage":"fr-FR","potentialAction":[{"@type":"ReadAction","target":["https:\/\/sagaciresearch.com\/fr\/notre-presence\/etudes-de-marche-en-guinee\/"]}]},{"@type":"BreadcrumbList","@id":"https:\/\/sagaciresearch.com\/fr\/notre-presence\/etudes-de-marche-en-guinee\/#breadcrumb","itemListElement":[{"@type":"ListItem","position":1,"name":"Home","item":"https:\/\/sagaciresearch.com\/fr\/"},{"@type":"ListItem","position":2,"name":"Notre pr\u00e9sence","item":"https:\/\/sagaciresearch.com\/fr\/notre-presence\/"},{"@type":"ListItem","position":3,"name":"\u00c9tudes de march\u00e9 en Guin\u00e9e"}]},{"@type":"WebSite","@id":"https:\/\/sagaciresearch.com\/#website","url":"https:\/\/sagaciresearch.com\/","name":"Sagaci Research","description":"We provide data and insights you can trust to fuel your growth","publisher":{"@id":"https:\/\/sagaciresearch.com\/#organization"},"potentialAction":[{"@type":"SearchAction","target":{"@type":"EntryPoint","urlTemplate":"https:\/\/sagaciresearch.com\/?s={search_term_string}"},"query-input":{"@type":"PropertyValueSpecification","valueRequired":true,"valueName":"search_term_string"}}],"inLanguage":"fr-FR"},{"@type":"Organization","@id":"https:\/\/sagaciresearch.com\/#organization","name":"Sagaci Research","url":"https:\/\/sagaciresearch.com\/","logo":{"@type":"ImageObject","inLanguage":"fr-FR","@id":"https:\/\/sagaciresearch.com\/#\/schema\/logo\/image\/","url":"https:\/\/sagaciresearch.com\/wp-content\/uploads\/2019\/09\/SR2.jpg","contentUrl":"https:\/\/sagaciresearch.com\/wp-content\/uploads\/2019\/09\/SR2.jpg","width":960,"height":960,"caption":"Sagaci Research"},"image":{"@id":"https:\/\/sagaciresearch.com\/#\/schema\/logo\/image\/"}}]}},"_links":{"self":[{"href":"https:\/\/sagaciresearch.com\/fr\/wp-json\/wp\/v2\/pages\/17322","targetHints":{"allow":["GET"]}}],"collection":[{"href":"https:\/\/sagaciresearch.com\/fr\/wp-json\/wp\/v2\/pages"}],"about":[{"href":"https:\/\/sagaciresearch.com\/fr\/wp-json\/wp\/v2\/types\/page"}],"author":[{"embeddable":true,"href":"https:\/\/sagaciresearch.com\/fr\/wp-json\/wp\/v2\/users\/6"}],"replies":[{"embeddable":true,"href":"https:\/\/sagaciresearch.com\/fr\/wp-json\/wp\/v2\/comments?post=17322"}],"version-history":[{"count":2,"href":"https:\/\/sagaciresearch.com\/fr\/wp-json\/wp\/v2\/pages\/17322\/revisions"}],"predecessor-version":[{"id":18546,"href":"https:\/\/sagaciresearch.com\/fr\/wp-json\/wp\/v2\/pages\/17322\/revisions\/18546"}],"up":[{"embeddable":true,"href":"https:\/\/sagaciresearch.com\/fr\/wp-json\/wp\/v2\/pages\/16105"}],"wp:attachment":[{"href":"https:\/\/sagaciresearch.com\/fr\/wp-json\/wp\/v2\/media?parent=17322"}],"curies":[{"name":"wp","href":"https:\/\/api.w.org\/{rel}","templated":true}]}}