{"id":17308,"date":"2022-07-21T08:43:33","date_gmt":"2022-07-21T06:43:33","guid":{"rendered":"https:\/\/sagaciresearch.com\/notre-presence\/etudes-de-marche-au-gabon\/"},"modified":"2024-02-15T11:03:07","modified_gmt":"2024-02-15T10:03:07","slug":"etudes-de-marche-au-gabon","status":"publish","type":"page","link":"https:\/\/sagaciresearch.com\/fr\/notre-presence\/etudes-de-marche-au-gabon\/","title":{"rendered":"\u00c9tudes de march\u00e9 au Gabon"},"content":{"rendered":"<p>[vc_row][vc_column width=\u00a0\u00bb1\/2&Prime; css=\u00a0\u00bb.vc_custom_1614249031381{padding-top: 30px !important;padding-right: 30px !important;padding-bottom: 30px !important;padding-left: 30px !important;}\u00a0\u00bb][vc_column_text]<\/p>\n<h2><strong>\u00c9tudes de march\u00e9 au <b>Gabon<\/b><\/strong><\/h2>\n<p><span style=\"font-weight: 400;\">Qu&rsquo;il s&rsquo;agisse de l&rsquo;importante industrie p\u00e9troli\u00e8re ou de l&rsquo;industrie touristique en plein essor, le Gabon offre un potentiel incroyable pour le d\u00e9veloppement de votre entreprise.<\/span><\/p>\n<p><span style=\"font-weight: 400;\">Le gouvernement, compte tenu de la d\u00e9pendance \u00e9conomique vis-\u00e0-vis de l&rsquo;industrie p\u00e9troli\u00e8re, cherche \u00e0 diversifier son \u00e9conomie. C&rsquo;est pourquoi des efforts sont d\u00e9ploy\u00e9s pour d\u00e9velopper d&rsquo;autres secteurs. Certaines mesures consistent \u00e0 faciliter les investissements \u00e9trangers pour les attirer, ainsi qu&rsquo;\u00e0 am\u00e9liorer les lignes directrices et les r\u00e9glementations afin de renforcer la transparence et la confiance des investisseurs. <\/span><\/p>\n<p>[\/vc_column_text][vc_btn title=\u00a0\u00bbNous contacter\u00a0\u00bb color=\u00a0\u00bborange\u00a0\u00bb link=\u00a0\u00bburl:%2Fcontact%2F%3Fshow%3Dcontact%26source%3DSagaBrand%2520Contact|title:Contact%20us\u00a0\u00bb el_class=\u00a0\u00bbmarketresearchbutton\u00a0\u00bb][\/vc_column][vc_column width=\u00a0\u00bb1\/2&Prime; css=\u00a0\u00bb.vc_custom_1655804674483{padding-top: 20px !important;padding-right: 20px !important;padding-left: 20px !important;}\u00a0\u00bb][vc_single_image image=\u00a0\u00bb13852&Prime; img_size=\u00a0\u00bb400&#215;400&Prime; alignment=\u00a0\u00bbcenter\u00a0\u00bb css_animation=\u00a0\u00bbfadeIn\u00a0\u00bb][\/vc_column][\/vc_row][vc_row full_width=\u00a0\u00bbstretch_row\u00a0\u00bb css=\u00a0\u00bb.vc_custom_1655372764432{border-bottom-width: 20px !important;padding-top: 20px !important;background-color: #ededa1 !important;}\u00a0\u00bb el_class=\u00a0\u00bbgradient\u00a0\u00bb][vc_column width=\u00a0\u00bb1\/2&Prime; css=\u00a0\u00bb.vc_custom_1614249031381{padding-top: 30px !important;padding-right: 30px !important;padding-bottom: 30px !important;padding-left: 30px !important;}\u00a0\u00bb][vc_single_image image=\u00a0\u00bb14321&Prime; img_size=\u00a0\u00bb400&#215;400&Prime; alignment=\u00a0\u00bbcenter\u00a0\u00bb style=\u00a0\u00bbvc_box_circle_2&Prime;][\/vc_column][vc_column width=\u00a0\u00bb1\/2&Prime;][vc_empty_space][vc_column_text]<\/p>\n<h2><strong>\u00c0 propos du <b>Gabon<\/b><\/strong><\/h2>\n<p><span style=\"font-weight: 400;\">Le Gabon, situ\u00e9 en Afrique centrale, poss\u00e8de une c\u00f4te occidentale sur l&rsquo;oc\u00e9an Atlantique. Le pays est peu peupl\u00e9, entour\u00e9 d&rsquo;une for\u00eat tropicale tr\u00e8s riche et d&rsquo;une terre riche en min\u00e9raux. Le pays dispose de vastes r\u00e9serves de p\u00e9trole, ce qui lui permet d&rsquo;avoir une \u00e9conomie prosp\u00e8re. Le revenu par habitant du Gabon est 4 fois plus \u00e9lev\u00e9 que celui de la plupart des pays subsahariens. Jusqu&rsquo;aux ann\u00e9es 1970, le Gabon d\u00e9pendait des exportations de bois avant la d\u00e9couverte de r\u00e9serves de p\u00e9trole dans ses eaux. Au cours de la derni\u00e8re d\u00e9cennie, les exportations de p\u00e9trole ont repr\u00e9sent\u00e9 80 % des exportations et 45 % du PIB. <\/span><\/p>\n<p><span style=\"font-weight: 400;\">Cependant, comme la plupart des pays d\u00e9pendant des ressources naturelles, le Gabon a \u00e9t\u00e9 fortement tributaire de l&rsquo;aide de l&rsquo;Union europ\u00e9enne.<\/span> <span style=\"font-weight: 400;\"> sur les prix et la production de p\u00e9trole pour alimenter la croissance. La hausse des prix dans les ann\u00e9es 2000 a permis une croissance soutenue d&rsquo;environ 6 % par an. Cependant, la baisse de la production lorsque les gisements de p\u00e9trole ont d\u00e9pass\u00e9 leur pic de production a entra\u00een\u00e9 une perte de potentiel. <\/span><\/p>\n<p>[\/vc_column_text][\/vc_column][\/vc_row][vc_row css=\u00a0\u00bb.vc_custom_1655278436857{background-position: center !important;background-repeat: no-repeat !important;background-size: cover !important;}\u00a0\u00bb el_class=\u00a0\u00bbdownloadpdf\u00a0\u00bb][vc_column css=\u00a0\u00bb.vc_custom_1655278397607{background-color: #ffffff !important;}\u00a0\u00bb][vc_empty_space][vc_column_text]<\/p>\n<h2><strong>Pourquoi r\u00e9aliser une \u00e9tude de march\u00e9 ?<\/strong><\/h2>\n<p><span style=\"font-weight: 400;\">Outre sa production de p\u00e9trole, le Gabon est un acteur mondial majeur dans la production de bois dur, une ressource renouvelable tr\u00e8s demand\u00e9e dans le monde. Ce secteur est \u00e9galement promis \u00e0 la croissance, car l&rsquo;am\u00e9lioration des infrastructures permet d&rsquo;augmenter la production et les exportations. Le tourisme est sous-d\u00e9velopp\u00e9 dans le pays, mais il a un grand potentiel de croissance, avec des sites allant des plages aux montagnes et aux parcs nationaux. <\/span>[\/vc_column_text][vc_empty_space][\/vc_column][\/vc_row][vc_row full_width=\u00a0\u00bbstretch_row\u00a0\u00bb css=\u00a0\u00bb.vc_custom_1658385105413{background-image: url(https:\/\/sagaciresearch.com\/wp-content\/uploads\/2022\/07\/market-research-in-gabon-2-1.jpg?id=14324) !important;background-position: center !important;background-repeat: no-repeat !important;background-size: cover !important;}\u00a0\u00bb][vc_column][vc_empty_space height=\u00a0\u00bb400px\u00a0\u00bb][\/vc_column][\/vc_row][vc_row css=\u00a0\u00bb.vc_custom_1655278436857{background-position: center !important;background-repeat: no-repeat !important;background-size: cover !important;}\u00a0\u00bb el_class=\u00a0\u00bbdownloadpdf\u00a0\u00bb][vc_column css=\u00a0\u00bb.vc_custom_1655278397607{background-color: #ffffff !important;}\u00a0\u00bb][vc_empty_space][vc_column_text]<\/p>\n<h2><strong>Donn\u00e9es repr\u00e9sentatives du march\u00e9<\/strong><\/h2>\n<p><span style=\"font-weight: 400;\">Cependant, malgr\u00e9 les possibilit\u00e9s offertes par le Gabon, il reste des d\u00e9fis \u00e0 relever qui compliquent la r\u00e9ussite du d\u00e9veloppement. Les taux \u00e9lev\u00e9s de pauvret\u00e9, l&rsquo;in\u00e9galit\u00e9 des revenus et la corruption constituent des obstacles importants. Ces facteurs rendent difficile et co\u00fbteuse une \u00e9tude de march\u00e9 efficace. Cependant, chez Sagaci Research, nous sommes en mesure de vous fournir une gamme de produits de haute qualit\u00e9 pour vous permettre de saisir l&rsquo;essence du march\u00e9 gabonais. Voici quelques-uns de nos outils :<\/span>[\/vc_column_text][vc_empty_space][\/vc_column][\/vc_row][vc_row full_width=\u00a0\u00bbstretch_row\u00a0\u00bb css=\u00a0\u00bb.vc_custom_1655372755822{padding-top: 47px !important;padding-bottom: 60px !important;background-color: #ededa1 !important;}\u00a0\u00bb el_class=\u00a0\u00bbgradient\u00a0\u00bb][vc_column][vc_custom_heading stm_title_font_weight=\u00a0\u00bb400&Prime; text=\u00a0\u00bbM\u00e9thodes d&rsquo;\u00e9tude de march\u00e9 au Gabon\u00a0\u00bb font_container=\u00a0\u00bbtag:h2|text_align:center\u00a0\u00bb use_theme_fonts=\u00a0\u00bbyes\u00a0\u00bb][vc_row_inner equal_height=\u00a0\u00bbyes\u00a0\u00bb content_placement=\u00a0\u00bbmiddle\u00a0\u00bb gap=\u00a0\u00bb20&Prime; el_class=\u00a0\u00bbsquare\u00a0\u00bb][vc_column_inner width=\u00a0\u00bb1\/2&Prime; css=\u00a0\u00bb.vc_custom_1620309789350{background-color: #ffffff !important;}\u00a0\u00bb][stm_info_box align_center=\u00a0\u00bbyes\u00a0\u00bb style=\u00a0\u00bbstyle_2&Prime; title=\u00a0\u00bbPanel en ligne\u00a0\u00bb css=\u00a0\u00bb.vc_custom_1658385622191{padding-top: 10px !important;padding-right: 50px !important;padding-bottom: 10px !important;padding-left: 50px !important;}\u00a0\u00bb]<span style=\"font-weight: 400;\">Un panel en ligne au Gabon pr\u00eat \u00e0 r\u00e9pondre \u00e0 vos questions. Obtenez un grand nombre de r\u00e9ponses de votre public cible dans un d\u00e9lai incroyablement court. <a href=\"https:\/\/sagaciresearch.com\/online-panel-in-gabon\/\" target=\"_blank\" rel=\"noopener\">Pour en savoir plus, cliquez ici<\/a>. <\/span>[\/stm_info_box][\/vc_column_inner][vc_column_inner width=\u00a0\u00bb1\/2&Prime; css=\u00a0\u00bb.vc_custom_1620309810456{background-color: #ffffff !important;}\u00a0\u00bb][stm_info_box align_center=\u00a0\u00bbyes\u00a0\u00bb style=\u00a0\u00bbstyle_2&Prime; title=\u00a0\u00bbSagaBrand\u00a0\u00bb css=\u00a0\u00bb.vc_custom_1658385633869{padding-top: 10px !important;padding-right: 50px !important;padding-bottom: 10px !important;padding-left: 50px !important;}\u00a0\u00bb]<span style=\"font-weight: 400;\">SagaBrand vous permet de surveiller efficacement la sant\u00e9 de votre marque au Gabon \u00e0 travers un certain nombre de KPI. Prenez des d\u00e9cisions fond\u00e9es sur des donn\u00e9es \u00e0 l&rsquo;aide de nos rapports t\u00e9l\u00e9chargeables. <\/span><a href=\"https:\/\/sagaciresearch.com\/products\/sagabrand\/\" target=\"_blank\" rel=\"noopener\"><span style=\"font-weight: 400;\">D\u00e9couvrez les outils qui s&rsquo;offrent \u00e0 vous ici<\/span><\/a><span style=\"font-weight: 400;\">.<\/span>[\/stm_info_box][\/vc_column_inner][\/vc_row_inner][vc_row_inner equal_height=\u00a0\u00bbyes\u00a0\u00bb gap=\u00a0\u00bb20&Prime; el_class=\u00a0\u00bbsquare\u00a0\u00bb][vc_column_inner width=\u00a0\u00bb1\/2&Prime; css=\u00a0\u00bb.vc_custom_1620309927520{background-color: #ffffff !important;}\u00a0\u00bb][stm_info_box align_center=\u00a0\u00bbyes\u00a0\u00bb style=\u00a0\u00bbstyle_2&Prime; title=\u00a0\u00bbSagaCube\u00a0\u00bb css=\u00a0\u00bb.vc_custom_1658385643847{padding-top: 10px !important;padding-right: 50px !important;padding-bottom: 10px !important;padding-left: 50px !important;}\u00a0\u00bb]<span style=\"font-weight: 400;\">Choisissez une cat\u00e9gorie parmi une liste de plus de 140, et commencez \u00e0 obtenir des donn\u00e9es sur les consommateurs. D\u00e9couvrez les habitudes et les pr\u00e9f\u00e9rences des consommateurs en fonction des donn\u00e9es d\u00e9mographiques, identifiez les tendances et prenez des d\u00e9cisions fond\u00e9es sur des donn\u00e9es. <\/span><a href=\"https:\/\/sagaciresearch.com\/products\/sagacube\/\" target=\"_blank\" rel=\"noopener\"><span style=\"font-weight: 400;\">Acc\u00e9der ici. <\/span><\/a>[\/stm_info_box][\/vc_column_inner][vc_column_inner width=\u00a0\u00bb1\/2&Prime; css=\u00a0\u00bb.vc_custom_1620309998812{background-color: #ffffff !important;}\u00a0\u00bb][stm_info_box align_center=\u00a0\u00bbyes\u00a0\u00bb style=\u00a0\u00bbstyle_2&Prime; title=\u00a0\u00bbSagaTracker\u00a0\u00bb css=\u00a0\u00bb.vc_custom_1658385752953{padding-top: 10px !important;padding-right: 50px !important;padding-bottom: 10px !important;padding-left: 50px !important;}\u00a0\u00bb]<span style=\"font-weight: 400;\">D\u00e9couvrez vos performances sur l&rsquo;ensemble des canaux de distribution. Prenez des d\u00e9cisions \u00e9clair\u00e9es en suivant les performances des canaux de vente au d\u00e9tail au Gabon. <\/span><a href=\"https:\/\/sagaciresearch.com\/products\/sagatracker\/\" target=\"_blank\" rel=\"noopener\"><br \/>\n<span style=\"font-weight: 400;\">Contactez nous ici<\/span><br \/>\n<\/a><span style=\"font-weight: 400;\">. <\/span> [\/stm_info_box][\/vc_column_inner][\/vc_row_inner][\/vc_column][\/vc_row][vc_row][vc_column][vc_empty_space height=\u00a0\u00bb60px\u00a0\u00bb][\/vc_column][\/vc_row][vc_row][vc_column][vc_custom_heading stm_title_font_weight=\u00a0\u00bb400&Prime; text=\u00a0\u00bbEn savoir plus sur les \u00e9tudes syndiqu\u00e9es au Gabon\u00a0\u00bb font_container=\u00a0\u00bbtag:h3|text_align:center\u00a0\u00bb use_theme_fonts=\u00a0\u00bbyes\u00a0\u00bb][stm_news posts_per_row=\u00a0\u00bb4&Prime;][\/vc_column][\/vc_row][vc_row][vc_column][vc_column_text][\/vc_column_text][\/vc_column][\/vc_row]<\/p>\n","protected":false},"excerpt":{"rendered":"<p>[vc_row][vc_column width=\u00a0\u00bb1\/2&Prime; css=\u00a0\u00bb.vc_custom_1614249031381{padding-top: 30px !important;padding-right: 30px !important;padding-bottom: 30px !important;padding-left: 30px !important;}\u00a0\u00bb][vc_column_text] \u00c9tudes de march\u00e9 au Gabon Qu&rsquo;il s&rsquo;agisse de l&rsquo;importante industrie p\u00e9troli\u00e8re ou de l&rsquo;industrie touristique en plein essor, le Gabon offre un potentiel incroyable pour le d\u00e9veloppement de votre entreprise. Le gouvernement, compte tenu de la d\u00e9pendance \u00e9conomique vis-\u00e0-vis de l&rsquo;industrie p\u00e9troli\u00e8re, cherche \u00e0<\/p>\n","protected":false},"author":6,"featured_media":0,"parent":16105,"menu_order":0,"comment_status":"closed","ping_status":"closed","template":"","meta":{"_acf_changed":false,"footnotes":""},"class_list":["post-17308","page","type-page","status-publish","hentry"],"acf":[],"yoast_head":"<!-- This site is optimized with the Yoast SEO plugin v27.4 - https:\/\/yoast.com\/product\/yoast-seo-wordpress\/ -->\n<title>\u00c9tudes de march\u00e9 au Gabon - Sagaci Research<\/title>\n<meta name=\"description\" content=\"Avec Sagaci Research, vous aurez les cl\u00e9s pour comprendre la d\u00e9mographie lors de votre \u00e9tude de march\u00e9 au Gabon.\" \/>\n<meta name=\"robots\" content=\"index, follow, max-snippet:-1, max-image-preview:large, max-video-preview:-1\" \/>\n<link rel=\"canonical\" href=\"https:\/\/sagaciresearch.com\/fr\/notre-presence\/etudes-de-marche-au-gabon\/\" \/>\n<meta property=\"og:locale\" content=\"fr_FR\" \/>\n<meta property=\"og:type\" content=\"article\" \/>\n<meta property=\"og:title\" content=\"\u00c9tudes de march\u00e9 au Gabon - Sagaci Research\" \/>\n<meta property=\"og:description\" content=\"Avec Sagaci Research, vous aurez les cl\u00e9s pour comprendre la d\u00e9mographie lors de votre \u00e9tude de march\u00e9 au Gabon.\" \/>\n<meta property=\"og:url\" content=\"https:\/\/sagaciresearch.com\/fr\/notre-presence\/etudes-de-marche-au-gabon\/\" \/>\n<meta property=\"og:site_name\" content=\"Sagaci Research\" \/>\n<meta property=\"article:modified_time\" content=\"2024-02-15T10:03:07+00:00\" \/>\n<meta name=\"twitter:card\" content=\"summary_large_image\" \/>\n<meta name=\"twitter:label1\" content=\"Dur\u00e9e de lecture estim\u00e9e\" \/>\n\t<meta name=\"twitter:data1\" content=\"4 minutes\" \/>\n<script type=\"application\/ld+json\" class=\"yoast-schema-graph\">{\"@context\":\"https:\\\/\\\/schema.org\",\"@graph\":[{\"@type\":\"WebPage\",\"@id\":\"https:\\\/\\\/sagaciresearch.com\\\/fr\\\/notre-presence\\\/etudes-de-marche-au-gabon\\\/\",\"url\":\"https:\\\/\\\/sagaciresearch.com\\\/fr\\\/notre-presence\\\/etudes-de-marche-au-gabon\\\/\",\"name\":\"\u00c9tudes de march\u00e9 au Gabon - Sagaci Research\",\"isPartOf\":{\"@id\":\"https:\\\/\\\/sagaciresearch.com\\\/#website\"},\"datePublished\":\"2022-07-21T06:43:33+00:00\",\"dateModified\":\"2024-02-15T10:03:07+00:00\",\"description\":\"Avec Sagaci Research, vous aurez les cl\u00e9s pour comprendre la d\u00e9mographie lors de votre \u00e9tude de march\u00e9 au Gabon.\",\"breadcrumb\":{\"@id\":\"https:\\\/\\\/sagaciresearch.com\\\/fr\\\/notre-presence\\\/etudes-de-marche-au-gabon\\\/#breadcrumb\"},\"inLanguage\":\"fr-FR\",\"potentialAction\":[{\"@type\":\"ReadAction\",\"target\":[\"https:\\\/\\\/sagaciresearch.com\\\/fr\\\/notre-presence\\\/etudes-de-marche-au-gabon\\\/\"]}]},{\"@type\":\"BreadcrumbList\",\"@id\":\"https:\\\/\\\/sagaciresearch.com\\\/fr\\\/notre-presence\\\/etudes-de-marche-au-gabon\\\/#breadcrumb\",\"itemListElement\":[{\"@type\":\"ListItem\",\"position\":1,\"name\":\"Home\",\"item\":\"https:\\\/\\\/sagaciresearch.com\\\/fr\\\/\"},{\"@type\":\"ListItem\",\"position\":2,\"name\":\"Notre pr\u00e9sence\",\"item\":\"https:\\\/\\\/sagaciresearch.com\\\/fr\\\/notre-presence\\\/\"},{\"@type\":\"ListItem\",\"position\":3,\"name\":\"\u00c9tudes de march\u00e9 au Gabon\"}]},{\"@type\":\"WebSite\",\"@id\":\"https:\\\/\\\/sagaciresearch.com\\\/#website\",\"url\":\"https:\\\/\\\/sagaciresearch.com\\\/\",\"name\":\"Sagaci Research\",\"description\":\"We provide data and insights you can trust to fuel your growth\",\"publisher\":{\"@id\":\"https:\\\/\\\/sagaciresearch.com\\\/#organization\"},\"potentialAction\":[{\"@type\":\"SearchAction\",\"target\":{\"@type\":\"EntryPoint\",\"urlTemplate\":\"https:\\\/\\\/sagaciresearch.com\\\/?s={search_term_string}\"},\"query-input\":{\"@type\":\"PropertyValueSpecification\",\"valueRequired\":true,\"valueName\":\"search_term_string\"}}],\"inLanguage\":\"fr-FR\"},{\"@type\":\"Organization\",\"@id\":\"https:\\\/\\\/sagaciresearch.com\\\/#organization\",\"name\":\"Sagaci Research\",\"url\":\"https:\\\/\\\/sagaciresearch.com\\\/\",\"logo\":{\"@type\":\"ImageObject\",\"inLanguage\":\"fr-FR\",\"@id\":\"https:\\\/\\\/sagaciresearch.com\\\/#\\\/schema\\\/logo\\\/image\\\/\",\"url\":\"https:\\\/\\\/sagaciresearch.com\\\/wp-content\\\/uploads\\\/2019\\\/09\\\/SR2.jpg\",\"contentUrl\":\"https:\\\/\\\/sagaciresearch.com\\\/wp-content\\\/uploads\\\/2019\\\/09\\\/SR2.jpg\",\"width\":960,\"height\":960,\"caption\":\"Sagaci Research\"},\"image\":{\"@id\":\"https:\\\/\\\/sagaciresearch.com\\\/#\\\/schema\\\/logo\\\/image\\\/\"}}]}<\/script>\n<!-- \/ Yoast SEO plugin. -->","yoast_head_json":{"title":"\u00c9tudes de march\u00e9 au Gabon - Sagaci Research","description":"Avec Sagaci Research, vous aurez les cl\u00e9s pour comprendre la d\u00e9mographie lors de votre \u00e9tude de march\u00e9 au Gabon.","robots":{"index":"index","follow":"follow","max-snippet":"max-snippet:-1","max-image-preview":"max-image-preview:large","max-video-preview":"max-video-preview:-1"},"canonical":"https:\/\/sagaciresearch.com\/fr\/notre-presence\/etudes-de-marche-au-gabon\/","og_locale":"fr_FR","og_type":"article","og_title":"\u00c9tudes de march\u00e9 au Gabon - Sagaci Research","og_description":"Avec Sagaci Research, vous aurez les cl\u00e9s pour comprendre la d\u00e9mographie lors de votre \u00e9tude de march\u00e9 au Gabon.","og_url":"https:\/\/sagaciresearch.com\/fr\/notre-presence\/etudes-de-marche-au-gabon\/","og_site_name":"Sagaci Research","article_modified_time":"2024-02-15T10:03:07+00:00","twitter_card":"summary_large_image","twitter_misc":{"Dur\u00e9e de lecture estim\u00e9e":"4 minutes"},"schema":{"@context":"https:\/\/schema.org","@graph":[{"@type":"WebPage","@id":"https:\/\/sagaciresearch.com\/fr\/notre-presence\/etudes-de-marche-au-gabon\/","url":"https:\/\/sagaciresearch.com\/fr\/notre-presence\/etudes-de-marche-au-gabon\/","name":"\u00c9tudes de march\u00e9 au Gabon - Sagaci Research","isPartOf":{"@id":"https:\/\/sagaciresearch.com\/#website"},"datePublished":"2022-07-21T06:43:33+00:00","dateModified":"2024-02-15T10:03:07+00:00","description":"Avec Sagaci Research, vous aurez les cl\u00e9s pour comprendre la d\u00e9mographie lors de votre \u00e9tude de march\u00e9 au Gabon.","breadcrumb":{"@id":"https:\/\/sagaciresearch.com\/fr\/notre-presence\/etudes-de-marche-au-gabon\/#breadcrumb"},"inLanguage":"fr-FR","potentialAction":[{"@type":"ReadAction","target":["https:\/\/sagaciresearch.com\/fr\/notre-presence\/etudes-de-marche-au-gabon\/"]}]},{"@type":"BreadcrumbList","@id":"https:\/\/sagaciresearch.com\/fr\/notre-presence\/etudes-de-marche-au-gabon\/#breadcrumb","itemListElement":[{"@type":"ListItem","position":1,"name":"Home","item":"https:\/\/sagaciresearch.com\/fr\/"},{"@type":"ListItem","position":2,"name":"Notre pr\u00e9sence","item":"https:\/\/sagaciresearch.com\/fr\/notre-presence\/"},{"@type":"ListItem","position":3,"name":"\u00c9tudes de march\u00e9 au Gabon"}]},{"@type":"WebSite","@id":"https:\/\/sagaciresearch.com\/#website","url":"https:\/\/sagaciresearch.com\/","name":"Sagaci Research","description":"We provide data and insights you can trust to fuel your growth","publisher":{"@id":"https:\/\/sagaciresearch.com\/#organization"},"potentialAction":[{"@type":"SearchAction","target":{"@type":"EntryPoint","urlTemplate":"https:\/\/sagaciresearch.com\/?s={search_term_string}"},"query-input":{"@type":"PropertyValueSpecification","valueRequired":true,"valueName":"search_term_string"}}],"inLanguage":"fr-FR"},{"@type":"Organization","@id":"https:\/\/sagaciresearch.com\/#organization","name":"Sagaci Research","url":"https:\/\/sagaciresearch.com\/","logo":{"@type":"ImageObject","inLanguage":"fr-FR","@id":"https:\/\/sagaciresearch.com\/#\/schema\/logo\/image\/","url":"https:\/\/sagaciresearch.com\/wp-content\/uploads\/2019\/09\/SR2.jpg","contentUrl":"https:\/\/sagaciresearch.com\/wp-content\/uploads\/2019\/09\/SR2.jpg","width":960,"height":960,"caption":"Sagaci Research"},"image":{"@id":"https:\/\/sagaciresearch.com\/#\/schema\/logo\/image\/"}}]}},"_links":{"self":[{"href":"https:\/\/sagaciresearch.com\/fr\/wp-json\/wp\/v2\/pages\/17308","targetHints":{"allow":["GET"]}}],"collection":[{"href":"https:\/\/sagaciresearch.com\/fr\/wp-json\/wp\/v2\/pages"}],"about":[{"href":"https:\/\/sagaciresearch.com\/fr\/wp-json\/wp\/v2\/types\/page"}],"author":[{"embeddable":true,"href":"https:\/\/sagaciresearch.com\/fr\/wp-json\/wp\/v2\/users\/6"}],"replies":[{"embeddable":true,"href":"https:\/\/sagaciresearch.com\/fr\/wp-json\/wp\/v2\/comments?post=17308"}],"version-history":[{"count":4,"href":"https:\/\/sagaciresearch.com\/fr\/wp-json\/wp\/v2\/pages\/17308\/revisions"}],"predecessor-version":[{"id":18543,"href":"https:\/\/sagaciresearch.com\/fr\/wp-json\/wp\/v2\/pages\/17308\/revisions\/18543"}],"up":[{"embeddable":true,"href":"https:\/\/sagaciresearch.com\/fr\/wp-json\/wp\/v2\/pages\/16105"}],"wp:attachment":[{"href":"https:\/\/sagaciresearch.com\/fr\/wp-json\/wp\/v2\/media?parent=17308"}],"curies":[{"name":"wp","href":"https:\/\/api.w.org\/{rel}","templated":true}]}}