{"id":17305,"date":"2022-07-21T08:10:51","date_gmt":"2022-07-21T06:10:51","guid":{"rendered":"https:\/\/sagaciresearch.com\/notre-presence\/etudes-de-marche-en-ethiopie\/"},"modified":"2024-02-15T11:02:18","modified_gmt":"2024-02-15T10:02:18","slug":"etudes-de-marche-en-ethiopie","status":"publish","type":"page","link":"https:\/\/sagaciresearch.com\/fr\/notre-presence\/etudes-de-marche-en-ethiopie\/","title":{"rendered":"\u00c9tudes de march\u00e9 en \u00c9thiopie"},"content":{"rendered":"<p>[vc_row][vc_column width=\u00a0\u00bb1\/2&Prime; css=\u00a0\u00bb.vc_custom_1614249031381{padding-top: 30px !important;padding-right: 30px !important;padding-bottom: 30px !important;padding-left: 30px !important;}\u00a0\u00bb][vc_column_text]<\/p>\n<h2><strong>\u00c9tudes de march\u00e9 en <b>\u00c9thiopie<\/b><\/strong><\/h2>\n<p><span style=\"font-weight: 400;\">L&rsquo;\u00c9thiopie est l&rsquo;une des \u00e9conomies du continent dont la croissance est la plus rapide, en grande partie gr\u00e2ce \u00e0 sa population importante et \u00e0 son solide r\u00e9seau commercial international. De 2006 \u00e0 2016, le PIB a connu une croissance soutenue comprise entre 8 et 11 %, principalement gr\u00e2ce \u00e0 de grands projets d&rsquo;investissement dans les infrastructures et aux progr\u00e8s r\u00e9alis\u00e9s dans les secteurs de l&rsquo;agriculture et des services. <\/span>[\/vc_column_text][vc_btn title=\u00a0\u00bbNous contacter\u00a0\u00bb color=\u00a0\u00bborange\u00a0\u00bb link=\u00a0\u00bburl:%2Fcontact%2F%3Fshow%3Dcontact%26source%3DSagaBrand%2520Contact|title:Contact%20us\u00a0\u00bb el_class=\u00a0\u00bbmarketresearchbutton\u00a0\u00bb][\/vc_column][vc_column width=\u00a0\u00bb1\/2&Prime; css=\u00a0\u00bb.vc_custom_1655804674483{padding-top: 20px !important;padding-right: 20px !important;padding-left: 20px !important;}\u00a0\u00bb][vc_single_image image=\u00a0\u00bb13852&Prime; img_size=\u00a0\u00bb400&#215;400&Prime; alignment=\u00a0\u00bbcenter\u00a0\u00bb css_animation=\u00a0\u00bbfadeIn\u00a0\u00bb][\/vc_column][\/vc_row][vc_row full_width=\u00a0\u00bbstretch_row\u00a0\u00bb css=\u00a0\u00bb.vc_custom_1655372764432{border-bottom-width: 20px !important;padding-top: 20px !important;background-color: #ededa1 !important;}\u00a0\u00bb el_class=\u00a0\u00bbgradient\u00a0\u00bb][vc_column width=\u00a0\u00bb1\/2&Prime; css=\u00a0\u00bb.vc_custom_1614249031381{padding-top: 30px !important;padding-right: 30px !important;padding-bottom: 30px !important;padding-left: 30px !important;}\u00a0\u00bb][vc_single_image image=\u00a0\u00bb14315&Prime; img_size=\u00a0\u00bb400&#215;400&Prime; alignment=\u00a0\u00bbcenter\u00a0\u00bb style=\u00a0\u00bbvc_box_circle_2&Prime;][\/vc_column][vc_column width=\u00a0\u00bb1\/2&Prime;][vc_empty_space][vc_column_text]<\/p>\n<h2><strong>\u00c0 propos de l&rsquo;\u00c9thiopie <\/strong><\/h2>\n<p><span style=\"font-weight: 400;\">L&rsquo;\u00c9thiopie poss\u00e8de une \u00e9conomie de march\u00e9 mixte, avec un secteur public tr\u00e8s important. Toutefois, le pays s&rsquo;oriente vers la privatisation de certaines entreprises publiques cl\u00e9s. Les entreprises publiques op\u00e8rent dans des domaines aussi vari\u00e9s que les t\u00e9l\u00e9communications, les transports et la banque. La majeure partie de la population est r\u00e9partie sur les hauts plateaux \u00e0 l&rsquo;int\u00e9rieur et autour de la capitale Addis-Abeba. La ville est \u00e0 la fois le centre \u00e9conomique et g\u00e9ographique du pays. Le pays abrite \u00e9galement la deuxi\u00e8me plus grande population d&rsquo;Afrique.<\/span>[\/vc_column_text][\/vc_column][\/vc_row][vc_row css=\u00a0\u00bb.vc_custom_1655278436857{background-position: center !important;background-repeat: no-repeat !important;background-size: cover !important;}\u00a0\u00bb el_class=\u00a0\u00bbdownloadpdf\u00a0\u00bb][vc_column css=\u00a0\u00bb.vc_custom_1655278397607{background-color: #ffffff !important;}\u00a0\u00bb][vc_empty_space][vc_column_text]<\/p>\n<h2><strong>Pourquoi r\u00e9aliser une \u00e9tude de march\u00e9 ?<\/strong><\/h2>\n<p><span style=\"font-weight: 400;\">Le pays a r\u00e9ussi \u00e0 entretenir des liens \u00e9troits avec la Chine, ce qui a permis des \u00e9changes commerciaux et un afflux de capitaux sous la forme d&rsquo;investissements directs \u00e9trangers. Le d\u00e9veloppement du pays a entra\u00een\u00e9 une forte augmentation de la demande de biens de consommation. <\/span><\/p>\n<p><span style=\"font-weight: 400;\">Gr\u00e2ce \u00e0 sa situation g\u00e9ographique et \u00e0 la lib\u00e9ralisation de son industrie a\u00e9ronautique, l&rsquo;\u00c9thiopie et Addis-Abeba sont r\u00e9cemment devenues une plaque tournante du transport dans la Corne de l&rsquo;Afrique et au-del\u00e0.<\/span><\/p>\n<p><span style=\"font-weight: 400;\">L&rsquo;\u00c9thiopie devient un march\u00e9 de plus en plus attrayant pour les entreprises. Elle a obtenu de bons r\u00e9sultats en mati\u00e8re de croissance soutenue et de r\u00e9duction de la pauvret\u00e9, gr\u00e2ce \u00e0 la lib\u00e9ralisation en cours de secteurs cl\u00e9s. Sa situation g\u00e9ographique rend son march\u00e9 attrayant car il relie le Moyen-Orient et l&rsquo;Eurasie \u00e0 l&rsquo;Afrique subsaharienne. Au fur et \u00e0 mesure que les investissements dans l&rsquo;infrastructure se concr\u00e9tisent, votre entreprise peut tirer parti d&rsquo;une strat\u00e9gie pr\u00e9coce et efficace pour maximiser son potentiel sur le march\u00e9 \u00e9mergent.<\/span>[\/vc_column_text][vc_empty_space][\/vc_column][\/vc_row][vc_row full_width=\u00a0\u00bbstretch_row\u00a0\u00bb css=\u00a0\u00bb.vc_custom_1658383647292{background-image: url(https:\/\/sagaciresearch.com\/wp-content\/uploads\/2022\/07\/market-research-in-ethiopia-2-scaled.jpg?id=14316) !important;background-position: center !important;background-repeat: no-repeat !important;background-size: cover !important;}\u00a0\u00bb][vc_column][vc_empty_space height=\u00a0\u00bb400px\u00a0\u00bb][\/vc_column][\/vc_row][vc_row css=\u00a0\u00bb.vc_custom_1655278436857{background-position: center !important;background-repeat: no-repeat !important;background-size: cover !important;}\u00a0\u00bb el_class=\u00a0\u00bbdownloadpdf\u00a0\u00bb][vc_column css=\u00a0\u00bb.vc_custom_1655278397607{background-color: #ffffff !important;}\u00a0\u00bb][vc_empty_space][vc_column_text]<\/p>\n<h2><strong>Donn\u00e9es repr\u00e9sentatives du march\u00e9<\/strong><\/h2>\n<p><span style=\"font-weight: 400;\">L&rsquo;\u00e9tude de march\u00e9 est essentielle pour vous permettre de mettre en \u0153uvre efficacement votre strat\u00e9gie. Cependant, la conduite d&rsquo;un programme de recherche en \u00c9thiopie peut s&rsquo;av\u00e9rer difficile en raison des tensions persistantes dans le nord du pays. Cependant, Sagaci Research est en mesure de fournir des donn\u00e9es pr\u00e9cises et repr\u00e9sentatives dans des d\u00e9lais tr\u00e8s courts. Voici quelques-uns des outils que nous pouvons vous offrir :<\/span>[\/vc_column_text][vc_empty_space][\/vc_column][\/vc_row][vc_row full_width=\u00a0\u00bbstretch_row\u00a0\u00bb css=\u00a0\u00bb.vc_custom_1655372755822{padding-top: 47px !important;padding-bottom: 60px !important;background-color: #ededa1 !important;}\u00a0\u00bb el_class=\u00a0\u00bbgradient\u00a0\u00bb][vc_column][vc_custom_heading stm_title_font_weight=\u00a0\u00bb400&Prime; text=\u00a0\u00bbM\u00e9thodes d&rsquo;\u00e9tude de march\u00e9 en \u00c9thiopie\u00a0\u00bb font_container=\u00a0\u00bbtag:h2|text_align:center\u00a0\u00bb use_theme_fonts=\u00a0\u00bbyes\u00a0\u00bb][vc_row_inner equal_height=\u00a0\u00bbyes\u00a0\u00bb content_placement=\u00a0\u00bbmiddle\u00a0\u00bb gap=\u00a0\u00bb20&Prime; el_class=\u00a0\u00bbsquare\u00a0\u00bb][vc_column_inner width=\u00a0\u00bb1\/2&Prime; css=\u00a0\u00bb.vc_custom_1620309789350{background-color: #ffffff !important;}\u00a0\u00bb][stm_info_box align_center=\u00a0\u00bbyes\u00a0\u00bb style=\u00a0\u00bbstyle_2&Prime; title=\u00a0\u00bbPanel en ligne\u00a0\u00bb css=\u00a0\u00bb.vc_custom_1658383373702{padding-top: 10px !important;padding-right: 50px !important;padding-bottom: 10px !important;padding-left: 50px !important;}\u00a0\u00bb]<span style=\"font-weight: 400;\">Un panel en ligne \u00e0 travers l&rsquo;\u00c9thiopie est disponible pour vos besoins. Acc\u00e9dez \u00e0 notre panel en ligne et obtenez des r\u00e9ponses \u00e0 vos questions de la part de votre population cible dans un d\u00e9lai tr\u00e8s court. Pour en savoir plus, cliquez ici. <\/span>[\/stm_info_box][\/vc_column_inner][vc_column_inner width=\u00a0\u00bb1\/2&Prime; css=\u00a0\u00bb.vc_custom_1620309810456{background-color: #ffffff !important;}\u00a0\u00bb][stm_info_box align_center=\u00a0\u00bbyes\u00a0\u00bb style=\u00a0\u00bbstyle_2&Prime; title=\u00a0\u00bbSagaBrand\u00a0\u00bb css=\u00a0\u00bb.vc_custom_1658383398079{padding-top: 10px !important;padding-right: 50px !important;padding-bottom: 10px !important;padding-left: 50px !important;}\u00a0\u00bb]<span style=\"font-weight: 400;\">SagaBrand est le meilleur moyen de suivre la sant\u00e9 des marques en \u00c9thiopie. Mesur\u00e9s \u00e0 l&rsquo;aide de nombreux indicateurs cl\u00e9s de performance, vos rapports sont continuellement mis \u00e0 jour, afin d&rsquo;\u00e9clairer au mieux votre prise de d\u00e9cision. Pour en savoir plus, <a href=\"https:\/\/sagaciresearch.com\/products\/sagabrand\/\">cliquez ici<\/a>. <\/span><\/p>\n<p>[\/stm_info_box][\/vc_column_inner][\/vc_row_inner][vc_row_inner equal_height=\u00a0\u00bbyes\u00a0\u00bb gap=\u00a0\u00bb20&Prime; el_class=\u00a0\u00bbsquare\u00a0\u00bb][vc_column_inner width=\u00a0\u00bb1\/2&Prime; css=\u00a0\u00bb.vc_custom_1620309927520{background-color: #ffffff !important;}\u00a0\u00bb][stm_info_box align_center=\u00a0\u00bbyes\u00a0\u00bb style=\u00a0\u00bbstyle_2&Prime; title=\u00a0\u00bbSagaCube\u00a0\u00bb css=\u00a0\u00bb.vc_custom_1658383415718{padding-top: 10px !important;padding-right: 50px !important;padding-bottom: 10px !important;padding-left: 50px !important;}\u00a0\u00bb]<span style=\"font-weight: 400;\">Choisissez une cat\u00e9gorie parmi une liste de plus de 140, et recevez r\u00e9guli\u00e8rement des rapports d\u00e9taill\u00e9s sur vos consommateurs cibles en \u00c9thiopie. Vous pouvez suivre les habitudes de consommation de diff\u00e9rents groupes d\u00e9mographiques et de diff\u00e9rentes r\u00e9gions ou villes dans chaque cat\u00e9gorie. <\/span><a href=\"https:\/\/sagaciresearch.com\/products\/sagacube\/\" target=\"_blank\" rel=\"noopener\"><span style=\"font-weight: 400;\">Acc\u00e9der ici. <\/span><\/a>[\/stm_info_box][\/vc_column_inner][vc_column_inner width=\u00a0\u00bb1\/2&Prime; css=\u00a0\u00bb.vc_custom_1620309998812{background-color: #ffffff !important;}\u00a0\u00bb][stm_info_box align_center=\u00a0\u00bbyes\u00a0\u00bb style=\u00a0\u00bbstyle_2&Prime; title=\u00a0\u00bbSagaTracker\u00a0\u00bb css=\u00a0\u00bb.vc_custom_1658383434838{padding-top: 10px !important;padding-right: 50px !important;padding-bottom: 10px !important;padding-left: 50px !important;}\u00a0\u00bb]<span style=\"font-weight: 400;\">Mesurez les performances de votre marque dans les canaux de vente au d\u00e9tail d&rsquo;\u00c9thiopie. D\u00e9couvrez et \u00e9valuez vos performances \u00e0 travers les canaux de distribution de l&rsquo;\u00c9thiopie. <a href=\"https:\/\/sagaciresearch.com\/products\/sagatracker\/\" target=\"_blank\" rel=\"noopener\">Contactez nous ici<\/a>.<\/span>[\/stm_info_box][\/vc_column_inner][\/vc_row_inner][\/vc_column][\/vc_row][vc_row][vc_column][vc_empty_space height=\u00a0\u00bb60px\u00a0\u00bb][\/vc_column][\/vc_row][vc_row][vc_column][vc_custom_heading stm_title_font_weight=\u00a0\u00bb400&Prime; text=\u00a0\u00bbEn savoir plus les \u00e9tudes syndiqu\u00e9es en \u00c9thiopie\u00a0\u00bb font_container=\u00a0\u00bbtag:h3|text_align:center\u00a0\u00bb use_theme_fonts=\u00a0\u00bbyes\u00a0\u00bb][stm_news posts_per_row=\u00a0\u00bb4&Prime;][\/vc_column][\/vc_row][vc_row][vc_column][vc_column_text][\/vc_column_text][\/vc_column][\/vc_row]<\/p>\n","protected":false},"excerpt":{"rendered":"<p>[vc_row][vc_column width=\u00a0\u00bb1\/2&Prime; css=\u00a0\u00bb.vc_custom_1614249031381{padding-top: 30px !important;padding-right: 30px !important;padding-bottom: 30px !important;padding-left: 30px !important;}\u00a0\u00bb][vc_column_text] \u00c9tudes de march\u00e9 en \u00c9thiopie L&rsquo;\u00c9thiopie est l&rsquo;une des \u00e9conomies du continent dont la croissance est la plus rapide, en grande partie gr\u00e2ce \u00e0 sa population importante et \u00e0 son solide r\u00e9seau commercial international. De 2006 \u00e0 2016, le PIB a connu une croissance<\/p>\n","protected":false},"author":6,"featured_media":0,"parent":16105,"menu_order":0,"comment_status":"closed","ping_status":"closed","template":"","meta":{"_acf_changed":false,"footnotes":""},"class_list":["post-17305","page","type-page","status-publish","hentry"],"acf":[],"yoast_head":"<!-- This site is optimized with the Yoast SEO plugin v27.2 - https:\/\/yoast.com\/product\/yoast-seo-wordpress\/ -->\n<title>\u00c9tudes de march\u00e9 en \u00c9thiopie - Sagaci Research<\/title>\n<meta name=\"description\" content=\"L&#039;\u00e9tude de march\u00e9 en \u00c9thiopie peut s&#039;av\u00e9rer difficile. Mais Sagaci Research est en mesure de fournir des donn\u00e9es repr\u00e9sentatives dans un d\u00e9lai tr\u00e8s court. En savoir plus.\" \/>\n<meta name=\"robots\" content=\"index, follow, max-snippet:-1, max-image-preview:large, max-video-preview:-1\" \/>\n<link rel=\"canonical\" href=\"https:\/\/sagaciresearch.com\/fr\/notre-presence\/etudes-de-marche-en-ethiopie\/\" \/>\n<meta property=\"og:locale\" content=\"fr_FR\" \/>\n<meta property=\"og:type\" content=\"article\" \/>\n<meta property=\"og:title\" content=\"\u00c9tudes de march\u00e9 en \u00c9thiopie - Sagaci Research\" \/>\n<meta property=\"og:description\" content=\"L&#039;\u00e9tude de march\u00e9 en \u00c9thiopie peut s&#039;av\u00e9rer difficile. Mais Sagaci Research est en mesure de fournir des donn\u00e9es repr\u00e9sentatives dans un d\u00e9lai tr\u00e8s court. En savoir plus.\" \/>\n<meta property=\"og:url\" content=\"https:\/\/sagaciresearch.com\/fr\/notre-presence\/etudes-de-marche-en-ethiopie\/\" \/>\n<meta property=\"og:site_name\" content=\"Sagaci Research\" \/>\n<meta property=\"article:modified_time\" content=\"2024-02-15T10:02:18+00:00\" \/>\n<meta name=\"twitter:card\" content=\"summary_large_image\" \/>\n<meta name=\"twitter:label1\" content=\"Dur\u00e9e de lecture estim\u00e9e\" \/>\n\t<meta name=\"twitter:data1\" content=\"4 minutes\" \/>\n<script type=\"application\/ld+json\" class=\"yoast-schema-graph\">{\"@context\":\"https:\/\/schema.org\",\"@graph\":[{\"@type\":\"WebPage\",\"@id\":\"https:\/\/sagaciresearch.com\/fr\/notre-presence\/etudes-de-marche-en-ethiopie\/\",\"url\":\"https:\/\/sagaciresearch.com\/fr\/notre-presence\/etudes-de-marche-en-ethiopie\/\",\"name\":\"\u00c9tudes de march\u00e9 en \u00c9thiopie - Sagaci Research\",\"isPartOf\":{\"@id\":\"https:\/\/sagaciresearch.com\/#website\"},\"datePublished\":\"2022-07-21T06:10:51+00:00\",\"dateModified\":\"2024-02-15T10:02:18+00:00\",\"description\":\"L'\u00e9tude de march\u00e9 en \u00c9thiopie peut s'av\u00e9rer difficile. Mais Sagaci Research est en mesure de fournir des donn\u00e9es repr\u00e9sentatives dans un d\u00e9lai tr\u00e8s court. En savoir plus.\",\"breadcrumb\":{\"@id\":\"https:\/\/sagaciresearch.com\/fr\/notre-presence\/etudes-de-marche-en-ethiopie\/#breadcrumb\"},\"inLanguage\":\"fr-FR\",\"potentialAction\":[{\"@type\":\"ReadAction\",\"target\":[\"https:\/\/sagaciresearch.com\/fr\/notre-presence\/etudes-de-marche-en-ethiopie\/\"]}]},{\"@type\":\"BreadcrumbList\",\"@id\":\"https:\/\/sagaciresearch.com\/fr\/notre-presence\/etudes-de-marche-en-ethiopie\/#breadcrumb\",\"itemListElement\":[{\"@type\":\"ListItem\",\"position\":1,\"name\":\"Home\",\"item\":\"https:\/\/sagaciresearch.com\/fr\/\"},{\"@type\":\"ListItem\",\"position\":2,\"name\":\"Notre pr\u00e9sence\",\"item\":\"https:\/\/sagaciresearch.com\/fr\/notre-presence\/\"},{\"@type\":\"ListItem\",\"position\":3,\"name\":\"\u00c9tudes de march\u00e9 en \u00c9thiopie\"}]},{\"@type\":\"WebSite\",\"@id\":\"https:\/\/sagaciresearch.com\/#website\",\"url\":\"https:\/\/sagaciresearch.com\/\",\"name\":\"Sagaci Research\",\"description\":\"We provide data and insights you can trust to fuel your growth\",\"publisher\":{\"@id\":\"https:\/\/sagaciresearch.com\/#organization\"},\"potentialAction\":[{\"@type\":\"SearchAction\",\"target\":{\"@type\":\"EntryPoint\",\"urlTemplate\":\"https:\/\/sagaciresearch.com\/?s={search_term_string}\"},\"query-input\":{\"@type\":\"PropertyValueSpecification\",\"valueRequired\":true,\"valueName\":\"search_term_string\"}}],\"inLanguage\":\"fr-FR\"},{\"@type\":\"Organization\",\"@id\":\"https:\/\/sagaciresearch.com\/#organization\",\"name\":\"Sagaci Research\",\"url\":\"https:\/\/sagaciresearch.com\/\",\"logo\":{\"@type\":\"ImageObject\",\"inLanguage\":\"fr-FR\",\"@id\":\"https:\/\/sagaciresearch.com\/#\/schema\/logo\/image\/\",\"url\":\"https:\/\/sagaciresearch.com\/wp-content\/uploads\/2019\/09\/SR2.jpg\",\"contentUrl\":\"https:\/\/sagaciresearch.com\/wp-content\/uploads\/2019\/09\/SR2.jpg\",\"width\":960,\"height\":960,\"caption\":\"Sagaci Research\"},\"image\":{\"@id\":\"https:\/\/sagaciresearch.com\/#\/schema\/logo\/image\/\"}}]}<\/script>\n<!-- \/ Yoast SEO plugin. -->","yoast_head_json":{"title":"\u00c9tudes de march\u00e9 en \u00c9thiopie - Sagaci Research","description":"L'\u00e9tude de march\u00e9 en \u00c9thiopie peut s'av\u00e9rer difficile. Mais Sagaci Research est en mesure de fournir des donn\u00e9es repr\u00e9sentatives dans un d\u00e9lai tr\u00e8s court. En savoir plus.","robots":{"index":"index","follow":"follow","max-snippet":"max-snippet:-1","max-image-preview":"max-image-preview:large","max-video-preview":"max-video-preview:-1"},"canonical":"https:\/\/sagaciresearch.com\/fr\/notre-presence\/etudes-de-marche-en-ethiopie\/","og_locale":"fr_FR","og_type":"article","og_title":"\u00c9tudes de march\u00e9 en \u00c9thiopie - Sagaci Research","og_description":"L'\u00e9tude de march\u00e9 en \u00c9thiopie peut s'av\u00e9rer difficile. Mais Sagaci Research est en mesure de fournir des donn\u00e9es repr\u00e9sentatives dans un d\u00e9lai tr\u00e8s court. En savoir plus.","og_url":"https:\/\/sagaciresearch.com\/fr\/notre-presence\/etudes-de-marche-en-ethiopie\/","og_site_name":"Sagaci Research","article_modified_time":"2024-02-15T10:02:18+00:00","twitter_card":"summary_large_image","twitter_misc":{"Dur\u00e9e de lecture estim\u00e9e":"4 minutes"},"schema":{"@context":"https:\/\/schema.org","@graph":[{"@type":"WebPage","@id":"https:\/\/sagaciresearch.com\/fr\/notre-presence\/etudes-de-marche-en-ethiopie\/","url":"https:\/\/sagaciresearch.com\/fr\/notre-presence\/etudes-de-marche-en-ethiopie\/","name":"\u00c9tudes de march\u00e9 en \u00c9thiopie - Sagaci Research","isPartOf":{"@id":"https:\/\/sagaciresearch.com\/#website"},"datePublished":"2022-07-21T06:10:51+00:00","dateModified":"2024-02-15T10:02:18+00:00","description":"L'\u00e9tude de march\u00e9 en \u00c9thiopie peut s'av\u00e9rer difficile. Mais Sagaci Research est en mesure de fournir des donn\u00e9es repr\u00e9sentatives dans un d\u00e9lai tr\u00e8s court. En savoir plus.","breadcrumb":{"@id":"https:\/\/sagaciresearch.com\/fr\/notre-presence\/etudes-de-marche-en-ethiopie\/#breadcrumb"},"inLanguage":"fr-FR","potentialAction":[{"@type":"ReadAction","target":["https:\/\/sagaciresearch.com\/fr\/notre-presence\/etudes-de-marche-en-ethiopie\/"]}]},{"@type":"BreadcrumbList","@id":"https:\/\/sagaciresearch.com\/fr\/notre-presence\/etudes-de-marche-en-ethiopie\/#breadcrumb","itemListElement":[{"@type":"ListItem","position":1,"name":"Home","item":"https:\/\/sagaciresearch.com\/fr\/"},{"@type":"ListItem","position":2,"name":"Notre pr\u00e9sence","item":"https:\/\/sagaciresearch.com\/fr\/notre-presence\/"},{"@type":"ListItem","position":3,"name":"\u00c9tudes de march\u00e9 en \u00c9thiopie"}]},{"@type":"WebSite","@id":"https:\/\/sagaciresearch.com\/#website","url":"https:\/\/sagaciresearch.com\/","name":"Sagaci Research","description":"We provide data and insights you can trust to fuel your growth","publisher":{"@id":"https:\/\/sagaciresearch.com\/#organization"},"potentialAction":[{"@type":"SearchAction","target":{"@type":"EntryPoint","urlTemplate":"https:\/\/sagaciresearch.com\/?s={search_term_string}"},"query-input":{"@type":"PropertyValueSpecification","valueRequired":true,"valueName":"search_term_string"}}],"inLanguage":"fr-FR"},{"@type":"Organization","@id":"https:\/\/sagaciresearch.com\/#organization","name":"Sagaci Research","url":"https:\/\/sagaciresearch.com\/","logo":{"@type":"ImageObject","inLanguage":"fr-FR","@id":"https:\/\/sagaciresearch.com\/#\/schema\/logo\/image\/","url":"https:\/\/sagaciresearch.com\/wp-content\/uploads\/2019\/09\/SR2.jpg","contentUrl":"https:\/\/sagaciresearch.com\/wp-content\/uploads\/2019\/09\/SR2.jpg","width":960,"height":960,"caption":"Sagaci Research"},"image":{"@id":"https:\/\/sagaciresearch.com\/#\/schema\/logo\/image\/"}}]}},"_links":{"self":[{"href":"https:\/\/sagaciresearch.com\/fr\/wp-json\/wp\/v2\/pages\/17305","targetHints":{"allow":["GET"]}}],"collection":[{"href":"https:\/\/sagaciresearch.com\/fr\/wp-json\/wp\/v2\/pages"}],"about":[{"href":"https:\/\/sagaciresearch.com\/fr\/wp-json\/wp\/v2\/types\/page"}],"author":[{"embeddable":true,"href":"https:\/\/sagaciresearch.com\/fr\/wp-json\/wp\/v2\/users\/6"}],"replies":[{"embeddable":true,"href":"https:\/\/sagaciresearch.com\/fr\/wp-json\/wp\/v2\/comments?post=17305"}],"version-history":[{"count":3,"href":"https:\/\/sagaciresearch.com\/fr\/wp-json\/wp\/v2\/pages\/17305\/revisions"}],"predecessor-version":[{"id":18542,"href":"https:\/\/sagaciresearch.com\/fr\/wp-json\/wp\/v2\/pages\/17305\/revisions\/18542"}],"up":[{"embeddable":true,"href":"https:\/\/sagaciresearch.com\/fr\/wp-json\/wp\/v2\/pages\/16105"}],"wp:attachment":[{"href":"https:\/\/sagaciresearch.com\/fr\/wp-json\/wp\/v2\/media?parent=17305"}],"curies":[{"name":"wp","href":"https:\/\/api.w.org\/{rel}","templated":true}]}}