{"id":17301,"date":"2022-07-11T09:35:39","date_gmt":"2022-07-11T07:35:39","guid":{"rendered":"https:\/\/sagaciresearch.com\/notre-presence\/etudes-de-marche-en-egypte\/"},"modified":"2024-02-09T13:01:20","modified_gmt":"2024-02-09T12:01:20","slug":"etudes-de-marche-en-egypte","status":"publish","type":"page","link":"https:\/\/sagaciresearch.com\/fr\/notre-presence\/etudes-de-marche-en-egypte\/","title":{"rendered":"\u00c9tudes de march\u00e9 en \u00c9gypte"},"content":{"rendered":"<p>[vc_row][vc_column width=\u00a0\u00bb1\/2&Prime; css=\u00a0\u00bb.vc_custom_1614249031381{padding-top: 30px !important;padding-right: 30px !important;padding-bottom: 30px !important;padding-left: 30px !important;}\u00a0\u00bb][vc_column_text]<\/p>\n<h2><strong>\u00c9tudes de march\u00e9 en \u00c9gypte<\/strong><\/h2>\n<p><span style=\"font-weight: 400;\">L&rsquo;\u00c9gypte vous offre des opportunit\u00e9s incomparables dans des secteurs cl\u00e9s. Qu&rsquo;il s&rsquo;agisse des services, du tourisme, de l&rsquo;agriculture ou des secteurs financiers et des t\u00e9l\u00e9communications en plein essor, l&rsquo;\u00e9conomie \u00e9gyptienne est diversifi\u00e9e et s\u00e9duisante. Par exemple, le secteur des FinTech et de la technologie en g\u00e9n\u00e9ral est en plein essor et offre des opportunit\u00e9s aux acteurs locaux et ext\u00e9rieurs pour r\u00e9pondre aux demandes insatiables du march\u00e9. L&rsquo;environnement commercial \u00e9gyptien est difficile, et le gouvernement parfois difficile \u00e0 g\u00e9rer, mais le march\u00e9 des centres urbains et des zones rurales est extr\u00eamement attrayant et m\u00e9rite d&rsquo;\u00eatre d\u00e9velopp\u00e9.<\/span>[\/vc_column_text][vc_btn title=\u00a0\u00bbNous contacter\u00a0\u00bb color=\u00a0\u00bborange\u00a0\u00bb link=\u00a0\u00bburl:%2Fcontact%2F%3Fshow%3Dcontact%26source%3DSagaBrand%2520Contact|title:Contact%20us\u00a0\u00bb el_class=\u00a0\u00bbmarketresearchbutton\u00a0\u00bb][\/vc_column][vc_column width=\u00a0\u00bb1\/2&Prime; css=\u00a0\u00bb.vc_custom_1655804674483{padding-top: 20px !important;padding-right: 20px !important;padding-left: 20px !important;}\u00a0\u00bb][vc_single_image image=\u00a0\u00bb13852&Prime; img_size=\u00a0\u00bb400&#215;400&Prime; alignment=\u00a0\u00bbcenter\u00a0\u00bb css_animation=\u00a0\u00bbfadeIn\u00a0\u00bb][\/vc_column][\/vc_row][vc_row full_width=\u00a0\u00bbstretch_row\u00a0\u00bb css=\u00a0\u00bb.vc_custom_1655372764432{border-bottom-width: 20px !important;padding-top: 20px !important;background-color: #ededa1 !important;}\u00a0\u00bb el_class=\u00a0\u00bbgradient\u00a0\u00bb][vc_column width=\u00a0\u00bb1\/2&Prime; css=\u00a0\u00bb.vc_custom_1614249031381{padding-top: 30px !important;padding-right: 30px !important;padding-bottom: 30px !important;padding-left: 30px !important;}\u00a0\u00bb][vc_single_image image=\u00a0\u00bb14252&Prime; img_size=\u00a0\u00bb400&#215;400&Prime; alignment=\u00a0\u00bbcenter\u00a0\u00bb style=\u00a0\u00bbvc_box_circle_2&Prime;][\/vc_column][vc_column width=\u00a0\u00bb1\/2&Prime;][vc_empty_space][vc_column_text]<\/p>\n<h2><strong>\u00c0 propos de l&rsquo;\u00c9gypte<\/strong><\/h2>\n<p><span style=\"font-weight: 400;\">Le Nil, le plus long fleuve du monde, a permis le d\u00e9veloppement de l&rsquo;une des plus grandes civilisations de tous les temps, l&rsquo;\u00c9gypte ancienne. Le pays poss\u00e8de des c\u00f4tes sur la M\u00e9diterran\u00e9e et la mer Rouge, \u00e0 la fois sur sa c\u00f4te orientale et dans la p\u00e9ninsule du Sina\u00ef. Ses voisins africains sont le Soudan et la Libye. L&rsquo;\u00c9gypte a aujourd&rsquo;hui la plus grande population de la r\u00e9gion MENA, qui est fortement r\u00e9partie le long du Nil : environ 95 % du pays vit \u00e0 moins de 20 km du fleuve et de son delta \u00e0 l&#8217;embouchure. <\/span><\/p>\n<p><span style=\"font-weight: 400;\">La population \u00e9gyptienne, d\u00e9j\u00e0 \u00e9lev\u00e9e, cro\u00eet tr\u00e8s rapidement, ce qui p\u00e8se sur les ressources naturelles, l&rsquo;\u00e9ducation et les soins de sant\u00e9 du pays. Malgr\u00e9 des conditions g\u00e9ographiques difficiles, l&rsquo;\u00c9gypte poss\u00e8de une \u00e9conomie dynamique et diversifi\u00e9e. Les industries extractives, le tourisme et l&rsquo;agriculture sont trois contributeurs tr\u00e8s importants au PIB. <\/span><\/p>\n<p>[\/vc_column_text][\/vc_column][\/vc_row][vc_row css=\u00a0\u00bb.vc_custom_1655278436857{background-position: center !important;background-repeat: no-repeat !important;background-size: cover !important;}\u00a0\u00bb el_class=\u00a0\u00bbdownloadpdf\u00a0\u00bb][vc_column css=\u00a0\u00bb.vc_custom_1655278397607{background-color: #ffffff !important;}\u00a0\u00bb][vc_empty_space][vc_column_text]<\/p>\n<h2><strong>Pourquoi r\u00e9aliser une \u00e9tude de march\u00e9 en \u00c9gypte ?<\/strong><\/h2>\n<p><span style=\"font-weight: 400;\">Le pays, qui dispose de plus de 4 milliards de barils de r\u00e9serves p\u00e9troli\u00e8res, est un acteur important sur le march\u00e9 mondial. L&rsquo;agriculture, malgr\u00e9 ses capacit\u00e9s impressionnantes, ne suffit pas \u00e0 satisfaire la demande locale, d&rsquo;o\u00f9 la place essentielle de l&rsquo;importation de c\u00e9r\u00e9ales et d&rsquo;aliments. <\/span><\/p>\n<p>.[\/vc_column_text][vc_empty_space][\/vc_column][\/vc_row][vc_row full_width=\u00a0\u00bbstretch_row\u00a0\u00bb css=\u00a0\u00bb.vc_custom_1657524761716{background-image: url(https:\/\/sagaciresearch.com\/wp-content\/uploads\/2022\/07\/Market-research-in-Egypt-2-scaled.jpg?id=14254) !important;background-position: center !important;background-repeat: no-repeat !important;background-size: cover !important;}\u00a0\u00bb][vc_column][vc_empty_space height=\u00a0\u00bb400px\u00a0\u00bb][\/vc_column][\/vc_row][vc_row css=\u00a0\u00bb.vc_custom_1655278436857{background-position: center !important;background-repeat: no-repeat !important;background-size: cover !important;}\u00a0\u00bb el_class=\u00a0\u00bbdownloadpdf\u00a0\u00bb][vc_column css=\u00a0\u00bb.vc_custom_1655278397607{background-color: #ffffff !important;}\u00a0\u00bb][vc_empty_space][vc_column_text]<\/p>\n<h2><strong>Donn\u00e9es repr\u00e9sentatives du march\u00e9<\/strong><\/h2>\n<p><span style=\"font-weight: 400;\">Sagaci Research est pr\u00e9sent en \u00c9gypte depuis 10 ans et peut vous offrir les outils n\u00e9cessaires pour tirer le meilleur parti de l&rsquo;\u00e9conomie et du march\u00e9 \u00e9gyptiens, qui se d\u00e9veloppent rapidement. Nous nous engageons \u00e0 vous aider \u00e0 atteindre vos objectifs et \u00e0 mettre en \u0153uvre votre strat\u00e9gie de croissance. Voici comment nous pouvons r\u00e9pondre \u00e0 vos besoins :<\/span>[\/vc_column_text][vc_empty_space][\/vc_column][\/vc_row][vc_row full_width=\u00a0\u00bbstretch_row\u00a0\u00bb css=\u00a0\u00bb.vc_custom_1655372755822{padding-top: 47px !important;padding-bottom: 60px !important;background-color: #ededa1 !important;}\u00a0\u00bb el_class=\u00a0\u00bbgradient\u00a0\u00bb][vc_column][vc_custom_heading stm_title_font_weight=\u00a0\u00bb400&Prime; text=\u00a0\u00bbM\u00e9thodes d&rsquo;\u00e9tude de march\u00e9 en \u00c9gypte\u00a0\u00bb font_container=\u00a0\u00bbtag:h2|text_align:center\u00a0\u00bb use_theme_fonts=\u00a0\u00bbyes\u00a0\u00bb][vc_row_inner equal_height=\u00a0\u00bbyes\u00a0\u00bb content_placement=\u00a0\u00bbmiddle\u00a0\u00bb gap=\u00a0\u00bb20&Prime; el_class=\u00a0\u00bbsquare\u00a0\u00bb][vc_column_inner width=\u00a0\u00bb1\/2&Prime; css=\u00a0\u00bb.vc_custom_1620309789350{background-color: #ffffff !important;}\u00a0\u00bb][stm_info_box align_center=\u00a0\u00bbyes\u00a0\u00bb style=\u00a0\u00bbstyle_2&Prime; title=\u00a0\u00bbPanel en ligne\u00a0\u00bb css=\u00a0\u00bb.vc_custom_1657524583864{padding-top: 10px !important;padding-right: 50px !important;padding-bottom: 10px !important;padding-left: 50px !important;}\u00a0\u00bb]<span style=\"font-weight: 400;\">Vous pouvez recevoir des r\u00e9ponses d\u00e9taill\u00e9es de notre panel en ligne avec un d\u00e9lai d&rsquo;ex\u00e9cution incroyable gr\u00e2ce \u00e0 notre panel \u00e9gyptien. Mieux comprendre les consommateurs \u00e9gyptiens. <\/span><a href=\"https:\/\/sagaciresearch.com\/online-panel-egypt\/\"><br \/>\n<span style=\"font-weight: 400;\">Cliquez ici pour plus d&rsquo;informations sur notre Panel en ligne en Egypte<\/span><br \/>\n<\/a><span style=\"font-weight: 400;\">. <\/span> [\/stm_info_box][\/vc_column_inner][vc_column_inner width=\u00a0\u00bb1\/2&Prime; css=\u00a0\u00bb.vc_custom_1620309810456{background-color: #ffffff !important;}\u00a0\u00bb][stm_info_box align_center=\u00a0\u00bbyes\u00a0\u00bb style=\u00a0\u00bbstyle_2&Prime; title=\u00a0\u00bbSagaBrand\u00a0\u00bb css=\u00a0\u00bb.vc_custom_1657524593416{padding-top: 10px !important;padding-right: 50px !important;padding-bottom: 10px !important;padding-left: 50px !important;}\u00a0\u00bb]<span style=\"font-weight: 400;\">Avec SagaBrand, vous pouvez avoir un aper\u00e7u de la sant\u00e9 de votre marque et de sa performance sur le march\u00e9. Des donn\u00e9es continuellement collect\u00e9es et mises \u00e0 jour sur votre march\u00e9 en \u00c9gypte. <\/span><a href=\"https:\/\/sagaciresearch.com\/products\/sagabrand\/\"><span style=\"font-weight: 400;\">D\u00e9couvrez les outils qui s&rsquo;offrent \u00e0 vous ici<\/span><\/a><span style=\"font-weight: 400;\">.<\/span><\/p>\n<p>[\/stm_info_box][\/vc_column_inner][\/vc_row_inner][vc_row_inner equal_height=\u00a0\u00bbyes\u00a0\u00bb gap=\u00a0\u00bb20&Prime; el_class=\u00a0\u00bbsquare\u00a0\u00bb][vc_column_inner width=\u00a0\u00bb1\/2&Prime; css=\u00a0\u00bb.vc_custom_1620309927520{background-color: #ffffff !important;}\u00a0\u00bb][stm_info_box align_center=\u00a0\u00bbyes\u00a0\u00bb style=\u00a0\u00bbstyle_2&Prime; title=\u00a0\u00bbSagaCube\u00a0\u00bb css=\u00a0\u00bb.vc_custom_1657524600450{padding-top: 10px !important;padding-right: 50px !important;padding-bottom: 10px !important;padding-left: 50px !important;}\u00a0\u00bb]<span style=\"font-weight: 400;\">Vous aurez acc\u00e8s \u00e0 un rapport unique et approfondi sur les habitudes de consommation de vos consommateurs cibles en \u00c9gypte. Choisissez parmi une liste de plus de 140 \u00e9l\u00e9ments qui vous int\u00e9ressent et t\u00e9l\u00e9chargez votre rapport d\u00e8s aujourd&rsquo;hui ! <\/span><a href=\"https:\/\/sagaciresearch.com\/products\/sagacube\/\"><span style=\"font-weight: 400;\">Acc\u00e9der ici. <\/span><\/a>[\/stm_info_box][\/vc_column_inner][vc_column_inner width=\u00a0\u00bb1\/2&Prime; css=\u00a0\u00bb.vc_custom_1620309998812{background-color: #ffffff !important;}\u00a0\u00bb][stm_info_box align_center=\u00a0\u00bbyes\u00a0\u00bb style=\u00a0\u00bbstyle_2&Prime; title=\u00a0\u00bbSagaTracker\u00a0\u00bb css=\u00a0\u00bb.vc_custom_1657524611716{padding-top: 10px !important;padding-right: 50px !important;padding-bottom: 10px !important;padding-left: 50px !important;}\u00a0\u00bb]<span style=\"font-weight: 400;\">SagaTracker mesure la pr\u00e9sence de votre marque dans le canal de vente au d\u00e9tail \u00e9gyptien. Utilisez nos audits de vente au d\u00e9tail syndiqu\u00e9s pour mesurer avec pr\u00e9cision la sant\u00e9 de votre marque. <\/span><a href=\"https:\/\/sagaciresearch.com\/products\/sagatracker\/\"><br \/>\n<span style=\"font-weight: 400;\">Pour en savoir plus, cliquez ici<\/span><br \/>\n<\/a><span style=\"font-weight: 400;\">. <\/span> [\/stm_info_box][\/vc_column_inner][\/vc_row_inner][\/vc_column][\/vc_row][vc_row][vc_column][vc_empty_space height=\u00a0\u00bb60px\u00a0\u00bb][\/vc_column][\/vc_row][vc_row][vc_column][vc_custom_heading stm_title_font_weight=\u00a0\u00bb400&Prime; text=\u00a0\u00bbEn savoir plus sur les \u00e9tudes syndiqu\u00e9es en \u00c9gypte\u00a0\u00bb font_container=\u00a0\u00bbtag:h3|text_align:center\u00a0\u00bb use_theme_fonts=\u00a0\u00bbyes\u00a0\u00bb][stm_news loop=\u00a0\u00bbsize:4|post_type:post|categories:93&Prime; posts_per_row=\u00a0\u00bb4&Prime;][\/vc_column][\/vc_row][vc_row][vc_column][vc_column_text][\/vc_column_text][\/vc_column][\/vc_row]<\/p>\n","protected":false},"excerpt":{"rendered":"<p>[vc_row][vc_column width=\u00a0\u00bb1\/2&Prime; css=\u00a0\u00bb.vc_custom_1614249031381{padding-top: 30px !important;padding-right: 30px !important;padding-bottom: 30px !important;padding-left: 30px !important;}\u00a0\u00bb][vc_column_text] \u00c9tudes de march\u00e9 en \u00c9gypte L&rsquo;\u00c9gypte vous offre des opportunit\u00e9s incomparables dans des secteurs cl\u00e9s. Qu&rsquo;il s&rsquo;agisse des services, du tourisme, de l&rsquo;agriculture ou des secteurs financiers et des t\u00e9l\u00e9communications en plein essor, l&rsquo;\u00e9conomie \u00e9gyptienne est diversifi\u00e9e et s\u00e9duisante. Par exemple, le secteur des<\/p>\n","protected":false},"author":6,"featured_media":0,"parent":16105,"menu_order":0,"comment_status":"closed","ping_status":"closed","template":"","meta":{"_acf_changed":false,"footnotes":""},"class_list":["post-17301","page","type-page","status-publish","hentry"],"acf":[],"yoast_head":"<!-- This site is optimized with the Yoast SEO plugin v27.2 - https:\/\/yoast.com\/product\/yoast-seo-wordpress\/ -->\n<title>\u00c9tudes de march\u00e9 en \u00c9gypte - Sagaci Research<\/title>\n<meta name=\"description\" content=\"L&#039;\u00e9tude de march\u00e9 de Sagaci en \u00c9gypte vous permet d&#039;acc\u00e9der \u00e0 des informations incomparables sur les secteurs cl\u00e9s, des services au tourisme en passant par l&#039;agriculture.\" \/>\n<meta name=\"robots\" content=\"index, follow, max-snippet:-1, max-image-preview:large, max-video-preview:-1\" \/>\n<link rel=\"canonical\" href=\"https:\/\/sagaciresearch.com\/fr\/notre-presence\/etudes-de-marche-en-egypte\/\" \/>\n<meta property=\"og:locale\" content=\"fr_FR\" \/>\n<meta property=\"og:type\" content=\"article\" \/>\n<meta property=\"og:title\" content=\"\u00c9tudes de march\u00e9 en \u00c9gypte - Sagaci Research\" \/>\n<meta property=\"og:description\" content=\"L&#039;\u00e9tude de march\u00e9 de Sagaci en \u00c9gypte vous permet d&#039;acc\u00e9der \u00e0 des informations incomparables sur les secteurs cl\u00e9s, des services au tourisme en passant par l&#039;agriculture.\" \/>\n<meta property=\"og:url\" content=\"https:\/\/sagaciresearch.com\/fr\/notre-presence\/etudes-de-marche-en-egypte\/\" \/>\n<meta property=\"og:site_name\" content=\"Sagaci Research\" \/>\n<meta property=\"article:modified_time\" content=\"2024-02-09T12:01:20+00:00\" \/>\n<meta name=\"twitter:card\" content=\"summary_large_image\" \/>\n<meta name=\"twitter:label1\" content=\"Dur\u00e9e de lecture estim\u00e9e\" \/>\n\t<meta name=\"twitter:data1\" content=\"4 minutes\" \/>\n<script type=\"application\/ld+json\" class=\"yoast-schema-graph\">{\"@context\":\"https:\/\/schema.org\",\"@graph\":[{\"@type\":\"WebPage\",\"@id\":\"https:\/\/sagaciresearch.com\/fr\/notre-presence\/etudes-de-marche-en-egypte\/\",\"url\":\"https:\/\/sagaciresearch.com\/fr\/notre-presence\/etudes-de-marche-en-egypte\/\",\"name\":\"\u00c9tudes de march\u00e9 en \u00c9gypte - Sagaci Research\",\"isPartOf\":{\"@id\":\"https:\/\/sagaciresearch.com\/#website\"},\"datePublished\":\"2022-07-11T07:35:39+00:00\",\"dateModified\":\"2024-02-09T12:01:20+00:00\",\"description\":\"L'\u00e9tude de march\u00e9 de Sagaci en \u00c9gypte vous permet d'acc\u00e9der \u00e0 des informations incomparables sur les secteurs cl\u00e9s, des services au tourisme en passant par l'agriculture.\",\"breadcrumb\":{\"@id\":\"https:\/\/sagaciresearch.com\/fr\/notre-presence\/etudes-de-marche-en-egypte\/#breadcrumb\"},\"inLanguage\":\"fr-FR\",\"potentialAction\":[{\"@type\":\"ReadAction\",\"target\":[\"https:\/\/sagaciresearch.com\/fr\/notre-presence\/etudes-de-marche-en-egypte\/\"]}]},{\"@type\":\"BreadcrumbList\",\"@id\":\"https:\/\/sagaciresearch.com\/fr\/notre-presence\/etudes-de-marche-en-egypte\/#breadcrumb\",\"itemListElement\":[{\"@type\":\"ListItem\",\"position\":1,\"name\":\"Home\",\"item\":\"https:\/\/sagaciresearch.com\/fr\/\"},{\"@type\":\"ListItem\",\"position\":2,\"name\":\"Notre pr\u00e9sence\",\"item\":\"https:\/\/sagaciresearch.com\/fr\/notre-presence\/\"},{\"@type\":\"ListItem\",\"position\":3,\"name\":\"\u00c9tudes de march\u00e9 en \u00c9gypte\"}]},{\"@type\":\"WebSite\",\"@id\":\"https:\/\/sagaciresearch.com\/#website\",\"url\":\"https:\/\/sagaciresearch.com\/\",\"name\":\"Sagaci Research\",\"description\":\"We provide data and insights you can trust to fuel your growth\",\"publisher\":{\"@id\":\"https:\/\/sagaciresearch.com\/#organization\"},\"potentialAction\":[{\"@type\":\"SearchAction\",\"target\":{\"@type\":\"EntryPoint\",\"urlTemplate\":\"https:\/\/sagaciresearch.com\/?s={search_term_string}\"},\"query-input\":{\"@type\":\"PropertyValueSpecification\",\"valueRequired\":true,\"valueName\":\"search_term_string\"}}],\"inLanguage\":\"fr-FR\"},{\"@type\":\"Organization\",\"@id\":\"https:\/\/sagaciresearch.com\/#organization\",\"name\":\"Sagaci Research\",\"url\":\"https:\/\/sagaciresearch.com\/\",\"logo\":{\"@type\":\"ImageObject\",\"inLanguage\":\"fr-FR\",\"@id\":\"https:\/\/sagaciresearch.com\/#\/schema\/logo\/image\/\",\"url\":\"https:\/\/sagaciresearch.com\/wp-content\/uploads\/2019\/09\/SR2.jpg\",\"contentUrl\":\"https:\/\/sagaciresearch.com\/wp-content\/uploads\/2019\/09\/SR2.jpg\",\"width\":960,\"height\":960,\"caption\":\"Sagaci Research\"},\"image\":{\"@id\":\"https:\/\/sagaciresearch.com\/#\/schema\/logo\/image\/\"}}]}<\/script>\n<!-- \/ Yoast SEO plugin. -->","yoast_head_json":{"title":"\u00c9tudes de march\u00e9 en \u00c9gypte - Sagaci Research","description":"L'\u00e9tude de march\u00e9 de Sagaci en \u00c9gypte vous permet d'acc\u00e9der \u00e0 des informations incomparables sur les secteurs cl\u00e9s, des services au tourisme en passant par l'agriculture.","robots":{"index":"index","follow":"follow","max-snippet":"max-snippet:-1","max-image-preview":"max-image-preview:large","max-video-preview":"max-video-preview:-1"},"canonical":"https:\/\/sagaciresearch.com\/fr\/notre-presence\/etudes-de-marche-en-egypte\/","og_locale":"fr_FR","og_type":"article","og_title":"\u00c9tudes de march\u00e9 en \u00c9gypte - Sagaci Research","og_description":"L'\u00e9tude de march\u00e9 de Sagaci en \u00c9gypte vous permet d'acc\u00e9der \u00e0 des informations incomparables sur les secteurs cl\u00e9s, des services au tourisme en passant par l'agriculture.","og_url":"https:\/\/sagaciresearch.com\/fr\/notre-presence\/etudes-de-marche-en-egypte\/","og_site_name":"Sagaci Research","article_modified_time":"2024-02-09T12:01:20+00:00","twitter_card":"summary_large_image","twitter_misc":{"Dur\u00e9e de lecture estim\u00e9e":"4 minutes"},"schema":{"@context":"https:\/\/schema.org","@graph":[{"@type":"WebPage","@id":"https:\/\/sagaciresearch.com\/fr\/notre-presence\/etudes-de-marche-en-egypte\/","url":"https:\/\/sagaciresearch.com\/fr\/notre-presence\/etudes-de-marche-en-egypte\/","name":"\u00c9tudes de march\u00e9 en \u00c9gypte - Sagaci Research","isPartOf":{"@id":"https:\/\/sagaciresearch.com\/#website"},"datePublished":"2022-07-11T07:35:39+00:00","dateModified":"2024-02-09T12:01:20+00:00","description":"L'\u00e9tude de march\u00e9 de Sagaci en \u00c9gypte vous permet d'acc\u00e9der \u00e0 des informations incomparables sur les secteurs cl\u00e9s, des services au tourisme en passant par l'agriculture.","breadcrumb":{"@id":"https:\/\/sagaciresearch.com\/fr\/notre-presence\/etudes-de-marche-en-egypte\/#breadcrumb"},"inLanguage":"fr-FR","potentialAction":[{"@type":"ReadAction","target":["https:\/\/sagaciresearch.com\/fr\/notre-presence\/etudes-de-marche-en-egypte\/"]}]},{"@type":"BreadcrumbList","@id":"https:\/\/sagaciresearch.com\/fr\/notre-presence\/etudes-de-marche-en-egypte\/#breadcrumb","itemListElement":[{"@type":"ListItem","position":1,"name":"Home","item":"https:\/\/sagaciresearch.com\/fr\/"},{"@type":"ListItem","position":2,"name":"Notre pr\u00e9sence","item":"https:\/\/sagaciresearch.com\/fr\/notre-presence\/"},{"@type":"ListItem","position":3,"name":"\u00c9tudes de march\u00e9 en \u00c9gypte"}]},{"@type":"WebSite","@id":"https:\/\/sagaciresearch.com\/#website","url":"https:\/\/sagaciresearch.com\/","name":"Sagaci Research","description":"We provide data and insights you can trust to fuel your growth","publisher":{"@id":"https:\/\/sagaciresearch.com\/#organization"},"potentialAction":[{"@type":"SearchAction","target":{"@type":"EntryPoint","urlTemplate":"https:\/\/sagaciresearch.com\/?s={search_term_string}"},"query-input":{"@type":"PropertyValueSpecification","valueRequired":true,"valueName":"search_term_string"}}],"inLanguage":"fr-FR"},{"@type":"Organization","@id":"https:\/\/sagaciresearch.com\/#organization","name":"Sagaci Research","url":"https:\/\/sagaciresearch.com\/","logo":{"@type":"ImageObject","inLanguage":"fr-FR","@id":"https:\/\/sagaciresearch.com\/#\/schema\/logo\/image\/","url":"https:\/\/sagaciresearch.com\/wp-content\/uploads\/2019\/09\/SR2.jpg","contentUrl":"https:\/\/sagaciresearch.com\/wp-content\/uploads\/2019\/09\/SR2.jpg","width":960,"height":960,"caption":"Sagaci Research"},"image":{"@id":"https:\/\/sagaciresearch.com\/#\/schema\/logo\/image\/"}}]}},"_links":{"self":[{"href":"https:\/\/sagaciresearch.com\/fr\/wp-json\/wp\/v2\/pages\/17301","targetHints":{"allow":["GET"]}}],"collection":[{"href":"https:\/\/sagaciresearch.com\/fr\/wp-json\/wp\/v2\/pages"}],"about":[{"href":"https:\/\/sagaciresearch.com\/fr\/wp-json\/wp\/v2\/types\/page"}],"author":[{"embeddable":true,"href":"https:\/\/sagaciresearch.com\/fr\/wp-json\/wp\/v2\/users\/6"}],"replies":[{"embeddable":true,"href":"https:\/\/sagaciresearch.com\/fr\/wp-json\/wp\/v2\/comments?post=17301"}],"version-history":[{"count":2,"href":"https:\/\/sagaciresearch.com\/fr\/wp-json\/wp\/v2\/pages\/17301\/revisions"}],"predecessor-version":[{"id":18539,"href":"https:\/\/sagaciresearch.com\/fr\/wp-json\/wp\/v2\/pages\/17301\/revisions\/18539"}],"up":[{"embeddable":true,"href":"https:\/\/sagaciresearch.com\/fr\/wp-json\/wp\/v2\/pages\/16105"}],"wp:attachment":[{"href":"https:\/\/sagaciresearch.com\/fr\/wp-json\/wp\/v2\/media?parent=17301"}],"curies":[{"name":"wp","href":"https:\/\/api.w.org\/{rel}","templated":true}]}}