{"id":17299,"date":"2022-06-23T09:45:36","date_gmt":"2022-06-23T07:45:36","guid":{"rendered":"https:\/\/sagaciresearch.com\/notre-presence\/etudes-de-marche-en-republique-democratique-du-congo\/"},"modified":"2024-02-09T12:53:58","modified_gmt":"2024-02-09T11:53:58","slug":"etudes-de-marche-en-republique-democratique-du-congo","status":"publish","type":"page","link":"https:\/\/sagaciresearch.com\/fr\/notre-presence\/etudes-de-marche-en-republique-democratique-du-congo\/","title":{"rendered":"\u00c9tudes de march\u00e9 en R\u00e9publique d\u00e9mocratique du Congo"},"content":{"rendered":"<p>[vc_row][vc_column width=\u00a0\u00bb1\/2&Prime; css=\u00a0\u00bb.vc_custom_1614249031381{padding-top: 30px !important;padding-right: 30px !important;padding-bottom: 30px !important;padding-left: 30px !important;}\u00a0\u00bb][vc_column_text]<\/p>\n<h1><b>\u00c9tudes de march\u00e9 en R\u00e9publique d\u00e9mocratique du Congo<\/b><\/h1>\n<p><span style=\"font-weight: 400;\">Malgr\u00e9 un climat politique difficile depuis l&rsquo;ind\u00e9pendance du pays, la derni\u00e8re d\u00e9cennie a montr\u00e9 une trajectoire agr\u00e9able de croissance de l&rsquo;\u00e9conomie et d&rsquo;un certain nombre de secteurs. Gr\u00e2ce \u00e0 de nombreuses r\u00e9formes, tant planifi\u00e9es que mises en \u0153uvre, l&rsquo;environnement commercial devient plus favorable aux investisseurs. <\/span><\/p>\n<p>D\u00e9couvrez pourquoi vous devriez r\u00e9aliser votre \u00e9tude de march\u00e9 en R\u00e9publique d\u00e9mocratique du Congo avec Sagaci Research.[\/vc_column_text][vc_btn title=\u00a0\u00bbNous contacter\u00a0\u00bb color=\u00a0\u00bborange\u00a0\u00bb link=\u00a0\u00bburl:%2Fcontact%2F%3Fshow%3Dcontact%26source%3DSagaBrand%2520Contact|title:Contact%20us\u00a0\u00bb el_class=\u00a0\u00bbmarketresearchbutton\u00a0\u00bb][\/vc_column][vc_column width=\u00a0\u00bb1\/2&Prime; css=\u00a0\u00bb.vc_custom_1655804674483{padding-top: 20px !important;padding-right: 20px !important;padding-left: 20px !important;}\u00a0\u00bb][vc_single_image image=\u00a0\u00bb13854&Prime; img_size=\u00a0\u00bbfull\u00a0\u00bb alignment=\u00a0\u00bbcenter\u00a0\u00bb css_animation=\u00a0\u00bbfadeIn\u00a0\u00bb][\/vc_column][\/vc_row][vc_row full_width=\u00a0\u00bbstretch_row\u00a0\u00bb css=\u00a0\u00bb.vc_custom_1655372764432{border-bottom-width: 20px !important;padding-top: 20px !important;background-color: #ededa1 !important;}\u00a0\u00bb el_class=\u00a0\u00bbgradient\u00a0\u00bb][vc_column width=\u00a0\u00bb1\/2&Prime; css=\u00a0\u00bb.vc_custom_1614249031381{padding-top: 30px !important;padding-right: 30px !important;padding-bottom: 30px !important;padding-left: 30px !important;}\u00a0\u00bb][vc_single_image image=\u00a0\u00bb14104&Prime; img_size=\u00a0\u00bb400&#215;400&Prime; alignment=\u00a0\u00bbcenter\u00a0\u00bb style=\u00a0\u00bbvc_box_circle_2&Prime;][\/vc_column][vc_column width=\u00a0\u00bb1\/2&Prime;][vc_empty_space][vc_column_text]<\/p>\n<h2><strong>A propos de <\/strong><b>R\u00e9publique d\u00e9mocratique du Congo<\/b><\/h2>\n<p><span style=\"font-weight: 400;\">La population de la R\u00e9publique d\u00e9mocratique du Congo est r\u00e9partie dans des agglom\u00e9rations urbaines, en particulier dans les comt\u00e9s du nord-est, qui bordent l&rsquo;Ouganda, le Rwanda et le Burundi, ainsi que dans la plus grande ville et capitale, Kinshasa, situ\u00e9e sur le fleuve Congo, \u00e0 l&rsquo;ouest. Le sud est peu peupl\u00e9. Kinshasa est la troisi\u00e8me plus grande ville d&rsquo;Afrique, avec une zone ais\u00e9e situ\u00e9e dans la Ville Basse, les basses terres situ\u00e9es autour du fleuve, et d&rsquo;importants d\u00e9veloppements immobiliers dans les collines \u00e0 la p\u00e9riph\u00e9rie de la ville. <\/span><\/p>\n<p><span style=\"font-weight: 400;\">La RDC poss\u00e8de un riche secteur minier, avec d&rsquo;abondantes sources de cuivre, de cobalt, d&rsquo;or, de zinc et de diamant parmi une vaste gamme de min\u00e9raux. En outre, l&rsquo;agriculture est importante, avec de tr\u00e8s grandes surfaces cultivables. <\/span><\/p>\n<p>&nbsp;<\/p>\n<p>[\/vc_column_text][\/vc_column][\/vc_row][vc_row css=\u00a0\u00bb.vc_custom_1655278436857{background-position: center !important;background-repeat: no-repeat !important;background-size: cover !important;}\u00a0\u00bb el_class=\u00a0\u00bbdownloadpdf\u00a0\u00bb][vc_column css=\u00a0\u00bb.vc_custom_1655278397607{background-color: #ffffff !important;}\u00a0\u00bb][vc_empty_space][vc_column_text]<\/p>\n<h2><strong>Pourquoi r\u00e9aliser une \u00e9tude de march\u00e9 en R\u00e9publique d\u00e9mocratique du Congo ?<\/strong><\/h2>\n<p><span style=\"font-weight: 400;\">L&rsquo;entr\u00e9e de la RDC dans la Communaut\u00e9 d&rsquo;Afrique de l&rsquo;Est <\/span><span style=\"font-weight: 400;\">ouvre un large \u00e9ventail de possibilit\u00e9s pour le d\u00e9veloppement \u00e9conomique du pays et de la r\u00e9gion.<\/span><\/p>\n<p><span style=\"font-weight: 400;\">La RDC a un niveau de d\u00e9veloppement humain assez faible et il est n\u00e9cessaire d&rsquo;investir dans le secteur de l&rsquo;\u00e9ducation et des soins de sant\u00e9, en particulier dans les zones rurales. En outre, l&rsquo;\u00e9conomie est actuellement trop unilat\u00e9ralement d\u00e9pendante de ses industries extractives. Cela signifie qu&rsquo;il existe de r\u00e9elles possibilit\u00e9s d&rsquo;investissement et de d\u00e9veloppement dans des secteurs tels que la banque et les t\u00e9l\u00e9communications, malgr\u00e9 la faiblesse des infrastructures. <\/span>[\/vc_column_text][vc_empty_space][\/vc_column][\/vc_row][vc_row full_width=\u00a0\u00bbstretch_row\u00a0\u00bb css=\u00a0\u00bb.vc_custom_1655968719538{background-image: url(https:\/\/sagaciresearch.com\/wp-content\/uploads\/2022\/06\/market-research-Democratic-Republic-of-Congo-2-1-scaled.jpg?id=14108) !important;background-position: center !important;background-repeat: no-repeat !important;background-size: cover !important;}\u00a0\u00bb][vc_column][vc_empty_space height=\u00a0\u00bb400px\u00a0\u00bb][\/vc_column][\/vc_row][vc_row css=\u00a0\u00bb.vc_custom_1655278436857{background-position: center !important;background-repeat: no-repeat !important;background-size: cover !important;}\u00a0\u00bb el_class=\u00a0\u00bbdownloadpdf\u00a0\u00bb][vc_column css=\u00a0\u00bb.vc_custom_1655278397607{background-color: #ffffff !important;}\u00a0\u00bb][vc_empty_space][vc_column_text]<\/p>\n<h2><strong>Donn\u00e9es repr\u00e9sentatives du march\u00e9<\/strong><\/h2>\n<p><span style=\"font-weight: 400;\">Alors que la RDC devient plus stable politiquement et que l&rsquo;environnement des affaires devient plus favorable avec les nouvelles r\u00e9formes en vue, il est important pour votre entreprise d&rsquo;avoir acc\u00e8s \u00e0 des informations fiables et actualis\u00e9es sur le march\u00e9. <\/span><\/p>\n<p><span style=\"font-weight: 400;\">La capitale, Kinshasa, ou les r\u00e9gions de Kantaga (Lubumbashi) ou du Kivu ont des modes de consommation tr\u00e8s diff\u00e9rents. Si l&rsquo;on ajoute \u00e0 cela le manque de moyens de transport, il peut s&rsquo;av\u00e9rer tr\u00e8s difficile de mener \u00e0 bien un projet de recherche en RDC. C&rsquo;est pourquoi la r\u00e9alisation d&rsquo;une \u00e9tude de march\u00e9 pr\u00e9cise et repr\u00e9sentative en R\u00e9publique d\u00e9mocratique du Congo est essentielle \u00e0 votre r\u00e9ussite. <\/span><\/p>\n<p><span style=\"font-weight: 400;\">Sagaci Research est en mesure de mobiliser des \u00e9quipes dans chaque r\u00e9gion qui peuvent capturer l&rsquo;essence de chaque r\u00e9gion du pays et vous fournir des donn\u00e9es qualitatives et quantitatives repr\u00e9sentatives. <\/span>[\/vc_column_text][vc_empty_space][\/vc_column][\/vc_row][vc_row full_width=\u00a0\u00bbstretch_row\u00a0\u00bb css=\u00a0\u00bb.vc_custom_1655372755822{padding-top: 47px !important;padding-bottom: 60px !important;background-color: #ededa1 !important;}\u00a0\u00bb el_class=\u00a0\u00bbgradient\u00a0\u00bb][vc_column][vc_custom_heading stm_title_font_weight=\u00a0\u00bb400&Prime; text=\u00a0\u00bbM\u00e9thodes d&rsquo;\u00e9tude de march\u00e9 en R\u00e9publique d\u00e9mocratique du Congo\u00a0\u00bb font_container=\u00a0\u00bbtag:h2|text_align:center\u00a0\u00bb use_theme_fonts=\u00a0\u00bbyes\u00a0\u00bb][vc_row_inner equal_height=\u00a0\u00bbyes\u00a0\u00bb content_placement=\u00a0\u00bbmiddle\u00a0\u00bb gap=\u00a0\u00bb20&Prime; el_class=\u00a0\u00bbsquare\u00a0\u00bb][vc_column_inner width=\u00a0\u00bb1\/2&Prime; css=\u00a0\u00bb.vc_custom_1620309789350{background-color: #ffffff !important;}\u00a0\u00bb][stm_info_box align_center=\u00a0\u00bbyes\u00a0\u00bb style=\u00a0\u00bbstyle_2&Prime; title=\u00a0\u00bbPanel en ligne\u00a0\u00bb css=\u00a0\u00bb.vc_custom_1655968967351{padding-top: 10px !important;padding-right: 50px !important;padding-bottom: 10px !important;padding-left: 50px !important;}\u00a0\u00bb]<span style=\"font-weight: 400;\">Utilisez notre Panel en ligne en RDC pour recevoir des r\u00e9ponses d\u00e9taill\u00e9es de la part de milliers de r\u00e9pondants engag\u00e9s dans un d\u00e9lai d&rsquo;ex\u00e9cution incroyable. Comprendre la r\u00e9alit\u00e9 des consommateurs de la R\u00e9publique d\u00e9mocratique du Congo. <\/span><a href=\"https:\/\/sagaciresearch.com\/online-panel-dr-congo\/\" target=\"_blank\" rel=\"noopener\"><span style=\"font-weight: 400;\">Cliquez ici pour plus d&rsquo;informations.<\/span><\/a>[\/stm_info_box][\/vc_column_inner][vc_column_inner width=\u00a0\u00bb1\/2&Prime; css=\u00a0\u00bb.vc_custom_1620309810456{background-color: #ffffff !important;}\u00a0\u00bb][stm_info_box align_center=\u00a0\u00bbyes\u00a0\u00bb style=\u00a0\u00bbstyle_2&Prime; title=\u00a0\u00bbSagaBrand\u00a0\u00bb css=\u00a0\u00bb.vc_custom_1655968891559{padding-top: 10px !important;padding-right: 50px !important;padding-bottom: 10px !important;padding-left: 50px !important;}\u00a0\u00bb]<span style=\"font-weight: 400;\">SagaBrand vous fournit des informations d\u00e9taill\u00e9es sur la sant\u00e9 et la performance de votre marque sur le march\u00e9 de la RDC. Des donn\u00e9es collect\u00e9es et mises \u00e0 jour en permanence sur le march\u00e9 de votre choix en R\u00e9publique d\u00e9mocratique du Congo. <\/span><a href=\"https:\/\/sagaciresearch.com\/products\/sagabrand\/\" target=\"_blank\" rel=\"noopener\"><span style=\"font-weight: 400;\">D\u00e9couvrez les outils qui s&rsquo;offrent \u00e0 vous ici<\/span><\/a><span style=\"font-weight: 400;\">.<\/span>[\/stm_info_box][\/vc_column_inner][\/vc_row_inner][vc_row_inner equal_height=\u00a0\u00bbyes\u00a0\u00bb gap=\u00a0\u00bb20&Prime; el_class=\u00a0\u00bbsquare\u00a0\u00bb][vc_column_inner width=\u00a0\u00bb1\/2&Prime; css=\u00a0\u00bb.vc_custom_1620309927520{background-color: #ffffff !important;}\u00a0\u00bb][stm_info_box align_center=\u00a0\u00bbyes\u00a0\u00bb style=\u00a0\u00bbstyle_2&Prime; title=\u00a0\u00bbSagaCube\u00a0\u00bb css=\u00a0\u00bb.vc_custom_1655968861640{padding-top: 10px !important;padding-right: 50px !important;padding-bottom: 10px !important;padding-left: 50px !important;}\u00a0\u00bb]<span style=\"font-weight: 400;\">Acc\u00e9dez \u00e0 un rapport unique et approfondi sur les habitudes de consommation en RDC de vos consommateurs cibles. Choisissez parmi une liste de plus de 140 \u00e9l\u00e9ments dans le pays qui vous int\u00e9resse et t\u00e9l\u00e9chargez votre rapport d\u00e8s aujourd&rsquo;hui ! <\/span><a href=\"https:\/\/sagaciresearch.com\/products\/sagacube\/\" target=\"_blank\" rel=\"noopener\"><span style=\"font-weight: 400;\">Acc\u00e9der ici. <\/span><\/a><\/p>\n<p>[\/stm_info_box][\/vc_column_inner][vc_column_inner width=\u00a0\u00bb1\/2&Prime; css=\u00a0\u00bb.vc_custom_1620309998812{background-color: #ffffff !important;}\u00a0\u00bb][stm_info_box align_center=\u00a0\u00bbyes\u00a0\u00bb style=\u00a0\u00bbstyle_2&Prime; title=\u00a0\u00bbSagaTracker\u00a0\u00bb css=\u00a0\u00bb.vc_custom_1655968904310{padding-top: 10px !important;padding-right: 50px !important;padding-bottom: 10px !important;padding-left: 50px !important;}\u00a0\u00bb]<span style=\"font-weight: 400;\">SagaTracker collecte des donn\u00e9es sur la pr\u00e9sence de votre marque dans le canal de vente au d\u00e9tail de la RDC. Mesurez avec pr\u00e9cision l&rsquo;\u00e9tat de sant\u00e9 de votre marque gr\u00e2ce \u00e0 nos audits de vente au d\u00e9tail syndiqu\u00e9s. <\/span><a href=\"https:\/\/sagaciresearch.com\/products\/sagatracker\/\" target=\"_blank\" rel=\"noopener\"><br \/>\n<span style=\"font-weight: 400;\">Pour en savoir plus, cliquez ici<\/span><br \/>\n<\/a><span style=\"font-weight: 400;\">. <\/span> [\/stm_info_box][\/vc_column_inner][\/vc_row_inner][\/vc_column][\/vc_row][vc_row][vc_column][vc_empty_space height=\u00a0\u00bb60px\u00a0\u00bb][\/vc_column][\/vc_row][vc_row][vc_column][vc_custom_heading stm_title_font_weight=\u00a0\u00bb400&Prime; text=\u00a0\u00bbEn savoir plus sur les \u00e9tudes syndiqu\u00e9es en R\u00e9publique d\u00e9mocratique du Congo\u00a0\u00bb font_container=\u00a0\u00bbtag:h3|text_align:center\u00a0\u00bb use_theme_fonts=\u00a0\u00bbyes\u00a0\u00bb][stm_news posts_per_row=\u00a0\u00bb4&Prime;][\/vc_column][\/vc_row][vc_row][vc_column][vc_column_text][\/vc_column_text][\/vc_column][\/vc_row]<\/p>\n","protected":false},"excerpt":{"rendered":"<p>[vc_row][vc_column width=\u00a0\u00bb1\/2&Prime; css=\u00a0\u00bb.vc_custom_1614249031381{padding-top: 30px !important;padding-right: 30px !important;padding-bottom: 30px !important;padding-left: 30px !important;}\u00a0\u00bb][vc_column_text] \u00c9tudes de march\u00e9 en R\u00e9publique d\u00e9mocratique du Congo Malgr\u00e9 un climat politique difficile depuis l&rsquo;ind\u00e9pendance du pays, la derni\u00e8re d\u00e9cennie a montr\u00e9 une trajectoire agr\u00e9able de croissance de l&rsquo;\u00e9conomie et d&rsquo;un certain nombre de secteurs. Gr\u00e2ce \u00e0 de nombreuses r\u00e9formes, tant planifi\u00e9es que mises<\/p>\n","protected":false},"author":6,"featured_media":0,"parent":16105,"menu_order":0,"comment_status":"closed","ping_status":"closed","template":"","meta":{"_acf_changed":false,"footnotes":""},"class_list":["post-17299","page","type-page","status-publish","hentry"],"acf":[],"yoast_head":"<!-- This site is optimized with the Yoast SEO plugin v27.4 - https:\/\/yoast.com\/product\/yoast-seo-wordpress\/ -->\n<title>\u00c9tudes de march\u00e9 en R\u00e9publique d\u00e9mocratique du Congo - Sagaci Research<\/title>\n<meta name=\"description\" content=\"L&#039;entr\u00e9e de la RDC dans la Communaut\u00e9 d&#039;Afrique de l&#039;Est ouvre des perspectives si vous souhaitez r\u00e9aliser une \u00e9tude de march\u00e9 en R\u00e9publique d\u00e9mocratique du Congo.\" \/>\n<meta name=\"robots\" content=\"index, follow, max-snippet:-1, max-image-preview:large, max-video-preview:-1\" \/>\n<link rel=\"canonical\" href=\"https:\/\/sagaciresearch.com\/fr\/notre-presence\/etudes-de-marche-en-republique-democratique-du-congo\/\" \/>\n<meta property=\"og:locale\" content=\"fr_FR\" \/>\n<meta property=\"og:type\" content=\"article\" \/>\n<meta property=\"og:title\" content=\"\u00c9tudes de march\u00e9 en R\u00e9publique d\u00e9mocratique du Congo - Sagaci Research\" \/>\n<meta property=\"og:description\" content=\"L&#039;entr\u00e9e de la RDC dans la Communaut\u00e9 d&#039;Afrique de l&#039;Est ouvre des perspectives si vous souhaitez r\u00e9aliser une \u00e9tude de march\u00e9 en R\u00e9publique d\u00e9mocratique du Congo.\" \/>\n<meta property=\"og:url\" content=\"https:\/\/sagaciresearch.com\/fr\/notre-presence\/etudes-de-marche-en-republique-democratique-du-congo\/\" \/>\n<meta property=\"og:site_name\" content=\"Sagaci Research\" \/>\n<meta property=\"article:modified_time\" content=\"2024-02-09T11:53:58+00:00\" \/>\n<meta name=\"twitter:card\" content=\"summary_large_image\" \/>\n<meta name=\"twitter:label1\" content=\"Dur\u00e9e de lecture estim\u00e9e\" \/>\n\t<meta name=\"twitter:data1\" content=\"4 minutes\" \/>\n<script type=\"application\/ld+json\" class=\"yoast-schema-graph\">{\"@context\":\"https:\\\/\\\/schema.org\",\"@graph\":[{\"@type\":\"WebPage\",\"@id\":\"https:\\\/\\\/sagaciresearch.com\\\/fr\\\/notre-presence\\\/etudes-de-marche-en-republique-democratique-du-congo\\\/\",\"url\":\"https:\\\/\\\/sagaciresearch.com\\\/fr\\\/notre-presence\\\/etudes-de-marche-en-republique-democratique-du-congo\\\/\",\"name\":\"\u00c9tudes de march\u00e9 en R\u00e9publique d\u00e9mocratique du Congo - Sagaci Research\",\"isPartOf\":{\"@id\":\"https:\\\/\\\/sagaciresearch.com\\\/#website\"},\"datePublished\":\"2022-06-23T07:45:36+00:00\",\"dateModified\":\"2024-02-09T11:53:58+00:00\",\"description\":\"L'entr\u00e9e de la RDC dans la Communaut\u00e9 d'Afrique de l'Est ouvre des perspectives si vous souhaitez r\u00e9aliser une \u00e9tude de march\u00e9 en R\u00e9publique d\u00e9mocratique du Congo.\",\"breadcrumb\":{\"@id\":\"https:\\\/\\\/sagaciresearch.com\\\/fr\\\/notre-presence\\\/etudes-de-marche-en-republique-democratique-du-congo\\\/#breadcrumb\"},\"inLanguage\":\"fr-FR\",\"potentialAction\":[{\"@type\":\"ReadAction\",\"target\":[\"https:\\\/\\\/sagaciresearch.com\\\/fr\\\/notre-presence\\\/etudes-de-marche-en-republique-democratique-du-congo\\\/\"]}]},{\"@type\":\"BreadcrumbList\",\"@id\":\"https:\\\/\\\/sagaciresearch.com\\\/fr\\\/notre-presence\\\/etudes-de-marche-en-republique-democratique-du-congo\\\/#breadcrumb\",\"itemListElement\":[{\"@type\":\"ListItem\",\"position\":1,\"name\":\"Home\",\"item\":\"https:\\\/\\\/sagaciresearch.com\\\/fr\\\/\"},{\"@type\":\"ListItem\",\"position\":2,\"name\":\"Notre pr\u00e9sence\",\"item\":\"https:\\\/\\\/sagaciresearch.com\\\/fr\\\/notre-presence\\\/\"},{\"@type\":\"ListItem\",\"position\":3,\"name\":\"\u00c9tudes de march\u00e9 en R\u00e9publique d\u00e9mocratique du Congo\"}]},{\"@type\":\"WebSite\",\"@id\":\"https:\\\/\\\/sagaciresearch.com\\\/#website\",\"url\":\"https:\\\/\\\/sagaciresearch.com\\\/\",\"name\":\"Sagaci Research\",\"description\":\"We provide data and insights you can trust to fuel your growth\",\"publisher\":{\"@id\":\"https:\\\/\\\/sagaciresearch.com\\\/#organization\"},\"potentialAction\":[{\"@type\":\"SearchAction\",\"target\":{\"@type\":\"EntryPoint\",\"urlTemplate\":\"https:\\\/\\\/sagaciresearch.com\\\/?s={search_term_string}\"},\"query-input\":{\"@type\":\"PropertyValueSpecification\",\"valueRequired\":true,\"valueName\":\"search_term_string\"}}],\"inLanguage\":\"fr-FR\"},{\"@type\":\"Organization\",\"@id\":\"https:\\\/\\\/sagaciresearch.com\\\/#organization\",\"name\":\"Sagaci Research\",\"url\":\"https:\\\/\\\/sagaciresearch.com\\\/\",\"logo\":{\"@type\":\"ImageObject\",\"inLanguage\":\"fr-FR\",\"@id\":\"https:\\\/\\\/sagaciresearch.com\\\/#\\\/schema\\\/logo\\\/image\\\/\",\"url\":\"https:\\\/\\\/sagaciresearch.com\\\/wp-content\\\/uploads\\\/2019\\\/09\\\/SR2.jpg\",\"contentUrl\":\"https:\\\/\\\/sagaciresearch.com\\\/wp-content\\\/uploads\\\/2019\\\/09\\\/SR2.jpg\",\"width\":960,\"height\":960,\"caption\":\"Sagaci Research\"},\"image\":{\"@id\":\"https:\\\/\\\/sagaciresearch.com\\\/#\\\/schema\\\/logo\\\/image\\\/\"}}]}<\/script>\n<!-- \/ Yoast SEO plugin. -->","yoast_head_json":{"title":"\u00c9tudes de march\u00e9 en R\u00e9publique d\u00e9mocratique du Congo - Sagaci Research","description":"L'entr\u00e9e de la RDC dans la Communaut\u00e9 d'Afrique de l'Est ouvre des perspectives si vous souhaitez r\u00e9aliser une \u00e9tude de march\u00e9 en R\u00e9publique d\u00e9mocratique du Congo.","robots":{"index":"index","follow":"follow","max-snippet":"max-snippet:-1","max-image-preview":"max-image-preview:large","max-video-preview":"max-video-preview:-1"},"canonical":"https:\/\/sagaciresearch.com\/fr\/notre-presence\/etudes-de-marche-en-republique-democratique-du-congo\/","og_locale":"fr_FR","og_type":"article","og_title":"\u00c9tudes de march\u00e9 en R\u00e9publique d\u00e9mocratique du Congo - Sagaci Research","og_description":"L'entr\u00e9e de la RDC dans la Communaut\u00e9 d'Afrique de l'Est ouvre des perspectives si vous souhaitez r\u00e9aliser une \u00e9tude de march\u00e9 en R\u00e9publique d\u00e9mocratique du Congo.","og_url":"https:\/\/sagaciresearch.com\/fr\/notre-presence\/etudes-de-marche-en-republique-democratique-du-congo\/","og_site_name":"Sagaci Research","article_modified_time":"2024-02-09T11:53:58+00:00","twitter_card":"summary_large_image","twitter_misc":{"Dur\u00e9e de lecture estim\u00e9e":"4 minutes"},"schema":{"@context":"https:\/\/schema.org","@graph":[{"@type":"WebPage","@id":"https:\/\/sagaciresearch.com\/fr\/notre-presence\/etudes-de-marche-en-republique-democratique-du-congo\/","url":"https:\/\/sagaciresearch.com\/fr\/notre-presence\/etudes-de-marche-en-republique-democratique-du-congo\/","name":"\u00c9tudes de march\u00e9 en R\u00e9publique d\u00e9mocratique du Congo - Sagaci Research","isPartOf":{"@id":"https:\/\/sagaciresearch.com\/#website"},"datePublished":"2022-06-23T07:45:36+00:00","dateModified":"2024-02-09T11:53:58+00:00","description":"L'entr\u00e9e de la RDC dans la Communaut\u00e9 d'Afrique de l'Est ouvre des perspectives si vous souhaitez r\u00e9aliser une \u00e9tude de march\u00e9 en R\u00e9publique d\u00e9mocratique du Congo.","breadcrumb":{"@id":"https:\/\/sagaciresearch.com\/fr\/notre-presence\/etudes-de-marche-en-republique-democratique-du-congo\/#breadcrumb"},"inLanguage":"fr-FR","potentialAction":[{"@type":"ReadAction","target":["https:\/\/sagaciresearch.com\/fr\/notre-presence\/etudes-de-marche-en-republique-democratique-du-congo\/"]}]},{"@type":"BreadcrumbList","@id":"https:\/\/sagaciresearch.com\/fr\/notre-presence\/etudes-de-marche-en-republique-democratique-du-congo\/#breadcrumb","itemListElement":[{"@type":"ListItem","position":1,"name":"Home","item":"https:\/\/sagaciresearch.com\/fr\/"},{"@type":"ListItem","position":2,"name":"Notre pr\u00e9sence","item":"https:\/\/sagaciresearch.com\/fr\/notre-presence\/"},{"@type":"ListItem","position":3,"name":"\u00c9tudes de march\u00e9 en R\u00e9publique d\u00e9mocratique du Congo"}]},{"@type":"WebSite","@id":"https:\/\/sagaciresearch.com\/#website","url":"https:\/\/sagaciresearch.com\/","name":"Sagaci Research","description":"We provide data and insights you can trust to fuel your growth","publisher":{"@id":"https:\/\/sagaciresearch.com\/#organization"},"potentialAction":[{"@type":"SearchAction","target":{"@type":"EntryPoint","urlTemplate":"https:\/\/sagaciresearch.com\/?s={search_term_string}"},"query-input":{"@type":"PropertyValueSpecification","valueRequired":true,"valueName":"search_term_string"}}],"inLanguage":"fr-FR"},{"@type":"Organization","@id":"https:\/\/sagaciresearch.com\/#organization","name":"Sagaci Research","url":"https:\/\/sagaciresearch.com\/","logo":{"@type":"ImageObject","inLanguage":"fr-FR","@id":"https:\/\/sagaciresearch.com\/#\/schema\/logo\/image\/","url":"https:\/\/sagaciresearch.com\/wp-content\/uploads\/2019\/09\/SR2.jpg","contentUrl":"https:\/\/sagaciresearch.com\/wp-content\/uploads\/2019\/09\/SR2.jpg","width":960,"height":960,"caption":"Sagaci Research"},"image":{"@id":"https:\/\/sagaciresearch.com\/#\/schema\/logo\/image\/"}}]}},"_links":{"self":[{"href":"https:\/\/sagaciresearch.com\/fr\/wp-json\/wp\/v2\/pages\/17299","targetHints":{"allow":["GET"]}}],"collection":[{"href":"https:\/\/sagaciresearch.com\/fr\/wp-json\/wp\/v2\/pages"}],"about":[{"href":"https:\/\/sagaciresearch.com\/fr\/wp-json\/wp\/v2\/types\/page"}],"author":[{"embeddable":true,"href":"https:\/\/sagaciresearch.com\/fr\/wp-json\/wp\/v2\/users\/6"}],"replies":[{"embeddable":true,"href":"https:\/\/sagaciresearch.com\/fr\/wp-json\/wp\/v2\/comments?post=17299"}],"version-history":[{"count":2,"href":"https:\/\/sagaciresearch.com\/fr\/wp-json\/wp\/v2\/pages\/17299\/revisions"}],"predecessor-version":[{"id":18538,"href":"https:\/\/sagaciresearch.com\/fr\/wp-json\/wp\/v2\/pages\/17299\/revisions\/18538"}],"up":[{"embeddable":true,"href":"https:\/\/sagaciresearch.com\/fr\/wp-json\/wp\/v2\/pages\/16105"}],"wp:attachment":[{"href":"https:\/\/sagaciresearch.com\/fr\/wp-json\/wp\/v2\/media?parent=17299"}],"curies":[{"name":"wp","href":"https:\/\/api.w.org\/{rel}","templated":true}]}}