{"id":17294,"date":"2022-06-22T05:06:03","date_gmt":"2022-06-22T03:06:03","guid":{"rendered":"https:\/\/sagaciresearch.com\/notre-presence\/etudes-de-marche-en-cote-divoire\/"},"modified":"2023-09-06T17:47:47","modified_gmt":"2023-09-06T15:47:47","slug":"etudes-de-marche-en-cote-divoire","status":"publish","type":"page","link":"https:\/\/sagaciresearch.com\/fr\/notre-presence\/etudes-de-marche-en-cote-divoire\/","title":{"rendered":"\u00c9tudes de march\u00e9 en C\u00f4te d&rsquo;Ivoire"},"content":{"rendered":"<p>[vc_row][vc_column width=\u00a0\u00bb1\/2&Prime; css=\u00a0\u00bb.vc_custom_1614249031381{padding-top: 30px !important;padding-right: 30px !important;padding-bottom: 30px !important;padding-left: 30px !important;}\u00a0\u00bb][vc_column_text]<span style=\"font-weight: 400;\">La C\u00f4te d&rsquo;Ivoire est une \u00e9conomie tr\u00e8s dynamique, qui sort d&rsquo;un conflit r\u00e9cent, et qui peut offrir une occasion unique de p\u00e9n\u00e9trer un march\u00e9 \u00e0 fort potentiel. <\/span><\/p>\n<p><span style=\"font-weight: 400;\">Il doit donc permettre \u00e0 votre entreprise de tirer parti d&rsquo;une classe moyenne en expansion, d&rsquo;une \u00e9conomie diversifi\u00e9e et d&rsquo;un pays favorable aux entreprises. <\/span>[\/vc_column_text][vc_btn title=\u00a0\u00bbNous contacter\u00a0\u00bb color=\u00a0\u00bborange\u00a0\u00bb link=\u00a0\u00bburl:%2Fcontact%2F%3Fshow%3Dcontact%26source%3DSagaBrand%2520Contact|title:Contact%20us\u00a0\u00bb el_class=\u00a0\u00bbmarketresearchbutton\u00a0\u00bb][\/vc_column][vc_column width=\u00a0\u00bb1\/2&Prime; css=\u00a0\u00bb.vc_custom_1655804674483{padding-top: 20px !important;padding-right: 20px !important;padding-left: 20px !important;}\u00a0\u00bb][vc_single_image image=\u00a0\u00bb13852&Prime; img_size=\u00a0\u00bb400&#215;400&Prime; alignment=\u00a0\u00bbcenter\u00a0\u00bb css_animation=\u00a0\u00bbfadeIn\u00a0\u00bb][\/vc_column][\/vc_row][vc_row full_width=\u00a0\u00bbstretch_row\u00a0\u00bb css=\u00a0\u00bb.vc_custom_1655372764432{border-bottom-width: 20px !important;padding-top: 20px !important;background-color: #ededa1 !important;}\u00a0\u00bb el_class=\u00a0\u00bbgradient\u00a0\u00bb][vc_column width=\u00a0\u00bb1\/2&Prime; css=\u00a0\u00bb.vc_custom_1614249031381{padding-top: 30px !important;padding-right: 30px !important;padding-bottom: 30px !important;padding-left: 30px !important;}\u00a0\u00bb][vc_single_image image=\u00a0\u00bb14085&Prime; img_size=\u00a0\u00bb400&#215;400&Prime; alignment=\u00a0\u00bbcenter\u00a0\u00bb style=\u00a0\u00bbvc_box_circle_2&Prime;][\/vc_column][vc_column width=\u00a0\u00bb1\/2&Prime;][vc_empty_space][vc_column_text]<\/p>\n<h2><strong>\u00c0 propos de la C\u00f4te d&rsquo;Ivoire<\/strong><\/h2>\n<p><span style=\"font-weight: 400;\">La C\u00f4te d&rsquo;Ivoire poss\u00e8de une \u00e9conomie en pleine croissance, des secteurs agricole, minier et extractif florissants, ainsi qu&rsquo;un march\u00e9 d&rsquo;exportation florissant. Situ\u00e9e en Afrique de l&rsquo;Ouest, elle poss\u00e8de un vaste littoral et l&rsquo;un des plus grands ports de p\u00eache d&rsquo;Afrique.<\/span><\/p>\n<p><span style=\"font-weight: 400;\">Abidjan, situ\u00e9e sur la c\u00f4te, est la capitale \u00e9conomique du pays, et Yamoussoukro, au nord, repr\u00e9sente la capitale l\u00e9gislative. La majorit\u00e9 de la population est r\u00e9partie dans et autour des centres urbains de la c\u00f4te atlantique, avec une campagne septentrionale peu peupl\u00e9e. Toutefois, dans certaines zones rurales, les concentrations sont plus \u00e9lev\u00e9es le long des principaux axes de transport, tels que le chemin de fer Abidjan-Ouagadougou, qui reste un itin\u00e9raire commercial important, passant notamment par la ville de Bouak\u00e9, dans le nord du pays. <\/span><\/p>\n<p><span style=\"font-weight: 400;\">La population ivoirienne est l&rsquo;une des plus jeunes d&rsquo;Afrique, avec pr\u00e8s de 60 % de la population \u00e2g\u00e9e de moins de 25 ans. La C\u00f4te d&rsquo;Ivoire dispose donc d&rsquo;un tr\u00e8s fort potentiel pour tirer parti de l&rsquo;entr\u00e9e sur le march\u00e9 du travail de cette cohorte gr\u00e2ce \u00e0 des investissements appropri\u00e9s dans l&rsquo;\u00e9ducation et les soins de sant\u00e9. <\/span><\/p>\n<p>&nbsp;<\/p>\n<p>[\/vc_column_text][\/vc_column][\/vc_row][vc_row css=\u00a0\u00bb.vc_custom_1655278436857{background-position: center !important;background-repeat: no-repeat !important;background-size: cover !important;}\u00a0\u00bb el_class=\u00a0\u00bbdownloadpdf\u00a0\u00bb][vc_column css=\u00a0\u00bb.vc_custom_1655278397607{background-color: #ffffff !important;}\u00a0\u00bb][vc_empty_space][vc_column_text]<\/p>\n<h2><strong>Pourquoi r\u00e9aliser une \u00e9tude de march\u00e9 ?<\/strong><\/h2>\n<p>Votre entreprise doit saisir l&rsquo;opportunit\u00e9 de la croissance de la classe moyenne, de la diversification de l&rsquo;\u00e9conomie et du fait que la C\u00f4te d&rsquo;Ivoire est un pays propice \u00e0 l&rsquo;expansion.<\/p>\n<p><span style=\"font-weight: 400;\">En outre, la C\u00f4te d&rsquo;Ivoire est membre de l&rsquo;Union \u00e9conomique et mon\u00e9taire ouest-africaine, ce qui permet \u00e0 votre entreprise d&rsquo;acc\u00e9der \u00e0 un march\u00e9 multinational et \u00e0 des voies d&rsquo;expansion r\u00e9gionales potentielles. <\/span><\/p>\n<p><span style=\"font-weight: 400;\">La sant\u00e9, l&rsquo;agro-industrie et l&rsquo;\u00e9ducation sont des secteurs attractifs en C\u00f4te d&rsquo;Ivoire et devraient conna\u00eetre une forte croissance \u00e0 court et moyen terme, les investisseurs s&rsquo;int\u00e9ressant de plus en plus au pays. <\/span><\/p>\n<p><span style=\"font-weight: 400;\">En outre, la C\u00f4te d&rsquo;Ivoire est membre de l&rsquo;Union \u00e9conomique et mon\u00e9taire ouest-africaine, ce qui permet \u00e0 votre entreprise d&rsquo;acc\u00e9der \u00e0 un march\u00e9 multinational et \u00e0 des voies d&rsquo;expansion r\u00e9gionales potentielles. <\/span>[\/vc_column_text][vc_empty_space][\/vc_column][\/vc_row][vc_row full_width=\u00a0\u00bbstretch_row\u00a0\u00bb css=\u00a0\u00bb.vc_custom_1655866980118{background-image: url(https:\/\/sagaciresearch.com\/wp-content\/uploads\/2022\/06\/market-research-cote-d-ivoire-2-scaled.jpg?id=14090) !important;background-position: center !important;background-repeat: no-repeat !important;background-size: cover !important;}\u00a0\u00bb][vc_column][vc_empty_space height=\u00a0\u00bb400px\u00a0\u00bb][\/vc_column][\/vc_row][vc_row css=\u00a0\u00bb.vc_custom_1655278436857{background-position: center !important;background-repeat: no-repeat !important;background-size: cover !important;}\u00a0\u00bb el_class=\u00a0\u00bbdownloadpdf\u00a0\u00bb][vc_column css=\u00a0\u00bb.vc_custom_1655278397607{background-color: #ffffff !important;}\u00a0\u00bb][vc_empty_space][vc_column_text]<\/p>\n<h2><strong>Donn\u00e9es repr\u00e9sentatives du march\u00e9<\/strong><\/h2>\n<p><span style=\"font-weight: 400;\">Les \u00e9tudes de march\u00e9 en C\u00f4te d&rsquo;Ivoire peuvent s&rsquo;av\u00e9rer difficiles compte tenu de la r\u00e9partition d\u00e9mographique et des facteurs socio-\u00e9conomiques en jeu dans le pays. Si vous souhaitez obtenir un aper\u00e7u in\u00e9gal\u00e9 du march\u00e9 ivoirien et des habitudes de consommation, ne cherchez pas plus loin que Sagaci Research. <\/span><\/p>\n<p><span style=\"font-weight: 400;\">Nous proposons un certain nombre d&rsquo;offres qui vous permettront d&rsquo;exploiter vos id\u00e9es et vos produits gr\u00e2ce \u00e0 notre m\u00e9thodologie fond\u00e9e sur les donn\u00e9es, afin de garantir votre succ\u00e8s. Voici quelques-uns de nos outils :<\/span>[\/vc_column_text][vc_empty_space][\/vc_column][\/vc_row][vc_row full_width=\u00a0\u00bbstretch_row\u00a0\u00bb css=\u00a0\u00bb.vc_custom_1655372755822{padding-top: 47px !important;padding-bottom: 60px !important;background-color: #ededa1 !important;}\u00a0\u00bb el_class=\u00a0\u00bbgradient\u00a0\u00bb][vc_column][vc_custom_heading stm_title_font_weight=\u00a0\u00bb400&Prime; text=\u00a0\u00bbM\u00e9thodes d&rsquo;\u00e9tude de march\u00e9 en C\u00f4te d&rsquo;Ivoire\u00a0\u00bb font_container=\u00a0\u00bbtag:h2|text_align:center\u00a0\u00bb use_theme_fonts=\u00a0\u00bbyes\u00a0\u00bb][vc_row_inner equal_height=\u00a0\u00bbyes\u00a0\u00bb content_placement=\u00a0\u00bbmiddle\u00a0\u00bb gap=\u00a0\u00bb20&Prime; el_class=\u00a0\u00bbsquare\u00a0\u00bb][vc_column_inner width=\u00a0\u00bb1\/2&Prime; css=\u00a0\u00bb.vc_custom_1620309789350{background-color: #ffffff !important;}\u00a0\u00bb][stm_info_box align_center=\u00a0\u00bbyes\u00a0\u00bb style=\u00a0\u00bbstyle_2&Prime; title=\u00a0\u00bbPanel en ligne\u00a0\u00bb css=\u00a0\u00bb.vc_custom_1655805806715{padding-top: 10px !important;padding-right: 50px !important;padding-bottom: 10px !important;padding-left: 50px !important;}\u00a0\u00bb]<span style=\"font-weight: 400;\">Acc\u00e9dez en ligne \u00e0 un panel repr\u00e9sentatif en C\u00f4te d&rsquo;Ivoire de votre choix avec une rapidit\u00e9 d&rsquo;ex\u00e9cution incroyable. <\/span><a href=\"https:\/\/sagaciresearch.com\/online-panel-in-cote-d-ivoire\/\" target=\"_blank\" rel=\"noopener\"><br \/>\n<span style=\"font-weight: 400;\">Cliquez ici pour plus d&rsquo;informations sur notre panel en ligne en C\u00f4te d&rsquo;Ivoire.<\/span><br \/>\n<\/a><span style=\"font-weight: 400;\">. <\/span> [\/stm_info_box][\/vc_column_inner][vc_column_inner width=\u00a0\u00bb1\/2&Prime; css=\u00a0\u00bb.vc_custom_1620309810456{background-color: #ffffff !important;}\u00a0\u00bb][stm_info_box align_center=\u00a0\u00bbyes\u00a0\u00bb style=\u00a0\u00bbstyle_2&Prime; title=\u00a0\u00bbSagaBrand\u00a0\u00bb css=\u00a0\u00bb.vc_custom_1655805547290{padding-top: 10px !important;padding-right: 50px !important;padding-bottom: 10px !important;padding-left: 50px !important;}\u00a0\u00bb]<span style=\"font-weight: 400;\">Acc\u00e9dez \u00e0 des rapports pour mesurer et \u00e9valuer la sant\u00e9 et les performances de votre marque \u00e0 une fr\u00e9quence d\u00e9termin\u00e9e. T\u00e9l\u00e9chargez facilement des rapports et visualisez les donn\u00e9es. <\/span><a href=\"https:\/\/sagaciresearch.com\/products\/sagabrand\/\" target=\"_blank\" rel=\"noopener\"><br \/>\n<span style=\"font-weight: 400;\">D\u00e9couvrez les options qui s&rsquo;offrent \u00e0 vous ici<\/span><br \/>\n<\/a><span style=\"font-weight: 400;\">.<\/span>[\/stm_info_box][\/vc_column_inner][\/vc_row_inner][vc_row_inner equal_height=\u00a0\u00bbyes\u00a0\u00bb gap=\u00a0\u00bb20&Prime; el_class=\u00a0\u00bbsquare\u00a0\u00bb][vc_column_inner width=\u00a0\u00bb1\/2&Prime; css=\u00a0\u00bb.vc_custom_1620309927520{background-color: #ffffff !important;}\u00a0\u00bb][stm_info_box align_center=\u00a0\u00bbyes\u00a0\u00bb style=\u00a0\u00bbstyle_2&Prime; title=\u00a0\u00bbSagaCube\u00a0\u00bb css=\u00a0\u00bb.vc_custom_1655805562831{padding-top: 10px !important;padding-right: 50px !important;padding-bottom: 10px !important;padding-left: 50px !important;}\u00a0\u00bb]<span style=\"font-weight: 400;\">Mieux comprendre les habitudes de consommation en C\u00f4te d&rsquo;Ivoire. SagaCube vous permet de suivre 4 KPIs \u00e0 travers n&rsquo;importe quel groupe d\u00e9mographique, le tout dans un rapport unique, personnalis\u00e9 et complet. <\/span><a href=\"https:\/\/sagaciresearch.com\/products\/sagacube\/\" target=\"_blank\" rel=\"noopener\"><span style=\"font-weight: 400;\">Acc\u00e9der ici. <\/span><\/a>[\/stm_info_box][\/vc_column_inner][vc_column_inner width=\u00a0\u00bb1\/2&Prime; css=\u00a0\u00bb.vc_custom_1620309998812{background-color: #ffffff !important;}\u00a0\u00bb][stm_info_box align_center=\u00a0\u00bbyes\u00a0\u00bb style=\u00a0\u00bbstyle_2&Prime; title=\u00a0\u00bbSagaTracker\u00a0\u00bb css=\u00a0\u00bb.vc_custom_1655805574922{padding-top: 10px !important;padding-right: 50px !important;padding-bottom: 10px !important;padding-left: 50px !important;}\u00a0\u00bb]<span style=\"font-weight: 400;\">SagaTracker est votre meilleure option pour capturer les canaux de vente au d\u00e9tail de la C\u00f4te d&rsquo;Ivoire. Comprendre v\u00e9ritablement le march\u00e9 gr\u00e2ce \u00e0 nos audits de d\u00e9tail syndiqu\u00e9s qui suivent 8 indicateurs commerciaux cl\u00e9s. <\/span><a href=\"https:\/\/sagaciresearch.com\/products\/sagatracker\/\" target=\"_blank\" rel=\"noopener\"><br \/>\n<span style=\"font-weight: 400;\">Contactez nous ici<\/span><br \/>\n<\/a><span style=\"font-weight: 400;\">. <\/span> [\/stm_info_box][\/vc_column_inner][\/vc_row_inner][\/vc_column][\/vc_row][vc_row][vc_column][vc_empty_space height=\u00a0\u00bb60px\u00a0\u00bb][\/vc_column][\/vc_row][vc_row][vc_column][vc_custom_heading stm_title_font_weight=\u00a0\u00bb400&Prime; text=\u00a0\u00bbEn savoir plus sur les \u00e9tudes syndiqu\u00e9es en C\u00f4te d&rsquo;Ivoire\u00a0\u00bb font_container=\u00a0\u00bbtag:h3|text_align:center\u00a0\u00bb use_theme_fonts=\u00a0\u00bbyes\u00a0\u00bb][stm_news loop=\u00a0\u00bbsize:4|post_type:post|categories:-98,101&Prime; posts_per_row=\u00a0\u00bb4&Prime;][\/vc_column][\/vc_row][vc_row][vc_column][vc_column_text][\/vc_column_text][\/vc_column][\/vc_row]<\/p>\n","protected":false},"excerpt":{"rendered":"<p>[vc_row][vc_column width=\u00a0\u00bb1\/2&Prime; css=\u00a0\u00bb.vc_custom_1614249031381{padding-top: 30px !important;padding-right: 30px !important;padding-bottom: 30px !important;padding-left: 30px !important;}\u00a0\u00bb][vc_column_text]La C\u00f4te d&rsquo;Ivoire est une \u00e9conomie tr\u00e8s dynamique, qui sort d&rsquo;un conflit r\u00e9cent, et qui peut offrir une occasion unique de p\u00e9n\u00e9trer un march\u00e9 \u00e0 fort potentiel. Il doit donc permettre \u00e0 votre entreprise de tirer parti d&rsquo;une classe moyenne en expansion, d&rsquo;une \u00e9conomie diversifi\u00e9e<\/p>\n","protected":false},"author":6,"featured_media":0,"parent":16105,"menu_order":0,"comment_status":"closed","ping_status":"closed","template":"","meta":{"_acf_changed":false,"footnotes":""},"class_list":["post-17294","page","type-page","status-publish","hentry"],"acf":[],"yoast_head":"<!-- This site is optimized with the Yoast SEO plugin v27.2 - https:\/\/yoast.com\/product\/yoast-seo-wordpress\/ -->\n<title>\u00c9tudes de march\u00e9 en C\u00f4te d&#039;Ivoire - Sagaci Research<\/title>\n<meta name=\"description\" content=\"\u00c9tude de march\u00e9 en C\u00f4te d&#039;Ivoire : comprendre le dynamisme de son \u00e9conomie pour avoir une occasion unique de p\u00e9n\u00e9trer un march\u00e9 \u00e0 fort potentiel.\" \/>\n<meta name=\"robots\" content=\"index, follow, max-snippet:-1, max-image-preview:large, max-video-preview:-1\" \/>\n<link rel=\"canonical\" href=\"https:\/\/sagaciresearch.com\/fr\/notre-presence\/etudes-de-marche-en-cote-divoire\/\" \/>\n<meta property=\"og:locale\" content=\"fr_FR\" \/>\n<meta property=\"og:type\" content=\"article\" \/>\n<meta property=\"og:title\" content=\"\u00c9tudes de march\u00e9 en C\u00f4te d&#039;Ivoire - Sagaci Research\" \/>\n<meta property=\"og:description\" content=\"\u00c9tude de march\u00e9 en C\u00f4te d&#039;Ivoire : comprendre le dynamisme de son \u00e9conomie pour avoir une occasion unique de p\u00e9n\u00e9trer un march\u00e9 \u00e0 fort potentiel.\" \/>\n<meta property=\"og:url\" content=\"https:\/\/sagaciresearch.com\/fr\/notre-presence\/etudes-de-marche-en-cote-divoire\/\" \/>\n<meta property=\"og:site_name\" content=\"Sagaci Research\" \/>\n<meta property=\"article:modified_time\" content=\"2023-09-06T15:47:47+00:00\" \/>\n<meta name=\"twitter:card\" content=\"summary_large_image\" \/>\n<meta name=\"twitter:label1\" content=\"Dur\u00e9e de lecture estim\u00e9e\" \/>\n\t<meta name=\"twitter:data1\" content=\"4 minutes\" \/>\n<script type=\"application\/ld+json\" class=\"yoast-schema-graph\">{\"@context\":\"https:\/\/schema.org\",\"@graph\":[{\"@type\":\"WebPage\",\"@id\":\"https:\/\/sagaciresearch.com\/fr\/notre-presence\/etudes-de-marche-en-cote-divoire\/\",\"url\":\"https:\/\/sagaciresearch.com\/fr\/notre-presence\/etudes-de-marche-en-cote-divoire\/\",\"name\":\"\u00c9tudes de march\u00e9 en C\u00f4te d'Ivoire - Sagaci Research\",\"isPartOf\":{\"@id\":\"https:\/\/sagaciresearch.com\/#website\"},\"datePublished\":\"2022-06-22T03:06:03+00:00\",\"dateModified\":\"2023-09-06T15:47:47+00:00\",\"description\":\"\u00c9tude de march\u00e9 en C\u00f4te d'Ivoire : comprendre le dynamisme de son \u00e9conomie pour avoir une occasion unique de p\u00e9n\u00e9trer un march\u00e9 \u00e0 fort potentiel.\",\"breadcrumb\":{\"@id\":\"https:\/\/sagaciresearch.com\/fr\/notre-presence\/etudes-de-marche-en-cote-divoire\/#breadcrumb\"},\"inLanguage\":\"fr-FR\",\"potentialAction\":[{\"@type\":\"ReadAction\",\"target\":[\"https:\/\/sagaciresearch.com\/fr\/notre-presence\/etudes-de-marche-en-cote-divoire\/\"]}]},{\"@type\":\"BreadcrumbList\",\"@id\":\"https:\/\/sagaciresearch.com\/fr\/notre-presence\/etudes-de-marche-en-cote-divoire\/#breadcrumb\",\"itemListElement\":[{\"@type\":\"ListItem\",\"position\":1,\"name\":\"Home\",\"item\":\"https:\/\/sagaciresearch.com\/fr\/\"},{\"@type\":\"ListItem\",\"position\":2,\"name\":\"Notre pr\u00e9sence\",\"item\":\"https:\/\/sagaciresearch.com\/fr\/notre-presence\/\"},{\"@type\":\"ListItem\",\"position\":3,\"name\":\"\u00c9tudes de march\u00e9 en C\u00f4te d&#8217;Ivoire\"}]},{\"@type\":\"WebSite\",\"@id\":\"https:\/\/sagaciresearch.com\/#website\",\"url\":\"https:\/\/sagaciresearch.com\/\",\"name\":\"Sagaci Research\",\"description\":\"We provide data and insights you can trust to fuel your growth\",\"publisher\":{\"@id\":\"https:\/\/sagaciresearch.com\/#organization\"},\"potentialAction\":[{\"@type\":\"SearchAction\",\"target\":{\"@type\":\"EntryPoint\",\"urlTemplate\":\"https:\/\/sagaciresearch.com\/?s={search_term_string}\"},\"query-input\":{\"@type\":\"PropertyValueSpecification\",\"valueRequired\":true,\"valueName\":\"search_term_string\"}}],\"inLanguage\":\"fr-FR\"},{\"@type\":\"Organization\",\"@id\":\"https:\/\/sagaciresearch.com\/#organization\",\"name\":\"Sagaci Research\",\"url\":\"https:\/\/sagaciresearch.com\/\",\"logo\":{\"@type\":\"ImageObject\",\"inLanguage\":\"fr-FR\",\"@id\":\"https:\/\/sagaciresearch.com\/#\/schema\/logo\/image\/\",\"url\":\"https:\/\/sagaciresearch.com\/wp-content\/uploads\/2019\/09\/SR2.jpg\",\"contentUrl\":\"https:\/\/sagaciresearch.com\/wp-content\/uploads\/2019\/09\/SR2.jpg\",\"width\":960,\"height\":960,\"caption\":\"Sagaci Research\"},\"image\":{\"@id\":\"https:\/\/sagaciresearch.com\/#\/schema\/logo\/image\/\"}}]}<\/script>\n<!-- \/ Yoast SEO plugin. -->","yoast_head_json":{"title":"\u00c9tudes de march\u00e9 en C\u00f4te d'Ivoire - Sagaci Research","description":"\u00c9tude de march\u00e9 en C\u00f4te d'Ivoire : comprendre le dynamisme de son \u00e9conomie pour avoir une occasion unique de p\u00e9n\u00e9trer un march\u00e9 \u00e0 fort potentiel.","robots":{"index":"index","follow":"follow","max-snippet":"max-snippet:-1","max-image-preview":"max-image-preview:large","max-video-preview":"max-video-preview:-1"},"canonical":"https:\/\/sagaciresearch.com\/fr\/notre-presence\/etudes-de-marche-en-cote-divoire\/","og_locale":"fr_FR","og_type":"article","og_title":"\u00c9tudes de march\u00e9 en C\u00f4te d'Ivoire - Sagaci Research","og_description":"\u00c9tude de march\u00e9 en C\u00f4te d'Ivoire : comprendre le dynamisme de son \u00e9conomie pour avoir une occasion unique de p\u00e9n\u00e9trer un march\u00e9 \u00e0 fort potentiel.","og_url":"https:\/\/sagaciresearch.com\/fr\/notre-presence\/etudes-de-marche-en-cote-divoire\/","og_site_name":"Sagaci Research","article_modified_time":"2023-09-06T15:47:47+00:00","twitter_card":"summary_large_image","twitter_misc":{"Dur\u00e9e de lecture estim\u00e9e":"4 minutes"},"schema":{"@context":"https:\/\/schema.org","@graph":[{"@type":"WebPage","@id":"https:\/\/sagaciresearch.com\/fr\/notre-presence\/etudes-de-marche-en-cote-divoire\/","url":"https:\/\/sagaciresearch.com\/fr\/notre-presence\/etudes-de-marche-en-cote-divoire\/","name":"\u00c9tudes de march\u00e9 en C\u00f4te d'Ivoire - Sagaci Research","isPartOf":{"@id":"https:\/\/sagaciresearch.com\/#website"},"datePublished":"2022-06-22T03:06:03+00:00","dateModified":"2023-09-06T15:47:47+00:00","description":"\u00c9tude de march\u00e9 en C\u00f4te d'Ivoire : comprendre le dynamisme de son \u00e9conomie pour avoir une occasion unique de p\u00e9n\u00e9trer un march\u00e9 \u00e0 fort potentiel.","breadcrumb":{"@id":"https:\/\/sagaciresearch.com\/fr\/notre-presence\/etudes-de-marche-en-cote-divoire\/#breadcrumb"},"inLanguage":"fr-FR","potentialAction":[{"@type":"ReadAction","target":["https:\/\/sagaciresearch.com\/fr\/notre-presence\/etudes-de-marche-en-cote-divoire\/"]}]},{"@type":"BreadcrumbList","@id":"https:\/\/sagaciresearch.com\/fr\/notre-presence\/etudes-de-marche-en-cote-divoire\/#breadcrumb","itemListElement":[{"@type":"ListItem","position":1,"name":"Home","item":"https:\/\/sagaciresearch.com\/fr\/"},{"@type":"ListItem","position":2,"name":"Notre pr\u00e9sence","item":"https:\/\/sagaciresearch.com\/fr\/notre-presence\/"},{"@type":"ListItem","position":3,"name":"\u00c9tudes de march\u00e9 en C\u00f4te d&#8217;Ivoire"}]},{"@type":"WebSite","@id":"https:\/\/sagaciresearch.com\/#website","url":"https:\/\/sagaciresearch.com\/","name":"Sagaci Research","description":"We provide data and insights you can trust to fuel your growth","publisher":{"@id":"https:\/\/sagaciresearch.com\/#organization"},"potentialAction":[{"@type":"SearchAction","target":{"@type":"EntryPoint","urlTemplate":"https:\/\/sagaciresearch.com\/?s={search_term_string}"},"query-input":{"@type":"PropertyValueSpecification","valueRequired":true,"valueName":"search_term_string"}}],"inLanguage":"fr-FR"},{"@type":"Organization","@id":"https:\/\/sagaciresearch.com\/#organization","name":"Sagaci Research","url":"https:\/\/sagaciresearch.com\/","logo":{"@type":"ImageObject","inLanguage":"fr-FR","@id":"https:\/\/sagaciresearch.com\/#\/schema\/logo\/image\/","url":"https:\/\/sagaciresearch.com\/wp-content\/uploads\/2019\/09\/SR2.jpg","contentUrl":"https:\/\/sagaciresearch.com\/wp-content\/uploads\/2019\/09\/SR2.jpg","width":960,"height":960,"caption":"Sagaci Research"},"image":{"@id":"https:\/\/sagaciresearch.com\/#\/schema\/logo\/image\/"}}]}},"_links":{"self":[{"href":"https:\/\/sagaciresearch.com\/fr\/wp-json\/wp\/v2\/pages\/17294","targetHints":{"allow":["GET"]}}],"collection":[{"href":"https:\/\/sagaciresearch.com\/fr\/wp-json\/wp\/v2\/pages"}],"about":[{"href":"https:\/\/sagaciresearch.com\/fr\/wp-json\/wp\/v2\/types\/page"}],"author":[{"embeddable":true,"href":"https:\/\/sagaciresearch.com\/fr\/wp-json\/wp\/v2\/users\/6"}],"replies":[{"embeddable":true,"href":"https:\/\/sagaciresearch.com\/fr\/wp-json\/wp\/v2\/comments?post=17294"}],"version-history":[{"count":2,"href":"https:\/\/sagaciresearch.com\/fr\/wp-json\/wp\/v2\/pages\/17294\/revisions"}],"predecessor-version":[{"id":17315,"href":"https:\/\/sagaciresearch.com\/fr\/wp-json\/wp\/v2\/pages\/17294\/revisions\/17315"}],"up":[{"embeddable":true,"href":"https:\/\/sagaciresearch.com\/fr\/wp-json\/wp\/v2\/pages\/16105"}],"wp:attachment":[{"href":"https:\/\/sagaciresearch.com\/fr\/wp-json\/wp\/v2\/media?parent=17294"}],"curies":[{"name":"wp","href":"https:\/\/api.w.org\/{rel}","templated":true}]}}