{"id":17290,"date":"2022-06-21T11:37:28","date_gmt":"2022-06-21T09:37:28","guid":{"rendered":"https:\/\/sagaciresearch.com\/notre-presence\/etudes-de-marche-au-cameroun\/"},"modified":"2023-09-06T16:50:25","modified_gmt":"2023-09-06T14:50:25","slug":"etudes-de-marche-au-cameroun","status":"publish","type":"page","link":"https:\/\/sagaciresearch.com\/fr\/notre-presence\/etudes-de-marche-au-cameroun\/","title":{"rendered":"\u00c9tudes de march\u00e9 au Cameroun"},"content":{"rendered":"<p>[vc_row][vc_column width=\u00a0\u00bb1\/2&Prime; css=\u00a0\u00bb.vc_custom_1614249031381{padding-top: 30px !important;padding-right: 30px !important;padding-bottom: 30px !important;padding-left: 30px !important;}\u00a0\u00bb][vc_column_text]<span style=\"font-weight: 400;\">La r\u00e9alisation d&rsquo;une \u00e9tude de march\u00e9 au Cameroun avec Sagaci Research permettra \u00e0 votre marque d&rsquo;atteindre une nouvelle croissance commerciale. <\/span>[\/vc_column_text][vc_btn title=\u00a0\u00bbNous contacter\u00a0\u00bb color=\u00a0\u00bborange\u00a0\u00bb link=\u00a0\u00bburl:%2Fcontact%2F%3Fshow%3Dcontact%26source%3DSagaBrand%2520Contact|title:Contact%20us\u00a0\u00bb][\/vc_column][vc_column width=\u00a0\u00bb1\/2&Prime; css=\u00a0\u00bb.vc_custom_1655804706153{padding-top: 20px !important;padding-right: 20px !important;padding-left: 20px !important;}\u00a0\u00bb][vc_single_image image=\u00a0\u00bb13852&Prime; img_size=\u00a0\u00bb400&#215;400&Prime; alignment=\u00a0\u00bbcenter\u00a0\u00bb css_animation=\u00a0\u00bbfadeIn\u00a0\u00bb][\/vc_column][\/vc_row][vc_row full_width=\u00a0\u00bbstretch_row\u00a0\u00bb css=\u00a0\u00bb.vc_custom_1655372764432{border-bottom-width: 20px !important;padding-top: 20px !important;background-color: #ededa1 !important;}\u00a0\u00bb el_class=\u00a0\u00bbgradient\u00a0\u00bb][vc_column width=\u00a0\u00bb1\/2&Prime; css=\u00a0\u00bb.vc_custom_1614249031381{padding-top: 30px !important;padding-right: 30px !important;padding-bottom: 30px !important;padding-left: 30px !important;}\u00a0\u00bb][vc_single_image image=\u00a0\u00bb14041&Prime; img_size=\u00a0\u00bb400&#215;400&Prime; alignment=\u00a0\u00bbcenter\u00a0\u00bb style=\u00a0\u00bbvc_box_circle_2&Prime;][\/vc_column][vc_column width=\u00a0\u00bb1\/2&Prime;][vc_empty_space][vc_column_text]<\/p>\n<h2><strong>\u00c0 propos du <b>Cameroun<\/b><\/strong><\/h2>\n<p><span style=\"font-weight: 400;\">Avec une population de 26 millions d&rsquo;habitants (2022), le Cameroun occupe la 16e place sur la liste des pays africains par population. Plus de 58 % des personnes vivent dans une zone urbaine et 34 % ont acc\u00e8s \u00e0 internet (2021). <\/span><\/p>\n<p><span style=\"font-weight: 400;\">Au Cameroun <\/span><span style=\"font-weight: 400;\">83% de la population du Cameroun est francophone. Le reste de la population est principalement anglophone et le taux ne cesse de diminuer, malgr\u00e9 les efforts du gouvernement pour introduire les deux langues dans les \u00e9coles. <\/span>[\/vc_column_text][\/vc_column][\/vc_row][vc_row css=\u00a0\u00bb.vc_custom_1655278436857{background-position: center !important;background-repeat: no-repeat !important;background-size: cover !important;}\u00a0\u00bb el_class=\u00a0\u00bbdownloadpdf\u00a0\u00bb][vc_column css=\u00a0\u00bb.vc_custom_1655278397607{background-color: #ffffff !important;}\u00a0\u00bb][vc_empty_space][vc_column_text]<\/p>\n<h2><strong>Tendances des \u00e9tudes de march\u00e9 au <b>Cameroun<\/b><\/strong><\/h2>\n<p><span style=\"font-weight: 400;\">La situation g\u00e9ographique du Cameroun, sur le golfe de Guin\u00e9e, lui conf\u00e8re un relief et une faune vari\u00e9s qui font de ce pays un environnement riche. La ville portuaire de Douala est un point de transit vers les sites d&rsquo;\u00e9cotourisme et les stations baln\u00e9aires. <\/span><\/p>\n<p><span style=\"font-weight: 400;\">Dans un pays aussi int\u00e9ressant, vous pouvez d\u00e9velopper vos affaires et avoir des opportunit\u00e9s d&rsquo;investissement. <\/span>[\/vc_column_text][vc_empty_space][\/vc_column][\/vc_row][vc_row full_width=\u00a0\u00bbstretch_row\u00a0\u00bb css=\u00a0\u00bb.vc_custom_1655450745467{background-image: url(https:\/\/sagaciresearch.com\/wp-content\/uploads\/2022\/06\/market-research-cameroon-2-scaled.jpg?id=14042) !important;background-position: center !important;background-repeat: no-repeat !important;background-size: cover !important;}\u00a0\u00bb][vc_column][vc_empty_space height=\u00a0\u00bb400px\u00a0\u00bb][\/vc_column][\/vc_row][vc_row css=\u00a0\u00bb.vc_custom_1655278436857{background-position: center !important;background-repeat: no-repeat !important;background-size: cover !important;}\u00a0\u00bb el_class=\u00a0\u00bbdownloadpdf\u00a0\u00bb][vc_column css=\u00a0\u00bb.vc_custom_1655278397607{background-color: #ffffff !important;}\u00a0\u00bb][vc_empty_space][vc_column_text]<\/p>\n<h2><strong>Donn\u00e9es repr\u00e9sentatives du march\u00e9<\/strong><\/h2>\n<p><span style=\"font-weight: 400;\">Sagaci Research utilise diff\u00e9rentes m\u00e9thodes pour r\u00e9aliser des \u00e9tudes de march\u00e9 en Afrique.<\/span><\/p>\n<ul>\n<li style=\"font-weight: 400;\" aria-level=\"1\"><b>Empreinte \u00e9tendue<\/b><span style=\"font-weight: 400;\">: Sagaci Research dispose de ses propres \u00e9quipes sur le terrain et g\u00e8re son propre panel en ligne au Cameroun. En 2021, nous avons men\u00e9 plus de 200 projets dans 34 pays d&rsquo;Afrique.<\/span><\/li>\n<li style=\"font-weight: 400;\" aria-level=\"1\"><b>Une expertise approfondie<\/b><span style=\"font-weight: 400;\">: Sagaci Research est le leader des \u00e9tudes de march\u00e9 en Afrique. A ce jour, nous avons 9 ans d&rsquo;exp\u00e9rience dans la conduite d&rsquo;\u00e9tudes de march\u00e9 \u00e0 grande \u00e9chelle sur le continent, pour le compte de grandes entreprises multinationales, d&rsquo;acteurs locaux ou r\u00e9gionaux, de cabinets de conseil et d&rsquo;investisseurs.<\/span><\/li>\n<li style=\"font-weight: 400;\" aria-level=\"1\"><b>Syst\u00e8mes de contr\u00f4le de la qualit\u00e9 \u00e0 la pointe de la technologie<\/b><span style=\"font-weight: 400;\">: Nos processus de collecte de donn\u00e9es en ligne et en face-\u00e0-face sont soumis \u00e0 des \u00e9tapes sp\u00e9cifiques de contr\u00f4le de la qualit\u00e9 (CQ), y compris des contr\u00f4les humains automatiques et manuels, afin de garantir la fiabilit\u00e9 et l&rsquo;authenticit\u00e9 de toutes les donn\u00e9es collect\u00e9es. <\/span><\/li>\n<\/ul>\n<p><b>Des ensembles de donn\u00e9es uniques sont disponibles :<\/b><span style=\"font-weight: 400;\"> Nos produits et services personnalis\u00e9s et pr\u00eats \u00e0 l&#8217;emploi \/ syndiqu\u00e9s permettent d&rsquo;acc\u00e9der \u00e0 des ensembles de donn\u00e9es uniques couvrant des sujets li\u00e9s \u00e0 la consommation et \u00e0 la distribution. Ces ensembles de donn\u00e9es sont continuellement mis \u00e0 jour pour permettre une prise de d\u00e9cision plus rapide et plus efficace. <\/span><\/p>\n<p><span style=\"font-weight: 400;\">En r\u00e9alisant une \u00e9tude de march\u00e9 au Cameroun avec Sagaci Research, vous aurez acc\u00e8s \u00e0 de nombreux outils qui vous aideront \u00e0 prendre des d\u00e9cisions commerciales judicieuses. Voir ci-dessous nos produits :<\/span>[\/vc_column_text][vc_empty_space][\/vc_column][\/vc_row][vc_row full_width=\u00a0\u00bbstretch_row\u00a0\u00bb css=\u00a0\u00bb.vc_custom_1655372755822{padding-top: 47px !important;padding-bottom: 60px !important;background-color: #ededa1 !important;}\u00a0\u00bb el_class=\u00a0\u00bbgradient\u00a0\u00bb][vc_column][vc_custom_heading stm_title_font_weight=\u00a0\u00bb400&Prime; text=\u00a0\u00bbProjets de recherche au Cameroun\u00a0\u00bb font_container=\u00a0\u00bbtag:h2|text_align:center\u00a0\u00bb use_theme_fonts=\u00a0\u00bbyes\u00a0\u00bb][vc_row_inner equal_height=\u00a0\u00bbyes\u00a0\u00bb content_placement=\u00a0\u00bbmiddle\u00a0\u00bb gap=\u00a0\u00bb20&Prime; el_class=\u00a0\u00bbsquare\u00a0\u00bb][vc_column_inner width=\u00a0\u00bb1\/2&Prime; css=\u00a0\u00bb.vc_custom_1620309789350{background-color: #ffffff !important;}\u00a0\u00bb][stm_info_box align_center=\u00a0\u00bbyes\u00a0\u00bb style=\u00a0\u00bbstyle_2&Prime; title=\u00a0\u00bbPanel en ligne\u00a0\u00bb css=\u00a0\u00bb.vc_custom_1655450894161{padding-top: 10px !important;padding-right: 50px !important;padding-bottom: 10px !important;padding-left: 50px !important;}\u00a0\u00bb]<span style=\"font-weight: 400;\">Notre <a href=\"https:\/\/sagaciresearch.com\/online-panel-in-cameroon\/\" target=\"_blank\" rel=\"noopener\">panel de<\/a> repr\u00e9sentants en <a href=\"https:\/\/sagaciresearch.com\/online-panel-in-cameroon\/\" target=\"_blank\" rel=\"noopener\">ligne au Cameroun<\/a> est bas\u00e9 sur la t\u00e9l\u00e9phonie mobile afin de garantir une port\u00e9e \u00e9tendue et des d\u00e9lais d&rsquo;ex\u00e9cution rapides. Vous pourrez compter sur des milliers de r\u00e9pondants au sein d&rsquo;un panel en ligne tr\u00e8s impliqu\u00e9, et sur des r\u00e9ponses d\u00e9taill\u00e9es \u00e0 vos questions &#8211; les r\u00e9sultats \u00e9tant disponibles en quelques jours.<\/span>[\/stm_info_box][\/vc_column_inner][vc_column_inner width=\u00a0\u00bb1\/2&Prime; css=\u00a0\u00bb.vc_custom_1620309810456{background-color: #ffffff !important;}\u00a0\u00bb][stm_info_box align_center=\u00a0\u00bbyes\u00a0\u00bb style=\u00a0\u00bbstyle_2&Prime; title=\u00a0\u00bbSagaBrand\u00a0\u00bb css=\u00a0\u00bb.vc_custom_1655450956164{padding-top: 10px !important;padding-right: 50px !important;padding-bottom: 10px !important;padding-left: 50px !important;}\u00a0\u00bb]<span style=\"font-weight: 400;\">Utilisez notre produit pour suivre la performance et la sant\u00e9 de votre marque dans 21 pays d&rsquo;Afrique, dont le Cameroun, et visualisez les informations et les donn\u00e9es, le tout en un seul endroit. <\/span><a href=\"https:\/\/sagaciresearch.com\/products\/sagabrand\/\" target=\"_blank\" rel=\"noopener\"><br \/>\n<span style=\"font-weight: 400;\">D\u00e9couvrez les options qui s&rsquo;offrent \u00e0 vous ici<\/span><br \/>\n<\/a><span style=\"font-weight: 400;\">.<\/span>[\/stm_info_box][\/vc_column_inner][\/vc_row_inner][vc_row_inner equal_height=\u00a0\u00bbyes\u00a0\u00bb gap=\u00a0\u00bb20&Prime; el_class=\u00a0\u00bbsquare\u00a0\u00bb][vc_column_inner width=\u00a0\u00bb1\/2&Prime; css=\u00a0\u00bb.vc_custom_1620309927520{background-color: #ffffff !important;}\u00a0\u00bb][stm_info_box align_center=\u00a0\u00bbyes\u00a0\u00bb style=\u00a0\u00bbstyle_2&Prime; title=\u00a0\u00bbSagaCube\u00a0\u00bb css=\u00a0\u00bb.vc_custom_1655450923072{padding-top: 10px !important;padding-right: 50px !important;padding-bottom: 10px !important;padding-left: 50px !important;}\u00a0\u00bb]<span style=\"font-weight: 400;\">Le tracker SagaCube peut vous aider \u00e0 d\u00e9cider quelles cat\u00e9gories de produits au Cameroun peuvent g\u00e9n\u00e9rer le meilleur rendement pour votre argent. Il s&rsquo;agit d&rsquo;une source solide et coh\u00e9rente d&rsquo;indicateurs cl\u00e9s. Les donn\u00e9es sont facilement accessibles depuis n&rsquo;importe o\u00f9 dans le monde gr\u00e2ce \u00e0 notre plateforme interactive. <\/span> <a href=\"https:\/\/sagaciresearch.com\/products\/sagacube\/\" target=\"_blank\" rel=\"noopener\"><span style=\"font-weight: 400;\">Acc\u00e9der ici. <\/span><\/a>[\/stm_info_box][\/vc_column_inner][vc_column_inner width=\u00a0\u00bb1\/2&Prime; css=\u00a0\u00bb.vc_custom_1620309998812{background-color: #ffffff !important;}\u00a0\u00bb][stm_info_box align_center=\u00a0\u00bbyes\u00a0\u00bb style=\u00a0\u00bbstyle_2&Prime; title=\u00a0\u00bbSagaTracker\u00a0\u00bb css=\u00a0\u00bb.vc_custom_1655450943496{padding-top: 10px !important;padding-right: 50px !important;padding-bottom: 10px !important;padding-left: 50px !important;}\u00a0\u00bb]<span style=\"font-weight: 400;\">S\u00e9lectionnez votre cat\u00e9gorie en Cameroun pour commencer \u00e0 obtenir des donn\u00e9es avec notre suivi de la sant\u00e9 des marques en Afrique. C&rsquo;est notre outil pour avoir un aper\u00e7u de la sant\u00e9 de votre marque au Cameroun. Il fournit des donn\u00e9es provenant de mesures effectu\u00e9es sur le terrain dans un panel pertinent de magasins.<\/span> <a href=\"https:\/\/sagaciresearch.com\/products\/sagatracker\/\" target=\"_blank\" rel=\"noopener\"><br \/>\n<span style=\"font-weight: 400;\">Contactez nous ici<\/span><br \/>\n<\/a><span style=\"font-weight: 400;\">. <\/span> [\/stm_info_box][\/vc_column_inner][\/vc_row_inner][\/vc_column][\/vc_row][vc_row][vc_column][vc_empty_space height=\u00a0\u00bb60px\u00a0\u00bb][\/vc_column][\/vc_row][vc_row][vc_column][vc_custom_heading stm_title_font_weight=\u00a0\u00bb400&Prime; text=\u00a0\u00bbEn savoir plus sur les \u00e9tudes syndiqu\u00e9es au Cameroun\u00a0\u00bb font_container=\u00a0\u00bbtag:h3|text_align:center\u00a0\u00bb use_theme_fonts=\u00a0\u00bbyes\u00a0\u00bb][stm_news loop=\u00a0\u00bbsize:4|post_type:post|categories:100&Prime; posts_per_row=\u00a0\u00bb4&Prime;][\/vc_column][\/vc_row][vc_row][vc_column][vc_column_text][\/vc_column_text][\/vc_column][\/vc_row]<\/p>\n","protected":false},"excerpt":{"rendered":"<p>[vc_row][vc_column width=\u00a0\u00bb1\/2&Prime; css=\u00a0\u00bb.vc_custom_1614249031381{padding-top: 30px !important;padding-right: 30px !important;padding-bottom: 30px !important;padding-left: 30px !important;}\u00a0\u00bb][vc_column_text]La r\u00e9alisation d&rsquo;une \u00e9tude de march\u00e9 au Cameroun avec Sagaci Research permettra \u00e0 votre marque d&rsquo;atteindre une nouvelle croissance commerciale. [\/vc_column_text][vc_btn title=\u00a0\u00bbNous contacter\u00a0\u00bb color=\u00a0\u00bborange\u00a0\u00bb link=\u00a0\u00bburl:%2Fcontact%2F%3Fshow%3Dcontact%26source%3DSagaBrand%2520Contact|title:Contact%20us\u00a0\u00bb][\/vc_column][vc_column width=\u00a0\u00bb1\/2&Prime; css=\u00a0\u00bb.vc_custom_1655804706153{padding-top: 20px !important;padding-right: 20px !important;padding-left: 20px !important;}\u00a0\u00bb][vc_single_image image=\u00a0\u00bb13852&Prime; img_size=\u00a0\u00bb400&#215;400&Prime; alignment=\u00a0\u00bbcenter\u00a0\u00bb css_animation=\u00a0\u00bbfadeIn\u00a0\u00bb][\/vc_column][\/vc_row][vc_row full_width=\u00a0\u00bbstretch_row\u00a0\u00bb css=\u00a0\u00bb.vc_custom_1655372764432{border-bottom-width: 20px !important;padding-top: 20px !important;background-color: #ededa1 !important;}\u00a0\u00bb<\/p>\n","protected":false},"author":6,"featured_media":0,"parent":16105,"menu_order":0,"comment_status":"closed","ping_status":"closed","template":"","meta":{"_acf_changed":false,"footnotes":""},"class_list":["post-17290","page","type-page","status-publish","hentry"],"acf":[],"yoast_head":"<!-- This site is optimized with the Yoast SEO plugin v27.2 - https:\/\/yoast.com\/product\/yoast-seo-wordpress\/ -->\n<title>\u00c9tudes de march\u00e9 au Cameroun - Sagaci Research<\/title>\n<meta name=\"description\" content=\"En r\u00e9alisant une \u00e9tude de march\u00e9 au Cameroun, vous aurez acc\u00e8s \u00e0 des outils qui vous aideront \u00e0 prendre des d\u00e9cisions commerciales avis\u00e9es sur le continent africain.\" \/>\n<meta name=\"robots\" content=\"index, follow, max-snippet:-1, max-image-preview:large, max-video-preview:-1\" \/>\n<link rel=\"canonical\" href=\"https:\/\/sagaciresearch.com\/fr\/notre-presence\/etudes-de-marche-au-cameroun\/\" \/>\n<meta property=\"og:locale\" content=\"fr_FR\" \/>\n<meta property=\"og:type\" content=\"article\" \/>\n<meta property=\"og:title\" content=\"\u00c9tudes de march\u00e9 au Cameroun - Sagaci Research\" \/>\n<meta property=\"og:description\" content=\"En r\u00e9alisant une \u00e9tude de march\u00e9 au Cameroun, vous aurez acc\u00e8s \u00e0 des outils qui vous aideront \u00e0 prendre des d\u00e9cisions commerciales avis\u00e9es sur le continent africain.\" \/>\n<meta property=\"og:url\" content=\"https:\/\/sagaciresearch.com\/fr\/notre-presence\/etudes-de-marche-au-cameroun\/\" \/>\n<meta property=\"og:site_name\" content=\"Sagaci Research\" \/>\n<meta property=\"article:modified_time\" content=\"2023-09-06T14:50:25+00:00\" \/>\n<meta name=\"twitter:card\" content=\"summary_large_image\" \/>\n<meta name=\"twitter:label1\" content=\"Dur\u00e9e de lecture estim\u00e9e\" \/>\n\t<meta name=\"twitter:data1\" content=\"4 minutes\" \/>\n<script type=\"application\/ld+json\" class=\"yoast-schema-graph\">{\"@context\":\"https:\/\/schema.org\",\"@graph\":[{\"@type\":\"WebPage\",\"@id\":\"https:\/\/sagaciresearch.com\/fr\/notre-presence\/etudes-de-marche-au-cameroun\/\",\"url\":\"https:\/\/sagaciresearch.com\/fr\/notre-presence\/etudes-de-marche-au-cameroun\/\",\"name\":\"\u00c9tudes de march\u00e9 au Cameroun - Sagaci Research\",\"isPartOf\":{\"@id\":\"https:\/\/sagaciresearch.com\/#website\"},\"datePublished\":\"2022-06-21T09:37:28+00:00\",\"dateModified\":\"2023-09-06T14:50:25+00:00\",\"description\":\"En r\u00e9alisant une \u00e9tude de march\u00e9 au Cameroun, vous aurez acc\u00e8s \u00e0 des outils qui vous aideront \u00e0 prendre des d\u00e9cisions commerciales avis\u00e9es sur le continent africain.\",\"breadcrumb\":{\"@id\":\"https:\/\/sagaciresearch.com\/fr\/notre-presence\/etudes-de-marche-au-cameroun\/#breadcrumb\"},\"inLanguage\":\"fr-FR\",\"potentialAction\":[{\"@type\":\"ReadAction\",\"target\":[\"https:\/\/sagaciresearch.com\/fr\/notre-presence\/etudes-de-marche-au-cameroun\/\"]}]},{\"@type\":\"BreadcrumbList\",\"@id\":\"https:\/\/sagaciresearch.com\/fr\/notre-presence\/etudes-de-marche-au-cameroun\/#breadcrumb\",\"itemListElement\":[{\"@type\":\"ListItem\",\"position\":1,\"name\":\"Home\",\"item\":\"https:\/\/sagaciresearch.com\/fr\/\"},{\"@type\":\"ListItem\",\"position\":2,\"name\":\"Notre pr\u00e9sence\",\"item\":\"https:\/\/sagaciresearch.com\/fr\/notre-presence\/\"},{\"@type\":\"ListItem\",\"position\":3,\"name\":\"\u00c9tudes de march\u00e9 au Cameroun\"}]},{\"@type\":\"WebSite\",\"@id\":\"https:\/\/sagaciresearch.com\/#website\",\"url\":\"https:\/\/sagaciresearch.com\/\",\"name\":\"Sagaci Research\",\"description\":\"We provide data and insights you can trust to fuel your growth\",\"publisher\":{\"@id\":\"https:\/\/sagaciresearch.com\/#organization\"},\"potentialAction\":[{\"@type\":\"SearchAction\",\"target\":{\"@type\":\"EntryPoint\",\"urlTemplate\":\"https:\/\/sagaciresearch.com\/?s={search_term_string}\"},\"query-input\":{\"@type\":\"PropertyValueSpecification\",\"valueRequired\":true,\"valueName\":\"search_term_string\"}}],\"inLanguage\":\"fr-FR\"},{\"@type\":\"Organization\",\"@id\":\"https:\/\/sagaciresearch.com\/#organization\",\"name\":\"Sagaci Research\",\"url\":\"https:\/\/sagaciresearch.com\/\",\"logo\":{\"@type\":\"ImageObject\",\"inLanguage\":\"fr-FR\",\"@id\":\"https:\/\/sagaciresearch.com\/#\/schema\/logo\/image\/\",\"url\":\"https:\/\/sagaciresearch.com\/wp-content\/uploads\/2019\/09\/SR2.jpg\",\"contentUrl\":\"https:\/\/sagaciresearch.com\/wp-content\/uploads\/2019\/09\/SR2.jpg\",\"width\":960,\"height\":960,\"caption\":\"Sagaci Research\"},\"image\":{\"@id\":\"https:\/\/sagaciresearch.com\/#\/schema\/logo\/image\/\"}}]}<\/script>\n<!-- \/ Yoast SEO plugin. -->","yoast_head_json":{"title":"\u00c9tudes de march\u00e9 au Cameroun - Sagaci Research","description":"En r\u00e9alisant une \u00e9tude de march\u00e9 au Cameroun, vous aurez acc\u00e8s \u00e0 des outils qui vous aideront \u00e0 prendre des d\u00e9cisions commerciales avis\u00e9es sur le continent africain.","robots":{"index":"index","follow":"follow","max-snippet":"max-snippet:-1","max-image-preview":"max-image-preview:large","max-video-preview":"max-video-preview:-1"},"canonical":"https:\/\/sagaciresearch.com\/fr\/notre-presence\/etudes-de-marche-au-cameroun\/","og_locale":"fr_FR","og_type":"article","og_title":"\u00c9tudes de march\u00e9 au Cameroun - Sagaci Research","og_description":"En r\u00e9alisant une \u00e9tude de march\u00e9 au Cameroun, vous aurez acc\u00e8s \u00e0 des outils qui vous aideront \u00e0 prendre des d\u00e9cisions commerciales avis\u00e9es sur le continent africain.","og_url":"https:\/\/sagaciresearch.com\/fr\/notre-presence\/etudes-de-marche-au-cameroun\/","og_site_name":"Sagaci Research","article_modified_time":"2023-09-06T14:50:25+00:00","twitter_card":"summary_large_image","twitter_misc":{"Dur\u00e9e de lecture estim\u00e9e":"4 minutes"},"schema":{"@context":"https:\/\/schema.org","@graph":[{"@type":"WebPage","@id":"https:\/\/sagaciresearch.com\/fr\/notre-presence\/etudes-de-marche-au-cameroun\/","url":"https:\/\/sagaciresearch.com\/fr\/notre-presence\/etudes-de-marche-au-cameroun\/","name":"\u00c9tudes de march\u00e9 au Cameroun - Sagaci Research","isPartOf":{"@id":"https:\/\/sagaciresearch.com\/#website"},"datePublished":"2022-06-21T09:37:28+00:00","dateModified":"2023-09-06T14:50:25+00:00","description":"En r\u00e9alisant une \u00e9tude de march\u00e9 au Cameroun, vous aurez acc\u00e8s \u00e0 des outils qui vous aideront \u00e0 prendre des d\u00e9cisions commerciales avis\u00e9es sur le continent africain.","breadcrumb":{"@id":"https:\/\/sagaciresearch.com\/fr\/notre-presence\/etudes-de-marche-au-cameroun\/#breadcrumb"},"inLanguage":"fr-FR","potentialAction":[{"@type":"ReadAction","target":["https:\/\/sagaciresearch.com\/fr\/notre-presence\/etudes-de-marche-au-cameroun\/"]}]},{"@type":"BreadcrumbList","@id":"https:\/\/sagaciresearch.com\/fr\/notre-presence\/etudes-de-marche-au-cameroun\/#breadcrumb","itemListElement":[{"@type":"ListItem","position":1,"name":"Home","item":"https:\/\/sagaciresearch.com\/fr\/"},{"@type":"ListItem","position":2,"name":"Notre pr\u00e9sence","item":"https:\/\/sagaciresearch.com\/fr\/notre-presence\/"},{"@type":"ListItem","position":3,"name":"\u00c9tudes de march\u00e9 au Cameroun"}]},{"@type":"WebSite","@id":"https:\/\/sagaciresearch.com\/#website","url":"https:\/\/sagaciresearch.com\/","name":"Sagaci Research","description":"We provide data and insights you can trust to fuel your growth","publisher":{"@id":"https:\/\/sagaciresearch.com\/#organization"},"potentialAction":[{"@type":"SearchAction","target":{"@type":"EntryPoint","urlTemplate":"https:\/\/sagaciresearch.com\/?s={search_term_string}"},"query-input":{"@type":"PropertyValueSpecification","valueRequired":true,"valueName":"search_term_string"}}],"inLanguage":"fr-FR"},{"@type":"Organization","@id":"https:\/\/sagaciresearch.com\/#organization","name":"Sagaci Research","url":"https:\/\/sagaciresearch.com\/","logo":{"@type":"ImageObject","inLanguage":"fr-FR","@id":"https:\/\/sagaciresearch.com\/#\/schema\/logo\/image\/","url":"https:\/\/sagaciresearch.com\/wp-content\/uploads\/2019\/09\/SR2.jpg","contentUrl":"https:\/\/sagaciresearch.com\/wp-content\/uploads\/2019\/09\/SR2.jpg","width":960,"height":960,"caption":"Sagaci Research"},"image":{"@id":"https:\/\/sagaciresearch.com\/#\/schema\/logo\/image\/"}}]}},"_links":{"self":[{"href":"https:\/\/sagaciresearch.com\/fr\/wp-json\/wp\/v2\/pages\/17290","targetHints":{"allow":["GET"]}}],"collection":[{"href":"https:\/\/sagaciresearch.com\/fr\/wp-json\/wp\/v2\/pages"}],"about":[{"href":"https:\/\/sagaciresearch.com\/fr\/wp-json\/wp\/v2\/types\/page"}],"author":[{"embeddable":true,"href":"https:\/\/sagaciresearch.com\/fr\/wp-json\/wp\/v2\/users\/6"}],"replies":[{"embeddable":true,"href":"https:\/\/sagaciresearch.com\/fr\/wp-json\/wp\/v2\/comments?post=17290"}],"version-history":[{"count":2,"href":"https:\/\/sagaciresearch.com\/fr\/wp-json\/wp\/v2\/pages\/17290\/revisions"}],"predecessor-version":[{"id":17292,"href":"https:\/\/sagaciresearch.com\/fr\/wp-json\/wp\/v2\/pages\/17290\/revisions\/17292"}],"up":[{"embeddable":true,"href":"https:\/\/sagaciresearch.com\/fr\/wp-json\/wp\/v2\/pages\/16105"}],"wp:attachment":[{"href":"https:\/\/sagaciresearch.com\/fr\/wp-json\/wp\/v2\/media?parent=17290"}],"curies":[{"name":"wp","href":"https:\/\/api.w.org\/{rel}","templated":true}]}}