{"id":17288,"date":"2022-07-11T09:16:27","date_gmt":"2022-07-11T07:16:27","guid":{"rendered":"https:\/\/sagaciresearch.com\/notre-presence\/etude-de-marche-au-cap-vert\/"},"modified":"2023-09-06T17:53:50","modified_gmt":"2023-09-06T15:53:50","slug":"etude-de-marche-au-cap-vert","status":"publish","type":"page","link":"https:\/\/sagaciresearch.com\/fr\/notre-presence\/etude-de-marche-au-cap-vert\/","title":{"rendered":"\u00c9tude de march\u00e9 au Cap-Vert"},"content":{"rendered":"<p>[vc_row][vc_column width=\u00a0\u00bb1\/2&Prime; css=\u00a0\u00bb.vc_custom_1614249031381{padding-top: 30px !important;padding-right: 30px !important;padding-bottom: 30px !important;padding-left: 30px !important;}\u00a0\u00bb][vc_column_text]<span style=\"font-weight: 400;\">Le Cap-Vert vous offre, \u00e0 vous et \u00e0 votre entreprise, d&rsquo;incroyables opportunit\u00e9s d&rsquo;acc\u00e9der \u00e0 un march\u00e9 g\u00e9ographiquement strat\u00e9gique, avec une base de consommateurs diversifi\u00e9e au fort pouvoir d&rsquo;achat. En outre, diff\u00e9rents march\u00e9s sont prometteurs, qu&rsquo;il s&rsquo;agisse de la croissance du secteur immobilier ou du d\u00e9veloppement de l&rsquo;agro-industrie, malgr\u00e9 les d\u00e9fis li\u00e9s au climat. <\/span>[\/vc_column_text][vc_btn title=\u00a0\u00bbNous contacter\u00a0\u00bb color=\u00a0\u00bborange\u00a0\u00bb link=\u00a0\u00bburl:%2Fcontact%2F%3Fshow%3Dcontact%26source%3DSagaBrand%2520Contact|title:Contact%20us\u00a0\u00bb el_class=\u00a0\u00bbmarketresearchbutton\u00a0\u00bb][\/vc_column][vc_column width=\u00a0\u00bb1\/2&Prime; css=\u00a0\u00bb.vc_custom_1655804674483{padding-top: 20px !important;padding-right: 20px !important;padding-left: 20px !important;}\u00a0\u00bb][vc_single_image image=\u00a0\u00bb13852&Prime; img_size=\u00a0\u00bb400&#215;400&Prime; alignment=\u00a0\u00bbcenter\u00a0\u00bb css_animation=\u00a0\u00bbfadeIn\u00a0\u00bb][\/vc_column][\/vc_row][vc_row full_width=\u00a0\u00bbstretch_row\u00a0\u00bb css=\u00a0\u00bb.vc_custom_1655372764432{border-bottom-width: 20px !important;padding-top: 20px !important;background-color: #ededa1 !important;}\u00a0\u00bb el_class=\u00a0\u00bbgradient\u00a0\u00bb][vc_column width=\u00a0\u00bb1\/2&Prime; css=\u00a0\u00bb.vc_custom_1614249031381{padding-top: 30px !important;padding-right: 30px !important;padding-bottom: 30px !important;padding-left: 30px !important;}\u00a0\u00bb][vc_single_image image=\u00a0\u00bb14236&Prime; img_size=\u00a0\u00bb400&#215;400&Prime; alignment=\u00a0\u00bbcenter\u00a0\u00bb style=\u00a0\u00bbvc_box_circle_2&Prime;][\/vc_column][vc_column width=\u00a0\u00bb1\/2&Prime;][vc_empty_space][vc_column_text]<\/p>\n<h2><strong>\u00c0 propos du Cap-Vert<\/strong><\/h2>\n<p><span style=\"font-weight: 400;\">Les \u00eeles du Cap-Vert \u00e9taient inhabit\u00e9es jusqu&rsquo;au 15e si\u00e8cle. C&rsquo;est aujourd&rsquo;hui un pays culturellement diversifi\u00e9, dont la langue, l&rsquo;art ou les textiles t\u00e9moignent des influences portugaises et africaines. Depuis qu&rsquo;il a obtenu son ind\u00e9pendance en 1975, le Cap-Vert a un gouvernement et une \u00e9conomie stables, l&rsquo;escudo cap-verdien \u00e9tant historiquement rattach\u00e9 \u00e0 l&rsquo;escudo portugais, et \u00e0 l&rsquo;euro depuis 1998. <\/span><\/p>\n<p><span style=\"font-weight: 400;\">La population des 9 \u00eeles est extr\u00eamement in\u00e9gale, les \u00eeles occidentales \u00e9tant peu peupl\u00e9es et plus de la moiti\u00e9 du pays vivant sur l&rsquo;\u00eele de S\u00e3o Tiago, o\u00f9 se trouve la capitale Praia. En raison de conditions climatiques complexes et de famines r\u00e9p\u00e9t\u00e9es, la population du Cap-Vert a fortement fluctu\u00e9 dans le pass\u00e9, entra\u00eenant des vagues d&rsquo;\u00e9migration. L&rsquo;adoption de lois plus restrictives en mati\u00e8re d&rsquo;\u00e9migration au cours des derni\u00e8res d\u00e9cennies a entra\u00een\u00e9 une augmentation de la croissance d\u00e9mographique. <\/span><\/p>\n<p>[\/vc_column_text][\/vc_column][\/vc_row][vc_row css=\u00a0\u00bb.vc_custom_1655278436857{background-position: center !important;background-repeat: no-repeat !important;background-size: cover !important;}\u00a0\u00bb el_class=\u00a0\u00bbdownloadpdf\u00a0\u00bb][vc_column css=\u00a0\u00bb.vc_custom_1655278397607{background-color: #ffffff !important;}\u00a0\u00bb][vc_empty_space][vc_column_text]<\/p>\n<h2><strong>Pourquoi r\u00e9aliser une \u00e9tude de march\u00e9 ?<\/strong><\/h2>\n<p><span style=\"font-weight: 400;\">L&rsquo;\u00e9conomie du Cap-Vert est fortement d\u00e9pendante des IDE, des transferts de fonds et du tourisme. Les services, tels que le commerce, les transports, le tourisme et les services publics, repr\u00e9sentent environ trois quarts du PIB. Toutefois, le pays dispose d&rsquo;infrastructures solides et attire de nombreux investisseurs \u00e9trangers. Le pays occupe \u00e9galement une position strat\u00e9gique pour acc\u00e9der \u00e0 d&rsquo;autres march\u00e9s en Afrique de l&rsquo;Ouest. <\/span>[\/vc_column_text][vc_empty_space][\/vc_column][\/vc_row][vc_row full_width=\u00a0\u00bbstretch_row\u00a0\u00bb css=\u00a0\u00bb.vc_custom_1657523618454{background-image: url(https:\/\/sagaciresearch.com\/wp-content\/uploads\/2022\/07\/Market-Research-in-Cape-Verde-3-scaled.jpg?id=14239) !important;background-position: center !important;background-repeat: no-repeat !important;background-size: cover !important;}\u00a0\u00bb][vc_column][vc_empty_space height=\u00a0\u00bb400px\u00a0\u00bb][\/vc_column][\/vc_row][vc_row css=\u00a0\u00bb.vc_custom_1655278436857{background-position: center !important;background-repeat: no-repeat !important;background-size: cover !important;}\u00a0\u00bb el_class=\u00a0\u00bbdownloadpdf\u00a0\u00bb][vc_column css=\u00a0\u00bb.vc_custom_1655278397607{background-color: #ffffff !important;}\u00a0\u00bb][vc_empty_space][vc_column_text]<\/p>\n<h2><strong>Donn\u00e9es repr\u00e9sentatives du march\u00e9<\/strong><\/h2>\n<p>Les fluctuations de la population dans le pays rendent difficiles les projets d&rsquo;\u00e9tude de march\u00e9 fiables et repr\u00e9sentatifs au Cap-Vert. En outre, la r\u00e9partition g\u00e9ographique des \u00eeles peut faire de l&rsquo;organisation de sondages efficaces une \u00e9preuve logistique. Cependant, Sagaci Research peut vous fournir les outils n\u00e9cessaires pour obtenir des informations pr\u00e9cises sur la r\u00e9alit\u00e9 du pays, comme notre panel en ligne qui vous permet de recevoir rapidement des r\u00e9ponses de la part de vos consommateurs cibles. Voici quelques-uns de nos outils :[\/vc_column_text][vc_empty_space][\/vc_column][\/vc_row][vc_row full_width=\u00a0\u00bbstretch_row\u00a0\u00bb css=\u00a0\u00bb.vc_custom_1655372755822{padding-top: 47px !important;padding-bottom: 60px !important;background-color: #ededa1 !important;}\u00a0\u00bb el_class=\u00a0\u00bbgradient\u00a0\u00bb][vc_column][vc_custom_heading stm_title_font_weight=\u00a0\u00bb400&Prime; text=\u00a0\u00bbM\u00e9thodes d&rsquo;\u00e9tude de march\u00e9 au Cap-Vert\u00a0\u00bb font_container=\u00a0\u00bbtag:h2|text_align:center\u00a0\u00bb use_theme_fonts=\u00a0\u00bbyes\u00a0\u00bb][vc_row_inner equal_height=\u00a0\u00bbyes\u00a0\u00bb content_placement=\u00a0\u00bbmiddle\u00a0\u00bb gap=\u00a0\u00bb20&Prime; el_class=\u00a0\u00bbsquare\u00a0\u00bb][vc_column_inner width=\u00a0\u00bb1\/2&Prime; css=\u00a0\u00bb.vc_custom_1620309789350{background-color: #ffffff !important;}\u00a0\u00bb][stm_info_box align_center=\u00a0\u00bbyes\u00a0\u00bb style=\u00a0\u00bbstyle_2&Prime; title=\u00a0\u00bbPanel en ligne\u00a0\u00bb css=\u00a0\u00bb.vc_custom_1657523017899{padding-top: 10px !important;padding-right: 50px !important;padding-bottom: 10px !important;padding-left: 50px !important;}\u00a0\u00bb]<span style=\"font-weight: 400;\">Acc\u00e9dez \u00e0 votre march\u00e9 cible et obtenez les informations dont vous avez besoin dans un d\u00e9lai tr\u00e8s court gr\u00e2ce \u00e0 nos repr\u00e9sentants mobiles. <\/span><a href=\"https:\/\/sagaciresearch.com\/services\/online-panels\"><br \/>\n<span style=\"font-weight: 400;\">Cliquez ici pour plus d&rsquo;informations<\/span><br \/>\n<\/a><span style=\"font-weight: 400;\">. <\/span> [\/stm_info_box][\/vc_column_inner][vc_column_inner width=\u00a0\u00bb1\/2&Prime; css=\u00a0\u00bb.vc_custom_1620309810456{background-color: #ffffff !important;}\u00a0\u00bb][stm_info_box align_center=\u00a0\u00bbyes\u00a0\u00bb style=\u00a0\u00bbstyle_2&Prime; title=\u00a0\u00bbSagaBrand\u00a0\u00bb css=\u00a0\u00bb.vc_custom_1657523032163{padding-top: 10px !important;padding-right: 50px !important;padding-bottom: 10px !important;padding-left: 50px !important;}\u00a0\u00bb]<span style=\"font-weight: 400;\">Les informations sur les performances de votre marque peuvent \u00eatre transform\u00e9es en r\u00e9sultats. Nous pouvons vous fournir des rapports mensuels, trimestriels ou semestriels, afin que vous puissiez commencer \u00e0 surveiller la sant\u00e9 de votre marque. <\/span><a href=\"https:\/\/sagaciresearch.com\/products\/sagabrand\/\"><span style=\"font-weight: 400;\">Vous y trouverez des informations sur les possibilit\u00e9s qui s&rsquo;offrent \u00e0 vous.<\/span><\/a>[\/stm_info_box][\/vc_column_inner][\/vc_row_inner][vc_row_inner equal_height=\u00a0\u00bbyes\u00a0\u00bb gap=\u00a0\u00bb20&Prime; el_class=\u00a0\u00bbsquare\u00a0\u00bb][vc_column_inner width=\u00a0\u00bb1\/2&Prime; css=\u00a0\u00bb.vc_custom_1620309927520{background-color: #ffffff !important;}\u00a0\u00bb][stm_info_box align_center=\u00a0\u00bbyes\u00a0\u00bb style=\u00a0\u00bbstyle_2&Prime; title=\u00a0\u00bbSagaCube\u00a0\u00bb css=\u00a0\u00bb.vc_custom_1655279551634{padding-top: 10px !important;padding-right: 50px !important;padding-bottom: 10px !important;padding-left: 50px !important;}\u00a0\u00bb]<span style=\"font-weight: 400;\">Acc\u00e9dez \u00e0 un rapport unique et approfondi sur les habitudes de consommation de vos consommateurs cibles. Choisissez parmi une liste de plus de 140 \u00e9l\u00e9ments dans le pays qui vous int\u00e9resse et t\u00e9l\u00e9chargez votre rapport d\u00e8s aujourd&rsquo;hui ! <\/span><a href=\"https:\/\/sagaciresearch.com\/products\/sagacube\/\" target=\"_blank\" rel=\"noopener\"><span style=\"font-weight: 400;\">Acc\u00e9der ici. <\/span><\/a>[\/stm_info_box][\/vc_column_inner][vc_column_inner width=\u00a0\u00bb1\/2&Prime; css=\u00a0\u00bb.vc_custom_1620309998812{background-color: #ffffff !important;}\u00a0\u00bb][stm_info_box align_center=\u00a0\u00bbyes\u00a0\u00bb style=\u00a0\u00bbstyle_2&Prime; title=\u00a0\u00bbSagaTracker\u00a0\u00bb css=\u00a0\u00bb.vc_custom_1657523048579{padding-top: 10px !important;padding-right: 50px !important;padding-bottom: 10px !important;padding-left: 50px !important;}\u00a0\u00bb]<span style=\"font-weight: 400;\">Obtenez des informations cl\u00e9s sur les canaux de distribution les plus efficaces pour vos produits. Acc\u00e9dez \u00e0 des mesures directes en fonction de vos besoins. <\/span><a href=\"https:\/\/sagaciresearch.com\/products\/sagatracker\/\" target=\"_blank\" rel=\"noopener\"><br \/>\n<span style=\"font-weight: 400;\">Contactez nous ici<\/span><br \/>\n<\/a><span style=\"font-weight: 400;\">. <\/span> [\/stm_info_box][\/vc_column_inner][\/vc_row_inner][\/vc_column][\/vc_row][vc_row][vc_column][vc_empty_space height=\u00a0\u00bb60px\u00a0\u00bb][\/vc_column][\/vc_row][vc_row][vc_column][vc_custom_heading stm_title_font_weight=\u00a0\u00bb400&Prime; text=\u00a0\u00bbEn savoir plus sur les \u00e9tudes syndiqu\u00e9e au Cap-Vert\u00a0\u00bb font_container=\u00a0\u00bbtag:h3|text_align:center\u00a0\u00bb use_theme_fonts=\u00a0\u00bbyes\u00a0\u00bb][stm_news posts_per_row=\u00a0\u00bb4&Prime;][\/vc_column][\/vc_row][vc_row][vc_column][vc_column_text][\/vc_column_text][\/vc_column][\/vc_row]<\/p>\n","protected":false},"excerpt":{"rendered":"<p>[vc_row][vc_column width=\u00a0\u00bb1\/2&Prime; css=\u00a0\u00bb.vc_custom_1614249031381{padding-top: 30px !important;padding-right: 30px !important;padding-bottom: 30px !important;padding-left: 30px !important;}\u00a0\u00bb][vc_column_text]Le Cap-Vert vous offre, \u00e0 vous et \u00e0 votre entreprise, d&rsquo;incroyables opportunit\u00e9s d&rsquo;acc\u00e9der \u00e0 un march\u00e9 g\u00e9ographiquement strat\u00e9gique, avec une base de consommateurs diversifi\u00e9e au fort pouvoir d&rsquo;achat. En outre, diff\u00e9rents march\u00e9s sont prometteurs, qu&rsquo;il s&rsquo;agisse de la croissance du secteur immobilier ou du d\u00e9veloppement<\/p>\n","protected":false},"author":6,"featured_media":0,"parent":16105,"menu_order":0,"comment_status":"closed","ping_status":"closed","template":"","meta":{"_acf_changed":false,"footnotes":""},"class_list":["post-17288","page","type-page","status-publish","hentry"],"acf":[],"yoast_head":"<!-- This site is optimized with the Yoast SEO plugin v27.2 - https:\/\/yoast.com\/product\/yoast-seo-wordpress\/ -->\n<title>\u00c9tude de march\u00e9 au Cap-Vert - Sagaci Research<\/title>\n<meta name=\"description\" content=\"La r\u00e9alisation d&#039;une \u00e9tude de march\u00e9 au Cap-Vert offre \u00e0 votre entreprise d&#039;incroyables opportunit\u00e9s d&#039;acc\u00e9der \u00e0 un march\u00e9 strat\u00e9gique, avec une base de consommateurs diversifi\u00e9e.\" \/>\n<meta name=\"robots\" content=\"index, follow, max-snippet:-1, max-image-preview:large, max-video-preview:-1\" \/>\n<link rel=\"canonical\" href=\"https:\/\/sagaciresearch.com\/fr\/notre-presence\/etude-de-marche-au-cap-vert\/\" \/>\n<meta property=\"og:locale\" content=\"fr_FR\" \/>\n<meta property=\"og:type\" content=\"article\" \/>\n<meta property=\"og:title\" content=\"\u00c9tude de march\u00e9 au Cap-Vert - Sagaci Research\" \/>\n<meta property=\"og:description\" content=\"La r\u00e9alisation d&#039;une \u00e9tude de march\u00e9 au Cap-Vert offre \u00e0 votre entreprise d&#039;incroyables opportunit\u00e9s d&#039;acc\u00e9der \u00e0 un march\u00e9 strat\u00e9gique, avec une base de consommateurs diversifi\u00e9e.\" \/>\n<meta property=\"og:url\" content=\"https:\/\/sagaciresearch.com\/fr\/notre-presence\/etude-de-marche-au-cap-vert\/\" \/>\n<meta property=\"og:site_name\" content=\"Sagaci Research\" \/>\n<meta property=\"article:modified_time\" content=\"2023-09-06T15:53:50+00:00\" \/>\n<meta name=\"twitter:card\" content=\"summary_large_image\" \/>\n<meta name=\"twitter:label1\" content=\"Dur\u00e9e de lecture estim\u00e9e\" \/>\n\t<meta name=\"twitter:data1\" content=\"4 minutes\" \/>\n<script type=\"application\/ld+json\" class=\"yoast-schema-graph\">{\"@context\":\"https:\/\/schema.org\",\"@graph\":[{\"@type\":\"WebPage\",\"@id\":\"https:\/\/sagaciresearch.com\/fr\/notre-presence\/etude-de-marche-au-cap-vert\/\",\"url\":\"https:\/\/sagaciresearch.com\/fr\/notre-presence\/etude-de-marche-au-cap-vert\/\",\"name\":\"\u00c9tude de march\u00e9 au Cap-Vert - Sagaci Research\",\"isPartOf\":{\"@id\":\"https:\/\/sagaciresearch.com\/#website\"},\"datePublished\":\"2022-07-11T07:16:27+00:00\",\"dateModified\":\"2023-09-06T15:53:50+00:00\",\"description\":\"La r\u00e9alisation d'une \u00e9tude de march\u00e9 au Cap-Vert offre \u00e0 votre entreprise d'incroyables opportunit\u00e9s d'acc\u00e9der \u00e0 un march\u00e9 strat\u00e9gique, avec une base de consommateurs diversifi\u00e9e.\",\"breadcrumb\":{\"@id\":\"https:\/\/sagaciresearch.com\/fr\/notre-presence\/etude-de-marche-au-cap-vert\/#breadcrumb\"},\"inLanguage\":\"fr-FR\",\"potentialAction\":[{\"@type\":\"ReadAction\",\"target\":[\"https:\/\/sagaciresearch.com\/fr\/notre-presence\/etude-de-marche-au-cap-vert\/\"]}]},{\"@type\":\"BreadcrumbList\",\"@id\":\"https:\/\/sagaciresearch.com\/fr\/notre-presence\/etude-de-marche-au-cap-vert\/#breadcrumb\",\"itemListElement\":[{\"@type\":\"ListItem\",\"position\":1,\"name\":\"Home\",\"item\":\"https:\/\/sagaciresearch.com\/fr\/\"},{\"@type\":\"ListItem\",\"position\":2,\"name\":\"Notre pr\u00e9sence\",\"item\":\"https:\/\/sagaciresearch.com\/fr\/notre-presence\/\"},{\"@type\":\"ListItem\",\"position\":3,\"name\":\"\u00c9tude de march\u00e9 au Cap-Vert\"}]},{\"@type\":\"WebSite\",\"@id\":\"https:\/\/sagaciresearch.com\/#website\",\"url\":\"https:\/\/sagaciresearch.com\/\",\"name\":\"Sagaci Research\",\"description\":\"We provide data and insights you can trust to fuel your growth\",\"publisher\":{\"@id\":\"https:\/\/sagaciresearch.com\/#organization\"},\"potentialAction\":[{\"@type\":\"SearchAction\",\"target\":{\"@type\":\"EntryPoint\",\"urlTemplate\":\"https:\/\/sagaciresearch.com\/?s={search_term_string}\"},\"query-input\":{\"@type\":\"PropertyValueSpecification\",\"valueRequired\":true,\"valueName\":\"search_term_string\"}}],\"inLanguage\":\"fr-FR\"},{\"@type\":\"Organization\",\"@id\":\"https:\/\/sagaciresearch.com\/#organization\",\"name\":\"Sagaci Research\",\"url\":\"https:\/\/sagaciresearch.com\/\",\"logo\":{\"@type\":\"ImageObject\",\"inLanguage\":\"fr-FR\",\"@id\":\"https:\/\/sagaciresearch.com\/#\/schema\/logo\/image\/\",\"url\":\"https:\/\/sagaciresearch.com\/wp-content\/uploads\/2019\/09\/SR2.jpg\",\"contentUrl\":\"https:\/\/sagaciresearch.com\/wp-content\/uploads\/2019\/09\/SR2.jpg\",\"width\":960,\"height\":960,\"caption\":\"Sagaci Research\"},\"image\":{\"@id\":\"https:\/\/sagaciresearch.com\/#\/schema\/logo\/image\/\"}}]}<\/script>\n<!-- \/ Yoast SEO plugin. -->","yoast_head_json":{"title":"\u00c9tude de march\u00e9 au Cap-Vert - Sagaci Research","description":"La r\u00e9alisation d'une \u00e9tude de march\u00e9 au Cap-Vert offre \u00e0 votre entreprise d'incroyables opportunit\u00e9s d'acc\u00e9der \u00e0 un march\u00e9 strat\u00e9gique, avec une base de consommateurs diversifi\u00e9e.","robots":{"index":"index","follow":"follow","max-snippet":"max-snippet:-1","max-image-preview":"max-image-preview:large","max-video-preview":"max-video-preview:-1"},"canonical":"https:\/\/sagaciresearch.com\/fr\/notre-presence\/etude-de-marche-au-cap-vert\/","og_locale":"fr_FR","og_type":"article","og_title":"\u00c9tude de march\u00e9 au Cap-Vert - Sagaci Research","og_description":"La r\u00e9alisation d'une \u00e9tude de march\u00e9 au Cap-Vert offre \u00e0 votre entreprise d'incroyables opportunit\u00e9s d'acc\u00e9der \u00e0 un march\u00e9 strat\u00e9gique, avec une base de consommateurs diversifi\u00e9e.","og_url":"https:\/\/sagaciresearch.com\/fr\/notre-presence\/etude-de-marche-au-cap-vert\/","og_site_name":"Sagaci Research","article_modified_time":"2023-09-06T15:53:50+00:00","twitter_card":"summary_large_image","twitter_misc":{"Dur\u00e9e de lecture estim\u00e9e":"4 minutes"},"schema":{"@context":"https:\/\/schema.org","@graph":[{"@type":"WebPage","@id":"https:\/\/sagaciresearch.com\/fr\/notre-presence\/etude-de-marche-au-cap-vert\/","url":"https:\/\/sagaciresearch.com\/fr\/notre-presence\/etude-de-marche-au-cap-vert\/","name":"\u00c9tude de march\u00e9 au Cap-Vert - Sagaci Research","isPartOf":{"@id":"https:\/\/sagaciresearch.com\/#website"},"datePublished":"2022-07-11T07:16:27+00:00","dateModified":"2023-09-06T15:53:50+00:00","description":"La r\u00e9alisation d'une \u00e9tude de march\u00e9 au Cap-Vert offre \u00e0 votre entreprise d'incroyables opportunit\u00e9s d'acc\u00e9der \u00e0 un march\u00e9 strat\u00e9gique, avec une base de consommateurs diversifi\u00e9e.","breadcrumb":{"@id":"https:\/\/sagaciresearch.com\/fr\/notre-presence\/etude-de-marche-au-cap-vert\/#breadcrumb"},"inLanguage":"fr-FR","potentialAction":[{"@type":"ReadAction","target":["https:\/\/sagaciresearch.com\/fr\/notre-presence\/etude-de-marche-au-cap-vert\/"]}]},{"@type":"BreadcrumbList","@id":"https:\/\/sagaciresearch.com\/fr\/notre-presence\/etude-de-marche-au-cap-vert\/#breadcrumb","itemListElement":[{"@type":"ListItem","position":1,"name":"Home","item":"https:\/\/sagaciresearch.com\/fr\/"},{"@type":"ListItem","position":2,"name":"Notre pr\u00e9sence","item":"https:\/\/sagaciresearch.com\/fr\/notre-presence\/"},{"@type":"ListItem","position":3,"name":"\u00c9tude de march\u00e9 au Cap-Vert"}]},{"@type":"WebSite","@id":"https:\/\/sagaciresearch.com\/#website","url":"https:\/\/sagaciresearch.com\/","name":"Sagaci Research","description":"We provide data and insights you can trust to fuel your growth","publisher":{"@id":"https:\/\/sagaciresearch.com\/#organization"},"potentialAction":[{"@type":"SearchAction","target":{"@type":"EntryPoint","urlTemplate":"https:\/\/sagaciresearch.com\/?s={search_term_string}"},"query-input":{"@type":"PropertyValueSpecification","valueRequired":true,"valueName":"search_term_string"}}],"inLanguage":"fr-FR"},{"@type":"Organization","@id":"https:\/\/sagaciresearch.com\/#organization","name":"Sagaci Research","url":"https:\/\/sagaciresearch.com\/","logo":{"@type":"ImageObject","inLanguage":"fr-FR","@id":"https:\/\/sagaciresearch.com\/#\/schema\/logo\/image\/","url":"https:\/\/sagaciresearch.com\/wp-content\/uploads\/2019\/09\/SR2.jpg","contentUrl":"https:\/\/sagaciresearch.com\/wp-content\/uploads\/2019\/09\/SR2.jpg","width":960,"height":960,"caption":"Sagaci Research"},"image":{"@id":"https:\/\/sagaciresearch.com\/#\/schema\/logo\/image\/"}}]}},"_links":{"self":[{"href":"https:\/\/sagaciresearch.com\/fr\/wp-json\/wp\/v2\/pages\/17288","targetHints":{"allow":["GET"]}}],"collection":[{"href":"https:\/\/sagaciresearch.com\/fr\/wp-json\/wp\/v2\/pages"}],"about":[{"href":"https:\/\/sagaciresearch.com\/fr\/wp-json\/wp\/v2\/types\/page"}],"author":[{"embeddable":true,"href":"https:\/\/sagaciresearch.com\/fr\/wp-json\/wp\/v2\/users\/6"}],"replies":[{"embeddable":true,"href":"https:\/\/sagaciresearch.com\/fr\/wp-json\/wp\/v2\/comments?post=17288"}],"version-history":[{"count":2,"href":"https:\/\/sagaciresearch.com\/fr\/wp-json\/wp\/v2\/pages\/17288\/revisions"}],"predecessor-version":[{"id":17318,"href":"https:\/\/sagaciresearch.com\/fr\/wp-json\/wp\/v2\/pages\/17288\/revisions\/17318"}],"up":[{"embeddable":true,"href":"https:\/\/sagaciresearch.com\/fr\/wp-json\/wp\/v2\/pages\/16105"}],"wp:attachment":[{"href":"https:\/\/sagaciresearch.com\/fr\/wp-json\/wp\/v2\/media?parent=17288"}],"curies":[{"name":"wp","href":"https:\/\/api.w.org\/{rel}","templated":true}]}}