{"id":17281,"date":"2022-06-21T11:37:35","date_gmt":"2022-06-21T09:37:35","guid":{"rendered":"https:\/\/sagaciresearch.com\/notre-presence\/etude-de-marche-au-burkina-faso\/"},"modified":"2024-02-09T12:53:09","modified_gmt":"2024-02-09T11:53:09","slug":"etude-de-marche-au-burkina-faso","status":"publish","type":"page","link":"https:\/\/sagaciresearch.com\/fr\/notre-presence\/etude-de-marche-au-burkina-faso\/","title":{"rendered":"Etude de march\u00e9 au Burkina Faso"},"content":{"rendered":"<p>[vc_row][vc_column width=\u00a0\u00bb1\/2&Prime; css=\u00a0\u00bb.vc_custom_1614249031381{padding-top: 30px !important;padding-right: 30px !important;padding-bottom: 30px !important;padding-left: 30px !important;}\u00a0\u00bb][vc_column_text]<\/p>\n<h2><strong>\u00c9tude de march\u00e9 au Burkina Faso<\/strong><\/h2>\n<p><span style=\"font-weight: 400;\">La r\u00e9alisation d&rsquo;une \u00e9tude de march\u00e9 au Burkina Faso permettra \u00e0 notre marque d&rsquo;atteindre une nouvelle croissance commerciale. <\/span>[\/vc_column_text][vc_btn title=\u00a0\u00bbNous contacter\u00a0\u00bb color=\u00a0\u00bborange\u00a0\u00bb link=\u00a0\u00bburl:%2Fcontact%2F%3Fshow%3Dcontact%26source%3DSagaBrand%2520Contact|title:Contact%20us\u00a0\u00bb][\/vc_column][vc_column width=\u00a0\u00bb1\/2&Prime; css=\u00a0\u00bb.vc_custom_1655804696288{padding-top: 20px !important;padding-right: 20px !important;padding-left: 20px !important;}\u00a0\u00bb][vc_single_image image=\u00a0\u00bb13852&Prime; img_size=\u00a0\u00bb400&#215;400&Prime; alignment=\u00a0\u00bbcenter\u00a0\u00bb css_animation=\u00a0\u00bbfadeIn\u00a0\u00bb][\/vc_column][\/vc_row][vc_row full_width=\u00a0\u00bbstretch_row\u00a0\u00bb css=\u00a0\u00bb.vc_custom_1655372764432{border-bottom-width: 20px !important;padding-top: 20px !important;background-color: #ededa1 !important;}\u00a0\u00bb el_class=\u00a0\u00bbgradient\u00a0\u00bb][vc_column width=\u00a0\u00bb1\/2&Prime; css=\u00a0\u00bb.vc_custom_1614249031381{padding-top: 30px !important;padding-right: 30px !important;padding-bottom: 30px !important;padding-left: 30px !important;}\u00a0\u00bb][vc_single_image image=\u00a0\u00bb14029&Prime; img_size=\u00a0\u00bb400&#215;400&Prime; alignment=\u00a0\u00bbcenter\u00a0\u00bb style=\u00a0\u00bbvc_box_circle_2&Prime;][\/vc_column][vc_column width=\u00a0\u00bb1\/2&Prime;][vc_empty_space][vc_column_text]<\/p>\n<h2><strong>\u00c0 propos du Burkina Faso<\/strong><\/h2>\n<p><span style=\"font-weight: 400;\">Le Burkina Faso est un pays enclav\u00e9 d&rsquo;Afrique de l&rsquo;Ouest qui compte 20 millions d&rsquo;habitants. Environ 70 % d&rsquo;entre eux vivent en milieu rural (2020) et leur \u00e9conomie repose en grande partie sur l&rsquo;agriculture. Pourtant, le pourcentage de la population urbaine a augment\u00e9 lentement mais r\u00e9guli\u00e8rement au cours des derni\u00e8res d\u00e9cennies. <\/span><\/p>\n<p><span style=\"font-weight: 400;\">La principale langue parl\u00e9e dans ce pays est le fran\u00e7ais, mais attention : on estime que plus de 70 langues sont parl\u00e9es au Burkina Faso, dont la plupart sont des langues indig\u00e8nes. La moiti\u00e9 du pays (52%) parle le mossi, principalement dans les r\u00e9gions suivantes <\/span><span style=\"font-weight: 400;\">la r\u00e9gion centrale autour de la capitale, Ouagadougou. La langue anglaise n&rsquo;est normalement pas parl\u00e9e. <\/span><\/p>\n<p><span style=\"font-weight: 400;\">Ce pays est l&rsquo;un des plus fertiles de la plan\u00e8te. En moyenne, une femme burkinab\u00e9 donne naissance \u00e0 6 enfants. <\/span>[\/vc_column_text][\/vc_column][\/vc_row][vc_row css=\u00a0\u00bb.vc_custom_1655278436857{background-position: center !important;background-repeat: no-repeat !important;background-size: cover !important;}\u00a0\u00bb el_class=\u00a0\u00bbdownloadpdf\u00a0\u00bb][vc_column css=\u00a0\u00bb.vc_custom_1655278397607{background-color: #ffffff !important;}\u00a0\u00bb][vc_empty_space][vc_column_text]<\/p>\n<h2><strong>Tendances des \u00e9tudes de march\u00e9 au Burkina Faso<\/strong><\/h2>\n<p><span style=\"font-weight: 400;\">La majorit\u00e9 de la population travaille dans l&rsquo;agriculture de subsistance ou l&rsquo;\u00e9levage. En ce qui concerne le secteur agricole, le coton, le s\u00e9same et la canne \u00e0 sucre sont les produits les plus export\u00e9s. Tandis que le riz, le ma\u00efs, <\/span><span style=\"font-weight: 400;\">et les arachides sont cultiv\u00e9s pour la consommation locale. <\/span><\/p>\n<p><span style=\"font-weight: 400;\">En ce qui concerne l&rsquo;\u00e9levage, qui est l&rsquo;une des principales sources de revenus au Burkina Faso, les animaux tels que les moutons, les porcs, les \u00e2nes, les poulets et les chameaux jouent un r\u00f4le important pour la population.<\/span>[\/vc_column_text][vc_empty_space][\/vc_column][\/vc_row][vc_row full_width=\u00a0\u00bbstretch_row\u00a0\u00bb css=\u00a0\u00bb.vc_custom_1655446981495{background-image: url(https:\/\/sagaciresearch.com\/wp-content\/uploads\/2022\/06\/Market-Research-in-burkina-faso-2.jpg?id=14031) !important;background-position: center !important;background-repeat: no-repeat !important;background-size: cover !important;}\u00a0\u00bb][vc_column][vc_empty_space height=\u00a0\u00bb400px\u00a0\u00bb][\/vc_column][\/vc_row][vc_row css=\u00a0\u00bb.vc_custom_1655278436857{background-position: center !important;background-repeat: no-repeat !important;background-size: cover !important;}\u00a0\u00bb el_class=\u00a0\u00bbdownloadpdf\u00a0\u00bb][vc_column css=\u00a0\u00bb.vc_custom_1655278397607{background-color: #ffffff !important;}\u00a0\u00bb][vc_empty_space][vc_column_text]<\/p>\n<h2><strong>Donn\u00e9es repr\u00e9sentatives du march\u00e9<\/strong><\/h2>\n<p><span style=\"font-weight: 400;\">Il est essentiel de comprendre les difficult\u00e9s, les limites et les avantages d&rsquo;un pays lorsque l&rsquo;on r\u00e9alise une \u00e9tude de march\u00e9. <\/span><\/p>\n<p><span style=\"font-weight: 400;\">Dans certains pays africains, comme le Burkina Faso, on a l&rsquo;impression que les r\u00e8gles changent constamment, ce qui oblige les consommateurs \u00e0 modifier leurs habitudes d&rsquo;achat et de consommation. Il est donc important que les personnes concern\u00e9es sachent comment mener une \u00e9tude de march\u00e9 de mani\u00e8re efficace.<\/span><\/p>\n<p><span style=\"font-weight: 400;\">C&rsquo;est essentiel pour savoir comment les habitudes d&rsquo;utilisation et d&rsquo;achat varient d&rsquo;un pays \u00e0 l&rsquo;autre et d&rsquo;un type de produit \u00e0 l&rsquo;autre, afin que vous puissiez prendre des d\u00e9cisions strat\u00e9giques en connaissance de cause.<\/span><\/p>\n<p><span style=\"font-weight: 400;\">Chez Sagaci Research, nous avons 4 outils pour aider votre entreprise \u00e0 faire le saut vers le succ\u00e8s, voir ci-dessous : <\/span>[\/vc_column_text][vc_empty_space][\/vc_column][\/vc_row][vc_row full_width=\u00a0\u00bbstretch_row\u00a0\u00bb css=\u00a0\u00bb.vc_custom_1655372755822{padding-top: 47px !important;padding-bottom: 60px !important;background-color: #ededa1 !important;}\u00a0\u00bb el_class=\u00a0\u00bbgradient\u00a0\u00bb][vc_column][vc_custom_heading stm_title_font_weight=\u00a0\u00bb400&Prime; text=\u00a0\u00bbM\u00e9thodes d&rsquo;\u00e9tude de march\u00e9 au Burkina Faso\u00a0\u00bb font_container=\u00a0\u00bbtag:h2|text_align:center\u00a0\u00bb use_theme_fonts=\u00a0\u00bbyes\u00a0\u00bb][vc_row_inner equal_height=\u00a0\u00bbyes\u00a0\u00bb content_placement=\u00a0\u00bbmiddle\u00a0\u00bb gap=\u00a0\u00bb20&Prime; el_class=\u00a0\u00bbsquare\u00a0\u00bb][vc_column_inner width=\u00a0\u00bb1\/2&Prime; css=\u00a0\u00bb.vc_custom_1620309789350{background-color: #ffffff !important;}\u00a0\u00bb][stm_info_box align_center=\u00a0\u00bbyes\u00a0\u00bb style=\u00a0\u00bbstyle_2&Prime; title=\u00a0\u00bbPanel en ligne\u00a0\u00bb css=\u00a0\u00bb.vc_custom_1655447379491{padding-top: 10px !important;padding-right: 50px !important;padding-bottom: 10px !important;padding-left: 50px !important;}\u00a0\u00bb]<span style=\"font-weight: 400;\">Avec un panel en ligne exclusif qui couvre 34 pays \u00e0 travers le continent, la suite de produits de Sagaci Research facilite la prise de d\u00e9cisions solides dans certains des march\u00e9s fronti\u00e8res les plus excitants du monde. <\/span><a href=\"https:\/\/sagaciresearch.com\/products\/online-panels\/\" target=\"_blank\" rel=\"noopener\"><br \/>\n<span style=\"font-weight: 400;\">Cliquez ici pour plus d&rsquo;informations<\/span><br \/>\n<\/a><span style=\"font-weight: 400;\">. <\/span> [\/stm_info_box][\/vc_column_inner][vc_column_inner width=\u00a0\u00bb1\/2&Prime; css=\u00a0\u00bb.vc_custom_1620309810456{background-color: #ffffff !important;}\u00a0\u00bb][stm_info_box align_center=\u00a0\u00bbyes\u00a0\u00bb style=\u00a0\u00bbstyle_2&Prime; title=\u00a0\u00bbSagaBrand\u00a0\u00bb css=\u00a0\u00bb.vc_custom_1655447428138{padding-top: 10px !important;padding-right: 50px !important;padding-bottom: 10px !important;padding-left: 50px !important;}\u00a0\u00bb]<span style=\"font-weight: 400;\">Permet le suivi de la marque au Burkina Faso sur une base mensuelle, trimestrielle ou semestrielle. <\/span><span style=\"font-weight: 400;\"> Quelle que soit la fr\u00e9quence choisie, assurez-vous de mener vos activit\u00e9s en fonction des r\u00e9sultats. <\/span><a href=\"https:\/\/sagaciresearch.com\/products\/sagabrand\/\" target=\"_blank\" rel=\"noopener\"><br \/>\n<span style=\"font-weight: 400;\">Pour en savoir plus sur les options disponibles, cliquez ici.<\/span><br \/>\n<\/a><span style=\"font-weight: 400;\">.<\/span>[\/stm_info_box][\/vc_column_inner][\/vc_row_inner][vc_row_inner equal_height=\u00a0\u00bbyes\u00a0\u00bb gap=\u00a0\u00bb20&Prime; el_class=\u00a0\u00bbsquare\u00a0\u00bb][vc_column_inner width=\u00a0\u00bb1\/2&Prime; css=\u00a0\u00bb.vc_custom_1620309927520{background-color: #ffffff !important;}\u00a0\u00bb][stm_info_box align_center=\u00a0\u00bbyes\u00a0\u00bb style=\u00a0\u00bbstyle_2&Prime; title=\u00a0\u00bbSagaCube\u00a0\u00bb css=\u00a0\u00bb.vc_custom_1655447398634{padding-top: 10px !important;padding-right: 50px !important;padding-bottom: 10px !important;padding-left: 50px !important;}\u00a0\u00bb]<span style=\"font-weight: 400;\">Pour les produits de grande consommation, SagaCube vous donne acc\u00e8s \u00e0 la p\u00e9n\u00e9tration (consommation ou utilisation), \u00e0 la fr\u00e9quence de consommation ou d&rsquo;utilisation, \u00e0 la fr\u00e9quence d&rsquo;achat et aux lieux d&rsquo;achat. <\/span><a href=\"https:\/\/sagaciresearch.com\/products\/sagacube\/\" target=\"_blank\" rel=\"noopener\"><span style=\"font-weight: 400;\">Acc\u00e9der ici. <\/span><\/a>[\/stm_info_box][\/vc_column_inner][vc_column_inner width=\u00a0\u00bb1\/2&Prime; css=\u00a0\u00bb.vc_custom_1620309998812{background-color: #ffffff !important;}\u00a0\u00bb][stm_info_box align_center=\u00a0\u00bbyes\u00a0\u00bb style=\u00a0\u00bbstyle_2&Prime; title=\u00a0\u00bbSagaTracker\u00a0\u00bb css=\u00a0\u00bb.vc_custom_1655447230427{padding-top: 10px !important;padding-right: 50px !important;padding-bottom: 10px !important;padding-left: 50px !important;}\u00a0\u00bb]<span style=\"font-weight: 400;\">Examinez en d\u00e9tail les indicateurs cl\u00e9s de performance de votre marque pour comprendre vos points forts et les domaines dans lesquels vous pouvez vous am\u00e9liorer. D\u00e9terminez les groupes d\u00e9mographiques pour lesquels votre marque est la plus performante en suivant les indicateurs de chaque groupe dans le temps et en les comparant les uns aux autres au cours d&rsquo;une p\u00e9riode donn\u00e9e. <\/span><a href=\"https:\/\/sagaciresearch.com\/products\/sagatracker\/\" target=\"_blank\" rel=\"noopener\"><br \/>\n<span style=\"font-weight: 400;\">Contactez nous ici<\/span><br \/>\n<\/a><span style=\"font-weight: 400;\">. <\/span> [\/stm_info_box][\/vc_column_inner][\/vc_row_inner][\/vc_column][\/vc_row][vc_row][vc_column][vc_empty_space height=\u00a0\u00bb60px\u00a0\u00bb][\/vc_column][\/vc_row][vc_row][vc_column][vc_custom_heading stm_title_font_weight=\u00a0\u00bb400&Prime; text=\u00a0\u00bbEn savoir plus les \u00e9tudes syndiqu\u00e9es au Burkina Faso\u00a0\u00bb font_container=\u00a0\u00bbtag:h3|text_align:center\u00a0\u00bb use_theme_fonts=\u00a0\u00bbyes\u00a0\u00bb][stm_news loop=\u00a0\u00bbsize:4|post_type:post|categories:-423&Prime; posts_per_row=\u00a0\u00bb4&Prime;][\/vc_column][\/vc_row][vc_row][vc_column][vc_column_text][\/vc_column_text][\/vc_column][\/vc_row]<\/p>\n","protected":false},"excerpt":{"rendered":"<p>[vc_row][vc_column width=\u00a0\u00bb1\/2&Prime; css=\u00a0\u00bb.vc_custom_1614249031381{padding-top: 30px !important;padding-right: 30px !important;padding-bottom: 30px !important;padding-left: 30px !important;}\u00a0\u00bb][vc_column_text] \u00c9tude de march\u00e9 au Burkina Faso La r\u00e9alisation d&rsquo;une \u00e9tude de march\u00e9 au Burkina Faso permettra \u00e0 notre marque d&rsquo;atteindre une nouvelle croissance commerciale. [\/vc_column_text][vc_btn title=\u00a0\u00bbNous contacter\u00a0\u00bb color=\u00a0\u00bborange\u00a0\u00bb link=\u00a0\u00bburl:%2Fcontact%2F%3Fshow%3Dcontact%26source%3DSagaBrand%2520Contact|title:Contact%20us\u00a0\u00bb][\/vc_column][vc_column width=\u00a0\u00bb1\/2&Prime; css=\u00a0\u00bb.vc_custom_1655804696288{padding-top: 20px !important;padding-right: 20px !important;padding-left: 20px !important;}\u00a0\u00bb][vc_single_image image=\u00a0\u00bb13852&Prime; img_size=\u00a0\u00bb400&#215;400&Prime; alignment=\u00a0\u00bbcenter\u00a0\u00bb css_animation=\u00a0\u00bbfadeIn\u00a0\u00bb][\/vc_column][\/vc_row][vc_row full_width=\u00a0\u00bbstretch_row\u00a0\u00bb css=\u00a0\u00bb.vc_custom_1655372764432{border-bottom-width: 20px<\/p>\n","protected":false},"author":6,"featured_media":0,"parent":16105,"menu_order":0,"comment_status":"closed","ping_status":"closed","template":"","meta":{"_acf_changed":false,"footnotes":""},"class_list":["post-17281","page","type-page","status-publish","hentry"],"acf":[],"yoast_head":"<!-- This site is optimized with the Yoast SEO plugin v27.2 - https:\/\/yoast.com\/product\/yoast-seo-wordpress\/ -->\n<title>Etude de march\u00e9 au Burkina Faso - Sagaci Research<\/title>\n<meta name=\"description\" content=\"Il est essentiel de comprendre les difficult\u00e9s et les avantages d&#039;un pays pour d\u00e9velopper une entreprise. D\u00e9couvrez pourquoi r\u00e9aliser une \u00e9tude de march\u00e9 au Burkina Faso.\" \/>\n<meta name=\"robots\" content=\"index, follow, max-snippet:-1, max-image-preview:large, max-video-preview:-1\" \/>\n<link rel=\"canonical\" href=\"https:\/\/sagaciresearch.com\/fr\/notre-presence\/etude-de-marche-au-burkina-faso\/\" \/>\n<meta property=\"og:locale\" content=\"fr_FR\" \/>\n<meta property=\"og:type\" content=\"article\" \/>\n<meta property=\"og:title\" content=\"Etude de march\u00e9 au Burkina Faso - Sagaci Research\" \/>\n<meta property=\"og:description\" content=\"Il est essentiel de comprendre les difficult\u00e9s et les avantages d&#039;un pays pour d\u00e9velopper une entreprise. D\u00e9couvrez pourquoi r\u00e9aliser une \u00e9tude de march\u00e9 au Burkina Faso.\" \/>\n<meta property=\"og:url\" content=\"https:\/\/sagaciresearch.com\/fr\/notre-presence\/etude-de-marche-au-burkina-faso\/\" \/>\n<meta property=\"og:site_name\" content=\"Sagaci Research\" \/>\n<meta property=\"article:modified_time\" content=\"2024-02-09T11:53:09+00:00\" \/>\n<meta name=\"twitter:card\" content=\"summary_large_image\" \/>\n<meta name=\"twitter:label1\" content=\"Dur\u00e9e de lecture estim\u00e9e\" \/>\n\t<meta name=\"twitter:data1\" content=\"4 minutes\" \/>\n<script type=\"application\/ld+json\" class=\"yoast-schema-graph\">{\"@context\":\"https:\/\/schema.org\",\"@graph\":[{\"@type\":\"WebPage\",\"@id\":\"https:\/\/sagaciresearch.com\/fr\/notre-presence\/etude-de-marche-au-burkina-faso\/\",\"url\":\"https:\/\/sagaciresearch.com\/fr\/notre-presence\/etude-de-marche-au-burkina-faso\/\",\"name\":\"Etude de march\u00e9 au Burkina Faso - Sagaci Research\",\"isPartOf\":{\"@id\":\"https:\/\/sagaciresearch.com\/#website\"},\"datePublished\":\"2022-06-21T09:37:35+00:00\",\"dateModified\":\"2024-02-09T11:53:09+00:00\",\"description\":\"Il est essentiel de comprendre les difficult\u00e9s et les avantages d'un pays pour d\u00e9velopper une entreprise. D\u00e9couvrez pourquoi r\u00e9aliser une \u00e9tude de march\u00e9 au Burkina Faso.\",\"breadcrumb\":{\"@id\":\"https:\/\/sagaciresearch.com\/fr\/notre-presence\/etude-de-marche-au-burkina-faso\/#breadcrumb\"},\"inLanguage\":\"fr-FR\",\"potentialAction\":[{\"@type\":\"ReadAction\",\"target\":[\"https:\/\/sagaciresearch.com\/fr\/notre-presence\/etude-de-marche-au-burkina-faso\/\"]}]},{\"@type\":\"BreadcrumbList\",\"@id\":\"https:\/\/sagaciresearch.com\/fr\/notre-presence\/etude-de-marche-au-burkina-faso\/#breadcrumb\",\"itemListElement\":[{\"@type\":\"ListItem\",\"position\":1,\"name\":\"Home\",\"item\":\"https:\/\/sagaciresearch.com\/fr\/\"},{\"@type\":\"ListItem\",\"position\":2,\"name\":\"Notre pr\u00e9sence\",\"item\":\"https:\/\/sagaciresearch.com\/fr\/notre-presence\/\"},{\"@type\":\"ListItem\",\"position\":3,\"name\":\"Etude de march\u00e9 au Burkina Faso\"}]},{\"@type\":\"WebSite\",\"@id\":\"https:\/\/sagaciresearch.com\/#website\",\"url\":\"https:\/\/sagaciresearch.com\/\",\"name\":\"Sagaci Research\",\"description\":\"We provide data and insights you can trust to fuel your growth\",\"publisher\":{\"@id\":\"https:\/\/sagaciresearch.com\/#organization\"},\"potentialAction\":[{\"@type\":\"SearchAction\",\"target\":{\"@type\":\"EntryPoint\",\"urlTemplate\":\"https:\/\/sagaciresearch.com\/?s={search_term_string}\"},\"query-input\":{\"@type\":\"PropertyValueSpecification\",\"valueRequired\":true,\"valueName\":\"search_term_string\"}}],\"inLanguage\":\"fr-FR\"},{\"@type\":\"Organization\",\"@id\":\"https:\/\/sagaciresearch.com\/#organization\",\"name\":\"Sagaci Research\",\"url\":\"https:\/\/sagaciresearch.com\/\",\"logo\":{\"@type\":\"ImageObject\",\"inLanguage\":\"fr-FR\",\"@id\":\"https:\/\/sagaciresearch.com\/#\/schema\/logo\/image\/\",\"url\":\"https:\/\/sagaciresearch.com\/wp-content\/uploads\/2019\/09\/SR2.jpg\",\"contentUrl\":\"https:\/\/sagaciresearch.com\/wp-content\/uploads\/2019\/09\/SR2.jpg\",\"width\":960,\"height\":960,\"caption\":\"Sagaci Research\"},\"image\":{\"@id\":\"https:\/\/sagaciresearch.com\/#\/schema\/logo\/image\/\"}}]}<\/script>\n<!-- \/ Yoast SEO plugin. -->","yoast_head_json":{"title":"Etude de march\u00e9 au Burkina Faso - Sagaci Research","description":"Il est essentiel de comprendre les difficult\u00e9s et les avantages d'un pays pour d\u00e9velopper une entreprise. D\u00e9couvrez pourquoi r\u00e9aliser une \u00e9tude de march\u00e9 au Burkina Faso.","robots":{"index":"index","follow":"follow","max-snippet":"max-snippet:-1","max-image-preview":"max-image-preview:large","max-video-preview":"max-video-preview:-1"},"canonical":"https:\/\/sagaciresearch.com\/fr\/notre-presence\/etude-de-marche-au-burkina-faso\/","og_locale":"fr_FR","og_type":"article","og_title":"Etude de march\u00e9 au Burkina Faso - Sagaci Research","og_description":"Il est essentiel de comprendre les difficult\u00e9s et les avantages d'un pays pour d\u00e9velopper une entreprise. D\u00e9couvrez pourquoi r\u00e9aliser une \u00e9tude de march\u00e9 au Burkina Faso.","og_url":"https:\/\/sagaciresearch.com\/fr\/notre-presence\/etude-de-marche-au-burkina-faso\/","og_site_name":"Sagaci Research","article_modified_time":"2024-02-09T11:53:09+00:00","twitter_card":"summary_large_image","twitter_misc":{"Dur\u00e9e de lecture estim\u00e9e":"4 minutes"},"schema":{"@context":"https:\/\/schema.org","@graph":[{"@type":"WebPage","@id":"https:\/\/sagaciresearch.com\/fr\/notre-presence\/etude-de-marche-au-burkina-faso\/","url":"https:\/\/sagaciresearch.com\/fr\/notre-presence\/etude-de-marche-au-burkina-faso\/","name":"Etude de march\u00e9 au Burkina Faso - Sagaci Research","isPartOf":{"@id":"https:\/\/sagaciresearch.com\/#website"},"datePublished":"2022-06-21T09:37:35+00:00","dateModified":"2024-02-09T11:53:09+00:00","description":"Il est essentiel de comprendre les difficult\u00e9s et les avantages d'un pays pour d\u00e9velopper une entreprise. D\u00e9couvrez pourquoi r\u00e9aliser une \u00e9tude de march\u00e9 au Burkina Faso.","breadcrumb":{"@id":"https:\/\/sagaciresearch.com\/fr\/notre-presence\/etude-de-marche-au-burkina-faso\/#breadcrumb"},"inLanguage":"fr-FR","potentialAction":[{"@type":"ReadAction","target":["https:\/\/sagaciresearch.com\/fr\/notre-presence\/etude-de-marche-au-burkina-faso\/"]}]},{"@type":"BreadcrumbList","@id":"https:\/\/sagaciresearch.com\/fr\/notre-presence\/etude-de-marche-au-burkina-faso\/#breadcrumb","itemListElement":[{"@type":"ListItem","position":1,"name":"Home","item":"https:\/\/sagaciresearch.com\/fr\/"},{"@type":"ListItem","position":2,"name":"Notre pr\u00e9sence","item":"https:\/\/sagaciresearch.com\/fr\/notre-presence\/"},{"@type":"ListItem","position":3,"name":"Etude de march\u00e9 au Burkina Faso"}]},{"@type":"WebSite","@id":"https:\/\/sagaciresearch.com\/#website","url":"https:\/\/sagaciresearch.com\/","name":"Sagaci Research","description":"We provide data and insights you can trust to fuel your growth","publisher":{"@id":"https:\/\/sagaciresearch.com\/#organization"},"potentialAction":[{"@type":"SearchAction","target":{"@type":"EntryPoint","urlTemplate":"https:\/\/sagaciresearch.com\/?s={search_term_string}"},"query-input":{"@type":"PropertyValueSpecification","valueRequired":true,"valueName":"search_term_string"}}],"inLanguage":"fr-FR"},{"@type":"Organization","@id":"https:\/\/sagaciresearch.com\/#organization","name":"Sagaci Research","url":"https:\/\/sagaciresearch.com\/","logo":{"@type":"ImageObject","inLanguage":"fr-FR","@id":"https:\/\/sagaciresearch.com\/#\/schema\/logo\/image\/","url":"https:\/\/sagaciresearch.com\/wp-content\/uploads\/2019\/09\/SR2.jpg","contentUrl":"https:\/\/sagaciresearch.com\/wp-content\/uploads\/2019\/09\/SR2.jpg","width":960,"height":960,"caption":"Sagaci Research"},"image":{"@id":"https:\/\/sagaciresearch.com\/#\/schema\/logo\/image\/"}}]}},"_links":{"self":[{"href":"https:\/\/sagaciresearch.com\/fr\/wp-json\/wp\/v2\/pages\/17281","targetHints":{"allow":["GET"]}}],"collection":[{"href":"https:\/\/sagaciresearch.com\/fr\/wp-json\/wp\/v2\/pages"}],"about":[{"href":"https:\/\/sagaciresearch.com\/fr\/wp-json\/wp\/v2\/types\/page"}],"author":[{"embeddable":true,"href":"https:\/\/sagaciresearch.com\/fr\/wp-json\/wp\/v2\/users\/6"}],"replies":[{"embeddable":true,"href":"https:\/\/sagaciresearch.com\/fr\/wp-json\/wp\/v2\/comments?post=17281"}],"version-history":[{"count":4,"href":"https:\/\/sagaciresearch.com\/fr\/wp-json\/wp\/v2\/pages\/17281\/revisions"}],"predecessor-version":[{"id":18537,"href":"https:\/\/sagaciresearch.com\/fr\/wp-json\/wp\/v2\/pages\/17281\/revisions\/18537"}],"up":[{"embeddable":true,"href":"https:\/\/sagaciresearch.com\/fr\/wp-json\/wp\/v2\/pages\/16105"}],"wp:attachment":[{"href":"https:\/\/sagaciresearch.com\/fr\/wp-json\/wp\/v2\/media?parent=17281"}],"curies":[{"name":"wp","href":"https:\/\/api.w.org\/{rel}","templated":true}]}}