{"id":17260,"date":"2022-06-21T11:37:52","date_gmt":"2022-06-21T09:37:52","guid":{"rendered":"https:\/\/sagaciresearch.com\/notre-presence\/etudes-de-marche-en-angola\/"},"modified":"2023-09-06T15:54:27","modified_gmt":"2023-09-06T13:54:27","slug":"etudes-de-marche-en-angola","status":"publish","type":"page","link":"https:\/\/sagaciresearch.com\/fr\/notre-presence\/etudes-de-marche-en-angola\/","title":{"rendered":"\u00c9tudes de march\u00e9 en Angola"},"content":{"rendered":"<p>[vc_row][vc_column width=\u00a0\u00bb1\/2&Prime; css=\u00a0\u00bb.vc_custom_1614249031381{padding-top: 30px !important;padding-right: 30px !important;padding-bottom: 30px !important;padding-left: 30px !important;}\u00a0\u00bb][vc_column_text]<\/p>\n<p><span style=\"font-weight: 400;\">L&rsquo;Angola est la troisi\u00e8me population la plus jeune du monde, avec un \u00e2ge m\u00e9dian d&rsquo;environ 16 ans. En outre, elle a le deuxi\u00e8me taux de f\u00e9condit\u00e9 le plus \u00e9lev\u00e9 au monde, avec une moyenne de 5,96 enfants par femme. Ces facteurs font de l&rsquo;Angola un lieu de choix pour p\u00e9n\u00e9trer v\u00e9ritablement un march\u00e9 jeune et dynamique, dot\u00e9 d&rsquo;un potentiel incroyable, \u00e0 mesure que le pays devient de plus en plus attrayant pour les investisseurs. <\/span>[\/vc_column_text][vc_btn title=\u00a0\u00bbNous contacter\u00a0\u00bb color=\u00a0\u00bborange\u00a0\u00bb link=\u00a0\u00bburl:%2Fcontact%2F%3Fshow%3Dcontact%26source%3DSagaBrand%2520Contact|title:Contact%20us\u00a0\u00bb el_class=\u00a0\u00bbmarketresearchbutton\u00a0\u00bb][\/vc_column][vc_column width=\u00a0\u00bb1\/2&Prime; css=\u00a0\u00bb.vc_custom_1655804674483{padding-top: 20px !important;padding-right: 20px !important;padding-left: 20px !important;}\u00a0\u00bb][vc_single_image image=\u00a0\u00bb13852&Prime; img_size=\u00a0\u00bb400&#215;400&Prime; alignment=\u00a0\u00bbcenter\u00a0\u00bb css_animation=\u00a0\u00bbfadeIn\u00a0\u00bb][\/vc_column][\/vc_row][vc_row full_width=\u00a0\u00bbstretch_row\u00a0\u00bb css=\u00a0\u00bb.vc_custom_1655372764432{border-bottom-width: 20px !important;padding-top: 20px !important;background-color: #ededa1 !important;}\u00a0\u00bb el_class=\u00a0\u00bbgradient\u00a0\u00bb][vc_column width=\u00a0\u00bb1\/2&Prime; css=\u00a0\u00bb.vc_custom_1614249031381{padding-top: 30px !important;padding-right: 30px !important;padding-bottom: 30px !important;padding-left: 30px !important;}\u00a0\u00bb][vc_single_image image=\u00a0\u00bb13926&Prime; img_size=\u00a0\u00bb400&#215;400&Prime; alignment=\u00a0\u00bbcenter\u00a0\u00bb style=\u00a0\u00bbvc_box_circle_2&Prime;][\/vc_column][vc_column width=\u00a0\u00bb1\/2&Prime;][vc_empty_space][vc_column_text]<\/p>\n<h2><strong>\u00c0 propos de l&rsquo;Angola<\/strong><\/h2>\n<p><span style=\"font-weight: 400;\">L&rsquo;Angola est situ\u00e9 en Afrique australe, avec une c\u00f4te de 1 600 km sur l&rsquo;oc\u00e9an Atlantique Sud. Il a des fronti\u00e8res communes avec la Namibie et la R\u00e9publique d\u00e9mocratique du Congo. La majorit\u00e9 de la population est r\u00e9partie dans la moiti\u00e9 ouest du pays, une grande partie vivant dans les zones urbaines, en particulier dans la capitale Luanda. Le portugais est la langue officielle. <\/span><\/p>\n<p><span style=\"font-weight: 400;\">La population du pays est d&rsquo;environ 35 millions d&rsquo;habitants, dont 48% ont moins de 14 ans. Elle a le deuxi\u00e8me taux de natalit\u00e9 le plus \u00e9lev\u00e9 au monde. <\/span>[\/vc_column_text][\/vc_column][\/vc_row][vc_row css=\u00a0\u00bb.vc_custom_1655278436857{background-position: center !important;background-repeat: no-repeat !important;background-size: cover !important;}\u00a0\u00bb el_class=\u00a0\u00bbdownloadpdf\u00a0\u00bb][vc_column css=\u00a0\u00bb.vc_custom_1655278397607{background-color: #ffffff !important;}\u00a0\u00bb][vc_empty_space][vc_column_text]<\/p>\n<h2><strong>Pourquoi r\u00e9aliser une \u00e9tude de march\u00e9 ?<\/strong><\/h2>\n<p><span style=\"font-weight: 400;\">L&rsquo;Angola est un pays extr\u00eamement riche en ressources, dont l&rsquo;\u00e9conomie repose essentiellement sur son secteur p\u00e9trolier. La production de p\u00e9trole et les activit\u00e9s connexes repr\u00e9sentent environ 50 % du PIB et 90 % des exportations. Par ailleurs, les services et l&rsquo;agriculture sont \u00e9galement des secteurs plus importants de l&rsquo;\u00e9conomie, repr\u00e9sentant respectivement environ 28 % et 10 % du PIB. <\/span><\/p>\n<p><span style=\"font-weight: 400;\">Les principaux produits agricoles sont le manioc, les bananes, le ma\u00efs, les patates douces et les ananas. Malgr\u00e9 une guerre civile qui dure depuis 27 ans, l&rsquo;industrie des services de l&rsquo;Angola, et notamment le tourisme, a connu un essor consid\u00e9rable au cours de la derni\u00e8re d\u00e9cennie.<\/span>[\/vc_column_text][vc_empty_space][\/vc_column][\/vc_row][vc_row full_width=\u00a0\u00bbstretch_row\u00a0\u00bb css=\u00a0\u00bb.vc_custom_1655301508070{background-image: url(https:\/\/sagaciresearch.com\/wp-content\/uploads\/2022\/06\/marketresearchangolalight.jpg?id=14003) !important;background-position: center !important;background-repeat: no-repeat !important;background-size: cover !important;}\u00a0\u00bb][vc_column][vc_empty_space height=\u00a0\u00bb400px\u00a0\u00bb][\/vc_column][\/vc_row][vc_row css=\u00a0\u00bb.vc_custom_1655278436857{background-position: center !important;background-repeat: no-repeat !important;background-size: cover !important;}\u00a0\u00bb el_class=\u00a0\u00bbdownloadpdf\u00a0\u00bb][vc_column css=\u00a0\u00bb.vc_custom_1655278397607{background-color: #ffffff !important;}\u00a0\u00bb][vc_empty_space][vc_column_text]<\/p>\n<h2><strong>Donn\u00e9es repr\u00e9sentatives du march\u00e9<\/strong><\/h2>\n<p><span style=\"font-weight: 400;\">La complexit\u00e9 du tissu social, la r\u00e9partition de la population et la composition socio-\u00e9conomique de l&rsquo;Angola en font un environnement difficile \u00e0 appr\u00e9hender. Il est donc essentiel de comprendre le pays et d&rsquo;avoir acc\u00e8s \u00e0 toutes les donn\u00e9es d\u00e9mographiques lors des recherches. Par cons\u00e9quent, pour que la prise de d\u00e9cision soit efficace, il faut produire des donn\u00e9es et des analyses de march\u00e9 fiables et repr\u00e9sentatives.<\/span><\/p>\n<p><span style=\"font-weight: 400;\">Vous pouvez nous confier votre \u00e9tude de march\u00e9 en Angola gr\u00e2ce \u00e0 notre connaissance approfondie du pays et \u00e0 notre application et m\u00e9thode de sondage exclusives. D\u00e9couvrez ci-dessous nos m\u00e9thodes d&rsquo;\u00e9tude de march\u00e9 en Angola, en 4 fa\u00e7ons dont nous pouvons vous aider \u00e0 prendre l&rsquo;avantage sur votre march\u00e9.<\/span>[\/vc_column_text][vc_empty_space][\/vc_column][\/vc_row][vc_row full_width=\u00a0\u00bbstretch_row\u00a0\u00bb css=\u00a0\u00bb.vc_custom_1655372755822{padding-top: 47px !important;padding-bottom: 60px !important;background-color: #ededa1 !important;}\u00a0\u00bb el_class=\u00a0\u00bbgradient\u00a0\u00bb][vc_column][vc_custom_heading stm_title_font_weight=\u00a0\u00bb400&Prime; text=\u00a0\u00bbM\u00e9thodes d&rsquo;\u00e9tude de march\u00e9 en Angola\u00a0\u00bb font_container=\u00a0\u00bbtag:h2|text_align:center\u00a0\u00bb use_theme_fonts=\u00a0\u00bbyes\u00a0\u00bb][vc_row_inner equal_height=\u00a0\u00bbyes\u00a0\u00bb content_placement=\u00a0\u00bbmiddle\u00a0\u00bb gap=\u00a0\u00bb20&Prime; el_class=\u00a0\u00bbsquare\u00a0\u00bb][vc_column_inner width=\u00a0\u00bb1\/2&Prime; css=\u00a0\u00bb.vc_custom_1620309789350{background-color: #ffffff !important;}\u00a0\u00bb][stm_info_box align_center=\u00a0\u00bbyes\u00a0\u00bb style=\u00a0\u00bbstyle_2&Prime; title=\u00a0\u00bbPanel en ligne\u00a0\u00bb css=\u00a0\u00bb.vc_custom_1655279572978{padding-top: 10px !important;padding-right: 50px !important;padding-bottom: 10px !important;padding-left: 50px !important;}\u00a0\u00bb]<span style=\"font-weight: 400;\">Acc\u00e9dez \u00e0 votre march\u00e9 cible et obtenez les informations dont vous avez besoin dans un d\u00e9lai tr\u00e8s court gr\u00e2ce \u00e0 nos repr\u00e9sentants mobiles. <\/span><a href=\"https:\/\/sagaciresearch.com\/online-panel-angola\/\" target=\"_blank\" rel=\"noopener\"><br \/>\n<span style=\"font-weight: 400;\">Cliquez ici pour plus d&rsquo;informations<\/span><br \/>\n<\/a><span style=\"font-weight: 400;\">. <\/span> [\/stm_info_box][\/vc_column_inner][vc_column_inner width=\u00a0\u00bb1\/2&Prime; css=\u00a0\u00bb.vc_custom_1620309810456{background-color: #ffffff !important;}\u00a0\u00bb][stm_info_box align_center=\u00a0\u00bbyes\u00a0\u00bb style=\u00a0\u00bbstyle_2&Prime; title=\u00a0\u00bbSagaBrand\u00a0\u00bb css=\u00a0\u00bb.vc_custom_1655279582146{padding-top: 10px !important;padding-right: 50px !important;padding-bottom: 10px !important;padding-left: 50px !important;}\u00a0\u00bb]<span style=\"font-weight: 400;\">Suivez les performances de votre marque et transformez des informations pr\u00e9cieuses en r\u00e9sultats. Nous fournissons des rapports mensuels, trimestriels ou semestriels. Choisissez l&rsquo;option qui convient le mieux \u00e0 votre entreprise et commencez \u00e0 surveiller la sant\u00e9 de votre marque. <\/span><a href=\"https:\/\/sagaciresearch.com\/products\/sagabrand\/\" target=\"_blank\" rel=\"noopener\"><br \/>\n<span style=\"font-weight: 400;\">D\u00e9couvrez les options qui s&rsquo;offrent \u00e0 vous ici<\/span><br \/>\n<\/a><span style=\"font-weight: 400;\">.<\/span>[\/stm_info_box][\/vc_column_inner][\/vc_row_inner][vc_row_inner equal_height=\u00a0\u00bbyes\u00a0\u00bb gap=\u00a0\u00bb20&Prime; el_class=\u00a0\u00bbsquare\u00a0\u00bb][vc_column_inner width=\u00a0\u00bb1\/2&Prime; css=\u00a0\u00bb.vc_custom_1620309927520{background-color: #ffffff !important;}\u00a0\u00bb][stm_info_box align_center=\u00a0\u00bbyes\u00a0\u00bb style=\u00a0\u00bbstyle_2&Prime; title=\u00a0\u00bbSagaCube\u00a0\u00bb css=\u00a0\u00bb.vc_custom_1655279551634{padding-top: 10px !important;padding-right: 50px !important;padding-bottom: 10px !important;padding-left: 50px !important;}\u00a0\u00bb]<span style=\"font-weight: 400;\">Acc\u00e9dez \u00e0 un rapport unique et approfondi sur les habitudes de consommation de vos consommateurs cibles. Choisissez parmi une liste de plus de 140 \u00e9l\u00e9ments dans le pays qui vous int\u00e9resse et t\u00e9l\u00e9chargez votre rapport d\u00e8s aujourd&rsquo;hui ! <\/span><a href=\"https:\/\/sagaciresearch.com\/products\/sagacube\/\" target=\"_blank\" rel=\"noopener\"><span style=\"font-weight: 400;\">Acc\u00e9der ici. <\/span><\/a>[\/stm_info_box][\/vc_column_inner][vc_column_inner width=\u00a0\u00bb1\/2&Prime; css=\u00a0\u00bb.vc_custom_1620309998812{background-color: #ffffff !important;}\u00a0\u00bb][stm_info_box align_center=\u00a0\u00bbyes\u00a0\u00bb style=\u00a0\u00bbstyle_2&Prime; title=\u00a0\u00bbSagaTracker\u00a0\u00bb css=\u00a0\u00bb.vc_custom_1655279542045{padding-top: 10px !important;padding-right: 50px !important;padding-bottom: 10px !important;padding-left: 50px !important;}\u00a0\u00bb]<span style=\"font-weight: 400;\">Obtenez des informations cl\u00e9s sur les canaux de distribution les plus efficaces pour vos produits. Acc\u00e9dez \u00e0 des mesures directes en fonction de vos besoins. <\/span><a href=\"https:\/\/sagaciresearch.com\/products\/sagatracker\/\" target=\"_blank\" rel=\"noopener\"><br \/>\n<span style=\"font-weight: 400;\">Contactez nous ici<\/span><br \/>\n<\/a><span style=\"font-weight: 400;\">. <\/span> [\/stm_info_box][\/vc_column_inner][\/vc_row_inner][\/vc_column][\/vc_row][vc_row][vc_column][vc_empty_space height=\u00a0\u00bb60px\u00a0\u00bb][\/vc_column][\/vc_row][vc_row][vc_column][vc_custom_heading stm_title_font_weight=\u00a0\u00bb400&Prime; text=\u00a0\u00bbEn savoir plus sur les \u00e9tudes syndiqu\u00e9es en Angola\u00a0\u00bb font_container=\u00a0\u00bbtag:h3|text_align:center\u00a0\u00bb use_theme_fonts=\u00a0\u00bbyes\u00a0\u00bb][stm_news loop=\u00a0\u00bbsize:4|post_type:post|categories:98&Prime; posts_per_row=\u00a0\u00bb4&Prime;][\/vc_column][\/vc_row][vc_row][vc_column][vc_column_text][\/vc_column_text][\/vc_column][\/vc_row][vc_row][vc_column][vc_column_text]<\/p>\n<div id=\"gtx-trans\" style=\"position: absolute; left: 86px; top: 2882.58px;\">\n<div class=\"gtx-trans-icon\"><\/div>\n<\/div>\n<p>[\/vc_column_text][\/vc_column][\/vc_row]<\/p>\n","protected":false},"excerpt":{"rendered":"<p>[vc_row][vc_column width=\u00a0\u00bb1\/2&Prime; css=\u00a0\u00bb.vc_custom_1614249031381{padding-top: 30px !important;padding-right: 30px !important;padding-bottom: 30px !important;padding-left: 30px !important;}\u00a0\u00bb][vc_column_text] L&rsquo;Angola est la troisi\u00e8me population la plus jeune du monde, avec un \u00e2ge m\u00e9dian d&rsquo;environ 16 ans. En outre, elle a le deuxi\u00e8me taux de f\u00e9condit\u00e9 le plus \u00e9lev\u00e9 au monde, avec une moyenne de 5,96 enfants par femme. Ces facteurs font de l&rsquo;Angola<\/p>\n","protected":false},"author":6,"featured_media":0,"parent":16105,"menu_order":0,"comment_status":"closed","ping_status":"closed","template":"","meta":{"_acf_changed":false,"footnotes":""},"class_list":["post-17260","page","type-page","status-publish","hentry"],"acf":[],"yoast_head":"<!-- This site is optimized with the Yoast SEO plugin v27.4 - https:\/\/yoast.com\/product\/yoast-seo-wordpress\/ -->\n<title>\u00c9tudes de march\u00e9 en Angola - Sagaci Research<\/title>\n<meta name=\"description\" content=\"Avec Sagaci Research, vous aurez les cl\u00e9s pour comprendre la d\u00e9mographie lors de votre \u00e9tude de march\u00e9 en Angola.\" \/>\n<meta name=\"robots\" content=\"index, follow, max-snippet:-1, max-image-preview:large, max-video-preview:-1\" \/>\n<link rel=\"canonical\" href=\"https:\/\/sagaciresearch.com\/fr\/notre-presence\/etudes-de-marche-en-angola\/\" \/>\n<meta property=\"og:locale\" content=\"fr_FR\" \/>\n<meta property=\"og:type\" content=\"article\" \/>\n<meta property=\"og:title\" content=\"\u00c9tudes de march\u00e9 en Angola - Sagaci Research\" \/>\n<meta property=\"og:description\" content=\"Avec Sagaci Research, vous aurez les cl\u00e9s pour comprendre la d\u00e9mographie lors de votre \u00e9tude de march\u00e9 en Angola.\" \/>\n<meta property=\"og:url\" content=\"https:\/\/sagaciresearch.com\/fr\/notre-presence\/etudes-de-marche-en-angola\/\" \/>\n<meta property=\"og:site_name\" content=\"Sagaci Research\" \/>\n<meta property=\"article:modified_time\" content=\"2023-09-06T13:54:27+00:00\" \/>\n<meta name=\"twitter:card\" content=\"summary_large_image\" \/>\n<meta name=\"twitter:label1\" content=\"Dur\u00e9e de lecture estim\u00e9e\" \/>\n\t<meta name=\"twitter:data1\" content=\"4 minutes\" \/>\n<script type=\"application\/ld+json\" class=\"yoast-schema-graph\">{\"@context\":\"https:\\\/\\\/schema.org\",\"@graph\":[{\"@type\":\"WebPage\",\"@id\":\"https:\\\/\\\/sagaciresearch.com\\\/fr\\\/notre-presence\\\/etudes-de-marche-en-angola\\\/\",\"url\":\"https:\\\/\\\/sagaciresearch.com\\\/fr\\\/notre-presence\\\/etudes-de-marche-en-angola\\\/\",\"name\":\"\u00c9tudes de march\u00e9 en Angola - Sagaci Research\",\"isPartOf\":{\"@id\":\"https:\\\/\\\/sagaciresearch.com\\\/#website\"},\"datePublished\":\"2022-06-21T09:37:52+00:00\",\"dateModified\":\"2023-09-06T13:54:27+00:00\",\"description\":\"Avec Sagaci Research, vous aurez les cl\u00e9s pour comprendre la d\u00e9mographie lors de votre \u00e9tude de march\u00e9 en Angola.\",\"breadcrumb\":{\"@id\":\"https:\\\/\\\/sagaciresearch.com\\\/fr\\\/notre-presence\\\/etudes-de-marche-en-angola\\\/#breadcrumb\"},\"inLanguage\":\"fr-FR\",\"potentialAction\":[{\"@type\":\"ReadAction\",\"target\":[\"https:\\\/\\\/sagaciresearch.com\\\/fr\\\/notre-presence\\\/etudes-de-marche-en-angola\\\/\"]}]},{\"@type\":\"BreadcrumbList\",\"@id\":\"https:\\\/\\\/sagaciresearch.com\\\/fr\\\/notre-presence\\\/etudes-de-marche-en-angola\\\/#breadcrumb\",\"itemListElement\":[{\"@type\":\"ListItem\",\"position\":1,\"name\":\"Home\",\"item\":\"https:\\\/\\\/sagaciresearch.com\\\/fr\\\/\"},{\"@type\":\"ListItem\",\"position\":2,\"name\":\"Notre pr\u00e9sence\",\"item\":\"https:\\\/\\\/sagaciresearch.com\\\/fr\\\/notre-presence\\\/\"},{\"@type\":\"ListItem\",\"position\":3,\"name\":\"\u00c9tudes de march\u00e9 en Angola\"}]},{\"@type\":\"WebSite\",\"@id\":\"https:\\\/\\\/sagaciresearch.com\\\/#website\",\"url\":\"https:\\\/\\\/sagaciresearch.com\\\/\",\"name\":\"Sagaci Research\",\"description\":\"We provide data and insights you can trust to fuel your growth\",\"publisher\":{\"@id\":\"https:\\\/\\\/sagaciresearch.com\\\/#organization\"},\"potentialAction\":[{\"@type\":\"SearchAction\",\"target\":{\"@type\":\"EntryPoint\",\"urlTemplate\":\"https:\\\/\\\/sagaciresearch.com\\\/?s={search_term_string}\"},\"query-input\":{\"@type\":\"PropertyValueSpecification\",\"valueRequired\":true,\"valueName\":\"search_term_string\"}}],\"inLanguage\":\"fr-FR\"},{\"@type\":\"Organization\",\"@id\":\"https:\\\/\\\/sagaciresearch.com\\\/#organization\",\"name\":\"Sagaci Research\",\"url\":\"https:\\\/\\\/sagaciresearch.com\\\/\",\"logo\":{\"@type\":\"ImageObject\",\"inLanguage\":\"fr-FR\",\"@id\":\"https:\\\/\\\/sagaciresearch.com\\\/#\\\/schema\\\/logo\\\/image\\\/\",\"url\":\"https:\\\/\\\/sagaciresearch.com\\\/wp-content\\\/uploads\\\/2019\\\/09\\\/SR2.jpg\",\"contentUrl\":\"https:\\\/\\\/sagaciresearch.com\\\/wp-content\\\/uploads\\\/2019\\\/09\\\/SR2.jpg\",\"width\":960,\"height\":960,\"caption\":\"Sagaci Research\"},\"image\":{\"@id\":\"https:\\\/\\\/sagaciresearch.com\\\/#\\\/schema\\\/logo\\\/image\\\/\"}}]}<\/script>\n<!-- \/ Yoast SEO plugin. -->","yoast_head_json":{"title":"\u00c9tudes de march\u00e9 en Angola - Sagaci Research","description":"Avec Sagaci Research, vous aurez les cl\u00e9s pour comprendre la d\u00e9mographie lors de votre \u00e9tude de march\u00e9 en Angola.","robots":{"index":"index","follow":"follow","max-snippet":"max-snippet:-1","max-image-preview":"max-image-preview:large","max-video-preview":"max-video-preview:-1"},"canonical":"https:\/\/sagaciresearch.com\/fr\/notre-presence\/etudes-de-marche-en-angola\/","og_locale":"fr_FR","og_type":"article","og_title":"\u00c9tudes de march\u00e9 en Angola - Sagaci Research","og_description":"Avec Sagaci Research, vous aurez les cl\u00e9s pour comprendre la d\u00e9mographie lors de votre \u00e9tude de march\u00e9 en Angola.","og_url":"https:\/\/sagaciresearch.com\/fr\/notre-presence\/etudes-de-marche-en-angola\/","og_site_name":"Sagaci Research","article_modified_time":"2023-09-06T13:54:27+00:00","twitter_card":"summary_large_image","twitter_misc":{"Dur\u00e9e de lecture estim\u00e9e":"4 minutes"},"schema":{"@context":"https:\/\/schema.org","@graph":[{"@type":"WebPage","@id":"https:\/\/sagaciresearch.com\/fr\/notre-presence\/etudes-de-marche-en-angola\/","url":"https:\/\/sagaciresearch.com\/fr\/notre-presence\/etudes-de-marche-en-angola\/","name":"\u00c9tudes de march\u00e9 en Angola - Sagaci Research","isPartOf":{"@id":"https:\/\/sagaciresearch.com\/#website"},"datePublished":"2022-06-21T09:37:52+00:00","dateModified":"2023-09-06T13:54:27+00:00","description":"Avec Sagaci Research, vous aurez les cl\u00e9s pour comprendre la d\u00e9mographie lors de votre \u00e9tude de march\u00e9 en Angola.","breadcrumb":{"@id":"https:\/\/sagaciresearch.com\/fr\/notre-presence\/etudes-de-marche-en-angola\/#breadcrumb"},"inLanguage":"fr-FR","potentialAction":[{"@type":"ReadAction","target":["https:\/\/sagaciresearch.com\/fr\/notre-presence\/etudes-de-marche-en-angola\/"]}]},{"@type":"BreadcrumbList","@id":"https:\/\/sagaciresearch.com\/fr\/notre-presence\/etudes-de-marche-en-angola\/#breadcrumb","itemListElement":[{"@type":"ListItem","position":1,"name":"Home","item":"https:\/\/sagaciresearch.com\/fr\/"},{"@type":"ListItem","position":2,"name":"Notre pr\u00e9sence","item":"https:\/\/sagaciresearch.com\/fr\/notre-presence\/"},{"@type":"ListItem","position":3,"name":"\u00c9tudes de march\u00e9 en Angola"}]},{"@type":"WebSite","@id":"https:\/\/sagaciresearch.com\/#website","url":"https:\/\/sagaciresearch.com\/","name":"Sagaci Research","description":"We provide data and insights you can trust to fuel your growth","publisher":{"@id":"https:\/\/sagaciresearch.com\/#organization"},"potentialAction":[{"@type":"SearchAction","target":{"@type":"EntryPoint","urlTemplate":"https:\/\/sagaciresearch.com\/?s={search_term_string}"},"query-input":{"@type":"PropertyValueSpecification","valueRequired":true,"valueName":"search_term_string"}}],"inLanguage":"fr-FR"},{"@type":"Organization","@id":"https:\/\/sagaciresearch.com\/#organization","name":"Sagaci Research","url":"https:\/\/sagaciresearch.com\/","logo":{"@type":"ImageObject","inLanguage":"fr-FR","@id":"https:\/\/sagaciresearch.com\/#\/schema\/logo\/image\/","url":"https:\/\/sagaciresearch.com\/wp-content\/uploads\/2019\/09\/SR2.jpg","contentUrl":"https:\/\/sagaciresearch.com\/wp-content\/uploads\/2019\/09\/SR2.jpg","width":960,"height":960,"caption":"Sagaci Research"},"image":{"@id":"https:\/\/sagaciresearch.com\/#\/schema\/logo\/image\/"}}]}},"_links":{"self":[{"href":"https:\/\/sagaciresearch.com\/fr\/wp-json\/wp\/v2\/pages\/17260","targetHints":{"allow":["GET"]}}],"collection":[{"href":"https:\/\/sagaciresearch.com\/fr\/wp-json\/wp\/v2\/pages"}],"about":[{"href":"https:\/\/sagaciresearch.com\/fr\/wp-json\/wp\/v2\/types\/page"}],"author":[{"embeddable":true,"href":"https:\/\/sagaciresearch.com\/fr\/wp-json\/wp\/v2\/users\/6"}],"replies":[{"embeddable":true,"href":"https:\/\/sagaciresearch.com\/fr\/wp-json\/wp\/v2\/comments?post=17260"}],"version-history":[{"count":3,"href":"https:\/\/sagaciresearch.com\/fr\/wp-json\/wp\/v2\/pages\/17260\/revisions"}],"predecessor-version":[{"id":17274,"href":"https:\/\/sagaciresearch.com\/fr\/wp-json\/wp\/v2\/pages\/17260\/revisions\/17274"}],"up":[{"embeddable":true,"href":"https:\/\/sagaciresearch.com\/fr\/wp-json\/wp\/v2\/pages\/16105"}],"wp:attachment":[{"href":"https:\/\/sagaciresearch.com\/fr\/wp-json\/wp\/v2\/media?parent=17260"}],"curies":[{"name":"wp","href":"https:\/\/api.w.org\/{rel}","templated":true}]}}