{"id":17161,"date":"2022-02-10T07:18:20","date_gmt":"2022-02-10T06:18:20","guid":{"rendered":"https:\/\/sagaciresearch.com\/panel-representatif-en-ligne-au-benin\/"},"modified":"2023-09-08T17:09:20","modified_gmt":"2023-09-08T15:09:20","slug":"panel-representatif-en-ligne-au-benin","status":"publish","type":"page","link":"https:\/\/sagaciresearch.com\/fr\/panel-representatif-en-ligne-au-benin\/","title":{"rendered":"Panel repr\u00e9sentatif en ligne au B\u00e9nin"},"content":{"rendered":"<p>[vc_row css=\u00a0\u00bb.vc_custom_1639655133450{margin-bottom: 50px !important;}\u00a0\u00bb][vc_column width=\u00a0\u00bb2\/3&Prime;][vc_column_text]Notre panel en ligne au B\u00e9nin se base sur les t\u00e9l\u00e9phones mobiles afin de garantir une port\u00e9e \u00e9tendue et des d\u00e9lais d&rsquo;ex\u00e9cution rapides. Cela signifie qu&rsquo;en quelques heures, vous aurez des milliers de r\u00e9pondants dans un panel en ligne tr\u00e8s engag\u00e9, et des r\u00e9ponses d\u00e9taill\u00e9es \u00e0 vos questions &#8211; avec des r\u00e9sultats disponibles en quelques jours.[\/vc_column_text][vc_btn title=\u00a0\u00bbContactez-nous\u00a0\u00bb color=\u00a0\u00bbviolet\u00a0\u00bb][\/vc_column][vc_column width=\u00a0\u00bb1\/3&Prime;][vc_single_image image=\u00a0\u00bb13121&Prime; img_size=\u00a0\u00bbmedium\u00a0\u00bb][\/vc_column][\/vc_row][vc_row full_width=\u00a0\u00bbstretch_row\u00a0\u00bb css=\u00a0\u00bb.vc_custom_1643194041373{margin-top: 50px !important;margin-bottom: 50px !important;padding-top: 20px !important;background-color: #a28bc9 !important;}\u00a0\u00bb el_class=\u00a0\u00bbgradient\u00a0\u00bb][vc_column width=\u00a0\u00bb1\/2&Prime;][vc_single_image image=\u00a0\u00bb13024&Prime; img_size=\u00a0\u00bbfull\u00a0\u00bb][\/vc_column][vc_column width=\u00a0\u00bb1\/2&Prime;][vc_column_text]<\/p>\n<h3><strong><span style=\"color: #000000;\">Panel en ligne au B\u00e9nin avec une qualit\u00e9 robuste<\/span><\/strong><\/h3>\n<p><span style=\"font-weight: 400;\">Notre \u00e9chantillon repr\u00e9sentatif en ligne au B\u00e9nin peut aider les entreprises \u00e0 comprendre la consommation locale et les habitudes d&rsquo;achat. Lors de la premi\u00e8re inscription, nos membres nous communiquent leur profil d\u00e9mographique d\u00e9taill\u00e9 ainsi que des informations sur la consommation et leur m\u00e9nage. <\/span><\/p>\n<p><span style=\"font-weight: 400;\">Cela nous donne une vision compl\u00e8te des consommateurs locaux et nous permet de les cibler sur la base de crit\u00e8res sp\u00e9cifiques tels que la localisation (r\u00e9gions, villes, &#8230;), les cat\u00e9gories de produits de grande consommation consomm\u00e9es, les appareils poss\u00e9d\u00e9s, les professions, etc. Si vous essayez de cibler des consommateurs \u00e0 Cotonou, Porto Novo ou Parakou, nous pouvons vous aider. Vous souhaitez avoir une vision claire de la consommation de yaourt au B\u00e9nin ? Nous avons la r\u00e9ponse !<\/span>[\/vc_column_text][\/vc_column][\/vc_row][vc_row css=\u00a0\u00bb.vc_custom_1634284780247{margin-top: 50px !important;margin-bottom: 50px !important;}\u00a0\u00bb][vc_column][vc_column_text]<\/p>\n<h3><strong><span style=\"color: #000000;\">Un exemple des capacit\u00e9s de notre panel de consommateurs au B\u00e9nin<\/span><\/strong><\/h3>\n<p><span style=\"font-weight: 400;\">On constate que la tranche d&rsquo;\u00e2ge des 26-35 ans est la plus grande consommatrice de yaourts (55 %), tandis que les 45-56 ans en consomment moins que toutes les autres tranches d&rsquo;\u00e2ge (37 %). La consommation de yaourt est \u00e9galement plus urbaine (47 % des pan\u00e9listes urbains en consomment contre 34 % pour les ruraux). Nous suivons \u00e9galement la fr\u00e9quence et le lieu d&rsquo;achat et nous pouvons vous dire que les yaourts au B\u00e9nin sont le plus souvent achet\u00e9s dans les supermarch\u00e9s (27%), suivis par les kiosques (22%). <\/span><\/p>\n<p><span style=\"font-weight: 400;\">Vous avez besoin de suivre la p\u00e9n\u00e9tration et l&rsquo;utilisation de votre cat\u00e9gorie ? Regardez <\/span><a href=\"https:\/\/sagaciresearch.com\/products\/sagacube\/\"><span style=\"font-weight: 400;\">ici<\/span><\/a><span style=\"font-weight: 400;\"> pour plus d&rsquo;informations sur comment proc\u00e9der !<\/span>[\/vc_column_text][\/vc_column][\/vc_row][vc_row css=\u00a0\u00bb.vc_custom_1641544413635{margin-top: 50px !important;}\u00a0\u00bb][vc_column][vc_custom_heading stm_title_font_weight=\u00a0\u00bb700&Prime; text=\u00a0\u00bbLes d\u00e9mographies du panel au B\u00e9nin\u00a0\u00bb font_container=\u00a0\u00bbtag:h3|text_align:center\u00a0\u00bb use_theme_fonts=\u00a0\u00bbyes\u00a0\u00bb][\/vc_column][\/vc_row][vc_row content_placement=\u00a0\u00bbtop\u00a0\u00bb css=\u00a0\u00bb.vc_custom_1643283818930{margin-top: 30px !important;margin-bottom: 30px !important;padding-bottom: 20px !important;background-color: #f2f2f2 !important;}\u00a0\u00bb][vc_column width=\u00a0\u00bb1\/4&Prime;][vc_column_text]<\/p>\n<h4 style=\"text-align: center;\">Population du pays<\/h4>\n<p style=\"text-align: center;\">12 millions<\/p>\n<p>[\/vc_column_text][\/vc_column][vc_column width=\u00a0\u00bb1\/4&Prime;][vc_column_text]<\/p>\n<h4 style=\"text-align: center;\">Urbain<\/h4>\n<p style=\"text-align: center;\">85 %<\/p>\n<p>[\/vc_column_text][\/vc_column][vc_column width=\u00a0\u00bb1\/4&Prime;][vc_column_text]<\/p>\n<h4 style=\"text-align: center;\">Rural<\/h4>\n<p style=\"text-align: center;\">15 %<\/p>\n<p>[\/vc_column_text][\/vc_column][vc_column width=\u00a0\u00bb1\/4&Prime;][vc_column_text]<\/p>\n<h4 style=\"text-align: center;\">P\u00e9n\u00e9tration des smartphones<\/h4>\n<p style=\"text-align: center;\">~ 30%<\/p>\n<p>[\/vc_column_text][\/vc_column][\/vc_row][vc_row content_placement=\u00a0\u00bbtop\u00a0\u00bb css=\u00a0\u00bb.vc_custom_1643283832268{margin-top: 40px !important;margin-bottom: 50px !important;}\u00a0\u00bb][vc_column width=\u00a0\u00bb1\/3&Prime;][vc_progress_bar values=\u00a0\u00bb%5B%7B%22label%22%3A%2218%20%C3%80%20%2025%22%2C%22value%22%3A%2264%22%7D%2C%7B%22label%22%3A%2226%20%C3%80%20%2035%22%2C%22value%22%3A%2221%22%7D%2C%7B%22label%22%3A%2236%20%C3%80%20%2045%22%2C%22value%22%3A%225%22%7D%2C%7B%22label%22%3A%2246%20%C3%80%20%2055%22%2C%22value%22%3A%221%22%7D%2C%7B%22label%22%3A%22PLUS%2050%22%2C%22value%22%3A%221%22%7D%5D\u00a0\u00bb bgcolor=\u00a0\u00bbviolet\u00a0\u00bb title=\u00a0\u00bbPar groupes d&rsquo;\u00e2ge\u00a0\u00bb units=\u00a0\u00bb%\u00a0\u00bb][\/vc_column][vc_column width=\u00a0\u00bb1\/3&Prime;][vc_progress_bar values=\u00a0\u00bb%5B%7B%22label%22%3A%22HOMME%22%2C%22value%22%3A%2281%22%7D%2C%7B%22label%22%3A%22FEMME%22%2C%22value%22%3A%2218%22%7D%5D\u00a0\u00bb bgcolor=\u00a0\u00bbviolet\u00a0\u00bb title=\u00a0\u00bbPar sexe\u00a0\u00bb units=\u00a0\u00bb%\u00a0\u00bb][\/vc_column][vc_column width=\u00a0\u00bb1\/3&Prime;][vc_progress_bar values=\u00a0\u00bb%5B%7B%22label%22%3A%22A%22%2C%22value%22%3A%229%22%7D%2C%7B%22label%22%3A%22B%22%2C%22value%22%3A%229%22%7D%2C%7B%22label%22%3A%22C1%22%2C%22value%22%3A%2213%22%7D%2C%7B%22label%22%3A%22C2%22%2C%22value%22%3A%2211%22%7D%2C%7B%22label%22%3A%22D%22%2C%22value%22%3A%2233%22%7D%2C%7B%22label%22%3A%22E%22%2C%22value%22%3A%2222%22%7D%2C%7B%22label%22%3A%22N%2FA%22%2C%22value%22%3A%223%22%7D%5D\u00a0\u00bb bgcolor=\u00a0\u00bbviolet\u00a0\u00bb title=\u00a0\u00bbPar classification socio-\u00e9conomique\u00a0\u00bb units=\u00a0\u00bb%\u00a0\u00bb][\/vc_column][\/vc_row][vc_row full_width=\u00a0\u00bbstretch_row\u00a0\u00bb css=\u00a0\u00bb.vc_custom_1625241107934{background-color: #a28bc9 !important;background-position: 0 0 !important;background-repeat: no-repeat !important;}\u00a0\u00bb el_class=\u00a0\u00bbgradient\u00a0\u00bb][vc_column width=\u00a0\u00bb1\/2&Prime; css=\u00a0\u00bb.vc_custom_1614761329840{padding-top: 50px !important;padding-bottom: 50px !important;}\u00a0\u00bb][vc_column_text]<\/p>\n<h2><strong><span style=\"color: #ffffff;\">Contactez notre \u00e9quipe d\u00e8s maintenant pour demander la faisabilit\u00e9 et les co\u00fbts.<\/span><\/strong><\/h2>\n<p>[\/vc_column_text][vc_btn title=\u00a0\u00bbEnvoyez-nous votre demande\u00a0\u00bb color=\u00a0\u00bbwhite\u00a0\u00bb i_icon_fontawesome=\u00a0\u00bbfas fa-envelope\u00a0\u00bb add_icon=\u00a0\u00bbtrue\u00a0\u00bb link=\u00a0\u00bburl:%2Fcontact%2F%3Fshow%3Dmeeting%26source%3DOnlinePanels%2520Book%2520a%2520Meeting|title:Book%20a%20meeting\u00a0\u00bb][\/vc_column][vc_column width=\u00a0\u00bb1\/2&Prime;][vc_single_image image=\u00a0\u00bb8022&Prime; img_size=\u00a0\u00bbfull\u00a0\u00bb][\/vc_column][\/vc_row][vc_row][vc_column][vc_empty_space height=\u00a0\u00bb50px\u00a0\u00bb][\/vc_column][\/vc_row][vc_row][vc_column][vc_custom_heading stm_title_font_weight=\u00a0\u00bb400&Prime; text=\u00a0\u00bbNos informations sur les panels en ligne au B\u00e9nin\u00a0\u00bb font_container=\u00a0\u00bbtag:h2|text_align:center\u00a0\u00bb use_theme_fonts=\u00a0\u00bbyes\u00a0\u00bb][stm_news posts_per_row=\u00a0\u00bb4&Prime;][\/vc_column][\/vc_row]<\/p>\n","protected":false},"excerpt":{"rendered":"<p>[vc_row css=\u00a0\u00bb.vc_custom_1639655133450{margin-bottom: 50px !important;}\u00a0\u00bb][vc_column width=\u00a0\u00bb2\/3&Prime;][vc_column_text]Notre panel en ligne au B\u00e9nin se base sur les t\u00e9l\u00e9phones mobiles afin de garantir une port\u00e9e \u00e9tendue et des d\u00e9lais d&rsquo;ex\u00e9cution rapides. Cela signifie qu&rsquo;en quelques heures, vous aurez des milliers de r\u00e9pondants dans un panel en ligne tr\u00e8s engag\u00e9, et des r\u00e9ponses d\u00e9taill\u00e9es \u00e0 vos questions &#8211; avec des<\/p>\n","protected":false},"author":6,"featured_media":0,"parent":0,"menu_order":0,"comment_status":"closed","ping_status":"closed","template":"","meta":{"_acf_changed":false,"footnotes":""},"class_list":["post-17161","page","type-page","status-publish","hentry"],"acf":[],"yoast_head":"<!-- This site is optimized with the Yoast SEO plugin v27.2 - https:\/\/yoast.com\/product\/yoast-seo-wordpress\/ -->\n<title>Panel repr\u00e9sentatif en ligne au B\u00e9nin - Sagaci Research<\/title>\n<meta name=\"description\" content=\"Les membres de notre panel en ligne au B\u00e9nin partagent avec nous leur profil d\u00e9mographique d\u00e9taill\u00e9 ainsi que des informations sur la consommation et leurs m\u00e9nages.\" \/>\n<meta name=\"robots\" content=\"index, follow, max-snippet:-1, max-image-preview:large, max-video-preview:-1\" \/>\n<link rel=\"canonical\" href=\"https:\/\/sagaciresearch.com\/fr\/panel-representatif-en-ligne-au-benin\/\" \/>\n<meta property=\"og:locale\" content=\"fr_FR\" \/>\n<meta property=\"og:type\" content=\"article\" \/>\n<meta property=\"og:title\" content=\"Panel repr\u00e9sentatif en ligne au B\u00e9nin - Sagaci Research\" \/>\n<meta property=\"og:description\" content=\"Les membres de notre panel en ligne au B\u00e9nin partagent avec nous leur profil d\u00e9mographique d\u00e9taill\u00e9 ainsi que des informations sur la consommation et leurs m\u00e9nages.\" \/>\n<meta property=\"og:url\" content=\"https:\/\/sagaciresearch.com\/fr\/panel-representatif-en-ligne-au-benin\/\" \/>\n<meta property=\"og:site_name\" content=\"Sagaci Research\" \/>\n<meta property=\"article:modified_time\" content=\"2023-09-08T15:09:20+00:00\" \/>\n<meta name=\"twitter:card\" content=\"summary_large_image\" \/>\n<meta name=\"twitter:label1\" content=\"Dur\u00e9e de lecture estim\u00e9e\" \/>\n\t<meta name=\"twitter:data1\" content=\"5 minutes\" \/>\n<script type=\"application\/ld+json\" class=\"yoast-schema-graph\">{\"@context\":\"https:\/\/schema.org\",\"@graph\":[{\"@type\":\"WebPage\",\"@id\":\"https:\/\/sagaciresearch.com\/fr\/panel-representatif-en-ligne-au-benin\/\",\"url\":\"https:\/\/sagaciresearch.com\/fr\/panel-representatif-en-ligne-au-benin\/\",\"name\":\"Panel repr\u00e9sentatif en ligne au B\u00e9nin - Sagaci Research\",\"isPartOf\":{\"@id\":\"https:\/\/sagaciresearch.com\/#website\"},\"datePublished\":\"2022-02-10T06:18:20+00:00\",\"dateModified\":\"2023-09-08T15:09:20+00:00\",\"description\":\"Les membres de notre panel en ligne au B\u00e9nin partagent avec nous leur profil d\u00e9mographique d\u00e9taill\u00e9 ainsi que des informations sur la consommation et leurs m\u00e9nages.\",\"breadcrumb\":{\"@id\":\"https:\/\/sagaciresearch.com\/fr\/panel-representatif-en-ligne-au-benin\/#breadcrumb\"},\"inLanguage\":\"fr-FR\",\"potentialAction\":[{\"@type\":\"ReadAction\",\"target\":[\"https:\/\/sagaciresearch.com\/fr\/panel-representatif-en-ligne-au-benin\/\"]}]},{\"@type\":\"BreadcrumbList\",\"@id\":\"https:\/\/sagaciresearch.com\/fr\/panel-representatif-en-ligne-au-benin\/#breadcrumb\",\"itemListElement\":[{\"@type\":\"ListItem\",\"position\":1,\"name\":\"Home\",\"item\":\"https:\/\/sagaciresearch.com\/fr\/\"},{\"@type\":\"ListItem\",\"position\":2,\"name\":\"Panel repr\u00e9sentatif en ligne au B\u00e9nin\"}]},{\"@type\":\"WebSite\",\"@id\":\"https:\/\/sagaciresearch.com\/#website\",\"url\":\"https:\/\/sagaciresearch.com\/\",\"name\":\"Sagaci Research\",\"description\":\"We provide data and insights you can trust to fuel your growth\",\"publisher\":{\"@id\":\"https:\/\/sagaciresearch.com\/#organization\"},\"potentialAction\":[{\"@type\":\"SearchAction\",\"target\":{\"@type\":\"EntryPoint\",\"urlTemplate\":\"https:\/\/sagaciresearch.com\/?s={search_term_string}\"},\"query-input\":{\"@type\":\"PropertyValueSpecification\",\"valueRequired\":true,\"valueName\":\"search_term_string\"}}],\"inLanguage\":\"fr-FR\"},{\"@type\":\"Organization\",\"@id\":\"https:\/\/sagaciresearch.com\/#organization\",\"name\":\"Sagaci Research\",\"url\":\"https:\/\/sagaciresearch.com\/\",\"logo\":{\"@type\":\"ImageObject\",\"inLanguage\":\"fr-FR\",\"@id\":\"https:\/\/sagaciresearch.com\/#\/schema\/logo\/image\/\",\"url\":\"https:\/\/sagaciresearch.com\/wp-content\/uploads\/2019\/09\/SR2.jpg\",\"contentUrl\":\"https:\/\/sagaciresearch.com\/wp-content\/uploads\/2019\/09\/SR2.jpg\",\"width\":960,\"height\":960,\"caption\":\"Sagaci Research\"},\"image\":{\"@id\":\"https:\/\/sagaciresearch.com\/#\/schema\/logo\/image\/\"}}]}<\/script>\n<!-- \/ Yoast SEO plugin. -->","yoast_head_json":{"title":"Panel repr\u00e9sentatif en ligne au B\u00e9nin - Sagaci Research","description":"Les membres de notre panel en ligne au B\u00e9nin partagent avec nous leur profil d\u00e9mographique d\u00e9taill\u00e9 ainsi que des informations sur la consommation et leurs m\u00e9nages.","robots":{"index":"index","follow":"follow","max-snippet":"max-snippet:-1","max-image-preview":"max-image-preview:large","max-video-preview":"max-video-preview:-1"},"canonical":"https:\/\/sagaciresearch.com\/fr\/panel-representatif-en-ligne-au-benin\/","og_locale":"fr_FR","og_type":"article","og_title":"Panel repr\u00e9sentatif en ligne au B\u00e9nin - Sagaci Research","og_description":"Les membres de notre panel en ligne au B\u00e9nin partagent avec nous leur profil d\u00e9mographique d\u00e9taill\u00e9 ainsi que des informations sur la consommation et leurs m\u00e9nages.","og_url":"https:\/\/sagaciresearch.com\/fr\/panel-representatif-en-ligne-au-benin\/","og_site_name":"Sagaci Research","article_modified_time":"2023-09-08T15:09:20+00:00","twitter_card":"summary_large_image","twitter_misc":{"Dur\u00e9e de lecture estim\u00e9e":"5 minutes"},"schema":{"@context":"https:\/\/schema.org","@graph":[{"@type":"WebPage","@id":"https:\/\/sagaciresearch.com\/fr\/panel-representatif-en-ligne-au-benin\/","url":"https:\/\/sagaciresearch.com\/fr\/panel-representatif-en-ligne-au-benin\/","name":"Panel repr\u00e9sentatif en ligne au B\u00e9nin - Sagaci Research","isPartOf":{"@id":"https:\/\/sagaciresearch.com\/#website"},"datePublished":"2022-02-10T06:18:20+00:00","dateModified":"2023-09-08T15:09:20+00:00","description":"Les membres de notre panel en ligne au B\u00e9nin partagent avec nous leur profil d\u00e9mographique d\u00e9taill\u00e9 ainsi que des informations sur la consommation et leurs m\u00e9nages.","breadcrumb":{"@id":"https:\/\/sagaciresearch.com\/fr\/panel-representatif-en-ligne-au-benin\/#breadcrumb"},"inLanguage":"fr-FR","potentialAction":[{"@type":"ReadAction","target":["https:\/\/sagaciresearch.com\/fr\/panel-representatif-en-ligne-au-benin\/"]}]},{"@type":"BreadcrumbList","@id":"https:\/\/sagaciresearch.com\/fr\/panel-representatif-en-ligne-au-benin\/#breadcrumb","itemListElement":[{"@type":"ListItem","position":1,"name":"Home","item":"https:\/\/sagaciresearch.com\/fr\/"},{"@type":"ListItem","position":2,"name":"Panel repr\u00e9sentatif en ligne au B\u00e9nin"}]},{"@type":"WebSite","@id":"https:\/\/sagaciresearch.com\/#website","url":"https:\/\/sagaciresearch.com\/","name":"Sagaci Research","description":"We provide data and insights you can trust to fuel your growth","publisher":{"@id":"https:\/\/sagaciresearch.com\/#organization"},"potentialAction":[{"@type":"SearchAction","target":{"@type":"EntryPoint","urlTemplate":"https:\/\/sagaciresearch.com\/?s={search_term_string}"},"query-input":{"@type":"PropertyValueSpecification","valueRequired":true,"valueName":"search_term_string"}}],"inLanguage":"fr-FR"},{"@type":"Organization","@id":"https:\/\/sagaciresearch.com\/#organization","name":"Sagaci Research","url":"https:\/\/sagaciresearch.com\/","logo":{"@type":"ImageObject","inLanguage":"fr-FR","@id":"https:\/\/sagaciresearch.com\/#\/schema\/logo\/image\/","url":"https:\/\/sagaciresearch.com\/wp-content\/uploads\/2019\/09\/SR2.jpg","contentUrl":"https:\/\/sagaciresearch.com\/wp-content\/uploads\/2019\/09\/SR2.jpg","width":960,"height":960,"caption":"Sagaci Research"},"image":{"@id":"https:\/\/sagaciresearch.com\/#\/schema\/logo\/image\/"}}]}},"_links":{"self":[{"href":"https:\/\/sagaciresearch.com\/fr\/wp-json\/wp\/v2\/pages\/17161","targetHints":{"allow":["GET"]}}],"collection":[{"href":"https:\/\/sagaciresearch.com\/fr\/wp-json\/wp\/v2\/pages"}],"about":[{"href":"https:\/\/sagaciresearch.com\/fr\/wp-json\/wp\/v2\/types\/page"}],"author":[{"embeddable":true,"href":"https:\/\/sagaciresearch.com\/fr\/wp-json\/wp\/v2\/users\/6"}],"replies":[{"embeddable":true,"href":"https:\/\/sagaciresearch.com\/fr\/wp-json\/wp\/v2\/comments?post=17161"}],"version-history":[{"count":1,"href":"https:\/\/sagaciresearch.com\/fr\/wp-json\/wp\/v2\/pages\/17161\/revisions"}],"predecessor-version":[{"id":17374,"href":"https:\/\/sagaciresearch.com\/fr\/wp-json\/wp\/v2\/pages\/17161\/revisions\/17374"}],"wp:attachment":[{"href":"https:\/\/sagaciresearch.com\/fr\/wp-json\/wp\/v2\/media?parent=17161"}],"curies":[{"name":"wp","href":"https:\/\/api.w.org\/{rel}","templated":true}]}}