{"id":16816,"date":"2022-02-18T09:30:13","date_gmt":"2022-02-18T08:30:13","guid":{"rendered":"https:\/\/sagaciresearch.com\/panel-en-ligne-en-afrique-du-sud\/"},"modified":"2023-09-12T10:33:42","modified_gmt":"2023-09-12T08:33:42","slug":"panel-en-ligne-en-afrique-du-sud","status":"publish","type":"page","link":"https:\/\/sagaciresearch.com\/fr\/panel-en-ligne-en-afrique-du-sud\/","title":{"rendered":"Panel en ligne en Afrique du Sud"},"content":{"rendered":"<p>[vc_row css=\u00a0\u00bb.vc_custom_1639655133450{margin-bottom: 50px !important;}\u00a0\u00bb][vc_column width=\u00a0\u00bb2\/3&Prime;][vc_column_text]Notre panel en ligne en Afrique du Sud aide les entreprises \u00e0 comprendre les consommateurs et leurs habitudes de consommation.<\/p>\n<p>L&rsquo;\u00e9chantillon de consommateurs de Sagaci&rsquo;s Research vous permet d&rsquo;\u00e9valuer quotidiennement plus de 2 500 marques.[\/vc_column_text][vc_btn title=\u00a0\u00bbNous contacter\u00a0\u00bb color=\u00a0\u00bbviolet\u00a0\u00bb link=\u00a0\u00bburl:%2Fcontact%2F%3Fshow%3Dcontact%26source%3DOnlinePanels%2520Contact\u00a0\u00bb][\/vc_column][vc_column width=\u00a0\u00bb1\/3&Prime;][vc_single_image image=\u00a0\u00bb13213&Prime; img_size=\u00a0\u00bbmedium\u00a0\u00bb][\/vc_column][\/vc_row][vc_row full_width=\u00a0\u00bbstretch_row\u00a0\u00bb css=\u00a0\u00bb.vc_custom_1643194041373{margin-top: 50px !important;margin-bottom: 50px !important;padding-top: 20px !important;background-color: #a28bc9 !important;}\u00a0\u00bb el_class=\u00a0\u00bbgradient\u00a0\u00bb][vc_column width=\u00a0\u00bb1\/2&Prime;][vc_single_image image=\u00a0\u00bb13024&Prime; img_size=\u00a0\u00bbfull\u00a0\u00bb][\/vc_column][vc_column width=\u00a0\u00bb1\/2&Prime;][vc_column_text]<\/p>\n<h3><strong><span style=\"color: #000000;\">Panel en ligne repr\u00e9sentatif en Afrique du Sud avec une qualit\u00e9 robuste<\/span><\/strong><\/h3>\n<p>Chaque mois, des consommateurs de toute l&rsquo;Afrique donnent leur avis sur les marques qu&rsquo;ils aiment gr\u00e2ce \u00e0 notre panel en ligne.<\/p>\n<p>Les r\u00e9sultats des enqu\u00eates peuvent vous donner un aper\u00e7u des raisons pour lesquelles votre commerce fonctionne comme il le fait. Il vous permet \u00e9galement d&rsquo;obtenir des informations \u00e0 jour sur vos concurrents. Gr\u00e2ce \u00e0 ces connaissances, vous pouvez positionner votre marque et vos campagnes de marketing en fonction du march\u00e9 auquel vous vous adressez.[\/vc_column_text][\/vc_column][\/vc_row][vc_row css=\u00a0\u00bb.vc_custom_1643193875289{margin-bottom: 50px !important;}\u00a0\u00bb][vc_column][vc_column_text]<\/p>\n<h3><strong><span style=\"color: #000000;\">Des informations pr\u00e9cieuses gr\u00e2ce \u00e0 nos panels de consommateurs<\/span><\/strong><\/h3>\n<p>Votre marque peut utiliser les donn\u00e9es de notre panel en ligne en Afrique du Sud pour comprendre quels profils d\u00e9mographiques sont les moins susceptibles de recommander leur marque, et peut concentrer ses efforts de marketing sur ces groupes.<\/p>\n<p>Les performances des campagnes publicitaires et les changements d&rsquo;image de marque qui en r\u00e9sultent peuvent ensuite \u00eatre suivis afin de fournir une mesure qualitative du retour sur investissement (RSI) de la campagne.[\/vc_column_text][\/vc_column][\/vc_row][vc_row full_width=\u00a0\u00bbstretch_row\u00a0\u00bb css=\u00a0\u00bb.vc_custom_1643193705201{padding-top: 47px !important;padding-bottom: 60px !important;background-color: #967fc4 !important;}\u00a0\u00bb el_class=\u00a0\u00bbgradient\u00a0\u00bb][vc_column][vc_custom_heading stm_title_font_weight=\u00a0\u00bb700&Prime; text=\u00a0\u00bbAvantages de notre \u00e9chantillon en ligne en Afrique du Sud\u00a0\u00bb font_container=\u00a0\u00bbtag:h3|text_align:center\u00a0\u00bb use_theme_fonts=\u00a0\u00bbyes\u00a0\u00bb][vc_row_inner equal_height=\u00a0\u00bbyes\u00a0\u00bb content_placement=\u00a0\u00bbmiddle\u00a0\u00bb gap=\u00a0\u00bb20&Prime; el_class=\u00a0\u00bbsquare\u00a0\u00bb][vc_column_inner width=\u00a0\u00bb1\/3&Prime; css=\u00a0\u00bb.vc_custom_1620310643924{background-color: #ffffff !important;}\u00a0\u00bb][stm_info_box align_center=\u00a0\u00bbyes\u00a0\u00bb style=\u00a0\u00bbstyle_2&Prime; title=\u00a0\u00bbPort\u00e9e\u00a0\u00bb css=\u00a0\u00bb.vc_custom_1643378896337{padding-top: 10px !important;padding-right: 50px !important;padding-bottom: 10px !important;padding-left: 50px !important;}\u00a0\u00bb]<span style=\"font-weight: 400;\">Acc\u00e9dez \u00e0 des clients dans tout le pays avec un simple clic<\/span>[\/stm_info_box][\/vc_column_inner][vc_column_inner width=\u00a0\u00bb1\/3&Prime; css=\u00a0\u00bb.vc_custom_1620310653042{background-color: #ffffff !important;}\u00a0\u00bb][stm_info_box align_center=\u00a0\u00bbyes\u00a0\u00bb style=\u00a0\u00bbstyle_2&Prime; title=\u00a0\u00bbPr\u00e9cis\u00a0\u00bb css=\u00a0\u00bb.vc_custom_1643378901071{padding-top: 10px !important;padding-right: 50px !important;padding-bottom: 10px !important;padding-left: 50px !important;}\u00a0\u00bb]<span style=\"font-weight: 400;\">Des membres fiables et engag\u00e9s qui fournissent des r\u00e9ponses de qualit\u00e9<\/span>[\/stm_info_box][\/vc_column_inner][vc_column_inner width=\u00a0\u00bb1\/3&Prime; css=\u00a0\u00bb.vc_custom_1620310663259{background-color: #ffffff !important;}\u00a0\u00bb][stm_info_box align_center=\u00a0\u00bbyes\u00a0\u00bb style=\u00a0\u00bbstyle_2&Prime; title=\u00a0\u00bbRepr\u00e9sentatif\u00a0\u00bb css=\u00a0\u00bb.vc_custom_1643378906955{padding-top: 10px !important;padding-right: 50px !important;padding-bottom: 10px !important;padding-left: 50px !important;}\u00a0\u00bb]<span style=\"font-weight: 400;\">\u00c9chantillon national repr\u00e9sentatif de toutes les cat\u00e9gories sociod\u00e9mographiques : \u00e2ge, sexe, revenu, zone urbaine\/rurale,&#8230;<\/span>[\/stm_info_box][\/vc_column_inner][\/vc_row_inner][vc_row_inner equal_height=\u00a0\u00bbyes\u00a0\u00bb content_placement=\u00a0\u00bbmiddle\u00a0\u00bb gap=\u00a0\u00bb20&Prime; el_class=\u00a0\u00bbsquare\u00a0\u00bb][vc_column_inner width=\u00a0\u00bb1\/3&Prime; css=\u00a0\u00bb.vc_custom_1620310683210{background-color: #ffffff !important;}\u00a0\u00bb][stm_info_box align_center=\u00a0\u00bbyes\u00a0\u00bb style=\u00a0\u00bbstyle_2&Prime; title=\u00a0\u00bbR\u00e9actif\u00a0\u00bb css=\u00a0\u00bb.vc_custom_1643378912472{padding-top: 10px !important;padding-right: 50px !important;padding-bottom: 10px !important;padding-left: 50px !important;}\u00a0\u00bb]<span style=\"font-weight: 400;\">Recueillez des quatit\u00e9s massives de donn\u00e9es dans un court laps de temps<\/span>[\/stm_info_box][\/vc_column_inner][vc_column_inner width=\u00a0\u00bb1\/3&Prime; css=\u00a0\u00bb.vc_custom_1620310676094{background-color: #ffffff !important;}\u00a0\u00bb][stm_info_box align_center=\u00a0\u00bbyes\u00a0\u00bb style=\u00a0\u00bbstyle_2&Prime; title=\u00a0\u00bbCibl\u00e9\u00a0\u00bb css=\u00a0\u00bb.vc_custom_1643378919359{padding-top: 10px !important;padding-right: 50px !important;padding-bottom: 10px !important;padding-left: 50px !important;}\u00a0\u00bb]<span style=\"font-weight: 400;\">Exploitez les donn\u00e9es de profilage pour cibler des groupes sp\u00e9cifiques<\/span>[\/stm_info_box][\/vc_column_inner][vc_column_inner width=\u00a0\u00bb1\/3&Prime; css=\u00a0\u00bb.vc_custom_1620310670034{background-color: #ffffff !important;}\u00a0\u00bb][stm_info_box align_center=\u00a0\u00bbyes\u00a0\u00bb style=\u00a0\u00bbstyle_2&Prime; title=\u00a0\u00bbRapide\u00a0\u00bb css=\u00a0\u00bb.vc_custom_1643378923807{padding-top: 10px !important;padding-right: 50px !important;padding-bottom: 10px !important;padding-left: 50px !important;}\u00a0\u00bb]<span style=\"font-weight: 400;\">D\u00e9lais d&rsquo;ex\u00e9cution rapides et travail sur le terrain acc\u00e9l\u00e9r\u00e9<\/span>[\/stm_info_box][\/vc_column_inner][\/vc_row_inner][\/vc_column][\/vc_row][vc_row css=\u00a0\u00bb.vc_custom_1634284780247{margin-top: 50px !important;margin-bottom: 50px !important;}\u00a0\u00bb][vc_column][vc_column_text]<\/p>\n<h3><b>Panels en ligne en Afrique du Sud : <\/b><b>comprendre les consommateurs <\/b><\/h3>\n<p>&nbsp;<\/p>\n<p><span style=\"font-weight: 400;\">Nous sommes conscients de l&rsquo;importance que nos clients accordent \u00e0 la qualit\u00e9 des donn\u00e9es. Parce que nous utilisons nos propres panels de consommateurs africains, nous avons confiance dans les donn\u00e9es que nous partageons par le biais de notre panel d&rsquo;\u00e9tudes en ligne en Afrique du Sud. Chaque jour, plus de 10 000 consommateurs nous font part directement de leur opinion sur les marques, l&rsquo;actualit\u00e9 et bien plus encore !<\/span><\/p>\n<p><span style=\"font-weight: 400;\">Nous avons des panels en ligne dans 20 pays d&rsquo;Afrique, y compris l&rsquo;Afrique du Sud, et des projets sont en cours dans la majorit\u00e9 d&rsquo;entre eux. <\/span><\/p>\n<p>&nbsp;<\/p>\n<p>Pour en savoir plus sur l&rsquo;<a href=\"https:\/\/sagaciresearch.com\/category\/countries\/south-africa\/\" target=\"_blank\" rel=\"noopener\">Afrique du Sud, cliquez ici<\/a>.[\/vc_column_text][\/vc_column][\/vc_row][vc_row css=\u00a0\u00bb.vc_custom_1641544413635{margin-top: 50px !important;}\u00a0\u00bb][vc_column][vc_custom_heading stm_title_font_weight=\u00a0\u00bb700&Prime; text=\u00a0\u00bbD\u00e9mographies du panel en Afrique du Sud\u00a0\u00bb font_container=\u00a0\u00bbtag:h3|text_align:center\u00a0\u00bb use_theme_fonts=\u00a0\u00bbyes\u00a0\u00bb][\/vc_column][\/vc_row][vc_row content_placement=\u00a0\u00bbtop\u00a0\u00bb css=\u00a0\u00bb.vc_custom_1643283818930{margin-top: 30px !important;margin-bottom: 30px !important;padding-bottom: 20px !important;background-color: #f2f2f2 !important;}\u00a0\u00bb][vc_column width=\u00a0\u00bb1\/4&Prime;][vc_column_text]<\/p>\n<h4 style=\"text-align: center;\">Population du pays<\/h4>\n<p style=\"text-align: center;\">58 millions<\/p>\n<p>[\/vc_column_text][\/vc_column][vc_column width=\u00a0\u00bb1\/4&Prime;][vc_column_text]<\/p>\n<h4 style=\"text-align: center;\">Urbain<\/h4>\n<p style=\"text-align: center;\">85 %<\/p>\n<p>[\/vc_column_text][\/vc_column][vc_column width=\u00a0\u00bb1\/4&Prime;][vc_column_text]<\/p>\n<h4 style=\"text-align: center;\">Rural<\/h4>\n<p style=\"text-align: center;\">15 %<\/p>\n<p>[\/vc_column_text][\/vc_column][vc_column width=\u00a0\u00bb1\/4&Prime;][vc_column_text]<\/p>\n<h4 style=\"text-align: center;\">P\u00e9n\u00e9tration des smartphones<\/h4>\n<p style=\"text-align: center;\">~ 91%<\/p>\n<p>[\/vc_column_text][\/vc_column][\/vc_row][vc_row content_placement=\u00a0\u00bbtop\u00a0\u00bb css=\u00a0\u00bb.vc_custom_1643283832268{margin-top: 40px !important;margin-bottom: 50px !important;}\u00a0\u00bb][vc_column width=\u00a0\u00bb1\/3&Prime;][vc_progress_bar values=\u00a0\u00bb%5B%7B%22label%22%3A%2218%20%C3%80%2025%22%2C%22value%22%3A%2232%22%7D%2C%7B%22label%22%3A%2226%20%C3%80%2035%22%2C%22value%22%3A%2238%22%7D%2C%7B%22label%22%3A%2236%20%C3%80%2045%22%2C%22value%22%3A%2217%22%7D%2C%7B%22label%22%3A%2246%20%C3%80%2055%22%2C%22value%22%3A%226%22%7D%2C%7B%22label%22%3A%22PLUS%20DE%2055%22%2C%22value%22%3A%223%22%7D%5D\u00a0\u00bb bgcolor=\u00a0\u00bbviolet\u00a0\u00bb title=\u00a0\u00bbPar groupes d&rsquo;\u00e2ge\u00a0\u00bb units=\u00a0\u00bb%\u00a0\u00bb][\/vc_column][vc_column width=\u00a0\u00bb1\/3&Prime;][vc_progress_bar values=\u00a0\u00bb%5B%7B%22label%22%3A%22HOMME%22%2C%22value%22%3A%2234%22%7D%2C%7B%22label%22%3A%22FEMME%22%2C%22value%22%3A%2266%22%7D%5D\u00a0\u00bb bgcolor=\u00a0\u00bbviolet\u00a0\u00bb title=\u00a0\u00bbPar sexe\u00a0\u00bb units=\u00a0\u00bb%\u00a0\u00bb][\/vc_column][vc_column width=\u00a0\u00bb1\/3&Prime;][vc_progress_bar values=\u00a0\u00bb%5B%7B%22label%22%3A%22A%22%2C%22value%22%3A%2249%22%7D%2C%7B%22label%22%3A%22B%22%2C%22value%22%3A%2221%22%7D%2C%7B%22label%22%3A%22C1%22%2C%22value%22%3A%229%22%7D%2C%7B%22label%22%3A%22C2%22%2C%22value%22%3A%224%22%7D%2C%7B%22label%22%3A%22D%22%2C%22value%22%3A%2210%22%7D%2C%7B%22label%22%3A%22E%22%2C%22value%22%3A%224%22%7D%2C%7B%22label%22%3A%22N%2FA%22%2C%22value%22%3A%223%22%7D%5D\u00a0\u00bb bgcolor=\u00a0\u00bbviolet\u00a0\u00bb title=\u00a0\u00bbPar classification socio-\u00e9conomique\u00a0\u00bb units=\u00a0\u00bb%\u00a0\u00bb][\/vc_column][\/vc_row][vc_row full_width=\u00a0\u00bbstretch_row\u00a0\u00bb css=\u00a0\u00bb.vc_custom_1625241107934{background-color: #a28bc9 !important;background-position: 0 0 !important;background-repeat: no-repeat !important;}\u00a0\u00bb el_class=\u00a0\u00bbgradient\u00a0\u00bb][vc_column width=\u00a0\u00bb1\/2&Prime; css=\u00a0\u00bb.vc_custom_1614761329840{padding-top: 50px !important;padding-bottom: 50px !important;}\u00a0\u00bb][vc_column_text]<\/p>\n<h2><strong><span style=\"color: #ffffff;\">Vous essayez de mieux comprendre et de mod\u00e9liser la taille du march\u00e9 ?<\/span><\/strong><\/h2>\n<p><span style=\"color: #ffffff;\">Contactez notre \u00e9quipe d\u00e8s maintenant pour demander la faisabilit\u00e9 et les co\u00fbts.<\/span>[\/vc_column_text][vc_btn title=\u00a0\u00bbEnvoyez-nous votre demande\u00a0\u00bb color=\u00a0\u00bbwhite\u00a0\u00bb i_icon_fontawesome=\u00a0\u00bbfas fa-envelope\u00a0\u00bb add_icon=\u00a0\u00bbtrue\u00a0\u00bb link=\u00a0\u00bburl:%2Fcontact%2F%3Fshow%3Dmeeting%26source%3DOnlinePanels%2520Book%2520a%2520Meeting|title:Book%20a%20meeting\u00a0\u00bb][\/vc_column][vc_column width=\u00a0\u00bb1\/2&Prime;][vc_single_image image=\u00a0\u00bb8022&Prime; img_size=\u00a0\u00bbfull\u00a0\u00bb][\/vc_column][\/vc_row][vc_row][vc_column][vc_empty_space height=\u00a0\u00bb50px\u00a0\u00bb][\/vc_column][\/vc_row][vc_row][vc_column][vc_custom_heading stm_title_font_weight=\u00a0\u00bb400&Prime; text=\u00a0\u00bbNos informations sur le panel en ligne en Afrique du Sud\u00a0\u00bb font_container=\u00a0\u00bbtag:h2|text_align:center\u00a0\u00bb use_theme_fonts=\u00a0\u00bbyes\u00a0\u00bb][stm_news posts_per_row=\u00a0\u00bb4&Prime;][\/vc_column][\/vc_row]<\/p>\n","protected":false},"excerpt":{"rendered":"<p>[vc_row css=\u00a0\u00bb.vc_custom_1639655133450{margin-bottom: 50px !important;}\u00a0\u00bb][vc_column width=\u00a0\u00bb2\/3&Prime;][vc_column_text]Notre panel en ligne en Afrique du Sud aide les entreprises \u00e0 comprendre les consommateurs et leurs habitudes de consommation. L&rsquo;\u00e9chantillon de consommateurs de Sagaci&rsquo;s Research vous permet d&rsquo;\u00e9valuer quotidiennement plus de 2 500 marques.[\/vc_column_text][vc_btn title=\u00a0\u00bbNous contacter\u00a0\u00bb color=\u00a0\u00bbviolet\u00a0\u00bb link=\u00a0\u00bburl:%2Fcontact%2F%3Fshow%3Dcontact%26source%3DOnlinePanels%2520Contact\u00a0\u00bb][\/vc_column][vc_column width=\u00a0\u00bb1\/3&Prime;][vc_single_image image=\u00a0\u00bb13213&Prime; img_size=\u00a0\u00bbmedium\u00a0\u00bb][\/vc_column][\/vc_row][vc_row full_width=\u00a0\u00bbstretch_row\u00a0\u00bb css=\u00a0\u00bb.vc_custom_1643194041373{margin-top: 50px !important;margin-bottom: 50px !important;padding-top: 20px !important;background-color: #a28bc9<\/p>\n","protected":false},"author":6,"featured_media":0,"parent":0,"menu_order":0,"comment_status":"closed","ping_status":"closed","template":"","meta":{"_acf_changed":false,"footnotes":""},"class_list":["post-16816","page","type-page","status-publish","hentry"],"acf":[],"yoast_head":"<!-- This site is optimized with the Yoast SEO plugin v27.3 - https:\/\/yoast.com\/product\/yoast-seo-wordpress\/ -->\n<title>Panel en ligne en Afrique du Sud - Sagaci Research<\/title>\n<meta name=\"description\" content=\"Gr\u00e2ce \u00e0 notre panel en ligne en Afrique du Sud, plus de 10 000 consommateurs nous font part quotidiennement de leur opinion sur les marques et bien plus encore !\" \/>\n<meta name=\"robots\" content=\"index, follow, max-snippet:-1, max-image-preview:large, max-video-preview:-1\" \/>\n<link rel=\"canonical\" href=\"https:\/\/sagaciresearch.com\/fr\/panel-en-ligne-en-afrique-du-sud\/\" \/>\n<meta property=\"og:locale\" content=\"fr_FR\" \/>\n<meta property=\"og:type\" content=\"article\" \/>\n<meta property=\"og:title\" content=\"Panel en ligne en Afrique du Sud - Sagaci Research\" \/>\n<meta property=\"og:description\" content=\"Gr\u00e2ce \u00e0 notre panel en ligne en Afrique du Sud, plus de 10 000 consommateurs nous font part quotidiennement de leur opinion sur les marques et bien plus encore !\" \/>\n<meta property=\"og:url\" content=\"https:\/\/sagaciresearch.com\/fr\/panel-en-ligne-en-afrique-du-sud\/\" \/>\n<meta property=\"og:site_name\" content=\"Sagaci Research\" \/>\n<meta property=\"article:modified_time\" content=\"2023-09-12T08:33:42+00:00\" \/>\n<meta name=\"twitter:card\" content=\"summary_large_image\" \/>\n<meta name=\"twitter:label1\" content=\"Dur\u00e9e de lecture estim\u00e9e\" \/>\n\t<meta name=\"twitter:data1\" content=\"7 minutes\" \/>\n<script type=\"application\/ld+json\" class=\"yoast-schema-graph\">{\"@context\":\"https:\\\/\\\/schema.org\",\"@graph\":[{\"@type\":\"WebPage\",\"@id\":\"https:\\\/\\\/sagaciresearch.com\\\/fr\\\/panel-en-ligne-en-afrique-du-sud\\\/\",\"url\":\"https:\\\/\\\/sagaciresearch.com\\\/fr\\\/panel-en-ligne-en-afrique-du-sud\\\/\",\"name\":\"Panel en ligne en Afrique du Sud - Sagaci Research\",\"isPartOf\":{\"@id\":\"https:\\\/\\\/sagaciresearch.com\\\/#website\"},\"datePublished\":\"2022-02-18T08:30:13+00:00\",\"dateModified\":\"2023-09-12T08:33:42+00:00\",\"description\":\"Gr\u00e2ce \u00e0 notre panel en ligne en Afrique du Sud, plus de 10 000 consommateurs nous font part quotidiennement de leur opinion sur les marques et bien plus encore !\",\"breadcrumb\":{\"@id\":\"https:\\\/\\\/sagaciresearch.com\\\/fr\\\/panel-en-ligne-en-afrique-du-sud\\\/#breadcrumb\"},\"inLanguage\":\"fr-FR\",\"potentialAction\":[{\"@type\":\"ReadAction\",\"target\":[\"https:\\\/\\\/sagaciresearch.com\\\/fr\\\/panel-en-ligne-en-afrique-du-sud\\\/\"]}]},{\"@type\":\"BreadcrumbList\",\"@id\":\"https:\\\/\\\/sagaciresearch.com\\\/fr\\\/panel-en-ligne-en-afrique-du-sud\\\/#breadcrumb\",\"itemListElement\":[{\"@type\":\"ListItem\",\"position\":1,\"name\":\"Home\",\"item\":\"https:\\\/\\\/sagaciresearch.com\\\/fr\\\/\"},{\"@type\":\"ListItem\",\"position\":2,\"name\":\"Panel en ligne en Afrique du Sud\"}]},{\"@type\":\"WebSite\",\"@id\":\"https:\\\/\\\/sagaciresearch.com\\\/#website\",\"url\":\"https:\\\/\\\/sagaciresearch.com\\\/\",\"name\":\"Sagaci Research\",\"description\":\"We provide data and insights you can trust to fuel your growth\",\"publisher\":{\"@id\":\"https:\\\/\\\/sagaciresearch.com\\\/#organization\"},\"potentialAction\":[{\"@type\":\"SearchAction\",\"target\":{\"@type\":\"EntryPoint\",\"urlTemplate\":\"https:\\\/\\\/sagaciresearch.com\\\/?s={search_term_string}\"},\"query-input\":{\"@type\":\"PropertyValueSpecification\",\"valueRequired\":true,\"valueName\":\"search_term_string\"}}],\"inLanguage\":\"fr-FR\"},{\"@type\":\"Organization\",\"@id\":\"https:\\\/\\\/sagaciresearch.com\\\/#organization\",\"name\":\"Sagaci Research\",\"url\":\"https:\\\/\\\/sagaciresearch.com\\\/\",\"logo\":{\"@type\":\"ImageObject\",\"inLanguage\":\"fr-FR\",\"@id\":\"https:\\\/\\\/sagaciresearch.com\\\/#\\\/schema\\\/logo\\\/image\\\/\",\"url\":\"https:\\\/\\\/sagaciresearch.com\\\/wp-content\\\/uploads\\\/2019\\\/09\\\/SR2.jpg\",\"contentUrl\":\"https:\\\/\\\/sagaciresearch.com\\\/wp-content\\\/uploads\\\/2019\\\/09\\\/SR2.jpg\",\"width\":960,\"height\":960,\"caption\":\"Sagaci Research\"},\"image\":{\"@id\":\"https:\\\/\\\/sagaciresearch.com\\\/#\\\/schema\\\/logo\\\/image\\\/\"}}]}<\/script>\n<!-- \/ Yoast SEO plugin. -->","yoast_head_json":{"title":"Panel en ligne en Afrique du Sud - Sagaci Research","description":"Gr\u00e2ce \u00e0 notre panel en ligne en Afrique du Sud, plus de 10 000 consommateurs nous font part quotidiennement de leur opinion sur les marques et bien plus encore !","robots":{"index":"index","follow":"follow","max-snippet":"max-snippet:-1","max-image-preview":"max-image-preview:large","max-video-preview":"max-video-preview:-1"},"canonical":"https:\/\/sagaciresearch.com\/fr\/panel-en-ligne-en-afrique-du-sud\/","og_locale":"fr_FR","og_type":"article","og_title":"Panel en ligne en Afrique du Sud - Sagaci Research","og_description":"Gr\u00e2ce \u00e0 notre panel en ligne en Afrique du Sud, plus de 10 000 consommateurs nous font part quotidiennement de leur opinion sur les marques et bien plus encore !","og_url":"https:\/\/sagaciresearch.com\/fr\/panel-en-ligne-en-afrique-du-sud\/","og_site_name":"Sagaci Research","article_modified_time":"2023-09-12T08:33:42+00:00","twitter_card":"summary_large_image","twitter_misc":{"Dur\u00e9e de lecture estim\u00e9e":"7 minutes"},"schema":{"@context":"https:\/\/schema.org","@graph":[{"@type":"WebPage","@id":"https:\/\/sagaciresearch.com\/fr\/panel-en-ligne-en-afrique-du-sud\/","url":"https:\/\/sagaciresearch.com\/fr\/panel-en-ligne-en-afrique-du-sud\/","name":"Panel en ligne en Afrique du Sud - Sagaci Research","isPartOf":{"@id":"https:\/\/sagaciresearch.com\/#website"},"datePublished":"2022-02-18T08:30:13+00:00","dateModified":"2023-09-12T08:33:42+00:00","description":"Gr\u00e2ce \u00e0 notre panel en ligne en Afrique du Sud, plus de 10 000 consommateurs nous font part quotidiennement de leur opinion sur les marques et bien plus encore !","breadcrumb":{"@id":"https:\/\/sagaciresearch.com\/fr\/panel-en-ligne-en-afrique-du-sud\/#breadcrumb"},"inLanguage":"fr-FR","potentialAction":[{"@type":"ReadAction","target":["https:\/\/sagaciresearch.com\/fr\/panel-en-ligne-en-afrique-du-sud\/"]}]},{"@type":"BreadcrumbList","@id":"https:\/\/sagaciresearch.com\/fr\/panel-en-ligne-en-afrique-du-sud\/#breadcrumb","itemListElement":[{"@type":"ListItem","position":1,"name":"Home","item":"https:\/\/sagaciresearch.com\/fr\/"},{"@type":"ListItem","position":2,"name":"Panel en ligne en Afrique du Sud"}]},{"@type":"WebSite","@id":"https:\/\/sagaciresearch.com\/#website","url":"https:\/\/sagaciresearch.com\/","name":"Sagaci Research","description":"We provide data and insights you can trust to fuel your growth","publisher":{"@id":"https:\/\/sagaciresearch.com\/#organization"},"potentialAction":[{"@type":"SearchAction","target":{"@type":"EntryPoint","urlTemplate":"https:\/\/sagaciresearch.com\/?s={search_term_string}"},"query-input":{"@type":"PropertyValueSpecification","valueRequired":true,"valueName":"search_term_string"}}],"inLanguage":"fr-FR"},{"@type":"Organization","@id":"https:\/\/sagaciresearch.com\/#organization","name":"Sagaci Research","url":"https:\/\/sagaciresearch.com\/","logo":{"@type":"ImageObject","inLanguage":"fr-FR","@id":"https:\/\/sagaciresearch.com\/#\/schema\/logo\/image\/","url":"https:\/\/sagaciresearch.com\/wp-content\/uploads\/2019\/09\/SR2.jpg","contentUrl":"https:\/\/sagaciresearch.com\/wp-content\/uploads\/2019\/09\/SR2.jpg","width":960,"height":960,"caption":"Sagaci Research"},"image":{"@id":"https:\/\/sagaciresearch.com\/#\/schema\/logo\/image\/"}}]}},"_links":{"self":[{"href":"https:\/\/sagaciresearch.com\/fr\/wp-json\/wp\/v2\/pages\/16816","targetHints":{"allow":["GET"]}}],"collection":[{"href":"https:\/\/sagaciresearch.com\/fr\/wp-json\/wp\/v2\/pages"}],"about":[{"href":"https:\/\/sagaciresearch.com\/fr\/wp-json\/wp\/v2\/types\/page"}],"author":[{"embeddable":true,"href":"https:\/\/sagaciresearch.com\/fr\/wp-json\/wp\/v2\/users\/6"}],"replies":[{"embeddable":true,"href":"https:\/\/sagaciresearch.com\/fr\/wp-json\/wp\/v2\/comments?post=16816"}],"version-history":[{"count":2,"href":"https:\/\/sagaciresearch.com\/fr\/wp-json\/wp\/v2\/pages\/16816\/revisions"}],"predecessor-version":[{"id":17419,"href":"https:\/\/sagaciresearch.com\/fr\/wp-json\/wp\/v2\/pages\/16816\/revisions\/17419"}],"wp:attachment":[{"href":"https:\/\/sagaciresearch.com\/fr\/wp-json\/wp\/v2\/media?parent=16816"}],"curies":[{"name":"wp","href":"https:\/\/api.w.org\/{rel}","templated":true}]}}