{"id":16812,"date":"2022-02-18T09:24:28","date_gmt":"2022-02-18T08:24:28","guid":{"rendered":"https:\/\/sagaciresearch.com\/panel-en-ligne-au-maroc\/"},"modified":"2023-09-12T10:17:40","modified_gmt":"2023-09-12T08:17:40","slug":"panel-en-ligne-au-maroc","status":"publish","type":"page","link":"https:\/\/sagaciresearch.com\/fr\/panel-en-ligne-au-maroc\/","title":{"rendered":"Panel en ligne au Maroc"},"content":{"rendered":"<p>[vc_row css=\u00a0\u00bb.vc_custom_1639655133450{margin-bottom: 50px !important;}\u00a0\u00bb][vc_column width=\u00a0\u00bb2\/3&Prime;][vc_column_text]Le panel en ligne au Maroc est bas\u00e9 sur la t\u00e9l\u00e9phonie mobile afin d&rsquo;assurer une couverture \u00e9tendue et des d\u00e9lais d&rsquo;ex\u00e9cution rapides.<\/p>\n<p>Notre panel de consommateurs et nos capacit\u00e9s de collecte de donn\u00e9es aident les entreprises \u00e0 comprendre les consommateurs \u00e0 travers le pays marocain.[\/vc_column_text][vc_btn title=\u00a0\u00bbNous contacter\u00a0\u00bb color=\u00a0\u00bbviolet\u00a0\u00bb link=\u00a0\u00bburl:%2Fcontact%2F%3Fshow%3Dcontact%26source%3DOnlinePanels%2520Contact\u00a0\u00bb][\/vc_column][vc_column width=\u00a0\u00bb1\/3&Prime;][vc_single_image image=\u00a0\u00bb13210&Prime; img_size=\u00a0\u00bbmedium\u00a0\u00bb][\/vc_column][\/vc_row][vc_row full_width=\u00a0\u00bbstretch_row\u00a0\u00bb css=\u00a0\u00bb.vc_custom_1643194041373{margin-top: 50px !important;margin-bottom: 50px !important;padding-top: 20px !important;background-color: #a28bc9 !important;}\u00a0\u00bb el_class=\u00a0\u00bbgradient\u00a0\u00bb][vc_column width=\u00a0\u00bb1\/2&Prime;][vc_single_image image=\u00a0\u00bb13146&Prime; img_size=\u00a0\u00bbfull\u00a0\u00bb][\/vc_column][vc_column width=\u00a0\u00bb1\/2&Prime;][vc_column_text]<\/p>\n<h3><span style=\"font-weight: 400;\">Solutions d&rsquo;\u00e9tudes de march\u00e9 en ligne en Afrique<\/span><\/h3>\n<p><span style=\"font-weight: 400;\">Gr\u00e2ce \u00e0 notre produit, nous pouvons vous aider \u00e0 obtenir des r\u00e9ponses rapides et fiables sur le consommateur marocain. Les \u00e9tudes de march\u00e9 en ligne augmentent la pr\u00e9cision des donn\u00e9es et r\u00e9duisent les risques d&rsquo;erreurs, car nos pan\u00e9listes saisissent eux-m\u00eames leurs r\u00e9ponses \u00e0 leur rythme. <\/span><\/p>\n<p><span style=\"font-weight: 400;\">La taille du panel nous permet de cibler facilement des groupes d\u00e9mographiques sp\u00e9cifiques, tandis que la mise en place d&rsquo;un projet est beaucoup plus infaillible, flexible et agile que dans le cas d&rsquo;une \u00e9tude traditionnelle. <\/span>[\/vc_column_text][\/vc_column][\/vc_row][vc_row css=\u00a0\u00bb.vc_custom_1643193875289{margin-bottom: 50px !important;}\u00a0\u00bb][vc_column][vc_column_text]<\/p>\n<h3><strong><span style=\"color: #000000;\">Comment cibler des r\u00e9pondants sp\u00e9cifiques \u00e0 l&rsquo;aide d&rsquo;un panel de consommateurs au Maroc ?<\/span><\/strong><\/h3>\n<p><span style=\"font-weight: 400;\">Gr\u00e2ce \u00e0 nos panels en ligne au Maroc, nous pouvons collecter des donn\u00e9es quotidiennes aupr\u00e8s de plus de 20 000 consommateurs. Le taux de p\u00e9n\u00e9tration des smartphones dans ce pays \u00e9tant d&rsquo;environ 70 %, vous pouvez obtenir rapidement des r\u00e9sultats sur le comportement de consommation, la sant\u00e9 de la marque, les concurrents de la marque et bien d&rsquo;autres choses encore. <\/span>[\/vc_column_text][\/vc_column][\/vc_row][vc_row full_width=\u00a0\u00bbstretch_row_content\u00a0\u00bb css=\u00a0\u00bb.vc_custom_1653401062376{background-image: url(https:\/\/sagaciresearch.com\/wp-content\/uploads\/2022\/05\/online-panel-maroc-filter.jpg?id=13804) !important;background-position: center !important;background-repeat: no-repeat !important;background-size: cover !important;}\u00a0\u00bb][vc_column][vc_empty_space height=\u00a0\u00bb175&Prime;][vc_column_text css_animation=\u00a0\u00bbfadeIn\u00a0\u00bb css=\u00a0\u00bb.vc_custom_1656476545465{padding-top: 20px !important;padding-bottom: 30px !important;background-color: #ffffff !important;}\u00a0\u00bb]<\/p>\n<h2 style=\"text-align: center;\"><strong>Une id\u00e9e de la fa\u00e7on dont nos panels en ligne au Maroc peuvent vous aider<\/strong><\/h2>\n<p style=\"text-align: center;\">Vous souhaitez en savoir plus sur les performances des marques de Services de Restauration au Maroc 2022 en utilisant notre \u00e9chantillon de fournisseurs ?<\/p>\n<p style=\"text-align: center;\"><a class=\"vc_general vc_btn3 vc_btn3-size-md vc_btn3-shape-rounded vc_btn3-style-modern vc_btn3-color-violet\" href=\"\/wp-content\/uploads\/2019\/09\/Foodservice-brands-in-Morocco.png\">Voir ici<\/a><\/p>\n<p>[\/vc_column_text][vc_empty_space height=\u00a0\u00bb175&Prime;][\/vc_column][\/vc_row][vc_row css=\u00a0\u00bb.vc_custom_1634284780247{margin-top: 50px !important;margin-bottom: 50px !important;}\u00a0\u00bb][vc_column][vc_column_text]<\/p>\n<h3><b>Clart\u00e9 pour prendre des d\u00e9cisions avis\u00e9es et orient\u00e9es vers l&rsquo;entreprise<\/b><\/h3>\n<p><span style=\"font-weight: 400;\">Si vous avez un besoin sp\u00e9cifique pour votre marque, notre \u00e9chantillon en ligne au Maroc peut vous aider \u00e0 avoir la clart\u00e9 n\u00e9cessaire pour prendre des d\u00e9cisions judicieuses orient\u00e9es vers le march\u00e9. Si vous cherchez \u00e0 atteindre des consommateurs \u00e0 Casablanca, Rabat, Tanger ou Marrakech, nous pouvons vous aider.<\/span><\/p>\n<p>Vous pouvez cibler par \u00e2ge, localisation, profil, habitudes de consommation&#8230; Avec cet outil, tout est possible.<\/p>\n<p><span style=\"font-weight: 400;\">Vous cherchez \u00e0 mieux comprendre et \u00e0 mod\u00e9liser la taille du march\u00e9 dans les pays africains, en particulier au Maroc ? Vous cherchez \u00e0 savoir quels sont les produits les plus populaires et ceux qui les vendent ? Pour en savoir plus sur le Maroc, consultez <a href=\"https:\/\/sagaciresearch.com\/insights\/\" target=\"_blank\" rel=\"noopener\">notre blog<\/a>.<\/span>[\/vc_column_text][\/vc_column][\/vc_row][vc_row css=\u00a0\u00bb.vc_custom_1641544413635{margin-top: 50px !important;}\u00a0\u00bb][vc_column][vc_custom_heading stm_title_font_weight=\u00a0\u00bb700&Prime; text=\u00a0\u00bbD\u00e9mographies du panels au Maroc\u00a0\u00bb font_container=\u00a0\u00bbtag:h3|text_align:center\u00a0\u00bb use_theme_fonts=\u00a0\u00bbyes\u00a0\u00bb][\/vc_column][\/vc_row][vc_row content_placement=\u00a0\u00bbtop\u00a0\u00bb css=\u00a0\u00bb.vc_custom_1643283818930{margin-top: 30px !important;margin-bottom: 30px !important;padding-bottom: 20px !important;background-color: #f2f2f2 !important;}\u00a0\u00bb][vc_column width=\u00a0\u00bb1\/4&Prime;][vc_column_text]<\/p>\n<h4 style=\"text-align: center;\">Population du pays<\/h4>\n<p style=\"text-align: center;\">37 millions<\/p>\n<p>[\/vc_column_text][\/vc_column][vc_column width=\u00a0\u00bb1\/4&Prime;][vc_column_text]<\/p>\n<h4 style=\"text-align: center;\">Urbain<\/h4>\n<p style=\"text-align: center;\">91 %<\/p>\n<p>[\/vc_column_text][\/vc_column][vc_column width=\u00a0\u00bb1\/4&Prime;][vc_column_text]<\/p>\n<h4 style=\"text-align: center;\">Rural<\/h4>\n<p style=\"text-align: center;\">8 %<\/p>\n<p>[\/vc_column_text][\/vc_column][vc_column width=\u00a0\u00bb1\/4&Prime;][vc_column_text]<\/p>\n<h4 style=\"text-align: center;\">P\u00e9n\u00e9tration des smartphones<\/h4>\n<p style=\"text-align: center;\">~ 70%<\/p>\n<p>[\/vc_column_text][\/vc_column][\/vc_row][vc_row content_placement=\u00a0\u00bbtop\u00a0\u00bb css=\u00a0\u00bb.vc_custom_1643283832268{margin-top: 40px !important;margin-bottom: 50px !important;}\u00a0\u00bb][vc_column width=\u00a0\u00bb1\/3&Prime;][vc_progress_bar values=\u00a0\u00bb%5B%7B%22label%22%3A%2218%20%C3%80%2025%22%2C%22value%22%3A%2230%22%7D%2C%7B%22label%22%3A%2226%20%C3%80%2035%22%2C%22value%22%3A%2236%22%7D%2C%7B%22label%22%3A%2236%20%C3%80%2045%22%2C%22value%22%3A%2224%22%7D%2C%7B%22label%22%3A%2246%20%C3%80%2055%22%2C%22value%22%3A%228%22%7D%2C%7B%22label%22%3A%22PLUS%20DE%2055%22%2C%22value%22%3A%221%22%7D%5D\u00a0\u00bb bgcolor=\u00a0\u00bbviolet\u00a0\u00bb title=\u00a0\u00bbPar groupes d&rsquo;\u00e2ge\u00a0\u00bb units=\u00a0\u00bb%\u00a0\u00bb][\/vc_column][vc_column width=\u00a0\u00bb1\/3&Prime;][vc_progress_bar values=\u00a0\u00bb%5B%7B%22label%22%3A%22HOMME%22%2C%22value%22%3A%2252%22%7D%2C%7B%22label%22%3A%22FEMME%22%2C%22value%22%3A%2248%22%7D%5D\u00a0\u00bb bgcolor=\u00a0\u00bbviolet\u00a0\u00bb title=\u00a0\u00bbPar sexe\u00a0\u00bb units=\u00a0\u00bb%\u00a0\u00bb][\/vc_column][vc_column width=\u00a0\u00bb1\/3&Prime;][vc_progress_bar values=\u00a0\u00bb%5B%7B%22label%22%3A%22A%22%2C%22value%22%3A%2228%22%7D%2C%7B%22label%22%3A%22B%22%2C%22value%22%3A%2216%22%7D%2C%7B%22label%22%3A%22C1%22%2C%22value%22%3A%2213%22%7D%2C%7B%22label%22%3A%22C2%22%2C%22value%22%3A%227%22%7D%2C%7B%22label%22%3A%22D%22%2C%22value%22%3A%2222%22%7D%2C%7B%22label%22%3A%22E%22%2C%22value%22%3A%2212%22%7D%2C%7B%22label%22%3A%22N%2FA%22%2C%22value%22%3A%222%22%7D%5D\u00a0\u00bb bgcolor=\u00a0\u00bbviolet\u00a0\u00bb title=\u00a0\u00bbPar classification socio-\u00e9conomique\u00a0\u00bb units=\u00a0\u00bb%\u00a0\u00bb][\/vc_column][\/vc_row][vc_row full_width=\u00a0\u00bbstretch_row\u00a0\u00bb css=\u00a0\u00bb.vc_custom_1625241107934{background-color: #a28bc9 !important;background-position: 0 0 !important;background-repeat: no-repeat !important;}\u00a0\u00bb el_class=\u00a0\u00bbgradient\u00a0\u00bb][vc_column width=\u00a0\u00bb1\/2&Prime; css=\u00a0\u00bb.vc_custom_1614761329840{padding-top: 50px !important;padding-bottom: 50px !important;}\u00a0\u00bb][vc_column_text]<\/p>\n<h2><strong><span style=\"color: #ffffff;\">Commencez avec notre panel en ligne<\/span><\/strong><\/h2>\n<p><span style=\"color: #ffffff;\">Contactez notre \u00e9quipe d\u00e8s maintenant pour demander la faisabilit\u00e9 et les co\u00fbts.<\/span>[\/vc_column_text][vc_btn title=\u00a0\u00bbEnvoyez-nous votre demande\u00a0\u00bb color=\u00a0\u00bbwhite\u00a0\u00bb i_icon_fontawesome=\u00a0\u00bbfas fa-envelope\u00a0\u00bb add_icon=\u00a0\u00bbtrue\u00a0\u00bb link=\u00a0\u00bburl:%2Fcontact%2F%3Fshow%3Dmeeting%26source%3DOnlinePanels%2520Book%2520a%2520Meeting|title:Book%20a%20meeting\u00a0\u00bb][\/vc_column][vc_column width=\u00a0\u00bb1\/2&Prime;][vc_single_image image=\u00a0\u00bb13148&Prime; img_size=\u00a0\u00bbfull\u00a0\u00bb][\/vc_column][\/vc_row][vc_row][vc_column][vc_empty_space height=\u00a0\u00bb50px\u00a0\u00bb][\/vc_column][\/vc_row][vc_row][vc_column][vc_custom_heading stm_title_font_weight=\u00a0\u00bb400&Prime; text=\u00a0\u00bbNos informations \u00e0 partir du panel de consommateurs au Maroc\u00a0\u00bb font_container=\u00a0\u00bbtag:h2|text_align:center\u00a0\u00bb use_theme_fonts=\u00a0\u00bbyes\u00a0\u00bb][stm_news posts_per_row=\u00a0\u00bb4&Prime;][\/vc_column][\/vc_row]<\/p>\n","protected":false},"excerpt":{"rendered":"<p>[vc_row css=\u00a0\u00bb.vc_custom_1639655133450{margin-bottom: 50px !important;}\u00a0\u00bb][vc_column width=\u00a0\u00bb2\/3&Prime;][vc_column_text]Le panel en ligne au Maroc est bas\u00e9 sur la t\u00e9l\u00e9phonie mobile afin d&rsquo;assurer une couverture \u00e9tendue et des d\u00e9lais d&rsquo;ex\u00e9cution rapides. Notre panel de consommateurs et nos capacit\u00e9s de collecte de donn\u00e9es aident les entreprises \u00e0 comprendre les consommateurs \u00e0 travers le pays marocain.[\/vc_column_text][vc_btn title=\u00a0\u00bbNous contacter\u00a0\u00bb color=\u00a0\u00bbviolet\u00a0\u00bb link=\u00a0\u00bburl:%2Fcontact%2F%3Fshow%3Dcontact%26source%3DOnlinePanels%2520Contact\u00a0\u00bb][\/vc_column][vc_column width=\u00a0\u00bb1\/3&Prime;][vc_single_image image=\u00a0\u00bb13210&Prime;<\/p>\n","protected":false},"author":6,"featured_media":0,"parent":0,"menu_order":0,"comment_status":"closed","ping_status":"closed","template":"","meta":{"_acf_changed":false,"footnotes":""},"class_list":["post-16812","page","type-page","status-publish","hentry"],"acf":[],"yoast_head":"<!-- This site is optimized with the Yoast SEO plugin v27.2 - https:\/\/yoast.com\/product\/yoast-seo-wordpress\/ -->\n<title>Panel en ligne au Maroc - Sagaci Research<\/title>\n<meta name=\"description\" content=\"Gr\u00e2ce \u00e0 notre panel en ligne au Maroc, nous pouvons collecter des donn\u00e9es quotidiennes aupr\u00e8s de plus de 20 000 consommateurs. Des r\u00e9sultats rapides et une recherche de qualit\u00e9.\" \/>\n<meta name=\"robots\" content=\"index, follow, max-snippet:-1, max-image-preview:large, max-video-preview:-1\" \/>\n<link rel=\"canonical\" href=\"https:\/\/sagaciresearch.com\/fr\/panel-en-ligne-au-maroc\/\" \/>\n<meta property=\"og:locale\" content=\"fr_FR\" \/>\n<meta property=\"og:type\" content=\"article\" \/>\n<meta property=\"og:title\" content=\"Panel en ligne au Maroc - Sagaci Research\" \/>\n<meta property=\"og:description\" content=\"Gr\u00e2ce \u00e0 notre panel en ligne au Maroc, nous pouvons collecter des donn\u00e9es quotidiennes aupr\u00e8s de plus de 20 000 consommateurs. Des r\u00e9sultats rapides et une recherche de qualit\u00e9.\" \/>\n<meta property=\"og:url\" content=\"https:\/\/sagaciresearch.com\/fr\/panel-en-ligne-au-maroc\/\" \/>\n<meta property=\"og:site_name\" content=\"Sagaci Research\" \/>\n<meta property=\"article:modified_time\" content=\"2023-09-12T08:17:40+00:00\" \/>\n<meta name=\"twitter:card\" content=\"summary_large_image\" \/>\n<meta name=\"twitter:label1\" content=\"Dur\u00e9e de lecture estim\u00e9e\" \/>\n\t<meta name=\"twitter:data1\" content=\"5 minutes\" \/>\n<script type=\"application\/ld+json\" class=\"yoast-schema-graph\">{\"@context\":\"https:\/\/schema.org\",\"@graph\":[{\"@type\":\"WebPage\",\"@id\":\"https:\/\/sagaciresearch.com\/fr\/panel-en-ligne-au-maroc\/\",\"url\":\"https:\/\/sagaciresearch.com\/fr\/panel-en-ligne-au-maroc\/\",\"name\":\"Panel en ligne au Maroc - Sagaci Research\",\"isPartOf\":{\"@id\":\"https:\/\/sagaciresearch.com\/#website\"},\"datePublished\":\"2022-02-18T08:24:28+00:00\",\"dateModified\":\"2023-09-12T08:17:40+00:00\",\"description\":\"Gr\u00e2ce \u00e0 notre panel en ligne au Maroc, nous pouvons collecter des donn\u00e9es quotidiennes aupr\u00e8s de plus de 20 000 consommateurs. Des r\u00e9sultats rapides et une recherche de qualit\u00e9.\",\"breadcrumb\":{\"@id\":\"https:\/\/sagaciresearch.com\/fr\/panel-en-ligne-au-maroc\/#breadcrumb\"},\"inLanguage\":\"fr-FR\",\"potentialAction\":[{\"@type\":\"ReadAction\",\"target\":[\"https:\/\/sagaciresearch.com\/fr\/panel-en-ligne-au-maroc\/\"]}]},{\"@type\":\"BreadcrumbList\",\"@id\":\"https:\/\/sagaciresearch.com\/fr\/panel-en-ligne-au-maroc\/#breadcrumb\",\"itemListElement\":[{\"@type\":\"ListItem\",\"position\":1,\"name\":\"Home\",\"item\":\"https:\/\/sagaciresearch.com\/fr\/\"},{\"@type\":\"ListItem\",\"position\":2,\"name\":\"Panel en ligne au Maroc\"}]},{\"@type\":\"WebSite\",\"@id\":\"https:\/\/sagaciresearch.com\/#website\",\"url\":\"https:\/\/sagaciresearch.com\/\",\"name\":\"Sagaci Research\",\"description\":\"We provide data and insights you can trust to fuel your growth\",\"publisher\":{\"@id\":\"https:\/\/sagaciresearch.com\/#organization\"},\"potentialAction\":[{\"@type\":\"SearchAction\",\"target\":{\"@type\":\"EntryPoint\",\"urlTemplate\":\"https:\/\/sagaciresearch.com\/?s={search_term_string}\"},\"query-input\":{\"@type\":\"PropertyValueSpecification\",\"valueRequired\":true,\"valueName\":\"search_term_string\"}}],\"inLanguage\":\"fr-FR\"},{\"@type\":\"Organization\",\"@id\":\"https:\/\/sagaciresearch.com\/#organization\",\"name\":\"Sagaci Research\",\"url\":\"https:\/\/sagaciresearch.com\/\",\"logo\":{\"@type\":\"ImageObject\",\"inLanguage\":\"fr-FR\",\"@id\":\"https:\/\/sagaciresearch.com\/#\/schema\/logo\/image\/\",\"url\":\"https:\/\/sagaciresearch.com\/wp-content\/uploads\/2019\/09\/SR2.jpg\",\"contentUrl\":\"https:\/\/sagaciresearch.com\/wp-content\/uploads\/2019\/09\/SR2.jpg\",\"width\":960,\"height\":960,\"caption\":\"Sagaci Research\"},\"image\":{\"@id\":\"https:\/\/sagaciresearch.com\/#\/schema\/logo\/image\/\"}}]}<\/script>\n<!-- \/ Yoast SEO plugin. -->","yoast_head_json":{"title":"Panel en ligne au Maroc - Sagaci Research","description":"Gr\u00e2ce \u00e0 notre panel en ligne au Maroc, nous pouvons collecter des donn\u00e9es quotidiennes aupr\u00e8s de plus de 20 000 consommateurs. Des r\u00e9sultats rapides et une recherche de qualit\u00e9.","robots":{"index":"index","follow":"follow","max-snippet":"max-snippet:-1","max-image-preview":"max-image-preview:large","max-video-preview":"max-video-preview:-1"},"canonical":"https:\/\/sagaciresearch.com\/fr\/panel-en-ligne-au-maroc\/","og_locale":"fr_FR","og_type":"article","og_title":"Panel en ligne au Maroc - Sagaci Research","og_description":"Gr\u00e2ce \u00e0 notre panel en ligne au Maroc, nous pouvons collecter des donn\u00e9es quotidiennes aupr\u00e8s de plus de 20 000 consommateurs. Des r\u00e9sultats rapides et une recherche de qualit\u00e9.","og_url":"https:\/\/sagaciresearch.com\/fr\/panel-en-ligne-au-maroc\/","og_site_name":"Sagaci Research","article_modified_time":"2023-09-12T08:17:40+00:00","twitter_card":"summary_large_image","twitter_misc":{"Dur\u00e9e de lecture estim\u00e9e":"5 minutes"},"schema":{"@context":"https:\/\/schema.org","@graph":[{"@type":"WebPage","@id":"https:\/\/sagaciresearch.com\/fr\/panel-en-ligne-au-maroc\/","url":"https:\/\/sagaciresearch.com\/fr\/panel-en-ligne-au-maroc\/","name":"Panel en ligne au Maroc - Sagaci Research","isPartOf":{"@id":"https:\/\/sagaciresearch.com\/#website"},"datePublished":"2022-02-18T08:24:28+00:00","dateModified":"2023-09-12T08:17:40+00:00","description":"Gr\u00e2ce \u00e0 notre panel en ligne au Maroc, nous pouvons collecter des donn\u00e9es quotidiennes aupr\u00e8s de plus de 20 000 consommateurs. Des r\u00e9sultats rapides et une recherche de qualit\u00e9.","breadcrumb":{"@id":"https:\/\/sagaciresearch.com\/fr\/panel-en-ligne-au-maroc\/#breadcrumb"},"inLanguage":"fr-FR","potentialAction":[{"@type":"ReadAction","target":["https:\/\/sagaciresearch.com\/fr\/panel-en-ligne-au-maroc\/"]}]},{"@type":"BreadcrumbList","@id":"https:\/\/sagaciresearch.com\/fr\/panel-en-ligne-au-maroc\/#breadcrumb","itemListElement":[{"@type":"ListItem","position":1,"name":"Home","item":"https:\/\/sagaciresearch.com\/fr\/"},{"@type":"ListItem","position":2,"name":"Panel en ligne au Maroc"}]},{"@type":"WebSite","@id":"https:\/\/sagaciresearch.com\/#website","url":"https:\/\/sagaciresearch.com\/","name":"Sagaci Research","description":"We provide data and insights you can trust to fuel your growth","publisher":{"@id":"https:\/\/sagaciresearch.com\/#organization"},"potentialAction":[{"@type":"SearchAction","target":{"@type":"EntryPoint","urlTemplate":"https:\/\/sagaciresearch.com\/?s={search_term_string}"},"query-input":{"@type":"PropertyValueSpecification","valueRequired":true,"valueName":"search_term_string"}}],"inLanguage":"fr-FR"},{"@type":"Organization","@id":"https:\/\/sagaciresearch.com\/#organization","name":"Sagaci Research","url":"https:\/\/sagaciresearch.com\/","logo":{"@type":"ImageObject","inLanguage":"fr-FR","@id":"https:\/\/sagaciresearch.com\/#\/schema\/logo\/image\/","url":"https:\/\/sagaciresearch.com\/wp-content\/uploads\/2019\/09\/SR2.jpg","contentUrl":"https:\/\/sagaciresearch.com\/wp-content\/uploads\/2019\/09\/SR2.jpg","width":960,"height":960,"caption":"Sagaci Research"},"image":{"@id":"https:\/\/sagaciresearch.com\/#\/schema\/logo\/image\/"}}]}},"_links":{"self":[{"href":"https:\/\/sagaciresearch.com\/fr\/wp-json\/wp\/v2\/pages\/16812","targetHints":{"allow":["GET"]}}],"collection":[{"href":"https:\/\/sagaciresearch.com\/fr\/wp-json\/wp\/v2\/pages"}],"about":[{"href":"https:\/\/sagaciresearch.com\/fr\/wp-json\/wp\/v2\/types\/page"}],"author":[{"embeddable":true,"href":"https:\/\/sagaciresearch.com\/fr\/wp-json\/wp\/v2\/users\/6"}],"replies":[{"embeddable":true,"href":"https:\/\/sagaciresearch.com\/fr\/wp-json\/wp\/v2\/comments?post=16812"}],"version-history":[{"count":1,"href":"https:\/\/sagaciresearch.com\/fr\/wp-json\/wp\/v2\/pages\/16812\/revisions"}],"predecessor-version":[{"id":17412,"href":"https:\/\/sagaciresearch.com\/fr\/wp-json\/wp\/v2\/pages\/16812\/revisions\/17412"}],"wp:attachment":[{"href":"https:\/\/sagaciresearch.com\/fr\/wp-json\/wp\/v2\/media?parent=16812"}],"curies":[{"name":"wp","href":"https:\/\/api.w.org\/{rel}","templated":true}]}}