{"id":16807,"date":"2022-02-11T07:19:49","date_gmt":"2022-02-11T06:19:49","guid":{"rendered":"https:\/\/sagaciresearch.com\/panel-en-ligne-au-gabon\/"},"modified":"2023-09-08T17:34:38","modified_gmt":"2023-09-08T15:34:38","slug":"panel-en-ligne-au-gabon","status":"publish","type":"page","link":"https:\/\/sagaciresearch.com\/fr\/panel-en-ligne-au-gabon\/","title":{"rendered":"Panel en ligne au Gabon"},"content":{"rendered":"<p>[vc_row css=\u00a0\u00bb.vc_custom_1639655133450{margin-bottom: 50px !important;}\u00a0\u00bb][vc_column width=\u00a0\u00bb2\/3&Prime;][vc_column_text]Notre panel en ligne au Gabon aide les entreprises \u00e0 comprendre les consommateurs du continent africain.<\/p>\n<p>Notre \u00e9chantillon repr\u00e9sentatif en ligne est bas\u00e9 sur la t\u00e9l\u00e9phonie mobile afin d&rsquo;assurer une couverture \u00e9tendue et des d\u00e9lais d&rsquo;ex\u00e9cution rapides. Vous pourrez compter sur des milliers de r\u00e9pondants au sein d&rsquo;un panel en ligne tr\u00e8s impliqu\u00e9, et sur des r\u00e9ponses d\u00e9taill\u00e9es \u00e0 vos questions &#8211; les r\u00e9sultats \u00e9tant disponibles en quelques jours.[\/vc_column_text][vc_btn title=\u00a0\u00bbNous contacter\u00a0\u00bb color=\u00a0\u00bbviolet\u00a0\u00bb link=\u00a0\u00bburl:%2Fcontact%2F%3Fshow%3Dcontact%26source%3DOnlinePanels%2520Contact\u00a0\u00bb][\/vc_column][vc_column width=\u00a0\u00bb1\/3&Prime;][vc_single_image image=\u00a0\u00bb13159&Prime; img_size=\u00a0\u00bbmedium\u00a0\u00bb][\/vc_column][\/vc_row][vc_row full_width=\u00a0\u00bbstretch_row\u00a0\u00bb css=\u00a0\u00bb.vc_custom_1643194041373{margin-top: 50px !important;margin-bottom: 50px !important;padding-top: 20px !important;background-color: #a28bc9 !important;}\u00a0\u00bb el_class=\u00a0\u00bbgradient\u00a0\u00bb][vc_column width=\u00a0\u00bb1\/2&Prime;][vc_single_image image=\u00a0\u00bb13024&Prime; img_size=\u00a0\u00bbfull\u00a0\u00bb][\/vc_column][vc_column width=\u00a0\u00bb1\/2&Prime;][vc_column_text]<\/p>\n<h3><strong><span style=\"color: #000000;\">Panel en ligne repr\u00e9sentatif au Gabon avec une qualit\u00e9 robuste<\/span><\/strong><\/h3>\n<p>Avec les panels panafricains en ligne de Sagaci Research, vous disposerez d&rsquo;un solide processus de contr\u00f4le de la qualit\u00e9 qui permettra des \u00e9tudes multi-pays sans faille et comparatives.[\/vc_column_text][\/vc_column][\/vc_row][vc_row css=\u00a0\u00bb.vc_custom_1643193875289{margin-bottom: 50px !important;}\u00a0\u00bb][vc_column][vc_column_text]<\/p>\n<h3><strong><span style=\"color: #000000;\">Comment pouvez-vous cibler des r\u00e9pondants sp\u00e9cifiques en utilisant notre panel de consommateurs au Gabon ?<\/span><\/strong><\/h3>\n<p><i class=\"fas fa-check-circle\"><\/i>Ciblez des lieux sp\u00e9cifiques (r\u00e9gions, villes, quartiers&#8230;)<br \/>\n<i class=\"fas fa-check-circle\"><\/i>Ciblez les caract\u00e9ristiques sp\u00e9cifiques des m\u00e9nages (par exemple, le nombre d&rsquo;enfants, l&rsquo;\u00e2ge des enfants,&#8230;)<br \/>\n<i class=\"fas fa-check-circle\"><\/i>Ciblez les consommateurs de certaines cat\u00e9gories de produits de grande consommation (alimentaires et non alimentaires)<br \/>\n<i class=\"fas fa-check-circle\"><\/i>Ciblez les propri\u00e9taires d&rsquo;appareils \u00e9lectrom\u00e9nagers, d&rsquo;appareils \u00e9lectroniques ou de v\u00e9hicules<br \/>\n<i class=\"fas fa-check-circle\"><\/i>Ciblez les utilisateurs de produits financiers sp\u00e9cifiques (y compris les assurances)<br \/>\n<i class=\"fas fa-check-circle\"><\/i>Ciblez des professions sp\u00e9cifiques (par exemple, les agriculteurs, les professionnels de l&rsquo;informatique, les commer\u00e7ants, les PME, etc.)<br \/>\n<i class=\"fas fa-check-circle\"><\/i> Etc&#8230;[\/vc_column_text][\/vc_column][\/vc_row][vc_row full_width=\u00a0\u00bbstretch_row\u00a0\u00bb css=\u00a0\u00bb.vc_custom_1643193705201{padding-top: 47px !important;padding-bottom: 60px !important;background-color: #967fc4 !important;}\u00a0\u00bb el_class=\u00a0\u00bbgradient\u00a0\u00bb][vc_column][vc_custom_heading stm_title_font_weight=\u00a0\u00bb700&Prime; text=\u00a0\u00bbAvantages de notre fournisseur d&rsquo;\u00e9chantillons au Gabon\u00a0\u00bb font_container=\u00a0\u00bbtag:h3|text_align:center\u00a0\u00bb use_theme_fonts=\u00a0\u00bbyes\u00a0\u00bb][vc_row_inner equal_height=\u00a0\u00bbyes\u00a0\u00bb content_placement=\u00a0\u00bbmiddle\u00a0\u00bb gap=\u00a0\u00bb20&Prime; el_class=\u00a0\u00bbsquare\u00a0\u00bb][vc_column_inner width=\u00a0\u00bb1\/3&Prime; css=\u00a0\u00bb.vc_custom_1620310643924{background-color: #ffffff !important;}\u00a0\u00bb][stm_info_box align_center=\u00a0\u00bbyes\u00a0\u00bb style=\u00a0\u00bbstyle_2&Prime; title=\u00a0\u00bbPort\u00e9e\u00a0\u00bb css=\u00a0\u00bb.vc_custom_1643378896337{padding-top: 10px !important;padding-right: 50px !important;padding-bottom: 10px !important;padding-left: 50px !important;}\u00a0\u00bb]<span style=\"font-weight: 400;\">Acc\u00e9dez \u00e0 des clients dans tout le pays avec un simple clic<\/span>[\/stm_info_box][\/vc_column_inner][vc_column_inner width=\u00a0\u00bb1\/3&Prime; css=\u00a0\u00bb.vc_custom_1620310653042{background-color: #ffffff !important;}\u00a0\u00bb][stm_info_box align_center=\u00a0\u00bbyes\u00a0\u00bb style=\u00a0\u00bbstyle_2&Prime; title=\u00a0\u00bbPr\u00e9cis\u00a0\u00bb css=\u00a0\u00bb.vc_custom_1643378901071{padding-top: 10px !important;padding-right: 50px !important;padding-bottom: 10px !important;padding-left: 50px !important;}\u00a0\u00bb]<span style=\"font-weight: 400;\">Des membres fiables et engag\u00e9s qui fournissent des r\u00e9ponses de qualit\u00e9<\/span>[\/stm_info_box][\/vc_column_inner][vc_column_inner width=\u00a0\u00bb1\/3&Prime; css=\u00a0\u00bb.vc_custom_1620310663259{background-color: #ffffff !important;}\u00a0\u00bb][stm_info_box align_center=\u00a0\u00bbyes\u00a0\u00bb style=\u00a0\u00bbstyle_2&Prime; title=\u00a0\u00bbRepr\u00e9sentatif\u00a0\u00bb css=\u00a0\u00bb.vc_custom_1643378906955{padding-top: 10px !important;padding-right: 50px !important;padding-bottom: 10px !important;padding-left: 50px !important;}\u00a0\u00bb]<span style=\"font-weight: 400;\">\u00c9chantillon national repr\u00e9sentatif de toutes les cat\u00e9gories sociod\u00e9mographiques : \u00e2ge, sexe, revenu, zone urbaine\/rurale,&#8230;<\/span>[\/stm_info_box][\/vc_column_inner][\/vc_row_inner][vc_row_inner equal_height=\u00a0\u00bbyes\u00a0\u00bb content_placement=\u00a0\u00bbmiddle\u00a0\u00bb gap=\u00a0\u00bb20&Prime; el_class=\u00a0\u00bbsquare\u00a0\u00bb][vc_column_inner width=\u00a0\u00bb1\/3&Prime; css=\u00a0\u00bb.vc_custom_1620310683210{background-color: #ffffff !important;}\u00a0\u00bb][stm_info_box align_center=\u00a0\u00bbyes\u00a0\u00bb style=\u00a0\u00bbstyle_2&Prime; title=\u00a0\u00bbR\u00e9actif\u00a0\u00bb css=\u00a0\u00bb.vc_custom_1643378912472{padding-top: 10px !important;padding-right: 50px !important;padding-bottom: 10px !important;padding-left: 50px !important;}\u00a0\u00bb]<span style=\"font-weight: 400;\">Recueillez des quatit\u00e9s massives de donn\u00e9es dans un court laps de temps<\/span>[\/stm_info_box][\/vc_column_inner][vc_column_inner width=\u00a0\u00bb1\/3&Prime; css=\u00a0\u00bb.vc_custom_1620310676094{background-color: #ffffff !important;}\u00a0\u00bb][stm_info_box align_center=\u00a0\u00bbyes\u00a0\u00bb style=\u00a0\u00bbstyle_2&Prime; title=\u00a0\u00bbCibl\u00e9\u00a0\u00bb css=\u00a0\u00bb.vc_custom_1643378919359{padding-top: 10px !important;padding-right: 50px !important;padding-bottom: 10px !important;padding-left: 50px !important;}\u00a0\u00bb]<span style=\"font-weight: 400;\">Exploiter les donn\u00e9es de profilage pour cibler des groupes sp\u00e9cifiques<\/span>[\/stm_info_box][\/vc_column_inner][vc_column_inner width=\u00a0\u00bb1\/3&Prime; css=\u00a0\u00bb.vc_custom_1620310670034{background-color: #ffffff !important;}\u00a0\u00bb][stm_info_box align_center=\u00a0\u00bbyes\u00a0\u00bb style=\u00a0\u00bbstyle_2&Prime; title=\u00a0\u00bbRapide\u00a0\u00bb css=\u00a0\u00bb.vc_custom_1643378923807{padding-top: 10px !important;padding-right: 50px !important;padding-bottom: 10px !important;padding-left: 50px !important;}\u00a0\u00bb]<span style=\"font-weight: 400;\">D\u00e9lais d&rsquo;ex\u00e9cution rapides et travail sur le terrain acc\u00e9l\u00e9r\u00e9<\/span>[\/stm_info_box][\/vc_column_inner][\/vc_row_inner][\/vc_column][\/vc_row][vc_row css=\u00a0\u00bb.vc_custom_1634284780247{margin-top: 50px !important;margin-bottom: 50px !important;}\u00a0\u00bb][vc_column][vc_column_text]<\/p>\n<h3><strong><span style=\"color: #000000;\">Pourquoi faire confiance \u00e0 notre panel de consommateurs au Gabon ? <\/span><\/strong><\/h3>\n<p><i class=\"fas fa-check-circle\"><\/i> Des canaux de recrutement de membres diversifi\u00e9s : Campagnes publicitaires, influenceurs sur les r\u00e9seaux sociaux, recommandations, ambassadeurs hors ligne, inscription directe,&#8230;<br \/>\n<i class=\"fas fa-check-circle\"><\/i> Caract\u00e9ristiques d\u00e9mographiques d\u00e9taill\u00e9es disponibles : Tous les pan\u00e9listes profil\u00e9s lors de l&rsquo;inscription initiale<br \/>\n<i class=\"fas fa-check-circle\"><\/i> Un engagement fort : Les pan\u00e9listes sont encourag\u00e9s \u00e0 visiter l&rsquo;application tous les jours, avec des enqu\u00eates quotidiennes mises \u00e0 leur disposition.<br \/>\n<i class=\"fas fa-check-circle\"><\/i> Environnement contr\u00f4l\u00e9 : Inscription au panel avec le compte Google \/ Android des membres (unique)<br \/>\n<i class=\"fas fa-check-circle\"><\/i> Panel ax\u00e9 sur la qualit\u00e9 : Les pan\u00e9listes sont not\u00e9s en fonction de la qualit\u00e9 globale de leurs r\u00e9ponses. La priorit\u00e9 est donn\u00e9e aux pan\u00e9listes les mieux not\u00e9s lors de l&rsquo;attribution des enqu\u00eates.[\/vc_column_text][\/vc_column][\/vc_row][vc_row css=\u00a0\u00bb.vc_custom_1641544413635{margin-top: 50px !important;}\u00a0\u00bb][vc_column][vc_custom_heading stm_title_font_weight=\u00a0\u00bb700&Prime; text=\u00a0\u00bbD\u00e9mographies du panel au Gabon\u00a0\u00bb font_container=\u00a0\u00bbtag:h3|text_align:center\u00a0\u00bb use_theme_fonts=\u00a0\u00bbyes\u00a0\u00bb][\/vc_column][\/vc_row][vc_row content_placement=\u00a0\u00bbtop\u00a0\u00bb css=\u00a0\u00bb.vc_custom_1643283818930{margin-top: 30px !important;margin-bottom: 30px !important;padding-bottom: 20px !important;background-color: #f2f2f2 !important;}\u00a0\u00bb][vc_column width=\u00a0\u00bb1\/4&Prime;][vc_column_text]<\/p>\n<h4 style=\"text-align: center;\">Population du pays<\/h4>\n<p style=\"text-align: center;\">2 millions<\/p>\n<p>[\/vc_column_text][\/vc_column][vc_column width=\u00a0\u00bb1\/4&Prime;][vc_column_text]<\/p>\n<h4 style=\"text-align: center;\">Urbain<\/h4>\n<p style=\"text-align: center;\">96 %<\/p>\n<p>[\/vc_column_text][\/vc_column][vc_column width=\u00a0\u00bb1\/4&Prime;][vc_column_text]<\/p>\n<h4 style=\"text-align: center;\">Rural<\/h4>\n<p style=\"text-align: center;\">4 %<\/p>\n<p>[\/vc_column_text][\/vc_column][vc_column width=\u00a0\u00bb1\/4&Prime;][vc_column_text]<\/p>\n<h4 style=\"text-align: center;\">P\u00e9n\u00e9tration des smartphones<\/h4>\n<p style=\"text-align: center;\">~ 60%<\/p>\n<p>[\/vc_column_text][\/vc_column][\/vc_row][vc_row content_placement=\u00a0\u00bbtop\u00a0\u00bb css=\u00a0\u00bb.vc_custom_1643283832268{margin-top: 40px !important;margin-bottom: 50px !important;}\u00a0\u00bb][vc_column width=\u00a0\u00bb1\/3&Prime;][vc_progress_bar values=\u00a0\u00bb%5B%7B%22label%22%3A%2218%20%C3%80%2025%22%2C%22value%22%3A%2232%22%7D%2C%7B%22label%22%3A%2226%20%C3%80%20%2035%22%2C%22value%22%3A%2241%22%7D%2C%7B%22label%22%3A%2236%20%C3%80%20%2045%22%2C%22value%22%3A%2217%22%7D%2C%7B%22label%22%3A%2246%20%C3%80%2055%22%2C%22value%22%3A%224%22%7D%2C%7B%22label%22%3A%22PLUS%20DE%2055%22%2C%22value%22%3A%221%22%7D%5D\u00a0\u00bb bgcolor=\u00a0\u00bbviolet\u00a0\u00bb title=\u00a0\u00bbPar groupes d&rsquo;\u00e2ge\u00a0\u00bb units=\u00a0\u00bb%\u00a0\u00bb][\/vc_column][vc_column width=\u00a0\u00bb1\/3&Prime;][vc_progress_bar values=\u00a0\u00bb%5B%7B%22label%22%3A%22HOMME%22%2C%22value%22%3A%2254%22%7D%2C%7B%22label%22%3A%22FEMME%22%2C%22value%22%3A%2246%22%7D%5D\u00a0\u00bb bgcolor=\u00a0\u00bbviolet\u00a0\u00bb title=\u00a0\u00bbPar sexe\u00a0\u00bb units=\u00a0\u00bb%\u00a0\u00bb][\/vc_column][vc_column width=\u00a0\u00bb1\/3&Prime;][vc_progress_bar values=\u00a0\u00bb%5B%7B%22label%22%3A%22A%22%2C%22value%22%3A%2238%22%7D%2C%7B%22label%22%3A%22B%22%2C%22value%22%3A%2215%22%7D%2C%7B%22label%22%3A%22C1%22%2C%22value%22%3A%2214%22%7D%2C%7B%22label%22%3A%22C2%22%2C%22value%22%3A%225%22%7D%2C%7B%22label%22%3A%22D%22%2C%22value%22%3A%2216%22%7D%2C%7B%22label%22%3A%22E%22%2C%22value%22%3A%224%22%7D%2C%7B%22label%22%3A%22N%2FA%22%2C%22value%22%3A%228%22%7D%5D\u00a0\u00bb bgcolor=\u00a0\u00bbviolet\u00a0\u00bb title=\u00a0\u00bbPar classification socio-\u00e9conomique\u00a0\u00bb units=\u00a0\u00bb%\u00a0\u00bb][\/vc_column][\/vc_row][vc_row full_width=\u00a0\u00bbstretch_row\u00a0\u00bb css=\u00a0\u00bb.vc_custom_1625241107934{background-color: #a28bc9 !important;background-position: 0 0 !important;background-repeat: no-repeat !important;}\u00a0\u00bb el_class=\u00a0\u00bbgradient\u00a0\u00bb][vc_column width=\u00a0\u00bb1\/2&Prime; css=\u00a0\u00bb.vc_custom_1614761329840{padding-top: 50px !important;padding-bottom: 50px !important;}\u00a0\u00bb][vc_column_text]<\/p>\n<h2><strong><span style=\"color: #ffffff;\">D\u00e9marrer avec notre panel en ligne au Gabon<\/span><\/strong><\/h2>\n<p><span style=\"color: #ffffff;\">Contactez notre \u00e9quipe d\u00e8s maintenant pour demander la faisabilit\u00e9 et les co\u00fbts.<\/span>[\/vc_column_text][vc_btn title=\u00a0\u00bbEnvoyez-nous votre demande\u00a0\u00bb color=\u00a0\u00bbwhite\u00a0\u00bb i_icon_fontawesome=\u00a0\u00bbfas fa-envelope\u00a0\u00bb add_icon=\u00a0\u00bbtrue\u00a0\u00bb link=\u00a0\u00bburl:%2Fcontact%2F%3Fshow%3Dmeeting%26source%3DOnlinePanels%2520Book%2520a%2520Meeting|title:Book%20a%20meeting\u00a0\u00bb][\/vc_column][vc_column width=\u00a0\u00bb1\/2&Prime;][vc_single_image image=\u00a0\u00bb8022&Prime; img_size=\u00a0\u00bbfull\u00a0\u00bb][\/vc_column][\/vc_row][vc_row][vc_column][vc_empty_space height=\u00a0\u00bb50px\u00a0\u00bb][\/vc_column][\/vc_row][vc_row][vc_column][vc_custom_heading stm_title_font_weight=\u00a0\u00bb400&Prime; text=\u00a0\u00bbNos informations sur les panels en ligne au Gabon\u00a0\u00bb font_container=\u00a0\u00bbtag:h2|text_align:center\u00a0\u00bb use_theme_fonts=\u00a0\u00bbyes\u00a0\u00bb][stm_news posts_per_row=\u00a0\u00bb4&Prime;][\/vc_column][\/vc_row]<\/p>\n","protected":false},"excerpt":{"rendered":"<p>[vc_row css=\u00a0\u00bb.vc_custom_1639655133450{margin-bottom: 50px !important;}\u00a0\u00bb][vc_column width=\u00a0\u00bb2\/3&Prime;][vc_column_text]Notre panel en ligne au Gabon aide les entreprises \u00e0 comprendre les consommateurs du continent africain. Notre \u00e9chantillon repr\u00e9sentatif en ligne est bas\u00e9 sur la t\u00e9l\u00e9phonie mobile afin d&rsquo;assurer une couverture \u00e9tendue et des d\u00e9lais d&rsquo;ex\u00e9cution rapides. Vous pourrez compter sur des milliers de r\u00e9pondants au sein d&rsquo;un panel en ligne<\/p>\n","protected":false},"author":6,"featured_media":0,"parent":0,"menu_order":0,"comment_status":"closed","ping_status":"closed","template":"","meta":{"_acf_changed":false,"footnotes":""},"class_list":["post-16807","page","type-page","status-publish","hentry"],"acf":[],"yoast_head":"<!-- This site is optimized with the Yoast SEO plugin v27.2 - https:\/\/yoast.com\/product\/yoast-seo-wordpress\/ -->\n<title>Panel en ligne au Gabon - Sagaci Research<\/title>\n<meta name=\"description\" content=\"Panel en ligne repr\u00e9sentatif au Gabon : Avec les panels en ligne panafricains de Sagaci Research, vous disposerez d&#039;un processus de contr\u00f4le de qualit\u00e9 solide.\" \/>\n<meta name=\"robots\" content=\"index, follow, max-snippet:-1, max-image-preview:large, max-video-preview:-1\" \/>\n<link rel=\"canonical\" href=\"https:\/\/sagaciresearch.com\/fr\/panel-en-ligne-au-gabon\/\" \/>\n<meta property=\"og:locale\" content=\"fr_FR\" \/>\n<meta property=\"og:type\" content=\"article\" \/>\n<meta property=\"og:title\" content=\"Panel en ligne au Gabon - Sagaci Research\" \/>\n<meta property=\"og:description\" content=\"Panel en ligne repr\u00e9sentatif au Gabon : Avec les panels en ligne panafricains de Sagaci Research, vous disposerez d&#039;un processus de contr\u00f4le de qualit\u00e9 solide.\" \/>\n<meta property=\"og:url\" content=\"https:\/\/sagaciresearch.com\/fr\/panel-en-ligne-au-gabon\/\" \/>\n<meta property=\"og:site_name\" content=\"Sagaci Research\" \/>\n<meta property=\"article:modified_time\" content=\"2023-09-08T15:34:38+00:00\" \/>\n<meta name=\"twitter:card\" content=\"summary_large_image\" \/>\n<meta name=\"twitter:label1\" content=\"Dur\u00e9e de lecture estim\u00e9e\" \/>\n\t<meta name=\"twitter:data1\" content=\"7 minutes\" \/>\n<script type=\"application\/ld+json\" class=\"yoast-schema-graph\">{\"@context\":\"https:\/\/schema.org\",\"@graph\":[{\"@type\":\"WebPage\",\"@id\":\"https:\/\/sagaciresearch.com\/fr\/panel-en-ligne-au-gabon\/\",\"url\":\"https:\/\/sagaciresearch.com\/fr\/panel-en-ligne-au-gabon\/\",\"name\":\"Panel en ligne au Gabon - Sagaci Research\",\"isPartOf\":{\"@id\":\"https:\/\/sagaciresearch.com\/#website\"},\"datePublished\":\"2022-02-11T06:19:49+00:00\",\"dateModified\":\"2023-09-08T15:34:38+00:00\",\"description\":\"Panel en ligne repr\u00e9sentatif au Gabon : Avec les panels en ligne panafricains de Sagaci Research, vous disposerez d'un processus de contr\u00f4le de qualit\u00e9 solide.\",\"breadcrumb\":{\"@id\":\"https:\/\/sagaciresearch.com\/fr\/panel-en-ligne-au-gabon\/#breadcrumb\"},\"inLanguage\":\"fr-FR\",\"potentialAction\":[{\"@type\":\"ReadAction\",\"target\":[\"https:\/\/sagaciresearch.com\/fr\/panel-en-ligne-au-gabon\/\"]}]},{\"@type\":\"BreadcrumbList\",\"@id\":\"https:\/\/sagaciresearch.com\/fr\/panel-en-ligne-au-gabon\/#breadcrumb\",\"itemListElement\":[{\"@type\":\"ListItem\",\"position\":1,\"name\":\"Home\",\"item\":\"https:\/\/sagaciresearch.com\/fr\/\"},{\"@type\":\"ListItem\",\"position\":2,\"name\":\"Panel en ligne au Gabon\"}]},{\"@type\":\"WebSite\",\"@id\":\"https:\/\/sagaciresearch.com\/#website\",\"url\":\"https:\/\/sagaciresearch.com\/\",\"name\":\"Sagaci Research\",\"description\":\"We provide data and insights you can trust to fuel your growth\",\"publisher\":{\"@id\":\"https:\/\/sagaciresearch.com\/#organization\"},\"potentialAction\":[{\"@type\":\"SearchAction\",\"target\":{\"@type\":\"EntryPoint\",\"urlTemplate\":\"https:\/\/sagaciresearch.com\/?s={search_term_string}\"},\"query-input\":{\"@type\":\"PropertyValueSpecification\",\"valueRequired\":true,\"valueName\":\"search_term_string\"}}],\"inLanguage\":\"fr-FR\"},{\"@type\":\"Organization\",\"@id\":\"https:\/\/sagaciresearch.com\/#organization\",\"name\":\"Sagaci Research\",\"url\":\"https:\/\/sagaciresearch.com\/\",\"logo\":{\"@type\":\"ImageObject\",\"inLanguage\":\"fr-FR\",\"@id\":\"https:\/\/sagaciresearch.com\/#\/schema\/logo\/image\/\",\"url\":\"https:\/\/sagaciresearch.com\/wp-content\/uploads\/2019\/09\/SR2.jpg\",\"contentUrl\":\"https:\/\/sagaciresearch.com\/wp-content\/uploads\/2019\/09\/SR2.jpg\",\"width\":960,\"height\":960,\"caption\":\"Sagaci Research\"},\"image\":{\"@id\":\"https:\/\/sagaciresearch.com\/#\/schema\/logo\/image\/\"}}]}<\/script>\n<!-- \/ Yoast SEO plugin. -->","yoast_head_json":{"title":"Panel en ligne au Gabon - Sagaci Research","description":"Panel en ligne repr\u00e9sentatif au Gabon : Avec les panels en ligne panafricains de Sagaci Research, vous disposerez d'un processus de contr\u00f4le de qualit\u00e9 solide.","robots":{"index":"index","follow":"follow","max-snippet":"max-snippet:-1","max-image-preview":"max-image-preview:large","max-video-preview":"max-video-preview:-1"},"canonical":"https:\/\/sagaciresearch.com\/fr\/panel-en-ligne-au-gabon\/","og_locale":"fr_FR","og_type":"article","og_title":"Panel en ligne au Gabon - Sagaci Research","og_description":"Panel en ligne repr\u00e9sentatif au Gabon : Avec les panels en ligne panafricains de Sagaci Research, vous disposerez d'un processus de contr\u00f4le de qualit\u00e9 solide.","og_url":"https:\/\/sagaciresearch.com\/fr\/panel-en-ligne-au-gabon\/","og_site_name":"Sagaci Research","article_modified_time":"2023-09-08T15:34:38+00:00","twitter_card":"summary_large_image","twitter_misc":{"Dur\u00e9e de lecture estim\u00e9e":"7 minutes"},"schema":{"@context":"https:\/\/schema.org","@graph":[{"@type":"WebPage","@id":"https:\/\/sagaciresearch.com\/fr\/panel-en-ligne-au-gabon\/","url":"https:\/\/sagaciresearch.com\/fr\/panel-en-ligne-au-gabon\/","name":"Panel en ligne au Gabon - Sagaci Research","isPartOf":{"@id":"https:\/\/sagaciresearch.com\/#website"},"datePublished":"2022-02-11T06:19:49+00:00","dateModified":"2023-09-08T15:34:38+00:00","description":"Panel en ligne repr\u00e9sentatif au Gabon : Avec les panels en ligne panafricains de Sagaci Research, vous disposerez d'un processus de contr\u00f4le de qualit\u00e9 solide.","breadcrumb":{"@id":"https:\/\/sagaciresearch.com\/fr\/panel-en-ligne-au-gabon\/#breadcrumb"},"inLanguage":"fr-FR","potentialAction":[{"@type":"ReadAction","target":["https:\/\/sagaciresearch.com\/fr\/panel-en-ligne-au-gabon\/"]}]},{"@type":"BreadcrumbList","@id":"https:\/\/sagaciresearch.com\/fr\/panel-en-ligne-au-gabon\/#breadcrumb","itemListElement":[{"@type":"ListItem","position":1,"name":"Home","item":"https:\/\/sagaciresearch.com\/fr\/"},{"@type":"ListItem","position":2,"name":"Panel en ligne au Gabon"}]},{"@type":"WebSite","@id":"https:\/\/sagaciresearch.com\/#website","url":"https:\/\/sagaciresearch.com\/","name":"Sagaci Research","description":"We provide data and insights you can trust to fuel your growth","publisher":{"@id":"https:\/\/sagaciresearch.com\/#organization"},"potentialAction":[{"@type":"SearchAction","target":{"@type":"EntryPoint","urlTemplate":"https:\/\/sagaciresearch.com\/?s={search_term_string}"},"query-input":{"@type":"PropertyValueSpecification","valueRequired":true,"valueName":"search_term_string"}}],"inLanguage":"fr-FR"},{"@type":"Organization","@id":"https:\/\/sagaciresearch.com\/#organization","name":"Sagaci Research","url":"https:\/\/sagaciresearch.com\/","logo":{"@type":"ImageObject","inLanguage":"fr-FR","@id":"https:\/\/sagaciresearch.com\/#\/schema\/logo\/image\/","url":"https:\/\/sagaciresearch.com\/wp-content\/uploads\/2019\/09\/SR2.jpg","contentUrl":"https:\/\/sagaciresearch.com\/wp-content\/uploads\/2019\/09\/SR2.jpg","width":960,"height":960,"caption":"Sagaci Research"},"image":{"@id":"https:\/\/sagaciresearch.com\/#\/schema\/logo\/image\/"}}]}},"_links":{"self":[{"href":"https:\/\/sagaciresearch.com\/fr\/wp-json\/wp\/v2\/pages\/16807","targetHints":{"allow":["GET"]}}],"collection":[{"href":"https:\/\/sagaciresearch.com\/fr\/wp-json\/wp\/v2\/pages"}],"about":[{"href":"https:\/\/sagaciresearch.com\/fr\/wp-json\/wp\/v2\/types\/page"}],"author":[{"embeddable":true,"href":"https:\/\/sagaciresearch.com\/fr\/wp-json\/wp\/v2\/users\/6"}],"replies":[{"embeddable":true,"href":"https:\/\/sagaciresearch.com\/fr\/wp-json\/wp\/v2\/comments?post=16807"}],"version-history":[{"count":1,"href":"https:\/\/sagaciresearch.com\/fr\/wp-json\/wp\/v2\/pages\/16807\/revisions"}],"predecessor-version":[{"id":17380,"href":"https:\/\/sagaciresearch.com\/fr\/wp-json\/wp\/v2\/pages\/16807\/revisions\/17380"}],"wp:attachment":[{"href":"https:\/\/sagaciresearch.com\/fr\/wp-json\/wp\/v2\/media?parent=16807"}],"curies":[{"name":"wp","href":"https:\/\/api.w.org\/{rel}","templated":true}]}}