{"id":16805,"date":"2022-02-10T07:23:47","date_gmt":"2022-02-10T06:23:47","guid":{"rendered":"https:\/\/sagaciresearch.com\/panel-en-ligne-au-burkina-faso\/"},"modified":"2023-09-08T17:12:41","modified_gmt":"2023-09-08T15:12:41","slug":"panel-en-ligne-au-burkina-faso","status":"publish","type":"page","link":"https:\/\/sagaciresearch.com\/fr\/panel-en-ligne-au-burkina-faso\/","title":{"rendered":"Panel en ligne au Burkina Faso"},"content":{"rendered":"<p>[vc_row css=\u00a0\u00bb.vc_custom_1639655133450{margin-bottom: 50px !important;}\u00a0\u00bb][vc_column width=\u00a0\u00bb2\/3&Prime;][vc_column_text]Notre panel en ligne au Burkina Faso permettra \u00e0 votre marque d&rsquo;avoir des milliers de r\u00e9pondants, avec des r\u00e9sultats disponibles en quelques jours.<\/p>\n<p>Si vous cherchez \u00e0 comprendre les consommateurs du continent africain, consultez ci-dessous les avantages de notre recherche en ligne au Burkina Faso.[\/vc_column_text][vc_btn title=\u00a0\u00bbNous contacter\u00a0\u00bb color=\u00a0\u00bbviolet\u00a0\u00bb link=\u00a0\u00bburl:%2Fcontact%2F%3Fshow%3Dcontact%26source%3DOnlinePanels%2520Contact\u00a0\u00bb][\/vc_column][vc_column width=\u00a0\u00bb1\/3&Prime;][vc_single_image image=\u00a0\u00bb13126&Prime; img_size=\u00a0\u00bbmedium\u00a0\u00bb][\/vc_column][\/vc_row][vc_row full_width=\u00a0\u00bbstretch_row\u00a0\u00bb css=\u00a0\u00bb.vc_custom_1643194041373{margin-top: 50px !important;margin-bottom: 50px !important;padding-top: 20px !important;background-color: #a28bc9 !important;}\u00a0\u00bb el_class=\u00a0\u00bbgradient\u00a0\u00bb][vc_column width=\u00a0\u00bb1\/2&Prime;][vc_single_image image=\u00a0\u00bb13761&Prime; img_size=\u00a0\u00bbfull\u00a0\u00bb][\/vc_column][vc_column width=\u00a0\u00bb1\/2&Prime;][vc_column_text]<\/p>\n<h3><strong><span style=\"color: #000000;\">Recherche en ligne au Burkina Faso <\/span><\/strong><\/h3>\n<p><span style=\"font-weight: 400;\">Si vous souhaitez obtenir plus d&rsquo;informations sur le consommateur burkinab\u00e9, notre \u00e9chantillon en ligne au Burkina Faso est l\u00e0 pour vous aider. Plus de 125 marques \u00e9valu\u00e9es quotidiennement dans les villes principales (Ouagadougou, <\/span><span style=\"font-weight: 400;\">Bobo-Dioulasso<\/span><span style=\"font-weight: 400;\">Koudougou, etc.) <\/span><\/p>\n<p><span style=\"font-weight: 400;\">Avec des milliers de membres, nous sommes en mesure de recueillir des informations pertinentes sur les marques et les habitudes de consommation, gr\u00e2ce \u00e0 la r\u00e9activit\u00e9 de notre panel de consommateurs en Afrique. <\/span>[\/vc_column_text][\/vc_column][\/vc_row][vc_row css=\u00a0\u00bb.vc_custom_1643193875289{margin-bottom: 50px !important;}\u00a0\u00bb][vc_column][vc_column_text]<\/p>\n<h3><strong><span style=\"color: #000000;\">Pourquoi faire confiance \u00e0 notre fournisseur d&rsquo;\u00e9chantillons au Burkina Faso ? <\/span><\/strong><\/h3>\n<p><i class=\"fas fa-check-circle\"><\/i> Des canaux de recrutement de membres diversifi\u00e9s : Campagnes publicitaires, influenceurs sur les r\u00e9seaux sociaux, recommandations, ambassadeurs hors ligne, inscription directe,&#8230;<br \/>\n<i class=\"fas fa-check-circle\"><\/i> Caract\u00e9ristiques d\u00e9mographiques d\u00e9taill\u00e9es disponibles : Tous les pan\u00e9listes profil\u00e9s lors de l&rsquo;inscription initiale<br \/>\n<i class=\"fas fa-check-circle\"><\/i> Un engagement fort : Les pan\u00e9listes sont encourag\u00e9s \u00e0 visiter l&rsquo;application tous les jours, avec des enqu\u00eates quotidiennes mises \u00e0 leur disposition.<br \/>\n<i class=\"fas fa-check-circle\"><\/i> Environnement contr\u00f4l\u00e9 : Inscription au panel avec le compte Google \/ Android des membres (unique)<br \/>\n<i class=\"fas fa-check-circle\"><\/i> Panel ax\u00e9 sur la qualit\u00e9 : Les pan\u00e9listes sont not\u00e9s en fonction de la qualit\u00e9 globale de leurs r\u00e9ponses. La priorit\u00e9 est donn\u00e9e aux pan\u00e9listes les mieux not\u00e9s lors de l&rsquo;attribution des enqu\u00eates.[\/vc_column_text][\/vc_column][\/vc_row][vc_row full_width=\u00a0\u00bbstretch_row\u00a0\u00bb css=\u00a0\u00bb.vc_custom_1643193705201{padding-top: 47px !important;padding-bottom: 60px !important;background-color: #967fc4 !important;}\u00a0\u00bb el_class=\u00a0\u00bbgradient\u00a0\u00bb][vc_column][vc_custom_heading stm_title_font_weight=\u00a0\u00bb700&Prime; text=\u00a0\u00bbAvantages de notre panel en ligne au Burkina Faso\u00a0\u00bb font_container=\u00a0\u00bbtag:h3|text_align:center\u00a0\u00bb use_theme_fonts=\u00a0\u00bbyes\u00a0\u00bb][vc_row_inner equal_height=\u00a0\u00bbyes\u00a0\u00bb content_placement=\u00a0\u00bbmiddle\u00a0\u00bb gap=\u00a0\u00bb20&Prime; el_class=\u00a0\u00bbsquare\u00a0\u00bb][vc_column_inner width=\u00a0\u00bb1\/3&Prime; css=\u00a0\u00bb.vc_custom_1620310643924{background-color: #ffffff !important;}\u00a0\u00bb][stm_info_box align_center=\u00a0\u00bbyes\u00a0\u00bb style=\u00a0\u00bbstyle_2&Prime; title=\u00a0\u00bbFacile\u00a0\u00bb css=\u00a0\u00bb.vc_custom_1652882832086{padding-top: 10px !important;padding-right: 50px !important;padding-bottom: 10px !important;padding-left: 50px !important;}\u00a0\u00bb]<span style=\"font-weight: 400;\">Acc\u00e9dez \u00e0 des clients dans tout le pays avec un simple clic<\/span>[\/stm_info_box][\/vc_column_inner][vc_column_inner width=\u00a0\u00bb1\/3&Prime; css=\u00a0\u00bb.vc_custom_1620310653042{background-color: #ffffff !important;}\u00a0\u00bb][stm_info_box align_center=\u00a0\u00bbyes\u00a0\u00bb style=\u00a0\u00bbstyle_2&Prime; title=\u00a0\u00bbD\u00e9taill\u00e9\u00a0\u00bb css=\u00a0\u00bb.vc_custom_1652882852981{padding-top: 10px !important;padding-right: 50px !important;padding-bottom: 10px !important;padding-left: 50px !important;}\u00a0\u00bb]<span style=\"font-weight: 400;\">Des membres fiables et engag\u00e9s qui fournissent des r\u00e9ponses de qualit\u00e9<\/span>[\/stm_info_box][\/vc_column_inner][vc_column_inner width=\u00a0\u00bb1\/3&Prime; css=\u00a0\u00bb.vc_custom_1620310663259{background-color: #ffffff !important;}\u00a0\u00bb][stm_info_box align_center=\u00a0\u00bbyes\u00a0\u00bb style=\u00a0\u00bbstyle_2&Prime; title=\u00a0\u00bbInclusif\u00a0\u00bb css=\u00a0\u00bb.vc_custom_1652883099767{padding-top: 10px !important;padding-right: 50px !important;padding-bottom: 10px !important;padding-left: 50px !important;}\u00a0\u00bb]<span style=\"font-weight: 400;\">\u00c9chantillon national repr\u00e9sentatif de toutes les cat\u00e9gories sociod\u00e9mographiques : \u00e2ge, sexe, revenu, zone urbaine\/rurale,&#8230;<\/span>[\/stm_info_box][\/vc_column_inner][\/vc_row_inner][vc_row_inner equal_height=\u00a0\u00bbyes\u00a0\u00bb content_placement=\u00a0\u00bbmiddle\u00a0\u00bb gap=\u00a0\u00bb20&Prime; el_class=\u00a0\u00bbsquare\u00a0\u00bb][vc_column_inner width=\u00a0\u00bb1\/3&Prime; css=\u00a0\u00bb.vc_custom_1620310683210{background-color: #ffffff !important;}\u00a0\u00bb][stm_info_box align_center=\u00a0\u00bbyes\u00a0\u00bb style=\u00a0\u00bbstyle_2&Prime; title=\u00a0\u00bbA l&rsquo;heure\u00a0\u00bb css=\u00a0\u00bb.vc_custom_1652883049715{padding-top: 10px !important;padding-right: 50px !important;padding-bottom: 10px !important;padding-left: 50px !important;}\u00a0\u00bb]<span style=\"font-weight: 400;\">Recueillez des quatit\u00e9s massives de donn\u00e9es dans un court laps de temps<\/span>[\/stm_info_box][\/vc_column_inner][vc_column_inner width=\u00a0\u00bb1\/3&Prime; css=\u00a0\u00bb.vc_custom_1620310676094{background-color: #ffffff !important;}\u00a0\u00bb][stm_info_box align_center=\u00a0\u00bbyes\u00a0\u00bb style=\u00a0\u00bbstyle_2&Prime; title=\u00a0\u00bbJuste\u00a0\u00bb css=\u00a0\u00bb.vc_custom_1652882971833{padding-top: 10px !important;padding-right: 50px !important;padding-bottom: 10px !important;padding-left: 50px !important;}\u00a0\u00bb]<span style=\"font-weight: 400;\">Exploiter les donn\u00e9es de profilage pour cibler des groupes sp\u00e9cifiques<\/span>[\/stm_info_box][\/vc_column_inner][vc_column_inner width=\u00a0\u00bb1\/3&Prime; css=\u00a0\u00bb.vc_custom_1620310670034{background-color: #ffffff !important;}\u00a0\u00bb][stm_info_box align_center=\u00a0\u00bbyes\u00a0\u00bb style=\u00a0\u00bbstyle_2&Prime; title=\u00a0\u00bbRapide\u00a0\u00bb css=\u00a0\u00bb.vc_custom_1652882892448{padding-top: 10px !important;padding-right: 50px !important;padding-bottom: 10px !important;padding-left: 50px !important;}\u00a0\u00bb]<span style=\"font-weight: 400;\">D\u00e9lais d&rsquo;ex\u00e9cution rapides et travail sur le terrain acc\u00e9l\u00e9r\u00e9<\/span>[\/stm_info_box][\/vc_column_inner][\/vc_row_inner][\/vc_column][\/vc_row][vc_row css=\u00a0\u00bb.vc_custom_1634284780247{margin-top: 50px !important;margin-bottom: 50px !important;}\u00a0\u00bb][vc_column][vc_column_text]<b>Quelles informations pouvez-vous obtenir \u00e0 partir de notre \u00e9chantillon en ligne en Afrique ?<\/b><\/p>\n<p><span style=\"font-weight: 400;\">Notre panel en ligne au Burkina Faso a r\u00e9v\u00e9l\u00e9 par exemple que, dans la cat\u00e9gorie des Cosm\u00e9tiques et de la Beaut\u00e9, les parfums sont principalement utilis\u00e9s par les femmes (35 %). Pourtant, 26 % des hommes du panel ont \u00e9galement utilis\u00e9 un parfum au cours des quatre derni\u00e8res semaines. Les donn\u00e9es montrent \u00e9galement que l&rsquo;utilisation de parfums augmente avec l&rsquo;\u00e2ge, sont plus populaires parmi les pan\u00e9listes urbains et que les parfums au Burkina Faso sont principalement achet\u00e9s dans les supermarch\u00e9s (30%) et sur les march\u00e9s en plein air (25%). <\/span><\/p>\n<p><span style=\"font-weight: 400;\">Si vous \u00eates \u00e0 la recherche de ce type d&rsquo;\u00e9tudes sur les consommateurs de produits de grande consommation au Burkina Faso, contactez-nous <\/span><a href=\"https:\/\/sagaciresearch.com\/contact\/\"><span style=\"font-weight: 400;\">ici<\/span><\/a><span style=\"font-weight: 400;\"> pour savoir comment notre panel en ligne peut vous aider. Vous pouvez \u00e9galement regarder<\/span> <a href=\"https:\/\/sagaciresearch.com\/insights\/\"><span style=\"font-weight: 400;\">notre blog<\/span><\/a><span style=\"font-weight: 400;\"> pour en savoir plus !<\/span>[\/vc_column_text][\/vc_column][\/vc_row][vc_row css=\u00a0\u00bb.vc_custom_1641544413635{margin-top: 50px !important;}\u00a0\u00bb][vc_column][vc_custom_heading stm_title_font_weight=\u00a0\u00bb700&Prime; text=\u00a0\u00bbD\u00e9mographies du panel au Burkina Faso\u00a0\u00bb font_container=\u00a0\u00bbtag:h3|text_align:center\u00a0\u00bb use_theme_fonts=\u00a0\u00bbyes\u00a0\u00bb][\/vc_column][\/vc_row][vc_row content_placement=\u00a0\u00bbtop\u00a0\u00bb css=\u00a0\u00bb.vc_custom_1643283818930{margin-top: 30px !important;margin-bottom: 30px !important;padding-bottom: 20px !important;background-color: #f2f2f2 !important;}\u00a0\u00bb][vc_column width=\u00a0\u00bb1\/4&Prime;][vc_column_text]<\/p>\n<h4 style=\"text-align: center;\">Population du pays<\/h4>\n<p style=\"text-align: center;\">21 millions<\/p>\n<p>[\/vc_column_text][\/vc_column][vc_column width=\u00a0\u00bb1\/4&Prime;][vc_column_text]<\/p>\n<h4 style=\"text-align: center;\">Urbain<\/h4>\n<p style=\"text-align: center;\">70 %<\/p>\n<p>[\/vc_column_text][\/vc_column][vc_column width=\u00a0\u00bb1\/4&Prime;][vc_column_text]<\/p>\n<h4 style=\"text-align: center;\">Rural<\/h4>\n<p style=\"text-align: center;\">30 %<\/p>\n<p>[\/vc_column_text][\/vc_column][vc_column width=\u00a0\u00bb1\/4&Prime;][vc_column_text]<\/p>\n<h4 style=\"text-align: center;\">P\u00e9n\u00e9tration des smartphones<\/h4>\n<p style=\"text-align: center;\">~ 30%<\/p>\n<p>[\/vc_column_text][\/vc_column][\/vc_row][vc_row content_placement=\u00a0\u00bbtop\u00a0\u00bb css=\u00a0\u00bb.vc_custom_1643283832268{margin-top: 40px !important;margin-bottom: 50px !important;}\u00a0\u00bb][vc_column width=\u00a0\u00bb1\/3&Prime;][vc_progress_bar values=\u00a0\u00bb%5B%7B%22label%22%3A%2218%20%C3%80%20%2025%22%2C%22value%22%3A%2264%22%7D%2C%7B%22label%22%3A%2226%20%C3%80%20%2035%22%2C%22value%22%3A%2226%22%7D%2C%7B%22label%22%3A%2236%20%C3%80%20%2045%22%2C%22value%22%3A%224%22%7D%2C%7B%22label%22%3A%2246%20%C3%80%20%2055%22%2C%22value%22%3A%221%22%7D%2C%7B%22label%22%3A%22PLUS%20DE%2055%22%2C%22value%22%3A%220%22%7D%5D\u00a0\u00bb bgcolor=\u00a0\u00bbviolet\u00a0\u00bb title=\u00a0\u00bbPar groupes d&rsquo;\u00e2ge\u00a0\u00bb units=\u00a0\u00bb%\u00a0\u00bb][\/vc_column][vc_column width=\u00a0\u00bb1\/3&Prime;][vc_progress_bar values=\u00a0\u00bb%5B%7B%22label%22%3A%22HOMME%22%2C%22value%22%3A%2292%22%7D%2C%7B%22label%22%3A%22FEMME%22%2C%22value%22%3A%228%22%7D%5D\u00a0\u00bb bgcolor=\u00a0\u00bbviolet\u00a0\u00bb title=\u00a0\u00bbPar sexe\u00a0\u00bb units=\u00a0\u00bb%\u00a0\u00bb][\/vc_column][vc_column width=\u00a0\u00bb1\/3&Prime;][vc_progress_bar values=\u00a0\u00bb%5B%7B%22label%22%3A%22A%22%2C%22value%22%3A%227%22%7D%2C%7B%22label%22%3A%22B%22%2C%22value%22%3A%228%22%7D%2C%7B%22label%22%3A%22C1%22%2C%22value%22%3A%229%22%7D%2C%7B%22label%22%3A%22C2%22%2C%22value%22%3A%229%22%7D%2C%7B%22label%22%3A%22D%22%2C%22value%22%3A%2232%22%7D%2C%7B%22label%22%3A%22E%22%2C%22value%22%3A%2230%22%7D%2C%7B%22label%22%3A%22N%2FA%22%2C%22value%22%3A%225%22%7D%5D\u00a0\u00bb bgcolor=\u00a0\u00bbviolet\u00a0\u00bb title=\u00a0\u00bbPar classification socio-\u00e9conomique\u00a0\u00bb units=\u00a0\u00bb%\u00a0\u00bb][\/vc_column][\/vc_row][vc_row full_width=\u00a0\u00bbstretch_row\u00a0\u00bb css=\u00a0\u00bb.vc_custom_1625241107934{background-color: #a28bc9 !important;background-position: 0 0 !important;background-repeat: no-repeat !important;}\u00a0\u00bb el_class=\u00a0\u00bbgradient\u00a0\u00bb][vc_column width=\u00a0\u00bb1\/2&Prime; css=\u00a0\u00bb.vc_custom_1614761329840{padding-top: 50px !important;padding-bottom: 50px !important;}\u00a0\u00bb][vc_column_text]<\/p>\n<h2><strong><span style=\"color: #ffffff;\">Contactez nous pour commencer \u00e0 utiliser notre panel en ligne au Burkina Faso.<\/span><\/strong><\/h2>\n<p><span style=\"color: #ffffff;\">Pour plus d&rsquo;informations ou pour recevoir un devis personnalis\u00e9, envoyez un mail \u00e0 contact@sagaciresearch.com. Vous pouvez \u00e9galement nous contacter en utilisant le formulaire ci-dessous.<\/span>[\/vc_column_text][vc_btn title=\u00a0\u00bbEnvoyez-nous votre demande\u00a0\u00bb color=\u00a0\u00bbwhite\u00a0\u00bb i_icon_fontawesome=\u00a0\u00bbfas fa-envelope\u00a0\u00bb add_icon=\u00a0\u00bbtrue\u00a0\u00bb link=\u00a0\u00bburl:%2Fcontact%2F%3Fshow%3Dmeeting%26source%3DOnlinePanels%2520Book%2520a%2520Meeting|title:Book%20a%20meeting\u00a0\u00bb][\/vc_column][vc_column width=\u00a0\u00bb1\/2&Prime;][vc_single_image image=\u00a0\u00bb13762&Prime; img_size=\u00a0\u00bbfull\u00a0\u00bb][\/vc_column][\/vc_row][vc_row][vc_column][vc_empty_space height=\u00a0\u00bb50px\u00a0\u00bb][\/vc_column][\/vc_row][vc_row][vc_column][vc_custom_heading stm_title_font_weight=\u00a0\u00bb400&Prime; text=\u00a0\u00bbPlus d&rsquo;informations sur nos panels de consommateurs en Afrique\u00a0\u00bb font_container=\u00a0\u00bbtag:h2|text_align:center\u00a0\u00bb use_theme_fonts=\u00a0\u00bbyes\u00a0\u00bb][stm_news posts_per_row=\u00a0\u00bb4&Prime;][\/vc_column][\/vc_row]<\/p>\n","protected":false},"excerpt":{"rendered":"<p>[vc_row css=\u00a0\u00bb.vc_custom_1639655133450{margin-bottom: 50px !important;}\u00a0\u00bb][vc_column width=\u00a0\u00bb2\/3&Prime;][vc_column_text]Notre panel en ligne au Burkina Faso permettra \u00e0 votre marque d&rsquo;avoir des milliers de r\u00e9pondants, avec des r\u00e9sultats disponibles en quelques jours. Si vous cherchez \u00e0 comprendre les consommateurs du continent africain, consultez ci-dessous les avantages de notre recherche en ligne au Burkina Faso.[\/vc_column_text][vc_btn title=\u00a0\u00bbNous contacter\u00a0\u00bb color=\u00a0\u00bbviolet\u00a0\u00bb link=\u00a0\u00bburl:%2Fcontact%2F%3Fshow%3Dcontact%26source%3DOnlinePanels%2520Contact\u00a0\u00bb][\/vc_column][vc_column width=\u00a0\u00bb1\/3&Prime;][vc_single_image image=\u00a0\u00bb13126&Prime;<\/p>\n","protected":false},"author":6,"featured_media":0,"parent":0,"menu_order":0,"comment_status":"closed","ping_status":"closed","template":"","meta":{"_acf_changed":false,"footnotes":""},"class_list":["post-16805","page","type-page","status-publish","hentry"],"acf":[],"yoast_head":"<!-- This site is optimized with the Yoast SEO plugin v27.2 - https:\/\/yoast.com\/product\/yoast-seo-wordpress\/ -->\n<title>Panel en ligne au Burkina Faso - Sagaci Research<\/title>\n<meta name=\"description\" content=\"Si vous souhaitez obtenir plus d&#039;informations sur le consommateur burkinab\u00e9, notre panel en ligne au Burkina Faso est l\u00e0 pour vous aider.\" \/>\n<meta name=\"robots\" content=\"index, follow, max-snippet:-1, max-image-preview:large, max-video-preview:-1\" \/>\n<link rel=\"canonical\" href=\"https:\/\/sagaciresearch.com\/fr\/panel-en-ligne-au-burkina-faso\/\" \/>\n<meta property=\"og:locale\" content=\"fr_FR\" \/>\n<meta property=\"og:type\" content=\"article\" \/>\n<meta property=\"og:title\" content=\"Panel en ligne au Burkina Faso - Sagaci Research\" \/>\n<meta property=\"og:description\" content=\"Si vous souhaitez obtenir plus d&#039;informations sur le consommateur burkinab\u00e9, notre panel en ligne au Burkina Faso est l\u00e0 pour vous aider.\" \/>\n<meta property=\"og:url\" content=\"https:\/\/sagaciresearch.com\/fr\/panel-en-ligne-au-burkina-faso\/\" \/>\n<meta property=\"og:site_name\" content=\"Sagaci Research\" \/>\n<meta property=\"article:modified_time\" content=\"2023-09-08T15:12:41+00:00\" \/>\n<meta name=\"twitter:card\" content=\"summary_large_image\" \/>\n<meta name=\"twitter:label1\" content=\"Dur\u00e9e de lecture estim\u00e9e\" \/>\n\t<meta name=\"twitter:data1\" content=\"7 minutes\" \/>\n<script type=\"application\/ld+json\" class=\"yoast-schema-graph\">{\"@context\":\"https:\/\/schema.org\",\"@graph\":[{\"@type\":\"WebPage\",\"@id\":\"https:\/\/sagaciresearch.com\/fr\/panel-en-ligne-au-burkina-faso\/\",\"url\":\"https:\/\/sagaciresearch.com\/fr\/panel-en-ligne-au-burkina-faso\/\",\"name\":\"Panel en ligne au Burkina Faso - Sagaci Research\",\"isPartOf\":{\"@id\":\"https:\/\/sagaciresearch.com\/#website\"},\"datePublished\":\"2022-02-10T06:23:47+00:00\",\"dateModified\":\"2023-09-08T15:12:41+00:00\",\"description\":\"Si vous souhaitez obtenir plus d'informations sur le consommateur burkinab\u00e9, notre panel en ligne au Burkina Faso est l\u00e0 pour vous aider.\",\"breadcrumb\":{\"@id\":\"https:\/\/sagaciresearch.com\/fr\/panel-en-ligne-au-burkina-faso\/#breadcrumb\"},\"inLanguage\":\"fr-FR\",\"potentialAction\":[{\"@type\":\"ReadAction\",\"target\":[\"https:\/\/sagaciresearch.com\/fr\/panel-en-ligne-au-burkina-faso\/\"]}]},{\"@type\":\"BreadcrumbList\",\"@id\":\"https:\/\/sagaciresearch.com\/fr\/panel-en-ligne-au-burkina-faso\/#breadcrumb\",\"itemListElement\":[{\"@type\":\"ListItem\",\"position\":1,\"name\":\"Home\",\"item\":\"https:\/\/sagaciresearch.com\/fr\/\"},{\"@type\":\"ListItem\",\"position\":2,\"name\":\"Panel en ligne au Burkina Faso\"}]},{\"@type\":\"WebSite\",\"@id\":\"https:\/\/sagaciresearch.com\/#website\",\"url\":\"https:\/\/sagaciresearch.com\/\",\"name\":\"Sagaci Research\",\"description\":\"We provide data and insights you can trust to fuel your growth\",\"publisher\":{\"@id\":\"https:\/\/sagaciresearch.com\/#organization\"},\"potentialAction\":[{\"@type\":\"SearchAction\",\"target\":{\"@type\":\"EntryPoint\",\"urlTemplate\":\"https:\/\/sagaciresearch.com\/?s={search_term_string}\"},\"query-input\":{\"@type\":\"PropertyValueSpecification\",\"valueRequired\":true,\"valueName\":\"search_term_string\"}}],\"inLanguage\":\"fr-FR\"},{\"@type\":\"Organization\",\"@id\":\"https:\/\/sagaciresearch.com\/#organization\",\"name\":\"Sagaci Research\",\"url\":\"https:\/\/sagaciresearch.com\/\",\"logo\":{\"@type\":\"ImageObject\",\"inLanguage\":\"fr-FR\",\"@id\":\"https:\/\/sagaciresearch.com\/#\/schema\/logo\/image\/\",\"url\":\"https:\/\/sagaciresearch.com\/wp-content\/uploads\/2019\/09\/SR2.jpg\",\"contentUrl\":\"https:\/\/sagaciresearch.com\/wp-content\/uploads\/2019\/09\/SR2.jpg\",\"width\":960,\"height\":960,\"caption\":\"Sagaci Research\"},\"image\":{\"@id\":\"https:\/\/sagaciresearch.com\/#\/schema\/logo\/image\/\"}}]}<\/script>\n<!-- \/ Yoast SEO plugin. -->","yoast_head_json":{"title":"Panel en ligne au Burkina Faso - Sagaci Research","description":"Si vous souhaitez obtenir plus d'informations sur le consommateur burkinab\u00e9, notre panel en ligne au Burkina Faso est l\u00e0 pour vous aider.","robots":{"index":"index","follow":"follow","max-snippet":"max-snippet:-1","max-image-preview":"max-image-preview:large","max-video-preview":"max-video-preview:-1"},"canonical":"https:\/\/sagaciresearch.com\/fr\/panel-en-ligne-au-burkina-faso\/","og_locale":"fr_FR","og_type":"article","og_title":"Panel en ligne au Burkina Faso - Sagaci Research","og_description":"Si vous souhaitez obtenir plus d'informations sur le consommateur burkinab\u00e9, notre panel en ligne au Burkina Faso est l\u00e0 pour vous aider.","og_url":"https:\/\/sagaciresearch.com\/fr\/panel-en-ligne-au-burkina-faso\/","og_site_name":"Sagaci Research","article_modified_time":"2023-09-08T15:12:41+00:00","twitter_card":"summary_large_image","twitter_misc":{"Dur\u00e9e de lecture estim\u00e9e":"7 minutes"},"schema":{"@context":"https:\/\/schema.org","@graph":[{"@type":"WebPage","@id":"https:\/\/sagaciresearch.com\/fr\/panel-en-ligne-au-burkina-faso\/","url":"https:\/\/sagaciresearch.com\/fr\/panel-en-ligne-au-burkina-faso\/","name":"Panel en ligne au Burkina Faso - Sagaci Research","isPartOf":{"@id":"https:\/\/sagaciresearch.com\/#website"},"datePublished":"2022-02-10T06:23:47+00:00","dateModified":"2023-09-08T15:12:41+00:00","description":"Si vous souhaitez obtenir plus d'informations sur le consommateur burkinab\u00e9, notre panel en ligne au Burkina Faso est l\u00e0 pour vous aider.","breadcrumb":{"@id":"https:\/\/sagaciresearch.com\/fr\/panel-en-ligne-au-burkina-faso\/#breadcrumb"},"inLanguage":"fr-FR","potentialAction":[{"@type":"ReadAction","target":["https:\/\/sagaciresearch.com\/fr\/panel-en-ligne-au-burkina-faso\/"]}]},{"@type":"BreadcrumbList","@id":"https:\/\/sagaciresearch.com\/fr\/panel-en-ligne-au-burkina-faso\/#breadcrumb","itemListElement":[{"@type":"ListItem","position":1,"name":"Home","item":"https:\/\/sagaciresearch.com\/fr\/"},{"@type":"ListItem","position":2,"name":"Panel en ligne au Burkina Faso"}]},{"@type":"WebSite","@id":"https:\/\/sagaciresearch.com\/#website","url":"https:\/\/sagaciresearch.com\/","name":"Sagaci Research","description":"We provide data and insights you can trust to fuel your growth","publisher":{"@id":"https:\/\/sagaciresearch.com\/#organization"},"potentialAction":[{"@type":"SearchAction","target":{"@type":"EntryPoint","urlTemplate":"https:\/\/sagaciresearch.com\/?s={search_term_string}"},"query-input":{"@type":"PropertyValueSpecification","valueRequired":true,"valueName":"search_term_string"}}],"inLanguage":"fr-FR"},{"@type":"Organization","@id":"https:\/\/sagaciresearch.com\/#organization","name":"Sagaci Research","url":"https:\/\/sagaciresearch.com\/","logo":{"@type":"ImageObject","inLanguage":"fr-FR","@id":"https:\/\/sagaciresearch.com\/#\/schema\/logo\/image\/","url":"https:\/\/sagaciresearch.com\/wp-content\/uploads\/2019\/09\/SR2.jpg","contentUrl":"https:\/\/sagaciresearch.com\/wp-content\/uploads\/2019\/09\/SR2.jpg","width":960,"height":960,"caption":"Sagaci Research"},"image":{"@id":"https:\/\/sagaciresearch.com\/#\/schema\/logo\/image\/"}}]}},"_links":{"self":[{"href":"https:\/\/sagaciresearch.com\/fr\/wp-json\/wp\/v2\/pages\/16805","targetHints":{"allow":["GET"]}}],"collection":[{"href":"https:\/\/sagaciresearch.com\/fr\/wp-json\/wp\/v2\/pages"}],"about":[{"href":"https:\/\/sagaciresearch.com\/fr\/wp-json\/wp\/v2\/types\/page"}],"author":[{"embeddable":true,"href":"https:\/\/sagaciresearch.com\/fr\/wp-json\/wp\/v2\/users\/6"}],"replies":[{"embeddable":true,"href":"https:\/\/sagaciresearch.com\/fr\/wp-json\/wp\/v2\/comments?post=16805"}],"version-history":[{"count":1,"href":"https:\/\/sagaciresearch.com\/fr\/wp-json\/wp\/v2\/pages\/16805\/revisions"}],"predecessor-version":[{"id":17375,"href":"https:\/\/sagaciresearch.com\/fr\/wp-json\/wp\/v2\/pages\/16805\/revisions\/17375"}],"wp:attachment":[{"href":"https:\/\/sagaciresearch.com\/fr\/wp-json\/wp\/v2\/media?parent=16805"}],"curies":[{"name":"wp","href":"https:\/\/api.w.org\/{rel}","templated":true}]}}