{"id":16804,"date":"2022-02-10T07:29:20","date_gmt":"2022-02-10T06:29:20","guid":{"rendered":"https:\/\/sagaciresearch.com\/panel-en-ligne-au-cameroun\/"},"modified":"2023-09-08T17:16:51","modified_gmt":"2023-09-08T15:16:51","slug":"panel-en-ligne-au-cameroun","status":"publish","type":"page","link":"https:\/\/sagaciresearch.com\/fr\/panel-en-ligne-au-cameroun\/","title":{"rendered":"Panel en ligne au Cameroun"},"content":{"rendered":"<p>[vc_row css=\u00a0\u00bb.vc_custom_1639655133450{margin-bottom: 50px !important;}\u00a0\u00bb][vc_column width=\u00a0\u00bb2\/3&Prime;][vc_column_text]Avec le panel en ligne de Sagaci&rsquo;s Research au Cameroun, vos entreprises atteindront et comprendront les consommateurs \u00e0 travers le continent africain.[\/vc_column_text][vc_btn title=\u00a0\u00bbNous contacter\u00a0\u00bb color=\u00a0\u00bbviolet\u00a0\u00bb link=\u00a0\u00bburl:%2Fcontact%2F%3Fshow%3Dcontact%26source%3DOnlinePanels%2520Contact\u00a0\u00bb][\/vc_column][vc_column width=\u00a0\u00bb1\/3&Prime;][vc_single_image image=\u00a0\u00bb13130&Prime; img_size=\u00a0\u00bbmedium\u00a0\u00bb][\/vc_column][\/vc_row][vc_row full_width=\u00a0\u00bbstretch_row\u00a0\u00bb css=\u00a0\u00bb.vc_custom_1643194041373{margin-top: 50px !important;margin-bottom: 50px !important;padding-top: 20px !important;background-color: #a28bc9 !important;}\u00a0\u00bb el_class=\u00a0\u00bbgradient\u00a0\u00bb][vc_column width=\u00a0\u00bb1\/2&Prime;][vc_single_image image=\u00a0\u00bb13747&Prime; img_size=\u00a0\u00bbfull\u00a0\u00bb][\/vc_column][vc_column width=\u00a0\u00bb1\/2&Prime;][vc_column_text]<\/p>\n<h3><strong><span style=\"color: #000000;\">Pourquoi le Cameroun ? <\/span><\/strong><\/h3>\n<p><span style=\"font-weight: 400;\">Avec une population de 26 millions d&rsquo;habitants (2022), le Cameroun occupe la 16e place sur la liste des pays africains par population. Plus de 58 % des personnes vivent dans une zone urbaine et 34 % ont acc\u00e8s \u00e0 internet (2021). <\/span><\/p>\n<p><span style=\"font-weight: 400;\">Ces chiffres prouvent que ce pays a un \u00e9norme potentiel commercial, et avec nos capacit\u00e9s de panel en ligne au Cameroun, vous serez en mesure d&rsquo;avoir des informations pour prendre des d\u00e9cisions plus intelligentes.<\/span><\/p>\n<p><span style=\"font-weight: 400;\">Sagaci Research dispose de ses propres \u00e9quipes sur le terrain et g\u00e8re son propre panel en ligne au Cameroun. En 2021, nous avons men\u00e9 plus de 200 projets dans 34 pays d&rsquo;Afrique.<\/span>[\/vc_column_text][\/vc_column][\/vc_row][vc_row css=\u00a0\u00bb.vc_custom_1643193875289{margin-bottom: 50px !important;}\u00a0\u00bb][vc_column][vc_column_text]<\/p>\n<h3><strong><span style=\"color: #000000;\">Ciblez des r\u00e9pondants sp\u00e9cifiques gr\u00e2ce \u00e0 notre panel de consommateurs au Cameroun :<\/span><\/strong><\/h3>\n<p><i class=\"fas fa-check-circle\"><\/i>R\u00e9gions, villes, quartiers : <span style=\"font-weight: 400;\">Douala, Yaound\u00e9, Bamenda et bien plus encore !<\/span><br \/>\n<i class=\"fas fa-check-circle\"><\/i>Nombre d&rsquo;enfants, \u00e2ge des enfants : Moins de 18 ans, s&rsquo;ils vivent chez vous, etc.<br \/>\n<i class=\"fas fa-check-circle\"><\/i>Cat\u00e9gories de produits de grande consommation : (alimentaires et non alimentaires)<br \/>\n<i class=\"fas fa-check-circle\"><\/i>Propri\u00e9taires cibles : Appareils \u00e9lectrom\u00e9nagers, \u00e9lectroniques ou v\u00e9hicules<br \/>\n<i class=\"fas fa-check-circle\"><\/i>Produits financiers (y compris les assurances)<br \/>\n<i class=\"fas fa-check-circle\"><\/i>Professions : agriculteurs, informaticiens, commer\u00e7ants, PME&#8230;<br \/>\n<i class=\"fas fa-check-circle\"><\/i> Et bien plus encore ![\/vc_column_text][\/vc_column][\/vc_row][vc_row full_width=\u00a0\u00bbstretch_row\u00a0\u00bb css=\u00a0\u00bb.vc_custom_1643193705201{padding-top: 47px !important;padding-bottom: 60px !important;background-color: #967fc4 !important;}\u00a0\u00bb el_class=\u00a0\u00bbgradient\u00a0\u00bb][vc_column][vc_custom_heading stm_title_font_weight=\u00a0\u00bb700&Prime; text=\u00a0\u00bbAvantages de nos panels en ligne au Cameroun\u00a0\u00bb font_container=\u00a0\u00bbtag:h3|text_align:center\u00a0\u00bb use_theme_fonts=\u00a0\u00bbyes\u00a0\u00bb][vc_row_inner equal_height=\u00a0\u00bbyes\u00a0\u00bb content_placement=\u00a0\u00bbmiddle\u00a0\u00bb gap=\u00a0\u00bb20&Prime; el_class=\u00a0\u00bbsquare\u00a0\u00bb][vc_column_inner width=\u00a0\u00bb1\/3&Prime; css=\u00a0\u00bb.vc_custom_1620310643924{background-color: #ffffff !important;}\u00a0\u00bb][stm_info_box align_center=\u00a0\u00bbyes\u00a0\u00bb style=\u00a0\u00bbstyle_2&Prime; title=\u00a0\u00bbReach\u00a0\u00bb css=\u00a0\u00bb.vc_custom_1652364907614{padding-top: 10px !important;padding-right: 50px !important;padding-bottom: 10px !important;padding-left: 50px !important;}\u00a0\u00bb]Des milliers de membres au Cameroun sont interrog\u00e9s quotidiennement.<\/p>\n<div><\/div>\n<p>[\/stm_info_box][\/vc_column_inner][vc_column_inner width=\u00a0\u00bb1\/3&Prime; css=\u00a0\u00bb.vc_custom_1620310653042{background-color: #ffffff !important;}\u00a0\u00bb][stm_info_box align_center=\u00a0\u00bbyes\u00a0\u00bb style=\u00a0\u00bbstyle_2&Prime; title=\u00a0\u00bbPr\u00e9cis\u00a0\u00bb css=\u00a0\u00bb.vc_custom_1652364759487{padding-top: 10px !important;padding-right: 50px !important;padding-bottom: 10px !important;padding-left: 50px !important;}\u00a0\u00bb]<span style=\"font-weight: 400;\">Des \u00e9tapes sp\u00e9cifiques de contr\u00f4le de la qualit\u00e9 (CQ), y compris des contr\u00f4les humains automatiques et manuels, afin de garantir que toutes les donn\u00e9es collect\u00e9es sont fiables et authentiques. <\/span>[\/stm_info_box][\/vc_column_inner][vc_column_inner width=\u00a0\u00bb1\/3&Prime; css=\u00a0\u00bb.vc_custom_1620310663259{background-color: #ffffff !important;}\u00a0\u00bb][stm_info_box align_center=\u00a0\u00bbyes\u00a0\u00bb style=\u00a0\u00bbstyle_2&Prime; title=\u00a0\u00bbRepr\u00e9sentatif\u00a0\u00bb css=\u00a0\u00bb.vc_custom_1652364791388{padding-top: 10px !important;padding-right: 50px !important;padding-bottom: 10px !important;padding-left: 50px !important;}\u00a0\u00bb]<span style=\"font-weight: 400;\">\u00c9chantillon national repr\u00e9sentatif de la population camerounaise<\/span>[\/stm_info_box][\/vc_column_inner][\/vc_row_inner][vc_row_inner equal_height=\u00a0\u00bbyes\u00a0\u00bb content_placement=\u00a0\u00bbmiddle\u00a0\u00bb gap=\u00a0\u00bb20&Prime; el_class=\u00a0\u00bbsquare\u00a0\u00bb][vc_column_inner width=\u00a0\u00bb1\/3&Prime; css=\u00a0\u00bb.vc_custom_1620310683210{background-color: #ffffff !important;}\u00a0\u00bb][stm_info_box align_center=\u00a0\u00bbyes\u00a0\u00bb style=\u00a0\u00bbstyle_2&Prime; title=\u00a0\u00bbR\u00e9actif\u00a0\u00bb css=\u00a0\u00bb.vc_custom_1652364956628{padding-top: 10px !important;padding-right: 50px !important;padding-bottom: 10px !important;padding-left: 50px !important;}\u00a0\u00bb]Des <span style=\"font-weight: 400;\">quantit\u00e9s de donn\u00e9es avec des r\u00e9sultats en quelques jours, <\/span>quelle que soit la sp\u00e9cificit\u00e9 des questions.[\/stm_info_box][\/vc_column_inner][vc_column_inner width=\u00a0\u00bb1\/3&Prime; css=\u00a0\u00bb.vc_custom_1620310676094{background-color: #ffffff !important;}\u00a0\u00bb][stm_info_box align_center=\u00a0\u00bbyes\u00a0\u00bb style=\u00a0\u00bbstyle_2&Prime; title=\u00a0\u00bbDigne de confiance\u00a0\u00bb css=\u00a0\u00bb.vc_custom_1652364863481{padding-top: 10px !important;padding-right: 50px !important;padding-bottom: 10px !important;padding-left: 50px !important;}\u00a0\u00bb]<span style=\"font-weight: 400;\">9 ans d&rsquo;exp\u00e9rience dans la conduite d&rsquo;\u00e9tudes de march\u00e9 \u00e0 grande \u00e9chelle sur le continent, pour le compte de grandes entreprises multinationales, d&rsquo;acteurs locaux ou r\u00e9gionaux, de cabinets de conseil et d&rsquo;investisseurs<\/span>[\/stm_info_box][\/vc_column_inner][vc_column_inner width=\u00a0\u00bb1\/3&Prime; css=\u00a0\u00bb.vc_custom_1620310670034{background-color: #ffffff !important;}\u00a0\u00bb][stm_info_box align_center=\u00a0\u00bbyes\u00a0\u00bb style=\u00a0\u00bbstyle_2&Prime; title=\u00a0\u00bbRapide\u00a0\u00bb css=\u00a0\u00bb.vc_custom_1652365190034{padding-top: 10px !important;padding-right: 50px !important;padding-bottom: 10px !important;padding-left: 50px !important;}\u00a0\u00bb]<span style=\"font-weight: 400;\">Des d\u00e9lais d&rsquo;ex\u00e9cution rapides et un travail sur le terrain acc\u00e9l\u00e9r\u00e9 pour permettre une prise de d\u00e9cision plus rapide et plus efficace. <\/span>[\/stm_info_box][\/vc_column_inner][\/vc_row_inner][\/vc_column][\/vc_row][vc_row css=\u00a0\u00bb.vc_custom_1634284780247{margin-top: 50px !important;margin-bottom: 50px !important;}\u00a0\u00bb][vc_column][vc_column_text]<b>Comment notre panel en ligne au Cameroun peut-il vous donner des informations sur les performances des marques en Afrique ?<\/b><\/p>\n<p><span style=\"font-weight: 400;\">Au Cameroun, notre \u00e9chantillon en ligne \u00e9value plus de 125 marques quotidiennement et dans les principales villes (Douala, Yaound\u00e9, Bafoussam, etc.). Avec des milliers de membres, nous sommes en mesure de recueillir des informations pertinentes sur les marques et les habitudes de consommation, gr\u00e2ce \u00e0 la r\u00e9activit\u00e9 de notre panel.<\/span><\/p>\n<p><span style=\"font-weight: 400;\">R\u00e9cemment, nous avons r\u00e9alis\u00e9 une \u00e9tude sur les 20 meilleures marques au Cameroun. Le rapport pr\u00e9sente les performances des marques sur certains des 25 indicateurs cl\u00e9s de performance (KPI).<\/span><\/p>\n<p><span style=\"font-weight: 400;\">Consultez <a href=\"https:\/\/sagaciresearch.com\/top-20-brands-in-cameroon-february-2022\/\">ICI<\/a> le rapport pour avoir un exemple de l&rsquo;assertivit\u00e9 de notre panel en ligne. <\/span>[\/vc_column_text][\/vc_column][\/vc_row][vc_row css=\u00a0\u00bb.vc_custom_1641544413635{margin-top: 50px !important;}\u00a0\u00bb][vc_column][vc_custom_heading stm_title_font_weight=\u00a0\u00bb700&Prime; text=\u00a0\u00bbD\u00e9mographies du panel au Cameroun\u00a0\u00bb font_container=\u00a0\u00bbtag:h3|text_align:center\u00a0\u00bb use_theme_fonts=\u00a0\u00bbyes\u00a0\u00bb][\/vc_column][\/vc_row][vc_row content_placement=\u00a0\u00bbtop\u00a0\u00bb css=\u00a0\u00bb.vc_custom_1643283818930{margin-top: 30px !important;margin-bottom: 30px !important;padding-bottom: 20px !important;background-color: #f2f2f2 !important;}\u00a0\u00bb][vc_column width=\u00a0\u00bb1\/4&Prime;][vc_column_text]<\/p>\n<h4 style=\"text-align: center;\">Population du pays<\/h4>\n<p style=\"text-align: center;\">26 millions<\/p>\n<p>[\/vc_column_text][\/vc_column][vc_column width=\u00a0\u00bb1\/4&Prime;][vc_column_text]<\/p>\n<h4 style=\"text-align: center;\">Urbain<\/h4>\n<p style=\"text-align: center;\">80 %<\/p>\n<p>[\/vc_column_text][\/vc_column][vc_column width=\u00a0\u00bb1\/4&Prime;][vc_column_text]<\/p>\n<h4 style=\"text-align: center;\">Rural<\/h4>\n<p style=\"text-align: center;\">20 %<\/p>\n<p>[\/vc_column_text][\/vc_column][vc_column width=\u00a0\u00bb1\/4&Prime;][vc_column_text]<\/p>\n<h4 style=\"text-align: center;\">P\u00e9n\u00e9tration des smartphones<\/h4>\n<p style=\"text-align: center;\">~ 30%<\/p>\n<p>[\/vc_column_text][\/vc_column][\/vc_row][vc_row content_placement=\u00a0\u00bbtop\u00a0\u00bb css=\u00a0\u00bb.vc_custom_1643283832268{margin-top: 40px !important;margin-bottom: 50px !important;}\u00a0\u00bb][vc_column width=\u00a0\u00bb1\/3&Prime;][vc_progress_bar values=\u00a0\u00bb%5B%7B%22label%22%3A%2218%20%C3%80%20%2025%22%2C%22value%22%3A%2255%22%7D%2C%7B%22label%22%3A%2226%20%C3%80%20%2035%22%2C%22value%22%3A%2230%22%7D%2C%7B%22label%22%3A%2236%20%C3%80%2045%22%2C%22value%22%3A%228%22%7D%2C%7B%22label%22%3A%2246%20%C3%80%2055%22%2C%22value%22%3A%222%22%7D%2C%7B%22label%22%3A%22PLUS%20DE%2055%22%2C%22value%22%3A%221%22%7D%5D\u00a0\u00bb bgcolor=\u00a0\u00bbviolet\u00a0\u00bb title=\u00a0\u00bbPar groupes d&rsquo;\u00e2ge\u00a0\u00bb units=\u00a0\u00bb%\u00a0\u00bb][\/vc_column][vc_column width=\u00a0\u00bb1\/3&Prime;][vc_progress_bar values=\u00a0\u00bb%5B%7B%22label%22%3A%22HOMME%22%2C%22value%22%3A%2266%22%7D%2C%7B%22label%22%3A%22FEMME%22%2C%22value%22%3A%2234%22%7D%5D\u00a0\u00bb bgcolor=\u00a0\u00bbviolet\u00a0\u00bb title=\u00a0\u00bbPar sexe\u00a0\u00bb units=\u00a0\u00bb%\u00a0\u00bb][\/vc_column][vc_column width=\u00a0\u00bb1\/3&Prime;][vc_progress_bar values=\u00a0\u00bb%5B%7B%22label%22%3A%22A%22%2C%22value%22%3A%2213%22%7D%2C%7B%22label%22%3A%22B%22%2C%22value%22%3A%2215%22%7D%2C%7B%22label%22%3A%22C1%22%2C%22value%22%3A%2217%22%7D%2C%7B%22label%22%3A%22C2%22%2C%22value%22%3A%2210%22%7D%2C%7B%22label%22%3A%22D%22%2C%22value%22%3A%2226%22%7D%2C%7B%22label%22%3A%22E%22%2C%22value%22%3A%2215%22%7D%2C%7B%22label%22%3A%22N%2FA%22%2C%22value%22%3A%224%22%7D%5D\u00a0\u00bb bgcolor=\u00a0\u00bbviolet\u00a0\u00bb title=\u00a0\u00bbPar classification socio-\u00e9conomique\u00a0\u00bb units=\u00a0\u00bb%\u00a0\u00bb][\/vc_column][\/vc_row][vc_row full_width=\u00a0\u00bbstretch_row\u00a0\u00bb css=\u00a0\u00bb.vc_custom_1625241107934{background-color: #a28bc9 !important;background-position: 0 0 !important;background-repeat: no-repeat !important;}\u00a0\u00bb el_class=\u00a0\u00bbgradient\u00a0\u00bb][vc_column width=\u00a0\u00bb1\/2&Prime; css=\u00a0\u00bb.vc_custom_1614761329840{padding-top: 50px !important;padding-bottom: 50px !important;}\u00a0\u00bb][vc_column_text]<\/p>\n<h2><strong><span style=\"color: #ffffff;\">Des questions ? \u00c9crivez-nous !<\/span><\/strong><\/h2>\n<p><span style=\"color: #ffffff;\">D\u00e9marrez avec notre panel en ligne au Cameroun<\/span>[\/vc_column_text][vc_btn title=\u00a0\u00bbEnvoyez-nous votre demande\u00a0\u00bb color=\u00a0\u00bbwhite\u00a0\u00bb i_icon_fontawesome=\u00a0\u00bbfas fa-envelope\u00a0\u00bb add_icon=\u00a0\u00bbtrue\u00a0\u00bb link=\u00a0\u00bburl:%2Fcontact%2F%3Fshow%3Dmeeting%26source%3DOnlinePanels%2520Book%2520a%2520Meeting|title:Book%20a%20meeting\u00a0\u00bb][\/vc_column][vc_column width=\u00a0\u00bb1\/2&Prime;][vc_single_image image=\u00a0\u00bb13748&Prime; img_size=\u00a0\u00bbfull\u00a0\u00bb][\/vc_column][\/vc_row][vc_row][vc_column][vc_empty_space height=\u00a0\u00bb50px\u00a0\u00bb][\/vc_column][\/vc_row][vc_row][vc_column][vc_custom_heading stm_title_font_weight=\u00a0\u00bb400&Prime; text=\u00a0\u00bbEn savoir plus sur notre \u00e9chantillon en ligne au Cameroun\u00a0\u00bb font_container=\u00a0\u00bbtag:h2|text_align:center\u00a0\u00bb use_theme_fonts=\u00a0\u00bbyes\u00a0\u00bb][stm_news posts_per_row=\u00a0\u00bb4&Prime;][\/vc_column][\/vc_row]<\/p>\n","protected":false},"excerpt":{"rendered":"<p>[vc_row css=\u00a0\u00bb.vc_custom_1639655133450{margin-bottom: 50px !important;}\u00a0\u00bb][vc_column width=\u00a0\u00bb2\/3&Prime;][vc_column_text]Avec le panel en ligne de Sagaci&rsquo;s Research au Cameroun, vos entreprises atteindront et comprendront les consommateurs \u00e0 travers le continent africain.[\/vc_column_text][vc_btn title=\u00a0\u00bbNous contacter\u00a0\u00bb color=\u00a0\u00bbviolet\u00a0\u00bb link=\u00a0\u00bburl:%2Fcontact%2F%3Fshow%3Dcontact%26source%3DOnlinePanels%2520Contact\u00a0\u00bb][\/vc_column][vc_column width=\u00a0\u00bb1\/3&Prime;][vc_single_image image=\u00a0\u00bb13130&Prime; img_size=\u00a0\u00bbmedium\u00a0\u00bb][\/vc_column][\/vc_row][vc_row full_width=\u00a0\u00bbstretch_row\u00a0\u00bb css=\u00a0\u00bb.vc_custom_1643194041373{margin-top: 50px !important;margin-bottom: 50px !important;padding-top: 20px !important;background-color: #a28bc9 !important;}\u00a0\u00bb el_class=\u00a0\u00bbgradient\u00a0\u00bb][vc_column width=\u00a0\u00bb1\/2&Prime;][vc_single_image image=\u00a0\u00bb13747&Prime; img_size=\u00a0\u00bbfull\u00a0\u00bb][\/vc_column][vc_column width=\u00a0\u00bb1\/2&Prime;][vc_column_text] Pourquoi le Cameroun ? Avec une population<\/p>\n","protected":false},"author":6,"featured_media":0,"parent":0,"menu_order":0,"comment_status":"closed","ping_status":"closed","template":"","meta":{"_acf_changed":false,"footnotes":""},"class_list":["post-16804","page","type-page","status-publish","hentry"],"acf":[],"yoast_head":"<!-- This site is optimized with the Yoast SEO plugin v27.2 - https:\/\/yoast.com\/product\/yoast-seo-wordpress\/ -->\n<title>Panel en ligne au Cameroun .<\/title>\n<meta name=\"description\" content=\"Avec le panel en ligne de Sagaci&#039;s Research au Cameroun, vos entreprises atteindront les consommateurs \u00e0 travers le continent africain. R\u00e9sultats en quelques jours.\" \/>\n<meta name=\"robots\" content=\"index, follow, max-snippet:-1, max-image-preview:large, max-video-preview:-1\" \/>\n<link rel=\"canonical\" href=\"https:\/\/sagaciresearch.com\/fr\/panel-en-ligne-au-cameroun\/\" \/>\n<meta property=\"og:locale\" content=\"fr_FR\" \/>\n<meta property=\"og:type\" content=\"article\" \/>\n<meta property=\"og:title\" content=\"Panel en ligne au Cameroun .\" \/>\n<meta property=\"og:description\" content=\"Avec le panel en ligne de Sagaci&#039;s Research au Cameroun, vos entreprises atteindront les consommateurs \u00e0 travers le continent africain. R\u00e9sultats en quelques jours.\" \/>\n<meta property=\"og:url\" content=\"https:\/\/sagaciresearch.com\/fr\/panel-en-ligne-au-cameroun\/\" \/>\n<meta property=\"og:site_name\" content=\"Sagaci Research\" \/>\n<meta property=\"article:modified_time\" content=\"2023-09-08T15:16:51+00:00\" \/>\n<meta name=\"twitter:card\" content=\"summary_large_image\" \/>\n<meta name=\"twitter:label1\" content=\"Dur\u00e9e de lecture estim\u00e9e\" \/>\n\t<meta name=\"twitter:data1\" content=\"7 minutes\" \/>\n<script type=\"application\/ld+json\" class=\"yoast-schema-graph\">{\"@context\":\"https:\/\/schema.org\",\"@graph\":[{\"@type\":\"WebPage\",\"@id\":\"https:\/\/sagaciresearch.com\/fr\/panel-en-ligne-au-cameroun\/\",\"url\":\"https:\/\/sagaciresearch.com\/fr\/panel-en-ligne-au-cameroun\/\",\"name\":\"Panel en ligne au Cameroun .\",\"isPartOf\":{\"@id\":\"https:\/\/sagaciresearch.com\/#website\"},\"datePublished\":\"2022-02-10T06:29:20+00:00\",\"dateModified\":\"2023-09-08T15:16:51+00:00\",\"description\":\"Avec le panel en ligne de Sagaci's Research au Cameroun, vos entreprises atteindront les consommateurs \u00e0 travers le continent africain. R\u00e9sultats en quelques jours.\",\"breadcrumb\":{\"@id\":\"https:\/\/sagaciresearch.com\/fr\/panel-en-ligne-au-cameroun\/#breadcrumb\"},\"inLanguage\":\"fr-FR\",\"potentialAction\":[{\"@type\":\"ReadAction\",\"target\":[\"https:\/\/sagaciresearch.com\/fr\/panel-en-ligne-au-cameroun\/\"]}]},{\"@type\":\"BreadcrumbList\",\"@id\":\"https:\/\/sagaciresearch.com\/fr\/panel-en-ligne-au-cameroun\/#breadcrumb\",\"itemListElement\":[{\"@type\":\"ListItem\",\"position\":1,\"name\":\"Home\",\"item\":\"https:\/\/sagaciresearch.com\/fr\/\"},{\"@type\":\"ListItem\",\"position\":2,\"name\":\"Panel en ligne au Cameroun\"}]},{\"@type\":\"WebSite\",\"@id\":\"https:\/\/sagaciresearch.com\/#website\",\"url\":\"https:\/\/sagaciresearch.com\/\",\"name\":\"Sagaci Research\",\"description\":\"We provide data and insights you can trust to fuel your growth\",\"publisher\":{\"@id\":\"https:\/\/sagaciresearch.com\/#organization\"},\"potentialAction\":[{\"@type\":\"SearchAction\",\"target\":{\"@type\":\"EntryPoint\",\"urlTemplate\":\"https:\/\/sagaciresearch.com\/?s={search_term_string}\"},\"query-input\":{\"@type\":\"PropertyValueSpecification\",\"valueRequired\":true,\"valueName\":\"search_term_string\"}}],\"inLanguage\":\"fr-FR\"},{\"@type\":\"Organization\",\"@id\":\"https:\/\/sagaciresearch.com\/#organization\",\"name\":\"Sagaci Research\",\"url\":\"https:\/\/sagaciresearch.com\/\",\"logo\":{\"@type\":\"ImageObject\",\"inLanguage\":\"fr-FR\",\"@id\":\"https:\/\/sagaciresearch.com\/#\/schema\/logo\/image\/\",\"url\":\"https:\/\/sagaciresearch.com\/wp-content\/uploads\/2019\/09\/SR2.jpg\",\"contentUrl\":\"https:\/\/sagaciresearch.com\/wp-content\/uploads\/2019\/09\/SR2.jpg\",\"width\":960,\"height\":960,\"caption\":\"Sagaci Research\"},\"image\":{\"@id\":\"https:\/\/sagaciresearch.com\/#\/schema\/logo\/image\/\"}}]}<\/script>\n<!-- \/ Yoast SEO plugin. -->","yoast_head_json":{"title":"Panel en ligne au Cameroun .","description":"Avec le panel en ligne de Sagaci's Research au Cameroun, vos entreprises atteindront les consommateurs \u00e0 travers le continent africain. R\u00e9sultats en quelques jours.","robots":{"index":"index","follow":"follow","max-snippet":"max-snippet:-1","max-image-preview":"max-image-preview:large","max-video-preview":"max-video-preview:-1"},"canonical":"https:\/\/sagaciresearch.com\/fr\/panel-en-ligne-au-cameroun\/","og_locale":"fr_FR","og_type":"article","og_title":"Panel en ligne au Cameroun .","og_description":"Avec le panel en ligne de Sagaci's Research au Cameroun, vos entreprises atteindront les consommateurs \u00e0 travers le continent africain. R\u00e9sultats en quelques jours.","og_url":"https:\/\/sagaciresearch.com\/fr\/panel-en-ligne-au-cameroun\/","og_site_name":"Sagaci Research","article_modified_time":"2023-09-08T15:16:51+00:00","twitter_card":"summary_large_image","twitter_misc":{"Dur\u00e9e de lecture estim\u00e9e":"7 minutes"},"schema":{"@context":"https:\/\/schema.org","@graph":[{"@type":"WebPage","@id":"https:\/\/sagaciresearch.com\/fr\/panel-en-ligne-au-cameroun\/","url":"https:\/\/sagaciresearch.com\/fr\/panel-en-ligne-au-cameroun\/","name":"Panel en ligne au Cameroun .","isPartOf":{"@id":"https:\/\/sagaciresearch.com\/#website"},"datePublished":"2022-02-10T06:29:20+00:00","dateModified":"2023-09-08T15:16:51+00:00","description":"Avec le panel en ligne de Sagaci's Research au Cameroun, vos entreprises atteindront les consommateurs \u00e0 travers le continent africain. R\u00e9sultats en quelques jours.","breadcrumb":{"@id":"https:\/\/sagaciresearch.com\/fr\/panel-en-ligne-au-cameroun\/#breadcrumb"},"inLanguage":"fr-FR","potentialAction":[{"@type":"ReadAction","target":["https:\/\/sagaciresearch.com\/fr\/panel-en-ligne-au-cameroun\/"]}]},{"@type":"BreadcrumbList","@id":"https:\/\/sagaciresearch.com\/fr\/panel-en-ligne-au-cameroun\/#breadcrumb","itemListElement":[{"@type":"ListItem","position":1,"name":"Home","item":"https:\/\/sagaciresearch.com\/fr\/"},{"@type":"ListItem","position":2,"name":"Panel en ligne au Cameroun"}]},{"@type":"WebSite","@id":"https:\/\/sagaciresearch.com\/#website","url":"https:\/\/sagaciresearch.com\/","name":"Sagaci Research","description":"We provide data and insights you can trust to fuel your growth","publisher":{"@id":"https:\/\/sagaciresearch.com\/#organization"},"potentialAction":[{"@type":"SearchAction","target":{"@type":"EntryPoint","urlTemplate":"https:\/\/sagaciresearch.com\/?s={search_term_string}"},"query-input":{"@type":"PropertyValueSpecification","valueRequired":true,"valueName":"search_term_string"}}],"inLanguage":"fr-FR"},{"@type":"Organization","@id":"https:\/\/sagaciresearch.com\/#organization","name":"Sagaci Research","url":"https:\/\/sagaciresearch.com\/","logo":{"@type":"ImageObject","inLanguage":"fr-FR","@id":"https:\/\/sagaciresearch.com\/#\/schema\/logo\/image\/","url":"https:\/\/sagaciresearch.com\/wp-content\/uploads\/2019\/09\/SR2.jpg","contentUrl":"https:\/\/sagaciresearch.com\/wp-content\/uploads\/2019\/09\/SR2.jpg","width":960,"height":960,"caption":"Sagaci Research"},"image":{"@id":"https:\/\/sagaciresearch.com\/#\/schema\/logo\/image\/"}}]}},"_links":{"self":[{"href":"https:\/\/sagaciresearch.com\/fr\/wp-json\/wp\/v2\/pages\/16804","targetHints":{"allow":["GET"]}}],"collection":[{"href":"https:\/\/sagaciresearch.com\/fr\/wp-json\/wp\/v2\/pages"}],"about":[{"href":"https:\/\/sagaciresearch.com\/fr\/wp-json\/wp\/v2\/types\/page"}],"author":[{"embeddable":true,"href":"https:\/\/sagaciresearch.com\/fr\/wp-json\/wp\/v2\/users\/6"}],"replies":[{"embeddable":true,"href":"https:\/\/sagaciresearch.com\/fr\/wp-json\/wp\/v2\/comments?post=16804"}],"version-history":[{"count":1,"href":"https:\/\/sagaciresearch.com\/fr\/wp-json\/wp\/v2\/pages\/16804\/revisions"}],"predecessor-version":[{"id":17376,"href":"https:\/\/sagaciresearch.com\/fr\/wp-json\/wp\/v2\/pages\/16804\/revisions\/17376"}],"wp:attachment":[{"href":"https:\/\/sagaciresearch.com\/fr\/wp-json\/wp\/v2\/media?parent=16804"}],"curies":[{"name":"wp","href":"https:\/\/api.w.org\/{rel}","templated":true}]}}