{"id":16803,"date":"2022-02-10T07:37:11","date_gmt":"2022-02-10T06:37:11","guid":{"rendered":"https:\/\/sagaciresearch.com\/panel-en-ligne-en-cote-divoire\/"},"modified":"2023-09-12T09:53:37","modified_gmt":"2023-09-12T07:53:37","slug":"panel-en-ligne-en-cote-divoire","status":"publish","type":"page","link":"https:\/\/sagaciresearch.com\/fr\/panel-en-ligne-en-cote-divoire\/","title":{"rendered":"Panel en ligne en C\u00f4te d&rsquo;Ivoire"},"content":{"rendered":"<p>[vc_row css=\u00a0\u00bb.vc_custom_1639655133450{margin-bottom: 50px !important;}\u00a0\u00bb][vc_column width=\u00a0\u00bb2\/3&Prime;][vc_column_text]<span style=\"font-weight: 400;\">La recherche en ligne en C\u00f4te d&rsquo;Ivoire pr\u00e9sente de nombreux avantages lorsqu&rsquo;elle est bien men\u00e9e. Gr\u00e2ce \u00e0 notre panel de consommateurs engag\u00e9 et repr\u00e9sentatif, compos\u00e9 de milliers de membres, nous sommes en mesure de mener des projets de recherche de mani\u00e8re rapide et rentable. <\/span><\/p>\n<p><span style=\"font-weight: 400;\">Il permet de suivre facilement les tendances et les changements de comportement des consommateurs autour d&rsquo;un grand nombre de cat\u00e9gories de produits, de marques et de sujets. <\/span>[\/vc_column_text][vc_btn title=\u00a0\u00bbNous contacter\u00a0\u00bb color=\u00a0\u00bbviolet\u00a0\u00bb link=\u00a0\u00bburl:%2Fcontact%2F%3Fshow%3Dcontact%26source%3DOnlinePanels%2520Contact\u00a0\u00bb][\/vc_column][vc_column width=\u00a0\u00bb1\/3&Prime;][vc_single_image image=\u00a0\u00bb13136&Prime; img_size=\u00a0\u00bbmedium\u00a0\u00bb][\/vc_column][\/vc_row][vc_row full_width=\u00a0\u00bbstretch_row\u00a0\u00bb css=\u00a0\u00bb.vc_custom_1643194041373{margin-top: 50px !important;margin-bottom: 50px !important;padding-top: 20px !important;background-color: #a28bc9 !important;}\u00a0\u00bb el_class=\u00a0\u00bbgradient\u00a0\u00bb][vc_column width=\u00a0\u00bb1\/2&Prime;][vc_single_image image=\u00a0\u00bb13795&Prime; img_size=\u00a0\u00bbfull\u00a0\u00bb][\/vc_column][vc_column width=\u00a0\u00bb1\/2&Prime;][vc_column_text]<\/p>\n<h3><\/h3>\n<h3><\/h3>\n<h3><strong><span style=\"color: #000000;\">Panel en ligne repr\u00e9sentatif en C\u00f4te d&rsquo;Ivoire avec une forte qualit\u00e9<\/span><\/strong><\/h3>\n<p>&nbsp;<\/p>\n<p><span style=\"font-weight: 400;\">Sur un laps de temps, nous demandons aux consommateurs de partager leurs opinions sur les marques en C\u00f4te d&rsquo;Ivoire. Sur la base de leurs r\u00e9ponses, nous pouvons \u00e9laborer un rapport avec des donn\u00e9es fiables, provenant de vrais pan\u00e9listes bas\u00e9s dans tout le pays (Abidjan, Bouak\u00e9, Yamoussoukro, etc.), de tous \u00e2ges, de tous sexes et ayant des habitudes de consommation diff\u00e9rentes.<br clear=\"all\"><\/span><\/p>\n<div><\/div>\n<p>[\/vc_column_text][\/vc_column][\/vc_row][vc_row css=\u00a0\u00bb.vc_custom_1643193875289{margin-bottom: 50px !important;}\u00a0\u00bb][vc_column][vc_column_text]<\/p>\n<h3><strong><span style=\"color: #000000;\">Perceptions des consommateurs actualis\u00e9es avec notre fournisseur d&rsquo;\u00e9chantillons en Afrique<\/span><\/strong><\/h3>\n<p><span style=\"font-weight: 400;\">En utilisant notre propre panel en ligne en C\u00f4te d&rsquo;Ivoire, vous pouvez faire \u00e9lever votre entreprise \u00e0 un autre niveau. Chaque jour, des consommateurs de tous \u00e2ges, de toutes classes socio-\u00e9conomiques et de toutes r\u00e9gions d&rsquo;Afrique r\u00e9pondent \u00e0 nos enqu\u00eates sur les marques. Par cons\u00e9quent, nous pouvons fournir \u00e0 nos clients des informations uniques sur les perceptions et les attitudes actuelles des consommateurs \u00e0 l&rsquo;\u00e9gard des marques dans un large \u00e9ventail de cat\u00e9gories de produits. <\/span>[\/vc_column_text][\/vc_column][\/vc_row][vc_row full_width=\u00a0\u00bbstretch_row\u00a0\u00bb css=\u00a0\u00bb.vc_custom_1643193705201{padding-top: 47px !important;padding-bottom: 60px !important;background-color: #967fc4 !important;}\u00a0\u00bb el_class=\u00a0\u00bbgradient\u00a0\u00bb][vc_column][vc_custom_heading stm_title_font_weight=\u00a0\u00bb700&Prime; text=\u00a0\u00bbAvantages de notre panel de consommateurs en C\u00f4te d&rsquo;Ivoire\u00a0\u00bb font_container=\u00a0\u00bbtag:h3|text_align:center\u00a0\u00bb use_theme_fonts=\u00a0\u00bbyes\u00a0\u00bb][vc_row_inner equal_height=\u00a0\u00bbyes\u00a0\u00bb content_placement=\u00a0\u00bbmiddle\u00a0\u00bb gap=\u00a0\u00bb20&Prime; el_class=\u00a0\u00bbsquare\u00a0\u00bb][vc_column_inner width=\u00a0\u00bb1\/3&Prime; css=\u00a0\u00bb.vc_custom_1620310643924{background-color: #ffffff !important;}\u00a0\u00bb][stm_info_box align_center=\u00a0\u00bbyes\u00a0\u00bb style=\u00a0\u00bbstyle_2&Prime; title=\u00a0\u00bbDiversifi\u00e9\u00a0\u00bb css=\u00a0\u00bb.vc_custom_1653398881424{padding-top: 10px !important;padding-right: 50px !important;padding-bottom: 10px !important;padding-left: 50px !important;}\u00a0\u00bb]Canaux de recrutement des membres : Campagnes publicitaires, influenceurs sur les r\u00e9seaux sociaux, ambassadeurs hors ligne, etc.[\/stm_info_box][\/vc_column_inner][vc_column_inner width=\u00a0\u00bb1\/3&Prime; css=\u00a0\u00bb.vc_custom_1620310653042{background-color: #ffffff !important;}\u00a0\u00bb][stm_info_box align_center=\u00a0\u00bbyes\u00a0\u00bb style=\u00a0\u00bbstyle_2&Prime; title=\u00a0\u00bbD\u00e9taill\u00e9\u00a0\u00bb css=\u00a0\u00bb.vc_custom_1653398760339{padding-top: 10px !important;padding-right: 50px !important;padding-bottom: 10px !important;padding-left: 50px !important;}\u00a0\u00bb]Tous les pan\u00e9listes sont profil\u00e9s lors de l&rsquo;inscription initiale[\/stm_info_box][\/vc_column_inner][vc_column_inner width=\u00a0\u00bb1\/3&Prime; css=\u00a0\u00bb.vc_custom_1620310663259{background-color: #ffffff !important;}\u00a0\u00bb][stm_info_box align_center=\u00a0\u00bbyes\u00a0\u00bb style=\u00a0\u00bbstyle_2&Prime; title=\u00a0\u00bbEngag\u00e9\u00a0\u00bb css=\u00a0\u00bb.vc_custom_1653398777816{padding-top: 10px !important;padding-right: 50px !important;padding-bottom: 10px !important;padding-left: 50px !important;}\u00a0\u00bb]Les pan\u00e9listes sont encourag\u00e9s \u00e0 consulter l&rsquo;application tous les jours, avec des enqu\u00eates quotidiennement mises \u00e0 leur disposition[\/stm_info_box][\/vc_column_inner][\/vc_row_inner][vc_row_inner equal_height=\u00a0\u00bbyes\u00a0\u00bb content_placement=\u00a0\u00bbmiddle\u00a0\u00bb gap=\u00a0\u00bb20&Prime; el_class=\u00a0\u00bbsquare\u00a0\u00bb][vc_column_inner width=\u00a0\u00bb1\/3&Prime; css=\u00a0\u00bb.vc_custom_1620310683210{background-color: #ffffff !important;}\u00a0\u00bb][stm_info_box align_center=\u00a0\u00bbyes\u00a0\u00bb style=\u00a0\u00bbstyle_2&Prime; title=\u00a0\u00bbDe confiance\u00a0\u00bb css=\u00a0\u00bb.vc_custom_1653398827910{padding-top: 10px !important;padding-right: 50px !important;padding-bottom: 10px !important;padding-left: 50px !important;}\u00a0\u00bb]Inscription au panel avec le compte Google \/ Android des membres (unique)[\/stm_info_box][\/vc_column_inner][vc_column_inner width=\u00a0\u00bb1\/3&Prime; css=\u00a0\u00bb.vc_custom_1620310676094{background-color: #ffffff !important;}\u00a0\u00bb][stm_info_box align_center=\u00a0\u00bbyes\u00a0\u00bb style=\u00a0\u00bbstyle_2&Prime; title=\u00a0\u00bbCibl\u00e9\u00a0\u00bb css=\u00a0\u00bb.vc_custom_1643378919359{padding-top: 10px !important;padding-right: 50px !important;padding-bottom: 10px !important;padding-left: 50px !important;}\u00a0\u00bb]<span style=\"font-weight: 400;\">Exploitez les donn\u00e9es de profilage pour cibler des groupes sp\u00e9cifiques<\/span>[\/stm_info_box][\/vc_column_inner][vc_column_inner width=\u00a0\u00bb1\/3&Prime; css=\u00a0\u00bb.vc_custom_1620310670034{background-color: #ffffff !important;}\u00a0\u00bb][stm_info_box align_center=\u00a0\u00bbyes\u00a0\u00bb style=\u00a0\u00bbstyle_2&Prime; title=\u00a0\u00bbQualit\u00e9\u00a0\u00bb css=\u00a0\u00bb.vc_custom_1653398867984{padding-top: 10px !important;padding-right: 50px !important;padding-bottom: 10px !important;padding-left: 50px !important;}\u00a0\u00bb]Les pan\u00e9listes sont not\u00e9s en fonction de la qualit\u00e9 de leurs r\u00e9ponses. La priorit\u00e9 est donn\u00e9e aux pan\u00e9listes les mieux not\u00e9s.[\/stm_info_box][\/vc_column_inner][\/vc_row_inner][\/vc_column][\/vc_row][vc_row css=\u00a0\u00bb.vc_custom_1634284780247{margin-top: 50px !important;margin-bottom: 50px !important;}\u00a0\u00bb][vc_column][vc_column_text]<\/p>\n<h3><b>Comment notre panel en ligne en C\u00f4te d&rsquo;Ivoire peut-il vous \u00e9clairer ?<\/b><\/h3>\n<p><span style=\"font-weight: 400;\">Dans une \u00e9tude men\u00e9e pour d\u00e9couvrir les marques de produits laitiers les plus recommand\u00e9es en C\u00f4te d&rsquo;Ivoire, nous avons constat\u00e9 que contrairement \u00e0 certains pays du continent, o\u00f9 les march\u00e9s des produits laitiers sont plus localis\u00e9s, en C\u00f4te d&rsquo;Ivoire les acteurs internationaux semblent \u00eatre les favoris, peut-\u00eatre en raison du manque de production locale et des moindres difficult\u00e9s et co\u00fbts d&rsquo;importation de ces produits \u00e9trangers. De telles informations peuvent aider votre marque \u00e0 s&rsquo;imposer sur diff\u00e9rents march\u00e9s. <\/span><\/p>\n<p><span style=\"font-weight: 400;\">Curieux d&rsquo;en savoir plus sur nos perspectives en <\/span><span style=\"font-weight: 400;\"> C\u00f4te d&rsquo;Ivoire <\/span> <span style=\"font-weight: 400;\">en utilisant le panel en ligne ? Visitez<\/span> <a href=\"https:\/\/sagaciresearch.com\/insights\/\"><span style=\"font-weight: 400;\">notre blog<\/span><\/a><span style=\"font-weight: 400;\"> pour en savoir plus !<\/span>[\/vc_column_text][\/vc_column][\/vc_row][vc_row css=\u00a0\u00bb.vc_custom_1641544413635{margin-top: 50px !important;}\u00a0\u00bb][vc_column][vc_custom_heading stm_title_font_weight=\u00a0\u00bb700&Prime; text=\u00a0\u00bbD\u00e9mographies du panel en C\u00f4te d&rsquo;Ivoire\u00a0\u00bb font_container=\u00a0\u00bbtag:h3|text_align:center\u00a0\u00bb use_theme_fonts=\u00a0\u00bbyes\u00a0\u00bb][\/vc_column][\/vc_row][vc_row content_placement=\u00a0\u00bbtop\u00a0\u00bb css=\u00a0\u00bb.vc_custom_1643283818930{margin-top: 30px !important;margin-bottom: 30px !important;padding-bottom: 20px !important;background-color: #f2f2f2 !important;}\u00a0\u00bb][vc_column width=\u00a0\u00bb1\/4&Prime;][vc_column_text]<\/p>\n<h4 style=\"text-align: center;\">Population du pays<\/h4>\n<p style=\"text-align: center;\">26 millions<\/p>\n<p>[\/vc_column_text][\/vc_column][vc_column width=\u00a0\u00bb1\/4&Prime;][vc_column_text]<\/p>\n<h4 style=\"text-align: center;\">Urbain<\/h4>\n<p style=\"text-align: center;\">88 %<\/p>\n<p>[\/vc_column_text][\/vc_column][vc_column width=\u00a0\u00bb1\/4&Prime;][vc_column_text]<\/p>\n<h4 style=\"text-align: center;\">Rural<\/h4>\n<p style=\"text-align: center;\">12 %<\/p>\n<p>[\/vc_column_text][\/vc_column][vc_column width=\u00a0\u00bb1\/4&Prime;][vc_column_text]<\/p>\n<h4 style=\"text-align: center;\">P\u00e9n\u00e9tration des smartphones<\/h4>\n<p style=\"text-align: center;\">~ 40%<\/p>\n<p>[\/vc_column_text][\/vc_column][\/vc_row][vc_row content_placement=\u00a0\u00bbtop\u00a0\u00bb css=\u00a0\u00bb.vc_custom_1643283832268{margin-top: 40px !important;margin-bottom: 50px !important;}\u00a0\u00bb][vc_column width=\u00a0\u00bb1\/3&Prime;][vc_progress_bar values=\u00a0\u00bb%5B%7B%22label%22%3A%2218%20%C3%80%2025%22%2C%22value%22%3A%2252%22%7D%2C%7B%22label%22%3A%2226%20%C3%80%2035%22%2C%22value%22%3A%2225%22%7D%2C%7B%22label%22%3A%2236%20%C3%80%2045%22%2C%22value%22%3A%2211%22%7D%2C%7B%22label%22%3A%2246%20%C3%80%2055%22%2C%22value%22%3A%223%22%7D%2C%7B%22label%22%3A%22PLUS%20DE%2055%22%2C%22value%22%3A%221%22%7D%5D\u00a0\u00bb bgcolor=\u00a0\u00bbviolet\u00a0\u00bb title=\u00a0\u00bbPar groupes d&rsquo;\u00e2ge\u00a0\u00bb units=\u00a0\u00bb%\u00a0\u00bb][\/vc_column][vc_column width=\u00a0\u00bb1\/3&Prime;][vc_progress_bar values=\u00a0\u00bb%5B%7B%22label%22%3A%22HOMME%22%2C%22value%22%3A%2277%22%7D%2C%7B%22label%22%3A%22FEMME%22%2C%22value%22%3A%2223%22%7D%5D\u00a0\u00bb bgcolor=\u00a0\u00bbviolet\u00a0\u00bb title=\u00a0\u00bbPar sexe\u00a0\u00bb units=\u00a0\u00bb%\u00a0\u00bb][\/vc_column][vc_column width=\u00a0\u00bb1\/3&Prime;][vc_progress_bar values=\u00a0\u00bb%5B%7B%22label%22%3A%22A%22%2C%22value%22%3A%2213%22%7D%2C%7B%22label%22%3A%22B%22%2C%22value%22%3A%2211%22%7D%2C%7B%22label%22%3A%22C1%22%2C%22value%22%3A%2212%22%7D%2C%7B%22label%22%3A%22C2%22%2C%22value%22%3A%2210%22%7D%2C%7B%22label%22%3A%22D%22%2C%22value%22%3A%2226%22%7D%2C%7B%22label%22%3A%22E%22%2C%22value%22%3A%2222%22%7D%2C%7B%22label%22%3A%22N%2FA%22%2C%22value%22%3A%226%22%7D%5D\u00a0\u00bb bgcolor=\u00a0\u00bbviolet\u00a0\u00bb title=\u00a0\u00bbPar classification socio-\u00e9conomique\u00a0\u00bb units=\u00a0\u00bb%\u00a0\u00bb][\/vc_column][\/vc_row][vc_row full_width=\u00a0\u00bbstretch_row\u00a0\u00bb css=\u00a0\u00bb.vc_custom_1625241107934{background-color: #a28bc9 !important;background-position: 0 0 !important;background-repeat: no-repeat !important;}\u00a0\u00bb el_class=\u00a0\u00bbgradient\u00a0\u00bb][vc_column width=\u00a0\u00bb1\/2&Prime; css=\u00a0\u00bb.vc_custom_1614761329840{padding-top: 50px !important;padding-bottom: 50px !important;}\u00a0\u00bb][vc_column_text]<\/p>\n<h2><strong><span style=\"color: #ffffff;\">D\u00e9marrez avec notre panel en ligne en C\u00f4te d&rsquo;Ivoire<\/span><\/strong><\/h2>\n<p><span style=\"color: #ffffff;\">Contactez notre \u00e9quipe d\u00e8s maintenant pour demander la faisabilit\u00e9 et les co\u00fbts.<\/span>[\/vc_column_text][vc_btn title=\u00a0\u00bbEnvoyez-nous votre demande\u00a0\u00bb color=\u00a0\u00bbwhite\u00a0\u00bb i_icon_fontawesome=\u00a0\u00bbfas fa-envelope\u00a0\u00bb add_icon=\u00a0\u00bbtrue\u00a0\u00bb link=\u00a0\u00bburl:%2Fcontact%2F%3Fshow%3Dmeeting%26source%3DOnlinePanels%2520Book%2520a%2520Meeting|title:Book%20a%20meeting\u00a0\u00bb][\/vc_column][vc_column width=\u00a0\u00bb1\/2&Prime;][vc_single_image image=\u00a0\u00bb13797&Prime; img_size=\u00a0\u00bbfull\u00a0\u00bb][\/vc_column][\/vc_row][vc_row][vc_column][vc_empty_space height=\u00a0\u00bb50px\u00a0\u00bb][\/vc_column][\/vc_row][vc_row][vc_column][vc_custom_heading stm_title_font_weight=\u00a0\u00bb400&Prime; text=\u00a0\u00bbNos observations sur les panels en ligne\u00a0\u00bb font_container=\u00a0\u00bbtag:h2|text_align:center\u00a0\u00bb use_theme_fonts=\u00a0\u00bbyes\u00a0\u00bb][stm_news posts_per_row=\u00a0\u00bb4&Prime;][\/vc_column][\/vc_row]<\/p>\n","protected":false},"excerpt":{"rendered":"<p>[vc_row css=\u00a0\u00bb.vc_custom_1639655133450{margin-bottom: 50px !important;}\u00a0\u00bb][vc_column width=\u00a0\u00bb2\/3&Prime;][vc_column_text]La recherche en ligne en C\u00f4te d&rsquo;Ivoire pr\u00e9sente de nombreux avantages lorsqu&rsquo;elle est bien men\u00e9e. Gr\u00e2ce \u00e0 notre panel de consommateurs engag\u00e9 et repr\u00e9sentatif, compos\u00e9 de milliers de membres, nous sommes en mesure de mener des projets de recherche de mani\u00e8re rapide et rentable. Il permet de suivre facilement les tendances<\/p>\n","protected":false},"author":6,"featured_media":0,"parent":0,"menu_order":0,"comment_status":"closed","ping_status":"closed","template":"","meta":{"_acf_changed":false,"footnotes":""},"class_list":["post-16803","page","type-page","status-publish","hentry"],"acf":[],"yoast_head":"<!-- This site is optimized with the Yoast SEO plugin v27.2 - https:\/\/yoast.com\/product\/yoast-seo-wordpress\/ -->\n<title>Panel en ligne en C\u00f4te d&#039;Ivoire - Sagaci Research<\/title>\n<meta name=\"description\" content=\"Le panel en ligne en C\u00f4te d&#039;Ivoire permet de suivre facilement les tendances et les changements de comportement des consommateurs autour d&#039;un grand nombre de marques et de sujets.\" \/>\n<meta name=\"robots\" content=\"index, follow, max-snippet:-1, max-image-preview:large, max-video-preview:-1\" \/>\n<link rel=\"canonical\" href=\"https:\/\/sagaciresearch.com\/fr\/panel-en-ligne-en-cote-divoire\/\" \/>\n<meta property=\"og:locale\" content=\"fr_FR\" \/>\n<meta property=\"og:type\" content=\"article\" \/>\n<meta property=\"og:title\" content=\"Panel en ligne en C\u00f4te d&#039;Ivoire - Sagaci Research\" \/>\n<meta property=\"og:description\" content=\"Le panel en ligne en C\u00f4te d&#039;Ivoire permet de suivre facilement les tendances et les changements de comportement des consommateurs autour d&#039;un grand nombre de marques et de sujets.\" \/>\n<meta property=\"og:url\" content=\"https:\/\/sagaciresearch.com\/fr\/panel-en-ligne-en-cote-divoire\/\" \/>\n<meta property=\"og:site_name\" content=\"Sagaci Research\" \/>\n<meta property=\"article:modified_time\" content=\"2023-09-12T07:53:37+00:00\" \/>\n<meta name=\"twitter:card\" content=\"summary_large_image\" \/>\n<meta name=\"twitter:label1\" content=\"Dur\u00e9e de lecture estim\u00e9e\" \/>\n\t<meta name=\"twitter:data1\" content=\"7 minutes\" \/>\n<script type=\"application\/ld+json\" class=\"yoast-schema-graph\">{\"@context\":\"https:\/\/schema.org\",\"@graph\":[{\"@type\":\"WebPage\",\"@id\":\"https:\/\/sagaciresearch.com\/fr\/panel-en-ligne-en-cote-divoire\/\",\"url\":\"https:\/\/sagaciresearch.com\/fr\/panel-en-ligne-en-cote-divoire\/\",\"name\":\"Panel en ligne en C\u00f4te d'Ivoire - Sagaci Research\",\"isPartOf\":{\"@id\":\"https:\/\/sagaciresearch.com\/#website\"},\"datePublished\":\"2022-02-10T06:37:11+00:00\",\"dateModified\":\"2023-09-12T07:53:37+00:00\",\"description\":\"Le panel en ligne en C\u00f4te d'Ivoire permet de suivre facilement les tendances et les changements de comportement des consommateurs autour d'un grand nombre de marques et de sujets.\",\"breadcrumb\":{\"@id\":\"https:\/\/sagaciresearch.com\/fr\/panel-en-ligne-en-cote-divoire\/#breadcrumb\"},\"inLanguage\":\"fr-FR\",\"potentialAction\":[{\"@type\":\"ReadAction\",\"target\":[\"https:\/\/sagaciresearch.com\/fr\/panel-en-ligne-en-cote-divoire\/\"]}]},{\"@type\":\"BreadcrumbList\",\"@id\":\"https:\/\/sagaciresearch.com\/fr\/panel-en-ligne-en-cote-divoire\/#breadcrumb\",\"itemListElement\":[{\"@type\":\"ListItem\",\"position\":1,\"name\":\"Home\",\"item\":\"https:\/\/sagaciresearch.com\/fr\/\"},{\"@type\":\"ListItem\",\"position\":2,\"name\":\"Panel en ligne en C\u00f4te d&#8217;Ivoire\"}]},{\"@type\":\"WebSite\",\"@id\":\"https:\/\/sagaciresearch.com\/#website\",\"url\":\"https:\/\/sagaciresearch.com\/\",\"name\":\"Sagaci Research\",\"description\":\"We provide data and insights you can trust to fuel your growth\",\"publisher\":{\"@id\":\"https:\/\/sagaciresearch.com\/#organization\"},\"potentialAction\":[{\"@type\":\"SearchAction\",\"target\":{\"@type\":\"EntryPoint\",\"urlTemplate\":\"https:\/\/sagaciresearch.com\/?s={search_term_string}\"},\"query-input\":{\"@type\":\"PropertyValueSpecification\",\"valueRequired\":true,\"valueName\":\"search_term_string\"}}],\"inLanguage\":\"fr-FR\"},{\"@type\":\"Organization\",\"@id\":\"https:\/\/sagaciresearch.com\/#organization\",\"name\":\"Sagaci Research\",\"url\":\"https:\/\/sagaciresearch.com\/\",\"logo\":{\"@type\":\"ImageObject\",\"inLanguage\":\"fr-FR\",\"@id\":\"https:\/\/sagaciresearch.com\/#\/schema\/logo\/image\/\",\"url\":\"https:\/\/sagaciresearch.com\/wp-content\/uploads\/2019\/09\/SR2.jpg\",\"contentUrl\":\"https:\/\/sagaciresearch.com\/wp-content\/uploads\/2019\/09\/SR2.jpg\",\"width\":960,\"height\":960,\"caption\":\"Sagaci Research\"},\"image\":{\"@id\":\"https:\/\/sagaciresearch.com\/#\/schema\/logo\/image\/\"}}]}<\/script>\n<!-- \/ Yoast SEO plugin. -->","yoast_head_json":{"title":"Panel en ligne en C\u00f4te d'Ivoire - Sagaci Research","description":"Le panel en ligne en C\u00f4te d'Ivoire permet de suivre facilement les tendances et les changements de comportement des consommateurs autour d'un grand nombre de marques et de sujets.","robots":{"index":"index","follow":"follow","max-snippet":"max-snippet:-1","max-image-preview":"max-image-preview:large","max-video-preview":"max-video-preview:-1"},"canonical":"https:\/\/sagaciresearch.com\/fr\/panel-en-ligne-en-cote-divoire\/","og_locale":"fr_FR","og_type":"article","og_title":"Panel en ligne en C\u00f4te d'Ivoire - Sagaci Research","og_description":"Le panel en ligne en C\u00f4te d'Ivoire permet de suivre facilement les tendances et les changements de comportement des consommateurs autour d'un grand nombre de marques et de sujets.","og_url":"https:\/\/sagaciresearch.com\/fr\/panel-en-ligne-en-cote-divoire\/","og_site_name":"Sagaci Research","article_modified_time":"2023-09-12T07:53:37+00:00","twitter_card":"summary_large_image","twitter_misc":{"Dur\u00e9e de lecture estim\u00e9e":"7 minutes"},"schema":{"@context":"https:\/\/schema.org","@graph":[{"@type":"WebPage","@id":"https:\/\/sagaciresearch.com\/fr\/panel-en-ligne-en-cote-divoire\/","url":"https:\/\/sagaciresearch.com\/fr\/panel-en-ligne-en-cote-divoire\/","name":"Panel en ligne en C\u00f4te d'Ivoire - Sagaci Research","isPartOf":{"@id":"https:\/\/sagaciresearch.com\/#website"},"datePublished":"2022-02-10T06:37:11+00:00","dateModified":"2023-09-12T07:53:37+00:00","description":"Le panel en ligne en C\u00f4te d'Ivoire permet de suivre facilement les tendances et les changements de comportement des consommateurs autour d'un grand nombre de marques et de sujets.","breadcrumb":{"@id":"https:\/\/sagaciresearch.com\/fr\/panel-en-ligne-en-cote-divoire\/#breadcrumb"},"inLanguage":"fr-FR","potentialAction":[{"@type":"ReadAction","target":["https:\/\/sagaciresearch.com\/fr\/panel-en-ligne-en-cote-divoire\/"]}]},{"@type":"BreadcrumbList","@id":"https:\/\/sagaciresearch.com\/fr\/panel-en-ligne-en-cote-divoire\/#breadcrumb","itemListElement":[{"@type":"ListItem","position":1,"name":"Home","item":"https:\/\/sagaciresearch.com\/fr\/"},{"@type":"ListItem","position":2,"name":"Panel en ligne en C\u00f4te d&#8217;Ivoire"}]},{"@type":"WebSite","@id":"https:\/\/sagaciresearch.com\/#website","url":"https:\/\/sagaciresearch.com\/","name":"Sagaci Research","description":"We provide data and insights you can trust to fuel your growth","publisher":{"@id":"https:\/\/sagaciresearch.com\/#organization"},"potentialAction":[{"@type":"SearchAction","target":{"@type":"EntryPoint","urlTemplate":"https:\/\/sagaciresearch.com\/?s={search_term_string}"},"query-input":{"@type":"PropertyValueSpecification","valueRequired":true,"valueName":"search_term_string"}}],"inLanguage":"fr-FR"},{"@type":"Organization","@id":"https:\/\/sagaciresearch.com\/#organization","name":"Sagaci Research","url":"https:\/\/sagaciresearch.com\/","logo":{"@type":"ImageObject","inLanguage":"fr-FR","@id":"https:\/\/sagaciresearch.com\/#\/schema\/logo\/image\/","url":"https:\/\/sagaciresearch.com\/wp-content\/uploads\/2019\/09\/SR2.jpg","contentUrl":"https:\/\/sagaciresearch.com\/wp-content\/uploads\/2019\/09\/SR2.jpg","width":960,"height":960,"caption":"Sagaci Research"},"image":{"@id":"https:\/\/sagaciresearch.com\/#\/schema\/logo\/image\/"}}]}},"_links":{"self":[{"href":"https:\/\/sagaciresearch.com\/fr\/wp-json\/wp\/v2\/pages\/16803","targetHints":{"allow":["GET"]}}],"collection":[{"href":"https:\/\/sagaciresearch.com\/fr\/wp-json\/wp\/v2\/pages"}],"about":[{"href":"https:\/\/sagaciresearch.com\/fr\/wp-json\/wp\/v2\/types\/page"}],"author":[{"embeddable":true,"href":"https:\/\/sagaciresearch.com\/fr\/wp-json\/wp\/v2\/users\/6"}],"replies":[{"embeddable":true,"href":"https:\/\/sagaciresearch.com\/fr\/wp-json\/wp\/v2\/comments?post=16803"}],"version-history":[{"count":1,"href":"https:\/\/sagaciresearch.com\/fr\/wp-json\/wp\/v2\/pages\/16803\/revisions"}],"predecessor-version":[{"id":17406,"href":"https:\/\/sagaciresearch.com\/fr\/wp-json\/wp\/v2\/pages\/16803\/revisions\/17406"}],"wp:attachment":[{"href":"https:\/\/sagaciresearch.com\/fr\/wp-json\/wp\/v2\/media?parent=16803"}],"curies":[{"name":"wp","href":"https:\/\/api.w.org\/{rel}","templated":true}]}}