{"id":16802,"date":"2022-02-10T07:42:01","date_gmt":"2022-02-10T06:42:01","guid":{"rendered":"https:\/\/sagaciresearch.com\/panel-en-ligne-en-rd-congo\/"},"modified":"2023-09-08T17:19:25","modified_gmt":"2023-09-08T15:19:25","slug":"panel-en-ligne-en-rd-congo","status":"publish","type":"page","link":"https:\/\/sagaciresearch.com\/fr\/panel-en-ligne-en-rd-congo\/","title":{"rendered":"Panel en ligne en RD Congo"},"content":{"rendered":"<p>[vc_row css=\u00a0\u00bb.vc_custom_1639655133450{margin-bottom: 50px !important;}\u00a0\u00bb][vc_column width=\u00a0\u00bb2\/3&Prime;][vc_column_text]<span style=\"font-weight: 400;\">Gr\u00e2ce \u00e0 notre panel en ligne r\u00e9actif et fiable en RD Congo, nous sommes en mesure de collecter des informations sur la consommation afin d&rsquo;aider les marketers \u00e0 prendre des d\u00e9cisions \u00e9clair\u00e9es pour d\u00e9velopper leur activit\u00e9.<\/span>[\/vc_column_text][vc_btn title=\u00a0\u00bbNous contacter\u00a0\u00bb color=\u00a0\u00bbviolet\u00a0\u00bb link=\u00a0\u00bburl:%2Fcontact%2F%3Fshow%3Dcontact%26source%3DOnlinePanels%2520Contact\u00a0\u00bb][\/vc_column][vc_column width=\u00a0\u00bb1\/3&Prime;][vc_single_image image=\u00a0\u00bb13141&Prime; img_size=\u00a0\u00bbmedium\u00a0\u00bb][\/vc_column][\/vc_row][vc_row full_width=\u00a0\u00bbstretch_row\u00a0\u00bb css=\u00a0\u00bb.vc_custom_1643194041373{margin-top: 50px !important;margin-bottom: 50px !important;padding-top: 20px !important;background-color: #a28bc9 !important;}\u00a0\u00bb el_class=\u00a0\u00bbgradient\u00a0\u00bb][vc_column width=\u00a0\u00bb1\/2&Prime;][vc_single_image image=\u00a0\u00bb13783&Prime; img_size=\u00a0\u00bbfull\u00a0\u00bb][\/vc_column][vc_column width=\u00a0\u00bb1\/2&Prime;][vc_column_text]<\/p>\n<h2><strong><span style=\"color: #000000;\">Une forte qualit\u00e9 dans notre panel en ligne en RD Congo<\/span><\/strong><\/h2>\n<p>&nbsp;<\/p>\n<p><span style=\"font-weight: 400;\">Avec nos \u00e9chantillons en ligne en RDC, vous pouvez conna\u00eetre les comportements et les tendances de consommation des Congolais en ce qui concerne les produits, les services et bien plus encore. Cela peut donc aider votre entreprise \u00e0 atteindre un autre niveau de compr\u00e9hension de vos clients, ce qui laisse de la place \u00e0 la croissance, au d\u00e9veloppement et \u00e0 la connaissance.<\/span>[\/vc_column_text][\/vc_column][\/vc_row][vc_row css=\u00a0\u00bb.vc_custom_1643193875289{margin-bottom: 50px !important;}\u00a0\u00bb][vc_column][vc_column_text]<\/p>\n<h3><strong><span style=\"color: #000000;\">Cibler les consommateurs avec notre panel de consommateurs en RD Congo<\/span><\/strong><\/h3>\n<p><span style=\"font-weight: 400;\">Chez Sagaci Research, nous fournissons des cibles sp\u00e9cifiques afin de rendre votre \u00e9tude de march\u00e9 encore plus pr\u00e9cise. Consultez les possibilit\u00e9s ci-dessous : <\/span><\/p>\n<p><i class=\"fas fa-check-circle\"><\/i><span style=\"font-weight: 400;\">Localisation (r\u00e9gions : urbaines X rurales, villes : Kinshasa, Likasi, Goma, etc&#8230;)<\/span><\/p>\n<p><i class=\"fas fa-check-circle\"><\/i><span style=\"font-weight: 400;\">D\u00e9tails du m\u00e9nage (nombre et \u00e2ge des enfants, enfants de moins de 18 ans, etc&#8230;)<\/span><\/p>\n<p><i class=\"fas fa-check-circle\"><\/i><span style=\"font-weight: 400;\">Cat\u00e9gories de produits de grande consommation (alimentaires et non alimentaires)<\/span><\/p>\n<p><i class=\"fas fa-check-circle\"><\/i><span style=\"font-weight: 400;\">Propri\u00e9taires d&rsquo;appareils \u00e9lectrom\u00e9nagers, d&rsquo;appareils \u00e9lectroniques ou de v\u00e9hicules<\/span><\/p>\n<p><i class=\"fas fa-check-circle\"><\/i><span style=\"font-weight: 400;\">Produits financiers et assurances<\/span>[\/vc_column_text][\/vc_column][\/vc_row][vc_row full_width=\u00a0\u00bbstretch_row\u00a0\u00bb css=\u00a0\u00bb.vc_custom_1643193705201{padding-top: 47px !important;padding-bottom: 60px !important;background-color: #967fc4 !important;}\u00a0\u00bb el_class=\u00a0\u00bbgradient\u00a0\u00bb][vc_column][vc_custom_heading stm_title_font_weight=\u00a0\u00bb700&Prime; text=\u00a0\u00bbAvantages de notre panel en ligne en RD Congo\u00a0\u00bb font_container=\u00a0\u00bbtag:h3|text_align:center\u00a0\u00bb use_theme_fonts=\u00a0\u00bbyes\u00a0\u00bb][vc_row_inner equal_height=\u00a0\u00bbyes\u00a0\u00bb content_placement=\u00a0\u00bbmiddle\u00a0\u00bb gap=\u00a0\u00bb20&Prime; el_class=\u00a0\u00bbsquare\u00a0\u00bb][vc_column_inner width=\u00a0\u00bb1\/3&Prime; css=\u00a0\u00bb.vc_custom_1620310643924{background-color: #ffffff !important;}\u00a0\u00bb][stm_info_box align_center=\u00a0\u00bbyes\u00a0\u00bb style=\u00a0\u00bbstyle_2&Prime; title=\u00a0\u00bbQuality\u00a0\u00bb css=\u00a0\u00bb.vc_custom_1652967171488{padding-top: 10px !important;padding-right: 50px !important;padding-bottom: 10px !important;padding-left: 50px !important;}\u00a0\u00bb]Notre algorithme v\u00e9rifie la qualit\u00e9 de nos pan\u00e9listes<\/p>\n<div><\/div>\n<p>[\/stm_info_box][\/vc_column_inner][vc_column_inner width=\u00a0\u00bb1\/3&Prime; css=\u00a0\u00bb.vc_custom_1620310653042{background-color: #ffffff !important;}\u00a0\u00bb][stm_info_box align_center=\u00a0\u00bbyes\u00a0\u00bb style=\u00a0\u00bbstyle_2&Prime; title=\u00a0\u00bbEngag\u00e9\u00a0\u00bb css=\u00a0\u00bb.vc_custom_1652967414216{padding-top: 10px !important;padding-right: 50px !important;padding-bottom: 10px !important;padding-left: 50px !important;}\u00a0\u00bb]Des strat\u00e9gies quotidiennes pour maintenir l&rsquo;int\u00e9r\u00eat du panel[\/stm_info_box][\/vc_column_inner][vc_column_inner width=\u00a0\u00bb1\/3&Prime; css=\u00a0\u00bb.vc_custom_1620310663259{background-color: #ffffff !important;}\u00a0\u00bb][stm_info_box align_center=\u00a0\u00bbyes\u00a0\u00bb style=\u00a0\u00bbstyle_2&Prime; title=\u00a0\u00bbMobile\u00a0\u00bb css=\u00a0\u00bb.vc_custom_1652967232016{padding-top: 10px !important;padding-right: 50px !important;padding-bottom: 10px !important;padding-left: 50px !important;}\u00a0\u00bb]<span style=\"font-weight: 400;\">Qui nous permettent d&rsquo;avoir des r\u00e9ponses en quelques heures&#8230;<\/span>[\/stm_info_box][\/vc_column_inner][\/vc_row_inner][vc_row_inner equal_height=\u00a0\u00bbyes\u00a0\u00bb content_placement=\u00a0\u00bbmiddle\u00a0\u00bb gap=\u00a0\u00bb20&Prime; el_class=\u00a0\u00bbsquare\u00a0\u00bb][vc_column_inner width=\u00a0\u00bb1\/3&Prime; css=\u00a0\u00bb.vc_custom_1620310683210{background-color: #ffffff !important;}\u00a0\u00bb][stm_info_box align_center=\u00a0\u00bbyes\u00a0\u00bb style=\u00a0\u00bbstyle_2&Prime; title=\u00a0\u00bbR\u00e9actif\u00a0\u00bb css=\u00a0\u00bb.vc_custom_1652967253586{padding-top: 10px !important;padding-right: 50px !important;padding-bottom: 10px !important;padding-left: 50px !important;}\u00a0\u00bb]\u00c9tudes comparatives dans plusieurs pays.[\/stm_info_box][\/vc_column_inner][vc_column_inner width=\u00a0\u00bb1\/3&Prime; css=\u00a0\u00bb.vc_custom_1620310676094{background-color: #ffffff !important;}\u00a0\u00bb][stm_info_box align_center=\u00a0\u00bbyes\u00a0\u00bb style=\u00a0\u00bbstyle_2&Prime; title=\u00a0\u00bbSp\u00e9cifique\u00a0\u00bb css=\u00a0\u00bb.vc_custom_1652967398259{padding-top: 10px !important;padding-right: 50px !important;padding-bottom: 10px !important;padding-left: 50px !important;}\u00a0\u00bb]Des r\u00e9ponses d\u00e9taill\u00e9es \u00e0 vos questions[\/stm_info_box][\/vc_column_inner][vc_column_inner width=\u00a0\u00bb1\/3&Prime; css=\u00a0\u00bb.vc_custom_1620310670034{background-color: #ffffff !important;}\u00a0\u00bb][stm_info_box align_center=\u00a0\u00bbyes\u00a0\u00bb style=\u00a0\u00bbstyle_2&Prime; title=\u00a0\u00bbDe confiance\u00a0\u00bb css=\u00a0\u00bb.vc_custom_1652967464806{padding-top: 10px !important;padding-right: 50px !important;padding-bottom: 10px !important;padding-left: 50px !important;}\u00a0\u00bb]<span style=\"font-weight: 400;\">Uniquement de vrais membres dans notre panel<\/span>[\/stm_info_box][\/vc_column_inner][\/vc_row_inner][\/vc_column][\/vc_row][vc_row css=\u00a0\u00bb.vc_custom_1634284780247{margin-top: 50px !important;margin-bottom: 50px !important;}\u00a0\u00bb][vc_column][vc_column_text]<b>En savoir plus sur notre \u00e9chantillon en ligne en RD Congo<\/b><\/p>\n<p><span style=\"font-weight: 400;\">En R\u00e9publique d\u00e9mocratique du Congo, nous pouvons zoomer sur de nombreuses donn\u00e9es de consommation et d&rsquo;achat de cat\u00e9gories de produits de grande consommation. Par exemple, des chiffres r\u00e9cents dans la cat\u00e9gorie des soins bucco-dentaires montrent que seuls 32 % des membres de notre panel repr\u00e9sentatif ont utilis\u00e9 des produits de soins bucco-dentaires au cours des quatre derni\u00e8res semaines. Les femmes utilisent beaucoup plus cette cat\u00e9gorie que les hommes (44 % contre 19 %). Plus important encore, les 36-45 ans sont ceux qui l&rsquo;utilisent le plus par rapport aux autres groupes d&rsquo;\u00e2ge, tandis qu&rsquo;un tiers des utilisateurs ach\u00e8tent leurs produits dans les kiosques, plus que dans les supermarch\u00e9s. <\/span><\/p>\n<p><span style=\"font-weight: 400;\">Souhaitez-vous en savoir plus sur nos informations en R\u00e9publique D\u00e9mocratique du Congo en utilisant les panels en ligne ? Visitez<\/span> <a href=\"https:\/\/sagaciresearch.com\/insights\/\"><span style=\"font-weight: 400;\">notre blog<\/span><\/a><span style=\"font-weight: 400;\"> pour en savoir plus !<\/span>[\/vc_column_text][\/vc_column][\/vc_row][vc_row css=\u00a0\u00bb.vc_custom_1641544413635{margin-top: 50px !important;}\u00a0\u00bb][vc_column][vc_custom_heading stm_title_font_weight=\u00a0\u00bb700&Prime; text=\u00a0\u00bbD\u00e9mographies du panel en RD Congo\u00a0\u00bb font_container=\u00a0\u00bbtag:h3|text_align:center\u00a0\u00bb use_theme_fonts=\u00a0\u00bbyes\u00a0\u00bb][\/vc_column][\/vc_row][vc_row content_placement=\u00a0\u00bbtop\u00a0\u00bb css=\u00a0\u00bb.vc_custom_1643283818930{margin-top: 30px !important;margin-bottom: 30px !important;padding-bottom: 20px !important;background-color: #f2f2f2 !important;}\u00a0\u00bb][vc_column width=\u00a0\u00bb1\/4&Prime;][vc_column_text]<\/p>\n<h4 style=\"text-align: center;\">Population du pays<\/h4>\n<p style=\"text-align: center;\">88 millions<\/p>\n<p>[\/vc_column_text][\/vc_column][vc_column width=\u00a0\u00bb1\/4&Prime;][vc_column_text]<\/p>\n<h4 style=\"text-align: center;\">Urbain<\/h4>\n<p style=\"text-align: center;\">92 %<\/p>\n<p>[\/vc_column_text][\/vc_column][vc_column width=\u00a0\u00bb1\/4&Prime;][vc_column_text]<\/p>\n<h4 style=\"text-align: center;\">Rural<\/h4>\n<p style=\"text-align: center;\">8 %<\/p>\n<p>[\/vc_column_text][\/vc_column][vc_column width=\u00a0\u00bb1\/4&Prime;][vc_column_text]<\/p>\n<h4 style=\"text-align: center;\">P\u00e9n\u00e9tration des smartphones<\/h4>\n<p style=\"text-align: center;\">~ 20%<\/p>\n<p>[\/vc_column_text][\/vc_column][\/vc_row][vc_row content_placement=\u00a0\u00bbtop\u00a0\u00bb css=\u00a0\u00bb.vc_custom_1643283832268{margin-top: 40px !important;margin-bottom: 50px !important;}\u00a0\u00bb][vc_column width=\u00a0\u00bb1\/3&Prime;][vc_progress_bar values=\u00a0\u00bb%5B%7B%22label%22%3A%2218%20%C3%80%20%2025%22%2C%22value%22%3A%2234%22%7D%2C%7B%22label%22%3A%2226%20%C3%80%20%2035%22%2C%22value%22%3A%2239%22%7D%2C%7B%22label%22%3A%2236%20%C3%80%2045%22%2C%22value%22%3A%2216%22%7D%2C%7B%22label%22%3A%2246%20%C3%80%20%2055%22%2C%22value%22%3A%227%22%7D%2C%7B%22label%22%3A%22PLUS%20DE%2055%22%2C%22value%22%3A%221%22%7D%5D\u00a0\u00bb bgcolor=\u00a0\u00bbviolet\u00a0\u00bb title=\u00a0\u00bbPar groupes d&rsquo;\u00e2ge\u00a0\u00bb units=\u00a0\u00bb%\u00a0\u00bb][\/vc_column][vc_column width=\u00a0\u00bb1\/3&Prime;][vc_progress_bar values=\u00a0\u00bb%5B%7B%22label%22%3A%22HOMME%22%2C%22value%22%3A%2281%22%7D%2C%7B%22label%22%3A%22FEMME%22%2C%22value%22%3A%2219%22%7D%5D\u00a0\u00bb bgcolor=\u00a0\u00bbviolet\u00a0\u00bb title=\u00a0\u00bbPar sexe\u00a0\u00bb units=\u00a0\u00bb%\u00a0\u00bb][\/vc_column][vc_column width=\u00a0\u00bb1\/3&Prime;][vc_progress_bar values=\u00a0\u00bb%5B%7B%22label%22%3A%22A%22%2C%22value%22%3A%2215%22%7D%2C%7B%22label%22%3A%22B%22%2C%22value%22%3A%2215%22%7D%2C%7B%22label%22%3A%22C1%22%2C%22value%22%3A%2211%22%7D%2C%7B%22label%22%3A%22C2%22%2C%22value%22%3A%2215%22%7D%2C%7B%22label%22%3A%22D%22%2C%22value%22%3A%2228%22%7D%2C%7B%22label%22%3A%22E%22%2C%22value%22%3A%2213%22%7D%2C%7B%22label%22%3A%22N%2FA%22%2C%22value%22%3A%223%22%7D%5D\u00a0\u00bb bgcolor=\u00a0\u00bbviolet\u00a0\u00bb title=\u00a0\u00bbPar classification socio-\u00e9conomique\u00a0\u00bb units=\u00a0\u00bb%\u00a0\u00bb][\/vc_column][\/vc_row][vc_row full_width=\u00a0\u00bbstretch_row\u00a0\u00bb css=\u00a0\u00bb.vc_custom_1625241107934{background-color: #a28bc9 !important;background-position: 0 0 !important;background-repeat: no-repeat !important;}\u00a0\u00bb el_class=\u00a0\u00bbgradient\u00a0\u00bb][vc_column width=\u00a0\u00bb1\/2&Prime; css=\u00a0\u00bb.vc_custom_1614761329840{padding-top: 50px !important;padding-bottom: 50px !important;}\u00a0\u00bb][vc_column_text]<\/p>\n<h2><strong><span style=\"color: #ffffff;\">Questions sur la faisabilit\u00e9 et les co\u00fbts en RD Congo ?<\/span><\/strong><\/h2>\n<p><span style=\"color: #ffffff;\">Contactez notre \u00e9quipe d\u00e8s maintenant<\/span>[\/vc_column_text][vc_btn title=\u00a0\u00bbNous \u00e9crire\u00a0\u00bb color=\u00a0\u00bbwhite\u00a0\u00bb i_icon_fontawesome=\u00a0\u00bbfas fa-envelope\u00a0\u00bb add_icon=\u00a0\u00bbtrue\u00a0\u00bb link=\u00a0\u00bburl:%2Fcontact%2F%3Fshow%3Dmeeting%26source%3DOnlinePanels%2520Book%2520a%2520Meeting|title:Book%20a%20meeting\u00a0\u00bb][\/vc_column][vc_column width=\u00a0\u00bb1\/2&Prime;][vc_single_image image=\u00a0\u00bb13784&Prime; img_size=\u00a0\u00bbfull\u00a0\u00bb][\/vc_column][\/vc_row][vc_row][vc_column][vc_empty_space height=\u00a0\u00bb50px\u00a0\u00bb][\/vc_column][\/vc_row][vc_row][vc_column][vc_custom_heading stm_title_font_weight=\u00a0\u00bb400&Prime; text=\u00a0\u00bbEn savoir plus sur notre fournisseur d&rsquo;\u00e9chantillons en RD Congo\u00a0\u00bb font_container=\u00a0\u00bbtag:h2|text_align:center\u00a0\u00bb use_theme_fonts=\u00a0\u00bbyes\u00a0\u00bb][stm_news posts_per_row=\u00a0\u00bb4&Prime;][\/vc_column][\/vc_row]<\/p>\n","protected":false},"excerpt":{"rendered":"<p>[vc_row css=\u00a0\u00bb.vc_custom_1639655133450{margin-bottom: 50px !important;}\u00a0\u00bb][vc_column width=\u00a0\u00bb2\/3&Prime;][vc_column_text]Gr\u00e2ce \u00e0 notre panel en ligne r\u00e9actif et fiable en RD Congo, nous sommes en mesure de collecter des informations sur la consommation afin d&rsquo;aider les marketers \u00e0 prendre des d\u00e9cisions \u00e9clair\u00e9es pour d\u00e9velopper leur activit\u00e9.[\/vc_column_text][vc_btn title=\u00a0\u00bbNous contacter\u00a0\u00bb color=\u00a0\u00bbviolet\u00a0\u00bb link=\u00a0\u00bburl:%2Fcontact%2F%3Fshow%3Dcontact%26source%3DOnlinePanels%2520Contact\u00a0\u00bb][\/vc_column][vc_column width=\u00a0\u00bb1\/3&Prime;][vc_single_image image=\u00a0\u00bb13141&Prime; img_size=\u00a0\u00bbmedium\u00a0\u00bb][\/vc_column][\/vc_row][vc_row full_width=\u00a0\u00bbstretch_row\u00a0\u00bb css=\u00a0\u00bb.vc_custom_1643194041373{margin-top: 50px !important;margin-bottom: 50px !important;padding-top: 20px !important;background-color:<\/p>\n","protected":false},"author":6,"featured_media":0,"parent":0,"menu_order":0,"comment_status":"closed","ping_status":"closed","template":"","meta":{"_acf_changed":false,"footnotes":""},"class_list":["post-16802","page","type-page","status-publish","hentry"],"acf":[],"yoast_head":"<!-- This site is optimized with the Yoast SEO plugin v27.3 - https:\/\/yoast.com\/product\/yoast-seo-wordpress\/ -->\n<title>Panel en ligne en RD Congo - Sagaci Research<\/title>\n<meta name=\"description\" content=\"Gr\u00e2ce \u00e0 notre panel en ligne fiable en RD Congo, nous sommes en mesure de collecter des informations pour aider les marketers \u00e0 prendre des d\u00e9cisions \u00e9clair\u00e9es afin de d\u00e9velopper leur activit\u00e9.\" \/>\n<meta name=\"robots\" content=\"index, follow, max-snippet:-1, max-image-preview:large, max-video-preview:-1\" \/>\n<link rel=\"canonical\" href=\"https:\/\/sagaciresearch.com\/fr\/panel-en-ligne-en-rd-congo\/\" \/>\n<meta property=\"og:locale\" content=\"fr_FR\" \/>\n<meta property=\"og:type\" content=\"article\" \/>\n<meta property=\"og:title\" content=\"Panel en ligne en RD Congo - Sagaci Research\" \/>\n<meta property=\"og:description\" content=\"Gr\u00e2ce \u00e0 notre panel en ligne fiable en RD Congo, nous sommes en mesure de collecter des informations pour aider les marketers \u00e0 prendre des d\u00e9cisions \u00e9clair\u00e9es afin de d\u00e9velopper leur activit\u00e9.\" \/>\n<meta property=\"og:url\" content=\"https:\/\/sagaciresearch.com\/fr\/panel-en-ligne-en-rd-congo\/\" \/>\n<meta property=\"og:site_name\" content=\"Sagaci Research\" \/>\n<meta property=\"article:modified_time\" content=\"2023-09-08T15:19:25+00:00\" \/>\n<meta name=\"twitter:card\" content=\"summary_large_image\" \/>\n<meta name=\"twitter:label1\" content=\"Dur\u00e9e de lecture estim\u00e9e\" \/>\n\t<meta name=\"twitter:data1\" content=\"7 minutes\" \/>\n<script type=\"application\/ld+json\" class=\"yoast-schema-graph\">{\"@context\":\"https:\\\/\\\/schema.org\",\"@graph\":[{\"@type\":\"WebPage\",\"@id\":\"https:\\\/\\\/sagaciresearch.com\\\/fr\\\/panel-en-ligne-en-rd-congo\\\/\",\"url\":\"https:\\\/\\\/sagaciresearch.com\\\/fr\\\/panel-en-ligne-en-rd-congo\\\/\",\"name\":\"Panel en ligne en RD Congo - Sagaci Research\",\"isPartOf\":{\"@id\":\"https:\\\/\\\/sagaciresearch.com\\\/#website\"},\"datePublished\":\"2022-02-10T06:42:01+00:00\",\"dateModified\":\"2023-09-08T15:19:25+00:00\",\"description\":\"Gr\u00e2ce \u00e0 notre panel en ligne fiable en RD Congo, nous sommes en mesure de collecter des informations pour aider les marketers \u00e0 prendre des d\u00e9cisions \u00e9clair\u00e9es afin de d\u00e9velopper leur activit\u00e9.\",\"breadcrumb\":{\"@id\":\"https:\\\/\\\/sagaciresearch.com\\\/fr\\\/panel-en-ligne-en-rd-congo\\\/#breadcrumb\"},\"inLanguage\":\"fr-FR\",\"potentialAction\":[{\"@type\":\"ReadAction\",\"target\":[\"https:\\\/\\\/sagaciresearch.com\\\/fr\\\/panel-en-ligne-en-rd-congo\\\/\"]}]},{\"@type\":\"BreadcrumbList\",\"@id\":\"https:\\\/\\\/sagaciresearch.com\\\/fr\\\/panel-en-ligne-en-rd-congo\\\/#breadcrumb\",\"itemListElement\":[{\"@type\":\"ListItem\",\"position\":1,\"name\":\"Home\",\"item\":\"https:\\\/\\\/sagaciresearch.com\\\/fr\\\/\"},{\"@type\":\"ListItem\",\"position\":2,\"name\":\"Panel en ligne en RD Congo\"}]},{\"@type\":\"WebSite\",\"@id\":\"https:\\\/\\\/sagaciresearch.com\\\/#website\",\"url\":\"https:\\\/\\\/sagaciresearch.com\\\/\",\"name\":\"Sagaci Research\",\"description\":\"We provide data and insights you can trust to fuel your growth\",\"publisher\":{\"@id\":\"https:\\\/\\\/sagaciresearch.com\\\/#organization\"},\"potentialAction\":[{\"@type\":\"SearchAction\",\"target\":{\"@type\":\"EntryPoint\",\"urlTemplate\":\"https:\\\/\\\/sagaciresearch.com\\\/?s={search_term_string}\"},\"query-input\":{\"@type\":\"PropertyValueSpecification\",\"valueRequired\":true,\"valueName\":\"search_term_string\"}}],\"inLanguage\":\"fr-FR\"},{\"@type\":\"Organization\",\"@id\":\"https:\\\/\\\/sagaciresearch.com\\\/#organization\",\"name\":\"Sagaci Research\",\"url\":\"https:\\\/\\\/sagaciresearch.com\\\/\",\"logo\":{\"@type\":\"ImageObject\",\"inLanguage\":\"fr-FR\",\"@id\":\"https:\\\/\\\/sagaciresearch.com\\\/#\\\/schema\\\/logo\\\/image\\\/\",\"url\":\"https:\\\/\\\/sagaciresearch.com\\\/wp-content\\\/uploads\\\/2019\\\/09\\\/SR2.jpg\",\"contentUrl\":\"https:\\\/\\\/sagaciresearch.com\\\/wp-content\\\/uploads\\\/2019\\\/09\\\/SR2.jpg\",\"width\":960,\"height\":960,\"caption\":\"Sagaci Research\"},\"image\":{\"@id\":\"https:\\\/\\\/sagaciresearch.com\\\/#\\\/schema\\\/logo\\\/image\\\/\"}}]}<\/script>\n<!-- \/ Yoast SEO plugin. -->","yoast_head_json":{"title":"Panel en ligne en RD Congo - Sagaci Research","description":"Gr\u00e2ce \u00e0 notre panel en ligne fiable en RD Congo, nous sommes en mesure de collecter des informations pour aider les marketers \u00e0 prendre des d\u00e9cisions \u00e9clair\u00e9es afin de d\u00e9velopper leur activit\u00e9.","robots":{"index":"index","follow":"follow","max-snippet":"max-snippet:-1","max-image-preview":"max-image-preview:large","max-video-preview":"max-video-preview:-1"},"canonical":"https:\/\/sagaciresearch.com\/fr\/panel-en-ligne-en-rd-congo\/","og_locale":"fr_FR","og_type":"article","og_title":"Panel en ligne en RD Congo - Sagaci Research","og_description":"Gr\u00e2ce \u00e0 notre panel en ligne fiable en RD Congo, nous sommes en mesure de collecter des informations pour aider les marketers \u00e0 prendre des d\u00e9cisions \u00e9clair\u00e9es afin de d\u00e9velopper leur activit\u00e9.","og_url":"https:\/\/sagaciresearch.com\/fr\/panel-en-ligne-en-rd-congo\/","og_site_name":"Sagaci Research","article_modified_time":"2023-09-08T15:19:25+00:00","twitter_card":"summary_large_image","twitter_misc":{"Dur\u00e9e de lecture estim\u00e9e":"7 minutes"},"schema":{"@context":"https:\/\/schema.org","@graph":[{"@type":"WebPage","@id":"https:\/\/sagaciresearch.com\/fr\/panel-en-ligne-en-rd-congo\/","url":"https:\/\/sagaciresearch.com\/fr\/panel-en-ligne-en-rd-congo\/","name":"Panel en ligne en RD Congo - Sagaci Research","isPartOf":{"@id":"https:\/\/sagaciresearch.com\/#website"},"datePublished":"2022-02-10T06:42:01+00:00","dateModified":"2023-09-08T15:19:25+00:00","description":"Gr\u00e2ce \u00e0 notre panel en ligne fiable en RD Congo, nous sommes en mesure de collecter des informations pour aider les marketers \u00e0 prendre des d\u00e9cisions \u00e9clair\u00e9es afin de d\u00e9velopper leur activit\u00e9.","breadcrumb":{"@id":"https:\/\/sagaciresearch.com\/fr\/panel-en-ligne-en-rd-congo\/#breadcrumb"},"inLanguage":"fr-FR","potentialAction":[{"@type":"ReadAction","target":["https:\/\/sagaciresearch.com\/fr\/panel-en-ligne-en-rd-congo\/"]}]},{"@type":"BreadcrumbList","@id":"https:\/\/sagaciresearch.com\/fr\/panel-en-ligne-en-rd-congo\/#breadcrumb","itemListElement":[{"@type":"ListItem","position":1,"name":"Home","item":"https:\/\/sagaciresearch.com\/fr\/"},{"@type":"ListItem","position":2,"name":"Panel en ligne en RD Congo"}]},{"@type":"WebSite","@id":"https:\/\/sagaciresearch.com\/#website","url":"https:\/\/sagaciresearch.com\/","name":"Sagaci Research","description":"We provide data and insights you can trust to fuel your growth","publisher":{"@id":"https:\/\/sagaciresearch.com\/#organization"},"potentialAction":[{"@type":"SearchAction","target":{"@type":"EntryPoint","urlTemplate":"https:\/\/sagaciresearch.com\/?s={search_term_string}"},"query-input":{"@type":"PropertyValueSpecification","valueRequired":true,"valueName":"search_term_string"}}],"inLanguage":"fr-FR"},{"@type":"Organization","@id":"https:\/\/sagaciresearch.com\/#organization","name":"Sagaci Research","url":"https:\/\/sagaciresearch.com\/","logo":{"@type":"ImageObject","inLanguage":"fr-FR","@id":"https:\/\/sagaciresearch.com\/#\/schema\/logo\/image\/","url":"https:\/\/sagaciresearch.com\/wp-content\/uploads\/2019\/09\/SR2.jpg","contentUrl":"https:\/\/sagaciresearch.com\/wp-content\/uploads\/2019\/09\/SR2.jpg","width":960,"height":960,"caption":"Sagaci Research"},"image":{"@id":"https:\/\/sagaciresearch.com\/#\/schema\/logo\/image\/"}}]}},"_links":{"self":[{"href":"https:\/\/sagaciresearch.com\/fr\/wp-json\/wp\/v2\/pages\/16802","targetHints":{"allow":["GET"]}}],"collection":[{"href":"https:\/\/sagaciresearch.com\/fr\/wp-json\/wp\/v2\/pages"}],"about":[{"href":"https:\/\/sagaciresearch.com\/fr\/wp-json\/wp\/v2\/types\/page"}],"author":[{"embeddable":true,"href":"https:\/\/sagaciresearch.com\/fr\/wp-json\/wp\/v2\/users\/6"}],"replies":[{"embeddable":true,"href":"https:\/\/sagaciresearch.com\/fr\/wp-json\/wp\/v2\/comments?post=16802"}],"version-history":[{"count":1,"href":"https:\/\/sagaciresearch.com\/fr\/wp-json\/wp\/v2\/pages\/16802\/revisions"}],"predecessor-version":[{"id":17377,"href":"https:\/\/sagaciresearch.com\/fr\/wp-json\/wp\/v2\/pages\/16802\/revisions\/17377"}],"wp:attachment":[{"href":"https:\/\/sagaciresearch.com\/fr\/wp-json\/wp\/v2\/media?parent=16802"}],"curies":[{"name":"wp","href":"https:\/\/api.w.org\/{rel}","templated":true}]}}