{"id":16800,"date":"2022-02-10T08:11:13","date_gmt":"2022-02-10T07:11:13","guid":{"rendered":"https:\/\/sagaciresearch.com\/panel-en-ligne-en-egypte\/"},"modified":"2023-09-08T17:23:26","modified_gmt":"2023-09-08T15:23:26","slug":"panel-en-ligne-en-egypte","status":"publish","type":"page","link":"https:\/\/sagaciresearch.com\/fr\/panel-en-ligne-en-egypte\/","title":{"rendered":"Panel en ligne en Egypte"},"content":{"rendered":"<p>[vc_row css=\u00a0\u00bb.vc_custom_1639655133450{margin-bottom: 50px !important;}\u00a0\u00bb][vc_column width=\u00a0\u00bb2\/3&Prime;][vc_column_text]Notre panel en ligne en \u00c9gypte permet \u00e0 vos entreprises de comprendre et d&rsquo;atteindre les consommateurs \u00e0 travers le continent africain.<\/p>\n<p>Le panel de consommateurs de Sagaci Research en \u00c9gypte est bas\u00e9 sur les appareils mobiles, ce qui permet d&rsquo;atteindre un public plus large et d&rsquo;obtenir des r\u00e9sultats quotidiens.[\/vc_column_text][vc_btn title=\u00a0\u00bbNous contacter\u00a0\u00bb color=\u00a0\u00bbviolet\u00a0\u00bb link=\u00a0\u00bburl:%2Fcontact%2F%3Fshow%3Dcontact%26source%3DOnlinePanels%2520Contact\u00a0\u00bb][\/vc_column][vc_column width=\u00a0\u00bb1\/3&Prime;][vc_single_image image=\u00a0\u00bb13144&Prime; img_size=\u00a0\u00bbmedium\u00a0\u00bb][\/vc_column][\/vc_row][vc_row full_width=\u00a0\u00bbstretch_row\u00a0\u00bb css=\u00a0\u00bb.vc_custom_1643194041373{margin-top: 50px !important;margin-bottom: 50px !important;padding-top: 20px !important;background-color: #a28bc9 !important;}\u00a0\u00bb el_class=\u00a0\u00bbgradient\u00a0\u00bb][vc_column width=\u00a0\u00bb1\/2&Prime;][vc_single_image image=\u00a0\u00bb13146&Prime; img_size=\u00a0\u00bbfull\u00a0\u00bb][\/vc_column][vc_column width=\u00a0\u00bb1\/2&Prime;][vc_column_text]<\/p>\n<h3><strong>Pourquoi faire confiance \u00e0 notre \u00e9chantillon en ligne en \u00c9gypte ? <\/strong><\/h3>\n<p><i class=\"fas fa-check-circle\"><\/i> <strong>Des canaux de recrutement de membres diversifi\u00e9s<\/strong> : nous diffusons des PUBS \u00e0 travers diff\u00e9rents m\u00e9dias.<br \/>\n<i class=\"fas fa-check-circle\"><\/i> <strong>Caract\u00e9ristiques d\u00e9mographiques d\u00e9taill\u00e9es disponibles : <\/strong>notre \u00e9chantillon en ligne en Egypte vous permet de disposer de donn\u00e9es r\u00e9elles.<br \/>\n<i class=\"fas fa-check-circle\"><\/i> Un <strong>engagement fort : <\/strong>notre panel de consommateurs est compos\u00e9 de vrais \u00c9gyptiens, qui aiment partager leurs opinions et leurs points de vue.<br \/>\n<i class=\"fas fa-check-circle\"><\/i>  <strong>Panel ax\u00e9 sur la qualit\u00e9 : <\/strong>les pan\u00e9listes passent des tests hebdomadaires pour s&rsquo;assurer qu&rsquo;ils sont r\u00e9els et qu&rsquo;ils pr\u00eatent vraiment attention aux questions.[\/vc_column_text][\/vc_column][\/vc_row][vc_row css=\u00a0\u00bb.vc_custom_1643193875289{margin-bottom: 50px !important;}\u00a0\u00bb][vc_column][vc_column_text]<\/p>\n<h3>Des milliers de r\u00e9pondants dans un panel de consommateurs tr\u00e8s engag\u00e9s<\/h3>\n<p>Nous r\u00e9alisons quotidiennement des enqu\u00eates sur l&rsquo;ensemble du continent africain, y compris l&rsquo;\u00c9gypte, pour plus de 200 000 membres. L&rsquo;avantage d&rsquo;effectuer des enqu\u00eates mensuelles est que vous pouvez facilement identifier les tendances qui peuvent co\u00efncider avec vos activit\u00e9s marketing en \u00c9gypte. Nous pouvons \u00e9galement cibler des villes sp\u00e9cifiques en fonction de vos besoins. En \u00c9gypte, nous couvrons Le Caire, Alexandrie ou Gizeh.<\/p>\n<p>Vous pourrez compter sur des milliers de r\u00e9pondants au sein d&rsquo;un panel en ligne tr\u00e8s impliqu\u00e9, et sur des r\u00e9ponses d\u00e9taill\u00e9es \u00e0 vos questions &#8211; les r\u00e9sultats \u00e9tant disponibles en quelques jours.<\/p>\n<p>Curieux d&rsquo;en savoir plus sur notre connaissance de l&rsquo;\u00c9gypte ? Consultez<a href=\"https:\/\/sagaciresearch.com\/insights\/\"> notre blog<\/a> pour en savoir plus ![\/vc_column_text][\/vc_column][\/vc_row][vc_row full_width=\u00a0\u00bbstretch_row_content\u00a0\u00bb css=\u00a0\u00bb.vc_custom_1653401995658{background-image: url(https:\/\/sagaciresearch.com\/wp-content\/uploads\/2022\/05\/online-panel-in-egypt-5.jpg?id=13808) !important;background-position: center !important;background-repeat: no-repeat !important;background-size: cover !important;}\u00a0\u00bb][vc_column][vc_empty_space height=\u00a0\u00bb175&Prime;][vc_column_text css_animation=\u00a0\u00bbfadeIn\u00a0\u00bb css=\u00a0\u00bb.vc_custom_1653402144954{padding-top: 20px !important;padding-bottom: 30px !important;background-color: #ffffff !important;}\u00a0\u00bb]<\/p>\n<h2 style=\"text-align: center;\"><strong>Une id\u00e9e de l&rsquo;aspect de notre panel en ligne<\/strong><\/h2>\n<p style=\"text-align: center;\">Vous souhaitez en savoir plus sur nos pan\u00e9listes en Egypte en mati\u00e8re de confiseries au chocolat ?<\/p>\n<p style=\"text-align: center;\"><a class=\"vc_general vc_btn3 vc_btn3-size-md vc_btn3-shape-rounded vc_btn3-style-modern vc_btn3-color-violet\" href=\"https:\/\/sagaciresearch.com\/galaxy-kitkat-and-cadbury-rank-within-the-top-3-for-chocolate-confectionery-in-egypt\/\" target=\"_blank\" rel=\"noopener\">Voir ici<\/a><\/p>\n<p>[\/vc_column_text][vc_empty_space height=\u00a0\u00bb175&Prime;][\/vc_column][\/vc_row][vc_row css=\u00a0\u00bb.vc_custom_1634284780247{margin-top: 50px !important;margin-bottom: 50px !important;}\u00a0\u00bb][vc_column][vc_column_text]<\/p>\n<h3><b>Plus d&rsquo;informations sur l&rsquo;Egypte gr\u00e2ce \u00e0 notre fournisseur d&rsquo;\u00e9chantillons :<\/b><\/h3>\n<p>Nos panels en ligne en \u00c9gypte ont r\u00e9v\u00e9l\u00e9 que les jeunes \u00c9gyptiens utilisaient moins de savons en barre que leurs a\u00een\u00e9s en 2021. En effet, nous constatons que seuls 67 % des 18-25 ans en \u00c9gypte ont utilis\u00e9 des savons en barre au cours des quatre derni\u00e8res semaines, contre 84 % des 46 ans et plus. Comparativement, l&rsquo;utilisation du gel douche semble \u00eatre nettement plus \u00e9lev\u00e9e chez les femmes et les consommateurs \u00e0 revenus \u00e9lev\u00e9s, tandis que l&rsquo;utilisation du savon en barre concerne tous les revenus et tous les sexes.<\/p>\n<p>En \u00c9gypte, nos <a href=\"https:\/\/sagaciresearch.com\/products\/online-panels\/\" target=\"_blank\" rel=\"noreferrer noopener\"><strong>panels en ligne<\/strong><\/a> \u00e9valuent quotidiennement plus de 150 marques.[\/vc_column_text][\/vc_column][\/vc_row][vc_row css=\u00a0\u00bb.vc_custom_1634284780247{margin-top: 50px !important;margin-bottom: 50px !important;}\u00a0\u00bb][vc_column][\/vc_column][\/vc_row][vc_row css=\u00a0\u00bb.vc_custom_1641544413635{margin-top: 50px !important;}\u00a0\u00bb][vc_column][vc_custom_heading stm_title_font_weight=\u00a0\u00bb700&Prime; text=\u00a0\u00bbLa D\u00e9mographie des Panels en \u00c9gypte\u00a0\u00bb font_container=\u00a0\u00bbtag:h3|text_align:center\u00a0\u00bb use_theme_fonts=\u00a0\u00bbyes\u00a0\u00bb][\/vc_column][\/vc_row][vc_row content_placement=\u00a0\u00bbtop\u00a0\u00bb css=\u00a0\u00bb.vc_custom_1643283818930{margin-top: 30px !important;margin-bottom: 30px !important;padding-bottom: 20px !important;background-color: #f2f2f2 !important;}\u00a0\u00bb][vc_column width=\u00a0\u00bb1\/4&Prime;][vc_column_text]<\/p>\n<h4 style=\"text-align: center;\">Population du pays<\/h4>\n<p style=\"text-align: center;\">103 millions<\/p>\n<p>[\/vc_column_text][\/vc_column][vc_column width=\u00a0\u00bb1\/4&Prime;][vc_column_text]<\/p>\n<h4 style=\"text-align: center;\">Urbain<\/h4>\n<p style=\"text-align: center;\">58 %<\/p>\n<p>[\/vc_column_text][\/vc_column][vc_column width=\u00a0\u00bb1\/4&Prime;][vc_column_text]<\/p>\n<h4 style=\"text-align: center;\">Rural<\/h4>\n<p style=\"text-align: center;\">42 %<\/p>\n<p>[\/vc_column_text][\/vc_column][vc_column width=\u00a0\u00bb1\/4&Prime;][vc_column_text]<\/p>\n<h4 style=\"text-align: center;\">P\u00e9n\u00e9tration des smartphones<\/h4>\n<p style=\"text-align: center;\">~ 60%<\/p>\n<p>[\/vc_column_text][\/vc_column][\/vc_row][vc_row content_placement=\u00a0\u00bbtop\u00a0\u00bb css=\u00a0\u00bb.vc_custom_1643283832268{margin-top: 40px !important;margin-bottom: 50px !important;}\u00a0\u00bb][vc_column width=\u00a0\u00bb1\/3&Prime;][vc_progress_bar values=\u00a0\u00bb%5B%7B%22label%22%3A%2218%20%C3%80%20%2025%22%2C%22value%22%3A%2230%22%7D%2C%7B%22label%22%3A%2226%20%C3%80%20%2035%22%2C%22value%22%3A%2240%22%7D%2C%7B%22label%22%3A%2236%20%C3%80%20%2045%22%2C%22value%22%3A%2218%22%7D%2C%7B%22label%22%3A%2246%20%C3%80%20%2055%22%2C%22value%22%3A%227%22%7D%2C%7B%22label%22%3A%22PLUS%20DE%2055%22%2C%22value%22%3A%223%22%7D%5D\u00a0\u00bb bgcolor=\u00a0\u00bbviolet\u00a0\u00bb title=\u00a0\u00bbPar groupes d&rsquo;\u00e2ge\u00a0\u00bb units=\u00a0\u00bb%\u00a0\u00bb][\/vc_column][vc_column width=\u00a0\u00bb1\/3&Prime;][vc_progress_bar values=\u00a0\u00bb%5B%7B%22label%22%3A%22HOMME%22%2C%22value%22%3A%2257%22%7D%2C%7B%22label%22%3A%22FEMME%22%2C%22value%22%3A%2243%22%7D%5D\u00a0\u00bb bgcolor=\u00a0\u00bbviolet\u00a0\u00bb title=\u00a0\u00bbPar sexe\u00a0\u00bb units=\u00a0\u00bb%\u00a0\u00bb][\/vc_column][vc_column width=\u00a0\u00bb1\/3&Prime;][vc_progress_bar values=\u00a0\u00bb%5B%7B%22label%22%3A%22A%22%2C%22value%22%3A%2248%22%7D%2C%7B%22label%22%3A%22B%22%2C%22value%22%3A%2216%22%7D%2C%7B%22label%22%3A%22C1%22%2C%22value%22%3A%228%22%7D%2C%7B%22label%22%3A%22C2%22%2C%22value%22%3A%226%22%7D%2C%7B%22label%22%3A%22D%22%2C%22value%22%3A%2213%22%7D%2C%7B%22label%22%3A%22E%22%2C%22value%22%3A%225%22%7D%2C%7B%22label%22%3A%22N%2FA%22%2C%22value%22%3A%224%22%7D%5D\u00a0\u00bb bgcolor=\u00a0\u00bbviolet\u00a0\u00bb title=\u00a0\u00bbPar classification socio-\u00e9conomique\u00a0\u00bb units=\u00a0\u00bb%\u00a0\u00bb][\/vc_column][\/vc_row][vc_row full_width=\u00a0\u00bbstretch_row\u00a0\u00bb css=\u00a0\u00bb.vc_custom_1625241107934{background-color: #a28bc9 !important;background-position: 0 0 !important;background-repeat: no-repeat !important;}\u00a0\u00bb el_class=\u00a0\u00bbgradient\u00a0\u00bb][vc_column width=\u00a0\u00bb1\/2&Prime; css=\u00a0\u00bb.vc_custom_1614761329840{padding-top: 50px !important;padding-bottom: 50px !important;}\u00a0\u00bb][vc_column_text]<\/p>\n<h2><strong><span style=\"color: #ffffff;\">Commencez avec notre panel en ligne en Egypte<\/span><\/strong><\/h2>\n<p><span style=\"color: #ffffff;\">Contactez notre \u00e9quipe d\u00e8s maintenant pour demander la faisabilit\u00e9 et les co\u00fbts.<\/span>[\/vc_column_text][vc_btn title=\u00a0\u00bbEnvoyez-nous votre demande\u00a0\u00bb color=\u00a0\u00bbwhite\u00a0\u00bb i_icon_fontawesome=\u00a0\u00bbfas fa-envelope\u00a0\u00bb add_icon=\u00a0\u00bbtrue\u00a0\u00bb link=\u00a0\u00bburl:%2Fcontact%2F%3Fshow%3Dmeeting%26source%3DOnlinePanels%2520Book%2520a%2520Meeting|title:Book%20a%20meeting\u00a0\u00bb][\/vc_column][vc_column width=\u00a0\u00bb1\/2&Prime;][vc_single_image image=\u00a0\u00bb13148&Prime; img_size=\u00a0\u00bbfull\u00a0\u00bb][\/vc_column][\/vc_row][vc_row][vc_column][vc_custom_heading stm_title_font_weight=\u00a0\u00bb400&Prime; text=\u00a0\u00bbLes informations tir\u00e9es de nos panels de consommateurs en Afrique\u00a0\u00bb font_container=\u00a0\u00bbtag:h2|text_align:center\u00a0\u00bb use_theme_fonts=\u00a0\u00bbyes\u00a0\u00bb][stm_news posts_per_row=\u00a0\u00bb4&Prime;][\/vc_column][\/vc_row]<\/p>\n","protected":false},"excerpt":{"rendered":"<p>[vc_row css=\u00a0\u00bb.vc_custom_1639655133450{margin-bottom: 50px !important;}\u00a0\u00bb][vc_column width=\u00a0\u00bb2\/3&Prime;][vc_column_text]Notre panel en ligne en \u00c9gypte permet \u00e0 vos entreprises de comprendre et d&rsquo;atteindre les consommateurs \u00e0 travers le continent africain. Le panel de consommateurs de Sagaci Research en \u00c9gypte est bas\u00e9 sur les appareils mobiles, ce qui permet d&rsquo;atteindre un public plus large et d&rsquo;obtenir des r\u00e9sultats quotidiens.[\/vc_column_text][vc_btn title=\u00a0\u00bbNous contacter\u00a0\u00bb<\/p>\n","protected":false},"author":6,"featured_media":0,"parent":0,"menu_order":0,"comment_status":"closed","ping_status":"closed","template":"","meta":{"_acf_changed":false,"footnotes":""},"class_list":["post-16800","page","type-page","status-publish","hentry"],"acf":[],"yoast_head":"<!-- This site is optimized with the Yoast SEO plugin v27.2 - https:\/\/yoast.com\/product\/yoast-seo-wordpress\/ -->\n<title>Panel en ligne en Egypte - Sagaci Research<\/title>\n<meta name=\"description\" content=\"Gr\u00e2ce \u00e0 notre panel en ligne en \u00c9gypte, nous r\u00e9alisons quotidiennement des enqu\u00eates sur le continent africain pour plus de 200 000 membres.\" \/>\n<meta name=\"robots\" content=\"index, follow, max-snippet:-1, max-image-preview:large, max-video-preview:-1\" \/>\n<link rel=\"canonical\" href=\"https:\/\/sagaciresearch.com\/fr\/panel-en-ligne-en-egypte\/\" \/>\n<meta property=\"og:locale\" content=\"fr_FR\" \/>\n<meta property=\"og:type\" content=\"article\" \/>\n<meta property=\"og:title\" content=\"Panel en ligne en Egypte - Sagaci Research\" \/>\n<meta property=\"og:description\" content=\"Gr\u00e2ce \u00e0 notre panel en ligne en \u00c9gypte, nous r\u00e9alisons quotidiennement des enqu\u00eates sur le continent africain pour plus de 200 000 membres.\" \/>\n<meta property=\"og:url\" content=\"https:\/\/sagaciresearch.com\/fr\/panel-en-ligne-en-egypte\/\" \/>\n<meta property=\"og:site_name\" content=\"Sagaci Research\" \/>\n<meta property=\"article:modified_time\" content=\"2023-09-08T15:23:26+00:00\" \/>\n<meta name=\"twitter:card\" content=\"summary_large_image\" \/>\n<meta name=\"twitter:label1\" content=\"Dur\u00e9e de lecture estim\u00e9e\" \/>\n\t<meta name=\"twitter:data1\" content=\"6 minutes\" \/>\n<script type=\"application\/ld+json\" class=\"yoast-schema-graph\">{\"@context\":\"https:\/\/schema.org\",\"@graph\":[{\"@type\":\"WebPage\",\"@id\":\"https:\/\/sagaciresearch.com\/fr\/panel-en-ligne-en-egypte\/\",\"url\":\"https:\/\/sagaciresearch.com\/fr\/panel-en-ligne-en-egypte\/\",\"name\":\"Panel en ligne en Egypte - Sagaci Research\",\"isPartOf\":{\"@id\":\"https:\/\/sagaciresearch.com\/#website\"},\"datePublished\":\"2022-02-10T07:11:13+00:00\",\"dateModified\":\"2023-09-08T15:23:26+00:00\",\"description\":\"Gr\u00e2ce \u00e0 notre panel en ligne en \u00c9gypte, nous r\u00e9alisons quotidiennement des enqu\u00eates sur le continent africain pour plus de 200 000 membres.\",\"breadcrumb\":{\"@id\":\"https:\/\/sagaciresearch.com\/fr\/panel-en-ligne-en-egypte\/#breadcrumb\"},\"inLanguage\":\"fr-FR\",\"potentialAction\":[{\"@type\":\"ReadAction\",\"target\":[\"https:\/\/sagaciresearch.com\/fr\/panel-en-ligne-en-egypte\/\"]}]},{\"@type\":\"BreadcrumbList\",\"@id\":\"https:\/\/sagaciresearch.com\/fr\/panel-en-ligne-en-egypte\/#breadcrumb\",\"itemListElement\":[{\"@type\":\"ListItem\",\"position\":1,\"name\":\"Home\",\"item\":\"https:\/\/sagaciresearch.com\/fr\/\"},{\"@type\":\"ListItem\",\"position\":2,\"name\":\"Panel en ligne en Egypte\"}]},{\"@type\":\"WebSite\",\"@id\":\"https:\/\/sagaciresearch.com\/#website\",\"url\":\"https:\/\/sagaciresearch.com\/\",\"name\":\"Sagaci Research\",\"description\":\"We provide data and insights you can trust to fuel your growth\",\"publisher\":{\"@id\":\"https:\/\/sagaciresearch.com\/#organization\"},\"potentialAction\":[{\"@type\":\"SearchAction\",\"target\":{\"@type\":\"EntryPoint\",\"urlTemplate\":\"https:\/\/sagaciresearch.com\/?s={search_term_string}\"},\"query-input\":{\"@type\":\"PropertyValueSpecification\",\"valueRequired\":true,\"valueName\":\"search_term_string\"}}],\"inLanguage\":\"fr-FR\"},{\"@type\":\"Organization\",\"@id\":\"https:\/\/sagaciresearch.com\/#organization\",\"name\":\"Sagaci Research\",\"url\":\"https:\/\/sagaciresearch.com\/\",\"logo\":{\"@type\":\"ImageObject\",\"inLanguage\":\"fr-FR\",\"@id\":\"https:\/\/sagaciresearch.com\/#\/schema\/logo\/image\/\",\"url\":\"https:\/\/sagaciresearch.com\/wp-content\/uploads\/2019\/09\/SR2.jpg\",\"contentUrl\":\"https:\/\/sagaciresearch.com\/wp-content\/uploads\/2019\/09\/SR2.jpg\",\"width\":960,\"height\":960,\"caption\":\"Sagaci Research\"},\"image\":{\"@id\":\"https:\/\/sagaciresearch.com\/#\/schema\/logo\/image\/\"}}]}<\/script>\n<!-- \/ Yoast SEO plugin. -->","yoast_head_json":{"title":"Panel en ligne en Egypte - Sagaci Research","description":"Gr\u00e2ce \u00e0 notre panel en ligne en \u00c9gypte, nous r\u00e9alisons quotidiennement des enqu\u00eates sur le continent africain pour plus de 200 000 membres.","robots":{"index":"index","follow":"follow","max-snippet":"max-snippet:-1","max-image-preview":"max-image-preview:large","max-video-preview":"max-video-preview:-1"},"canonical":"https:\/\/sagaciresearch.com\/fr\/panel-en-ligne-en-egypte\/","og_locale":"fr_FR","og_type":"article","og_title":"Panel en ligne en Egypte - Sagaci Research","og_description":"Gr\u00e2ce \u00e0 notre panel en ligne en \u00c9gypte, nous r\u00e9alisons quotidiennement des enqu\u00eates sur le continent africain pour plus de 200 000 membres.","og_url":"https:\/\/sagaciresearch.com\/fr\/panel-en-ligne-en-egypte\/","og_site_name":"Sagaci Research","article_modified_time":"2023-09-08T15:23:26+00:00","twitter_card":"summary_large_image","twitter_misc":{"Dur\u00e9e de lecture estim\u00e9e":"6 minutes"},"schema":{"@context":"https:\/\/schema.org","@graph":[{"@type":"WebPage","@id":"https:\/\/sagaciresearch.com\/fr\/panel-en-ligne-en-egypte\/","url":"https:\/\/sagaciresearch.com\/fr\/panel-en-ligne-en-egypte\/","name":"Panel en ligne en Egypte - Sagaci Research","isPartOf":{"@id":"https:\/\/sagaciresearch.com\/#website"},"datePublished":"2022-02-10T07:11:13+00:00","dateModified":"2023-09-08T15:23:26+00:00","description":"Gr\u00e2ce \u00e0 notre panel en ligne en \u00c9gypte, nous r\u00e9alisons quotidiennement des enqu\u00eates sur le continent africain pour plus de 200 000 membres.","breadcrumb":{"@id":"https:\/\/sagaciresearch.com\/fr\/panel-en-ligne-en-egypte\/#breadcrumb"},"inLanguage":"fr-FR","potentialAction":[{"@type":"ReadAction","target":["https:\/\/sagaciresearch.com\/fr\/panel-en-ligne-en-egypte\/"]}]},{"@type":"BreadcrumbList","@id":"https:\/\/sagaciresearch.com\/fr\/panel-en-ligne-en-egypte\/#breadcrumb","itemListElement":[{"@type":"ListItem","position":1,"name":"Home","item":"https:\/\/sagaciresearch.com\/fr\/"},{"@type":"ListItem","position":2,"name":"Panel en ligne en Egypte"}]},{"@type":"WebSite","@id":"https:\/\/sagaciresearch.com\/#website","url":"https:\/\/sagaciresearch.com\/","name":"Sagaci Research","description":"We provide data and insights you can trust to fuel your growth","publisher":{"@id":"https:\/\/sagaciresearch.com\/#organization"},"potentialAction":[{"@type":"SearchAction","target":{"@type":"EntryPoint","urlTemplate":"https:\/\/sagaciresearch.com\/?s={search_term_string}"},"query-input":{"@type":"PropertyValueSpecification","valueRequired":true,"valueName":"search_term_string"}}],"inLanguage":"fr-FR"},{"@type":"Organization","@id":"https:\/\/sagaciresearch.com\/#organization","name":"Sagaci Research","url":"https:\/\/sagaciresearch.com\/","logo":{"@type":"ImageObject","inLanguage":"fr-FR","@id":"https:\/\/sagaciresearch.com\/#\/schema\/logo\/image\/","url":"https:\/\/sagaciresearch.com\/wp-content\/uploads\/2019\/09\/SR2.jpg","contentUrl":"https:\/\/sagaciresearch.com\/wp-content\/uploads\/2019\/09\/SR2.jpg","width":960,"height":960,"caption":"Sagaci Research"},"image":{"@id":"https:\/\/sagaciresearch.com\/#\/schema\/logo\/image\/"}}]}},"_links":{"self":[{"href":"https:\/\/sagaciresearch.com\/fr\/wp-json\/wp\/v2\/pages\/16800","targetHints":{"allow":["GET"]}}],"collection":[{"href":"https:\/\/sagaciresearch.com\/fr\/wp-json\/wp\/v2\/pages"}],"about":[{"href":"https:\/\/sagaciresearch.com\/fr\/wp-json\/wp\/v2\/types\/page"}],"author":[{"embeddable":true,"href":"https:\/\/sagaciresearch.com\/fr\/wp-json\/wp\/v2\/users\/6"}],"replies":[{"embeddable":true,"href":"https:\/\/sagaciresearch.com\/fr\/wp-json\/wp\/v2\/comments?post=16800"}],"version-history":[{"count":2,"href":"https:\/\/sagaciresearch.com\/fr\/wp-json\/wp\/v2\/pages\/16800\/revisions"}],"predecessor-version":[{"id":17378,"href":"https:\/\/sagaciresearch.com\/fr\/wp-json\/wp\/v2\/pages\/16800\/revisions\/17378"}],"wp:attachment":[{"href":"https:\/\/sagaciresearch.com\/fr\/wp-json\/wp\/v2\/media?parent=16800"}],"curies":[{"name":"wp","href":"https:\/\/api.w.org\/{rel}","templated":true}]}}