{"id":16772,"date":"2022-02-09T07:48:30","date_gmt":"2022-02-09T06:48:30","guid":{"rendered":"https:\/\/sagaciresearch.com\/panel-en-ligne-en-angola\/"},"modified":"2023-09-13T14:14:54","modified_gmt":"2023-09-13T12:14:54","slug":"panel-en-ligne-en-angola","status":"publish","type":"page","link":"https:\/\/sagaciresearch.com\/fr\/panel-en-ligne-en-angola\/","title":{"rendered":"Panel en ligne en Angola"},"content":{"rendered":"<p>[vc_row css=\u00a0\u00bb.vc_custom_1639655133450{margin-bottom: 50px !important;}\u00a0\u00bb][vc_column width=\u00a0\u00bb2\/3&Prime;][vc_column_text]Notre panel en ligne et nos capacit\u00e9s de collecte de donn\u00e9es aident les entreprises \u00e0 comprendre les consommateurs \u00e0 travers l&rsquo;Angola.<\/p>\n<p>Notre \u00e9chantillon repr\u00e9sentatif en ligne est bas\u00e9 sur la t\u00e9l\u00e9phonie mobile afin d&rsquo;assurer une couverture \u00e9tendue et des d\u00e9lais d&rsquo;ex\u00e9cution rapides. Vous pourrez compter sur des milliers de r\u00e9pondants au sein d&rsquo;un panel en ligne tr\u00e8s impliqu\u00e9, et sur des r\u00e9ponses d\u00e9taill\u00e9es \u00e0 vos questions &#8211; les r\u00e9sultats \u00e9tant disponibles en quelques jours.[\/vc_column_text][vc_btn title=\u00a0\u00bbNous contacter\u00a0\u00bb color=\u00a0\u00bbviolet\u00a0\u00bb link=\u00a0\u00bburl:%2Fcontact%2F%3Fshow%3Dcontact%26source%3DOnlinePanels%2520Contact\u00a0\u00bb][\/vc_column][vc_column width=\u00a0\u00bb1\/3&Prime;][vc_single_image image=\u00a0\u00bb13115&Prime; img_size=\u00a0\u00bbmedium\u00a0\u00bb][\/vc_column][\/vc_row][vc_row full_width=\u00a0\u00bbstretch_row\u00a0\u00bb css=\u00a0\u00bb.vc_custom_1643194041373{margin-top: 50px !important;margin-bottom: 50px !important;padding-top: 20px !important;background-color: #a28bc9 !important;}\u00a0\u00bb el_class=\u00a0\u00bbgradient\u00a0\u00bb][vc_column width=\u00a0\u00bb1\/2&Prime;][vc_single_image image=\u00a0\u00bb13024&Prime; img_size=\u00a0\u00bbfull\u00a0\u00bb][\/vc_column][vc_column width=\u00a0\u00bb1\/2&Prime;][vc_column_text]<\/p>\n<h3><\/h3>\n<h3><\/h3>\n<h3><strong><span style=\"color: #000000;\">Panel en ligne repr\u00e9sentatif en Angola<\/span><\/strong><\/h3>\n<blockquote>\n<p>Avec les panels en ligne de Sagaci Research, vous disposerez d&rsquo;un solide processus de contr\u00f4le de la qualit\u00e9 qui vous permettra de r\u00e9aliser des \u00e9tudes de march\u00e9 comparables et sans faille en Afrique.<\/p>\n<\/blockquote>\n<p>[\/vc_column_text][\/vc_column][\/vc_row][vc_row css=\u00a0\u00bb.vc_custom_1643193875289{margin-bottom: 50px !important;}\u00a0\u00bb][vc_column][vc_column_text]<\/p>\n<h3><strong><span style=\"color: #000000;\">Cibler des r\u00e9pondants sp\u00e9cifiques gr\u00e2ce \u00e0 notre panel de consommateurs en Angola<\/span><\/strong><\/h3>\n<ul>\n<li><span style=\"font-weight: 400;\">Gr\u00e2ce \u00e0 notre panel en ligne, nous pouvons cibler des lieux sp\u00e9cifiques en Angola. Avez-vous besoin de r\u00e9pondants \u00e0 Luanda ? Huambo ? Lobito ? Ne vous inqui\u00e9tez pas, nous avons tout pr\u00e9vu.  <\/span><\/li>\n<li><span style=\"font-weight: 400;\">Nous pouvons \u00e9galement cibler les caract\u00e9ristiques des m\u00e9nages, telles que le nombre et l&rsquo;\u00e2ge des enfants, la taille de la maison, etc.<\/span><\/li>\n<li><span style=\"font-weight: 400;\">Si vous avez besoin d&rsquo;autres informations, telles que les cat\u00e9gories de produits de grande consommation, les produits financiers sp\u00e9cifiques et les professions, notre panel en ligne est \u00e0 votre disposition pour vous aider \u00e0 am\u00e9liorer votre activit\u00e9 en Angola.  <\/span><\/li>\n<\/ul>\n<p>[\/vc_column_text][\/vc_column][\/vc_row][vc_row full_width=\u00a0\u00bbstretch_row\u00a0\u00bb css=\u00a0\u00bb.vc_custom_1643193705201{padding-top: 47px !important;padding-bottom: 60px !important;background-color: #967fc4 !important;}\u00a0\u00bb el_class=\u00a0\u00bbgradient\u00a0\u00bb][vc_column][vc_custom_heading stm_title_font_weight=\u00a0\u00bb700&Prime; text=\u00a0\u00bbAvantages de nos panneaux de consommateurs en Angola\u00a0\u00bb font_container=\u00a0\u00bbtag:h3|text_align:center\u00a0\u00bb use_theme_fonts=\u00a0\u00bbyes\u00a0\u00bb][vc_row_inner equal_height=\u00a0\u00bbyes\u00a0\u00bb content_placement=\u00a0\u00bbmiddle\u00a0\u00bb gap=\u00a0\u00bb20&Prime; el_class=\u00a0\u00bbsquare\u00a0\u00bb][vc_column_inner width=\u00a0\u00bb1\/3&Prime; css=\u00a0\u00bb.vc_custom_1620310643924{background-color: #ffffff !important;}\u00a0\u00bb][stm_info_box align_center=\u00a0\u00bbyes\u00a0\u00bb style=\u00a0\u00bbstyle_2&Prime; title=\u00a0\u00bbAtteindre les r\u00e9pondants\u00a0\u00bb css=\u00a0\u00bb.vc_custom_1651852263159{padding-top: 10px !important;padding-right: 50px !important;padding-bottom: 10px !important;padding-left: 50px !important;}\u00a0\u00bb]<span style=\"font-weight: 400;\">Acc\u00e9dez aux clients de l&rsquo;Angola dans toutes les zones (urbaines et rurales) d&rsquo;un simple clic.<\/span>[\/stm_info_box][\/vc_column_inner][vc_column_inner width=\u00a0\u00bb1\/3&Prime; css=\u00a0\u00bb.vc_custom_1620310653042{background-color: #ffffff !important;}\u00a0\u00bb][stm_info_box align_center=\u00a0\u00bbyes\u00a0\u00bb style=\u00a0\u00bbstyle_2&Prime; title=\u00a0\u00bbPr\u00e9cision\u00a0\u00bb css=\u00a0\u00bb.vc_custom_1651852354684{padding-top: 10px !important;padding-right: 50px !important;padding-bottom: 10px !important;padding-left: 50px !important;}\u00a0\u00bb]<span style=\"font-weight: 400;\">Les membres de confiance et engag\u00e9s dans les villes angolaises fournissent des r\u00e9ponses de haute qualit\u00e9 gr\u00e2ce \u00e0 notre algorithme de contr\u00f4le qui v\u00e9rifie toutes les r\u00e9ponses.<\/span>[\/stm_info_box][\/vc_column_inner][vc_column_inner width=\u00a0\u00bb1\/3&Prime; css=\u00a0\u00bb.vc_custom_1620310663259{background-color: #ffffff !important;}\u00a0\u00bb][stm_info_box align_center=\u00a0\u00bbyes\u00a0\u00bb style=\u00a0\u00bbstyle_2&Prime; title=\u00a0\u00bbDonn\u00e9es repr\u00e9sentatives\u00a0\u00bb css=\u00a0\u00bb.vc_custom_1651852427798{padding-top: 10px !important;padding-right: 50px !important;padding-bottom: 10px !important;padding-left: 50px !important;}\u00a0\u00bb]<span style=\"font-weight: 400;\">Donn\u00e9es repr\u00e9sentatives au niveau national sur le d\u00e9coupage de l&rsquo;Angola couvrant toutes les donn\u00e9es sociod\u00e9mographiques telles que l&rsquo;\u00e2ge, le sexe, le revenu et bien plus encore !<\/span>[\/stm_info_box][\/vc_column_inner][\/vc_row_inner][vc_row_inner equal_height=\u00a0\u00bbyes\u00a0\u00bb content_placement=\u00a0\u00bbmiddle\u00a0\u00bb gap=\u00a0\u00bb20&Prime; el_class=\u00a0\u00bbsquare\u00a0\u00bb][vc_column_inner width=\u00a0\u00bb1\/3&Prime; css=\u00a0\u00bb.vc_custom_1620310683210{background-color: #ffffff !important;}\u00a0\u00bb][stm_info_box align_center=\u00a0\u00bbyes\u00a0\u00bb style=\u00a0\u00bbstyle_2&Prime; title=\u00a0\u00bbR\u00e9actif\u00a0\u00bb css=\u00a0\u00bb.vc_custom_1651852472698{padding-top: 10px !important;padding-right: 50px !important;padding-bottom: 10px !important;padding-left: 50px !important;}\u00a0\u00bb]<span style=\"font-weight: 400;\">Rassemblez toute la quantit\u00e9 de donn\u00e9es en Angola dont vous avez besoin, et ce dans un d\u00e9lai tr\u00e8s court.<\/span>[\/stm_info_box][\/vc_column_inner][vc_column_inner width=\u00a0\u00bb1\/3&Prime; css=\u00a0\u00bb.vc_custom_1620310676094{background-color: #ffffff !important;}\u00a0\u00bb][stm_info_box align_center=\u00a0\u00bbyes\u00a0\u00bb style=\u00a0\u00bbstyle_2&Prime; title=\u00a0\u00bbGroupes cibl\u00e9s\u00a0\u00bb css=\u00a0\u00bb.vc_custom_1651852483699{padding-top: 10px !important;padding-right: 50px !important;padding-bottom: 10px !important;padding-left: 50px !important;}\u00a0\u00bb]<span style=\"font-weight: 400;\">Exploiter les donn\u00e9es de profilage pour cibler des groupes sp\u00e9cifiques<\/span>[\/stm_info_box][\/vc_column_inner][vc_column_inner width=\u00a0\u00bb1\/3&Prime; css=\u00a0\u00bb.vc_custom_1620310670034{background-color: #ffffff !important;}\u00a0\u00bb][stm_info_box align_center=\u00a0\u00bbyes\u00a0\u00bb style=\u00a0\u00bbstyle_2&Prime; title=\u00a0\u00bbRapide\u00a0\u00bb css=\u00a0\u00bb.vc_custom_1651852509918{padding-top: 10px !important;padding-right: 50px !important;padding-bottom: 10px !important;padding-left: 50px !important;}\u00a0\u00bb]<span style=\"font-weight: 400;\">Des d\u00e9lais et des donn\u00e9es rapides gr\u00e2ce \u00e0 notre application 100% mobile, et un travail de terrain acc\u00e9l\u00e9r\u00e9 en Angola.<\/span>[\/stm_info_box][\/vc_column_inner][\/vc_row_inner][\/vc_column][\/vc_row][vc_row css=\u00a0\u00bb.vc_custom_1634284780247{margin-top: 50px !important;margin-bottom: 50px !important;}\u00a0\u00bb][vc_column][vc_column_text]<\/p>\n<h3><b>Quelques informations sur notre panel en ligne en Angola :<\/b><\/h3>\n<p><span style=\"font-weight: 400;\">Notre \u00e9chantillon en ligne en Afrique compte des milliers de membres actifs. Les groupes d&rsquo;\u00e2ge les plus repr\u00e9sent\u00e9s sont les 18-25 ans et les 26-35 ans, ce qui correspond \u00e0 la r\u00e9partition par \u00e2ge de la population g\u00e9n\u00e9rale en Angola.  <\/span><span style=\"font-weight: 400;\">La majorit\u00e9 de nos membres vivent dans des zones urbaines, o\u00f9 se trouvent la plupart des consommateurs de produits de grande consommation.<\/span><\/p>\n<p><span style=\"font-weight: 400;\">Les membres de notre panel de consommateurs en Angola \u00e9valuent quotidiennement plus de 100 marques dans diff\u00e9rentes cat\u00e9gories. Interrog\u00e9s r\u00e9cemment sur les marques de services alimentaires, par exemple, les r\u00e9sultats ont montr\u00e9 que les marques dont ils sont le plus satisfaits sont KFC (grand vainqueur avec 89 %), suivi de Pizza Hut (75 %) et de McDonald&rsquo;s (72 %). Est-ce que cela correspond \u00e0 ce que vous attendiez pour r\u00e9aliser votre \u00e9tude de march\u00e9 en Angola ?<\/span><\/p>\n<p><span style=\"font-weight: 400;\">Vous voulez en savoir plus sur notre communaut\u00e9 africaine ? V\u00e9rifier<\/span> <a href=\"https:\/\/sagaciresearch.com\/insights\/\"><br \/>\n<span style=\"font-weight: 400;\"> notre blog<\/span><br \/>\n<\/a><span style=\"font-weight: 400;\"> ici.<\/span>[\/vc_column_text][\/vc_column][\/vc_row][vc_row css=\u00a0\u00bb.vc_custom_1641544413635{margin-top: 50px !important;}\u00a0\u00bb][vc_column][vc_custom_heading stm_title_font_weight=\u00a0\u00bb700&Prime; text=\u00a0\u00bbD\u00e9mographie du panel en Angola\u00a0\u00bb font_container=\u00a0\u00bbtag:h3|text_align:center\u00a0\u00bb use_theme_fonts=\u00a0\u00bbyes\u00a0\u00bb][\/vc_column][\/vc_row][vc_row content_placement=\u00a0\u00bbtop\u00a0\u00bb css=\u00a0\u00bb.vc_custom_1643283818930{margin-top: 30px !important;margin-bottom: 30px !important;padding-bottom: 20px !important;background-color: #f2f2f2 !important;}\u00a0\u00bb][vc_column width=\u00a0\u00bb1\/4&Prime;][vc_column_text]<\/p>\n<h4 style=\"text-align: center;\">Population du pays<\/h4>\n<p style=\"text-align: center;\">33 millions<\/p>\n<p>[\/vc_column_text][\/vc_column][vc_column width=\u00a0\u00bb1\/4&Prime;][vc_column_text]<\/p>\n<h4 style=\"text-align: center;\">Urbain<\/h4>\n<p style=\"text-align: center;\">88 %<\/p>\n<p>[\/vc_column_text][\/vc_column][vc_column width=\u00a0\u00bb1\/4&Prime;][vc_column_text]<\/p>\n<h4 style=\"text-align: center;\">Rural<\/h4>\n<p style=\"text-align: center;\">12 %<\/p>\n<p>[\/vc_column_text][\/vc_column][vc_column width=\u00a0\u00bb1\/4&Prime;][vc_column_text]<\/p>\n<h4 style=\"text-align: center;\">P\u00e9n\u00e9tration des smartphones<\/h4>\n<p style=\"text-align: center;\">~ 30%<\/p>\n<p>[\/vc_column_text][\/vc_column][\/vc_row][vc_row content_placement=\u00a0\u00bbtop\u00a0\u00bb css=\u00a0\u00bb.vc_custom_1643283832268{margin-top: 40px !important;margin-bottom: 50px !important;}\u00a0\u00bb][vc_column width=\u00a0\u00bb1\/3&Prime;][vc_progress_bar values=\u00a0\u00bb%5B%7B%22label%22%3A%2218%20%C3%80%2025%22%2C%22value%22%3A%2251%22%7D%2C%7B%22label%22%3A%2226%20%C3%80%2035%22%2C%22value%22%3A%2237%22%7D%2C%7B%22label%22%3A%2236%20%C3%80%2045%22%2C%22value%22%3A%228%22%7D%2C%7B%22label%22%3A%2246%20%C3%80%2055%22%2C%22value%22%3A%222%22%7D%2C%7B%22label%22%3A%22PLUS%20DE%20%2055%22%2C%22value%22%3A%221%22%7D%5D\u00a0\u00bb bgcolor=\u00a0\u00bbviolet\u00a0\u00bb title=\u00a0\u00bbPar groupes d&rsquo;\u00e2ge\u00a0\u00bb units=\u00a0\u00bb%\u00a0\u00bb][\/vc_column][vc_column width=\u00a0\u00bb1\/3&Prime;][vc_progress_bar values=\u00a0\u00bb%5B%7B%22label%22%3A%22HOMME%22%2C%22value%22%3A%2260%22%7D%2C%7B%22label%22%3A%22FEMME%22%2C%22value%22%3A%2240%22%7D%5D\u00a0\u00bb bgcolor=\u00a0\u00bbviolet\u00a0\u00bb title=\u00a0\u00bbPar sexe\u00a0\u00bb units=\u00a0\u00bb%\u00a0\u00bb][\/vc_column][vc_column width=\u00a0\u00bb1\/3&Prime;][vc_progress_bar values=\u00a0\u00bb%5B%7B%22label%22%3A%22A%22%2C%22value%22%3A%2231%22%7D%2C%7B%22label%22%3A%22B%22%2C%22value%22%3A%2217%22%7D%2C%7B%22label%22%3A%22C1%22%2C%22value%22%3A%2212%22%7D%2C%7B%22label%22%3A%22C2%22%2C%22value%22%3A%227%22%7D%2C%7B%22label%22%3A%22D%22%2C%22value%22%3A%2220%22%7D%2C%7B%22label%22%3A%22E%22%2C%22value%22%3A%2210%22%7D%2C%7B%22label%22%3A%22N%2FA%22%2C%22value%22%3A%223%22%7D%5D\u00a0\u00bb bgcolor=\u00a0\u00bbviolet\u00a0\u00bb title=\u00a0\u00bbPar classification socio-\u00e9conomique\u00a0\u00bb units=\u00a0\u00bb%\u00a0\u00bb][\/vc_column][\/vc_row][vc_row full_width=\u00a0\u00bbstretch_row\u00a0\u00bb css=\u00a0\u00bb.vc_custom_1625241107934{background-color: #a28bc9 !important;background-position: 0 0 !important;background-repeat: no-repeat !important;}\u00a0\u00bb el_class=\u00a0\u00bbgradient\u00a0\u00bb][vc_column width=\u00a0\u00bb1\/2&Prime; css=\u00a0\u00bb.vc_custom_1614761329840{padding-top: 50px !important;padding-bottom: 50px !important;}\u00a0\u00bb][vc_column_text]<\/p>\n<h2><strong><span style=\"color: #ffffff;\">D\u00e9marrer avec notre panel en ligne en Angola<\/span><\/strong><\/h2>\n<p><span style=\"color: #ffffff;\">Contactez notre \u00e9quipe d\u00e8s maintenant pour demander la faisabilit\u00e9 et les co\u00fbts.<\/span>[\/vc_column_text][vc_btn title=\u00a0\u00bbEnvoyez-nous votre demande\u00a0\u00bb color=\u00a0\u00bbwhite\u00a0\u00bb i_icon_fontawesome=\u00a0\u00bbfas fa-envelope\u00a0\u00bb add_icon=\u00a0\u00bbtrue\u00a0\u00bb link=\u00a0\u00bburl:%2Fcontact%2F%3Fshow%3Dmeeting%26source%3DOnlinePanels%2520Book%2520a%2520Meeting|title:Book%20a%20meeting\u00a0\u00bb][\/vc_column][vc_column width=\u00a0\u00bb1\/2&Prime;][vc_single_image image=\u00a0\u00bb8022&Prime; img_size=\u00a0\u00bbfull\u00a0\u00bb][\/vc_column][\/vc_row][vc_row][vc_column][vc_empty_space height=\u00a0\u00bb50px\u00a0\u00bb][\/vc_column][\/vc_row][vc_row][vc_column][vc_custom_heading stm_title_font_weight=\u00a0\u00bb400&Prime; text=\u00a0\u00bbNos observations \u00e0 partir d&rsquo;un \u00e9chantillon de fournisseurs en Afrique\u00a0\u00bb font_container=\u00a0\u00bbtag:h2|text_align:center\u00a0\u00bb use_theme_fonts=\u00a0\u00bbyes\u00a0\u00bb][stm_news posts_per_row=\u00a0\u00bb4&Prime;][\/vc_column][\/vc_row]<\/p>\n","protected":false},"excerpt":{"rendered":"<p>[vc_row css=\u00a0\u00bb.vc_custom_1639655133450{margin-bottom: 50px !important;}\u00a0\u00bb][vc_column width=\u00a0\u00bb2\/3&Prime;][vc_column_text]Notre panel en ligne et nos capacit\u00e9s de collecte de donn\u00e9es aident les entreprises \u00e0 comprendre les consommateurs \u00e0 travers l&rsquo;Angola. Notre \u00e9chantillon repr\u00e9sentatif en ligne est bas\u00e9 sur la t\u00e9l\u00e9phonie mobile afin d&rsquo;assurer une couverture \u00e9tendue et des d\u00e9lais d&rsquo;ex\u00e9cution rapides. Vous pourrez compter sur des milliers de r\u00e9pondants au<\/p>\n","protected":false},"author":6,"featured_media":0,"parent":0,"menu_order":0,"comment_status":"closed","ping_status":"closed","template":"","meta":{"_acf_changed":false,"footnotes":""},"class_list":["post-16772","page","type-page","status-publish","hentry"],"acf":[],"yoast_head":"<!-- This site is optimized with the Yoast SEO plugin v27.2 - https:\/\/yoast.com\/product\/yoast-seo-wordpress\/ -->\n<title>Panel en ligne en Angola - Sagaci Research<\/title>\n<meta name=\"description\" content=\"Avec notre panel en ligne en Angola dans quelques heures vous pourrez avoir des milliers de r\u00e9pondants et des r\u00e9ponses d\u00e9taill\u00e9es \u00e0 vos questions.\" \/>\n<meta name=\"robots\" content=\"index, follow, max-snippet:-1, max-image-preview:large, max-video-preview:-1\" \/>\n<link rel=\"canonical\" href=\"https:\/\/sagaciresearch.com\/online-panel-angola\/\" \/>\n<meta property=\"og:locale\" content=\"fr_FR\" \/>\n<meta property=\"og:type\" content=\"article\" \/>\n<meta property=\"og:title\" content=\"Panel en ligne en Angola - Sagaci Research\" \/>\n<meta property=\"og:description\" content=\"Avec notre panel en ligne en Angola dans quelques heures vous pourrez avoir des milliers de r\u00e9pondants et des r\u00e9ponses d\u00e9taill\u00e9es \u00e0 vos questions.\" \/>\n<meta property=\"og:url\" content=\"https:\/\/sagaciresearch.com\/online-panel-angola\/\" \/>\n<meta property=\"og:site_name\" content=\"Sagaci Research\" \/>\n<meta property=\"article:modified_time\" content=\"2023-09-13T12:14:54+00:00\" \/>\n<meta name=\"twitter:card\" content=\"summary_large_image\" \/>\n<meta name=\"twitter:label1\" content=\"Dur\u00e9e de lecture estim\u00e9e\" \/>\n\t<meta name=\"twitter:data1\" content=\"8 minutes\" \/>\n<script type=\"application\/ld+json\" class=\"yoast-schema-graph\">{\"@context\":\"https:\/\/schema.org\",\"@graph\":[{\"@type\":\"WebPage\",\"@id\":\"https:\/\/sagaciresearch.com\/online-panel-angola\/\",\"url\":\"https:\/\/sagaciresearch.com\/online-panel-angola\/\",\"name\":\"Panel en ligne en Angola - Sagaci Research\",\"isPartOf\":{\"@id\":\"https:\/\/sagaciresearch.com\/#website\"},\"datePublished\":\"2022-02-09T06:48:30+00:00\",\"dateModified\":\"2023-09-13T12:14:54+00:00\",\"description\":\"Avec notre panel en ligne en Angola dans quelques heures vous pourrez avoir des milliers de r\u00e9pondants et des r\u00e9ponses d\u00e9taill\u00e9es \u00e0 vos questions.\",\"breadcrumb\":{\"@id\":\"https:\/\/sagaciresearch.com\/online-panel-angola\/#breadcrumb\"},\"inLanguage\":\"fr-FR\",\"potentialAction\":[{\"@type\":\"ReadAction\",\"target\":[\"https:\/\/sagaciresearch.com\/online-panel-angola\/\"]}]},{\"@type\":\"BreadcrumbList\",\"@id\":\"https:\/\/sagaciresearch.com\/online-panel-angola\/#breadcrumb\",\"itemListElement\":[{\"@type\":\"ListItem\",\"position\":1,\"name\":\"Home\",\"item\":\"https:\/\/sagaciresearch.com\/fr\/\"},{\"@type\":\"ListItem\",\"position\":2,\"name\":\"Panel en ligne en Angola\"}]},{\"@type\":\"WebSite\",\"@id\":\"https:\/\/sagaciresearch.com\/#website\",\"url\":\"https:\/\/sagaciresearch.com\/\",\"name\":\"Sagaci Research\",\"description\":\"We provide data and insights you can trust to fuel your growth\",\"publisher\":{\"@id\":\"https:\/\/sagaciresearch.com\/#organization\"},\"potentialAction\":[{\"@type\":\"SearchAction\",\"target\":{\"@type\":\"EntryPoint\",\"urlTemplate\":\"https:\/\/sagaciresearch.com\/?s={search_term_string}\"},\"query-input\":{\"@type\":\"PropertyValueSpecification\",\"valueRequired\":true,\"valueName\":\"search_term_string\"}}],\"inLanguage\":\"fr-FR\"},{\"@type\":\"Organization\",\"@id\":\"https:\/\/sagaciresearch.com\/#organization\",\"name\":\"Sagaci Research\",\"url\":\"https:\/\/sagaciresearch.com\/\",\"logo\":{\"@type\":\"ImageObject\",\"inLanguage\":\"fr-FR\",\"@id\":\"https:\/\/sagaciresearch.com\/#\/schema\/logo\/image\/\",\"url\":\"https:\/\/sagaciresearch.com\/wp-content\/uploads\/2019\/09\/SR2.jpg\",\"contentUrl\":\"https:\/\/sagaciresearch.com\/wp-content\/uploads\/2019\/09\/SR2.jpg\",\"width\":960,\"height\":960,\"caption\":\"Sagaci Research\"},\"image\":{\"@id\":\"https:\/\/sagaciresearch.com\/#\/schema\/logo\/image\/\"}}]}<\/script>\n<!-- \/ Yoast SEO plugin. -->","yoast_head_json":{"title":"Panel en ligne en Angola - Sagaci Research","description":"Avec notre panel en ligne en Angola dans quelques heures vous pourrez avoir des milliers de r\u00e9pondants et des r\u00e9ponses d\u00e9taill\u00e9es \u00e0 vos questions.","robots":{"index":"index","follow":"follow","max-snippet":"max-snippet:-1","max-image-preview":"max-image-preview:large","max-video-preview":"max-video-preview:-1"},"canonical":"https:\/\/sagaciresearch.com\/online-panel-angola\/","og_locale":"fr_FR","og_type":"article","og_title":"Panel en ligne en Angola - Sagaci Research","og_description":"Avec notre panel en ligne en Angola dans quelques heures vous pourrez avoir des milliers de r\u00e9pondants et des r\u00e9ponses d\u00e9taill\u00e9es \u00e0 vos questions.","og_url":"https:\/\/sagaciresearch.com\/online-panel-angola\/","og_site_name":"Sagaci Research","article_modified_time":"2023-09-13T12:14:54+00:00","twitter_card":"summary_large_image","twitter_misc":{"Dur\u00e9e de lecture estim\u00e9e":"8 minutes"},"schema":{"@context":"https:\/\/schema.org","@graph":[{"@type":"WebPage","@id":"https:\/\/sagaciresearch.com\/online-panel-angola\/","url":"https:\/\/sagaciresearch.com\/online-panel-angola\/","name":"Panel en ligne en Angola - Sagaci Research","isPartOf":{"@id":"https:\/\/sagaciresearch.com\/#website"},"datePublished":"2022-02-09T06:48:30+00:00","dateModified":"2023-09-13T12:14:54+00:00","description":"Avec notre panel en ligne en Angola dans quelques heures vous pourrez avoir des milliers de r\u00e9pondants et des r\u00e9ponses d\u00e9taill\u00e9es \u00e0 vos questions.","breadcrumb":{"@id":"https:\/\/sagaciresearch.com\/online-panel-angola\/#breadcrumb"},"inLanguage":"fr-FR","potentialAction":[{"@type":"ReadAction","target":["https:\/\/sagaciresearch.com\/online-panel-angola\/"]}]},{"@type":"BreadcrumbList","@id":"https:\/\/sagaciresearch.com\/online-panel-angola\/#breadcrumb","itemListElement":[{"@type":"ListItem","position":1,"name":"Home","item":"https:\/\/sagaciresearch.com\/fr\/"},{"@type":"ListItem","position":2,"name":"Panel en ligne en Angola"}]},{"@type":"WebSite","@id":"https:\/\/sagaciresearch.com\/#website","url":"https:\/\/sagaciresearch.com\/","name":"Sagaci Research","description":"We provide data and insights you can trust to fuel your growth","publisher":{"@id":"https:\/\/sagaciresearch.com\/#organization"},"potentialAction":[{"@type":"SearchAction","target":{"@type":"EntryPoint","urlTemplate":"https:\/\/sagaciresearch.com\/?s={search_term_string}"},"query-input":{"@type":"PropertyValueSpecification","valueRequired":true,"valueName":"search_term_string"}}],"inLanguage":"fr-FR"},{"@type":"Organization","@id":"https:\/\/sagaciresearch.com\/#organization","name":"Sagaci Research","url":"https:\/\/sagaciresearch.com\/","logo":{"@type":"ImageObject","inLanguage":"fr-FR","@id":"https:\/\/sagaciresearch.com\/#\/schema\/logo\/image\/","url":"https:\/\/sagaciresearch.com\/wp-content\/uploads\/2019\/09\/SR2.jpg","contentUrl":"https:\/\/sagaciresearch.com\/wp-content\/uploads\/2019\/09\/SR2.jpg","width":960,"height":960,"caption":"Sagaci Research"},"image":{"@id":"https:\/\/sagaciresearch.com\/#\/schema\/logo\/image\/"}}]}},"_links":{"self":[{"href":"https:\/\/sagaciresearch.com\/fr\/wp-json\/wp\/v2\/pages\/16772","targetHints":{"allow":["GET"]}}],"collection":[{"href":"https:\/\/sagaciresearch.com\/fr\/wp-json\/wp\/v2\/pages"}],"about":[{"href":"https:\/\/sagaciresearch.com\/fr\/wp-json\/wp\/v2\/types\/page"}],"author":[{"embeddable":true,"href":"https:\/\/sagaciresearch.com\/fr\/wp-json\/wp\/v2\/users\/6"}],"replies":[{"embeddable":true,"href":"https:\/\/sagaciresearch.com\/fr\/wp-json\/wp\/v2\/comments?post=16772"}],"version-history":[{"count":3,"href":"https:\/\/sagaciresearch.com\/fr\/wp-json\/wp\/v2\/pages\/16772\/revisions"}],"predecessor-version":[{"id":17429,"href":"https:\/\/sagaciresearch.com\/fr\/wp-json\/wp\/v2\/pages\/16772\/revisions\/17429"}],"wp:attachment":[{"href":"https:\/\/sagaciresearch.com\/fr\/wp-json\/wp\/v2\/media?parent=16772"}],"curies":[{"name":"wp","href":"https:\/\/api.w.org\/{rel}","templated":true}]}}