{"id":16769,"date":"2022-08-02T10:48:40","date_gmt":"2022-08-02T08:48:40","guid":{"rendered":"https:\/\/sagaciresearch.com\/panel-en-ligne-en-algerie\/"},"modified":"2023-10-18T16:12:14","modified_gmt":"2023-10-18T14:12:14","slug":"panel-en-ligne-en-algerie","status":"publish","type":"page","link":"https:\/\/sagaciresearch.com\/fr\/panel-en-ligne-en-algerie\/","title":{"rendered":"Panel en ligne en Alg\u00e9rie"},"content":{"rendered":"<p>[vc_row css=\u00a0\u00bb.vc_custom_1639655133450{margin-bottom: 50px !important;}\u00a0\u00bb][vc_column width=\u00a0\u00bb2\/3&Prime;][vc_column_text]<span style=\"font-weight: 400;\">Obtenir des informations et des points de vue directement aupr\u00e8s des consommateurs que vous ciblez vous aidera \u00e0 prendre les d\u00e9cisions commerciales les plus judicieuses. <\/span><\/p>\n<p><span style=\"font-weight: 400;\">Les membres engag\u00e9s de notre panel repr\u00e9sentatif en ligne en Alg\u00e9rie r\u00e9pondent quotidiennement \u00e0 une vari\u00e9t\u00e9 de questions. <\/span>[\/vc_column_text][vc_btn title=\u00a0\u00bbNous contacter\u00a0\u00bb color=\u00a0\u00bbviolet\u00a0\u00bb link=\u00a0\u00bburl:%2Fcontact%2F%3Fshow%3Dcontact%26source%3DOnlinePanels%2520Contact\u00a0\u00bb][\/vc_column][vc_column width=\u00a0\u00bb1\/3&Prime;][vc_single_image image=\u00a0\u00bb14416&Prime; img_size=\u00a0\u00bbmedium\u00a0\u00bb][\/vc_column][\/vc_row][vc_row full_width=\u00a0\u00bbstretch_row\u00a0\u00bb css=\u00a0\u00bb.vc_custom_1643194041373{margin-top: 50px !important;margin-bottom: 50px !important;padding-top: 20px !important;background-color: #a28bc9 !important;}\u00a0\u00bb el_class=\u00a0\u00bbgradient\u00a0\u00bb][vc_column width=\u00a0\u00bb1\/2&Prime;][vc_single_image image=\u00a0\u00bb13024&Prime; img_size=\u00a0\u00bbfull\u00a0\u00bb][\/vc_column][vc_column width=\u00a0\u00bb1\/2&Prime;][vc_column_text]<\/p>\n<h3><\/h3>\n<h3><\/h3>\n<h3><strong><span style=\"color: #000000;\">Panel en ligne repr\u00e9sentatif en Alg\u00e9rie<\/span><\/strong><\/h3>\n<blockquote><p>Avec le panel en ligne de Sagaci Research en Alg\u00e9rie, vous b\u00e9n\u00e9ficiez d&rsquo;un contr\u00f4le qualit\u00e9 solide qui garantit la comparabilit\u00e9 des r\u00e9sultats d&rsquo;\u00e9tudes multi-pays, de mani\u00e8re simple et fluide.<\/p><\/blockquote>\n<p>[\/vc_column_text][\/vc_column][\/vc_row][vc_row css=\u00a0\u00bb.vc_custom_1643193875289{margin-bottom: 50px !important;}\u00a0\u00bb][vc_column][vc_column_text]<\/p>\n<h3><strong><span style=\"color: #000000;\">Cibler des r\u00e9pondants sp\u00e9cifiques gr\u00e2ce \u00e0 notre panel de consommateurs en Alg\u00e9rie<\/span><\/strong><\/h3>\n<p><span style=\"font-weight: 400;\">Les membres de notre panel en ligne en Alg\u00e9rie sont bas\u00e9s non seulement \u00e0 Alger mais aussi \u00e0 Oran et dans d&rsquo;autres villes secondaires. Nous pouvons les cibler en fonction de l&rsquo;\u00e2ge, de la localisation, du sexe ou des habitudes de consommation afin de mieux comprendre qui ils sont, ce qu&rsquo;ils aiment ou n&rsquo;aiment pas, ce dont ils ont besoin, comment ils se comportent, etc. <\/span><\/p>\n<p><span style=\"font-weight: 400;\">Ils peuvent r\u00e9pondre \u00e0 vos questions sur votre marque, leurs habitudes de consommation ou tout autre sujet en rapport avec votre activit\u00e9. <\/span>[\/vc_column_text][\/vc_column][\/vc_row][vc_row full_width=\u00a0\u00bbstretch_row\u00a0\u00bb css=\u00a0\u00bb.vc_custom_1643193705201{padding-top: 47px !important;padding-bottom: 60px !important;background-color: #967fc4 !important;}\u00a0\u00bb el_class=\u00a0\u00bbgradient\u00a0\u00bb][vc_column][vc_custom_heading stm_title_font_weight=\u00a0\u00bb700&Prime; text=\u00a0\u00bbAvantages de nos panels de consommateurs\u00a0\u00bb font_container=\u00a0\u00bbtag:h3|text_align:center\u00a0\u00bb use_theme_fonts=\u00a0\u00bbyes\u00a0\u00bb][vc_row_inner equal_height=\u00a0\u00bbyes\u00a0\u00bb content_placement=\u00a0\u00bbmiddle\u00a0\u00bb gap=\u00a0\u00bb20&Prime; el_class=\u00a0\u00bbsquare\u00a0\u00bb][vc_column_inner width=\u00a0\u00bb1\/3&Prime; css=\u00a0\u00bb.vc_custom_1620310643924{background-color: #ffffff !important;}\u00a0\u00bb][stm_info_box align_center=\u00a0\u00bbyes\u00a0\u00bb style=\u00a0\u00bbstyle_2&Prime; title=\u00a0\u00bbAccessibilit\u00e9 des r\u00e9pondants\u00a0\u00bb css=\u00a0\u00bb.vc_custom_1697635807281{padding-top: 10px !important;padding-right: 50px !important;padding-bottom: 10px !important;padding-left: 50px !important;}\u00a0\u00bb]<span style=\"font-weight: 400;\">Acc\u00e9dez aux r\u00e9pondants de toutes les zones (urbaines et rurales) d&rsquo;un simple clic.<\/span>[\/stm_info_box][\/vc_column_inner][vc_column_inner width=\u00a0\u00bb1\/3&Prime; css=\u00a0\u00bb.vc_custom_1620310653042{background-color: #ffffff !important;}\u00a0\u00bb][stm_info_box align_center=\u00a0\u00bbyes\u00a0\u00bb style=\u00a0\u00bbstyle_2&Prime; title=\u00a0\u00bbPr\u00e9cision\u00a0\u00bb css=\u00a0\u00bb.vc_custom_1659430020104{padding-top: 10px !important;padding-right: 50px !important;padding-bottom: 10px !important;padding-left: 50px !important;}\u00a0\u00bb]<span style=\"font-weight: 400;\">Des membres de confiance et engag\u00e9s dans les villes alg\u00e9riennes fournissant des r\u00e9ponses de haute qualit\u00e9 gr\u00e2ce \u00e0 notre algorithme de contr\u00f4le qui v\u00e9rifie toutes les r\u00e9ponses.<\/span>[\/stm_info_box][\/vc_column_inner][vc_column_inner width=\u00a0\u00bb1\/3&Prime; css=\u00a0\u00bb.vc_custom_1620310663259{background-color: #ffffff !important;}\u00a0\u00bb][stm_info_box align_center=\u00a0\u00bbyes\u00a0\u00bb style=\u00a0\u00bbstyle_2&Prime; title=\u00a0\u00bbDonn\u00e9es repr\u00e9sentatives\u00a0\u00bb css=\u00a0\u00bb.vc_custom_1697635605515{padding-top: 10px !important;padding-right: 50px !important;padding-bottom: 10px !important;padding-left: 50px !important;}\u00a0\u00bb]Donn\u00e9es repr\u00e9sentatives au niveau national, couvrant toutes les donn\u00e9es socio-d\u00e9mographiques telles que l&rsquo;\u00e2ge, le sexe, le revenu et bien plus encore ![\/stm_info_box][\/vc_column_inner][\/vc_row_inner][vc_row_inner equal_height=\u00a0\u00bbyes\u00a0\u00bb content_placement=\u00a0\u00bbmiddle\u00a0\u00bb gap=\u00a0\u00bb20&Prime; el_class=\u00a0\u00bbsquare\u00a0\u00bb][vc_column_inner width=\u00a0\u00bb1\/3&Prime; css=\u00a0\u00bb.vc_custom_1620310683210{background-color: #ffffff !important;}\u00a0\u00bb][stm_info_box align_center=\u00a0\u00bbyes\u00a0\u00bb style=\u00a0\u00bbstyle_2&Prime; title=\u00a0\u00bbR\u00e9activit\u00e9\u00a0\u00bb css=\u00a0\u00bb.vc_custom_1697635832455{padding-top: 10px !important;padding-right: 50px !important;padding-bottom: 10px !important;padding-left: 50px !important;}\u00a0\u00bb]<span style=\"font-weight: 400;\">Rassemblez toutes les donn\u00e9es dont vous avez besoin, et ce dans un d\u00e9lai tr\u00e8s court.<\/span>[\/stm_info_box][\/vc_column_inner][vc_column_inner width=\u00a0\u00bb1\/3&Prime; css=\u00a0\u00bb.vc_custom_1620310676094{background-color: #ffffff !important;}\u00a0\u00bb][stm_info_box align_center=\u00a0\u00bbyes\u00a0\u00bb style=\u00a0\u00bbstyle_2&Prime; title=\u00a0\u00bbGroupes cibl\u00e9s\u00a0\u00bb css=\u00a0\u00bb.vc_custom_1697635782977{padding-top: 10px !important;padding-right: 50px !important;padding-bottom: 10px !important;padding-left: 50px !important;}\u00a0\u00bb]<span style=\"font-weight: 400;\">Exploiter les donn\u00e9es de profilage pour cibler des groupes sp\u00e9cifiques.<\/span>[\/stm_info_box][\/vc_column_inner][vc_column_inner width=\u00a0\u00bb1\/3&Prime; css=\u00a0\u00bb.vc_custom_1620310670034{background-color: #ffffff !important;}\u00a0\u00bb][stm_info_box align_center=\u00a0\u00bbyes\u00a0\u00bb style=\u00a0\u00bbstyle_2&Prime; title=\u00a0\u00bbRapidit\u00e9\u00a0\u00bb css=\u00a0\u00bb.vc_custom_1697635820294{padding-top: 10px !important;padding-right: 50px !important;padding-bottom: 10px !important;padding-left: 50px !important;}\u00a0\u00bb]<span style=\"font-weight: 400;\">Des d\u00e9lais et des donn\u00e9es rapides gr\u00e2ce \u00e0 notre application 100% mobile, et un travail de terrain acc\u00e9l\u00e9r\u00e9.<\/span>[\/stm_info_box][\/vc_column_inner][\/vc_row_inner][\/vc_column][\/vc_row][vc_row css=\u00a0\u00bb.vc_custom_1634284780247{margin-top: 50px !important;margin-bottom: 50px !important;}\u00a0\u00bb][vc_column][vc_column_text]<\/p>\n<h3><b>Quelques informations sur notre \u00e9chantillon en Alg\u00e9rie<\/b><\/h3>\n<p><span style=\"font-weight: 400;\">Notre panel en ligne en Alg\u00e9rie peut \u00eatre utile de diff\u00e9rentes mani\u00e8res. L&rsquo;une d&rsquo;entre elles est la possibilit\u00e9 de r\u00e9aliser nos <\/span><a href=\"https:\/\/sagaciresearch.com\/fr\/products\/sagabrand\/\" target=\"_blank\" rel=\"noopener\"><span style=\"font-weight: 400;\">enqu\u00eates syndiqu\u00e9es du Brand Health Tracker<\/span><\/a><span style=\"font-weight: 400;\">. Ces enqu\u00eates sont des outils tr\u00e8s rentables et fiables pour recueillir des opinions honn\u00eates de la part des pan\u00e9listes en Alg\u00e9rie. En l&rsquo;espace de quelques jours, vous obtiendrez le retour d&rsquo;information de nos pan\u00e9listes tr\u00e8s r\u00e9actifs sur la notori\u00e9t\u00e9 des marques, leurs pr\u00e9f\u00e9rences, niveau de satisfaction, etc. <\/span><\/p>\n<p><span style=\"font-weight: 400;\">Si vous souhaitez obtenir plus d&rsquo;informations sur la mani\u00e8re dont vous pouvez tirer le meilleur parti de notre panel en ligne en Alg\u00e9rie, consultez notre <\/span><a href=\"https:\/\/sagaciresearch.com\/fr\/insights\/\" target=\"_blank\" rel=\"noopener\"><span style=\"font-weight: 400;\">blog<\/span><\/a><span style=\"font-weight: 400;\">!<\/span>[\/vc_column_text][\/vc_column][\/vc_row][vc_row css=\u00a0\u00bb.vc_custom_1641544413635{margin-top: 50px !important;}\u00a0\u00bb][vc_column][vc_custom_heading stm_title_font_weight=\u00a0\u00bb700&Prime; text=\u00a0\u00bbLa d\u00e9mographie du panel alg\u00e9rien\u00a0\u00bb font_container=\u00a0\u00bbtag:h3|text_align:center\u00a0\u00bb use_theme_fonts=\u00a0\u00bbyes\u00a0\u00bb][\/vc_column][\/vc_row][vc_row content_placement=\u00a0\u00bbtop\u00a0\u00bb css=\u00a0\u00bb.vc_custom_1643283818930{margin-top: 30px !important;margin-bottom: 30px !important;padding-bottom: 20px !important;background-color: #f2f2f2 !important;}\u00a0\u00bb][vc_column width=\u00a0\u00bb1\/4&Prime;][vc_column_text]<\/p>\n<h4 style=\"text-align: center;\">Population du pays<\/h4>\n<p style=\"text-align: center;\">45 millions<\/p>\n<p>[\/vc_column_text][\/vc_column][vc_column width=\u00a0\u00bb1\/4&Prime;][vc_column_text]<\/p>\n<h4 style=\"text-align: center;\">Urbain<\/h4>\n<p style=\"text-align: center;\">75 %<\/p>\n<p>[\/vc_column_text][\/vc_column][vc_column width=\u00a0\u00bb1\/4&Prime;][vc_column_text]<\/p>\n<h4 style=\"text-align: center;\">Rural<\/h4>\n<p style=\"text-align: center;\">25 %<\/p>\n<p>[\/vc_column_text][\/vc_column][vc_column width=\u00a0\u00bb1\/4&Prime;][vc_column_text]<\/p>\n<h4 style=\"text-align: center;\">P\u00e9n\u00e9tration des smartphones<\/h4>\n<p style=\"text-align: center;\">~ 60%<\/p>\n<p>[\/vc_column_text][\/vc_column][\/vc_row][vc_row content_placement=\u00a0\u00bbtop\u00a0\u00bb css=\u00a0\u00bb.vc_custom_1643283832268{margin-top: 40px !important;margin-bottom: 50px !important;}\u00a0\u00bb][vc_column width=\u00a0\u00bb1\/3&Prime;][vc_progress_bar values=\u00a0\u00bb%5B%7B%22label%22%3A%2218%20%C3%A0%2025%20%22%2C%22value%22%3A%2219%22%7D%2C%7B%22label%22%3A%2226%20%C3%A0%2035%20%22%2C%22value%22%3A%2231%22%7D%2C%7B%22label%22%3A%2236%20%C3%A0%2045%20%22%2C%22value%22%3A%2226%22%7D%2C%7B%22label%22%3A%2246%20%C3%A0%2055%20%22%2C%22value%22%3A%2213%22%7D%2C%7B%22label%22%3A%22PLUS%20DE%2055%22%2C%22value%22%3A%229%22%7D%5D\u00a0\u00bb bgcolor=\u00a0\u00bbviolet\u00a0\u00bb title=\u00a0\u00bbPar groupes d&rsquo;\u00e2ge\u00a0\u00bb units=\u00a0\u00bb%\u00a0\u00bb][\/vc_column][vc_column width=\u00a0\u00bb1\/3&Prime;][vc_progress_bar values=\u00a0\u00bb%5B%7B%22label%22%3A%22Homme%22%2C%22value%22%3A%2260%22%7D%2C%7B%22label%22%3A%22Femme%22%2C%22value%22%3A%2240%22%7D%5D\u00a0\u00bb bgcolor=\u00a0\u00bbviolet\u00a0\u00bb title=\u00a0\u00bbPar sexe\u00a0\u00bb units=\u00a0\u00bb%\u00a0\u00bb][\/vc_column][vc_column width=\u00a0\u00bb1\/3&Prime;][vc_progress_bar values=\u00a0\u00bb%5B%7B%22label%22%3A%22A%22%2C%22value%22%3A%2228%22%7D%2C%7B%22label%22%3A%22B%22%2C%22value%22%3A%2216%22%7D%2C%7B%22label%22%3A%22C1%22%2C%22value%22%3A%2210%22%7D%2C%7B%22label%22%3A%22C2%22%2C%22value%22%3A%225%22%7D%2C%7B%22label%22%3A%22D%22%2C%22value%22%3A%2211%22%7D%2C%7B%22label%22%3A%22E%22%2C%22value%22%3A%2213%22%7D%2C%7B%22label%22%3A%22N%2FA%22%2C%22value%22%3A%2217%22%7D%5D\u00a0\u00bb bgcolor=\u00a0\u00bbviolet\u00a0\u00bb title=\u00a0\u00bbPar classification socio-\u00e9conomique\u00a0\u00bb units=\u00a0\u00bb%\u00a0\u00bb][\/vc_column][\/vc_row][vc_row full_width=\u00a0\u00bbstretch_row\u00a0\u00bb css=\u00a0\u00bb.vc_custom_1625241107934{background-color: #a28bc9 !important;background-position: 0 0 !important;background-repeat: no-repeat !important;}\u00a0\u00bb el_class=\u00a0\u00bbgradient\u00a0\u00bb][vc_column width=\u00a0\u00bb1\/2&Prime; css=\u00a0\u00bb.vc_custom_1614761329840{padding-top: 50px !important;padding-bottom: 50px !important;}\u00a0\u00bb][vc_column_text]<\/p>\n<h2><strong><span style=\"color: #ffffff;\">D\u00e9couvrez notre panel en ligne en Alg\u00e9rie<\/span><\/strong><\/h2>\n<p><span style=\"color: #ffffff;\">Contactez notre \u00e9quipe d\u00e8s maintenant pour \u00e9tudier ensemble vos projets.<\/span>[\/vc_column_text][vc_btn title=\u00a0\u00bbContactez-nous\u00a0\u00bb color=\u00a0\u00bbwhite\u00a0\u00bb i_icon_fontawesome=\u00a0\u00bbfas fa-envelope\u00a0\u00bb add_icon=\u00a0\u00bbtrue\u00a0\u00bb link=\u00a0\u00bburl:%2Fcontact%2F%3Fshow%3Dmeeting%26source%3DOnlinePanels%2520Book%2520a%2520Meeting|title:Book%20a%20meeting\u00a0\u00bb][\/vc_column][vc_column width=\u00a0\u00bb1\/2&Prime;][vc_single_image image=\u00a0\u00bb8022&Prime; img_size=\u00a0\u00bbfull\u00a0\u00bb][\/vc_column][\/vc_row][vc_row][vc_column][vc_empty_space height=\u00a0\u00bb50px\u00a0\u00bb][\/vc_column][\/vc_row][vc_row][vc_column][vc_custom_heading stm_title_font_weight=\u00a0\u00bb400&Prime; text=\u00a0\u00bbNos observations \u00e0 partir d&rsquo;un \u00e9chantillon de fournisseurs en Alg\u00e9rie\u00a0\u00bb font_container=\u00a0\u00bbtag:h2|text_align:center\u00a0\u00bb use_theme_fonts=\u00a0\u00bbyes\u00a0\u00bb][stm_news posts_per_row=\u00a0\u00bb4&Prime;][\/vc_column][\/vc_row]<\/p>\n","protected":false},"excerpt":{"rendered":"<p>[vc_row css=\u00a0\u00bb.vc_custom_1639655133450{margin-bottom: 50px !important;}\u00a0\u00bb][vc_column width=\u00a0\u00bb2\/3&Prime;][vc_column_text]Obtenir des informations et des points de vue directement aupr\u00e8s des consommateurs que vous ciblez vous aidera \u00e0 prendre les d\u00e9cisions commerciales les plus judicieuses. Les membres engag\u00e9s de notre panel repr\u00e9sentatif en ligne en Alg\u00e9rie r\u00e9pondent quotidiennement \u00e0 une vari\u00e9t\u00e9 de questions. [\/vc_column_text][vc_btn title=\u00a0\u00bbNous contacter\u00a0\u00bb color=\u00a0\u00bbviolet\u00a0\u00bb link=\u00a0\u00bburl:%2Fcontact%2F%3Fshow%3Dcontact%26source%3DOnlinePanels%2520Contact\u00a0\u00bb][\/vc_column][vc_column width=\u00a0\u00bb1\/3&Prime;][vc_single_image image=\u00a0\u00bb14416&Prime; img_size=\u00a0\u00bbmedium\u00a0\u00bb][\/vc_column][\/vc_row][vc_row<\/p>\n","protected":false},"author":6,"featured_media":0,"parent":0,"menu_order":0,"comment_status":"closed","ping_status":"closed","template":"","meta":{"_acf_changed":false,"footnotes":""},"class_list":["post-16769","page","type-page","status-publish","hentry"],"acf":[],"yoast_head":"<!-- This site is optimized with the Yoast SEO plugin v27.2 - https:\/\/yoast.com\/product\/yoast-seo-wordpress\/ -->\n<title>Panel en ligne en Alg\u00e9rie - Sagaci Research<\/title>\n<meta name=\"description\" content=\"Avec notre panel en ligne en Alg\u00e9rie, en quelques heures vous aurez des milliers de r\u00e9ponses d\u00e9taill\u00e9es \u00e0 vos questions sur le consommateur alg\u00e9rien.\" \/>\n<meta name=\"robots\" content=\"index, follow, max-snippet:-1, max-image-preview:large, max-video-preview:-1\" \/>\n<link rel=\"canonical\" href=\"https:\/\/sagaciresearch.com\/fr\/panel-en-ligne-en-algerie\/\" \/>\n<meta property=\"og:locale\" content=\"fr_FR\" \/>\n<meta property=\"og:type\" content=\"article\" \/>\n<meta property=\"og:title\" content=\"Panel en ligne en Alg\u00e9rie - Sagaci Research\" \/>\n<meta property=\"og:description\" content=\"Avec notre panel en ligne en Alg\u00e9rie, en quelques heures vous aurez des milliers de r\u00e9ponses d\u00e9taill\u00e9es \u00e0 vos questions sur le consommateur alg\u00e9rien.\" \/>\n<meta property=\"og:url\" content=\"https:\/\/sagaciresearch.com\/fr\/panel-en-ligne-en-algerie\/\" \/>\n<meta property=\"og:site_name\" content=\"Sagaci Research\" \/>\n<meta property=\"article:modified_time\" content=\"2023-10-18T14:12:14+00:00\" \/>\n<meta name=\"twitter:card\" content=\"summary_large_image\" \/>\n<meta name=\"twitter:label1\" content=\"Dur\u00e9e de lecture estim\u00e9e\" \/>\n\t<meta name=\"twitter:data1\" content=\"3 minutes\" \/>\n<script type=\"application\/ld+json\" class=\"yoast-schema-graph\">{\"@context\":\"https:\/\/schema.org\",\"@graph\":[{\"@type\":\"WebPage\",\"@id\":\"https:\/\/sagaciresearch.com\/fr\/panel-en-ligne-en-algerie\/\",\"url\":\"https:\/\/sagaciresearch.com\/fr\/panel-en-ligne-en-algerie\/\",\"name\":\"Panel en ligne en Alg\u00e9rie - Sagaci Research\",\"isPartOf\":{\"@id\":\"https:\/\/sagaciresearch.com\/#website\"},\"datePublished\":\"2022-08-02T08:48:40+00:00\",\"dateModified\":\"2023-10-18T14:12:14+00:00\",\"description\":\"Avec notre panel en ligne en Alg\u00e9rie, en quelques heures vous aurez des milliers de r\u00e9ponses d\u00e9taill\u00e9es \u00e0 vos questions sur le consommateur alg\u00e9rien.\",\"breadcrumb\":{\"@id\":\"https:\/\/sagaciresearch.com\/fr\/panel-en-ligne-en-algerie\/#breadcrumb\"},\"inLanguage\":\"fr-FR\",\"potentialAction\":[{\"@type\":\"ReadAction\",\"target\":[\"https:\/\/sagaciresearch.com\/fr\/panel-en-ligne-en-algerie\/\"]}]},{\"@type\":\"BreadcrumbList\",\"@id\":\"https:\/\/sagaciresearch.com\/fr\/panel-en-ligne-en-algerie\/#breadcrumb\",\"itemListElement\":[{\"@type\":\"ListItem\",\"position\":1,\"name\":\"Home\",\"item\":\"https:\/\/sagaciresearch.com\/fr\/\"},{\"@type\":\"ListItem\",\"position\":2,\"name\":\"Panel en ligne en Alg\u00e9rie\"}]},{\"@type\":\"WebSite\",\"@id\":\"https:\/\/sagaciresearch.com\/#website\",\"url\":\"https:\/\/sagaciresearch.com\/\",\"name\":\"Sagaci Research\",\"description\":\"We provide data and insights you can trust to fuel your growth\",\"publisher\":{\"@id\":\"https:\/\/sagaciresearch.com\/#organization\"},\"potentialAction\":[{\"@type\":\"SearchAction\",\"target\":{\"@type\":\"EntryPoint\",\"urlTemplate\":\"https:\/\/sagaciresearch.com\/?s={search_term_string}\"},\"query-input\":{\"@type\":\"PropertyValueSpecification\",\"valueRequired\":true,\"valueName\":\"search_term_string\"}}],\"inLanguage\":\"fr-FR\"},{\"@type\":\"Organization\",\"@id\":\"https:\/\/sagaciresearch.com\/#organization\",\"name\":\"Sagaci Research\",\"url\":\"https:\/\/sagaciresearch.com\/\",\"logo\":{\"@type\":\"ImageObject\",\"inLanguage\":\"fr-FR\",\"@id\":\"https:\/\/sagaciresearch.com\/#\/schema\/logo\/image\/\",\"url\":\"https:\/\/sagaciresearch.com\/wp-content\/uploads\/2019\/09\/SR2.jpg\",\"contentUrl\":\"https:\/\/sagaciresearch.com\/wp-content\/uploads\/2019\/09\/SR2.jpg\",\"width\":960,\"height\":960,\"caption\":\"Sagaci Research\"},\"image\":{\"@id\":\"https:\/\/sagaciresearch.com\/#\/schema\/logo\/image\/\"}}]}<\/script>\n<!-- \/ Yoast SEO plugin. -->","yoast_head_json":{"title":"Panel en ligne en Alg\u00e9rie - Sagaci Research","description":"Avec notre panel en ligne en Alg\u00e9rie, en quelques heures vous aurez des milliers de r\u00e9ponses d\u00e9taill\u00e9es \u00e0 vos questions sur le consommateur alg\u00e9rien.","robots":{"index":"index","follow":"follow","max-snippet":"max-snippet:-1","max-image-preview":"max-image-preview:large","max-video-preview":"max-video-preview:-1"},"canonical":"https:\/\/sagaciresearch.com\/fr\/panel-en-ligne-en-algerie\/","og_locale":"fr_FR","og_type":"article","og_title":"Panel en ligne en Alg\u00e9rie - Sagaci Research","og_description":"Avec notre panel en ligne en Alg\u00e9rie, en quelques heures vous aurez des milliers de r\u00e9ponses d\u00e9taill\u00e9es \u00e0 vos questions sur le consommateur alg\u00e9rien.","og_url":"https:\/\/sagaciresearch.com\/fr\/panel-en-ligne-en-algerie\/","og_site_name":"Sagaci Research","article_modified_time":"2023-10-18T14:12:14+00:00","twitter_card":"summary_large_image","twitter_misc":{"Dur\u00e9e de lecture estim\u00e9e":"3 minutes"},"schema":{"@context":"https:\/\/schema.org","@graph":[{"@type":"WebPage","@id":"https:\/\/sagaciresearch.com\/fr\/panel-en-ligne-en-algerie\/","url":"https:\/\/sagaciresearch.com\/fr\/panel-en-ligne-en-algerie\/","name":"Panel en ligne en Alg\u00e9rie - Sagaci Research","isPartOf":{"@id":"https:\/\/sagaciresearch.com\/#website"},"datePublished":"2022-08-02T08:48:40+00:00","dateModified":"2023-10-18T14:12:14+00:00","description":"Avec notre panel en ligne en Alg\u00e9rie, en quelques heures vous aurez des milliers de r\u00e9ponses d\u00e9taill\u00e9es \u00e0 vos questions sur le consommateur alg\u00e9rien.","breadcrumb":{"@id":"https:\/\/sagaciresearch.com\/fr\/panel-en-ligne-en-algerie\/#breadcrumb"},"inLanguage":"fr-FR","potentialAction":[{"@type":"ReadAction","target":["https:\/\/sagaciresearch.com\/fr\/panel-en-ligne-en-algerie\/"]}]},{"@type":"BreadcrumbList","@id":"https:\/\/sagaciresearch.com\/fr\/panel-en-ligne-en-algerie\/#breadcrumb","itemListElement":[{"@type":"ListItem","position":1,"name":"Home","item":"https:\/\/sagaciresearch.com\/fr\/"},{"@type":"ListItem","position":2,"name":"Panel en ligne en Alg\u00e9rie"}]},{"@type":"WebSite","@id":"https:\/\/sagaciresearch.com\/#website","url":"https:\/\/sagaciresearch.com\/","name":"Sagaci Research","description":"We provide data and insights you can trust to fuel your growth","publisher":{"@id":"https:\/\/sagaciresearch.com\/#organization"},"potentialAction":[{"@type":"SearchAction","target":{"@type":"EntryPoint","urlTemplate":"https:\/\/sagaciresearch.com\/?s={search_term_string}"},"query-input":{"@type":"PropertyValueSpecification","valueRequired":true,"valueName":"search_term_string"}}],"inLanguage":"fr-FR"},{"@type":"Organization","@id":"https:\/\/sagaciresearch.com\/#organization","name":"Sagaci Research","url":"https:\/\/sagaciresearch.com\/","logo":{"@type":"ImageObject","inLanguage":"fr-FR","@id":"https:\/\/sagaciresearch.com\/#\/schema\/logo\/image\/","url":"https:\/\/sagaciresearch.com\/wp-content\/uploads\/2019\/09\/SR2.jpg","contentUrl":"https:\/\/sagaciresearch.com\/wp-content\/uploads\/2019\/09\/SR2.jpg","width":960,"height":960,"caption":"Sagaci Research"},"image":{"@id":"https:\/\/sagaciresearch.com\/#\/schema\/logo\/image\/"}}]}},"_links":{"self":[{"href":"https:\/\/sagaciresearch.com\/fr\/wp-json\/wp\/v2\/pages\/16769","targetHints":{"allow":["GET"]}}],"collection":[{"href":"https:\/\/sagaciresearch.com\/fr\/wp-json\/wp\/v2\/pages"}],"about":[{"href":"https:\/\/sagaciresearch.com\/fr\/wp-json\/wp\/v2\/types\/page"}],"author":[{"embeddable":true,"href":"https:\/\/sagaciresearch.com\/fr\/wp-json\/wp\/v2\/users\/6"}],"replies":[{"embeddable":true,"href":"https:\/\/sagaciresearch.com\/fr\/wp-json\/wp\/v2\/comments?post=16769"}],"version-history":[{"count":17,"href":"https:\/\/sagaciresearch.com\/fr\/wp-json\/wp\/v2\/pages\/16769\/revisions"}],"predecessor-version":[{"id":17939,"href":"https:\/\/sagaciresearch.com\/fr\/wp-json\/wp\/v2\/pages\/16769\/revisions\/17939"}],"wp:attachment":[{"href":"https:\/\/sagaciresearch.com\/fr\/wp-json\/wp\/v2\/media?parent=16769"}],"curies":[{"name":"wp","href":"https:\/\/api.w.org\/{rel}","templated":true}]}}