{"id":16096,"date":"2021-03-03T17:20:26","date_gmt":"2021-03-03T16:20:26","guid":{"rendered":"https:\/\/sagaciresearch.com\/?page_id=16096"},"modified":"2024-06-11T14:14:27","modified_gmt":"2024-06-11T12:14:27","slug":"nos-bureaux","status":"publish","type":"page","link":"https:\/\/sagaciresearch.com\/fr\/nos-bureaux\/","title":{"rendered":"Nos bureaux"},"content":{"rendered":"<p>[vc_row el_class=\u00a0\u00bbofficesContact\u00a0\u00bb][vc_column width=\u00a0\u00bb1\/3&Prime;][vc_column_text el_class=\u00a0\u00bboffice\u00a0\u00bb]<\/p>\n<h3>Abidjan, C\u00f4te d&rsquo;Ivoire<\/h3>\n<p><i class=\"fa fa-map-marker\"><\/i>Cocody, Riviera Bonoumin 06<\/p>\n<p>BP 2008 Abidjan 06<\/p>\n<p><i class=\"fa fa-envelope\"><\/i><a title=\"civ@sagaciresearch.com\" href=\"mailto:civ@sagaciresearch.com\">civ@sagaciresearch.com<\/a>[\/vc_column_text][vc_column_text el_class=\u00a0\u00bboffice\u00a0\u00bb]<\/p>\n<h3>Le Caire, Egypte<\/h3>\n<p><i class=\"fa fa-map-marker\"><\/i>33 Heliopolis Gardens, Sheraton<br \/>\nAlnozha, Cairo<\/p>\n<p><i class=\"fa fa-map-marker\"><\/i>Greek Campus, 171 Tahrir Street, Downtown, Cairo<\/p>\n<p><i class=\"fa fa-phone\"><\/i> <a href=\"tel:+201210068478\">+201210068478<\/a><\/p>\n<p><i class=\"fa fa-envelope\"><\/i><a title=\"egypt@sagaciresearch.com\" href=\"mailto:egypt@sagaciresearch.com\">egypt@sagaciresearch.com<\/a>[\/vc_column_text][vc_column_text el_class=\u00a0\u00bboffice\u00a0\u00bb]<\/p>\n<h3>Lagos, Nigeria<\/h3>\n<p><i class=\"fa fa-map-marker\"><\/i>Suite 410, AHCN Towers,&nbsp;Adeleye Street, Central Business District&nbsp;Alausa, Ikeja, Lagos<\/p>\n<p><i class=\"fa fa-phone\"><\/i><a href=\"tel:+2348178460096\">+234 817 846 0096<\/a><\/p>\n<p><i class=\"fa fa-envelope\"><\/i><a title=\"nigeria@sagaciresearch.com\" href=\"mailto:nigeria@sagaciresearch.com\">nigeria@sagaciresearch.com<\/a>[\/vc_column_text][vc_column_text el_class=\u00a0\u00bboffice\u00a0\u00bb]<\/p>\n<h3>Maputo, Mozambique<\/h3>\n<p><i class=\"fa fa-map-marker\"><\/i>Rua de Kongwa 39, Bairro Polana, Maputo<\/p>\n<p><i class=\"fa fa-phone\"><\/i><a href=\"tel:+258840652492\">+258 84 065 24 92<\/a><\/p>\n<p><i class=\"fa fa-envelope\"><\/i><a title=\"mozambique@sagaciresearch.com\" href=\"mailto:mozambique@sagaciresearch.com\">mozambique@sagaciresearch.com<\/a>[\/vc_column_text][\/vc_column][vc_column width=\u00a0\u00bb1\/3&Prime;][vc_column_text el_class=\u00a0\u00bboffice\u00a0\u00bb]<\/p>\n<h3>Accra, Ghana<\/h3>\n<p><i class=\"fa fa-map-marker\"><\/i>A119\/19 Adokaile Road, Dansoman&nbsp;P.O.BOX St 39 STC, Accra<\/p>\n<p><i class=\"fa fa-phone\"><\/i><a href=\"tel:+233268972912\">+233 268 972 912<\/a><\/p>\n<p><i class=\"fa fa-envelope\"><\/i><a href=\"mailto:ghana@sagaciresearch.com\">ghana@sagaciresearch.com<\/a>[\/vc_column_text][vc_column_text el_class=\u00a0\u00bboffice\u00a0\u00bb]<\/p>\n<h3>Dar Es Salaam, Tanzanie<\/h3>\n<p><i class=\"fa fa-map-marker\"><\/i>5th Floor, Wing \u201cB\u201d, Msasani Tower, Ali Bin Said Street (Opp. CCBRT Hospital), Msasani Peninsula\u00a0P.O. Box 23103<\/p>\n<p><i class=\"fa fa-phone\"><\/i><a href=\"tel:+255716546874\">+255 716 546 874<\/a><\/p>\n<p><i class=\"fa fa-envelope\"><\/i><a title=\"tanzania@sagaciresearch.com\" href=\"mailto:tanzania@sagaciresearch.com\">tanzania@sagaciresearch.com<\/a>[\/vc_column_text][vc_column_text el_class=\u00a0\u00bboffice\u00a0\u00bb]<\/p>\n<h3>Luanda, Angola<\/h3>\n<p><i class=\"fa fa-map-marker\"><\/i>R. Manuel de Almeida de Vasconcelos&nbsp;N.71 1\u00ba Andar Direito, Luanda<\/p>\n<p><i class=\"fa fa-envelope\"><\/i><a href=\"mailto:angola@sagaciresearch.com\">angola@sagaciresearch.com<\/a>[\/vc_column_text][\/vc_column][vc_column width=\u00a0\u00bb1\/3&Prime;][vc_column_text el_class=\u00a0\u00bboffice\u00a0\u00bb]<\/p>\n<h3>Casablanca, Maroc<\/h3>\n<p><i class=\"fa fa-map-marker\"><\/i>3 rue Soumya, R\u00e9sidence Shehrazade, 5\u00e8me \u00e9tage<br \/>\nPalmiers<\/p>\n<p><i class=\"fa fa-envelope\"><\/i><a title=\"egypt@sagaciresearch.com\" href=\"mailto:morocco@sagaciresearch.com\">morocco@sagaciresearch.com<\/a>[\/vc_column_text][vc_column_text el_class=\u00a0\u00bboffice\u00a0\u00bb]<\/p>\n<h3>Johannesburg, Afrique du Sud<\/h3>\n<p><i class=\"fa fa-map-marker\"><\/i>138 West St, Sandown, Sandton<\/p>\n<p><i class=\"fa fa-phone\"><\/i><a href=\"tel:+27 87 551 0500\">+27 87 551 0500<\/a><\/p>\n<p><i class=\"fa fa-envelope\"><\/i><a href=\"mailto:southafrica@sagaciresearch.com\" target=\"_blank\" rel=\"noopener noreferrer\">southafrica@sagaciresearch.com<\/a>[\/vc_column_text][vc_column_text el_class=\u00a0\u00bboffice\u00a0\u00bb]<\/p>\n<h3>Nairobi, Kenya<\/h3>\n<p><i class=\"fa fa-map-marker\"><\/i>11th Floor &#8211; Westpark Towers, Mpesi Lane, Westlands, Nairobi<\/p>\n<p><i class=\"fa fa-phone\"><\/i><a href=\"tel:+254204400451\">+254 20 440 0451<\/a><\/p>\n<p><i class=\"fa fa-envelope\"><\/i><a title=\"kenya@sagaciresearch.com\" href=\"mailto:kenya@sagaciresearch.com\">kenya@sagaciresearch.com<\/a>[\/vc_column_text][\/vc_column][\/vc_row][vc_row el_class=\u00a0\u00bbofficesContact\u00a0\u00bb][vc_column width=\u00a0\u00bb1\/3&Prime;][vc_column_text el_class=\u00a0\u00bbmainOffice\u00a0\u00bb]<\/p>\n<h3>Barcelone, Espagne<\/h3>\n<p><i class=\"fa fa-map-marker\"><\/i>C. Ramon Turro, 100 6-7 08005 Barcelone<\/p>\n<p><i class=\"fa fa-phone\"><\/i><a href=\"tel:+34625088888\">+34 625 08 88 88<\/a><\/p>\n<p><i class=\"fa fa-envelope\"><\/i><a title=\"contact@sagaciresearch.com\" href=\"mailto:contact@sagaciresearch.com\">contact@sagaciresearch.com<\/a>[\/vc_column_text][\/vc_column][vc_column width=\u00a0\u00bb1\/3&Prime;][vc_column_text el_class=\u00a0\u00bbmainOffice\u00a0\u00bb]<\/p>\n<h3>Hong Kong<\/h3>\n<p><i class=\"fa fa-map-marker\"><\/i>Suite D, 6\/F., Ho Lee Commercial Building&nbsp;38-44 D\u2019Aguilar Street, Central, Hong Kong<\/p>\n<p><i class=\"fa fa-phone\"><\/i><a href=\"tel:+85258086225\">+852 58 08 6225<\/a><\/p>\n<p><i class=\"fa fa-envelope\"><\/i><a href=\"mailto:contact@sagaciresearch.com\">contact@sagaciresearch.com<\/a>[\/vc_column_text][\/vc_column][vc_column width=\u00a0\u00bb1\/3&Prime;][vc_column_text el_class=\u00a0\u00bbmainOffice\u00a0\u00bb]<\/p>\n<h3>Paris, France<\/h3>\n<p><i class=\"fa fa-map-marker\"><\/i>14 rue de l\u2019Abbaye&nbsp;75006 Paris<\/p>\n<p><i class=\"fa fa-phone\"><\/i><a href=\"tel:+330625050607\">+33 6 25 05 06 07<\/a><\/p>\n<p><i class=\"fa fa-envelope\"><\/i><a title=\"contact@sagaciresearch.com\" href=\"mailto:contact@sagaciresearch.com\">contact@sagaciresearch.com<\/a>[\/vc_column_text][\/vc_column][\/vc_row][vc_row disable_element=\u00a0\u00bbyes\u00a0\u00bb][vc_column][vc_column_text]<\/p>\n<h2>Notre pr\u00e9sence sur le continent<\/h2>\n<p>[\/vc_column_text][\/vc_column][\/vc_row][vc_row disable_element=\u00a0\u00bbyes\u00a0\u00bb][vc_column width=\u00a0\u00bb1\/4&Prime;][vc_single_image image=\u00a0\u00bb14015&Prime; alignment=\u00a0\u00bbcenter\u00a0\u00bb css=\u00a0\u00bb.vc_custom_1655461389796{padding-top: 20px !important;padding-right: 2px !important;padding-bottom: 20px !important;padding-left: 20px !important;}\u00a0\u00bb][\/vc_column][vc_column width=\u00a0\u00bb3\/4&Prime;][vc_column_text]<\/p>\n<h3>Market research in Algeria<\/h3>\n<p>Algeria provides unique opportunities in key sectors such as telecommunication and the digital economy thanks to its large youth cohort. Furthermore, the 2015 and 2018 waves of protectionist reforms saw the suspension on the imports of over 800 products. These reforms make the market prime for the development of products for the local market. <strong>See more<\/strong>[\/vc_column_text][\/vc_column][\/vc_row][vc_row disable_element=\u00a0\u00bbyes\u00a0\u00bb][vc_column width=\u00a0\u00bb1\/4&Prime;][vc_single_image image=\u00a0\u00bb14004&Prime; alignment=\u00a0\u00bbcenter\u00a0\u00bb css=\u00a0\u00bb.vc_custom_1655460904847{padding-top: 20px !important;padding-right: 2px !important;padding-bottom: 20px !important;padding-left: 20px !important;}\u00a0\u00bb][\/vc_column][vc_column width=\u00a0\u00bb3\/4&Prime;][vc_column_text]<\/p>\n<h3>Market research in Angola<\/h3>\n<p>Angola is home to the 3rd youngest population in the world with a median age of approximately 16 years. In addition, it has the second highest fertility rate in the world with an average of 5.96 children per woman. These factors make Angola a prime location to truly penetrate a young and dynamic market with incredible potential as the country becomes increasingly attractive to investors. <strong>See more<\/strong>[\/vc_column_text][\/vc_column][\/vc_row][vc_row disable_element=\u00a0\u00bbyes\u00a0\u00bb][vc_column width=\u00a0\u00bb1\/4&Prime;][vc_single_image image=\u00a0\u00bb14023&Prime; alignment=\u00a0\u00bbcenter\u00a0\u00bb css=\u00a0\u00bb.vc_custom_1655709825748{padding-top: 20px !important;padding-right: 2px !important;padding-bottom: 20px !important;padding-left: 20px !important;}\u00a0\u00bb][\/vc_column][vc_column width=\u00a0\u00bb3\/4&Prime;][vc_column_text]<\/p>\n<h3>Market research in Benin<\/h3>\n<p>Benin remains a highly attractive market due to its high young and growing population and the economic potential of the country, despite the country\u2019s struggles to access foreign markets. <strong>See more<\/strong>[\/vc_column_text][\/vc_column][\/vc_row][vc_row disable_element=\u00a0\u00bbyes\u00a0\u00bb][vc_column width=\u00a0\u00bb1\/4&Prime;][vc_single_image image=\u00a0\u00bb14031&Prime; alignment=\u00a0\u00bbcenter\u00a0\u00bb css=\u00a0\u00bb.vc_custom_1655709855381{padding-top: 20px !important;padding-right: 2px !important;padding-bottom: 20px !important;padding-left: 20px !important;}\u00a0\u00bb][\/vc_column][vc_column width=\u00a0\u00bb3\/4&Prime;][vc_column_text]<\/p>\n<h3>Market research in Burkina Faso<\/h3>\n<p>Burkina Faso is a landlocked country in West Africa with a population of 20 million people. About&nbsp; 70% of them live in rural settings (2020) and its economy is largely based on agriculture. Yet the % of urban population has been slowly but steadily growing over the past decades. <strong>See more<\/strong>[\/vc_column_text][\/vc_column][\/vc_row][vc_row disable_element=\u00a0\u00bbyes\u00a0\u00bb][vc_column width=\u00a0\u00bb1\/4&Prime;][vc_single_image image=\u00a0\u00bb14042&Prime; alignment=\u00a0\u00bbcenter\u00a0\u00bb css=\u00a0\u00bb.vc_custom_1655709876082{padding-top: 20px !important;padding-right: 2px !important;padding-bottom: 20px !important;padding-left: 20px !important;}\u00a0\u00bb][\/vc_column][vc_column width=\u00a0\u00bb3\/4&Prime;][vc_column_text]<\/p>\n<h3>Market research in Cameroon<\/h3>\n<p>With a population of 26 million people (2022), Cameroon occupies the 16th place on the list of the African countries by population. More than 58% of people live in an urban area and 34% have access to the Internet (2021).&nbsp; <strong>See more<\/strong>[\/vc_column_text][\/vc_column][\/vc_row]<\/p>\n","protected":false},"excerpt":{"rendered":"<p>[vc_row el_class=\u00a0\u00bbofficesContact\u00a0\u00bb][vc_column width=\u00a0\u00bb1\/3&Prime;][vc_column_text el_class=\u00a0\u00bboffice\u00a0\u00bb] Abidjan, C\u00f4te d&rsquo;Ivoire Cocody, Riviera Bonoumin 06 BP 2008 Abidjan 06 civ@sagaciresearch.com[\/vc_column_text][vc_column_text el_class=\u00a0\u00bboffice\u00a0\u00bb] Le Caire, Egypte 33 Heliopolis Gardens, Sheraton Alnozha, Cairo Greek Campus, 171 Tahrir Street, Downtown, Cairo +201210068478 egypt@sagaciresearch.com[\/vc_column_text][vc_column_text el_class=\u00a0\u00bboffice\u00a0\u00bb] Lagos, Nigeria Suite 410, AHCN Towers,&nbsp;Adeleye Street, Central Business District&nbsp;Alausa, Ikeja, Lagos +234 817 846 0096 nigeria@sagaciresearch.com[\/vc_column_text][vc_column_text el_class=\u00a0\u00bboffice\u00a0\u00bb] Maputo,<\/p>\n","protected":false},"author":1,"featured_media":0,"parent":0,"menu_order":0,"comment_status":"closed","ping_status":"closed","template":"","meta":{"_acf_changed":false,"footnotes":""},"class_list":["post-16096","page","type-page","status-publish","hentry"],"acf":[],"yoast_head":"<!-- This site is optimized with the Yoast SEO plugin v27.2 - https:\/\/yoast.com\/product\/yoast-seo-wordpress\/ -->\n<title>Nos bureaux - Sagaci Research<\/title>\n<meta name=\"robots\" content=\"index, follow, max-snippet:-1, max-image-preview:large, max-video-preview:-1\" \/>\n<link rel=\"canonical\" href=\"https:\/\/sagaciresearch.com\/our-locations\/\" \/>\n<meta property=\"og:locale\" content=\"fr_FR\" \/>\n<meta property=\"og:type\" content=\"article\" \/>\n<meta property=\"og:title\" content=\"Nos bureaux - Sagaci Research\" \/>\n<meta property=\"og:description\" content=\"[vc_row el_class=\u00a0\u00bbofficesContact\u00a0\u00bb][vc_column width=\u00a0\u00bb1\/3&Prime;][vc_column_text el_class=\u00a0\u00bboffice\u00a0\u00bb] Abidjan, C\u00f4te d&rsquo;Ivoire Cocody, Riviera Bonoumin 06 BP 2008 Abidjan 06 civ@sagaciresearch.com[\/vc_column_text][vc_column_text el_class=\u00a0\u00bboffice\u00a0\u00bb] Le Caire, Egypte 33 Heliopolis Gardens, Sheraton Alnozha, Cairo Greek Campus, 171 Tahrir Street, Downtown, Cairo +201210068478 egypt@sagaciresearch.com[\/vc_column_text][vc_column_text el_class=\u00a0\u00bboffice\u00a0\u00bb] Lagos, Nigeria Suite 410, AHCN Towers,&nbsp;Adeleye Street, Central Business District&nbsp;Alausa, Ikeja, Lagos +234 817 846 0096 nigeria@sagaciresearch.com[\/vc_column_text][vc_column_text el_class=\u00a0\u00bboffice\u00a0\u00bb] Maputo,\" \/>\n<meta property=\"og:url\" content=\"https:\/\/sagaciresearch.com\/our-locations\/\" \/>\n<meta property=\"og:site_name\" content=\"Sagaci Research\" \/>\n<meta property=\"article:modified_time\" content=\"2024-06-11T12:14:27+00:00\" \/>\n<meta name=\"twitter:card\" content=\"summary_large_image\" \/>\n<script type=\"application\/ld+json\" class=\"yoast-schema-graph\">{\"@context\":\"https:\/\/schema.org\",\"@graph\":[{\"@type\":\"WebPage\",\"@id\":\"https:\/\/sagaciresearch.com\/our-locations\/\",\"url\":\"https:\/\/sagaciresearch.com\/our-locations\/\",\"name\":\"Nos bureaux - Sagaci Research\",\"isPartOf\":{\"@id\":\"https:\/\/sagaciresearch.com\/#website\"},\"datePublished\":\"2021-03-03T16:20:26+00:00\",\"dateModified\":\"2024-06-11T12:14:27+00:00\",\"breadcrumb\":{\"@id\":\"https:\/\/sagaciresearch.com\/our-locations\/#breadcrumb\"},\"inLanguage\":\"fr-FR\",\"potentialAction\":[{\"@type\":\"ReadAction\",\"target\":[\"https:\/\/sagaciresearch.com\/our-locations\/\"]}]},{\"@type\":\"BreadcrumbList\",\"@id\":\"https:\/\/sagaciresearch.com\/our-locations\/#breadcrumb\",\"itemListElement\":[{\"@type\":\"ListItem\",\"position\":1,\"name\":\"Home\",\"item\":\"https:\/\/sagaciresearch.com\/fr\/\"},{\"@type\":\"ListItem\",\"position\":2,\"name\":\"Nos bureaux\"}]},{\"@type\":\"WebSite\",\"@id\":\"https:\/\/sagaciresearch.com\/#website\",\"url\":\"https:\/\/sagaciresearch.com\/\",\"name\":\"Sagaci Research\",\"description\":\"We provide data and insights you can trust to fuel your growth\",\"publisher\":{\"@id\":\"https:\/\/sagaciresearch.com\/#organization\"},\"potentialAction\":[{\"@type\":\"SearchAction\",\"target\":{\"@type\":\"EntryPoint\",\"urlTemplate\":\"https:\/\/sagaciresearch.com\/?s={search_term_string}\"},\"query-input\":{\"@type\":\"PropertyValueSpecification\",\"valueRequired\":true,\"valueName\":\"search_term_string\"}}],\"inLanguage\":\"fr-FR\"},{\"@type\":\"Organization\",\"@id\":\"https:\/\/sagaciresearch.com\/#organization\",\"name\":\"Sagaci Research\",\"url\":\"https:\/\/sagaciresearch.com\/\",\"logo\":{\"@type\":\"ImageObject\",\"inLanguage\":\"fr-FR\",\"@id\":\"https:\/\/sagaciresearch.com\/#\/schema\/logo\/image\/\",\"url\":\"https:\/\/sagaciresearch.com\/wp-content\/uploads\/2019\/09\/SR2.jpg\",\"contentUrl\":\"https:\/\/sagaciresearch.com\/wp-content\/uploads\/2019\/09\/SR2.jpg\",\"width\":960,\"height\":960,\"caption\":\"Sagaci Research\"},\"image\":{\"@id\":\"https:\/\/sagaciresearch.com\/#\/schema\/logo\/image\/\"}}]}<\/script>\n<!-- \/ Yoast SEO plugin. -->","yoast_head_json":{"title":"Nos bureaux - Sagaci Research","robots":{"index":"index","follow":"follow","max-snippet":"max-snippet:-1","max-image-preview":"max-image-preview:large","max-video-preview":"max-video-preview:-1"},"canonical":"https:\/\/sagaciresearch.com\/our-locations\/","og_locale":"fr_FR","og_type":"article","og_title":"Nos bureaux - Sagaci Research","og_description":"[vc_row el_class=\u00a0\u00bbofficesContact\u00a0\u00bb][vc_column width=\u00a0\u00bb1\/3&Prime;][vc_column_text el_class=\u00a0\u00bboffice\u00a0\u00bb] Abidjan, C\u00f4te d&rsquo;Ivoire Cocody, Riviera Bonoumin 06 BP 2008 Abidjan 06 civ@sagaciresearch.com[\/vc_column_text][vc_column_text el_class=\u00a0\u00bboffice\u00a0\u00bb] Le Caire, Egypte 33 Heliopolis Gardens, Sheraton Alnozha, Cairo Greek Campus, 171 Tahrir Street, Downtown, Cairo +201210068478 egypt@sagaciresearch.com[\/vc_column_text][vc_column_text el_class=\u00a0\u00bboffice\u00a0\u00bb] Lagos, Nigeria Suite 410, AHCN Towers,&nbsp;Adeleye Street, Central Business District&nbsp;Alausa, Ikeja, Lagos +234 817 846 0096 nigeria@sagaciresearch.com[\/vc_column_text][vc_column_text el_class=\u00a0\u00bboffice\u00a0\u00bb] Maputo,","og_url":"https:\/\/sagaciresearch.com\/our-locations\/","og_site_name":"Sagaci Research","article_modified_time":"2024-06-11T12:14:27+00:00","twitter_card":"summary_large_image","schema":{"@context":"https:\/\/schema.org","@graph":[{"@type":"WebPage","@id":"https:\/\/sagaciresearch.com\/our-locations\/","url":"https:\/\/sagaciresearch.com\/our-locations\/","name":"Nos bureaux - Sagaci Research","isPartOf":{"@id":"https:\/\/sagaciresearch.com\/#website"},"datePublished":"2021-03-03T16:20:26+00:00","dateModified":"2024-06-11T12:14:27+00:00","breadcrumb":{"@id":"https:\/\/sagaciresearch.com\/our-locations\/#breadcrumb"},"inLanguage":"fr-FR","potentialAction":[{"@type":"ReadAction","target":["https:\/\/sagaciresearch.com\/our-locations\/"]}]},{"@type":"BreadcrumbList","@id":"https:\/\/sagaciresearch.com\/our-locations\/#breadcrumb","itemListElement":[{"@type":"ListItem","position":1,"name":"Home","item":"https:\/\/sagaciresearch.com\/fr\/"},{"@type":"ListItem","position":2,"name":"Nos bureaux"}]},{"@type":"WebSite","@id":"https:\/\/sagaciresearch.com\/#website","url":"https:\/\/sagaciresearch.com\/","name":"Sagaci Research","description":"We provide data and insights you can trust to fuel your growth","publisher":{"@id":"https:\/\/sagaciresearch.com\/#organization"},"potentialAction":[{"@type":"SearchAction","target":{"@type":"EntryPoint","urlTemplate":"https:\/\/sagaciresearch.com\/?s={search_term_string}"},"query-input":{"@type":"PropertyValueSpecification","valueRequired":true,"valueName":"search_term_string"}}],"inLanguage":"fr-FR"},{"@type":"Organization","@id":"https:\/\/sagaciresearch.com\/#organization","name":"Sagaci Research","url":"https:\/\/sagaciresearch.com\/","logo":{"@type":"ImageObject","inLanguage":"fr-FR","@id":"https:\/\/sagaciresearch.com\/#\/schema\/logo\/image\/","url":"https:\/\/sagaciresearch.com\/wp-content\/uploads\/2019\/09\/SR2.jpg","contentUrl":"https:\/\/sagaciresearch.com\/wp-content\/uploads\/2019\/09\/SR2.jpg","width":960,"height":960,"caption":"Sagaci Research"},"image":{"@id":"https:\/\/sagaciresearch.com\/#\/schema\/logo\/image\/"}}]}},"_links":{"self":[{"href":"https:\/\/sagaciresearch.com\/fr\/wp-json\/wp\/v2\/pages\/16096","targetHints":{"allow":["GET"]}}],"collection":[{"href":"https:\/\/sagaciresearch.com\/fr\/wp-json\/wp\/v2\/pages"}],"about":[{"href":"https:\/\/sagaciresearch.com\/fr\/wp-json\/wp\/v2\/types\/page"}],"author":[{"embeddable":true,"href":"https:\/\/sagaciresearch.com\/fr\/wp-json\/wp\/v2\/users\/1"}],"replies":[{"embeddable":true,"href":"https:\/\/sagaciresearch.com\/fr\/wp-json\/wp\/v2\/comments?post=16096"}],"version-history":[{"count":5,"href":"https:\/\/sagaciresearch.com\/fr\/wp-json\/wp\/v2\/pages\/16096\/revisions"}],"predecessor-version":[{"id":19287,"href":"https:\/\/sagaciresearch.com\/fr\/wp-json\/wp\/v2\/pages\/16096\/revisions\/19287"}],"wp:attachment":[{"href":"https:\/\/sagaciresearch.com\/fr\/wp-json\/wp\/v2\/media?parent=16096"}],"curies":[{"name":"wp","href":"https:\/\/api.w.org\/{rel}","templated":true}]}}